{"id":51513,"date":"2025-05-20T17:09:27","date_gmt":"2025-05-20T14:09:27","guid":{"rendered":"https:\/\/miumjau.ee\/toode\/polaris-vieno-baltymo-kiaulienos-pastetas-6x400-g\/"},"modified":"2026-01-07T20:40:31","modified_gmt":"2026-01-07T18:40:31","slug":"polaris-vieno-baltymo-kiaulienos-pastetas-6x400-g","status":"publish","type":"product","link":"https:\/\/miumjau.ee\/lt\/produktas\/polaris-vieno-baltymo-kiaulienos-pastetas-6x400-g\/","title":{"rendered":"Polaris Vieno Baltymo Kiaulienos Pa\u0161tetas 6&#215;400\u202fg"},"content":{"rendered":"","protected":false},"excerpt":{"rendered":"<p data-start=\"4178\" data-end=\"4302\">Pilnavertis maistas \u0161unims su vienu gyv\u016bniniu baltym\u0173 \u0161altiniu \u2013 kiauliena. Tinka vis\u0173 veisli\u0173 \u0161unims su \u012fprastu aktyvumu.<\/p>\n<ul data-start=\"4304\" data-end=\"4600\">\n<li data-start=\"4304\" data-end=\"4438\">\n<p data-start=\"4306\" data-end=\"4438\">98,7\u202f% kiaulienos ir sultinio \u2013 vienas gyv\u016bninis baltym\u0173 \u0161altinis \u2013 tinka jautriam vir\u0161kinimui, alergijoms ir maisto netoleravimui<\/p>\n<\/li>\n<li data-start=\"4439\" data-end=\"4469\">\n<p data-start=\"4441\" data-end=\"4469\">Be gr\u016bd\u0173, sojos ir glitimo<\/p>\n<\/li>\n<li data-start=\"4470\" data-end=\"4515\">\n<p data-start=\"4472\" data-end=\"4515\">D3 vitaminas stipriems kaulams ir dantims<\/p>\n<\/li>\n<li data-start=\"4516\" data-end=\"4542\">\n<p data-start=\"4518\" data-end=\"4542\">E vitaminas imunitetui<\/p>\n<\/li>\n<li data-start=\"4543\" data-end=\"4600\">\n<p data-start=\"4545\" data-end=\"4600\">Lin\u0173 s\u0117men\u0173 aliejus ir cinkas sveikai odai ir kailiui<\/p>\n<\/li>\n<\/ul>\n<p data-start=\"4602\" data-end=\"4722\"><strong data-start=\"4602\" data-end=\"4614\">Sud\u0117tis:<\/strong> Kiauliena 70\u202f%, kiaulienos sultinys 28,7\u202f%, mineralai 0,7\u202f%, celiulioz\u0117 0,5\u202f%, lin\u0173 s\u0117men\u0173 aliejus 0,1\u202f%.<\/p>\n<p data-start=\"4724\" data-end=\"4831\"><strong data-start=\"4724\" data-end=\"4746\">Analitin\u0117 sud\u0117tis:<\/strong> Dr\u0117gm\u0117 78,0\u202f%, \u017dali baltymai 10,5\u202f%, Riebalai 7\u202f%, Pelenai 2,5\u202f%, Skaidulos 0,5\u202f%.<\/p>\n<p data-start=\"4833\" data-end=\"5042\"><strong data-start=\"4833\" data-end=\"4849\">Papildai kg:<\/strong> D3 vitaminas 140\u202fTV, E vitaminas 30\u202fmg, Cinkas (cinko sulfato monohidratas) 20\u202fmg, Varis (vario sulfato pentahidratas) 2,3\u202fmg, Manganas (mangano oksidas) 2\u202fmg, Jodas (kalcio jodatas) 0,5\u202fmg.<\/p>\n<p data-start=\"5044\" data-end=\"5221\"><strong data-start=\"5044\" data-end=\"5065\">\u0160\u0117rimo nurodymai:<\/strong> Rekomenduojamas kiekis pakuot\u0117je. Individual\u016bs poreikiai priklauso nuo \u0161uns am\u017eiaus, dyd\u017eio ir aktyvumo. Visada u\u017etikrinkite \u0161vie\u017eio vandens prieinamum\u0105.<\/p>\n<p data-start=\"5223\" data-end=\"5319\">Patiekite kambario temperat\u016broje. Atidaryt\u0105 laikyti \u0161aldytuve ne ilgiau kaip 4 dienas (+4\u202f\u00b0C).<\/p>\n<p data-start=\"5321\" data-end=\"5370\">Geriausias iki ir partijos numeris: \u017er. pakuot\u0119<\/p>\n<p data-start=\"5372\" data-end=\"5430\">Gamintojas: Partner in Pet Food. Pagaminta Nyderlanduose<\/p>\n","protected":false},"featured_media":51398,"template":"","meta":[],"product_brand":[],"product_cat":[539],"product_tag":[],"class_list":{"0":"post-51513","1":"product","2":"type-product","3":"status-publish","4":"has-post-thumbnail","6":"product_cat-slapias-maistas-sunims","8":"first","9":"instock","10":"taxable","11":"shipping-taxable","12":"purchasable","13":"product-type-simple"},"yoast_head":"<!-- This site is optimized with the Yoast SEO plugin v27.2 - https:\/\/yoast.com\/product\/yoast-seo-wordpress\/ -->\n<title>Polaris Vieno Baltymo Kiaulienos Pa\u0161tetas 6x400\u202fg - MiuMjau<\/title>\n<meta name=\"robots\" content=\"index, follow, max-snippet:-1, max-image-preview:large, max-video-preview:-1\" \/>\n<link rel=\"canonical\" href=\"https:\/\/miumjau.ee\/lt\/produktas\/polaris-vieno-baltymo-kiaulienos-pastetas-6x400-g\/\" \/>\n<meta property=\"og:locale\" content=\"lt_LT\" \/>\n<meta property=\"og:type\" content=\"article\" \/>\n<meta property=\"og:title\" content=\"Polaris Vieno Baltymo Kiaulienos Pa\u0161tetas 6x400\u202fg - MiuMjau\" \/>\n<meta property=\"og:description\" content=\"Pilnavertis maistas \u0161unims su vienu gyv\u016bniniu baltym\u0173 \u0161altiniu \u2013 kiauliena. Tinka vis\u0173 veisli\u0173 \u0161unims su \u012fprastu aktyvumu.     98,7\u202f% kiaulienos ir sultinio \u2013 vienas gyv\u016bninis baltym\u0173 \u0161altinis \u2013 tinka jautriam vir\u0161kinimui, alergijoms ir maisto netoleravimui    Be gr\u016bd\u0173, sojos ir glitimo    D3 vitaminas stipriems kaulams ir dantims    E vitaminas imunitetui    Lin\u0173 s\u0117men\u0173 aliejus ir cinkas sveikai odai ir kailiui   Sud\u0117tis: Kiauliena 70\u202f%, kiaulienos sultinys 28,7\u202f%, mineralai 0,7\u202f%, celiulioz\u0117 0,5\u202f%, lin\u0173 s\u0117men\u0173 aliejus 0,1\u202f%. Analitin\u0117 sud\u0117tis: Dr\u0117gm\u0117 78,0\u202f%, \u017dali baltymai 10,5\u202f%, Riebalai 7\u202f%, Pelenai 2,5\u202f%, Skaidulos 0,5\u202f%. Papildai kg: D3 vitaminas 140\u202fTV, E vitaminas 30\u202fmg, Cinkas (cinko sulfato monohidratas) 20\u202fmg, Varis (vario sulfato pentahidratas) 2,3\u202fmg, Manganas (mangano oksidas) 2\u202fmg, Jodas (kalcio jodatas) 0,5\u202fmg. \u0160\u0117rimo nurodymai: Rekomenduojamas kiekis pakuot\u0117je. Individual\u016bs poreikiai priklauso nuo \u0161uns am\u017eiaus, dyd\u017eio ir aktyvumo. Visada u\u017etikrinkite \u0161vie\u017eio vandens prieinamum\u0105. Patiekite kambario temperat\u016broje. Atidaryt\u0105 laikyti \u0161aldytuve ne ilgiau kaip 4 dienas (+4\u202f\u00b0C). Geriausias iki ir partijos numeris: \u017er. pakuot\u0119 Gamintojas: Partner in Pet Food. Pagaminta Nyderlanduose\" \/>\n<meta property=\"og:url\" content=\"https:\/\/miumjau.ee\/lt\/produktas\/polaris-vieno-baltymo-kiaulienos-pastetas-6x400-g\/\" \/>\n<meta property=\"og:site_name\" content=\"MiuMjau\" \/>\n<meta property=\"article:publisher\" content=\"https:\/\/www.facebook.com\/miumjaupood\/\" \/>\n<meta property=\"article:modified_time\" content=\"2026-01-07T18:40:31+00:00\" \/>\n<meta property=\"og:image\" content=\"https:\/\/miumjau.ee\/wp-content\/uploads\/2025\/05\/polaris-koer-konserv-monoproteiin3.webp\" \/>\n\t<meta property=\"og:image:width\" content=\"600\" \/>\n\t<meta property=\"og:image:height\" content=\"800\" \/>\n\t<meta property=\"og:image:type\" content=\"image\/webp\" \/>\n<meta name=\"twitter:card\" content=\"summary_large_image\" \/>\n<script type=\"application\/ld+json\" class=\"yoast-schema-graph\">{\"@context\":\"https:\/\/schema.org\",\"@graph\":[{\"@type\":\"WebPage\",\"@id\":\"https:\/\/miumjau.ee\/lt\/produktas\/polaris-vieno-baltymo-kiaulienos-pastetas-6x400-g\/\",\"url\":\"https:\/\/miumjau.ee\/lt\/produktas\/polaris-vieno-baltymo-kiaulienos-pastetas-6x400-g\/\",\"name\":\"Polaris Vieno Baltymo Kiaulienos Pa\u0161tetas 6x400\u202fg - MiuMjau\",\"isPartOf\":{\"@id\":\"https:\/\/miumjau.ee\/#website\"},\"primaryImageOfPage\":{\"@id\":\"https:\/\/miumjau.ee\/lt\/produktas\/polaris-vieno-baltymo-kiaulienos-pastetas-6x400-g\/#primaryimage\"},\"image\":{\"@id\":\"https:\/\/miumjau.ee\/lt\/produktas\/polaris-vieno-baltymo-kiaulienos-pastetas-6x400-g\/#primaryimage\"},\"thumbnailUrl\":\"https:\/\/miumjau.ee\/wp-content\/uploads\/2025\/05\/polaris-koer-konserv-monoproteiin3.webp\",\"datePublished\":\"2025-05-20T14:09:27+00:00\",\"dateModified\":\"2026-01-07T18:40:31+00:00\",\"breadcrumb\":{\"@id\":\"https:\/\/miumjau.ee\/lt\/produktas\/polaris-vieno-baltymo-kiaulienos-pastetas-6x400-g\/#breadcrumb\"},\"inLanguage\":\"lt-LT\",\"potentialAction\":[{\"@type\":\"ReadAction\",\"target\":[\"https:\/\/miumjau.ee\/lt\/produktas\/polaris-vieno-baltymo-kiaulienos-pastetas-6x400-g\/\"]}]},{\"@type\":\"ImageObject\",\"inLanguage\":\"lt-LT\",\"@id\":\"https:\/\/miumjau.ee\/lt\/produktas\/polaris-vieno-baltymo-kiaulienos-pastetas-6x400-g\/#primaryimage\",\"url\":\"https:\/\/miumjau.ee\/wp-content\/uploads\/2025\/05\/polaris-koer-konserv-monoproteiin3.webp\",\"contentUrl\":\"https:\/\/miumjau.ee\/wp-content\/uploads\/2025\/05\/polaris-koer-konserv-monoproteiin3.webp\",\"width\":600,\"height\":800,\"caption\":\"Polaris seaga monoproteiin koerakonserv 6x400g\"},{\"@type\":\"BreadcrumbList\",\"@id\":\"https:\/\/miumjau.ee\/lt\/produktas\/polaris-vieno-baltymo-kiaulienos-pastetas-6x400-g\/#breadcrumb\",\"itemListElement\":[{\"@type\":\"ListItem\",\"position\":1,\"name\":\"Home\",\"item\":\"https:\/\/miumjau.ee\/lt\/\"},{\"@type\":\"ListItem\",\"position\":2,\"name\":\"Parduotuv\u0117\",\"item\":\"https:\/\/miumjau.ee\/lt\/parduotuve\/\"},{\"@type\":\"ListItem\",\"position\":3,\"name\":\"Polaris Vieno Baltymo Kiaulienos Pa\u0161tetas 6&#215;400\u202fg\"}]},{\"@type\":\"WebSite\",\"@id\":\"https:\/\/miumjau.ee\/#website\",\"url\":\"https:\/\/miumjau.ee\/\",\"name\":\"MiuMjau\",\"description\":\"Kraapimispuud kassidele\",\"publisher\":{\"@id\":\"https:\/\/miumjau.ee\/#organization\"},\"potentialAction\":[{\"@type\":\"SearchAction\",\"target\":{\"@type\":\"EntryPoint\",\"urlTemplate\":\"https:\/\/miumjau.ee\/?s={search_term_string}\"},\"query-input\":{\"@type\":\"PropertyValueSpecification\",\"valueRequired\":true,\"valueName\":\"search_term_string\"}}],\"inLanguage\":\"lt-LT\"},{\"@type\":\"Organization\",\"@id\":\"https:\/\/miumjau.ee\/#organization\",\"name\":\"MiuMjau O\u00dc\",\"url\":\"https:\/\/miumjau.ee\/\",\"logo\":{\"@type\":\"ImageObject\",\"inLanguage\":\"lt-LT\",\"@id\":\"https:\/\/miumjau.ee\/#\/schema\/logo\/image\/\",\"url\":\"https:\/\/miumjau.ee\/wp-content\/uploads\/2022\/04\/MiuMjau-logo-kollane.png\",\"contentUrl\":\"https:\/\/miumjau.ee\/wp-content\/uploads\/2022\/04\/MiuMjau-logo-kollane.png\",\"width\":219,\"height\":100,\"caption\":\"MiuMjau O\u00dc\"},\"image\":{\"@id\":\"https:\/\/miumjau.ee\/#\/schema\/logo\/image\/\"},\"sameAs\":[\"https:\/\/www.facebook.com\/miumjaupood\/\"]}]}<\/script>\n<!-- \/ Yoast SEO plugin. -->","yoast_head_json":{"title":"Polaris Vieno Baltymo Kiaulienos Pa\u0161tetas 6x400\u202fg - MiuMjau","robots":{"index":"index","follow":"follow","max-snippet":"max-snippet:-1","max-image-preview":"max-image-preview:large","max-video-preview":"max-video-preview:-1"},"canonical":"https:\/\/miumjau.ee\/lt\/produktas\/polaris-vieno-baltymo-kiaulienos-pastetas-6x400-g\/","og_locale":"lt_LT","og_type":"article","og_title":"Polaris Vieno Baltymo Kiaulienos Pa\u0161tetas 6x400\u202fg - MiuMjau","og_description":"Pilnavertis maistas \u0161unims su vienu gyv\u016bniniu baltym\u0173 \u0161altiniu \u2013 kiauliena. Tinka vis\u0173 veisli\u0173 \u0161unims su \u012fprastu aktyvumu.     98,7\u202f% kiaulienos ir sultinio \u2013 vienas gyv\u016bninis baltym\u0173 \u0161altinis \u2013 tinka jautriam vir\u0161kinimui, alergijoms ir maisto netoleravimui    Be gr\u016bd\u0173, sojos ir glitimo    D3 vitaminas stipriems kaulams ir dantims    E vitaminas imunitetui    Lin\u0173 s\u0117men\u0173 aliejus ir cinkas sveikai odai ir kailiui   Sud\u0117tis: Kiauliena 70\u202f%, kiaulienos sultinys 28,7\u202f%, mineralai 0,7\u202f%, celiulioz\u0117 0,5\u202f%, lin\u0173 s\u0117men\u0173 aliejus 0,1\u202f%. Analitin\u0117 sud\u0117tis: Dr\u0117gm\u0117 78,0\u202f%, \u017dali baltymai 10,5\u202f%, Riebalai 7\u202f%, Pelenai 2,5\u202f%, Skaidulos 0,5\u202f%. Papildai kg: D3 vitaminas 140\u202fTV, E vitaminas 30\u202fmg, Cinkas (cinko sulfato monohidratas) 20\u202fmg, Varis (vario sulfato pentahidratas) 2,3\u202fmg, Manganas (mangano oksidas) 2\u202fmg, Jodas (kalcio jodatas) 0,5\u202fmg. \u0160\u0117rimo nurodymai: Rekomenduojamas kiekis pakuot\u0117je. Individual\u016bs poreikiai priklauso nuo \u0161uns am\u017eiaus, dyd\u017eio ir aktyvumo. Visada u\u017etikrinkite \u0161vie\u017eio vandens prieinamum\u0105. Patiekite kambario temperat\u016broje. Atidaryt\u0105 laikyti \u0161aldytuve ne ilgiau kaip 4 dienas (+4\u202f\u00b0C). Geriausias iki ir partijos numeris: \u017er. pakuot\u0119 Gamintojas: Partner in Pet Food. Pagaminta Nyderlanduose","og_url":"https:\/\/miumjau.ee\/lt\/produktas\/polaris-vieno-baltymo-kiaulienos-pastetas-6x400-g\/","og_site_name":"MiuMjau","article_publisher":"https:\/\/www.facebook.com\/miumjaupood\/","article_modified_time":"2026-01-07T18:40:31+00:00","og_image":[{"width":600,"height":800,"url":"https:\/\/miumjau.ee\/wp-content\/uploads\/2025\/05\/polaris-koer-konserv-monoproteiin3.webp","type":"image\/webp"}],"twitter_card":"summary_large_image","schema":{"@context":"https:\/\/schema.org","@graph":[{"@type":"WebPage","@id":"https:\/\/miumjau.ee\/lt\/produktas\/polaris-vieno-baltymo-kiaulienos-pastetas-6x400-g\/","url":"https:\/\/miumjau.ee\/lt\/produktas\/polaris-vieno-baltymo-kiaulienos-pastetas-6x400-g\/","name":"Polaris Vieno Baltymo Kiaulienos Pa\u0161tetas 6x400\u202fg - MiuMjau","isPartOf":{"@id":"https:\/\/miumjau.ee\/#website"},"primaryImageOfPage":{"@id":"https:\/\/miumjau.ee\/lt\/produktas\/polaris-vieno-baltymo-kiaulienos-pastetas-6x400-g\/#primaryimage"},"image":{"@id":"https:\/\/miumjau.ee\/lt\/produktas\/polaris-vieno-baltymo-kiaulienos-pastetas-6x400-g\/#primaryimage"},"thumbnailUrl":"https:\/\/miumjau.ee\/wp-content\/uploads\/2025\/05\/polaris-koer-konserv-monoproteiin3.webp","datePublished":"2025-05-20T14:09:27+00:00","dateModified":"2026-01-07T18:40:31+00:00","breadcrumb":{"@id":"https:\/\/miumjau.ee\/lt\/produktas\/polaris-vieno-baltymo-kiaulienos-pastetas-6x400-g\/#breadcrumb"},"inLanguage":"lt-LT","potentialAction":[{"@type":"ReadAction","target":["https:\/\/miumjau.ee\/lt\/produktas\/polaris-vieno-baltymo-kiaulienos-pastetas-6x400-g\/"]}]},{"@type":"ImageObject","inLanguage":"lt-LT","@id":"https:\/\/miumjau.ee\/lt\/produktas\/polaris-vieno-baltymo-kiaulienos-pastetas-6x400-g\/#primaryimage","url":"https:\/\/miumjau.ee\/wp-content\/uploads\/2025\/05\/polaris-koer-konserv-monoproteiin3.webp","contentUrl":"https:\/\/miumjau.ee\/wp-content\/uploads\/2025\/05\/polaris-koer-konserv-monoproteiin3.webp","width":600,"height":800,"caption":"Polaris seaga monoproteiin koerakonserv 6x400g"},{"@type":"BreadcrumbList","@id":"https:\/\/miumjau.ee\/lt\/produktas\/polaris-vieno-baltymo-kiaulienos-pastetas-6x400-g\/#breadcrumb","itemListElement":[{"@type":"ListItem","position":1,"name":"Home","item":"https:\/\/miumjau.ee\/lt\/"},{"@type":"ListItem","position":2,"name":"Parduotuv\u0117","item":"https:\/\/miumjau.ee\/lt\/parduotuve\/"},{"@type":"ListItem","position":3,"name":"Polaris Vieno Baltymo Kiaulienos Pa\u0161tetas 6&#215;400\u202fg"}]},{"@type":"WebSite","@id":"https:\/\/miumjau.ee\/#website","url":"https:\/\/miumjau.ee\/","name":"MiuMjau","description":"Kraapimispuud kassidele","publisher":{"@id":"https:\/\/miumjau.ee\/#organization"},"potentialAction":[{"@type":"SearchAction","target":{"@type":"EntryPoint","urlTemplate":"https:\/\/miumjau.ee\/?s={search_term_string}"},"query-input":{"@type":"PropertyValueSpecification","valueRequired":true,"valueName":"search_term_string"}}],"inLanguage":"lt-LT"},{"@type":"Organization","@id":"https:\/\/miumjau.ee\/#organization","name":"MiuMjau O\u00dc","url":"https:\/\/miumjau.ee\/","logo":{"@type":"ImageObject","inLanguage":"lt-LT","@id":"https:\/\/miumjau.ee\/#\/schema\/logo\/image\/","url":"https:\/\/miumjau.ee\/wp-content\/uploads\/2022\/04\/MiuMjau-logo-kollane.png","contentUrl":"https:\/\/miumjau.ee\/wp-content\/uploads\/2022\/04\/MiuMjau-logo-kollane.png","width":219,"height":100,"caption":"MiuMjau O\u00dc"},"image":{"@id":"https:\/\/miumjau.ee\/#\/schema\/logo\/image\/"},"sameAs":["https:\/\/www.facebook.com\/miumjaupood\/"]}]}},"_links":{"self":[{"href":"https:\/\/miumjau.ee\/lt\/wp-json\/wp\/v2\/product\/51513","targetHints":{"allow":["GET"]}}],"collection":[{"href":"https:\/\/miumjau.ee\/lt\/wp-json\/wp\/v2\/product"}],"about":[{"href":"https:\/\/miumjau.ee\/lt\/wp-json\/wp\/v2\/types\/product"}],"wp:featuredmedia":[{"embeddable":true,"href":"https:\/\/miumjau.ee\/lt\/wp-json\/wp\/v2\/media\/51398"}],"wp:attachment":[{"href":"https:\/\/miumjau.ee\/lt\/wp-json\/wp\/v2\/media?parent=51513"}],"wp:term":[{"taxonomy":"product_brand","embeddable":true,"href":"https:\/\/miumjau.ee\/lt\/wp-json\/wp\/v2\/product_brand?post=51513"},{"taxonomy":"product_cat","embeddable":true,"href":"https:\/\/miumjau.ee\/lt\/wp-json\/wp\/v2\/product_cat?post=51513"},{"taxonomy":"product_tag","embeddable":true,"href":"https:\/\/miumjau.ee\/lt\/wp-json\/wp\/v2\/product_tag?post=51513"}],"curies":[{"name":"wp","href":"https:\/\/api.w.org\/{rel}","templated":true}]}}