{"id":51506,"date":"2025-12-23T20:32:15","date_gmt":"2025-12-23T18:32:15","guid":{"rendered":"https:\/\/miumjau.ee\/toode\/pharmasentials-pusiau-dregni-multivitaminu-skanestai-125-g\/"},"modified":"2026-01-07T20:40:31","modified_gmt":"2026-01-07T18:40:31","slug":"pharmasentials-pusiau-dregni-multivitaminu-skanestai-125-g","status":"publish","type":"product","link":"https:\/\/miumjau.ee\/lt\/produktas\/pharmasentials-pusiau-dregni-multivitaminu-skanestai-125-g\/","title":{"rendered":"Pharmasentials Pusiau dr\u0117gni Multivitamin\u0173 Skan\u0117stai 125\u202fg"},"content":{"rendered":"","protected":false},"excerpt":{"rendered":"<p data-start=\"3953\" data-end=\"4424\">Pharmasentials funkciniai skan\u0117stai yra idealus atlygis j\u016bs\u0173 mylimam kailiniam draugui, kuriam reikia \u0161iek tiek daugiau prie\u017ei\u016bros. M\u016bs\u0173 auk\u0161tos kokyb\u0117s receptai specialiai sukurti \u0161uns sveikatai ir gyvybingumui palaikyti. Sortimentas apima tiek s\u0105nari\u0173 palaikym\u0105, tiek kailio prie\u017ei\u016br\u0105, tod\u0117l rasite tinkam\u0105 skan\u0117st\u0105 pagal \u0161uns poreikius. Puikiai tinka kaip papildymas veterinarinei dietai arba kaip skanus apdovanojimas bendrai gerovei. <strong data-start=\"4392\" data-end=\"4422\">Papildomas pa\u0161aras \u0161unims.<\/strong><\/p>\n<p data-start=\"4426\" data-end=\"4630\"><strong data-start=\"4426\" data-end=\"4438\">Sud\u0117tis:<\/strong> Gr\u016bdai ir augalin\u0117s kilm\u0117s produktai, aliejai ir riebalai, m\u0117sa ir gyv\u016bnin\u0117s kilm\u0117s produktai, propilenglikolis, mineralai, vitaminai A, B1, B2, B4, B5, B6, B7, B9, B12, C, D3, E, K3 ir PP.<\/p>\n<p data-start=\"4632\" data-end=\"4732\"><strong data-start=\"4632\" data-end=\"4654\">Analitin\u0117 sud\u0117tis:<\/strong> Baltymai 11\u202f%, Riebalai 5,6\u202f%, Pelenai 3,3\u202f%, Skaidulos 1,1\u202f%, Dr\u0117gm\u0117 24\u202f%.<\/p>\n<p data-start=\"4734\" data-end=\"4746\"><strong data-start=\"4734\" data-end=\"4744\">Nauda:<\/strong><\/p>\n<ul data-start=\"4747\" data-end=\"5124\">\n<li data-start=\"4747\" data-end=\"4798\">\n<p data-start=\"4749\" data-end=\"4798\">Palaiko imunin\u0119 sistem\u0105 (vitaminai A, C, D3, E)<\/p>\n<\/li>\n<li data-start=\"4799\" data-end=\"4875\">\n<p data-start=\"4801\" data-end=\"4875\">Padeda energijos apykaitai ir nerv\u0173 sistemos darbui (B grup\u0117s vitaminai)<\/p>\n<\/li>\n<li data-start=\"4876\" data-end=\"4933\">\n<p data-start=\"4878\" data-end=\"4933\">Palaiko odos, kailio ir gleivini\u0173 sveikat\u0105 (A, B7, E)<\/p>\n<\/li>\n<li data-start=\"4934\" data-end=\"4985\">\n<p data-start=\"4936\" data-end=\"4985\">Padeda i\u0161laikyti stiprius kaulus ir dantis (D3)<\/p>\n<\/li>\n<li data-start=\"4986\" data-end=\"5124\">\n<p data-start=\"4988\" data-end=\"5124\">Tinka augantiems ir aktyviems \u0161unims, vyresniems \u0161unims gyvybingumui palaikyti ir \u0161unims, kuriems reikia papildomo vitamin\u0173 palaikymo.<\/p>\n<\/li>\n<\/ul>\n","protected":false},"featured_media":49820,"template":"","meta":[],"product_brand":[],"product_cat":[871],"product_tag":[],"class_list":{"0":"post-51506","1":"product","2":"type-product","3":"status-publish","4":"has-post-thumbnail","6":"product_cat-maisto-papildai-sunims","8":"first","9":"instock","10":"sale","11":"taxable","12":"shipping-taxable","13":"purchasable","14":"product-type-simple"},"yoast_head":"<!-- This site is optimized with the Yoast SEO plugin v27.4 - https:\/\/yoast.com\/product\/yoast-seo-wordpress\/ -->\n<title>Pharmasentials Pusiau dr\u0117gni Multivitamin\u0173 Skan\u0117stai 125\u202fg - MiuMjau<\/title>\n<meta name=\"robots\" content=\"index, follow, max-snippet:-1, max-image-preview:large, max-video-preview:-1\" \/>\n<link rel=\"canonical\" href=\"https:\/\/miumjau.ee\/lt\/produktas\/pharmasentials-pusiau-dregni-multivitaminu-skanestai-125-g\/\" \/>\n<meta property=\"og:locale\" content=\"lt_LT\" \/>\n<meta property=\"og:type\" content=\"article\" \/>\n<meta property=\"og:title\" content=\"Pharmasentials Pusiau dr\u0117gni Multivitamin\u0173 Skan\u0117stai 125\u202fg - MiuMjau\" \/>\n<meta property=\"og:description\" content=\"Pharmasentials funkciniai skan\u0117stai yra idealus atlygis j\u016bs\u0173 mylimam kailiniam draugui, kuriam reikia \u0161iek tiek daugiau prie\u017ei\u016bros. M\u016bs\u0173 auk\u0161tos kokyb\u0117s receptai specialiai sukurti \u0161uns sveikatai ir gyvybingumui palaikyti. Sortimentas apima tiek s\u0105nari\u0173 palaikym\u0105, tiek kailio prie\u017ei\u016br\u0105, tod\u0117l rasite tinkam\u0105 skan\u0117st\u0105 pagal \u0161uns poreikius. Puikiai tinka kaip papildymas veterinarinei dietai arba kaip skanus apdovanojimas bendrai gerovei. Papildomas pa\u0161aras \u0161unims. Sud\u0117tis: Gr\u016bdai ir augalin\u0117s kilm\u0117s produktai, aliejai ir riebalai, m\u0117sa ir gyv\u016bnin\u0117s kilm\u0117s produktai, propilenglikolis, mineralai, vitaminai A, B1, B2, B4, B5, B6, B7, B9, B12, C, D3, E, K3 ir PP. Analitin\u0117 sud\u0117tis: Baltymai 11\u202f%, Riebalai 5,6\u202f%, Pelenai 3,3\u202f%, Skaidulos 1,1\u202f%, Dr\u0117gm\u0117 24\u202f%. Nauda:     Palaiko imunin\u0119 sistem\u0105 (vitaminai A, C, D3, E)    Padeda energijos apykaitai ir nerv\u0173 sistemos darbui (B grup\u0117s vitaminai)    Palaiko odos, kailio ir gleivini\u0173 sveikat\u0105 (A, B7, E)    Padeda i\u0161laikyti stiprius kaulus ir dantis (D3)    Tinka augantiems ir aktyviems \u0161unims, vyresniems \u0161unims gyvybingumui palaikyti ir \u0161unims, kuriems reikia papildomo vitamin\u0173 palaikymo.\" \/>\n<meta property=\"og:url\" content=\"https:\/\/miumjau.ee\/lt\/produktas\/pharmasentials-pusiau-dregni-multivitaminu-skanestai-125-g\/\" \/>\n<meta property=\"og:site_name\" content=\"MiuMjau\" \/>\n<meta property=\"article:publisher\" content=\"https:\/\/www.facebook.com\/miumjaupood\/\" \/>\n<meta property=\"article:modified_time\" content=\"2026-01-07T18:40:31+00:00\" \/>\n<meta property=\"og:image\" content=\"https:\/\/miumjau.ee\/wp-content\/uploads\/2025\/12\/pharmasentials-maiused-koertele1.png\" \/>\n\t<meta property=\"og:image:width\" content=\"600\" \/>\n\t<meta property=\"og:image:height\" content=\"800\" \/>\n\t<meta property=\"og:image:type\" content=\"image\/png\" \/>\n<meta name=\"twitter:card\" content=\"summary_large_image\" \/>\n<script type=\"application\/ld+json\" class=\"yoast-schema-graph\">{\"@context\":\"https:\\\/\\\/schema.org\",\"@graph\":[{\"@type\":\"WebPage\",\"@id\":\"https:\\\/\\\/miumjau.ee\\\/lt\\\/produktas\\\/pharmasentials-pusiau-dregni-multivitaminu-skanestai-125-g\\\/\",\"url\":\"https:\\\/\\\/miumjau.ee\\\/lt\\\/produktas\\\/pharmasentials-pusiau-dregni-multivitaminu-skanestai-125-g\\\/\",\"name\":\"Pharmasentials Pusiau dr\u0117gni Multivitamin\u0173 Skan\u0117stai 125\u202fg - MiuMjau\",\"isPartOf\":{\"@id\":\"https:\\\/\\\/miumjau.ee\\\/#website\"},\"primaryImageOfPage\":{\"@id\":\"https:\\\/\\\/miumjau.ee\\\/lt\\\/produktas\\\/pharmasentials-pusiau-dregni-multivitaminu-skanestai-125-g\\\/#primaryimage\"},\"image\":{\"@id\":\"https:\\\/\\\/miumjau.ee\\\/lt\\\/produktas\\\/pharmasentials-pusiau-dregni-multivitaminu-skanestai-125-g\\\/#primaryimage\"},\"thumbnailUrl\":\"https:\\\/\\\/miumjau.ee\\\/wp-content\\\/uploads\\\/2025\\\/12\\\/pharmasentials-maiused-koertele1.png\",\"datePublished\":\"2025-12-23T18:32:15+00:00\",\"dateModified\":\"2026-01-07T18:40:31+00:00\",\"breadcrumb\":{\"@id\":\"https:\\\/\\\/miumjau.ee\\\/lt\\\/produktas\\\/pharmasentials-pusiau-dregni-multivitaminu-skanestai-125-g\\\/#breadcrumb\"},\"inLanguage\":\"lt-LT\",\"potentialAction\":[{\"@type\":\"ReadAction\",\"target\":[\"https:\\\/\\\/miumjau.ee\\\/lt\\\/produktas\\\/pharmasentials-pusiau-dregni-multivitaminu-skanestai-125-g\\\/\"]}]},{\"@type\":\"ImageObject\",\"inLanguage\":\"lt-LT\",\"@id\":\"https:\\\/\\\/miumjau.ee\\\/lt\\\/produktas\\\/pharmasentials-pusiau-dregni-multivitaminu-skanestai-125-g\\\/#primaryimage\",\"url\":\"https:\\\/\\\/miumjau.ee\\\/wp-content\\\/uploads\\\/2025\\\/12\\\/pharmasentials-maiused-koertele1.png\",\"contentUrl\":\"https:\\\/\\\/miumjau.ee\\\/wp-content\\\/uploads\\\/2025\\\/12\\\/pharmasentials-maiused-koertele1.png\",\"width\":600,\"height\":800,\"caption\":\"Pharmasentials poolniisked multivitamiini maiused 125g\"},{\"@type\":\"BreadcrumbList\",\"@id\":\"https:\\\/\\\/miumjau.ee\\\/lt\\\/produktas\\\/pharmasentials-pusiau-dregni-multivitaminu-skanestai-125-g\\\/#breadcrumb\",\"itemListElement\":[{\"@type\":\"ListItem\",\"position\":1,\"name\":\"Home\",\"item\":\"https:\\\/\\\/miumjau.ee\\\/lt\\\/\"},{\"@type\":\"ListItem\",\"position\":2,\"name\":\"Parduotuv\u0117\",\"item\":\"https:\\\/\\\/miumjau.ee\\\/lt\\\/parduotuve\\\/\"},{\"@type\":\"ListItem\",\"position\":3,\"name\":\"Pharmasentials Pusiau dr\u0117gni Multivitamin\u0173 Skan\u0117stai 125\u202fg\"}]},{\"@type\":\"WebSite\",\"@id\":\"https:\\\/\\\/miumjau.ee\\\/#website\",\"url\":\"https:\\\/\\\/miumjau.ee\\\/\",\"name\":\"MiuMjau\",\"description\":\"Kraapimispuud kassidele\",\"publisher\":{\"@id\":\"https:\\\/\\\/miumjau.ee\\\/#organization\"},\"potentialAction\":[{\"@type\":\"SearchAction\",\"target\":{\"@type\":\"EntryPoint\",\"urlTemplate\":\"https:\\\/\\\/miumjau.ee\\\/?s={search_term_string}\"},\"query-input\":{\"@type\":\"PropertyValueSpecification\",\"valueRequired\":true,\"valueName\":\"search_term_string\"}}],\"inLanguage\":\"lt-LT\"},{\"@type\":\"Organization\",\"@id\":\"https:\\\/\\\/miumjau.ee\\\/#organization\",\"name\":\"MiuMjau O\u00dc\",\"url\":\"https:\\\/\\\/miumjau.ee\\\/\",\"logo\":{\"@type\":\"ImageObject\",\"inLanguage\":\"lt-LT\",\"@id\":\"https:\\\/\\\/miumjau.ee\\\/#\\\/schema\\\/logo\\\/image\\\/\",\"url\":\"https:\\\/\\\/miumjau.ee\\\/wp-content\\\/uploads\\\/2022\\\/04\\\/MiuMjau-logo-kollane.png\",\"contentUrl\":\"https:\\\/\\\/miumjau.ee\\\/wp-content\\\/uploads\\\/2022\\\/04\\\/MiuMjau-logo-kollane.png\",\"width\":219,\"height\":100,\"caption\":\"MiuMjau O\u00dc\"},\"image\":{\"@id\":\"https:\\\/\\\/miumjau.ee\\\/#\\\/schema\\\/logo\\\/image\\\/\"},\"sameAs\":[\"https:\\\/\\\/www.facebook.com\\\/miumjaupood\\\/\"]}]}<\/script>\n<!-- \/ Yoast SEO plugin. -->","yoast_head_json":{"title":"Pharmasentials Pusiau dr\u0117gni Multivitamin\u0173 Skan\u0117stai 125\u202fg - MiuMjau","robots":{"index":"index","follow":"follow","max-snippet":"max-snippet:-1","max-image-preview":"max-image-preview:large","max-video-preview":"max-video-preview:-1"},"canonical":"https:\/\/miumjau.ee\/lt\/produktas\/pharmasentials-pusiau-dregni-multivitaminu-skanestai-125-g\/","og_locale":"lt_LT","og_type":"article","og_title":"Pharmasentials Pusiau dr\u0117gni Multivitamin\u0173 Skan\u0117stai 125\u202fg - MiuMjau","og_description":"Pharmasentials funkciniai skan\u0117stai yra idealus atlygis j\u016bs\u0173 mylimam kailiniam draugui, kuriam reikia \u0161iek tiek daugiau prie\u017ei\u016bros. M\u016bs\u0173 auk\u0161tos kokyb\u0117s receptai specialiai sukurti \u0161uns sveikatai ir gyvybingumui palaikyti. Sortimentas apima tiek s\u0105nari\u0173 palaikym\u0105, tiek kailio prie\u017ei\u016br\u0105, tod\u0117l rasite tinkam\u0105 skan\u0117st\u0105 pagal \u0161uns poreikius. Puikiai tinka kaip papildymas veterinarinei dietai arba kaip skanus apdovanojimas bendrai gerovei. Papildomas pa\u0161aras \u0161unims. Sud\u0117tis: Gr\u016bdai ir augalin\u0117s kilm\u0117s produktai, aliejai ir riebalai, m\u0117sa ir gyv\u016bnin\u0117s kilm\u0117s produktai, propilenglikolis, mineralai, vitaminai A, B1, B2, B4, B5, B6, B7, B9, B12, C, D3, E, K3 ir PP. Analitin\u0117 sud\u0117tis: Baltymai 11\u202f%, Riebalai 5,6\u202f%, Pelenai 3,3\u202f%, Skaidulos 1,1\u202f%, Dr\u0117gm\u0117 24\u202f%. Nauda:     Palaiko imunin\u0119 sistem\u0105 (vitaminai A, C, D3, E)    Padeda energijos apykaitai ir nerv\u0173 sistemos darbui (B grup\u0117s vitaminai)    Palaiko odos, kailio ir gleivini\u0173 sveikat\u0105 (A, B7, E)    Padeda i\u0161laikyti stiprius kaulus ir dantis (D3)    Tinka augantiems ir aktyviems \u0161unims, vyresniems \u0161unims gyvybingumui palaikyti ir \u0161unims, kuriems reikia papildomo vitamin\u0173 palaikymo.","og_url":"https:\/\/miumjau.ee\/lt\/produktas\/pharmasentials-pusiau-dregni-multivitaminu-skanestai-125-g\/","og_site_name":"MiuMjau","article_publisher":"https:\/\/www.facebook.com\/miumjaupood\/","article_modified_time":"2026-01-07T18:40:31+00:00","og_image":[{"width":600,"height":800,"url":"https:\/\/miumjau.ee\/wp-content\/uploads\/2025\/12\/pharmasentials-maiused-koertele1.png","type":"image\/png"}],"twitter_card":"summary_large_image","schema":{"@context":"https:\/\/schema.org","@graph":[{"@type":"WebPage","@id":"https:\/\/miumjau.ee\/lt\/produktas\/pharmasentials-pusiau-dregni-multivitaminu-skanestai-125-g\/","url":"https:\/\/miumjau.ee\/lt\/produktas\/pharmasentials-pusiau-dregni-multivitaminu-skanestai-125-g\/","name":"Pharmasentials Pusiau dr\u0117gni Multivitamin\u0173 Skan\u0117stai 125\u202fg - MiuMjau","isPartOf":{"@id":"https:\/\/miumjau.ee\/#website"},"primaryImageOfPage":{"@id":"https:\/\/miumjau.ee\/lt\/produktas\/pharmasentials-pusiau-dregni-multivitaminu-skanestai-125-g\/#primaryimage"},"image":{"@id":"https:\/\/miumjau.ee\/lt\/produktas\/pharmasentials-pusiau-dregni-multivitaminu-skanestai-125-g\/#primaryimage"},"thumbnailUrl":"https:\/\/miumjau.ee\/wp-content\/uploads\/2025\/12\/pharmasentials-maiused-koertele1.png","datePublished":"2025-12-23T18:32:15+00:00","dateModified":"2026-01-07T18:40:31+00:00","breadcrumb":{"@id":"https:\/\/miumjau.ee\/lt\/produktas\/pharmasentials-pusiau-dregni-multivitaminu-skanestai-125-g\/#breadcrumb"},"inLanguage":"lt-LT","potentialAction":[{"@type":"ReadAction","target":["https:\/\/miumjau.ee\/lt\/produktas\/pharmasentials-pusiau-dregni-multivitaminu-skanestai-125-g\/"]}]},{"@type":"ImageObject","inLanguage":"lt-LT","@id":"https:\/\/miumjau.ee\/lt\/produktas\/pharmasentials-pusiau-dregni-multivitaminu-skanestai-125-g\/#primaryimage","url":"https:\/\/miumjau.ee\/wp-content\/uploads\/2025\/12\/pharmasentials-maiused-koertele1.png","contentUrl":"https:\/\/miumjau.ee\/wp-content\/uploads\/2025\/12\/pharmasentials-maiused-koertele1.png","width":600,"height":800,"caption":"Pharmasentials poolniisked multivitamiini maiused 125g"},{"@type":"BreadcrumbList","@id":"https:\/\/miumjau.ee\/lt\/produktas\/pharmasentials-pusiau-dregni-multivitaminu-skanestai-125-g\/#breadcrumb","itemListElement":[{"@type":"ListItem","position":1,"name":"Home","item":"https:\/\/miumjau.ee\/lt\/"},{"@type":"ListItem","position":2,"name":"Parduotuv\u0117","item":"https:\/\/miumjau.ee\/lt\/parduotuve\/"},{"@type":"ListItem","position":3,"name":"Pharmasentials Pusiau dr\u0117gni Multivitamin\u0173 Skan\u0117stai 125\u202fg"}]},{"@type":"WebSite","@id":"https:\/\/miumjau.ee\/#website","url":"https:\/\/miumjau.ee\/","name":"MiuMjau","description":"Kraapimispuud kassidele","publisher":{"@id":"https:\/\/miumjau.ee\/#organization"},"potentialAction":[{"@type":"SearchAction","target":{"@type":"EntryPoint","urlTemplate":"https:\/\/miumjau.ee\/?s={search_term_string}"},"query-input":{"@type":"PropertyValueSpecification","valueRequired":true,"valueName":"search_term_string"}}],"inLanguage":"lt-LT"},{"@type":"Organization","@id":"https:\/\/miumjau.ee\/#organization","name":"MiuMjau O\u00dc","url":"https:\/\/miumjau.ee\/","logo":{"@type":"ImageObject","inLanguage":"lt-LT","@id":"https:\/\/miumjau.ee\/#\/schema\/logo\/image\/","url":"https:\/\/miumjau.ee\/wp-content\/uploads\/2022\/04\/MiuMjau-logo-kollane.png","contentUrl":"https:\/\/miumjau.ee\/wp-content\/uploads\/2022\/04\/MiuMjau-logo-kollane.png","width":219,"height":100,"caption":"MiuMjau O\u00dc"},"image":{"@id":"https:\/\/miumjau.ee\/#\/schema\/logo\/image\/"},"sameAs":["https:\/\/www.facebook.com\/miumjaupood\/"]}]}},"_links":{"self":[{"href":"https:\/\/miumjau.ee\/lt\/wp-json\/wp\/v2\/product\/51506","targetHints":{"allow":["GET"]}}],"collection":[{"href":"https:\/\/miumjau.ee\/lt\/wp-json\/wp\/v2\/product"}],"about":[{"href":"https:\/\/miumjau.ee\/lt\/wp-json\/wp\/v2\/types\/product"}],"wp:featuredmedia":[{"embeddable":true,"href":"https:\/\/miumjau.ee\/lt\/wp-json\/wp\/v2\/media\/49820"}],"wp:attachment":[{"href":"https:\/\/miumjau.ee\/lt\/wp-json\/wp\/v2\/media?parent=51506"}],"wp:term":[{"taxonomy":"product_brand","embeddable":true,"href":"https:\/\/miumjau.ee\/lt\/wp-json\/wp\/v2\/product_brand?post=51506"},{"taxonomy":"product_cat","embeddable":true,"href":"https:\/\/miumjau.ee\/lt\/wp-json\/wp\/v2\/product_cat?post=51506"},{"taxonomy":"product_tag","embeddable":true,"href":"https:\/\/miumjau.ee\/lt\/wp-json\/wp\/v2\/product_tag?post=51506"}],"curies":[{"name":"wp","href":"https:\/\/api.w.org\/{rel}","templated":true}]}}