{"id":51501,"date":"2025-12-23T20:32:11","date_gmt":"2025-12-23T18:32:11","guid":{"rendered":"https:\/\/miumjau.ee\/toode\/pharmasentials-pusiau-dregni-skanestai-sanariams-125-g\/"},"modified":"2026-01-07T20:40:31","modified_gmt":"2026-01-07T18:40:31","slug":"pharmasentials-pusiau-dregni-skanestai-sanariams-125-g","status":"publish","type":"product","link":"https:\/\/miumjau.ee\/lt\/produktas\/pharmasentials-pusiau-dregni-skanestai-sanariams-125-g\/","title":{"rendered":"Pharmasentials Pusiau dr\u0117gni skan\u0117stai s\u0105nariams 125\u202fg"},"content":{"rendered":"","protected":false},"excerpt":{"rendered":"<p data-start=\"4569\" data-end=\"5040\">Pharmasentials funkciniai skan\u0117stai yra idealus atlygis j\u016bs\u0173 mylimam kailiniam draugui, kuriam reikia \u0161iek tiek daugiau prie\u017ei\u016bros. M\u016bs\u0173 auk\u0161tos kokyb\u0117s receptai specialiai sukurti \u0161uns sveikatai ir gyvybingumui palaikyti. Sortimentas apima tiek s\u0105nari\u0173 palaikym\u0105, tiek kailio prie\u017ei\u016br\u0105, tod\u0117l rasite tinkam\u0105 skan\u0117st\u0105 pagal \u0161uns poreikius. Puikiai tinka kaip papildymas veterinarinei dietai arba kaip skanus apdovanojimas bendrai gerovei. <strong data-start=\"5008\" data-end=\"5038\">Papildomas pa\u0161aras \u0161unims.<\/strong><\/p>\n<p data-start=\"5042\" data-end=\"5245\"><strong data-start=\"5042\" data-end=\"5054\">Sud\u0117tis:<\/strong> Gr\u016bdai ir augalin\u0117s kilm\u0117s produktai (0,5\u202f% alyvuogi\u0173 aliejaus ekstraktai), aliejai ir riebalai, m\u0117sa ir gyv\u016bnin\u0117s kilm\u0117s produktai, propilenglikolis, gliukozaminas, chondroitino sulfatas.<\/p>\n<p data-start=\"5247\" data-end=\"5347\"><strong data-start=\"5247\" data-end=\"5269\">Analitin\u0117 sud\u0117tis:<\/strong> Baltymai 11\u202f%, Riebalai 5,6\u202f%, Pelenai 3,3\u202f%, Skaidulos 1,1\u202f%, Dr\u0117gm\u0117 24\u202f%.<\/p>\n<p data-start=\"5349\" data-end=\"5385\"><strong data-start=\"5349\" data-end=\"5383\">Kod\u0117l \u0161is produktas naudingas:<\/strong><\/p>\n<ul data-start=\"5386\" data-end=\"5944\">\n<li data-start=\"5386\" data-end=\"5547\">\n<p data-start=\"5388\" data-end=\"5547\"><strong data-start=\"5388\" data-end=\"5405\">Gliukozaminas<\/strong>: Palaiko kremzli\u0173 strukt\u016br\u0105 ir atsinaujinim\u0105, padeda i\u0161laikyti s\u0105nari\u0173 lankstum\u0105 ir judrum\u0105, ypa\u010d naudingas vyresniems ir aktyviems \u0161unims.<\/p>\n<\/li>\n<li data-start=\"5548\" data-end=\"5695\">\n<p data-start=\"5550\" data-end=\"5695\"><strong data-start=\"5550\" data-end=\"5575\">Chondroitino sulfatas<\/strong>: Padeda i\u0161laikyti kremzli\u0173 dr\u0117gm\u0119 ir stiprum\u0105, gali sul\u0117tinti s\u0105nari\u0173 d\u0117v\u0117jim\u0105si, veikia sinergi\u0161kai su gliukozaminu.<\/p>\n<\/li>\n<li data-start=\"5696\" data-end=\"5824\">\n<p data-start=\"5698\" data-end=\"5824\"><strong data-start=\"5698\" data-end=\"5739\">Alyvuogi\u0173 aliejaus ekstraktai (0,5\u202f%)<\/strong>: Turi antioksidant\u0173, padeda suma\u017einti s\u0105nari\u0173 u\u017edegim\u0105, palaiko l\u0105steli\u0173 sveikat\u0105.<\/p>\n<\/li>\n<li data-start=\"5825\" data-end=\"5944\">\n<p data-start=\"5827\" data-end=\"5944\"><strong data-start=\"5827\" data-end=\"5870\">Subalansuotas riebal\u0173 ir baltym\u0173 kiekis<\/strong>: Padeda palaikyti raumen\u0173 tonus\u0105 ir energijos lyg\u012f, neapkrauna s\u0105nari\u0173.<\/p>\n<\/li>\n<\/ul>\n","protected":false},"featured_media":49808,"template":"","meta":[],"product_brand":[],"product_cat":[871],"product_tag":[],"class_list":{"0":"post-51501","1":"product","2":"type-product","3":"status-publish","4":"has-post-thumbnail","6":"product_cat-maisto-papildai-sunims","8":"first","9":"instock","10":"sale","11":"taxable","12":"shipping-taxable","13":"purchasable","14":"product-type-simple"},"yoast_head":"<!-- This site is optimized with the Yoast SEO plugin v27.4 - https:\/\/yoast.com\/product\/yoast-seo-wordpress\/ -->\n<title>Pharmasentials Pusiau dr\u0117gni skan\u0117stai s\u0105nariams 125\u202fg - MiuMjau<\/title>\n<meta name=\"robots\" content=\"index, follow, max-snippet:-1, max-image-preview:large, max-video-preview:-1\" \/>\n<link rel=\"canonical\" href=\"https:\/\/miumjau.ee\/lt\/produktas\/pharmasentials-pusiau-dregni-skanestai-sanariams-125-g\/\" \/>\n<meta property=\"og:locale\" content=\"lt_LT\" \/>\n<meta property=\"og:type\" content=\"article\" \/>\n<meta property=\"og:title\" content=\"Pharmasentials Pusiau dr\u0117gni skan\u0117stai s\u0105nariams 125\u202fg - MiuMjau\" \/>\n<meta property=\"og:description\" content=\"Pharmasentials funkciniai skan\u0117stai yra idealus atlygis j\u016bs\u0173 mylimam kailiniam draugui, kuriam reikia \u0161iek tiek daugiau prie\u017ei\u016bros. M\u016bs\u0173 auk\u0161tos kokyb\u0117s receptai specialiai sukurti \u0161uns sveikatai ir gyvybingumui palaikyti. Sortimentas apima tiek s\u0105nari\u0173 palaikym\u0105, tiek kailio prie\u017ei\u016br\u0105, tod\u0117l rasite tinkam\u0105 skan\u0117st\u0105 pagal \u0161uns poreikius. Puikiai tinka kaip papildymas veterinarinei dietai arba kaip skanus apdovanojimas bendrai gerovei. Papildomas pa\u0161aras \u0161unims. Sud\u0117tis: Gr\u016bdai ir augalin\u0117s kilm\u0117s produktai (0,5\u202f% alyvuogi\u0173 aliejaus ekstraktai), aliejai ir riebalai, m\u0117sa ir gyv\u016bnin\u0117s kilm\u0117s produktai, propilenglikolis, gliukozaminas, chondroitino sulfatas. Analitin\u0117 sud\u0117tis: Baltymai 11\u202f%, Riebalai 5,6\u202f%, Pelenai 3,3\u202f%, Skaidulos 1,1\u202f%, Dr\u0117gm\u0117 24\u202f%. Kod\u0117l \u0161is produktas naudingas:     Gliukozaminas: Palaiko kremzli\u0173 strukt\u016br\u0105 ir atsinaujinim\u0105, padeda i\u0161laikyti s\u0105nari\u0173 lankstum\u0105 ir judrum\u0105, ypa\u010d naudingas vyresniems ir aktyviems \u0161unims.    Chondroitino sulfatas: Padeda i\u0161laikyti kremzli\u0173 dr\u0117gm\u0119 ir stiprum\u0105, gali sul\u0117tinti s\u0105nari\u0173 d\u0117v\u0117jim\u0105si, veikia sinergi\u0161kai su gliukozaminu.    Alyvuogi\u0173 aliejaus ekstraktai (0,5\u202f%): Turi antioksidant\u0173, padeda suma\u017einti s\u0105nari\u0173 u\u017edegim\u0105, palaiko l\u0105steli\u0173 sveikat\u0105.    Subalansuotas riebal\u0173 ir baltym\u0173 kiekis: Padeda palaikyti raumen\u0173 tonus\u0105 ir energijos lyg\u012f, neapkrauna s\u0105nari\u0173.\" \/>\n<meta property=\"og:url\" content=\"https:\/\/miumjau.ee\/lt\/produktas\/pharmasentials-pusiau-dregni-skanestai-sanariams-125-g\/\" \/>\n<meta property=\"og:site_name\" content=\"MiuMjau\" \/>\n<meta property=\"article:publisher\" content=\"https:\/\/www.facebook.com\/miumjaupood\/\" \/>\n<meta property=\"article:modified_time\" content=\"2026-01-07T18:40:31+00:00\" \/>\n<meta property=\"og:image\" content=\"https:\/\/miumjau.ee\/wp-content\/uploads\/2025\/12\/pharmasentials-maiused-koertele3.png\" \/>\n\t<meta property=\"og:image:width\" content=\"600\" \/>\n\t<meta property=\"og:image:height\" content=\"800\" \/>\n\t<meta property=\"og:image:type\" content=\"image\/png\" \/>\n<meta name=\"twitter:card\" content=\"summary_large_image\" \/>\n<script type=\"application\/ld+json\" class=\"yoast-schema-graph\">{\"@context\":\"https:\\\/\\\/schema.org\",\"@graph\":[{\"@type\":\"WebPage\",\"@id\":\"https:\\\/\\\/miumjau.ee\\\/lt\\\/produktas\\\/pharmasentials-pusiau-dregni-skanestai-sanariams-125-g\\\/\",\"url\":\"https:\\\/\\\/miumjau.ee\\\/lt\\\/produktas\\\/pharmasentials-pusiau-dregni-skanestai-sanariams-125-g\\\/\",\"name\":\"Pharmasentials Pusiau dr\u0117gni skan\u0117stai s\u0105nariams 125\u202fg - MiuMjau\",\"isPartOf\":{\"@id\":\"https:\\\/\\\/miumjau.ee\\\/#website\"},\"primaryImageOfPage\":{\"@id\":\"https:\\\/\\\/miumjau.ee\\\/lt\\\/produktas\\\/pharmasentials-pusiau-dregni-skanestai-sanariams-125-g\\\/#primaryimage\"},\"image\":{\"@id\":\"https:\\\/\\\/miumjau.ee\\\/lt\\\/produktas\\\/pharmasentials-pusiau-dregni-skanestai-sanariams-125-g\\\/#primaryimage\"},\"thumbnailUrl\":\"https:\\\/\\\/miumjau.ee\\\/wp-content\\\/uploads\\\/2025\\\/12\\\/pharmasentials-maiused-koertele3.png\",\"datePublished\":\"2025-12-23T18:32:11+00:00\",\"dateModified\":\"2026-01-07T18:40:31+00:00\",\"breadcrumb\":{\"@id\":\"https:\\\/\\\/miumjau.ee\\\/lt\\\/produktas\\\/pharmasentials-pusiau-dregni-skanestai-sanariams-125-g\\\/#breadcrumb\"},\"inLanguage\":\"lt-LT\",\"potentialAction\":[{\"@type\":\"ReadAction\",\"target\":[\"https:\\\/\\\/miumjau.ee\\\/lt\\\/produktas\\\/pharmasentials-pusiau-dregni-skanestai-sanariams-125-g\\\/\"]}]},{\"@type\":\"ImageObject\",\"inLanguage\":\"lt-LT\",\"@id\":\"https:\\\/\\\/miumjau.ee\\\/lt\\\/produktas\\\/pharmasentials-pusiau-dregni-skanestai-sanariams-125-g\\\/#primaryimage\",\"url\":\"https:\\\/\\\/miumjau.ee\\\/wp-content\\\/uploads\\\/2025\\\/12\\\/pharmasentials-maiused-koertele3.png\",\"contentUrl\":\"https:\\\/\\\/miumjau.ee\\\/wp-content\\\/uploads\\\/2025\\\/12\\\/pharmasentials-maiused-koertele3.png\",\"width\":600,\"height\":800,\"caption\":\"Pharmasentials poolniisked liigeseid toetavad maiused\"},{\"@type\":\"BreadcrumbList\",\"@id\":\"https:\\\/\\\/miumjau.ee\\\/lt\\\/produktas\\\/pharmasentials-pusiau-dregni-skanestai-sanariams-125-g\\\/#breadcrumb\",\"itemListElement\":[{\"@type\":\"ListItem\",\"position\":1,\"name\":\"Home\",\"item\":\"https:\\\/\\\/miumjau.ee\\\/lt\\\/\"},{\"@type\":\"ListItem\",\"position\":2,\"name\":\"Parduotuv\u0117\",\"item\":\"https:\\\/\\\/miumjau.ee\\\/lt\\\/parduotuve\\\/\"},{\"@type\":\"ListItem\",\"position\":3,\"name\":\"Pharmasentials Pusiau dr\u0117gni skan\u0117stai s\u0105nariams 125\u202fg\"}]},{\"@type\":\"WebSite\",\"@id\":\"https:\\\/\\\/miumjau.ee\\\/#website\",\"url\":\"https:\\\/\\\/miumjau.ee\\\/\",\"name\":\"MiuMjau\",\"description\":\"Kraapimispuud kassidele\",\"publisher\":{\"@id\":\"https:\\\/\\\/miumjau.ee\\\/#organization\"},\"potentialAction\":[{\"@type\":\"SearchAction\",\"target\":{\"@type\":\"EntryPoint\",\"urlTemplate\":\"https:\\\/\\\/miumjau.ee\\\/?s={search_term_string}\"},\"query-input\":{\"@type\":\"PropertyValueSpecification\",\"valueRequired\":true,\"valueName\":\"search_term_string\"}}],\"inLanguage\":\"lt-LT\"},{\"@type\":\"Organization\",\"@id\":\"https:\\\/\\\/miumjau.ee\\\/#organization\",\"name\":\"MiuMjau O\u00dc\",\"url\":\"https:\\\/\\\/miumjau.ee\\\/\",\"logo\":{\"@type\":\"ImageObject\",\"inLanguage\":\"lt-LT\",\"@id\":\"https:\\\/\\\/miumjau.ee\\\/#\\\/schema\\\/logo\\\/image\\\/\",\"url\":\"https:\\\/\\\/miumjau.ee\\\/wp-content\\\/uploads\\\/2022\\\/04\\\/MiuMjau-logo-kollane.png\",\"contentUrl\":\"https:\\\/\\\/miumjau.ee\\\/wp-content\\\/uploads\\\/2022\\\/04\\\/MiuMjau-logo-kollane.png\",\"width\":219,\"height\":100,\"caption\":\"MiuMjau O\u00dc\"},\"image\":{\"@id\":\"https:\\\/\\\/miumjau.ee\\\/#\\\/schema\\\/logo\\\/image\\\/\"},\"sameAs\":[\"https:\\\/\\\/www.facebook.com\\\/miumjaupood\\\/\"]}]}<\/script>\n<!-- \/ Yoast SEO plugin. -->","yoast_head_json":{"title":"Pharmasentials Pusiau dr\u0117gni skan\u0117stai s\u0105nariams 125\u202fg - MiuMjau","robots":{"index":"index","follow":"follow","max-snippet":"max-snippet:-1","max-image-preview":"max-image-preview:large","max-video-preview":"max-video-preview:-1"},"canonical":"https:\/\/miumjau.ee\/lt\/produktas\/pharmasentials-pusiau-dregni-skanestai-sanariams-125-g\/","og_locale":"lt_LT","og_type":"article","og_title":"Pharmasentials Pusiau dr\u0117gni skan\u0117stai s\u0105nariams 125\u202fg - MiuMjau","og_description":"Pharmasentials funkciniai skan\u0117stai yra idealus atlygis j\u016bs\u0173 mylimam kailiniam draugui, kuriam reikia \u0161iek tiek daugiau prie\u017ei\u016bros. M\u016bs\u0173 auk\u0161tos kokyb\u0117s receptai specialiai sukurti \u0161uns sveikatai ir gyvybingumui palaikyti. Sortimentas apima tiek s\u0105nari\u0173 palaikym\u0105, tiek kailio prie\u017ei\u016br\u0105, tod\u0117l rasite tinkam\u0105 skan\u0117st\u0105 pagal \u0161uns poreikius. Puikiai tinka kaip papildymas veterinarinei dietai arba kaip skanus apdovanojimas bendrai gerovei. Papildomas pa\u0161aras \u0161unims. Sud\u0117tis: Gr\u016bdai ir augalin\u0117s kilm\u0117s produktai (0,5\u202f% alyvuogi\u0173 aliejaus ekstraktai), aliejai ir riebalai, m\u0117sa ir gyv\u016bnin\u0117s kilm\u0117s produktai, propilenglikolis, gliukozaminas, chondroitino sulfatas. Analitin\u0117 sud\u0117tis: Baltymai 11\u202f%, Riebalai 5,6\u202f%, Pelenai 3,3\u202f%, Skaidulos 1,1\u202f%, Dr\u0117gm\u0117 24\u202f%. Kod\u0117l \u0161is produktas naudingas:     Gliukozaminas: Palaiko kremzli\u0173 strukt\u016br\u0105 ir atsinaujinim\u0105, padeda i\u0161laikyti s\u0105nari\u0173 lankstum\u0105 ir judrum\u0105, ypa\u010d naudingas vyresniems ir aktyviems \u0161unims.    Chondroitino sulfatas: Padeda i\u0161laikyti kremzli\u0173 dr\u0117gm\u0119 ir stiprum\u0105, gali sul\u0117tinti s\u0105nari\u0173 d\u0117v\u0117jim\u0105si, veikia sinergi\u0161kai su gliukozaminu.    Alyvuogi\u0173 aliejaus ekstraktai (0,5\u202f%): Turi antioksidant\u0173, padeda suma\u017einti s\u0105nari\u0173 u\u017edegim\u0105, palaiko l\u0105steli\u0173 sveikat\u0105.    Subalansuotas riebal\u0173 ir baltym\u0173 kiekis: Padeda palaikyti raumen\u0173 tonus\u0105 ir energijos lyg\u012f, neapkrauna s\u0105nari\u0173.","og_url":"https:\/\/miumjau.ee\/lt\/produktas\/pharmasentials-pusiau-dregni-skanestai-sanariams-125-g\/","og_site_name":"MiuMjau","article_publisher":"https:\/\/www.facebook.com\/miumjaupood\/","article_modified_time":"2026-01-07T18:40:31+00:00","og_image":[{"width":600,"height":800,"url":"https:\/\/miumjau.ee\/wp-content\/uploads\/2025\/12\/pharmasentials-maiused-koertele3.png","type":"image\/png"}],"twitter_card":"summary_large_image","schema":{"@context":"https:\/\/schema.org","@graph":[{"@type":"WebPage","@id":"https:\/\/miumjau.ee\/lt\/produktas\/pharmasentials-pusiau-dregni-skanestai-sanariams-125-g\/","url":"https:\/\/miumjau.ee\/lt\/produktas\/pharmasentials-pusiau-dregni-skanestai-sanariams-125-g\/","name":"Pharmasentials Pusiau dr\u0117gni skan\u0117stai s\u0105nariams 125\u202fg - MiuMjau","isPartOf":{"@id":"https:\/\/miumjau.ee\/#website"},"primaryImageOfPage":{"@id":"https:\/\/miumjau.ee\/lt\/produktas\/pharmasentials-pusiau-dregni-skanestai-sanariams-125-g\/#primaryimage"},"image":{"@id":"https:\/\/miumjau.ee\/lt\/produktas\/pharmasentials-pusiau-dregni-skanestai-sanariams-125-g\/#primaryimage"},"thumbnailUrl":"https:\/\/miumjau.ee\/wp-content\/uploads\/2025\/12\/pharmasentials-maiused-koertele3.png","datePublished":"2025-12-23T18:32:11+00:00","dateModified":"2026-01-07T18:40:31+00:00","breadcrumb":{"@id":"https:\/\/miumjau.ee\/lt\/produktas\/pharmasentials-pusiau-dregni-skanestai-sanariams-125-g\/#breadcrumb"},"inLanguage":"lt-LT","potentialAction":[{"@type":"ReadAction","target":["https:\/\/miumjau.ee\/lt\/produktas\/pharmasentials-pusiau-dregni-skanestai-sanariams-125-g\/"]}]},{"@type":"ImageObject","inLanguage":"lt-LT","@id":"https:\/\/miumjau.ee\/lt\/produktas\/pharmasentials-pusiau-dregni-skanestai-sanariams-125-g\/#primaryimage","url":"https:\/\/miumjau.ee\/wp-content\/uploads\/2025\/12\/pharmasentials-maiused-koertele3.png","contentUrl":"https:\/\/miumjau.ee\/wp-content\/uploads\/2025\/12\/pharmasentials-maiused-koertele3.png","width":600,"height":800,"caption":"Pharmasentials poolniisked liigeseid toetavad maiused"},{"@type":"BreadcrumbList","@id":"https:\/\/miumjau.ee\/lt\/produktas\/pharmasentials-pusiau-dregni-skanestai-sanariams-125-g\/#breadcrumb","itemListElement":[{"@type":"ListItem","position":1,"name":"Home","item":"https:\/\/miumjau.ee\/lt\/"},{"@type":"ListItem","position":2,"name":"Parduotuv\u0117","item":"https:\/\/miumjau.ee\/lt\/parduotuve\/"},{"@type":"ListItem","position":3,"name":"Pharmasentials Pusiau dr\u0117gni skan\u0117stai s\u0105nariams 125\u202fg"}]},{"@type":"WebSite","@id":"https:\/\/miumjau.ee\/#website","url":"https:\/\/miumjau.ee\/","name":"MiuMjau","description":"Kraapimispuud kassidele","publisher":{"@id":"https:\/\/miumjau.ee\/#organization"},"potentialAction":[{"@type":"SearchAction","target":{"@type":"EntryPoint","urlTemplate":"https:\/\/miumjau.ee\/?s={search_term_string}"},"query-input":{"@type":"PropertyValueSpecification","valueRequired":true,"valueName":"search_term_string"}}],"inLanguage":"lt-LT"},{"@type":"Organization","@id":"https:\/\/miumjau.ee\/#organization","name":"MiuMjau O\u00dc","url":"https:\/\/miumjau.ee\/","logo":{"@type":"ImageObject","inLanguage":"lt-LT","@id":"https:\/\/miumjau.ee\/#\/schema\/logo\/image\/","url":"https:\/\/miumjau.ee\/wp-content\/uploads\/2022\/04\/MiuMjau-logo-kollane.png","contentUrl":"https:\/\/miumjau.ee\/wp-content\/uploads\/2022\/04\/MiuMjau-logo-kollane.png","width":219,"height":100,"caption":"MiuMjau O\u00dc"},"image":{"@id":"https:\/\/miumjau.ee\/#\/schema\/logo\/image\/"},"sameAs":["https:\/\/www.facebook.com\/miumjaupood\/"]}]}},"_links":{"self":[{"href":"https:\/\/miumjau.ee\/lt\/wp-json\/wp\/v2\/product\/51501","targetHints":{"allow":["GET"]}}],"collection":[{"href":"https:\/\/miumjau.ee\/lt\/wp-json\/wp\/v2\/product"}],"about":[{"href":"https:\/\/miumjau.ee\/lt\/wp-json\/wp\/v2\/types\/product"}],"wp:featuredmedia":[{"embeddable":true,"href":"https:\/\/miumjau.ee\/lt\/wp-json\/wp\/v2\/media\/49808"}],"wp:attachment":[{"href":"https:\/\/miumjau.ee\/lt\/wp-json\/wp\/v2\/media?parent=51501"}],"wp:term":[{"taxonomy":"product_brand","embeddable":true,"href":"https:\/\/miumjau.ee\/lt\/wp-json\/wp\/v2\/product_brand?post=51501"},{"taxonomy":"product_cat","embeddable":true,"href":"https:\/\/miumjau.ee\/lt\/wp-json\/wp\/v2\/product_cat?post=51501"},{"taxonomy":"product_tag","embeddable":true,"href":"https:\/\/miumjau.ee\/lt\/wp-json\/wp\/v2\/product_tag?post=51501"}],"curies":[{"name":"wp","href":"https:\/\/api.w.org\/{rel}","templated":true}]}}