{"id":51491,"date":"2025-12-23T20:32:06","date_gmt":"2025-12-23T18:32:06","guid":{"rendered":"https:\/\/miumjau.ee\/toode\/pharmasentials-pusiau-dregni-skanestai-gastro-125-g\/"},"modified":"2026-01-07T20:40:31","modified_gmt":"2026-01-07T18:40:31","slug":"pharmasentials-pusiau-dregni-skanestai-gastro-125-g","status":"publish","type":"product","link":"https:\/\/miumjau.ee\/lt\/produktas\/pharmasentials-pusiau-dregni-skanestai-gastro-125-g\/","title":{"rendered":"Pharmasentials Pusiau dr\u0117gni skan\u0117stai Gastro 125\u202fg"},"content":{"rendered":"","protected":false},"excerpt":{"rendered":"<p data-start=\"4320\" data-end=\"4760\">Pharmasentials funkciniai skan\u0117stai yra idealus atlygis j\u016bs\u0173 mylimam kailiniam draugui, kuriam reikia \u0161iek tiek daugiau prie\u017ei\u016bros. M\u016bs\u0173 auk\u0161tos kokyb\u0117s receptai specialiai sukurti, kad palaikyt\u0173 j\u016bs\u0173 \u0161uns sveikat\u0105 ir gyvybingum\u0105. Nuo s\u0105nari\u0173 palaikymo iki kailio prie\u017ei\u016bros \u2013 rasite tinkam\u0105 skan\u0117st\u0105 pagal \u0161uns poreikius. Puikiai tinka kaip papildymas veterinarin\u0117s dietos metu arba tiesiog kaip gardus apdovanojimas sveikatai palaikyti.<\/p>\n<p data-start=\"4762\" data-end=\"4779\"><strong data-start=\"4762\" data-end=\"4777\">Privalumai:<\/strong><\/p>\n<ul data-start=\"4780\" data-end=\"5325\">\n<li data-start=\"4780\" data-end=\"4897\">\n<p data-start=\"4782\" data-end=\"4897\">Cikorija veikia kaip nat\u016bralus prebiotikas (sud\u0117tyje yra inulino), palaikydama nauding\u0173 \u017earnyno bakterij\u0173 augim\u0105.<\/p>\n<\/li>\n<li data-start=\"4898\" data-end=\"4949\">\n<p data-start=\"4900\" data-end=\"4949\">Padeda pagerinti vir\u0161kinim\u0105 ir \u017earnyno balans\u0105.<\/p>\n<\/li>\n<li data-start=\"4950\" data-end=\"5024\">\n<p data-start=\"4952\" data-end=\"5024\">Ciber\u017eol\u0117 \u017einoma d\u0117l prie\u0161u\u017edegimini\u0173 savybi\u0173 ir vir\u0161kinimo palaikymo.<\/p>\n<\/li>\n<li data-start=\"5025\" data-end=\"5113\">\n<p data-start=\"5027\" data-end=\"5113\">Gali pad\u0117ti nuraminti vir\u0161kinimo trakt\u0105 ir palaikyti skrand\u017eio bei \u017earnyno sveikat\u0105.<\/p>\n<\/li>\n<li data-start=\"5114\" data-end=\"5223\">\n<p data-start=\"5116\" data-end=\"5223\">Pusiau dr\u0117gna tekst\u016bra: lengviau kramtoma ir vir\u0161kinama, ypa\u010d tinka jautriems ar vyresnio am\u017eiaus \u0161unims.<\/p>\n<\/li>\n<li data-start=\"5224\" data-end=\"5325\">\n<p data-start=\"5226\" data-end=\"5325\">Vidutin\u0117 skaidul\u0173 koncentracija: palaiko normal\u0173 \u017earnyno darb\u0105, neapkraudama vir\u0161kinimo sistemos.<\/p>\n<\/li>\n<\/ul>\n<p data-start=\"5327\" data-end=\"5489\"><strong data-start=\"5327\" data-end=\"5339\">Sud\u0117tis:<\/strong> Gr\u016bdai ir augalin\u0117s kilm\u0117s produktai (1\u202f% cikorijos, 0,33\u202f% ciber\u017eol\u0117s), aliejai ir riebalai, m\u0117sa ir gyv\u016bnin\u0117s kilm\u0117s produktai, propilenglikolis.<\/p>\n<p data-start=\"5491\" data-end=\"5591\"><strong data-start=\"5491\" data-end=\"5513\">Analitin\u0117 sud\u0117tis:<\/strong> Baltymai 11\u202f%, Riebalai 5,6\u202f%, Pelenai 3,3\u202f%, Skaidulos 1,1\u202f%, Dr\u0117gm\u0117 24\u202f%.<\/p>\n","protected":false},"featured_media":49814,"template":"","meta":[],"product_brand":[],"product_cat":[871],"product_tag":[],"class_list":{"0":"post-51491","1":"product","2":"type-product","3":"status-publish","4":"has-post-thumbnail","6":"product_cat-maisto-papildai-sunims","8":"first","9":"instock","10":"sale","11":"taxable","12":"shipping-taxable","13":"purchasable","14":"product-type-simple"},"yoast_head":"<!-- This site is optimized with the Yoast SEO plugin v27.4 - https:\/\/yoast.com\/product\/yoast-seo-wordpress\/ -->\n<title>Pharmasentials Pusiau dr\u0117gni skan\u0117stai Gastro 125\u202fg - MiuMjau<\/title>\n<meta name=\"robots\" content=\"index, follow, max-snippet:-1, max-image-preview:large, max-video-preview:-1\" \/>\n<link rel=\"canonical\" href=\"https:\/\/miumjau.ee\/lt\/produktas\/pharmasentials-pusiau-dregni-skanestai-gastro-125-g\/\" \/>\n<meta property=\"og:locale\" content=\"lt_LT\" \/>\n<meta property=\"og:type\" content=\"article\" \/>\n<meta property=\"og:title\" content=\"Pharmasentials Pusiau dr\u0117gni skan\u0117stai Gastro 125\u202fg - MiuMjau\" \/>\n<meta property=\"og:description\" content=\"Pharmasentials funkciniai skan\u0117stai yra idealus atlygis j\u016bs\u0173 mylimam kailiniam draugui, kuriam reikia \u0161iek tiek daugiau prie\u017ei\u016bros. M\u016bs\u0173 auk\u0161tos kokyb\u0117s receptai specialiai sukurti, kad palaikyt\u0173 j\u016bs\u0173 \u0161uns sveikat\u0105 ir gyvybingum\u0105. Nuo s\u0105nari\u0173 palaikymo iki kailio prie\u017ei\u016bros \u2013 rasite tinkam\u0105 skan\u0117st\u0105 pagal \u0161uns poreikius. Puikiai tinka kaip papildymas veterinarin\u0117s dietos metu arba tiesiog kaip gardus apdovanojimas sveikatai palaikyti. Privalumai:     Cikorija veikia kaip nat\u016bralus prebiotikas (sud\u0117tyje yra inulino), palaikydama nauding\u0173 \u017earnyno bakterij\u0173 augim\u0105.    Padeda pagerinti vir\u0161kinim\u0105 ir \u017earnyno balans\u0105.    Ciber\u017eol\u0117 \u017einoma d\u0117l prie\u0161u\u017edegimini\u0173 savybi\u0173 ir vir\u0161kinimo palaikymo.    Gali pad\u0117ti nuraminti vir\u0161kinimo trakt\u0105 ir palaikyti skrand\u017eio bei \u017earnyno sveikat\u0105.    Pusiau dr\u0117gna tekst\u016bra: lengviau kramtoma ir vir\u0161kinama, ypa\u010d tinka jautriems ar vyresnio am\u017eiaus \u0161unims.    Vidutin\u0117 skaidul\u0173 koncentracija: palaiko normal\u0173 \u017earnyno darb\u0105, neapkraudama vir\u0161kinimo sistemos.   Sud\u0117tis: Gr\u016bdai ir augalin\u0117s kilm\u0117s produktai (1\u202f% cikorijos, 0,33\u202f% ciber\u017eol\u0117s), aliejai ir riebalai, m\u0117sa ir gyv\u016bnin\u0117s kilm\u0117s produktai, propilenglikolis. Analitin\u0117 sud\u0117tis: Baltymai 11\u202f%, Riebalai 5,6\u202f%, Pelenai 3,3\u202f%, Skaidulos 1,1\u202f%, Dr\u0117gm\u0117 24\u202f%.\" \/>\n<meta property=\"og:url\" content=\"https:\/\/miumjau.ee\/lt\/produktas\/pharmasentials-pusiau-dregni-skanestai-gastro-125-g\/\" \/>\n<meta property=\"og:site_name\" content=\"MiuMjau\" \/>\n<meta property=\"article:publisher\" content=\"https:\/\/www.facebook.com\/miumjaupood\/\" \/>\n<meta property=\"article:modified_time\" content=\"2026-01-07T18:40:31+00:00\" \/>\n<meta property=\"og:image\" content=\"https:\/\/miumjau.ee\/wp-content\/uploads\/2025\/12\/pharmasentials-maiused-koertele2.png\" \/>\n\t<meta property=\"og:image:width\" content=\"600\" \/>\n\t<meta property=\"og:image:height\" content=\"800\" \/>\n\t<meta property=\"og:image:type\" content=\"image\/png\" \/>\n<meta name=\"twitter:card\" content=\"summary_large_image\" \/>\n<script type=\"application\/ld+json\" class=\"yoast-schema-graph\">{\"@context\":\"https:\\\/\\\/schema.org\",\"@graph\":[{\"@type\":\"WebPage\",\"@id\":\"https:\\\/\\\/miumjau.ee\\\/lt\\\/produktas\\\/pharmasentials-pusiau-dregni-skanestai-gastro-125-g\\\/\",\"url\":\"https:\\\/\\\/miumjau.ee\\\/lt\\\/produktas\\\/pharmasentials-pusiau-dregni-skanestai-gastro-125-g\\\/\",\"name\":\"Pharmasentials Pusiau dr\u0117gni skan\u0117stai Gastro 125\u202fg - MiuMjau\",\"isPartOf\":{\"@id\":\"https:\\\/\\\/miumjau.ee\\\/#website\"},\"primaryImageOfPage\":{\"@id\":\"https:\\\/\\\/miumjau.ee\\\/lt\\\/produktas\\\/pharmasentials-pusiau-dregni-skanestai-gastro-125-g\\\/#primaryimage\"},\"image\":{\"@id\":\"https:\\\/\\\/miumjau.ee\\\/lt\\\/produktas\\\/pharmasentials-pusiau-dregni-skanestai-gastro-125-g\\\/#primaryimage\"},\"thumbnailUrl\":\"https:\\\/\\\/miumjau.ee\\\/wp-content\\\/uploads\\\/2025\\\/12\\\/pharmasentials-maiused-koertele2.png\",\"datePublished\":\"2025-12-23T18:32:06+00:00\",\"dateModified\":\"2026-01-07T18:40:31+00:00\",\"breadcrumb\":{\"@id\":\"https:\\\/\\\/miumjau.ee\\\/lt\\\/produktas\\\/pharmasentials-pusiau-dregni-skanestai-gastro-125-g\\\/#breadcrumb\"},\"inLanguage\":\"lt-LT\",\"potentialAction\":[{\"@type\":\"ReadAction\",\"target\":[\"https:\\\/\\\/miumjau.ee\\\/lt\\\/produktas\\\/pharmasentials-pusiau-dregni-skanestai-gastro-125-g\\\/\"]}]},{\"@type\":\"ImageObject\",\"inLanguage\":\"lt-LT\",\"@id\":\"https:\\\/\\\/miumjau.ee\\\/lt\\\/produktas\\\/pharmasentials-pusiau-dregni-skanestai-gastro-125-g\\\/#primaryimage\",\"url\":\"https:\\\/\\\/miumjau.ee\\\/wp-content\\\/uploads\\\/2025\\\/12\\\/pharmasentials-maiused-koertele2.png\",\"contentUrl\":\"https:\\\/\\\/miumjau.ee\\\/wp-content\\\/uploads\\\/2025\\\/12\\\/pharmasentials-maiused-koertele2.png\",\"width\":600,\"height\":800,\"caption\":\"Pharmasentials poolniisked maiused Gastro\"},{\"@type\":\"BreadcrumbList\",\"@id\":\"https:\\\/\\\/miumjau.ee\\\/lt\\\/produktas\\\/pharmasentials-pusiau-dregni-skanestai-gastro-125-g\\\/#breadcrumb\",\"itemListElement\":[{\"@type\":\"ListItem\",\"position\":1,\"name\":\"Home\",\"item\":\"https:\\\/\\\/miumjau.ee\\\/lt\\\/\"},{\"@type\":\"ListItem\",\"position\":2,\"name\":\"Parduotuv\u0117\",\"item\":\"https:\\\/\\\/miumjau.ee\\\/lt\\\/parduotuve\\\/\"},{\"@type\":\"ListItem\",\"position\":3,\"name\":\"Pharmasentials Pusiau dr\u0117gni skan\u0117stai Gastro 125\u202fg\"}]},{\"@type\":\"WebSite\",\"@id\":\"https:\\\/\\\/miumjau.ee\\\/#website\",\"url\":\"https:\\\/\\\/miumjau.ee\\\/\",\"name\":\"MiuMjau\",\"description\":\"Kraapimispuud kassidele\",\"publisher\":{\"@id\":\"https:\\\/\\\/miumjau.ee\\\/#organization\"},\"potentialAction\":[{\"@type\":\"SearchAction\",\"target\":{\"@type\":\"EntryPoint\",\"urlTemplate\":\"https:\\\/\\\/miumjau.ee\\\/?s={search_term_string}\"},\"query-input\":{\"@type\":\"PropertyValueSpecification\",\"valueRequired\":true,\"valueName\":\"search_term_string\"}}],\"inLanguage\":\"lt-LT\"},{\"@type\":\"Organization\",\"@id\":\"https:\\\/\\\/miumjau.ee\\\/#organization\",\"name\":\"MiuMjau O\u00dc\",\"url\":\"https:\\\/\\\/miumjau.ee\\\/\",\"logo\":{\"@type\":\"ImageObject\",\"inLanguage\":\"lt-LT\",\"@id\":\"https:\\\/\\\/miumjau.ee\\\/#\\\/schema\\\/logo\\\/image\\\/\",\"url\":\"https:\\\/\\\/miumjau.ee\\\/wp-content\\\/uploads\\\/2022\\\/04\\\/MiuMjau-logo-kollane.png\",\"contentUrl\":\"https:\\\/\\\/miumjau.ee\\\/wp-content\\\/uploads\\\/2022\\\/04\\\/MiuMjau-logo-kollane.png\",\"width\":219,\"height\":100,\"caption\":\"MiuMjau O\u00dc\"},\"image\":{\"@id\":\"https:\\\/\\\/miumjau.ee\\\/#\\\/schema\\\/logo\\\/image\\\/\"},\"sameAs\":[\"https:\\\/\\\/www.facebook.com\\\/miumjaupood\\\/\"]}]}<\/script>\n<!-- \/ Yoast SEO plugin. -->","yoast_head_json":{"title":"Pharmasentials Pusiau dr\u0117gni skan\u0117stai Gastro 125\u202fg - MiuMjau","robots":{"index":"index","follow":"follow","max-snippet":"max-snippet:-1","max-image-preview":"max-image-preview:large","max-video-preview":"max-video-preview:-1"},"canonical":"https:\/\/miumjau.ee\/lt\/produktas\/pharmasentials-pusiau-dregni-skanestai-gastro-125-g\/","og_locale":"lt_LT","og_type":"article","og_title":"Pharmasentials Pusiau dr\u0117gni skan\u0117stai Gastro 125\u202fg - MiuMjau","og_description":"Pharmasentials funkciniai skan\u0117stai yra idealus atlygis j\u016bs\u0173 mylimam kailiniam draugui, kuriam reikia \u0161iek tiek daugiau prie\u017ei\u016bros. M\u016bs\u0173 auk\u0161tos kokyb\u0117s receptai specialiai sukurti, kad palaikyt\u0173 j\u016bs\u0173 \u0161uns sveikat\u0105 ir gyvybingum\u0105. Nuo s\u0105nari\u0173 palaikymo iki kailio prie\u017ei\u016bros \u2013 rasite tinkam\u0105 skan\u0117st\u0105 pagal \u0161uns poreikius. Puikiai tinka kaip papildymas veterinarin\u0117s dietos metu arba tiesiog kaip gardus apdovanojimas sveikatai palaikyti. Privalumai:     Cikorija veikia kaip nat\u016bralus prebiotikas (sud\u0117tyje yra inulino), palaikydama nauding\u0173 \u017earnyno bakterij\u0173 augim\u0105.    Padeda pagerinti vir\u0161kinim\u0105 ir \u017earnyno balans\u0105.    Ciber\u017eol\u0117 \u017einoma d\u0117l prie\u0161u\u017edegimini\u0173 savybi\u0173 ir vir\u0161kinimo palaikymo.    Gali pad\u0117ti nuraminti vir\u0161kinimo trakt\u0105 ir palaikyti skrand\u017eio bei \u017earnyno sveikat\u0105.    Pusiau dr\u0117gna tekst\u016bra: lengviau kramtoma ir vir\u0161kinama, ypa\u010d tinka jautriems ar vyresnio am\u017eiaus \u0161unims.    Vidutin\u0117 skaidul\u0173 koncentracija: palaiko normal\u0173 \u017earnyno darb\u0105, neapkraudama vir\u0161kinimo sistemos.   Sud\u0117tis: Gr\u016bdai ir augalin\u0117s kilm\u0117s produktai (1\u202f% cikorijos, 0,33\u202f% ciber\u017eol\u0117s), aliejai ir riebalai, m\u0117sa ir gyv\u016bnin\u0117s kilm\u0117s produktai, propilenglikolis. Analitin\u0117 sud\u0117tis: Baltymai 11\u202f%, Riebalai 5,6\u202f%, Pelenai 3,3\u202f%, Skaidulos 1,1\u202f%, Dr\u0117gm\u0117 24\u202f%.","og_url":"https:\/\/miumjau.ee\/lt\/produktas\/pharmasentials-pusiau-dregni-skanestai-gastro-125-g\/","og_site_name":"MiuMjau","article_publisher":"https:\/\/www.facebook.com\/miumjaupood\/","article_modified_time":"2026-01-07T18:40:31+00:00","og_image":[{"width":600,"height":800,"url":"https:\/\/miumjau.ee\/wp-content\/uploads\/2025\/12\/pharmasentials-maiused-koertele2.png","type":"image\/png"}],"twitter_card":"summary_large_image","schema":{"@context":"https:\/\/schema.org","@graph":[{"@type":"WebPage","@id":"https:\/\/miumjau.ee\/lt\/produktas\/pharmasentials-pusiau-dregni-skanestai-gastro-125-g\/","url":"https:\/\/miumjau.ee\/lt\/produktas\/pharmasentials-pusiau-dregni-skanestai-gastro-125-g\/","name":"Pharmasentials Pusiau dr\u0117gni skan\u0117stai Gastro 125\u202fg - MiuMjau","isPartOf":{"@id":"https:\/\/miumjau.ee\/#website"},"primaryImageOfPage":{"@id":"https:\/\/miumjau.ee\/lt\/produktas\/pharmasentials-pusiau-dregni-skanestai-gastro-125-g\/#primaryimage"},"image":{"@id":"https:\/\/miumjau.ee\/lt\/produktas\/pharmasentials-pusiau-dregni-skanestai-gastro-125-g\/#primaryimage"},"thumbnailUrl":"https:\/\/miumjau.ee\/wp-content\/uploads\/2025\/12\/pharmasentials-maiused-koertele2.png","datePublished":"2025-12-23T18:32:06+00:00","dateModified":"2026-01-07T18:40:31+00:00","breadcrumb":{"@id":"https:\/\/miumjau.ee\/lt\/produktas\/pharmasentials-pusiau-dregni-skanestai-gastro-125-g\/#breadcrumb"},"inLanguage":"lt-LT","potentialAction":[{"@type":"ReadAction","target":["https:\/\/miumjau.ee\/lt\/produktas\/pharmasentials-pusiau-dregni-skanestai-gastro-125-g\/"]}]},{"@type":"ImageObject","inLanguage":"lt-LT","@id":"https:\/\/miumjau.ee\/lt\/produktas\/pharmasentials-pusiau-dregni-skanestai-gastro-125-g\/#primaryimage","url":"https:\/\/miumjau.ee\/wp-content\/uploads\/2025\/12\/pharmasentials-maiused-koertele2.png","contentUrl":"https:\/\/miumjau.ee\/wp-content\/uploads\/2025\/12\/pharmasentials-maiused-koertele2.png","width":600,"height":800,"caption":"Pharmasentials poolniisked maiused Gastro"},{"@type":"BreadcrumbList","@id":"https:\/\/miumjau.ee\/lt\/produktas\/pharmasentials-pusiau-dregni-skanestai-gastro-125-g\/#breadcrumb","itemListElement":[{"@type":"ListItem","position":1,"name":"Home","item":"https:\/\/miumjau.ee\/lt\/"},{"@type":"ListItem","position":2,"name":"Parduotuv\u0117","item":"https:\/\/miumjau.ee\/lt\/parduotuve\/"},{"@type":"ListItem","position":3,"name":"Pharmasentials Pusiau dr\u0117gni skan\u0117stai Gastro 125\u202fg"}]},{"@type":"WebSite","@id":"https:\/\/miumjau.ee\/#website","url":"https:\/\/miumjau.ee\/","name":"MiuMjau","description":"Kraapimispuud kassidele","publisher":{"@id":"https:\/\/miumjau.ee\/#organization"},"potentialAction":[{"@type":"SearchAction","target":{"@type":"EntryPoint","urlTemplate":"https:\/\/miumjau.ee\/?s={search_term_string}"},"query-input":{"@type":"PropertyValueSpecification","valueRequired":true,"valueName":"search_term_string"}}],"inLanguage":"lt-LT"},{"@type":"Organization","@id":"https:\/\/miumjau.ee\/#organization","name":"MiuMjau O\u00dc","url":"https:\/\/miumjau.ee\/","logo":{"@type":"ImageObject","inLanguage":"lt-LT","@id":"https:\/\/miumjau.ee\/#\/schema\/logo\/image\/","url":"https:\/\/miumjau.ee\/wp-content\/uploads\/2022\/04\/MiuMjau-logo-kollane.png","contentUrl":"https:\/\/miumjau.ee\/wp-content\/uploads\/2022\/04\/MiuMjau-logo-kollane.png","width":219,"height":100,"caption":"MiuMjau O\u00dc"},"image":{"@id":"https:\/\/miumjau.ee\/#\/schema\/logo\/image\/"},"sameAs":["https:\/\/www.facebook.com\/miumjaupood\/"]}]}},"_links":{"self":[{"href":"https:\/\/miumjau.ee\/lt\/wp-json\/wp\/v2\/product\/51491","targetHints":{"allow":["GET"]}}],"collection":[{"href":"https:\/\/miumjau.ee\/lt\/wp-json\/wp\/v2\/product"}],"about":[{"href":"https:\/\/miumjau.ee\/lt\/wp-json\/wp\/v2\/types\/product"}],"wp:featuredmedia":[{"embeddable":true,"href":"https:\/\/miumjau.ee\/lt\/wp-json\/wp\/v2\/media\/49814"}],"wp:attachment":[{"href":"https:\/\/miumjau.ee\/lt\/wp-json\/wp\/v2\/media?parent=51491"}],"wp:term":[{"taxonomy":"product_brand","embeddable":true,"href":"https:\/\/miumjau.ee\/lt\/wp-json\/wp\/v2\/product_brand?post=51491"},{"taxonomy":"product_cat","embeddable":true,"href":"https:\/\/miumjau.ee\/lt\/wp-json\/wp\/v2\/product_cat?post=51491"},{"taxonomy":"product_tag","embeddable":true,"href":"https:\/\/miumjau.ee\/lt\/wp-json\/wp\/v2\/product_tag?post=51491"}],"curies":[{"name":"wp","href":"https:\/\/api.w.org\/{rel}","templated":true}]}}