{"id":51486,"date":"2026-01-05T15:46:21","date_gmt":"2026-01-05T13:46:21","guid":{"rendered":"https:\/\/miumjau.ee\/toode\/dr-malou-saldyti-dziovinti-lazdeles-skanestai-sunims-48-g-6-vnt\/"},"modified":"2026-01-07T20:40:31","modified_gmt":"2026-01-07T18:40:31","slug":"dr-malou-saldyti-dziovinti-lazdeles-skanestai-sunims-48-g-6-vnt","status":"publish","type":"product","link":"https:\/\/miumjau.ee\/lt\/produktas\/dr-malou-saldyti-dziovinti-lazdeles-skanestai-sunims-48-g-6-vnt\/","title":{"rendered":"Dr Malou \u0160aldyti d\u017eiovinti lazdel\u0117s skan\u0117stai \u0161unims 48\u202fg, 6 vnt."},"content":{"rendered":"","protected":false},"excerpt":{"rendered":"<p data-start=\"6450\" data-end=\"6733\">Sveikas skan\u0117stas, teikiantis d\u017eiaugsm\u0105 ir veikl\u0105! \ud83c\udf6d<br data-start=\"6503\" data-end=\"6506\" \/>Ie\u0161kote b\u016bdo apdovanoti savo \u0161un\u012f sveikai, skaniai ir \u012fdomiai? Dr. Malou \u0161aldyti d\u017eiovinti lazdel\u0117s skan\u0117stai n\u0117ra paprasti skan\u0117stai \u2013 jie paver\u010dia apdovanojim\u0105 interaktyviu \u017eaidimu ir suteikia \u0161uniui stimuliuojan\u010di\u0105 veikl\u0105.<\/p>\n<p data-start=\"6735\" data-end=\"6914\">\u0160iame skoni\u0173 rinkinyje yra trys funkcional\u016bs skoniai, \u0161velniai \u0161aldyti d\u017eiovinant, kad i\u0161saugot\u0173 100\u202f% nat\u016bral\u0173 skon\u012f ir visas vertingas maistines med\u017eiagas be dirbtini\u0173 pried\u0173.<\/p>\n<p data-start=\"6916\" data-end=\"6950\"><strong data-start=\"6916\" data-end=\"6948\">Kod\u0117l j\u016bs\u0173 \u0161uo juos dievins:<\/strong><\/p>\n<ul data-start=\"6951\" data-end=\"7653\">\n<li data-start=\"6951\" data-end=\"7039\">\n<p data-start=\"6953\" data-end=\"7039\"><strong data-start=\"6953\" data-end=\"6978\">Didelis m\u0117sos kiekis:<\/strong> Pagaminta i\u0161 94\u202f% kokybi\u0161kos vi\u0161tienos m\u0117sos ir kepen\u0117li\u0173.<\/p>\n<\/li>\n<li data-start=\"7040\" data-end=\"7288\">\n<p data-start=\"7042\" data-end=\"7085\"><strong data-start=\"7042\" data-end=\"7083\">Trys sveiki skoniai viename pakelyje:<\/strong><\/p>\n<ul data-start=\"7088\" data-end=\"7288\">\n<li data-start=\"7088\" data-end=\"7152\">\n<p data-start=\"7090\" data-end=\"7152\"><strong data-start=\"7090\" data-end=\"7103\">Moli\u016bgas:<\/strong> Palaiko vir\u0161kinim\u0105, turtingas B ir E vitamin\u0173.<\/p>\n<\/li>\n<li data-start=\"7155\" data-end=\"7213\">\n<p data-start=\"7157\" data-end=\"7213\"><strong data-start=\"7157\" data-end=\"7168\">M\u0117lyn\u0117:<\/strong> Galingas nat\u016brali\u0173 antioksidant\u0173 \u0161altinis.<\/p>\n<\/li>\n<li data-start=\"7216\" data-end=\"7288\">\n<p data-start=\"7218\" data-end=\"7288\"><strong data-start=\"7218\" data-end=\"7232\">Spanguol\u0117:<\/strong> Palaiko \u0161lapimo tak\u0173 sveikat\u0105 ir suteikia vitamino C.<\/p>\n<\/li>\n<\/ul>\n<\/li>\n<li data-start=\"7289\" data-end=\"7505\">\n<p data-start=\"7291\" data-end=\"7505\"><strong data-start=\"7291\" data-end=\"7318\">\u017daisminga ir lavinanti:<\/strong> Lai\u017eymas ir kramtymas ramina \u0161un\u012f ir suteikia veiklos. Laikykite lazdel\u0119 rankoje, kad sustiprintum\u0117te ry\u0161\u012f su savo augintiniu, arba duokite tra\u0161ki\u0105 plok\u0161tel\u0119 savaranki\u0161kam m\u0117gavimuisi.<\/p>\n<\/li>\n<li data-start=\"7506\" data-end=\"7653\">\n<p data-start=\"7508\" data-end=\"7653\"><strong data-start=\"7508\" data-end=\"7536\">100\u202f% nat\u016bralus sud\u0117tis:<\/strong> Be gr\u016bd\u0173, m\u0117sos milt\u0173, cukraus, konservant\u0173 ar da\u017eikli\u0173. Lazdel\u0117 pagaminta i\u0161 netoksi\u0161ko popieriaus (nesuvalgoma).<\/p>\n<\/li>\n<\/ul>\n<p data-start=\"7655\" data-end=\"7669\"><strong data-start=\"7655\" data-end=\"7667\">Sud\u0117tis:<\/strong><\/p>\n<ul data-start=\"7670\" data-end=\"8117\">\n<li data-start=\"7670\" data-end=\"7817\">\n<p data-start=\"7672\" data-end=\"7817\"><strong data-start=\"7672\" data-end=\"7691\">Moli\u016bgo skonis:<\/strong> \u0160aldyta vi\u0161tiena 84\u202f%, \u0161aldytos vi\u0161tienos kepen\u0117l\u0117s 10\u202f%, d\u017eiovintas moli\u016bgas 2,5\u202f%, jamso milteliai 3\u202f%, celiulioz\u0117 0,5\u202f%.<\/p>\n<\/li>\n<li data-start=\"7818\" data-end=\"7964\">\n<p data-start=\"7820\" data-end=\"7964\"><strong data-start=\"7820\" data-end=\"7839\">M\u0117lyn\u0117s skonis:<\/strong> \u0160aldyta vi\u0161tiena 84\u202f%, \u0161aldytos vi\u0161tienos kepen\u0117l\u0117s 10\u202f%, d\u017eiovintos m\u0117lyn\u0117s 2,5\u202f%, jamso milteliai 3\u202f%, celiulioz\u0117 0,5\u202f%.<\/p>\n<\/li>\n<li data-start=\"7965\" data-end=\"8117\">\n<p data-start=\"7967\" data-end=\"8117\"><strong data-start=\"7967\" data-end=\"7989\">Spanguoli\u0173 skonis:<\/strong> \u0160aldyta vi\u0161tiena 84\u202f%, \u0161aldytos vi\u0161tienos kepen\u0117l\u0117s 10\u202f%, d\u017eiovintos spanguol\u0117s 2,5\u202f%, jamso milteliai 3\u202f%, celiulioz\u0117 0,5\u202f%.<\/p>\n<\/li>\n<\/ul>\n<p data-start=\"8119\" data-end=\"8164\">Nat\u016braliai konservuota rozmarino ekstraktu.<\/p>\n<p data-start=\"8166\" data-end=\"8325\"><strong data-start=\"8166\" data-end=\"8188\">Analitin\u0117 sud\u0117tis:<\/strong> Baltymai 72\u202f%; Riebalai 10\u202f%; Skaidulos 2\u202f%; Pelenai 6\u202f%; Dr\u0117gm\u0117 6\u202f%<br data-start=\"8257\" data-end=\"8260\" \/><strong data-start=\"8260\" data-end=\"8279\">Energin\u0117 vert\u0117:<\/strong> 351 kcal\/100\u202fg (viena 6\u202fg lazdel\u0117 ~21\u202fkcal)<\/p>\n<p data-start=\"8327\" data-end=\"8482\"><strong data-start=\"8327\" data-end=\"8342\">Naudojimas:<\/strong> Duoti kaip u\u017ekand\u012f arba apdovanojim\u0105. Viename pakelyje 6 vnt. Tinka visoms veisl\u0117ms. U\u017etikrinkite, kad \u0161uo visada tur\u0117t\u0173 \u0161vie\u017eio vandens.<\/p>\n","protected":false},"featured_media":51234,"template":"","meta":[],"product_brand":[],"product_cat":[540],"product_tag":[],"class_list":{"0":"post-51486","1":"product","2":"type-product","3":"status-publish","4":"has-post-thumbnail","6":"product_cat-skanestai-sunims","8":"first","9":"instock","10":"taxable","11":"shipping-taxable","12":"purchasable","13":"product-type-simple"},"yoast_head":"<!-- This site is optimized with the Yoast SEO plugin v27.2 - https:\/\/yoast.com\/product\/yoast-seo-wordpress\/ -->\n<title>Dr Malou \u0160aldyti d\u017eiovinti lazdel\u0117s skan\u0117stai \u0161unims 48\u202fg, 6 vnt. - MiuMjau<\/title>\n<meta name=\"robots\" content=\"index, follow, max-snippet:-1, max-image-preview:large, max-video-preview:-1\" \/>\n<link rel=\"canonical\" href=\"https:\/\/miumjau.ee\/lt\/produktas\/dr-malou-saldyti-dziovinti-lazdeles-skanestai-sunims-48-g-6-vnt\/\" \/>\n<meta property=\"og:locale\" content=\"lt_LT\" \/>\n<meta property=\"og:type\" content=\"article\" \/>\n<meta property=\"og:title\" content=\"Dr Malou \u0160aldyti d\u017eiovinti lazdel\u0117s skan\u0117stai \u0161unims 48\u202fg, 6 vnt. - MiuMjau\" \/>\n<meta property=\"og:description\" content=\"Sveikas skan\u0117stas, teikiantis d\u017eiaugsm\u0105 ir veikl\u0105! \ud83c\udf6dIe\u0161kote b\u016bdo apdovanoti savo \u0161un\u012f sveikai, skaniai ir \u012fdomiai? Dr. Malou \u0161aldyti d\u017eiovinti lazdel\u0117s skan\u0117stai n\u0117ra paprasti skan\u0117stai \u2013 jie paver\u010dia apdovanojim\u0105 interaktyviu \u017eaidimu ir suteikia \u0161uniui stimuliuojan\u010di\u0105 veikl\u0105. \u0160iame skoni\u0173 rinkinyje yra trys funkcional\u016bs skoniai, \u0161velniai \u0161aldyti d\u017eiovinant, kad i\u0161saugot\u0173 100\u202f% nat\u016bral\u0173 skon\u012f ir visas vertingas maistines med\u017eiagas be dirbtini\u0173 pried\u0173. Kod\u0117l j\u016bs\u0173 \u0161uo juos dievins:     Didelis m\u0117sos kiekis: Pagaminta i\u0161 94\u202f% kokybi\u0161kos vi\u0161tienos m\u0117sos ir kepen\u0117li\u0173.    Trys sveiki skoniai viename pakelyje:     Moli\u016bgas: Palaiko vir\u0161kinim\u0105, turtingas B ir E vitamin\u0173.    M\u0117lyn\u0117: Galingas nat\u016brali\u0173 antioksidant\u0173 \u0161altinis.    Spanguol\u0117: Palaiko \u0161lapimo tak\u0173 sveikat\u0105 ir suteikia vitamino C.      \u017daisminga ir lavinanti: Lai\u017eymas ir kramtymas ramina \u0161un\u012f ir suteikia veiklos. Laikykite lazdel\u0119 rankoje, kad sustiprintum\u0117te ry\u0161\u012f su savo augintiniu, arba duokite tra\u0161ki\u0105 plok\u0161tel\u0119 savaranki\u0161kam m\u0117gavimuisi.    100\u202f% nat\u016bralus sud\u0117tis: Be gr\u016bd\u0173, m\u0117sos milt\u0173, cukraus, konservant\u0173 ar da\u017eikli\u0173. Lazdel\u0117 pagaminta i\u0161 netoksi\u0161ko popieriaus (nesuvalgoma).   Sud\u0117tis:     Moli\u016bgo skonis: \u0160aldyta vi\u0161tiena 84\u202f%, \u0161aldytos vi\u0161tienos kepen\u0117l\u0117s 10\u202f%, d\u017eiovintas moli\u016bgas 2,5\u202f%, jamso milteliai 3\u202f%, celiulioz\u0117 0,5\u202f%.    M\u0117lyn\u0117s skonis: \u0160aldyta vi\u0161tiena 84\u202f%, \u0161aldytos vi\u0161tienos kepen\u0117l\u0117s 10\u202f%, d\u017eiovintos m\u0117lyn\u0117s 2,5\u202f%, jamso milteliai 3\u202f%, celiulioz\u0117 0,5\u202f%.    Spanguoli\u0173 skonis: \u0160aldyta vi\u0161tiena 84\u202f%, \u0161aldytos vi\u0161tienos kepen\u0117l\u0117s 10\u202f%, d\u017eiovintos spanguol\u0117s 2,5\u202f%, jamso milteliai 3\u202f%, celiulioz\u0117 0,5\u202f%.   Nat\u016braliai konservuota rozmarino ekstraktu. Analitin\u0117 sud\u0117tis: Baltymai 72\u202f%; Riebalai 10\u202f%; Skaidulos 2\u202f%; Pelenai 6\u202f%; Dr\u0117gm\u0117 6\u202f%Energin\u0117 vert\u0117: 351 kcal\/100\u202fg (viena 6\u202fg lazdel\u0117 ~21\u202fkcal) Naudojimas: Duoti kaip u\u017ekand\u012f arba apdovanojim\u0105. Viename pakelyje 6 vnt. Tinka visoms veisl\u0117ms. U\u017etikrinkite, kad \u0161uo visada tur\u0117t\u0173 \u0161vie\u017eio vandens.\" \/>\n<meta property=\"og:url\" content=\"https:\/\/miumjau.ee\/lt\/produktas\/dr-malou-saldyti-dziovinti-lazdeles-skanestai-sunims-48-g-6-vnt\/\" \/>\n<meta property=\"og:site_name\" content=\"MiuMjau\" \/>\n<meta property=\"article:publisher\" content=\"https:\/\/www.facebook.com\/miumjaupood\/\" \/>\n<meta property=\"article:modified_time\" content=\"2026-01-07T18:40:31+00:00\" \/>\n<meta property=\"og:image\" content=\"https:\/\/miumjau.ee\/wp-content\/uploads\/2026\/01\/koeramaiused-kulmkuivatatud5.jpg\" \/>\n\t<meta property=\"og:image:width\" content=\"600\" \/>\n\t<meta property=\"og:image:height\" content=\"800\" \/>\n\t<meta property=\"og:image:type\" content=\"image\/jpeg\" \/>\n<meta name=\"twitter:card\" content=\"summary_large_image\" \/>\n<script type=\"application\/ld+json\" class=\"yoast-schema-graph\">{\"@context\":\"https:\/\/schema.org\",\"@graph\":[{\"@type\":\"WebPage\",\"@id\":\"https:\/\/miumjau.ee\/lt\/produktas\/dr-malou-saldyti-dziovinti-lazdeles-skanestai-sunims-48-g-6-vnt\/\",\"url\":\"https:\/\/miumjau.ee\/lt\/produktas\/dr-malou-saldyti-dziovinti-lazdeles-skanestai-sunims-48-g-6-vnt\/\",\"name\":\"Dr Malou \u0160aldyti d\u017eiovinti lazdel\u0117s skan\u0117stai \u0161unims 48\u202fg, 6 vnt. - MiuMjau\",\"isPartOf\":{\"@id\":\"https:\/\/miumjau.ee\/#website\"},\"primaryImageOfPage\":{\"@id\":\"https:\/\/miumjau.ee\/lt\/produktas\/dr-malou-saldyti-dziovinti-lazdeles-skanestai-sunims-48-g-6-vnt\/#primaryimage\"},\"image\":{\"@id\":\"https:\/\/miumjau.ee\/lt\/produktas\/dr-malou-saldyti-dziovinti-lazdeles-skanestai-sunims-48-g-6-vnt\/#primaryimage\"},\"thumbnailUrl\":\"https:\/\/miumjau.ee\/wp-content\/uploads\/2026\/01\/koeramaiused-kulmkuivatatud5.jpg\",\"datePublished\":\"2026-01-05T13:46:21+00:00\",\"dateModified\":\"2026-01-07T18:40:31+00:00\",\"breadcrumb\":{\"@id\":\"https:\/\/miumjau.ee\/lt\/produktas\/dr-malou-saldyti-dziovinti-lazdeles-skanestai-sunims-48-g-6-vnt\/#breadcrumb\"},\"inLanguage\":\"lt-LT\",\"potentialAction\":[{\"@type\":\"ReadAction\",\"target\":[\"https:\/\/miumjau.ee\/lt\/produktas\/dr-malou-saldyti-dziovinti-lazdeles-skanestai-sunims-48-g-6-vnt\/\"]}]},{\"@type\":\"ImageObject\",\"inLanguage\":\"lt-LT\",\"@id\":\"https:\/\/miumjau.ee\/lt\/produktas\/dr-malou-saldyti-dziovinti-lazdeles-skanestai-sunims-48-g-6-vnt\/#primaryimage\",\"url\":\"https:\/\/miumjau.ee\/wp-content\/uploads\/2026\/01\/koeramaiused-kulmkuivatatud5.jpg\",\"contentUrl\":\"https:\/\/miumjau.ee\/wp-content\/uploads\/2026\/01\/koeramaiused-kulmkuivatatud5.jpg\",\"width\":600,\"height\":800,\"caption\":\"Dr Malou k\u00fclmkuivatatud pulgakommid koerale 48g, 6tk\"},{\"@type\":\"BreadcrumbList\",\"@id\":\"https:\/\/miumjau.ee\/lt\/produktas\/dr-malou-saldyti-dziovinti-lazdeles-skanestai-sunims-48-g-6-vnt\/#breadcrumb\",\"itemListElement\":[{\"@type\":\"ListItem\",\"position\":1,\"name\":\"Home\",\"item\":\"https:\/\/miumjau.ee\/lt\/\"},{\"@type\":\"ListItem\",\"position\":2,\"name\":\"Parduotuv\u0117\",\"item\":\"https:\/\/miumjau.ee\/lt\/parduotuve\/\"},{\"@type\":\"ListItem\",\"position\":3,\"name\":\"Dr Malou \u0160aldyti d\u017eiovinti lazdel\u0117s skan\u0117stai \u0161unims 48\u202fg, 6 vnt.\"}]},{\"@type\":\"WebSite\",\"@id\":\"https:\/\/miumjau.ee\/#website\",\"url\":\"https:\/\/miumjau.ee\/\",\"name\":\"MiuMjau\",\"description\":\"Kraapimispuud kassidele\",\"publisher\":{\"@id\":\"https:\/\/miumjau.ee\/#organization\"},\"potentialAction\":[{\"@type\":\"SearchAction\",\"target\":{\"@type\":\"EntryPoint\",\"urlTemplate\":\"https:\/\/miumjau.ee\/?s={search_term_string}\"},\"query-input\":{\"@type\":\"PropertyValueSpecification\",\"valueRequired\":true,\"valueName\":\"search_term_string\"}}],\"inLanguage\":\"lt-LT\"},{\"@type\":\"Organization\",\"@id\":\"https:\/\/miumjau.ee\/#organization\",\"name\":\"MiuMjau O\u00dc\",\"url\":\"https:\/\/miumjau.ee\/\",\"logo\":{\"@type\":\"ImageObject\",\"inLanguage\":\"lt-LT\",\"@id\":\"https:\/\/miumjau.ee\/#\/schema\/logo\/image\/\",\"url\":\"https:\/\/miumjau.ee\/wp-content\/uploads\/2022\/04\/MiuMjau-logo-kollane.png\",\"contentUrl\":\"https:\/\/miumjau.ee\/wp-content\/uploads\/2022\/04\/MiuMjau-logo-kollane.png\",\"width\":219,\"height\":100,\"caption\":\"MiuMjau O\u00dc\"},\"image\":{\"@id\":\"https:\/\/miumjau.ee\/#\/schema\/logo\/image\/\"},\"sameAs\":[\"https:\/\/www.facebook.com\/miumjaupood\/\"]}]}<\/script>\n<!-- \/ Yoast SEO plugin. -->","yoast_head_json":{"title":"Dr Malou \u0160aldyti d\u017eiovinti lazdel\u0117s skan\u0117stai \u0161unims 48\u202fg, 6 vnt. - MiuMjau","robots":{"index":"index","follow":"follow","max-snippet":"max-snippet:-1","max-image-preview":"max-image-preview:large","max-video-preview":"max-video-preview:-1"},"canonical":"https:\/\/miumjau.ee\/lt\/produktas\/dr-malou-saldyti-dziovinti-lazdeles-skanestai-sunims-48-g-6-vnt\/","og_locale":"lt_LT","og_type":"article","og_title":"Dr Malou \u0160aldyti d\u017eiovinti lazdel\u0117s skan\u0117stai \u0161unims 48\u202fg, 6 vnt. - MiuMjau","og_description":"Sveikas skan\u0117stas, teikiantis d\u017eiaugsm\u0105 ir veikl\u0105! \ud83c\udf6dIe\u0161kote b\u016bdo apdovanoti savo \u0161un\u012f sveikai, skaniai ir \u012fdomiai? Dr. Malou \u0161aldyti d\u017eiovinti lazdel\u0117s skan\u0117stai n\u0117ra paprasti skan\u0117stai \u2013 jie paver\u010dia apdovanojim\u0105 interaktyviu \u017eaidimu ir suteikia \u0161uniui stimuliuojan\u010di\u0105 veikl\u0105. \u0160iame skoni\u0173 rinkinyje yra trys funkcional\u016bs skoniai, \u0161velniai \u0161aldyti d\u017eiovinant, kad i\u0161saugot\u0173 100\u202f% nat\u016bral\u0173 skon\u012f ir visas vertingas maistines med\u017eiagas be dirbtini\u0173 pried\u0173. Kod\u0117l j\u016bs\u0173 \u0161uo juos dievins:     Didelis m\u0117sos kiekis: Pagaminta i\u0161 94\u202f% kokybi\u0161kos vi\u0161tienos m\u0117sos ir kepen\u0117li\u0173.    Trys sveiki skoniai viename pakelyje:     Moli\u016bgas: Palaiko vir\u0161kinim\u0105, turtingas B ir E vitamin\u0173.    M\u0117lyn\u0117: Galingas nat\u016brali\u0173 antioksidant\u0173 \u0161altinis.    Spanguol\u0117: Palaiko \u0161lapimo tak\u0173 sveikat\u0105 ir suteikia vitamino C.      \u017daisminga ir lavinanti: Lai\u017eymas ir kramtymas ramina \u0161un\u012f ir suteikia veiklos. Laikykite lazdel\u0119 rankoje, kad sustiprintum\u0117te ry\u0161\u012f su savo augintiniu, arba duokite tra\u0161ki\u0105 plok\u0161tel\u0119 savaranki\u0161kam m\u0117gavimuisi.    100\u202f% nat\u016bralus sud\u0117tis: Be gr\u016bd\u0173, m\u0117sos milt\u0173, cukraus, konservant\u0173 ar da\u017eikli\u0173. Lazdel\u0117 pagaminta i\u0161 netoksi\u0161ko popieriaus (nesuvalgoma).   Sud\u0117tis:     Moli\u016bgo skonis: \u0160aldyta vi\u0161tiena 84\u202f%, \u0161aldytos vi\u0161tienos kepen\u0117l\u0117s 10\u202f%, d\u017eiovintas moli\u016bgas 2,5\u202f%, jamso milteliai 3\u202f%, celiulioz\u0117 0,5\u202f%.    M\u0117lyn\u0117s skonis: \u0160aldyta vi\u0161tiena 84\u202f%, \u0161aldytos vi\u0161tienos kepen\u0117l\u0117s 10\u202f%, d\u017eiovintos m\u0117lyn\u0117s 2,5\u202f%, jamso milteliai 3\u202f%, celiulioz\u0117 0,5\u202f%.    Spanguoli\u0173 skonis: \u0160aldyta vi\u0161tiena 84\u202f%, \u0161aldytos vi\u0161tienos kepen\u0117l\u0117s 10\u202f%, d\u017eiovintos spanguol\u0117s 2,5\u202f%, jamso milteliai 3\u202f%, celiulioz\u0117 0,5\u202f%.   Nat\u016braliai konservuota rozmarino ekstraktu. Analitin\u0117 sud\u0117tis: Baltymai 72\u202f%; Riebalai 10\u202f%; Skaidulos 2\u202f%; Pelenai 6\u202f%; Dr\u0117gm\u0117 6\u202f%Energin\u0117 vert\u0117: 351 kcal\/100\u202fg (viena 6\u202fg lazdel\u0117 ~21\u202fkcal) Naudojimas: Duoti kaip u\u017ekand\u012f arba apdovanojim\u0105. Viename pakelyje 6 vnt. Tinka visoms veisl\u0117ms. U\u017etikrinkite, kad \u0161uo visada tur\u0117t\u0173 \u0161vie\u017eio vandens.","og_url":"https:\/\/miumjau.ee\/lt\/produktas\/dr-malou-saldyti-dziovinti-lazdeles-skanestai-sunims-48-g-6-vnt\/","og_site_name":"MiuMjau","article_publisher":"https:\/\/www.facebook.com\/miumjaupood\/","article_modified_time":"2026-01-07T18:40:31+00:00","og_image":[{"width":600,"height":800,"url":"https:\/\/miumjau.ee\/wp-content\/uploads\/2026\/01\/koeramaiused-kulmkuivatatud5.jpg","type":"image\/jpeg"}],"twitter_card":"summary_large_image","schema":{"@context":"https:\/\/schema.org","@graph":[{"@type":"WebPage","@id":"https:\/\/miumjau.ee\/lt\/produktas\/dr-malou-saldyti-dziovinti-lazdeles-skanestai-sunims-48-g-6-vnt\/","url":"https:\/\/miumjau.ee\/lt\/produktas\/dr-malou-saldyti-dziovinti-lazdeles-skanestai-sunims-48-g-6-vnt\/","name":"Dr Malou \u0160aldyti d\u017eiovinti lazdel\u0117s skan\u0117stai \u0161unims 48\u202fg, 6 vnt. - MiuMjau","isPartOf":{"@id":"https:\/\/miumjau.ee\/#website"},"primaryImageOfPage":{"@id":"https:\/\/miumjau.ee\/lt\/produktas\/dr-malou-saldyti-dziovinti-lazdeles-skanestai-sunims-48-g-6-vnt\/#primaryimage"},"image":{"@id":"https:\/\/miumjau.ee\/lt\/produktas\/dr-malou-saldyti-dziovinti-lazdeles-skanestai-sunims-48-g-6-vnt\/#primaryimage"},"thumbnailUrl":"https:\/\/miumjau.ee\/wp-content\/uploads\/2026\/01\/koeramaiused-kulmkuivatatud5.jpg","datePublished":"2026-01-05T13:46:21+00:00","dateModified":"2026-01-07T18:40:31+00:00","breadcrumb":{"@id":"https:\/\/miumjau.ee\/lt\/produktas\/dr-malou-saldyti-dziovinti-lazdeles-skanestai-sunims-48-g-6-vnt\/#breadcrumb"},"inLanguage":"lt-LT","potentialAction":[{"@type":"ReadAction","target":["https:\/\/miumjau.ee\/lt\/produktas\/dr-malou-saldyti-dziovinti-lazdeles-skanestai-sunims-48-g-6-vnt\/"]}]},{"@type":"ImageObject","inLanguage":"lt-LT","@id":"https:\/\/miumjau.ee\/lt\/produktas\/dr-malou-saldyti-dziovinti-lazdeles-skanestai-sunims-48-g-6-vnt\/#primaryimage","url":"https:\/\/miumjau.ee\/wp-content\/uploads\/2026\/01\/koeramaiused-kulmkuivatatud5.jpg","contentUrl":"https:\/\/miumjau.ee\/wp-content\/uploads\/2026\/01\/koeramaiused-kulmkuivatatud5.jpg","width":600,"height":800,"caption":"Dr Malou k\u00fclmkuivatatud pulgakommid koerale 48g, 6tk"},{"@type":"BreadcrumbList","@id":"https:\/\/miumjau.ee\/lt\/produktas\/dr-malou-saldyti-dziovinti-lazdeles-skanestai-sunims-48-g-6-vnt\/#breadcrumb","itemListElement":[{"@type":"ListItem","position":1,"name":"Home","item":"https:\/\/miumjau.ee\/lt\/"},{"@type":"ListItem","position":2,"name":"Parduotuv\u0117","item":"https:\/\/miumjau.ee\/lt\/parduotuve\/"},{"@type":"ListItem","position":3,"name":"Dr Malou \u0160aldyti d\u017eiovinti lazdel\u0117s skan\u0117stai \u0161unims 48\u202fg, 6 vnt."}]},{"@type":"WebSite","@id":"https:\/\/miumjau.ee\/#website","url":"https:\/\/miumjau.ee\/","name":"MiuMjau","description":"Kraapimispuud kassidele","publisher":{"@id":"https:\/\/miumjau.ee\/#organization"},"potentialAction":[{"@type":"SearchAction","target":{"@type":"EntryPoint","urlTemplate":"https:\/\/miumjau.ee\/?s={search_term_string}"},"query-input":{"@type":"PropertyValueSpecification","valueRequired":true,"valueName":"search_term_string"}}],"inLanguage":"lt-LT"},{"@type":"Organization","@id":"https:\/\/miumjau.ee\/#organization","name":"MiuMjau O\u00dc","url":"https:\/\/miumjau.ee\/","logo":{"@type":"ImageObject","inLanguage":"lt-LT","@id":"https:\/\/miumjau.ee\/#\/schema\/logo\/image\/","url":"https:\/\/miumjau.ee\/wp-content\/uploads\/2022\/04\/MiuMjau-logo-kollane.png","contentUrl":"https:\/\/miumjau.ee\/wp-content\/uploads\/2022\/04\/MiuMjau-logo-kollane.png","width":219,"height":100,"caption":"MiuMjau O\u00dc"},"image":{"@id":"https:\/\/miumjau.ee\/#\/schema\/logo\/image\/"},"sameAs":["https:\/\/www.facebook.com\/miumjaupood\/"]}]}},"_links":{"self":[{"href":"https:\/\/miumjau.ee\/lt\/wp-json\/wp\/v2\/product\/51486","targetHints":{"allow":["GET"]}}],"collection":[{"href":"https:\/\/miumjau.ee\/lt\/wp-json\/wp\/v2\/product"}],"about":[{"href":"https:\/\/miumjau.ee\/lt\/wp-json\/wp\/v2\/types\/product"}],"wp:featuredmedia":[{"embeddable":true,"href":"https:\/\/miumjau.ee\/lt\/wp-json\/wp\/v2\/media\/51234"}],"wp:attachment":[{"href":"https:\/\/miumjau.ee\/lt\/wp-json\/wp\/v2\/media?parent=51486"}],"wp:term":[{"taxonomy":"product_brand","embeddable":true,"href":"https:\/\/miumjau.ee\/lt\/wp-json\/wp\/v2\/product_brand?post=51486"},{"taxonomy":"product_cat","embeddable":true,"href":"https:\/\/miumjau.ee\/lt\/wp-json\/wp\/v2\/product_cat?post=51486"},{"taxonomy":"product_tag","embeddable":true,"href":"https:\/\/miumjau.ee\/lt\/wp-json\/wp\/v2\/product_tag?post=51486"}],"curies":[{"name":"wp","href":"https:\/\/api.w.org\/{rel}","templated":true}]}}