{"id":51481,"date":"2026-01-05T15:13:50","date_gmt":"2026-01-05T13:13:50","guid":{"rendered":"https:\/\/miumjau.ee\/toode\/dr-malou-saldytos-putpeles-kiausiniai-sunims-48-g-6-vnt\/"},"modified":"2026-01-07T20:40:31","modified_gmt":"2026-01-07T18:40:31","slug":"dr-malou-saldytos-putpeles-kiausiniai-sunims-48-g-6-vnt","status":"publish","type":"product","link":"https:\/\/miumjau.ee\/lt\/produktas\/dr-malou-saldytos-putpeles-kiausiniai-sunims-48-g-6-vnt\/","title":{"rendered":"\u0160aldytos putpeli\u0173 kiau\u0161iniai, biotinas, omega, 100\u202fg"},"content":{"rendered":"","protected":false},"excerpt":{"rendered":"<p data-start=\"4703\" data-end=\"4942\">Gamtos gryna j\u0117ga J\u016bs\u0173 \u0161uniui ir katei! \ud83d\udc3e<br data-start=\"4745\" data-end=\"4748\" \/>Ar norite savo keturkojui draugui pasi\u016blyti daugiau nei tik skan\u0117st\u0105? Dr. Malou \u0161aldyti putpeli\u0173 kiau\u0161iniai \u2013 tikras sveikatingumo kokteilis, kuris privers \u0161uns akis \u017eib\u0117ti ir uodeg\u0105 vizginti!<\/p>\n<p data-start=\"4944\" data-end=\"5186\">Putpeli\u0173 kiau\u0161iniai \u017einomi d\u0117l i\u0161skirtin\u0117s maistin\u0117s vert\u0117s. \u0160velnus \u0161aldymas i\u0161saugo visus vitaminus, mineralus ir fermentus tokius, kokius juos suk\u016br\u0117 gamta. Tai \u0161varus, sveikas ir skanus papildas, kuris kiekvien\u0105 valgym\u0105 padaro ypatingu.<\/p>\n<p data-start=\"5188\" data-end=\"5229\"><strong data-start=\"5188\" data-end=\"5227\">Kod\u0117l verta rinktis putpeli\u0173 tryn\u012f?<\/strong><\/p>\n<ul data-start=\"5230\" data-end=\"5769\">\n<li data-start=\"5230\" data-end=\"5346\">\n<p data-start=\"5232\" data-end=\"5346\"><strong data-start=\"5232\" data-end=\"5268\">Blizgantis kailis ir sveika oda:<\/strong> Daug biotino ir omega riebal\u0173 r\u016bg\u0161\u010di\u0173, kailis tampa mink\u0161tas ir blizgantis.<\/p>\n<\/li>\n<li data-start=\"5347\" data-end=\"5469\">\n<p data-start=\"5349\" data-end=\"5469\"><strong data-start=\"5349\" data-end=\"5369\">Stipri sveikata:<\/strong> Turtinga A, B, E vitaminais, gele\u017eimi ir fosforu, palaiko imunin\u0119 sistem\u0105 ir organizmo vystym\u0105si.<\/p>\n<\/li>\n<li data-start=\"5470\" data-end=\"5638\">\n<p data-start=\"5472\" data-end=\"5638\"><strong data-start=\"5472\" data-end=\"5495\">Lengvai vir\u0161kinama:<\/strong> Puikiai tinka jautriems skrand\u017eiams ir alergi\u0161kiems \u0161unims (putpeli\u0173 kiau\u0161iniai da\u017enai laikomi hipoalergi\u0161ka alternatyva vi\u0161t\u0173 kiau\u0161iniams).<\/p>\n<\/li>\n<li data-start=\"5639\" data-end=\"5769\">\n<p data-start=\"5641\" data-end=\"5769\"><strong data-start=\"5641\" data-end=\"5660\">Patogu naudoti:<\/strong> Nereikia lupti luk\u0161t\u0173, joki\u0173 \u0161iuk\u0161li\u0173 \u2013 tiesiog pabarstykite ant maisto arba duokite kaip sveik\u0105 skan\u0117st\u0105.<\/p>\n<\/li>\n<\/ul>\n<p data-start=\"5771\" data-end=\"5827\"><strong data-start=\"5771\" data-end=\"5783\">Sud\u0117tis:<\/strong> 100 % \u0161aldytas putpeli\u0173 kiau\u0161ini\u0173 trynys.<\/p>\n<p data-start=\"5829\" data-end=\"5923\"><strong data-start=\"5829\" data-end=\"5859\">Analitin\u0117 sud\u0117tis (100\u202fg):<\/strong> Baltymai 32,5\u202f%; Riebalai 54,2\u202f%; Pelenai 3,8\u202f%; Dr\u0117gm\u0117 1,5\u202f%<\/p>\n<p data-start=\"5925\" data-end=\"6108\"><strong data-start=\"5925\" data-end=\"5940\">Naudojimas:<\/strong> Susmulkint\u0105 u\u017ebarstyti ant \u012fprasto maisto arba duoti vis\u0105 kaip apdovanojim\u0105. Pamir\u0161kite tabletes ir kitus papildus, jei reikiamos med\u017eiagos gaunamos i\u0161 tikro maisto.<\/p>\n","protected":false},"featured_media":51216,"template":"","meta":[],"product_brand":[],"product_cat":[527,540,871],"product_tag":[],"class_list":{"0":"post-51481","1":"product","2":"type-product","3":"status-publish","4":"has-post-thumbnail","6":"product_cat-skanestai","7":"product_cat-skanestai-sunims","8":"product_cat-maisto-papildai-sunims","10":"first","11":"instock","12":"taxable","13":"shipping-taxable","14":"purchasable","15":"product-type-simple"},"yoast_head":"<!-- This site is optimized with the Yoast SEO plugin v27.2 - https:\/\/yoast.com\/product\/yoast-seo-wordpress\/ -->\n<title>\u0160aldytos putpeli\u0173 kiau\u0161iniai, biotinas, omega, 100\u202fg - MiuMjau<\/title>\n<meta name=\"robots\" content=\"index, follow, max-snippet:-1, max-image-preview:large, max-video-preview:-1\" \/>\n<link rel=\"canonical\" href=\"https:\/\/miumjau.ee\/lt\/produktas\/dr-malou-saldytos-putpeles-kiausiniai-sunims-48-g-6-vnt\/\" \/>\n<meta property=\"og:locale\" content=\"lt_LT\" \/>\n<meta property=\"og:type\" content=\"article\" \/>\n<meta property=\"og:title\" content=\"\u0160aldytos putpeli\u0173 kiau\u0161iniai, biotinas, omega, 100\u202fg - MiuMjau\" \/>\n<meta property=\"og:description\" content=\"Gamtos gryna j\u0117ga J\u016bs\u0173 \u0161uniui ir katei! \ud83d\udc3eAr norite savo keturkojui draugui pasi\u016blyti daugiau nei tik skan\u0117st\u0105? Dr. Malou \u0161aldyti putpeli\u0173 kiau\u0161iniai \u2013 tikras sveikatingumo kokteilis, kuris privers \u0161uns akis \u017eib\u0117ti ir uodeg\u0105 vizginti! Putpeli\u0173 kiau\u0161iniai \u017einomi d\u0117l i\u0161skirtin\u0117s maistin\u0117s vert\u0117s. \u0160velnus \u0161aldymas i\u0161saugo visus vitaminus, mineralus ir fermentus tokius, kokius juos suk\u016br\u0117 gamta. Tai \u0161varus, sveikas ir skanus papildas, kuris kiekvien\u0105 valgym\u0105 padaro ypatingu. Kod\u0117l verta rinktis putpeli\u0173 tryn\u012f?     Blizgantis kailis ir sveika oda: Daug biotino ir omega riebal\u0173 r\u016bg\u0161\u010di\u0173, kailis tampa mink\u0161tas ir blizgantis.    Stipri sveikata: Turtinga A, B, E vitaminais, gele\u017eimi ir fosforu, palaiko imunin\u0119 sistem\u0105 ir organizmo vystym\u0105si.    Lengvai vir\u0161kinama: Puikiai tinka jautriems skrand\u017eiams ir alergi\u0161kiems \u0161unims (putpeli\u0173 kiau\u0161iniai da\u017enai laikomi hipoalergi\u0161ka alternatyva vi\u0161t\u0173 kiau\u0161iniams).    Patogu naudoti: Nereikia lupti luk\u0161t\u0173, joki\u0173 \u0161iuk\u0161li\u0173 \u2013 tiesiog pabarstykite ant maisto arba duokite kaip sveik\u0105 skan\u0117st\u0105.   Sud\u0117tis: 100 % \u0161aldytas putpeli\u0173 kiau\u0161ini\u0173 trynys. Analitin\u0117 sud\u0117tis (100\u202fg): Baltymai 32,5\u202f%; Riebalai 54,2\u202f%; Pelenai 3,8\u202f%; Dr\u0117gm\u0117 1,5\u202f% Naudojimas: Susmulkint\u0105 u\u017ebarstyti ant \u012fprasto maisto arba duoti vis\u0105 kaip apdovanojim\u0105. Pamir\u0161kite tabletes ir kitus papildus, jei reikiamos med\u017eiagos gaunamos i\u0161 tikro maisto.\" \/>\n<meta property=\"og:url\" content=\"https:\/\/miumjau.ee\/lt\/produktas\/dr-malou-saldytos-putpeles-kiausiniai-sunims-48-g-6-vnt\/\" \/>\n<meta property=\"og:site_name\" content=\"MiuMjau\" \/>\n<meta property=\"article:publisher\" content=\"https:\/\/www.facebook.com\/miumjaupood\/\" \/>\n<meta property=\"article:modified_time\" content=\"2026-01-07T18:40:31+00:00\" \/>\n<meta property=\"og:image\" content=\"https:\/\/miumjau.ee\/wp-content\/uploads\/2026\/01\/vutimunad-kulmkuivatatud-koertele1.jpg\" \/>\n\t<meta property=\"og:image:width\" content=\"600\" \/>\n\t<meta property=\"og:image:height\" content=\"800\" \/>\n\t<meta property=\"og:image:type\" content=\"image\/jpeg\" \/>\n<meta name=\"twitter:card\" content=\"summary_large_image\" \/>\n<script type=\"application\/ld+json\" class=\"yoast-schema-graph\">{\"@context\":\"https:\/\/schema.org\",\"@graph\":[{\"@type\":\"WebPage\",\"@id\":\"https:\/\/miumjau.ee\/lt\/produktas\/dr-malou-saldytos-putpeles-kiausiniai-sunims-48-g-6-vnt\/\",\"url\":\"https:\/\/miumjau.ee\/lt\/produktas\/dr-malou-saldytos-putpeles-kiausiniai-sunims-48-g-6-vnt\/\",\"name\":\"\u0160aldytos putpeli\u0173 kiau\u0161iniai, biotinas, omega, 100\u202fg - MiuMjau\",\"isPartOf\":{\"@id\":\"https:\/\/miumjau.ee\/#website\"},\"primaryImageOfPage\":{\"@id\":\"https:\/\/miumjau.ee\/lt\/produktas\/dr-malou-saldytos-putpeles-kiausiniai-sunims-48-g-6-vnt\/#primaryimage\"},\"image\":{\"@id\":\"https:\/\/miumjau.ee\/lt\/produktas\/dr-malou-saldytos-putpeles-kiausiniai-sunims-48-g-6-vnt\/#primaryimage\"},\"thumbnailUrl\":\"https:\/\/miumjau.ee\/wp-content\/uploads\/2026\/01\/vutimunad-kulmkuivatatud-koertele1.jpg\",\"datePublished\":\"2026-01-05T13:13:50+00:00\",\"dateModified\":\"2026-01-07T18:40:31+00:00\",\"breadcrumb\":{\"@id\":\"https:\/\/miumjau.ee\/lt\/produktas\/dr-malou-saldytos-putpeles-kiausiniai-sunims-48-g-6-vnt\/#breadcrumb\"},\"inLanguage\":\"lt-LT\",\"potentialAction\":[{\"@type\":\"ReadAction\",\"target\":[\"https:\/\/miumjau.ee\/lt\/produktas\/dr-malou-saldytos-putpeles-kiausiniai-sunims-48-g-6-vnt\/\"]}]},{\"@type\":\"ImageObject\",\"inLanguage\":\"lt-LT\",\"@id\":\"https:\/\/miumjau.ee\/lt\/produktas\/dr-malou-saldytos-putpeles-kiausiniai-sunims-48-g-6-vnt\/#primaryimage\",\"url\":\"https:\/\/miumjau.ee\/wp-content\/uploads\/2026\/01\/vutimunad-kulmkuivatatud-koertele1.jpg\",\"contentUrl\":\"https:\/\/miumjau.ee\/wp-content\/uploads\/2026\/01\/vutimunad-kulmkuivatatud-koertele1.jpg\",\"width\":600,\"height\":800,\"caption\":\"K\u00fclmkuivatatud vuti munad, biotiin, oomega, 100g\"},{\"@type\":\"BreadcrumbList\",\"@id\":\"https:\/\/miumjau.ee\/lt\/produktas\/dr-malou-saldytos-putpeles-kiausiniai-sunims-48-g-6-vnt\/#breadcrumb\",\"itemListElement\":[{\"@type\":\"ListItem\",\"position\":1,\"name\":\"Home\",\"item\":\"https:\/\/miumjau.ee\/lt\/\"},{\"@type\":\"ListItem\",\"position\":2,\"name\":\"Parduotuv\u0117\",\"item\":\"https:\/\/miumjau.ee\/lt\/parduotuve\/\"},{\"@type\":\"ListItem\",\"position\":3,\"name\":\"\u0160aldytos putpeli\u0173 kiau\u0161iniai, biotinas, omega, 100\u202fg\"}]},{\"@type\":\"WebSite\",\"@id\":\"https:\/\/miumjau.ee\/#website\",\"url\":\"https:\/\/miumjau.ee\/\",\"name\":\"MiuMjau\",\"description\":\"Kraapimispuud kassidele\",\"publisher\":{\"@id\":\"https:\/\/miumjau.ee\/#organization\"},\"potentialAction\":[{\"@type\":\"SearchAction\",\"target\":{\"@type\":\"EntryPoint\",\"urlTemplate\":\"https:\/\/miumjau.ee\/?s={search_term_string}\"},\"query-input\":{\"@type\":\"PropertyValueSpecification\",\"valueRequired\":true,\"valueName\":\"search_term_string\"}}],\"inLanguage\":\"lt-LT\"},{\"@type\":\"Organization\",\"@id\":\"https:\/\/miumjau.ee\/#organization\",\"name\":\"MiuMjau O\u00dc\",\"url\":\"https:\/\/miumjau.ee\/\",\"logo\":{\"@type\":\"ImageObject\",\"inLanguage\":\"lt-LT\",\"@id\":\"https:\/\/miumjau.ee\/#\/schema\/logo\/image\/\",\"url\":\"https:\/\/miumjau.ee\/wp-content\/uploads\/2022\/04\/MiuMjau-logo-kollane.png\",\"contentUrl\":\"https:\/\/miumjau.ee\/wp-content\/uploads\/2022\/04\/MiuMjau-logo-kollane.png\",\"width\":219,\"height\":100,\"caption\":\"MiuMjau O\u00dc\"},\"image\":{\"@id\":\"https:\/\/miumjau.ee\/#\/schema\/logo\/image\/\"},\"sameAs\":[\"https:\/\/www.facebook.com\/miumjaupood\/\"]}]}<\/script>\n<!-- \/ Yoast SEO plugin. -->","yoast_head_json":{"title":"\u0160aldytos putpeli\u0173 kiau\u0161iniai, biotinas, omega, 100\u202fg - MiuMjau","robots":{"index":"index","follow":"follow","max-snippet":"max-snippet:-1","max-image-preview":"max-image-preview:large","max-video-preview":"max-video-preview:-1"},"canonical":"https:\/\/miumjau.ee\/lt\/produktas\/dr-malou-saldytos-putpeles-kiausiniai-sunims-48-g-6-vnt\/","og_locale":"lt_LT","og_type":"article","og_title":"\u0160aldytos putpeli\u0173 kiau\u0161iniai, biotinas, omega, 100\u202fg - MiuMjau","og_description":"Gamtos gryna j\u0117ga J\u016bs\u0173 \u0161uniui ir katei! \ud83d\udc3eAr norite savo keturkojui draugui pasi\u016blyti daugiau nei tik skan\u0117st\u0105? Dr. Malou \u0161aldyti putpeli\u0173 kiau\u0161iniai \u2013 tikras sveikatingumo kokteilis, kuris privers \u0161uns akis \u017eib\u0117ti ir uodeg\u0105 vizginti! Putpeli\u0173 kiau\u0161iniai \u017einomi d\u0117l i\u0161skirtin\u0117s maistin\u0117s vert\u0117s. \u0160velnus \u0161aldymas i\u0161saugo visus vitaminus, mineralus ir fermentus tokius, kokius juos suk\u016br\u0117 gamta. Tai \u0161varus, sveikas ir skanus papildas, kuris kiekvien\u0105 valgym\u0105 padaro ypatingu. Kod\u0117l verta rinktis putpeli\u0173 tryn\u012f?     Blizgantis kailis ir sveika oda: Daug biotino ir omega riebal\u0173 r\u016bg\u0161\u010di\u0173, kailis tampa mink\u0161tas ir blizgantis.    Stipri sveikata: Turtinga A, B, E vitaminais, gele\u017eimi ir fosforu, palaiko imunin\u0119 sistem\u0105 ir organizmo vystym\u0105si.    Lengvai vir\u0161kinama: Puikiai tinka jautriems skrand\u017eiams ir alergi\u0161kiems \u0161unims (putpeli\u0173 kiau\u0161iniai da\u017enai laikomi hipoalergi\u0161ka alternatyva vi\u0161t\u0173 kiau\u0161iniams).    Patogu naudoti: Nereikia lupti luk\u0161t\u0173, joki\u0173 \u0161iuk\u0161li\u0173 \u2013 tiesiog pabarstykite ant maisto arba duokite kaip sveik\u0105 skan\u0117st\u0105.   Sud\u0117tis: 100 % \u0161aldytas putpeli\u0173 kiau\u0161ini\u0173 trynys. Analitin\u0117 sud\u0117tis (100\u202fg): Baltymai 32,5\u202f%; Riebalai 54,2\u202f%; Pelenai 3,8\u202f%; Dr\u0117gm\u0117 1,5\u202f% Naudojimas: Susmulkint\u0105 u\u017ebarstyti ant \u012fprasto maisto arba duoti vis\u0105 kaip apdovanojim\u0105. Pamir\u0161kite tabletes ir kitus papildus, jei reikiamos med\u017eiagos gaunamos i\u0161 tikro maisto.","og_url":"https:\/\/miumjau.ee\/lt\/produktas\/dr-malou-saldytos-putpeles-kiausiniai-sunims-48-g-6-vnt\/","og_site_name":"MiuMjau","article_publisher":"https:\/\/www.facebook.com\/miumjaupood\/","article_modified_time":"2026-01-07T18:40:31+00:00","og_image":[{"width":600,"height":800,"url":"https:\/\/miumjau.ee\/wp-content\/uploads\/2026\/01\/vutimunad-kulmkuivatatud-koertele1.jpg","type":"image\/jpeg"}],"twitter_card":"summary_large_image","schema":{"@context":"https:\/\/schema.org","@graph":[{"@type":"WebPage","@id":"https:\/\/miumjau.ee\/lt\/produktas\/dr-malou-saldytos-putpeles-kiausiniai-sunims-48-g-6-vnt\/","url":"https:\/\/miumjau.ee\/lt\/produktas\/dr-malou-saldytos-putpeles-kiausiniai-sunims-48-g-6-vnt\/","name":"\u0160aldytos putpeli\u0173 kiau\u0161iniai, biotinas, omega, 100\u202fg - MiuMjau","isPartOf":{"@id":"https:\/\/miumjau.ee\/#website"},"primaryImageOfPage":{"@id":"https:\/\/miumjau.ee\/lt\/produktas\/dr-malou-saldytos-putpeles-kiausiniai-sunims-48-g-6-vnt\/#primaryimage"},"image":{"@id":"https:\/\/miumjau.ee\/lt\/produktas\/dr-malou-saldytos-putpeles-kiausiniai-sunims-48-g-6-vnt\/#primaryimage"},"thumbnailUrl":"https:\/\/miumjau.ee\/wp-content\/uploads\/2026\/01\/vutimunad-kulmkuivatatud-koertele1.jpg","datePublished":"2026-01-05T13:13:50+00:00","dateModified":"2026-01-07T18:40:31+00:00","breadcrumb":{"@id":"https:\/\/miumjau.ee\/lt\/produktas\/dr-malou-saldytos-putpeles-kiausiniai-sunims-48-g-6-vnt\/#breadcrumb"},"inLanguage":"lt-LT","potentialAction":[{"@type":"ReadAction","target":["https:\/\/miumjau.ee\/lt\/produktas\/dr-malou-saldytos-putpeles-kiausiniai-sunims-48-g-6-vnt\/"]}]},{"@type":"ImageObject","inLanguage":"lt-LT","@id":"https:\/\/miumjau.ee\/lt\/produktas\/dr-malou-saldytos-putpeles-kiausiniai-sunims-48-g-6-vnt\/#primaryimage","url":"https:\/\/miumjau.ee\/wp-content\/uploads\/2026\/01\/vutimunad-kulmkuivatatud-koertele1.jpg","contentUrl":"https:\/\/miumjau.ee\/wp-content\/uploads\/2026\/01\/vutimunad-kulmkuivatatud-koertele1.jpg","width":600,"height":800,"caption":"K\u00fclmkuivatatud vuti munad, biotiin, oomega, 100g"},{"@type":"BreadcrumbList","@id":"https:\/\/miumjau.ee\/lt\/produktas\/dr-malou-saldytos-putpeles-kiausiniai-sunims-48-g-6-vnt\/#breadcrumb","itemListElement":[{"@type":"ListItem","position":1,"name":"Home","item":"https:\/\/miumjau.ee\/lt\/"},{"@type":"ListItem","position":2,"name":"Parduotuv\u0117","item":"https:\/\/miumjau.ee\/lt\/parduotuve\/"},{"@type":"ListItem","position":3,"name":"\u0160aldytos putpeli\u0173 kiau\u0161iniai, biotinas, omega, 100\u202fg"}]},{"@type":"WebSite","@id":"https:\/\/miumjau.ee\/#website","url":"https:\/\/miumjau.ee\/","name":"MiuMjau","description":"Kraapimispuud kassidele","publisher":{"@id":"https:\/\/miumjau.ee\/#organization"},"potentialAction":[{"@type":"SearchAction","target":{"@type":"EntryPoint","urlTemplate":"https:\/\/miumjau.ee\/?s={search_term_string}"},"query-input":{"@type":"PropertyValueSpecification","valueRequired":true,"valueName":"search_term_string"}}],"inLanguage":"lt-LT"},{"@type":"Organization","@id":"https:\/\/miumjau.ee\/#organization","name":"MiuMjau O\u00dc","url":"https:\/\/miumjau.ee\/","logo":{"@type":"ImageObject","inLanguage":"lt-LT","@id":"https:\/\/miumjau.ee\/#\/schema\/logo\/image\/","url":"https:\/\/miumjau.ee\/wp-content\/uploads\/2022\/04\/MiuMjau-logo-kollane.png","contentUrl":"https:\/\/miumjau.ee\/wp-content\/uploads\/2022\/04\/MiuMjau-logo-kollane.png","width":219,"height":100,"caption":"MiuMjau O\u00dc"},"image":{"@id":"https:\/\/miumjau.ee\/#\/schema\/logo\/image\/"},"sameAs":["https:\/\/www.facebook.com\/miumjaupood\/"]}]}},"_links":{"self":[{"href":"https:\/\/miumjau.ee\/lt\/wp-json\/wp\/v2\/product\/51481","targetHints":{"allow":["GET"]}}],"collection":[{"href":"https:\/\/miumjau.ee\/lt\/wp-json\/wp\/v2\/product"}],"about":[{"href":"https:\/\/miumjau.ee\/lt\/wp-json\/wp\/v2\/types\/product"}],"wp:featuredmedia":[{"embeddable":true,"href":"https:\/\/miumjau.ee\/lt\/wp-json\/wp\/v2\/media\/51216"}],"wp:attachment":[{"href":"https:\/\/miumjau.ee\/lt\/wp-json\/wp\/v2\/media?parent=51481"}],"wp:term":[{"taxonomy":"product_brand","embeddable":true,"href":"https:\/\/miumjau.ee\/lt\/wp-json\/wp\/v2\/product_brand?post=51481"},{"taxonomy":"product_cat","embeddable":true,"href":"https:\/\/miumjau.ee\/lt\/wp-json\/wp\/v2\/product_cat?post=51481"},{"taxonomy":"product_tag","embeddable":true,"href":"https:\/\/miumjau.ee\/lt\/wp-json\/wp\/v2\/product_tag?post=51481"}],"curies":[{"name":"wp","href":"https:\/\/api.w.org\/{rel}","templated":true}]}}