{"id":51475,"date":"2026-01-05T11:09:39","date_gmt":"2026-01-05T09:09:39","guid":{"rendered":"https:\/\/miumjau.ee\/toode\/frigera-triusio-odos-kramtukas-jautriems-sunims-1-vnt\/"},"modified":"2026-01-07T20:40:38","modified_gmt":"2026-01-07T18:40:38","slug":"frigera-triusio-odos-kramtukas-jautriems-sunims-1-vnt","status":"publish","type":"product","link":"https:\/\/miumjau.ee\/lt\/produktas\/frigera-triusio-odos-kramtukas-jautriems-sunims-1-vnt\/","title":{"rendered":"Frigera triu\u0161io odos kramtukas jautriems \u0161unims 1 vnt."},"content":{"rendered":"","protected":false},"excerpt":{"rendered":"<p data-start=\"4132\" data-end=\"4335\">I\u0161 gyv\u016bn\u0173 kaul\u0173 ir rag\u0173 n\u0117ra lengva rasti tvirt\u0105 ir nat\u016bral\u0173 kramtymo skan\u0117st\u0105 jautriam \u0161uniui. Susipa\u017einkite su m\u016bs\u0173 friGERA triu\u0161io odos ritin\u0117liu \u2013 tikras kramtymo malonumas j\u016bs\u0173 keturkojui draugui!<\/p>\n<p data-start=\"4337\" data-end=\"4657\">M\u016bs\u0173 triu\u0161io odos ritin\u0117lis yra hipoalergi\u0161kas kramtukas, neturintis glitimo ir gr\u016bd\u0173. Atsakingai gautas, turtingas baltym\u0173 ir kolageno, palaiko raumen\u0173 ir jungiam\u0173j\u0173 audini\u0173 vystym\u0105si bei padeda i\u0161laikyti od\u0105 sveik\u0105 ir kail\u012f blizgant\u012f. Be to, tai ma\u017eai riebal\u0173 turintis skan\u0117stas be dirbtini\u0173 da\u017eikli\u0173 ir konservant\u0173.<\/p>\n<p data-start=\"4659\" data-end=\"4971\">Skirtingai nuo kaul\u0173 ir rag\u0173, kurie gali b\u016bti per kieti vyresniems ar jautriems \u0161unims, m\u016bs\u0173 triu\u0161io oda yra mink\u0161tesn\u0117 ir lankstesn\u0117. Ji vis tiek suteikia pakankamai kramtymo malonumo dienomis ar net savait\u0117mis. Kramtymas ma\u017eina dant\u0173 apna\u0161as, stiprina \u017eandikaulio raumenis ir mal\u0161ina nerim\u0105 \u2013 viskas viename!<\/p>\n<ul data-start=\"4973\" data-end=\"5238\">\n<li data-start=\"4973\" data-end=\"5002\">\n<p data-start=\"4975\" data-end=\"5002\"><strong data-start=\"4975\" data-end=\"4995\">Grynasis svoris:<\/strong> 85\u202fg<\/p>\n<\/li>\n<li data-start=\"5003\" data-end=\"5032\">\n<p data-start=\"5005\" data-end=\"5032\"><strong data-start=\"5005\" data-end=\"5017\">Sud\u0117tis:<\/strong> 100% triu\u0161is<\/p>\n<\/li>\n<li data-start=\"5033\" data-end=\"5238\">\n<p data-start=\"5035\" data-end=\"5238\"><strong data-start=\"5035\" data-end=\"5058\">\u0160\u0117rimo instrukcija:<\/strong> Duokite tarp valgym\u0173 kaip skan\u0117st\u0105 ar apdovanojim\u0105 dal\u012f subalansuotos mitybos. Visada steb\u0117kite savo \u0161un\u012f, kai jis kramto. Visada suteikite pakankamai \u0161vie\u017eio geriamojo vandens.<\/p>\n<\/li>\n<\/ul>\n<p data-start=\"5240\" data-end=\"5344\"><strong data-start=\"5240\" data-end=\"5262\">Analitin\u0117 sud\u0117tis:<\/strong> Baltymai 42\u202f%; Riebalai 6,5\u202f%; Pelenai 4,5\u202f%; \u017dalia skaidula 0,2\u202f%; Dr\u0117gm\u0117 12\u202f%<\/p>\n","protected":false},"featured_media":51197,"template":"","meta":[],"product_brand":[],"product_cat":[540],"product_tag":[],"class_list":{"0":"post-51475","1":"product","2":"type-product","3":"status-publish","4":"has-post-thumbnail","6":"product_cat-skanestai-sunims","8":"first","9":"instock","10":"taxable","11":"shipping-taxable","12":"purchasable","13":"product-type-simple"},"yoast_head":"<!-- This site is optimized with the Yoast SEO plugin v27.2 - https:\/\/yoast.com\/product\/yoast-seo-wordpress\/ -->\n<title>Frigera triu\u0161io odos kramtukas jautriems \u0161unims 1 vnt. - MiuMjau<\/title>\n<meta name=\"robots\" content=\"index, follow, max-snippet:-1, max-image-preview:large, max-video-preview:-1\" \/>\n<link rel=\"canonical\" href=\"https:\/\/miumjau.ee\/lt\/produktas\/frigera-triusio-odos-kramtukas-jautriems-sunims-1-vnt\/\" \/>\n<meta property=\"og:locale\" content=\"lt_LT\" \/>\n<meta property=\"og:type\" content=\"article\" \/>\n<meta property=\"og:title\" content=\"Frigera triu\u0161io odos kramtukas jautriems \u0161unims 1 vnt. - MiuMjau\" \/>\n<meta property=\"og:description\" content=\"I\u0161 gyv\u016bn\u0173 kaul\u0173 ir rag\u0173 n\u0117ra lengva rasti tvirt\u0105 ir nat\u016bral\u0173 kramtymo skan\u0117st\u0105 jautriam \u0161uniui. Susipa\u017einkite su m\u016bs\u0173 friGERA triu\u0161io odos ritin\u0117liu \u2013 tikras kramtymo malonumas j\u016bs\u0173 keturkojui draugui! M\u016bs\u0173 triu\u0161io odos ritin\u0117lis yra hipoalergi\u0161kas kramtukas, neturintis glitimo ir gr\u016bd\u0173. Atsakingai gautas, turtingas baltym\u0173 ir kolageno, palaiko raumen\u0173 ir jungiam\u0173j\u0173 audini\u0173 vystym\u0105si bei padeda i\u0161laikyti od\u0105 sveik\u0105 ir kail\u012f blizgant\u012f. Be to, tai ma\u017eai riebal\u0173 turintis skan\u0117stas be dirbtini\u0173 da\u017eikli\u0173 ir konservant\u0173. Skirtingai nuo kaul\u0173 ir rag\u0173, kurie gali b\u016bti per kieti vyresniems ar jautriems \u0161unims, m\u016bs\u0173 triu\u0161io oda yra mink\u0161tesn\u0117 ir lankstesn\u0117. Ji vis tiek suteikia pakankamai kramtymo malonumo dienomis ar net savait\u0117mis. Kramtymas ma\u017eina dant\u0173 apna\u0161as, stiprina \u017eandikaulio raumenis ir mal\u0161ina nerim\u0105 \u2013 viskas viename!     Grynasis svoris: 85\u202fg    Sud\u0117tis: 100% triu\u0161is    \u0160\u0117rimo instrukcija: Duokite tarp valgym\u0173 kaip skan\u0117st\u0105 ar apdovanojim\u0105 dal\u012f subalansuotos mitybos. Visada steb\u0117kite savo \u0161un\u012f, kai jis kramto. Visada suteikite pakankamai \u0161vie\u017eio geriamojo vandens.   Analitin\u0117 sud\u0117tis: Baltymai 42\u202f%; Riebalai 6,5\u202f%; Pelenai 4,5\u202f%; \u017dalia skaidula 0,2\u202f%; Dr\u0117gm\u0117 12\u202f%\" \/>\n<meta property=\"og:url\" content=\"https:\/\/miumjau.ee\/lt\/produktas\/frigera-triusio-odos-kramtukas-jautriems-sunims-1-vnt\/\" \/>\n<meta property=\"og:site_name\" content=\"MiuMjau\" \/>\n<meta property=\"article:publisher\" content=\"https:\/\/www.facebook.com\/miumjaupood\/\" \/>\n<meta property=\"article:modified_time\" content=\"2026-01-07T18:40:38+00:00\" \/>\n<meta property=\"og:image\" content=\"https:\/\/miumjau.ee\/wp-content\/uploads\/2026\/01\/janese-nahast-narimispulk.jpg\" \/>\n\t<meta property=\"og:image:width\" content=\"600\" \/>\n\t<meta property=\"og:image:height\" content=\"800\" \/>\n\t<meta property=\"og:image:type\" content=\"image\/jpeg\" \/>\n<meta name=\"twitter:card\" content=\"summary_large_image\" \/>\n<script type=\"application\/ld+json\" class=\"yoast-schema-graph\">{\"@context\":\"https:\/\/schema.org\",\"@graph\":[{\"@type\":\"WebPage\",\"@id\":\"https:\/\/miumjau.ee\/lt\/produktas\/frigera-triusio-odos-kramtukas-jautriems-sunims-1-vnt\/\",\"url\":\"https:\/\/miumjau.ee\/lt\/produktas\/frigera-triusio-odos-kramtukas-jautriems-sunims-1-vnt\/\",\"name\":\"Frigera triu\u0161io odos kramtukas jautriems \u0161unims 1 vnt. - MiuMjau\",\"isPartOf\":{\"@id\":\"https:\/\/miumjau.ee\/#website\"},\"primaryImageOfPage\":{\"@id\":\"https:\/\/miumjau.ee\/lt\/produktas\/frigera-triusio-odos-kramtukas-jautriems-sunims-1-vnt\/#primaryimage\"},\"image\":{\"@id\":\"https:\/\/miumjau.ee\/lt\/produktas\/frigera-triusio-odos-kramtukas-jautriems-sunims-1-vnt\/#primaryimage\"},\"thumbnailUrl\":\"https:\/\/miumjau.ee\/wp-content\/uploads\/2026\/01\/janese-nahast-narimispulk.jpg\",\"datePublished\":\"2026-01-05T09:09:39+00:00\",\"dateModified\":\"2026-01-07T18:40:38+00:00\",\"breadcrumb\":{\"@id\":\"https:\/\/miumjau.ee\/lt\/produktas\/frigera-triusio-odos-kramtukas-jautriems-sunims-1-vnt\/#breadcrumb\"},\"inLanguage\":\"lt-LT\",\"potentialAction\":[{\"@type\":\"ReadAction\",\"target\":[\"https:\/\/miumjau.ee\/lt\/produktas\/frigera-triusio-odos-kramtukas-jautriems-sunims-1-vnt\/\"]}]},{\"@type\":\"ImageObject\",\"inLanguage\":\"lt-LT\",\"@id\":\"https:\/\/miumjau.ee\/lt\/produktas\/frigera-triusio-odos-kramtukas-jautriems-sunims-1-vnt\/#primaryimage\",\"url\":\"https:\/\/miumjau.ee\/wp-content\/uploads\/2026\/01\/janese-nahast-narimispulk.jpg\",\"contentUrl\":\"https:\/\/miumjau.ee\/wp-content\/uploads\/2026\/01\/janese-nahast-narimispulk.jpg\",\"width\":600,\"height\":800,\"caption\":\"J\u00e4nese nahast n\u00e4rimispulk\"},{\"@type\":\"BreadcrumbList\",\"@id\":\"https:\/\/miumjau.ee\/lt\/produktas\/frigera-triusio-odos-kramtukas-jautriems-sunims-1-vnt\/#breadcrumb\",\"itemListElement\":[{\"@type\":\"ListItem\",\"position\":1,\"name\":\"Home\",\"item\":\"https:\/\/miumjau.ee\/lt\/\"},{\"@type\":\"ListItem\",\"position\":2,\"name\":\"Parduotuv\u0117\",\"item\":\"https:\/\/miumjau.ee\/lt\/parduotuve\/\"},{\"@type\":\"ListItem\",\"position\":3,\"name\":\"Frigera triu\u0161io odos kramtukas jautriems \u0161unims 1 vnt.\"}]},{\"@type\":\"WebSite\",\"@id\":\"https:\/\/miumjau.ee\/#website\",\"url\":\"https:\/\/miumjau.ee\/\",\"name\":\"MiuMjau\",\"description\":\"Kraapimispuud kassidele\",\"publisher\":{\"@id\":\"https:\/\/miumjau.ee\/#organization\"},\"potentialAction\":[{\"@type\":\"SearchAction\",\"target\":{\"@type\":\"EntryPoint\",\"urlTemplate\":\"https:\/\/miumjau.ee\/?s={search_term_string}\"},\"query-input\":{\"@type\":\"PropertyValueSpecification\",\"valueRequired\":true,\"valueName\":\"search_term_string\"}}],\"inLanguage\":\"lt-LT\"},{\"@type\":\"Organization\",\"@id\":\"https:\/\/miumjau.ee\/#organization\",\"name\":\"MiuMjau O\u00dc\",\"url\":\"https:\/\/miumjau.ee\/\",\"logo\":{\"@type\":\"ImageObject\",\"inLanguage\":\"lt-LT\",\"@id\":\"https:\/\/miumjau.ee\/#\/schema\/logo\/image\/\",\"url\":\"https:\/\/miumjau.ee\/wp-content\/uploads\/2022\/04\/MiuMjau-logo-kollane.png\",\"contentUrl\":\"https:\/\/miumjau.ee\/wp-content\/uploads\/2022\/04\/MiuMjau-logo-kollane.png\",\"width\":219,\"height\":100,\"caption\":\"MiuMjau O\u00dc\"},\"image\":{\"@id\":\"https:\/\/miumjau.ee\/#\/schema\/logo\/image\/\"},\"sameAs\":[\"https:\/\/www.facebook.com\/miumjaupood\/\"]}]}<\/script>\n<!-- \/ Yoast SEO plugin. -->","yoast_head_json":{"title":"Frigera triu\u0161io odos kramtukas jautriems \u0161unims 1 vnt. - MiuMjau","robots":{"index":"index","follow":"follow","max-snippet":"max-snippet:-1","max-image-preview":"max-image-preview:large","max-video-preview":"max-video-preview:-1"},"canonical":"https:\/\/miumjau.ee\/lt\/produktas\/frigera-triusio-odos-kramtukas-jautriems-sunims-1-vnt\/","og_locale":"lt_LT","og_type":"article","og_title":"Frigera triu\u0161io odos kramtukas jautriems \u0161unims 1 vnt. - MiuMjau","og_description":"I\u0161 gyv\u016bn\u0173 kaul\u0173 ir rag\u0173 n\u0117ra lengva rasti tvirt\u0105 ir nat\u016bral\u0173 kramtymo skan\u0117st\u0105 jautriam \u0161uniui. Susipa\u017einkite su m\u016bs\u0173 friGERA triu\u0161io odos ritin\u0117liu \u2013 tikras kramtymo malonumas j\u016bs\u0173 keturkojui draugui! M\u016bs\u0173 triu\u0161io odos ritin\u0117lis yra hipoalergi\u0161kas kramtukas, neturintis glitimo ir gr\u016bd\u0173. Atsakingai gautas, turtingas baltym\u0173 ir kolageno, palaiko raumen\u0173 ir jungiam\u0173j\u0173 audini\u0173 vystym\u0105si bei padeda i\u0161laikyti od\u0105 sveik\u0105 ir kail\u012f blizgant\u012f. Be to, tai ma\u017eai riebal\u0173 turintis skan\u0117stas be dirbtini\u0173 da\u017eikli\u0173 ir konservant\u0173. Skirtingai nuo kaul\u0173 ir rag\u0173, kurie gali b\u016bti per kieti vyresniems ar jautriems \u0161unims, m\u016bs\u0173 triu\u0161io oda yra mink\u0161tesn\u0117 ir lankstesn\u0117. Ji vis tiek suteikia pakankamai kramtymo malonumo dienomis ar net savait\u0117mis. Kramtymas ma\u017eina dant\u0173 apna\u0161as, stiprina \u017eandikaulio raumenis ir mal\u0161ina nerim\u0105 \u2013 viskas viename!     Grynasis svoris: 85\u202fg    Sud\u0117tis: 100% triu\u0161is    \u0160\u0117rimo instrukcija: Duokite tarp valgym\u0173 kaip skan\u0117st\u0105 ar apdovanojim\u0105 dal\u012f subalansuotos mitybos. Visada steb\u0117kite savo \u0161un\u012f, kai jis kramto. Visada suteikite pakankamai \u0161vie\u017eio geriamojo vandens.   Analitin\u0117 sud\u0117tis: Baltymai 42\u202f%; Riebalai 6,5\u202f%; Pelenai 4,5\u202f%; \u017dalia skaidula 0,2\u202f%; Dr\u0117gm\u0117 12\u202f%","og_url":"https:\/\/miumjau.ee\/lt\/produktas\/frigera-triusio-odos-kramtukas-jautriems-sunims-1-vnt\/","og_site_name":"MiuMjau","article_publisher":"https:\/\/www.facebook.com\/miumjaupood\/","article_modified_time":"2026-01-07T18:40:38+00:00","og_image":[{"width":600,"height":800,"url":"https:\/\/miumjau.ee\/wp-content\/uploads\/2026\/01\/janese-nahast-narimispulk.jpg","type":"image\/jpeg"}],"twitter_card":"summary_large_image","schema":{"@context":"https:\/\/schema.org","@graph":[{"@type":"WebPage","@id":"https:\/\/miumjau.ee\/lt\/produktas\/frigera-triusio-odos-kramtukas-jautriems-sunims-1-vnt\/","url":"https:\/\/miumjau.ee\/lt\/produktas\/frigera-triusio-odos-kramtukas-jautriems-sunims-1-vnt\/","name":"Frigera triu\u0161io odos kramtukas jautriems \u0161unims 1 vnt. - MiuMjau","isPartOf":{"@id":"https:\/\/miumjau.ee\/#website"},"primaryImageOfPage":{"@id":"https:\/\/miumjau.ee\/lt\/produktas\/frigera-triusio-odos-kramtukas-jautriems-sunims-1-vnt\/#primaryimage"},"image":{"@id":"https:\/\/miumjau.ee\/lt\/produktas\/frigera-triusio-odos-kramtukas-jautriems-sunims-1-vnt\/#primaryimage"},"thumbnailUrl":"https:\/\/miumjau.ee\/wp-content\/uploads\/2026\/01\/janese-nahast-narimispulk.jpg","datePublished":"2026-01-05T09:09:39+00:00","dateModified":"2026-01-07T18:40:38+00:00","breadcrumb":{"@id":"https:\/\/miumjau.ee\/lt\/produktas\/frigera-triusio-odos-kramtukas-jautriems-sunims-1-vnt\/#breadcrumb"},"inLanguage":"lt-LT","potentialAction":[{"@type":"ReadAction","target":["https:\/\/miumjau.ee\/lt\/produktas\/frigera-triusio-odos-kramtukas-jautriems-sunims-1-vnt\/"]}]},{"@type":"ImageObject","inLanguage":"lt-LT","@id":"https:\/\/miumjau.ee\/lt\/produktas\/frigera-triusio-odos-kramtukas-jautriems-sunims-1-vnt\/#primaryimage","url":"https:\/\/miumjau.ee\/wp-content\/uploads\/2026\/01\/janese-nahast-narimispulk.jpg","contentUrl":"https:\/\/miumjau.ee\/wp-content\/uploads\/2026\/01\/janese-nahast-narimispulk.jpg","width":600,"height":800,"caption":"J\u00e4nese nahast n\u00e4rimispulk"},{"@type":"BreadcrumbList","@id":"https:\/\/miumjau.ee\/lt\/produktas\/frigera-triusio-odos-kramtukas-jautriems-sunims-1-vnt\/#breadcrumb","itemListElement":[{"@type":"ListItem","position":1,"name":"Home","item":"https:\/\/miumjau.ee\/lt\/"},{"@type":"ListItem","position":2,"name":"Parduotuv\u0117","item":"https:\/\/miumjau.ee\/lt\/parduotuve\/"},{"@type":"ListItem","position":3,"name":"Frigera triu\u0161io odos kramtukas jautriems \u0161unims 1 vnt."}]},{"@type":"WebSite","@id":"https:\/\/miumjau.ee\/#website","url":"https:\/\/miumjau.ee\/","name":"MiuMjau","description":"Kraapimispuud kassidele","publisher":{"@id":"https:\/\/miumjau.ee\/#organization"},"potentialAction":[{"@type":"SearchAction","target":{"@type":"EntryPoint","urlTemplate":"https:\/\/miumjau.ee\/?s={search_term_string}"},"query-input":{"@type":"PropertyValueSpecification","valueRequired":true,"valueName":"search_term_string"}}],"inLanguage":"lt-LT"},{"@type":"Organization","@id":"https:\/\/miumjau.ee\/#organization","name":"MiuMjau O\u00dc","url":"https:\/\/miumjau.ee\/","logo":{"@type":"ImageObject","inLanguage":"lt-LT","@id":"https:\/\/miumjau.ee\/#\/schema\/logo\/image\/","url":"https:\/\/miumjau.ee\/wp-content\/uploads\/2022\/04\/MiuMjau-logo-kollane.png","contentUrl":"https:\/\/miumjau.ee\/wp-content\/uploads\/2022\/04\/MiuMjau-logo-kollane.png","width":219,"height":100,"caption":"MiuMjau O\u00dc"},"image":{"@id":"https:\/\/miumjau.ee\/#\/schema\/logo\/image\/"},"sameAs":["https:\/\/www.facebook.com\/miumjaupood\/"]}]}},"_links":{"self":[{"href":"https:\/\/miumjau.ee\/lt\/wp-json\/wp\/v2\/product\/51475","targetHints":{"allow":["GET"]}}],"collection":[{"href":"https:\/\/miumjau.ee\/lt\/wp-json\/wp\/v2\/product"}],"about":[{"href":"https:\/\/miumjau.ee\/lt\/wp-json\/wp\/v2\/types\/product"}],"wp:featuredmedia":[{"embeddable":true,"href":"https:\/\/miumjau.ee\/lt\/wp-json\/wp\/v2\/media\/51197"}],"wp:attachment":[{"href":"https:\/\/miumjau.ee\/lt\/wp-json\/wp\/v2\/media?parent=51475"}],"wp:term":[{"taxonomy":"product_brand","embeddable":true,"href":"https:\/\/miumjau.ee\/lt\/wp-json\/wp\/v2\/product_brand?post=51475"},{"taxonomy":"product_cat","embeddable":true,"href":"https:\/\/miumjau.ee\/lt\/wp-json\/wp\/v2\/product_cat?post=51475"},{"taxonomy":"product_tag","embeddable":true,"href":"https:\/\/miumjau.ee\/lt\/wp-json\/wp\/v2\/product_tag?post=51475"}],"curies":[{"name":"wp","href":"https:\/\/api.w.org\/{rel}","templated":true}]}}