{"id":51452,"date":"2025-05-20T17:09:22","date_gmt":"2025-05-20T14:09:22","guid":{"rendered":"https:\/\/miumjau.ee\/toode\/magnum-saltai-presuotas-sunu-pasaras-iberijos-kiauliena-laisvai-auginama-vista-12-kg\/"},"modified":"2026-01-07T20:40:38","modified_gmt":"2026-01-07T18:40:38","slug":"magnum-saltai-presuotas-sunu-pasaras-iberijos-kiauliena-laisvai-auginama-vista-12-kg","status":"publish","type":"product","link":"https:\/\/miumjau.ee\/lt\/produktas\/magnum-saltai-presuotas-sunu-pasaras-iberijos-kiauliena-laisvai-auginama-vista-12-kg\/","title":{"rendered":"Magnum \u0161altai presuotas \u0161un\u0173 pa\u0161aras \u2013 Iberijos kiauliena &#038; laisvai auginama vi\u0161ta 12 kg"},"content":{"rendered":"","protected":false},"excerpt":{"rendered":"<p data-start=\"5178\" data-end=\"5367\">Magnum Dog Food Iberian Pork &amp; Chicken. \u0160altai presuotas visavertis pa\u0161aras visiems \u0161unims, pagamintas i\u0161 \u0161vie\u017eios Iberijos kiaulienos (pusiau laukin\u0117 veisl\u0117) ir laisvai auginamos vi\u0161tos.<\/p>\n<p data-start=\"5369\" data-end=\"5569\">\u0160altai presuotas pa\u0161aras yra artimiausias \u017ealiai mitybai ir gali b\u016bti naudojamas kartu su RAW dieta. Jis nebrinksta skrandyje ir padeda i\u0161vengti sveikatos problem\u0173, toki\u0173 kaip skrand\u017eio susisukimas.<\/p>\n<p data-start=\"5571\" data-end=\"5927\">Be glitimo. Sud\u0117tyje n\u0117ra m\u0117sos milt\u0173, dirbtini\u0173 kvapikli\u0173 ar da\u017eikli\u0173. Be prid\u0117tini\u0173 riebal\u0173, vitamin\u0173 ir mineral\u0173 \u2013 100 % nat\u016brali sud\u0117tis. Lengvai vir\u0161kinamas, tinkamas jautriems \u0161unims. Be sojos, kvie\u010di\u0173 ar kukur\u016bz\u0173.<br data-start=\"5791\" data-end=\"5794\" \/>Viso gr\u016bdo rudieji ry\u017eiai n\u0117ra pramoniniu b\u016bdu apdoroti ir turi daugiau maistini\u0173 med\u017eiag\u0173 bei skaidul\u0173, palengvinan\u010di\u0173 vir\u0161kinim\u0105.<\/p>\n<ul data-start=\"5929\" data-end=\"6087\">\n<li data-start=\"5929\" data-end=\"5969\">\n<p data-start=\"5931\" data-end=\"5969\">Ciber\u017eol\u0117 \u2013 nat\u016bralus antioksidantas<\/p>\n<\/li>\n<li data-start=\"5970\" data-end=\"6008\">\n<p data-start=\"5972\" data-end=\"6008\">Alaus miel\u0117s \u2013 B vitamin\u0173 \u0161altinis<\/p>\n<\/li>\n<li data-start=\"6009\" data-end=\"6087\">\n<p data-start=\"6011\" data-end=\"6087\">Burok\u0117liai \u2013 nat\u016bralus antioksidantas, folio r\u016bg\u0161ties ir gele\u017eies \u0161altinis<\/p>\n<\/li>\n<\/ul>\n<p data-start=\"6089\" data-end=\"6321\">Iberijos kiaul\u0117s yra pusiau laukin\u0117 veisl\u0117, maitinasi daugiausia gil\u0117mis, \u017eole ir \u017eol\u0117mis. Lauko s\u0105lygomis u\u017eauginta m\u0117sa yra sveikesn\u0117 ir turtingesn\u0117 neso\u010diosiomis riebal\u0173 r\u016bg\u0161timis. Vi\u0161tiena gaunama i\u0161 laisvai auginam\u0173 pauk\u0161\u010di\u0173.<\/p>\n<p data-start=\"6323\" data-end=\"6502\"><strong data-start=\"6323\" data-end=\"6335\">Sud\u0117tis:<\/strong> Iberijos kiauliena 34 %, vi\u0161ta 34 %, viso gr\u016bdo ry\u017eiai, burok\u0117liai, alaus miel\u0117s, kmynai, ciber\u017eol\u0117. Nesud\u0117tyje n\u0117ra dirbtini\u0173 kvapikli\u0173, da\u017eikli\u0173 ar antioksidant\u0173.<\/p>\n<p data-start=\"6504\" data-end=\"6627\"><strong data-start=\"6504\" data-end=\"6526\">Analitin\u0117 sud\u0117tis:<\/strong> \u017eali baltymai 27,5 %, \u017ealia l\u0105steliena 2,5 %, \u017eali riebalai 18 %, \u017eali pelenai 7,2 %, dr\u0117gm\u0117 18 %.<\/p>\n<p data-start=\"6629\" data-end=\"6682\">Gamintojas: Tenesco s.r.o., \u010cekija. Kilm\u0117s \u0161alis: ES.<\/p>\n","protected":false},"featured_media":51432,"template":"","meta":[],"product_brand":[],"product_cat":[538],"product_tag":[],"class_list":{"0":"post-51452","1":"product","2":"type-product","3":"status-publish","4":"has-post-thumbnail","6":"product_cat-sausas-maistas-sunims","8":"first","9":"instock","10":"taxable","11":"shipping-taxable","12":"purchasable","13":"product-type-simple"},"yoast_head":"<!-- This site is optimized with the Yoast SEO plugin v27.2 - https:\/\/yoast.com\/product\/yoast-seo-wordpress\/ -->\n<title>Magnum \u0161altai presuotas \u0161un\u0173 pa\u0161aras \u2013 Iberijos kiauliena &amp; laisvai auginama vi\u0161ta 12 kg - MiuMjau<\/title>\n<meta name=\"robots\" content=\"index, follow, max-snippet:-1, max-image-preview:large, max-video-preview:-1\" \/>\n<link rel=\"canonical\" href=\"https:\/\/miumjau.ee\/lt\/produktas\/magnum-saltai-presuotas-sunu-pasaras-iberijos-kiauliena-laisvai-auginama-vista-12-kg\/\" \/>\n<meta property=\"og:locale\" content=\"lt_LT\" \/>\n<meta property=\"og:type\" content=\"article\" \/>\n<meta property=\"og:title\" content=\"Magnum \u0161altai presuotas \u0161un\u0173 pa\u0161aras \u2013 Iberijos kiauliena &amp; laisvai auginama vi\u0161ta 12 kg - MiuMjau\" \/>\n<meta property=\"og:description\" content=\"Magnum Dog Food Iberian Pork &amp; Chicken. \u0160altai presuotas visavertis pa\u0161aras visiems \u0161unims, pagamintas i\u0161 \u0161vie\u017eios Iberijos kiaulienos (pusiau laukin\u0117 veisl\u0117) ir laisvai auginamos vi\u0161tos. \u0160altai presuotas pa\u0161aras yra artimiausias \u017ealiai mitybai ir gali b\u016bti naudojamas kartu su RAW dieta. Jis nebrinksta skrandyje ir padeda i\u0161vengti sveikatos problem\u0173, toki\u0173 kaip skrand\u017eio susisukimas. Be glitimo. Sud\u0117tyje n\u0117ra m\u0117sos milt\u0173, dirbtini\u0173 kvapikli\u0173 ar da\u017eikli\u0173. Be prid\u0117tini\u0173 riebal\u0173, vitamin\u0173 ir mineral\u0173 \u2013 100 % nat\u016brali sud\u0117tis. Lengvai vir\u0161kinamas, tinkamas jautriems \u0161unims. Be sojos, kvie\u010di\u0173 ar kukur\u016bz\u0173.Viso gr\u016bdo rudieji ry\u017eiai n\u0117ra pramoniniu b\u016bdu apdoroti ir turi daugiau maistini\u0173 med\u017eiag\u0173 bei skaidul\u0173, palengvinan\u010di\u0173 vir\u0161kinim\u0105.     Ciber\u017eol\u0117 \u2013 nat\u016bralus antioksidantas    Alaus miel\u0117s \u2013 B vitamin\u0173 \u0161altinis    Burok\u0117liai \u2013 nat\u016bralus antioksidantas, folio r\u016bg\u0161ties ir gele\u017eies \u0161altinis   Iberijos kiaul\u0117s yra pusiau laukin\u0117 veisl\u0117, maitinasi daugiausia gil\u0117mis, \u017eole ir \u017eol\u0117mis. Lauko s\u0105lygomis u\u017eauginta m\u0117sa yra sveikesn\u0117 ir turtingesn\u0117 neso\u010diosiomis riebal\u0173 r\u016bg\u0161timis. Vi\u0161tiena gaunama i\u0161 laisvai auginam\u0173 pauk\u0161\u010di\u0173. Sud\u0117tis: Iberijos kiauliena 34 %, vi\u0161ta 34 %, viso gr\u016bdo ry\u017eiai, burok\u0117liai, alaus miel\u0117s, kmynai, ciber\u017eol\u0117. Nesud\u0117tyje n\u0117ra dirbtini\u0173 kvapikli\u0173, da\u017eikli\u0173 ar antioksidant\u0173. Analitin\u0117 sud\u0117tis: \u017eali baltymai 27,5 %, \u017ealia l\u0105steliena 2,5 %, \u017eali riebalai 18 %, \u017eali pelenai 7,2 %, dr\u0117gm\u0117 18 %. Gamintojas: Tenesco s.r.o., \u010cekija. Kilm\u0117s \u0161alis: ES.\" \/>\n<meta property=\"og:url\" content=\"https:\/\/miumjau.ee\/lt\/produktas\/magnum-saltai-presuotas-sunu-pasaras-iberijos-kiauliena-laisvai-auginama-vista-12-kg\/\" \/>\n<meta property=\"og:site_name\" content=\"MiuMjau\" \/>\n<meta property=\"article:publisher\" content=\"https:\/\/www.facebook.com\/miumjaupood\/\" \/>\n<meta property=\"article:modified_time\" content=\"2026-01-07T18:40:38+00:00\" \/>\n<meta property=\"og:image\" content=\"https:\/\/miumjau.ee\/wp-content\/uploads\/2025\/05\/magnum-kulmpressitud-koeratoit1.webp\" \/>\n\t<meta property=\"og:image:width\" content=\"600\" \/>\n\t<meta property=\"og:image:height\" content=\"800\" \/>\n\t<meta property=\"og:image:type\" content=\"image\/webp\" \/>\n<meta name=\"twitter:card\" content=\"summary_large_image\" \/>\n<script type=\"application\/ld+json\" class=\"yoast-schema-graph\">{\"@context\":\"https:\/\/schema.org\",\"@graph\":[{\"@type\":\"WebPage\",\"@id\":\"https:\/\/miumjau.ee\/lt\/produktas\/magnum-saltai-presuotas-sunu-pasaras-iberijos-kiauliena-laisvai-auginama-vista-12-kg\/\",\"url\":\"https:\/\/miumjau.ee\/lt\/produktas\/magnum-saltai-presuotas-sunu-pasaras-iberijos-kiauliena-laisvai-auginama-vista-12-kg\/\",\"name\":\"Magnum \u0161altai presuotas \u0161un\u0173 pa\u0161aras \u2013 Iberijos kiauliena & laisvai auginama vi\u0161ta 12 kg - MiuMjau\",\"isPartOf\":{\"@id\":\"https:\/\/miumjau.ee\/#website\"},\"primaryImageOfPage\":{\"@id\":\"https:\/\/miumjau.ee\/lt\/produktas\/magnum-saltai-presuotas-sunu-pasaras-iberijos-kiauliena-laisvai-auginama-vista-12-kg\/#primaryimage\"},\"image\":{\"@id\":\"https:\/\/miumjau.ee\/lt\/produktas\/magnum-saltai-presuotas-sunu-pasaras-iberijos-kiauliena-laisvai-auginama-vista-12-kg\/#primaryimage\"},\"thumbnailUrl\":\"https:\/\/miumjau.ee\/wp-content\/uploads\/2025\/05\/magnum-kulmpressitud-koeratoit1.webp\",\"datePublished\":\"2025-05-20T14:09:22+00:00\",\"dateModified\":\"2026-01-07T18:40:38+00:00\",\"breadcrumb\":{\"@id\":\"https:\/\/miumjau.ee\/lt\/produktas\/magnum-saltai-presuotas-sunu-pasaras-iberijos-kiauliena-laisvai-auginama-vista-12-kg\/#breadcrumb\"},\"inLanguage\":\"lt-LT\",\"potentialAction\":[{\"@type\":\"ReadAction\",\"target\":[\"https:\/\/miumjau.ee\/lt\/produktas\/magnum-saltai-presuotas-sunu-pasaras-iberijos-kiauliena-laisvai-auginama-vista-12-kg\/\"]}]},{\"@type\":\"ImageObject\",\"inLanguage\":\"lt-LT\",\"@id\":\"https:\/\/miumjau.ee\/lt\/produktas\/magnum-saltai-presuotas-sunu-pasaras-iberijos-kiauliena-laisvai-auginama-vista-12-kg\/#primaryimage\",\"url\":\"https:\/\/miumjau.ee\/wp-content\/uploads\/2025\/05\/magnum-kulmpressitud-koeratoit1.webp\",\"contentUrl\":\"https:\/\/miumjau.ee\/wp-content\/uploads\/2025\/05\/magnum-kulmpressitud-koeratoit1.webp\",\"width\":600,\"height\":800,\"caption\":\"Magnum Ibeeria siga\/vabak\u00e4igu kana k\u00fclmpressitud koeratoit 12 kg\"},{\"@type\":\"BreadcrumbList\",\"@id\":\"https:\/\/miumjau.ee\/lt\/produktas\/magnum-saltai-presuotas-sunu-pasaras-iberijos-kiauliena-laisvai-auginama-vista-12-kg\/#breadcrumb\",\"itemListElement\":[{\"@type\":\"ListItem\",\"position\":1,\"name\":\"Home\",\"item\":\"https:\/\/miumjau.ee\/lt\/\"},{\"@type\":\"ListItem\",\"position\":2,\"name\":\"Parduotuv\u0117\",\"item\":\"https:\/\/miumjau.ee\/lt\/parduotuve\/\"},{\"@type\":\"ListItem\",\"position\":3,\"name\":\"Magnum \u0161altai presuotas \u0161un\u0173 pa\u0161aras \u2013 Iberijos kiauliena &#038; laisvai auginama vi\u0161ta 12 kg\"}]},{\"@type\":\"WebSite\",\"@id\":\"https:\/\/miumjau.ee\/#website\",\"url\":\"https:\/\/miumjau.ee\/\",\"name\":\"MiuMjau\",\"description\":\"Kraapimispuud kassidele\",\"publisher\":{\"@id\":\"https:\/\/miumjau.ee\/#organization\"},\"potentialAction\":[{\"@type\":\"SearchAction\",\"target\":{\"@type\":\"EntryPoint\",\"urlTemplate\":\"https:\/\/miumjau.ee\/?s={search_term_string}\"},\"query-input\":{\"@type\":\"PropertyValueSpecification\",\"valueRequired\":true,\"valueName\":\"search_term_string\"}}],\"inLanguage\":\"lt-LT\"},{\"@type\":\"Organization\",\"@id\":\"https:\/\/miumjau.ee\/#organization\",\"name\":\"MiuMjau O\u00dc\",\"url\":\"https:\/\/miumjau.ee\/\",\"logo\":{\"@type\":\"ImageObject\",\"inLanguage\":\"lt-LT\",\"@id\":\"https:\/\/miumjau.ee\/#\/schema\/logo\/image\/\",\"url\":\"https:\/\/miumjau.ee\/wp-content\/uploads\/2022\/04\/MiuMjau-logo-kollane.png\",\"contentUrl\":\"https:\/\/miumjau.ee\/wp-content\/uploads\/2022\/04\/MiuMjau-logo-kollane.png\",\"width\":219,\"height\":100,\"caption\":\"MiuMjau O\u00dc\"},\"image\":{\"@id\":\"https:\/\/miumjau.ee\/#\/schema\/logo\/image\/\"},\"sameAs\":[\"https:\/\/www.facebook.com\/miumjaupood\/\"]}]}<\/script>\n<!-- \/ Yoast SEO plugin. -->","yoast_head_json":{"title":"Magnum \u0161altai presuotas \u0161un\u0173 pa\u0161aras \u2013 Iberijos kiauliena & laisvai auginama vi\u0161ta 12 kg - MiuMjau","robots":{"index":"index","follow":"follow","max-snippet":"max-snippet:-1","max-image-preview":"max-image-preview:large","max-video-preview":"max-video-preview:-1"},"canonical":"https:\/\/miumjau.ee\/lt\/produktas\/magnum-saltai-presuotas-sunu-pasaras-iberijos-kiauliena-laisvai-auginama-vista-12-kg\/","og_locale":"lt_LT","og_type":"article","og_title":"Magnum \u0161altai presuotas \u0161un\u0173 pa\u0161aras \u2013 Iberijos kiauliena & laisvai auginama vi\u0161ta 12 kg - MiuMjau","og_description":"Magnum Dog Food Iberian Pork &amp; Chicken. \u0160altai presuotas visavertis pa\u0161aras visiems \u0161unims, pagamintas i\u0161 \u0161vie\u017eios Iberijos kiaulienos (pusiau laukin\u0117 veisl\u0117) ir laisvai auginamos vi\u0161tos. \u0160altai presuotas pa\u0161aras yra artimiausias \u017ealiai mitybai ir gali b\u016bti naudojamas kartu su RAW dieta. Jis nebrinksta skrandyje ir padeda i\u0161vengti sveikatos problem\u0173, toki\u0173 kaip skrand\u017eio susisukimas. Be glitimo. Sud\u0117tyje n\u0117ra m\u0117sos milt\u0173, dirbtini\u0173 kvapikli\u0173 ar da\u017eikli\u0173. Be prid\u0117tini\u0173 riebal\u0173, vitamin\u0173 ir mineral\u0173 \u2013 100 % nat\u016brali sud\u0117tis. Lengvai vir\u0161kinamas, tinkamas jautriems \u0161unims. Be sojos, kvie\u010di\u0173 ar kukur\u016bz\u0173.Viso gr\u016bdo rudieji ry\u017eiai n\u0117ra pramoniniu b\u016bdu apdoroti ir turi daugiau maistini\u0173 med\u017eiag\u0173 bei skaidul\u0173, palengvinan\u010di\u0173 vir\u0161kinim\u0105.     Ciber\u017eol\u0117 \u2013 nat\u016bralus antioksidantas    Alaus miel\u0117s \u2013 B vitamin\u0173 \u0161altinis    Burok\u0117liai \u2013 nat\u016bralus antioksidantas, folio r\u016bg\u0161ties ir gele\u017eies \u0161altinis   Iberijos kiaul\u0117s yra pusiau laukin\u0117 veisl\u0117, maitinasi daugiausia gil\u0117mis, \u017eole ir \u017eol\u0117mis. Lauko s\u0105lygomis u\u017eauginta m\u0117sa yra sveikesn\u0117 ir turtingesn\u0117 neso\u010diosiomis riebal\u0173 r\u016bg\u0161timis. Vi\u0161tiena gaunama i\u0161 laisvai auginam\u0173 pauk\u0161\u010di\u0173. Sud\u0117tis: Iberijos kiauliena 34 %, vi\u0161ta 34 %, viso gr\u016bdo ry\u017eiai, burok\u0117liai, alaus miel\u0117s, kmynai, ciber\u017eol\u0117. Nesud\u0117tyje n\u0117ra dirbtini\u0173 kvapikli\u0173, da\u017eikli\u0173 ar antioksidant\u0173. Analitin\u0117 sud\u0117tis: \u017eali baltymai 27,5 %, \u017ealia l\u0105steliena 2,5 %, \u017eali riebalai 18 %, \u017eali pelenai 7,2 %, dr\u0117gm\u0117 18 %. Gamintojas: Tenesco s.r.o., \u010cekija. Kilm\u0117s \u0161alis: ES.","og_url":"https:\/\/miumjau.ee\/lt\/produktas\/magnum-saltai-presuotas-sunu-pasaras-iberijos-kiauliena-laisvai-auginama-vista-12-kg\/","og_site_name":"MiuMjau","article_publisher":"https:\/\/www.facebook.com\/miumjaupood\/","article_modified_time":"2026-01-07T18:40:38+00:00","og_image":[{"width":600,"height":800,"url":"https:\/\/miumjau.ee\/wp-content\/uploads\/2025\/05\/magnum-kulmpressitud-koeratoit1.webp","type":"image\/webp"}],"twitter_card":"summary_large_image","schema":{"@context":"https:\/\/schema.org","@graph":[{"@type":"WebPage","@id":"https:\/\/miumjau.ee\/lt\/produktas\/magnum-saltai-presuotas-sunu-pasaras-iberijos-kiauliena-laisvai-auginama-vista-12-kg\/","url":"https:\/\/miumjau.ee\/lt\/produktas\/magnum-saltai-presuotas-sunu-pasaras-iberijos-kiauliena-laisvai-auginama-vista-12-kg\/","name":"Magnum \u0161altai presuotas \u0161un\u0173 pa\u0161aras \u2013 Iberijos kiauliena & laisvai auginama vi\u0161ta 12 kg - MiuMjau","isPartOf":{"@id":"https:\/\/miumjau.ee\/#website"},"primaryImageOfPage":{"@id":"https:\/\/miumjau.ee\/lt\/produktas\/magnum-saltai-presuotas-sunu-pasaras-iberijos-kiauliena-laisvai-auginama-vista-12-kg\/#primaryimage"},"image":{"@id":"https:\/\/miumjau.ee\/lt\/produktas\/magnum-saltai-presuotas-sunu-pasaras-iberijos-kiauliena-laisvai-auginama-vista-12-kg\/#primaryimage"},"thumbnailUrl":"https:\/\/miumjau.ee\/wp-content\/uploads\/2025\/05\/magnum-kulmpressitud-koeratoit1.webp","datePublished":"2025-05-20T14:09:22+00:00","dateModified":"2026-01-07T18:40:38+00:00","breadcrumb":{"@id":"https:\/\/miumjau.ee\/lt\/produktas\/magnum-saltai-presuotas-sunu-pasaras-iberijos-kiauliena-laisvai-auginama-vista-12-kg\/#breadcrumb"},"inLanguage":"lt-LT","potentialAction":[{"@type":"ReadAction","target":["https:\/\/miumjau.ee\/lt\/produktas\/magnum-saltai-presuotas-sunu-pasaras-iberijos-kiauliena-laisvai-auginama-vista-12-kg\/"]}]},{"@type":"ImageObject","inLanguage":"lt-LT","@id":"https:\/\/miumjau.ee\/lt\/produktas\/magnum-saltai-presuotas-sunu-pasaras-iberijos-kiauliena-laisvai-auginama-vista-12-kg\/#primaryimage","url":"https:\/\/miumjau.ee\/wp-content\/uploads\/2025\/05\/magnum-kulmpressitud-koeratoit1.webp","contentUrl":"https:\/\/miumjau.ee\/wp-content\/uploads\/2025\/05\/magnum-kulmpressitud-koeratoit1.webp","width":600,"height":800,"caption":"Magnum Ibeeria siga\/vabak\u00e4igu kana k\u00fclmpressitud koeratoit 12 kg"},{"@type":"BreadcrumbList","@id":"https:\/\/miumjau.ee\/lt\/produktas\/magnum-saltai-presuotas-sunu-pasaras-iberijos-kiauliena-laisvai-auginama-vista-12-kg\/#breadcrumb","itemListElement":[{"@type":"ListItem","position":1,"name":"Home","item":"https:\/\/miumjau.ee\/lt\/"},{"@type":"ListItem","position":2,"name":"Parduotuv\u0117","item":"https:\/\/miumjau.ee\/lt\/parduotuve\/"},{"@type":"ListItem","position":3,"name":"Magnum \u0161altai presuotas \u0161un\u0173 pa\u0161aras \u2013 Iberijos kiauliena &#038; laisvai auginama vi\u0161ta 12 kg"}]},{"@type":"WebSite","@id":"https:\/\/miumjau.ee\/#website","url":"https:\/\/miumjau.ee\/","name":"MiuMjau","description":"Kraapimispuud kassidele","publisher":{"@id":"https:\/\/miumjau.ee\/#organization"},"potentialAction":[{"@type":"SearchAction","target":{"@type":"EntryPoint","urlTemplate":"https:\/\/miumjau.ee\/?s={search_term_string}"},"query-input":{"@type":"PropertyValueSpecification","valueRequired":true,"valueName":"search_term_string"}}],"inLanguage":"lt-LT"},{"@type":"Organization","@id":"https:\/\/miumjau.ee\/#organization","name":"MiuMjau O\u00dc","url":"https:\/\/miumjau.ee\/","logo":{"@type":"ImageObject","inLanguage":"lt-LT","@id":"https:\/\/miumjau.ee\/#\/schema\/logo\/image\/","url":"https:\/\/miumjau.ee\/wp-content\/uploads\/2022\/04\/MiuMjau-logo-kollane.png","contentUrl":"https:\/\/miumjau.ee\/wp-content\/uploads\/2022\/04\/MiuMjau-logo-kollane.png","width":219,"height":100,"caption":"MiuMjau O\u00dc"},"image":{"@id":"https:\/\/miumjau.ee\/#\/schema\/logo\/image\/"},"sameAs":["https:\/\/www.facebook.com\/miumjaupood\/"]}]}},"_links":{"self":[{"href":"https:\/\/miumjau.ee\/lt\/wp-json\/wp\/v2\/product\/51452","targetHints":{"allow":["GET"]}}],"collection":[{"href":"https:\/\/miumjau.ee\/lt\/wp-json\/wp\/v2\/product"}],"about":[{"href":"https:\/\/miumjau.ee\/lt\/wp-json\/wp\/v2\/types\/product"}],"wp:featuredmedia":[{"embeddable":true,"href":"https:\/\/miumjau.ee\/lt\/wp-json\/wp\/v2\/media\/51432"}],"wp:attachment":[{"href":"https:\/\/miumjau.ee\/lt\/wp-json\/wp\/v2\/media?parent=51452"}],"wp:term":[{"taxonomy":"product_brand","embeddable":true,"href":"https:\/\/miumjau.ee\/lt\/wp-json\/wp\/v2\/product_brand?post=51452"},{"taxonomy":"product_cat","embeddable":true,"href":"https:\/\/miumjau.ee\/lt\/wp-json\/wp\/v2\/product_cat?post=51452"},{"taxonomy":"product_tag","embeddable":true,"href":"https:\/\/miumjau.ee\/lt\/wp-json\/wp\/v2\/product_tag?post=51452"}],"curies":[{"name":"wp","href":"https:\/\/api.w.org\/{rel}","templated":true}]}}