{"id":51417,"date":"2025-05-20T17:09:27","date_gmt":"2025-05-20T14:09:27","guid":{"rendered":"https:\/\/miumjau.ee\/toode\/magnum-saltai-presuotas-sunu-pasaras-iberijos-kiauliena-ir-vandenyno-zuvis-3-kg\/"},"modified":"2026-01-07T20:40:46","modified_gmt":"2026-01-07T18:40:46","slug":"magnum-saltai-presuotas-sunu-pasaras-iberijos-kiauliena-ir-vandenyno-zuvis-3-kg","status":"publish","type":"product","link":"https:\/\/miumjau.ee\/lt\/produktas\/magnum-saltai-presuotas-sunu-pasaras-iberijos-kiauliena-ir-vandenyno-zuvis-3-kg\/","title":{"rendered":"Magnum \u0161altai presuotas \u0161un\u0173 pa\u0161aras \u2013 iberijos kiauliena ir vandenyno \u017euvis 3 kg"},"content":{"rendered":"","protected":false},"excerpt":{"rendered":"<p data-start=\"4178\" data-end=\"4360\">Magnum Dog Food Iberian Pork &amp; Ocean Fish. \u0160altai presuotas visavertis pa\u0161aras visiems \u0161unims, pagamintas i\u0161 \u0161vie\u017eios Iberijos kiaulienos (pusiau laukin\u0117 veisl\u0117) ir vandenyno \u017euvies.<\/p>\n<p data-start=\"4362\" data-end=\"4560\">\u0160altai presuotas pa\u0161aras yra artimiausias \u017ealiai mitybai ir gali b\u016bti naudojamas kartu su RAW dieta. Jis nebrinksta skrandyje ir padeda i\u0161vengti sveikatos problem\u0173, toki\u0173 kaip skrand\u017eio susisukimas.<\/p>\n<p data-start=\"4562\" data-end=\"4790\">Be glitimo. Sud\u0117tyje n\u0117ra m\u0117sos milt\u0173, dirbtini\u0173 kvapi\u0173j\u0173 ar da\u017ean\u010di\u0173 med\u017eiag\u0173. Be prid\u0117tini\u0173 riebal\u0173, vitamin\u0173 ir mineral\u0173 \u2013 100 % nat\u016brali sud\u0117tis. Lengvai vir\u0161kinamas, tinkamas jautriems \u0161unims. Be sojos, kvie\u010di\u0173 ir kukur\u016bz\u0173.<\/p>\n<p data-start=\"4792\" data-end=\"4908\"><strong data-start=\"4792\" data-end=\"4804\">Sud\u0117tis:<\/strong> Iberijos kiauliena 40 %, sardin\u0117s 28 %, viso gr\u016bdo ry\u017eiai, burok\u0117liai, alaus miel\u0117s, kmynai, ciber\u017eol\u0117.<\/p>\n<p data-start=\"4910\" data-end=\"5029\"><strong data-start=\"4910\" data-end=\"4932\">Analitin\u0117 sud\u0117tis:<\/strong> \u017eali baltymai 28 %, \u017ealia l\u0105steliena 2,3 %, \u017eali riebalai 19 %, \u017eali pelenai 7,5 %, dr\u0117gm\u0117 18 %.<\/p>\n<p data-start=\"5031\" data-end=\"5084\">Gamintojas: Tenesco s.r.o., \u010cekija. Kilm\u0117s \u0161alis: ES.<\/p>\n","protected":false},"featured_media":51415,"template":"","meta":[],"product_brand":[],"product_cat":[538],"product_tag":[],"class_list":{"0":"post-51417","1":"product","2":"type-product","3":"status-publish","4":"has-post-thumbnail","6":"product_cat-sausas-maistas-sunims","8":"first","9":"instock","10":"sale","11":"taxable","12":"shipping-taxable","13":"purchasable","14":"product-type-simple"},"yoast_head":"<!-- This site is optimized with the Yoast SEO plugin v27.2 - https:\/\/yoast.com\/product\/yoast-seo-wordpress\/ -->\n<title>Magnum \u0161altai presuotas \u0161un\u0173 pa\u0161aras \u2013 iberijos kiauliena ir vandenyno \u017euvis 3 kg - MiuMjau<\/title>\n<meta name=\"robots\" content=\"index, follow, max-snippet:-1, max-image-preview:large, max-video-preview:-1\" \/>\n<link rel=\"canonical\" href=\"https:\/\/miumjau.ee\/lt\/produktas\/magnum-saltai-presuotas-sunu-pasaras-iberijos-kiauliena-ir-vandenyno-zuvis-3-kg\/\" \/>\n<meta property=\"og:locale\" content=\"lt_LT\" \/>\n<meta property=\"og:type\" content=\"article\" \/>\n<meta property=\"og:title\" content=\"Magnum \u0161altai presuotas \u0161un\u0173 pa\u0161aras \u2013 iberijos kiauliena ir vandenyno \u017euvis 3 kg - MiuMjau\" \/>\n<meta property=\"og:description\" content=\"Magnum Dog Food Iberian Pork &amp; Ocean Fish. \u0160altai presuotas visavertis pa\u0161aras visiems \u0161unims, pagamintas i\u0161 \u0161vie\u017eios Iberijos kiaulienos (pusiau laukin\u0117 veisl\u0117) ir vandenyno \u017euvies. \u0160altai presuotas pa\u0161aras yra artimiausias \u017ealiai mitybai ir gali b\u016bti naudojamas kartu su RAW dieta. Jis nebrinksta skrandyje ir padeda i\u0161vengti sveikatos problem\u0173, toki\u0173 kaip skrand\u017eio susisukimas. Be glitimo. Sud\u0117tyje n\u0117ra m\u0117sos milt\u0173, dirbtini\u0173 kvapi\u0173j\u0173 ar da\u017ean\u010di\u0173 med\u017eiag\u0173. Be prid\u0117tini\u0173 riebal\u0173, vitamin\u0173 ir mineral\u0173 \u2013 100 % nat\u016brali sud\u0117tis. Lengvai vir\u0161kinamas, tinkamas jautriems \u0161unims. Be sojos, kvie\u010di\u0173 ir kukur\u016bz\u0173. Sud\u0117tis: Iberijos kiauliena 40 %, sardin\u0117s 28 %, viso gr\u016bdo ry\u017eiai, burok\u0117liai, alaus miel\u0117s, kmynai, ciber\u017eol\u0117. Analitin\u0117 sud\u0117tis: \u017eali baltymai 28 %, \u017ealia l\u0105steliena 2,3 %, \u017eali riebalai 19 %, \u017eali pelenai 7,5 %, dr\u0117gm\u0117 18 %. Gamintojas: Tenesco s.r.o., \u010cekija. Kilm\u0117s \u0161alis: ES.\" \/>\n<meta property=\"og:url\" content=\"https:\/\/miumjau.ee\/lt\/produktas\/magnum-saltai-presuotas-sunu-pasaras-iberijos-kiauliena-ir-vandenyno-zuvis-3-kg\/\" \/>\n<meta property=\"og:site_name\" content=\"MiuMjau\" \/>\n<meta property=\"article:publisher\" content=\"https:\/\/www.facebook.com\/miumjaupood\/\" \/>\n<meta property=\"article:modified_time\" content=\"2026-01-07T18:40:46+00:00\" \/>\n<meta property=\"og:image\" content=\"https:\/\/miumjau.ee\/wp-content\/uploads\/2025\/05\/magnum-kulmpressitud-koeratoit7.webp\" \/>\n\t<meta property=\"og:image:width\" content=\"600\" \/>\n\t<meta property=\"og:image:height\" content=\"800\" \/>\n\t<meta property=\"og:image:type\" content=\"image\/webp\" \/>\n<meta name=\"twitter:card\" content=\"summary_large_image\" \/>\n<script type=\"application\/ld+json\" class=\"yoast-schema-graph\">{\"@context\":\"https:\/\/schema.org\",\"@graph\":[{\"@type\":\"WebPage\",\"@id\":\"https:\/\/miumjau.ee\/lt\/produktas\/magnum-saltai-presuotas-sunu-pasaras-iberijos-kiauliena-ir-vandenyno-zuvis-3-kg\/\",\"url\":\"https:\/\/miumjau.ee\/lt\/produktas\/magnum-saltai-presuotas-sunu-pasaras-iberijos-kiauliena-ir-vandenyno-zuvis-3-kg\/\",\"name\":\"Magnum \u0161altai presuotas \u0161un\u0173 pa\u0161aras \u2013 iberijos kiauliena ir vandenyno \u017euvis 3 kg - MiuMjau\",\"isPartOf\":{\"@id\":\"https:\/\/miumjau.ee\/#website\"},\"primaryImageOfPage\":{\"@id\":\"https:\/\/miumjau.ee\/lt\/produktas\/magnum-saltai-presuotas-sunu-pasaras-iberijos-kiauliena-ir-vandenyno-zuvis-3-kg\/#primaryimage\"},\"image\":{\"@id\":\"https:\/\/miumjau.ee\/lt\/produktas\/magnum-saltai-presuotas-sunu-pasaras-iberijos-kiauliena-ir-vandenyno-zuvis-3-kg\/#primaryimage\"},\"thumbnailUrl\":\"https:\/\/miumjau.ee\/wp-content\/uploads\/2025\/05\/magnum-kulmpressitud-koeratoit7.webp\",\"datePublished\":\"2025-05-20T14:09:27+00:00\",\"dateModified\":\"2026-01-07T18:40:46+00:00\",\"breadcrumb\":{\"@id\":\"https:\/\/miumjau.ee\/lt\/produktas\/magnum-saltai-presuotas-sunu-pasaras-iberijos-kiauliena-ir-vandenyno-zuvis-3-kg\/#breadcrumb\"},\"inLanguage\":\"lt-LT\",\"potentialAction\":[{\"@type\":\"ReadAction\",\"target\":[\"https:\/\/miumjau.ee\/lt\/produktas\/magnum-saltai-presuotas-sunu-pasaras-iberijos-kiauliena-ir-vandenyno-zuvis-3-kg\/\"]}]},{\"@type\":\"ImageObject\",\"inLanguage\":\"lt-LT\",\"@id\":\"https:\/\/miumjau.ee\/lt\/produktas\/magnum-saltai-presuotas-sunu-pasaras-iberijos-kiauliena-ir-vandenyno-zuvis-3-kg\/#primaryimage\",\"url\":\"https:\/\/miumjau.ee\/wp-content\/uploads\/2025\/05\/magnum-kulmpressitud-koeratoit7.webp\",\"contentUrl\":\"https:\/\/miumjau.ee\/wp-content\/uploads\/2025\/05\/magnum-kulmpressitud-koeratoit7.webp\",\"width\":600,\"height\":800},{\"@type\":\"BreadcrumbList\",\"@id\":\"https:\/\/miumjau.ee\/lt\/produktas\/magnum-saltai-presuotas-sunu-pasaras-iberijos-kiauliena-ir-vandenyno-zuvis-3-kg\/#breadcrumb\",\"itemListElement\":[{\"@type\":\"ListItem\",\"position\":1,\"name\":\"Home\",\"item\":\"https:\/\/miumjau.ee\/lt\/\"},{\"@type\":\"ListItem\",\"position\":2,\"name\":\"Parduotuv\u0117\",\"item\":\"https:\/\/miumjau.ee\/lt\/parduotuve\/\"},{\"@type\":\"ListItem\",\"position\":3,\"name\":\"Magnum \u0161altai presuotas \u0161un\u0173 pa\u0161aras \u2013 iberijos kiauliena ir vandenyno \u017euvis 3 kg\"}]},{\"@type\":\"WebSite\",\"@id\":\"https:\/\/miumjau.ee\/#website\",\"url\":\"https:\/\/miumjau.ee\/\",\"name\":\"MiuMjau\",\"description\":\"Kraapimispuud kassidele\",\"publisher\":{\"@id\":\"https:\/\/miumjau.ee\/#organization\"},\"potentialAction\":[{\"@type\":\"SearchAction\",\"target\":{\"@type\":\"EntryPoint\",\"urlTemplate\":\"https:\/\/miumjau.ee\/?s={search_term_string}\"},\"query-input\":{\"@type\":\"PropertyValueSpecification\",\"valueRequired\":true,\"valueName\":\"search_term_string\"}}],\"inLanguage\":\"lt-LT\"},{\"@type\":\"Organization\",\"@id\":\"https:\/\/miumjau.ee\/#organization\",\"name\":\"MiuMjau O\u00dc\",\"url\":\"https:\/\/miumjau.ee\/\",\"logo\":{\"@type\":\"ImageObject\",\"inLanguage\":\"lt-LT\",\"@id\":\"https:\/\/miumjau.ee\/#\/schema\/logo\/image\/\",\"url\":\"https:\/\/miumjau.ee\/wp-content\/uploads\/2022\/04\/MiuMjau-logo-kollane.png\",\"contentUrl\":\"https:\/\/miumjau.ee\/wp-content\/uploads\/2022\/04\/MiuMjau-logo-kollane.png\",\"width\":219,\"height\":100,\"caption\":\"MiuMjau O\u00dc\"},\"image\":{\"@id\":\"https:\/\/miumjau.ee\/#\/schema\/logo\/image\/\"},\"sameAs\":[\"https:\/\/www.facebook.com\/miumjaupood\/\"]}]}<\/script>\n<!-- \/ Yoast SEO plugin. -->","yoast_head_json":{"title":"Magnum \u0161altai presuotas \u0161un\u0173 pa\u0161aras \u2013 iberijos kiauliena ir vandenyno \u017euvis 3 kg - MiuMjau","robots":{"index":"index","follow":"follow","max-snippet":"max-snippet:-1","max-image-preview":"max-image-preview:large","max-video-preview":"max-video-preview:-1"},"canonical":"https:\/\/miumjau.ee\/lt\/produktas\/magnum-saltai-presuotas-sunu-pasaras-iberijos-kiauliena-ir-vandenyno-zuvis-3-kg\/","og_locale":"lt_LT","og_type":"article","og_title":"Magnum \u0161altai presuotas \u0161un\u0173 pa\u0161aras \u2013 iberijos kiauliena ir vandenyno \u017euvis 3 kg - MiuMjau","og_description":"Magnum Dog Food Iberian Pork &amp; Ocean Fish. \u0160altai presuotas visavertis pa\u0161aras visiems \u0161unims, pagamintas i\u0161 \u0161vie\u017eios Iberijos kiaulienos (pusiau laukin\u0117 veisl\u0117) ir vandenyno \u017euvies. \u0160altai presuotas pa\u0161aras yra artimiausias \u017ealiai mitybai ir gali b\u016bti naudojamas kartu su RAW dieta. Jis nebrinksta skrandyje ir padeda i\u0161vengti sveikatos problem\u0173, toki\u0173 kaip skrand\u017eio susisukimas. Be glitimo. Sud\u0117tyje n\u0117ra m\u0117sos milt\u0173, dirbtini\u0173 kvapi\u0173j\u0173 ar da\u017ean\u010di\u0173 med\u017eiag\u0173. Be prid\u0117tini\u0173 riebal\u0173, vitamin\u0173 ir mineral\u0173 \u2013 100 % nat\u016brali sud\u0117tis. Lengvai vir\u0161kinamas, tinkamas jautriems \u0161unims. Be sojos, kvie\u010di\u0173 ir kukur\u016bz\u0173. Sud\u0117tis: Iberijos kiauliena 40 %, sardin\u0117s 28 %, viso gr\u016bdo ry\u017eiai, burok\u0117liai, alaus miel\u0117s, kmynai, ciber\u017eol\u0117. Analitin\u0117 sud\u0117tis: \u017eali baltymai 28 %, \u017ealia l\u0105steliena 2,3 %, \u017eali riebalai 19 %, \u017eali pelenai 7,5 %, dr\u0117gm\u0117 18 %. Gamintojas: Tenesco s.r.o., \u010cekija. Kilm\u0117s \u0161alis: ES.","og_url":"https:\/\/miumjau.ee\/lt\/produktas\/magnum-saltai-presuotas-sunu-pasaras-iberijos-kiauliena-ir-vandenyno-zuvis-3-kg\/","og_site_name":"MiuMjau","article_publisher":"https:\/\/www.facebook.com\/miumjaupood\/","article_modified_time":"2026-01-07T18:40:46+00:00","og_image":[{"width":600,"height":800,"url":"https:\/\/miumjau.ee\/wp-content\/uploads\/2025\/05\/magnum-kulmpressitud-koeratoit7.webp","type":"image\/webp"}],"twitter_card":"summary_large_image","schema":{"@context":"https:\/\/schema.org","@graph":[{"@type":"WebPage","@id":"https:\/\/miumjau.ee\/lt\/produktas\/magnum-saltai-presuotas-sunu-pasaras-iberijos-kiauliena-ir-vandenyno-zuvis-3-kg\/","url":"https:\/\/miumjau.ee\/lt\/produktas\/magnum-saltai-presuotas-sunu-pasaras-iberijos-kiauliena-ir-vandenyno-zuvis-3-kg\/","name":"Magnum \u0161altai presuotas \u0161un\u0173 pa\u0161aras \u2013 iberijos kiauliena ir vandenyno \u017euvis 3 kg - MiuMjau","isPartOf":{"@id":"https:\/\/miumjau.ee\/#website"},"primaryImageOfPage":{"@id":"https:\/\/miumjau.ee\/lt\/produktas\/magnum-saltai-presuotas-sunu-pasaras-iberijos-kiauliena-ir-vandenyno-zuvis-3-kg\/#primaryimage"},"image":{"@id":"https:\/\/miumjau.ee\/lt\/produktas\/magnum-saltai-presuotas-sunu-pasaras-iberijos-kiauliena-ir-vandenyno-zuvis-3-kg\/#primaryimage"},"thumbnailUrl":"https:\/\/miumjau.ee\/wp-content\/uploads\/2025\/05\/magnum-kulmpressitud-koeratoit7.webp","datePublished":"2025-05-20T14:09:27+00:00","dateModified":"2026-01-07T18:40:46+00:00","breadcrumb":{"@id":"https:\/\/miumjau.ee\/lt\/produktas\/magnum-saltai-presuotas-sunu-pasaras-iberijos-kiauliena-ir-vandenyno-zuvis-3-kg\/#breadcrumb"},"inLanguage":"lt-LT","potentialAction":[{"@type":"ReadAction","target":["https:\/\/miumjau.ee\/lt\/produktas\/magnum-saltai-presuotas-sunu-pasaras-iberijos-kiauliena-ir-vandenyno-zuvis-3-kg\/"]}]},{"@type":"ImageObject","inLanguage":"lt-LT","@id":"https:\/\/miumjau.ee\/lt\/produktas\/magnum-saltai-presuotas-sunu-pasaras-iberijos-kiauliena-ir-vandenyno-zuvis-3-kg\/#primaryimage","url":"https:\/\/miumjau.ee\/wp-content\/uploads\/2025\/05\/magnum-kulmpressitud-koeratoit7.webp","contentUrl":"https:\/\/miumjau.ee\/wp-content\/uploads\/2025\/05\/magnum-kulmpressitud-koeratoit7.webp","width":600,"height":800},{"@type":"BreadcrumbList","@id":"https:\/\/miumjau.ee\/lt\/produktas\/magnum-saltai-presuotas-sunu-pasaras-iberijos-kiauliena-ir-vandenyno-zuvis-3-kg\/#breadcrumb","itemListElement":[{"@type":"ListItem","position":1,"name":"Home","item":"https:\/\/miumjau.ee\/lt\/"},{"@type":"ListItem","position":2,"name":"Parduotuv\u0117","item":"https:\/\/miumjau.ee\/lt\/parduotuve\/"},{"@type":"ListItem","position":3,"name":"Magnum \u0161altai presuotas \u0161un\u0173 pa\u0161aras \u2013 iberijos kiauliena ir vandenyno \u017euvis 3 kg"}]},{"@type":"WebSite","@id":"https:\/\/miumjau.ee\/#website","url":"https:\/\/miumjau.ee\/","name":"MiuMjau","description":"Kraapimispuud kassidele","publisher":{"@id":"https:\/\/miumjau.ee\/#organization"},"potentialAction":[{"@type":"SearchAction","target":{"@type":"EntryPoint","urlTemplate":"https:\/\/miumjau.ee\/?s={search_term_string}"},"query-input":{"@type":"PropertyValueSpecification","valueRequired":true,"valueName":"search_term_string"}}],"inLanguage":"lt-LT"},{"@type":"Organization","@id":"https:\/\/miumjau.ee\/#organization","name":"MiuMjau O\u00dc","url":"https:\/\/miumjau.ee\/","logo":{"@type":"ImageObject","inLanguage":"lt-LT","@id":"https:\/\/miumjau.ee\/#\/schema\/logo\/image\/","url":"https:\/\/miumjau.ee\/wp-content\/uploads\/2022\/04\/MiuMjau-logo-kollane.png","contentUrl":"https:\/\/miumjau.ee\/wp-content\/uploads\/2022\/04\/MiuMjau-logo-kollane.png","width":219,"height":100,"caption":"MiuMjau O\u00dc"},"image":{"@id":"https:\/\/miumjau.ee\/#\/schema\/logo\/image\/"},"sameAs":["https:\/\/www.facebook.com\/miumjaupood\/"]}]}},"_links":{"self":[{"href":"https:\/\/miumjau.ee\/lt\/wp-json\/wp\/v2\/product\/51417","targetHints":{"allow":["GET"]}}],"collection":[{"href":"https:\/\/miumjau.ee\/lt\/wp-json\/wp\/v2\/product"}],"about":[{"href":"https:\/\/miumjau.ee\/lt\/wp-json\/wp\/v2\/types\/product"}],"wp:featuredmedia":[{"embeddable":true,"href":"https:\/\/miumjau.ee\/lt\/wp-json\/wp\/v2\/media\/51415"}],"wp:attachment":[{"href":"https:\/\/miumjau.ee\/lt\/wp-json\/wp\/v2\/media?parent=51417"}],"wp:term":[{"taxonomy":"product_brand","embeddable":true,"href":"https:\/\/miumjau.ee\/lt\/wp-json\/wp\/v2\/product_brand?post=51417"},{"taxonomy":"product_cat","embeddable":true,"href":"https:\/\/miumjau.ee\/lt\/wp-json\/wp\/v2\/product_cat?post=51417"},{"taxonomy":"product_tag","embeddable":true,"href":"https:\/\/miumjau.ee\/lt\/wp-json\/wp\/v2\/product_tag?post=51417"}],"curies":[{"name":"wp","href":"https:\/\/api.w.org\/{rel}","templated":true}]}}