{"id":51382,"date":"2025-05-20T17:09:27","date_gmt":"2025-05-20T14:09:27","guid":{"rendered":"https:\/\/miumjau.ee\/toode\/polaris-vieno-baltymo-sunu-konservai-vistiena-6-x-400-g\/"},"modified":"2026-01-07T20:40:46","modified_gmt":"2026-01-07T18:40:46","slug":"polaris-vieno-baltymo-sunu-konservai-vistiena-6-x-400-g","status":"publish","type":"product","link":"https:\/\/miumjau.ee\/lt\/produktas\/polaris-vieno-baltymo-sunu-konservai-vistiena-6-x-400-g\/","title":{"rendered":"Polaris vieno baltymo \u0161un\u0173 konservai \u2013 vi\u0161tiena 6 \u00d7 400 g"},"content":{"rendered":"","protected":false},"excerpt":{"rendered":"<p data-start=\"3667\" data-end=\"3836\">Polaris Single Protein Chicken 6 \u00d7 400 g. Visavertis pa\u0161aras \u0161unims su vienu gyv\u016bnin\u0117s kilm\u0117s baltym\u0173 \u0161altiniu \u2013 vi\u0161tiena. Tinka vis\u0173 veisli\u0173, normalaus aktyvumo \u0161unims.<\/p>\n<p data-start=\"3838\" data-end=\"4011\">98,7 % vi\u0161tienos ir sultinio \u2013 vienas gyv\u016bninis baltym\u0173 \u0161altinis \u2013 tinka \u0161unims, turintiems jautr\u0173 vir\u0161kinim\u0105, alergij\u0173 ar maisto netoleravim\u0105.<br data-start=\"3981\" data-end=\"3984\" \/>Be gr\u016bd\u0173, sojos ir glitimo.<\/p>\n<ul data-start=\"4013\" data-end=\"4168\">\n<li data-start=\"4013\" data-end=\"4058\">\n<p data-start=\"4015\" data-end=\"4058\">Vitaminas D3 stipriems kaulams ir dantims<\/p>\n<\/li>\n<li data-start=\"4059\" data-end=\"4110\">\n<p data-start=\"4061\" data-end=\"4110\">Vitaminas E normaliai imunin\u0117s sistemos veiklai<\/p>\n<\/li>\n<li data-start=\"4111\" data-end=\"4168\">\n<p data-start=\"4113\" data-end=\"4168\">Lin\u0173 s\u0117men\u0173 aliejus ir cinkas sveikai odai ir kailiui<\/p>\n<\/li>\n<\/ul>\n<p data-start=\"4170\" data-end=\"4286\"><strong data-start=\"4170\" data-end=\"4182\">Sud\u0117tis:<\/strong> vi\u0161tiena 70 %, vi\u0161tienos sultinys 28,7 %, mineralai 0,7 %, celiulioz\u0117 0,5 %, lin\u0173 s\u0117men\u0173 aliejus 0,1 %.<\/p>\n<p data-start=\"4288\" data-end=\"4412\"><strong data-start=\"4288\" data-end=\"4310\">Analitin\u0117 sud\u0117tis:<\/strong> dr\u0117gm\u0117 78,0 %, \u017eali baltymai 10,5 %, \u017eali riebalai 7,5 %, \u017eali pelenai 2,4 %, \u017ealia l\u0105steliena 0,5 %.<\/p>\n<p data-start=\"4414\" data-end=\"4458\"><strong data-start=\"4414\" data-end=\"4440\">\u0160\u0117rimo rekomendacijos:<\/strong> \u017er. ant pakuot\u0117s.<\/p>\n<p data-start=\"4460\" data-end=\"4517\">Gamintojas: Partner in Pet Food. Pagaminta Nyderlanduose.<\/p>\n","protected":false},"featured_media":51383,"template":"","meta":[],"product_brand":[],"product_cat":[539],"product_tag":[],"class_list":{"0":"post-51382","1":"product","2":"type-product","3":"status-publish","4":"has-post-thumbnail","6":"product_cat-slapias-maistas-sunims","8":"first","9":"instock","10":"taxable","11":"shipping-taxable","12":"purchasable","13":"product-type-simple"},"yoast_head":"<!-- This site is optimized with the Yoast SEO plugin v27.2 - https:\/\/yoast.com\/product\/yoast-seo-wordpress\/ -->\n<title>Polaris vieno baltymo \u0161un\u0173 konservai \u2013 vi\u0161tiena 6 \u00d7 400 g - MiuMjau<\/title>\n<meta name=\"robots\" content=\"index, follow, max-snippet:-1, max-image-preview:large, max-video-preview:-1\" \/>\n<link rel=\"canonical\" href=\"https:\/\/miumjau.ee\/lt\/produktas\/polaris-vieno-baltymo-sunu-konservai-vistiena-6-x-400-g\/\" \/>\n<meta property=\"og:locale\" content=\"lt_LT\" \/>\n<meta property=\"og:type\" content=\"article\" \/>\n<meta property=\"og:title\" content=\"Polaris vieno baltymo \u0161un\u0173 konservai \u2013 vi\u0161tiena 6 \u00d7 400 g - MiuMjau\" \/>\n<meta property=\"og:description\" content=\"Polaris Single Protein Chicken 6 \u00d7 400 g. Visavertis pa\u0161aras \u0161unims su vienu gyv\u016bnin\u0117s kilm\u0117s baltym\u0173 \u0161altiniu \u2013 vi\u0161tiena. Tinka vis\u0173 veisli\u0173, normalaus aktyvumo \u0161unims. 98,7 % vi\u0161tienos ir sultinio \u2013 vienas gyv\u016bninis baltym\u0173 \u0161altinis \u2013 tinka \u0161unims, turintiems jautr\u0173 vir\u0161kinim\u0105, alergij\u0173 ar maisto netoleravim\u0105.Be gr\u016bd\u0173, sojos ir glitimo.     Vitaminas D3 stipriems kaulams ir dantims    Vitaminas E normaliai imunin\u0117s sistemos veiklai    Lin\u0173 s\u0117men\u0173 aliejus ir cinkas sveikai odai ir kailiui   Sud\u0117tis: vi\u0161tiena 70 %, vi\u0161tienos sultinys 28,7 %, mineralai 0,7 %, celiulioz\u0117 0,5 %, lin\u0173 s\u0117men\u0173 aliejus 0,1 %. Analitin\u0117 sud\u0117tis: dr\u0117gm\u0117 78,0 %, \u017eali baltymai 10,5 %, \u017eali riebalai 7,5 %, \u017eali pelenai 2,4 %, \u017ealia l\u0105steliena 0,5 %. \u0160\u0117rimo rekomendacijos: \u017er. ant pakuot\u0117s. Gamintojas: Partner in Pet Food. Pagaminta Nyderlanduose.\" \/>\n<meta property=\"og:url\" content=\"https:\/\/miumjau.ee\/lt\/produktas\/polaris-vieno-baltymo-sunu-konservai-vistiena-6-x-400-g\/\" \/>\n<meta property=\"og:site_name\" content=\"MiuMjau\" \/>\n<meta property=\"article:publisher\" content=\"https:\/\/www.facebook.com\/miumjaupood\/\" \/>\n<meta property=\"article:modified_time\" content=\"2026-01-07T18:40:46+00:00\" \/>\n<meta property=\"og:image\" content=\"https:\/\/miumjau.ee\/wp-content\/uploads\/2025\/05\/polaris-koer-konserv-monoproteiin1.webp\" \/>\n\t<meta property=\"og:image:width\" content=\"600\" \/>\n\t<meta property=\"og:image:height\" content=\"800\" \/>\n\t<meta property=\"og:image:type\" content=\"image\/webp\" \/>\n<meta name=\"twitter:card\" content=\"summary_large_image\" \/>\n<script type=\"application\/ld+json\" class=\"yoast-schema-graph\">{\"@context\":\"https:\/\/schema.org\",\"@graph\":[{\"@type\":\"WebPage\",\"@id\":\"https:\/\/miumjau.ee\/lt\/produktas\/polaris-vieno-baltymo-sunu-konservai-vistiena-6-x-400-g\/\",\"url\":\"https:\/\/miumjau.ee\/lt\/produktas\/polaris-vieno-baltymo-sunu-konservai-vistiena-6-x-400-g\/\",\"name\":\"Polaris vieno baltymo \u0161un\u0173 konservai \u2013 vi\u0161tiena 6 \u00d7 400 g - MiuMjau\",\"isPartOf\":{\"@id\":\"https:\/\/miumjau.ee\/#website\"},\"primaryImageOfPage\":{\"@id\":\"https:\/\/miumjau.ee\/lt\/produktas\/polaris-vieno-baltymo-sunu-konservai-vistiena-6-x-400-g\/#primaryimage\"},\"image\":{\"@id\":\"https:\/\/miumjau.ee\/lt\/produktas\/polaris-vieno-baltymo-sunu-konservai-vistiena-6-x-400-g\/#primaryimage\"},\"thumbnailUrl\":\"https:\/\/miumjau.ee\/wp-content\/uploads\/2025\/05\/polaris-koer-konserv-monoproteiin1.webp\",\"datePublished\":\"2025-05-20T14:09:27+00:00\",\"dateModified\":\"2026-01-07T18:40:46+00:00\",\"breadcrumb\":{\"@id\":\"https:\/\/miumjau.ee\/lt\/produktas\/polaris-vieno-baltymo-sunu-konservai-vistiena-6-x-400-g\/#breadcrumb\"},\"inLanguage\":\"lt-LT\",\"potentialAction\":[{\"@type\":\"ReadAction\",\"target\":[\"https:\/\/miumjau.ee\/lt\/produktas\/polaris-vieno-baltymo-sunu-konservai-vistiena-6-x-400-g\/\"]}]},{\"@type\":\"ImageObject\",\"inLanguage\":\"lt-LT\",\"@id\":\"https:\/\/miumjau.ee\/lt\/produktas\/polaris-vieno-baltymo-sunu-konservai-vistiena-6-x-400-g\/#primaryimage\",\"url\":\"https:\/\/miumjau.ee\/wp-content\/uploads\/2025\/05\/polaris-koer-konserv-monoproteiin1.webp\",\"contentUrl\":\"https:\/\/miumjau.ee\/wp-content\/uploads\/2025\/05\/polaris-koer-konserv-monoproteiin1.webp\",\"width\":600,\"height\":800},{\"@type\":\"BreadcrumbList\",\"@id\":\"https:\/\/miumjau.ee\/lt\/produktas\/polaris-vieno-baltymo-sunu-konservai-vistiena-6-x-400-g\/#breadcrumb\",\"itemListElement\":[{\"@type\":\"ListItem\",\"position\":1,\"name\":\"Home\",\"item\":\"https:\/\/miumjau.ee\/lt\/\"},{\"@type\":\"ListItem\",\"position\":2,\"name\":\"Parduotuv\u0117\",\"item\":\"https:\/\/miumjau.ee\/lt\/parduotuve\/\"},{\"@type\":\"ListItem\",\"position\":3,\"name\":\"Polaris vieno baltymo \u0161un\u0173 konservai \u2013 vi\u0161tiena 6 \u00d7 400 g\"}]},{\"@type\":\"WebSite\",\"@id\":\"https:\/\/miumjau.ee\/#website\",\"url\":\"https:\/\/miumjau.ee\/\",\"name\":\"MiuMjau\",\"description\":\"Kraapimispuud kassidele\",\"publisher\":{\"@id\":\"https:\/\/miumjau.ee\/#organization\"},\"potentialAction\":[{\"@type\":\"SearchAction\",\"target\":{\"@type\":\"EntryPoint\",\"urlTemplate\":\"https:\/\/miumjau.ee\/?s={search_term_string}\"},\"query-input\":{\"@type\":\"PropertyValueSpecification\",\"valueRequired\":true,\"valueName\":\"search_term_string\"}}],\"inLanguage\":\"lt-LT\"},{\"@type\":\"Organization\",\"@id\":\"https:\/\/miumjau.ee\/#organization\",\"name\":\"MiuMjau O\u00dc\",\"url\":\"https:\/\/miumjau.ee\/\",\"logo\":{\"@type\":\"ImageObject\",\"inLanguage\":\"lt-LT\",\"@id\":\"https:\/\/miumjau.ee\/#\/schema\/logo\/image\/\",\"url\":\"https:\/\/miumjau.ee\/wp-content\/uploads\/2022\/04\/MiuMjau-logo-kollane.png\",\"contentUrl\":\"https:\/\/miumjau.ee\/wp-content\/uploads\/2022\/04\/MiuMjau-logo-kollane.png\",\"width\":219,\"height\":100,\"caption\":\"MiuMjau O\u00dc\"},\"image\":{\"@id\":\"https:\/\/miumjau.ee\/#\/schema\/logo\/image\/\"},\"sameAs\":[\"https:\/\/www.facebook.com\/miumjaupood\/\"]}]}<\/script>\n<!-- \/ Yoast SEO plugin. -->","yoast_head_json":{"title":"Polaris vieno baltymo \u0161un\u0173 konservai \u2013 vi\u0161tiena 6 \u00d7 400 g - MiuMjau","robots":{"index":"index","follow":"follow","max-snippet":"max-snippet:-1","max-image-preview":"max-image-preview:large","max-video-preview":"max-video-preview:-1"},"canonical":"https:\/\/miumjau.ee\/lt\/produktas\/polaris-vieno-baltymo-sunu-konservai-vistiena-6-x-400-g\/","og_locale":"lt_LT","og_type":"article","og_title":"Polaris vieno baltymo \u0161un\u0173 konservai \u2013 vi\u0161tiena 6 \u00d7 400 g - MiuMjau","og_description":"Polaris Single Protein Chicken 6 \u00d7 400 g. Visavertis pa\u0161aras \u0161unims su vienu gyv\u016bnin\u0117s kilm\u0117s baltym\u0173 \u0161altiniu \u2013 vi\u0161tiena. Tinka vis\u0173 veisli\u0173, normalaus aktyvumo \u0161unims. 98,7 % vi\u0161tienos ir sultinio \u2013 vienas gyv\u016bninis baltym\u0173 \u0161altinis \u2013 tinka \u0161unims, turintiems jautr\u0173 vir\u0161kinim\u0105, alergij\u0173 ar maisto netoleravim\u0105.Be gr\u016bd\u0173, sojos ir glitimo.     Vitaminas D3 stipriems kaulams ir dantims    Vitaminas E normaliai imunin\u0117s sistemos veiklai    Lin\u0173 s\u0117men\u0173 aliejus ir cinkas sveikai odai ir kailiui   Sud\u0117tis: vi\u0161tiena 70 %, vi\u0161tienos sultinys 28,7 %, mineralai 0,7 %, celiulioz\u0117 0,5 %, lin\u0173 s\u0117men\u0173 aliejus 0,1 %. Analitin\u0117 sud\u0117tis: dr\u0117gm\u0117 78,0 %, \u017eali baltymai 10,5 %, \u017eali riebalai 7,5 %, \u017eali pelenai 2,4 %, \u017ealia l\u0105steliena 0,5 %. \u0160\u0117rimo rekomendacijos: \u017er. ant pakuot\u0117s. Gamintojas: Partner in Pet Food. Pagaminta Nyderlanduose.","og_url":"https:\/\/miumjau.ee\/lt\/produktas\/polaris-vieno-baltymo-sunu-konservai-vistiena-6-x-400-g\/","og_site_name":"MiuMjau","article_publisher":"https:\/\/www.facebook.com\/miumjaupood\/","article_modified_time":"2026-01-07T18:40:46+00:00","og_image":[{"width":600,"height":800,"url":"https:\/\/miumjau.ee\/wp-content\/uploads\/2025\/05\/polaris-koer-konserv-monoproteiin1.webp","type":"image\/webp"}],"twitter_card":"summary_large_image","schema":{"@context":"https:\/\/schema.org","@graph":[{"@type":"WebPage","@id":"https:\/\/miumjau.ee\/lt\/produktas\/polaris-vieno-baltymo-sunu-konservai-vistiena-6-x-400-g\/","url":"https:\/\/miumjau.ee\/lt\/produktas\/polaris-vieno-baltymo-sunu-konservai-vistiena-6-x-400-g\/","name":"Polaris vieno baltymo \u0161un\u0173 konservai \u2013 vi\u0161tiena 6 \u00d7 400 g - MiuMjau","isPartOf":{"@id":"https:\/\/miumjau.ee\/#website"},"primaryImageOfPage":{"@id":"https:\/\/miumjau.ee\/lt\/produktas\/polaris-vieno-baltymo-sunu-konservai-vistiena-6-x-400-g\/#primaryimage"},"image":{"@id":"https:\/\/miumjau.ee\/lt\/produktas\/polaris-vieno-baltymo-sunu-konservai-vistiena-6-x-400-g\/#primaryimage"},"thumbnailUrl":"https:\/\/miumjau.ee\/wp-content\/uploads\/2025\/05\/polaris-koer-konserv-monoproteiin1.webp","datePublished":"2025-05-20T14:09:27+00:00","dateModified":"2026-01-07T18:40:46+00:00","breadcrumb":{"@id":"https:\/\/miumjau.ee\/lt\/produktas\/polaris-vieno-baltymo-sunu-konservai-vistiena-6-x-400-g\/#breadcrumb"},"inLanguage":"lt-LT","potentialAction":[{"@type":"ReadAction","target":["https:\/\/miumjau.ee\/lt\/produktas\/polaris-vieno-baltymo-sunu-konservai-vistiena-6-x-400-g\/"]}]},{"@type":"ImageObject","inLanguage":"lt-LT","@id":"https:\/\/miumjau.ee\/lt\/produktas\/polaris-vieno-baltymo-sunu-konservai-vistiena-6-x-400-g\/#primaryimage","url":"https:\/\/miumjau.ee\/wp-content\/uploads\/2025\/05\/polaris-koer-konserv-monoproteiin1.webp","contentUrl":"https:\/\/miumjau.ee\/wp-content\/uploads\/2025\/05\/polaris-koer-konserv-monoproteiin1.webp","width":600,"height":800},{"@type":"BreadcrumbList","@id":"https:\/\/miumjau.ee\/lt\/produktas\/polaris-vieno-baltymo-sunu-konservai-vistiena-6-x-400-g\/#breadcrumb","itemListElement":[{"@type":"ListItem","position":1,"name":"Home","item":"https:\/\/miumjau.ee\/lt\/"},{"@type":"ListItem","position":2,"name":"Parduotuv\u0117","item":"https:\/\/miumjau.ee\/lt\/parduotuve\/"},{"@type":"ListItem","position":3,"name":"Polaris vieno baltymo \u0161un\u0173 konservai \u2013 vi\u0161tiena 6 \u00d7 400 g"}]},{"@type":"WebSite","@id":"https:\/\/miumjau.ee\/#website","url":"https:\/\/miumjau.ee\/","name":"MiuMjau","description":"Kraapimispuud kassidele","publisher":{"@id":"https:\/\/miumjau.ee\/#organization"},"potentialAction":[{"@type":"SearchAction","target":{"@type":"EntryPoint","urlTemplate":"https:\/\/miumjau.ee\/?s={search_term_string}"},"query-input":{"@type":"PropertyValueSpecification","valueRequired":true,"valueName":"search_term_string"}}],"inLanguage":"lt-LT"},{"@type":"Organization","@id":"https:\/\/miumjau.ee\/#organization","name":"MiuMjau O\u00dc","url":"https:\/\/miumjau.ee\/","logo":{"@type":"ImageObject","inLanguage":"lt-LT","@id":"https:\/\/miumjau.ee\/#\/schema\/logo\/image\/","url":"https:\/\/miumjau.ee\/wp-content\/uploads\/2022\/04\/MiuMjau-logo-kollane.png","contentUrl":"https:\/\/miumjau.ee\/wp-content\/uploads\/2022\/04\/MiuMjau-logo-kollane.png","width":219,"height":100,"caption":"MiuMjau O\u00dc"},"image":{"@id":"https:\/\/miumjau.ee\/#\/schema\/logo\/image\/"},"sameAs":["https:\/\/www.facebook.com\/miumjaupood\/"]}]}},"_links":{"self":[{"href":"https:\/\/miumjau.ee\/lt\/wp-json\/wp\/v2\/product\/51382","targetHints":{"allow":["GET"]}}],"collection":[{"href":"https:\/\/miumjau.ee\/lt\/wp-json\/wp\/v2\/product"}],"about":[{"href":"https:\/\/miumjau.ee\/lt\/wp-json\/wp\/v2\/types\/product"}],"wp:featuredmedia":[{"embeddable":true,"href":"https:\/\/miumjau.ee\/lt\/wp-json\/wp\/v2\/media\/51383"}],"wp:attachment":[{"href":"https:\/\/miumjau.ee\/lt\/wp-json\/wp\/v2\/media?parent=51382"}],"wp:term":[{"taxonomy":"product_brand","embeddable":true,"href":"https:\/\/miumjau.ee\/lt\/wp-json\/wp\/v2\/product_brand?post=51382"},{"taxonomy":"product_cat","embeddable":true,"href":"https:\/\/miumjau.ee\/lt\/wp-json\/wp\/v2\/product_cat?post=51382"},{"taxonomy":"product_tag","embeddable":true,"href":"https:\/\/miumjau.ee\/lt\/wp-json\/wp\/v2\/product_tag?post=51382"}],"curies":[{"name":"wp","href":"https:\/\/api.w.org\/{rel}","templated":true}]}}