{"id":51369,"date":"2025-05-21T20:01:10","date_gmt":"2025-05-21T17:01:10","guid":{"rendered":"https:\/\/miumjau.ee\/toode\/velxara-vieno-baltymo-sunu-konservai-jautienos-pastetas-6-x-400-g\/"},"modified":"2026-01-07T20:40:53","modified_gmt":"2026-01-07T18:40:53","slug":"velxara-vieno-baltymo-sunu-konservai-jautienos-pastetas-6-x-400-g","status":"publish","type":"product","link":"https:\/\/miumjau.ee\/lt\/produktas\/velxara-vieno-baltymo-sunu-konservai-jautienos-pastetas-6-x-400-g\/","title":{"rendered":"Velxara vieno baltymo \u0161un\u0173 konservai \u2013 jautienos pa\u0161tetas 6 \u00d7 400 g"},"content":{"rendered":"","protected":false},"excerpt":{"rendered":"<p data-start=\"5491\" data-end=\"6099\">Velxara Single Protein Beef P\u00e2t\u00e9 6 \u00d7 400 g. Holistinis visavertis pa\u0161aras \u0161unims su vienu gyv\u016bnin\u0117s kilm\u0117s baltym\u0173 \u0161altiniu \u2013 jautiena. Tinka vis\u0173 veisli\u0173, normalaus aktyvumo \u0161unims. Velxara \u0161un\u0173 konservai gaminami be gr\u016bd\u0173, glitimo ir sojos, naudojant tik vien\u0105 gyv\u016bnin\u012f baltym\u0105. D\u0117l keli\u0173 r\u016b\u0161i\u0173 m\u0117sos nebuvimo pa\u0161aras tinka \u0161unims, turintiems jautr\u0173 vir\u0161kinim\u0105, alergij\u0173 ar maisto netoleravim\u0105. Konservuose n\u0117ra dideli\u0173 m\u0117sos gabal\u0117li\u0173 \u2013 mink\u0161t\u0105 pa\u0161tet\u0105 lengva \u0117sti ir vyresniems bei sveikatos problem\u0173 turintiems \u0161unims (\u012fskaitant dant\u0173 problemas). Prid\u0117tin\u0117s skaidulos padeda palaikyti sveik\u0105 vir\u0161kinim\u0105.<\/p>\n<ul data-start=\"6101\" data-end=\"6256\">\n<li data-start=\"6101\" data-end=\"6146\">\n<p data-start=\"6103\" data-end=\"6146\">Vitaminas D3 stipriems kaulams ir dantims<\/p>\n<\/li>\n<li data-start=\"6147\" data-end=\"6198\">\n<p data-start=\"6149\" data-end=\"6198\">Vitaminas E normaliai imunin\u0117s sistemos veiklai<\/p>\n<\/li>\n<li data-start=\"6199\" data-end=\"6256\">\n<p data-start=\"6201\" data-end=\"6256\">Lin\u0173 s\u0117men\u0173 aliejus ir cinkas sveikai odai ir kailiui<\/p>\n<\/li>\n<\/ul>\n<p data-start=\"6258\" data-end=\"6374\"><strong data-start=\"6258\" data-end=\"6270\">Sud\u0117tis:<\/strong> jautiena 70 %, jautienos sultinys 28,7 %, mineralai 0,7 %, celiulioz\u0117 0,5 %, lin\u0173 s\u0117men\u0173 aliejus 0,1 %.<\/p>\n<p data-start=\"6376\" data-end=\"6500\"><strong data-start=\"6376\" data-end=\"6398\">Analitin\u0117 sud\u0117tis:<\/strong> dr\u0117gm\u0117 77,0 %, \u017eali baltymai 11,0 %, \u017eali riebalai 8,0 %, \u017eali pelenai 2,5 %, \u017ealia l\u0105steliena 0,5 %.<\/p>\n<p data-start=\"6502\" data-end=\"6733\"><strong data-start=\"6502\" data-end=\"6530\">Maistiniai priedai 1 kg:<\/strong> vitaminas D3 140 TV, vitaminas E 30 mg, cinkas (cinko sulfato monohidratas) 20 mg, varis (vario sulfato pentahidratas) 2,3 mg, manganas (mangano oksidas) 2 mg, jodas (kalcio jodatas, bevandenis) 0,5 mg.<\/p>\n","protected":false},"featured_media":51363,"template":"","meta":[],"product_brand":[],"product_cat":[539],"product_tag":[],"class_list":{"0":"post-51369","1":"product","2":"type-product","3":"status-publish","4":"has-post-thumbnail","6":"product_cat-slapias-maistas-sunims","8":"first","9":"instock","10":"taxable","11":"shipping-taxable","12":"purchasable","13":"product-type-simple"},"yoast_head":"<!-- This site is optimized with the Yoast SEO plugin v27.2 - https:\/\/yoast.com\/product\/yoast-seo-wordpress\/ -->\n<title>Velxara vieno baltymo \u0161un\u0173 konservai \u2013 jautienos pa\u0161tetas 6 \u00d7 400 g - MiuMjau<\/title>\n<meta name=\"robots\" content=\"index, follow, max-snippet:-1, max-image-preview:large, max-video-preview:-1\" \/>\n<link rel=\"canonical\" href=\"https:\/\/miumjau.ee\/lt\/produktas\/velxara-vieno-baltymo-sunu-konservai-jautienos-pastetas-6-x-400-g\/\" \/>\n<meta property=\"og:locale\" content=\"lt_LT\" \/>\n<meta property=\"og:type\" content=\"article\" \/>\n<meta property=\"og:title\" content=\"Velxara vieno baltymo \u0161un\u0173 konservai \u2013 jautienos pa\u0161tetas 6 \u00d7 400 g - MiuMjau\" \/>\n<meta property=\"og:description\" content=\"Velxara Single Protein Beef P\u00e2t\u00e9 6 \u00d7 400 g. Holistinis visavertis pa\u0161aras \u0161unims su vienu gyv\u016bnin\u0117s kilm\u0117s baltym\u0173 \u0161altiniu \u2013 jautiena. Tinka vis\u0173 veisli\u0173, normalaus aktyvumo \u0161unims. Velxara \u0161un\u0173 konservai gaminami be gr\u016bd\u0173, glitimo ir sojos, naudojant tik vien\u0105 gyv\u016bnin\u012f baltym\u0105. D\u0117l keli\u0173 r\u016b\u0161i\u0173 m\u0117sos nebuvimo pa\u0161aras tinka \u0161unims, turintiems jautr\u0173 vir\u0161kinim\u0105, alergij\u0173 ar maisto netoleravim\u0105. Konservuose n\u0117ra dideli\u0173 m\u0117sos gabal\u0117li\u0173 \u2013 mink\u0161t\u0105 pa\u0161tet\u0105 lengva \u0117sti ir vyresniems bei sveikatos problem\u0173 turintiems \u0161unims (\u012fskaitant dant\u0173 problemas). Prid\u0117tin\u0117s skaidulos padeda palaikyti sveik\u0105 vir\u0161kinim\u0105.     Vitaminas D3 stipriems kaulams ir dantims    Vitaminas E normaliai imunin\u0117s sistemos veiklai    Lin\u0173 s\u0117men\u0173 aliejus ir cinkas sveikai odai ir kailiui   Sud\u0117tis: jautiena 70 %, jautienos sultinys 28,7 %, mineralai 0,7 %, celiulioz\u0117 0,5 %, lin\u0173 s\u0117men\u0173 aliejus 0,1 %. Analitin\u0117 sud\u0117tis: dr\u0117gm\u0117 77,0 %, \u017eali baltymai 11,0 %, \u017eali riebalai 8,0 %, \u017eali pelenai 2,5 %, \u017ealia l\u0105steliena 0,5 %. Maistiniai priedai 1 kg: vitaminas D3 140 TV, vitaminas E 30 mg, cinkas (cinko sulfato monohidratas) 20 mg, varis (vario sulfato pentahidratas) 2,3 mg, manganas (mangano oksidas) 2 mg, jodas (kalcio jodatas, bevandenis) 0,5 mg.\" \/>\n<meta property=\"og:url\" content=\"https:\/\/miumjau.ee\/lt\/produktas\/velxara-vieno-baltymo-sunu-konservai-jautienos-pastetas-6-x-400-g\/\" \/>\n<meta property=\"og:site_name\" content=\"MiuMjau\" \/>\n<meta property=\"article:publisher\" content=\"https:\/\/www.facebook.com\/miumjaupood\/\" \/>\n<meta property=\"article:modified_time\" content=\"2026-01-07T18:40:53+00:00\" \/>\n<meta property=\"og:image\" content=\"https:\/\/miumjau.ee\/wp-content\/uploads\/2025\/05\/velxara-koerakonserv-veis-Photoroom.webp\" \/>\n\t<meta property=\"og:image:width\" content=\"600\" \/>\n\t<meta property=\"og:image:height\" content=\"800\" \/>\n\t<meta property=\"og:image:type\" content=\"image\/webp\" \/>\n<meta name=\"twitter:card\" content=\"summary_large_image\" \/>\n<script type=\"application\/ld+json\" class=\"yoast-schema-graph\">{\"@context\":\"https:\/\/schema.org\",\"@graph\":[{\"@type\":\"WebPage\",\"@id\":\"https:\/\/miumjau.ee\/lt\/produktas\/velxara-vieno-baltymo-sunu-konservai-jautienos-pastetas-6-x-400-g\/\",\"url\":\"https:\/\/miumjau.ee\/lt\/produktas\/velxara-vieno-baltymo-sunu-konservai-jautienos-pastetas-6-x-400-g\/\",\"name\":\"Velxara vieno baltymo \u0161un\u0173 konservai \u2013 jautienos pa\u0161tetas 6 \u00d7 400 g - MiuMjau\",\"isPartOf\":{\"@id\":\"https:\/\/miumjau.ee\/#website\"},\"primaryImageOfPage\":{\"@id\":\"https:\/\/miumjau.ee\/lt\/produktas\/velxara-vieno-baltymo-sunu-konservai-jautienos-pastetas-6-x-400-g\/#primaryimage\"},\"image\":{\"@id\":\"https:\/\/miumjau.ee\/lt\/produktas\/velxara-vieno-baltymo-sunu-konservai-jautienos-pastetas-6-x-400-g\/#primaryimage\"},\"thumbnailUrl\":\"https:\/\/miumjau.ee\/wp-content\/uploads\/2025\/05\/velxara-koerakonserv-veis-Photoroom.webp\",\"datePublished\":\"2025-05-21T17:01:10+00:00\",\"dateModified\":\"2026-01-07T18:40:53+00:00\",\"breadcrumb\":{\"@id\":\"https:\/\/miumjau.ee\/lt\/produktas\/velxara-vieno-baltymo-sunu-konservai-jautienos-pastetas-6-x-400-g\/#breadcrumb\"},\"inLanguage\":\"lt-LT\",\"potentialAction\":[{\"@type\":\"ReadAction\",\"target\":[\"https:\/\/miumjau.ee\/lt\/produktas\/velxara-vieno-baltymo-sunu-konservai-jautienos-pastetas-6-x-400-g\/\"]}]},{\"@type\":\"ImageObject\",\"inLanguage\":\"lt-LT\",\"@id\":\"https:\/\/miumjau.ee\/lt\/produktas\/velxara-vieno-baltymo-sunu-konservai-jautienos-pastetas-6-x-400-g\/#primaryimage\",\"url\":\"https:\/\/miumjau.ee\/wp-content\/uploads\/2025\/05\/velxara-koerakonserv-veis-Photoroom.webp\",\"contentUrl\":\"https:\/\/miumjau.ee\/wp-content\/uploads\/2025\/05\/velxara-koerakonserv-veis-Photoroom.webp\",\"width\":600,\"height\":800,\"caption\":\"Velxara monoproteiin pate koerakonserv veisega 6x 400g\"},{\"@type\":\"BreadcrumbList\",\"@id\":\"https:\/\/miumjau.ee\/lt\/produktas\/velxara-vieno-baltymo-sunu-konservai-jautienos-pastetas-6-x-400-g\/#breadcrumb\",\"itemListElement\":[{\"@type\":\"ListItem\",\"position\":1,\"name\":\"Home\",\"item\":\"https:\/\/miumjau.ee\/lt\/\"},{\"@type\":\"ListItem\",\"position\":2,\"name\":\"Parduotuv\u0117\",\"item\":\"https:\/\/miumjau.ee\/lt\/parduotuve\/\"},{\"@type\":\"ListItem\",\"position\":3,\"name\":\"Velxara vieno baltymo \u0161un\u0173 konservai \u2013 jautienos pa\u0161tetas 6 \u00d7 400 g\"}]},{\"@type\":\"WebSite\",\"@id\":\"https:\/\/miumjau.ee\/#website\",\"url\":\"https:\/\/miumjau.ee\/\",\"name\":\"MiuMjau\",\"description\":\"Kraapimispuud kassidele\",\"publisher\":{\"@id\":\"https:\/\/miumjau.ee\/#organization\"},\"potentialAction\":[{\"@type\":\"SearchAction\",\"target\":{\"@type\":\"EntryPoint\",\"urlTemplate\":\"https:\/\/miumjau.ee\/?s={search_term_string}\"},\"query-input\":{\"@type\":\"PropertyValueSpecification\",\"valueRequired\":true,\"valueName\":\"search_term_string\"}}],\"inLanguage\":\"lt-LT\"},{\"@type\":\"Organization\",\"@id\":\"https:\/\/miumjau.ee\/#organization\",\"name\":\"MiuMjau O\u00dc\",\"url\":\"https:\/\/miumjau.ee\/\",\"logo\":{\"@type\":\"ImageObject\",\"inLanguage\":\"lt-LT\",\"@id\":\"https:\/\/miumjau.ee\/#\/schema\/logo\/image\/\",\"url\":\"https:\/\/miumjau.ee\/wp-content\/uploads\/2022\/04\/MiuMjau-logo-kollane.png\",\"contentUrl\":\"https:\/\/miumjau.ee\/wp-content\/uploads\/2022\/04\/MiuMjau-logo-kollane.png\",\"width\":219,\"height\":100,\"caption\":\"MiuMjau O\u00dc\"},\"image\":{\"@id\":\"https:\/\/miumjau.ee\/#\/schema\/logo\/image\/\"},\"sameAs\":[\"https:\/\/www.facebook.com\/miumjaupood\/\"]}]}<\/script>\n<!-- \/ Yoast SEO plugin. -->","yoast_head_json":{"title":"Velxara vieno baltymo \u0161un\u0173 konservai \u2013 jautienos pa\u0161tetas 6 \u00d7 400 g - MiuMjau","robots":{"index":"index","follow":"follow","max-snippet":"max-snippet:-1","max-image-preview":"max-image-preview:large","max-video-preview":"max-video-preview:-1"},"canonical":"https:\/\/miumjau.ee\/lt\/produktas\/velxara-vieno-baltymo-sunu-konservai-jautienos-pastetas-6-x-400-g\/","og_locale":"lt_LT","og_type":"article","og_title":"Velxara vieno baltymo \u0161un\u0173 konservai \u2013 jautienos pa\u0161tetas 6 \u00d7 400 g - MiuMjau","og_description":"Velxara Single Protein Beef P\u00e2t\u00e9 6 \u00d7 400 g. Holistinis visavertis pa\u0161aras \u0161unims su vienu gyv\u016bnin\u0117s kilm\u0117s baltym\u0173 \u0161altiniu \u2013 jautiena. Tinka vis\u0173 veisli\u0173, normalaus aktyvumo \u0161unims. Velxara \u0161un\u0173 konservai gaminami be gr\u016bd\u0173, glitimo ir sojos, naudojant tik vien\u0105 gyv\u016bnin\u012f baltym\u0105. D\u0117l keli\u0173 r\u016b\u0161i\u0173 m\u0117sos nebuvimo pa\u0161aras tinka \u0161unims, turintiems jautr\u0173 vir\u0161kinim\u0105, alergij\u0173 ar maisto netoleravim\u0105. Konservuose n\u0117ra dideli\u0173 m\u0117sos gabal\u0117li\u0173 \u2013 mink\u0161t\u0105 pa\u0161tet\u0105 lengva \u0117sti ir vyresniems bei sveikatos problem\u0173 turintiems \u0161unims (\u012fskaitant dant\u0173 problemas). Prid\u0117tin\u0117s skaidulos padeda palaikyti sveik\u0105 vir\u0161kinim\u0105.     Vitaminas D3 stipriems kaulams ir dantims    Vitaminas E normaliai imunin\u0117s sistemos veiklai    Lin\u0173 s\u0117men\u0173 aliejus ir cinkas sveikai odai ir kailiui   Sud\u0117tis: jautiena 70 %, jautienos sultinys 28,7 %, mineralai 0,7 %, celiulioz\u0117 0,5 %, lin\u0173 s\u0117men\u0173 aliejus 0,1 %. Analitin\u0117 sud\u0117tis: dr\u0117gm\u0117 77,0 %, \u017eali baltymai 11,0 %, \u017eali riebalai 8,0 %, \u017eali pelenai 2,5 %, \u017ealia l\u0105steliena 0,5 %. Maistiniai priedai 1 kg: vitaminas D3 140 TV, vitaminas E 30 mg, cinkas (cinko sulfato monohidratas) 20 mg, varis (vario sulfato pentahidratas) 2,3 mg, manganas (mangano oksidas) 2 mg, jodas (kalcio jodatas, bevandenis) 0,5 mg.","og_url":"https:\/\/miumjau.ee\/lt\/produktas\/velxara-vieno-baltymo-sunu-konservai-jautienos-pastetas-6-x-400-g\/","og_site_name":"MiuMjau","article_publisher":"https:\/\/www.facebook.com\/miumjaupood\/","article_modified_time":"2026-01-07T18:40:53+00:00","og_image":[{"width":600,"height":800,"url":"https:\/\/miumjau.ee\/wp-content\/uploads\/2025\/05\/velxara-koerakonserv-veis-Photoroom.webp","type":"image\/webp"}],"twitter_card":"summary_large_image","schema":{"@context":"https:\/\/schema.org","@graph":[{"@type":"WebPage","@id":"https:\/\/miumjau.ee\/lt\/produktas\/velxara-vieno-baltymo-sunu-konservai-jautienos-pastetas-6-x-400-g\/","url":"https:\/\/miumjau.ee\/lt\/produktas\/velxara-vieno-baltymo-sunu-konservai-jautienos-pastetas-6-x-400-g\/","name":"Velxara vieno baltymo \u0161un\u0173 konservai \u2013 jautienos pa\u0161tetas 6 \u00d7 400 g - MiuMjau","isPartOf":{"@id":"https:\/\/miumjau.ee\/#website"},"primaryImageOfPage":{"@id":"https:\/\/miumjau.ee\/lt\/produktas\/velxara-vieno-baltymo-sunu-konservai-jautienos-pastetas-6-x-400-g\/#primaryimage"},"image":{"@id":"https:\/\/miumjau.ee\/lt\/produktas\/velxara-vieno-baltymo-sunu-konservai-jautienos-pastetas-6-x-400-g\/#primaryimage"},"thumbnailUrl":"https:\/\/miumjau.ee\/wp-content\/uploads\/2025\/05\/velxara-koerakonserv-veis-Photoroom.webp","datePublished":"2025-05-21T17:01:10+00:00","dateModified":"2026-01-07T18:40:53+00:00","breadcrumb":{"@id":"https:\/\/miumjau.ee\/lt\/produktas\/velxara-vieno-baltymo-sunu-konservai-jautienos-pastetas-6-x-400-g\/#breadcrumb"},"inLanguage":"lt-LT","potentialAction":[{"@type":"ReadAction","target":["https:\/\/miumjau.ee\/lt\/produktas\/velxara-vieno-baltymo-sunu-konservai-jautienos-pastetas-6-x-400-g\/"]}]},{"@type":"ImageObject","inLanguage":"lt-LT","@id":"https:\/\/miumjau.ee\/lt\/produktas\/velxara-vieno-baltymo-sunu-konservai-jautienos-pastetas-6-x-400-g\/#primaryimage","url":"https:\/\/miumjau.ee\/wp-content\/uploads\/2025\/05\/velxara-koerakonserv-veis-Photoroom.webp","contentUrl":"https:\/\/miumjau.ee\/wp-content\/uploads\/2025\/05\/velxara-koerakonserv-veis-Photoroom.webp","width":600,"height":800,"caption":"Velxara monoproteiin pate koerakonserv veisega 6x 400g"},{"@type":"BreadcrumbList","@id":"https:\/\/miumjau.ee\/lt\/produktas\/velxara-vieno-baltymo-sunu-konservai-jautienos-pastetas-6-x-400-g\/#breadcrumb","itemListElement":[{"@type":"ListItem","position":1,"name":"Home","item":"https:\/\/miumjau.ee\/lt\/"},{"@type":"ListItem","position":2,"name":"Parduotuv\u0117","item":"https:\/\/miumjau.ee\/lt\/parduotuve\/"},{"@type":"ListItem","position":3,"name":"Velxara vieno baltymo \u0161un\u0173 konservai \u2013 jautienos pa\u0161tetas 6 \u00d7 400 g"}]},{"@type":"WebSite","@id":"https:\/\/miumjau.ee\/#website","url":"https:\/\/miumjau.ee\/","name":"MiuMjau","description":"Kraapimispuud kassidele","publisher":{"@id":"https:\/\/miumjau.ee\/#organization"},"potentialAction":[{"@type":"SearchAction","target":{"@type":"EntryPoint","urlTemplate":"https:\/\/miumjau.ee\/?s={search_term_string}"},"query-input":{"@type":"PropertyValueSpecification","valueRequired":true,"valueName":"search_term_string"}}],"inLanguage":"lt-LT"},{"@type":"Organization","@id":"https:\/\/miumjau.ee\/#organization","name":"MiuMjau O\u00dc","url":"https:\/\/miumjau.ee\/","logo":{"@type":"ImageObject","inLanguage":"lt-LT","@id":"https:\/\/miumjau.ee\/#\/schema\/logo\/image\/","url":"https:\/\/miumjau.ee\/wp-content\/uploads\/2022\/04\/MiuMjau-logo-kollane.png","contentUrl":"https:\/\/miumjau.ee\/wp-content\/uploads\/2022\/04\/MiuMjau-logo-kollane.png","width":219,"height":100,"caption":"MiuMjau O\u00dc"},"image":{"@id":"https:\/\/miumjau.ee\/#\/schema\/logo\/image\/"},"sameAs":["https:\/\/www.facebook.com\/miumjaupood\/"]}]}},"_links":{"self":[{"href":"https:\/\/miumjau.ee\/lt\/wp-json\/wp\/v2\/product\/51369","targetHints":{"allow":["GET"]}}],"collection":[{"href":"https:\/\/miumjau.ee\/lt\/wp-json\/wp\/v2\/product"}],"about":[{"href":"https:\/\/miumjau.ee\/lt\/wp-json\/wp\/v2\/types\/product"}],"wp:featuredmedia":[{"embeddable":true,"href":"https:\/\/miumjau.ee\/lt\/wp-json\/wp\/v2\/media\/51363"}],"wp:attachment":[{"href":"https:\/\/miumjau.ee\/lt\/wp-json\/wp\/v2\/media?parent=51369"}],"wp:term":[{"taxonomy":"product_brand","embeddable":true,"href":"https:\/\/miumjau.ee\/lt\/wp-json\/wp\/v2\/product_brand?post=51369"},{"taxonomy":"product_cat","embeddable":true,"href":"https:\/\/miumjau.ee\/lt\/wp-json\/wp\/v2\/product_cat?post=51369"},{"taxonomy":"product_tag","embeddable":true,"href":"https:\/\/miumjau.ee\/lt\/wp-json\/wp\/v2\/product_tag?post=51369"}],"curies":[{"name":"wp","href":"https:\/\/api.w.org\/{rel}","templated":true}]}}