{"id":51359,"date":"2025-05-21T20:01:12","date_gmt":"2025-05-21T17:01:12","guid":{"rendered":"https:\/\/miumjau.ee\/toode\/velxara-vieno-baltymo-sunu-konservai-vistienos-pastetas-6-x-400-g\/"},"modified":"2026-01-07T20:40:53","modified_gmt":"2026-01-07T18:40:53","slug":"velxara-vieno-baltymo-sunu-konservai-vistienos-pastetas-6-x-400-g","status":"publish","type":"product","link":"https:\/\/miumjau.ee\/lt\/produktas\/velxara-vieno-baltymo-sunu-konservai-vistienos-pastetas-6-x-400-g\/","title":{"rendered":"Velxara vieno baltymo \u0161un\u0173 konservai \u2013 vi\u0161tienos pa\u0161tetas 6 \u00d7 400 g"},"content":{"rendered":"","protected":false},"excerpt":{"rendered":"<p data-start=\"4241\" data-end=\"4852\">Velxara single protein chicken pate 6 \u00d7 400 g. Holistinis visavertis pa\u0161aras \u0161unims su vienu gyv\u016bnin\u0117s kilm\u0117s baltym\u0173 \u0161altiniu \u2013 vi\u0161tiena. Tinka vis\u0173 veisli\u0173, normalaus aktyvumo \u0161unims. Velxara \u0161un\u0173 konservai gaminami be gr\u016bd\u0173, glitimo ir sojos, naudojant tik vien\u0105 gyv\u016bnin\u012f baltym\u0105. D\u0117l keli\u0173 r\u016b\u0161i\u0173 m\u0117sos nebuvimo pa\u0161aras tinka \u0161unims, turintiems jautr\u0173 vir\u0161kinim\u0105, alergij\u0173 ar maisto netoleravim\u0105. Konservuose n\u0117ra dideli\u0173 m\u0117sos gabal\u0117li\u0173 \u2013 mink\u0161t\u0105 pa\u0161tet\u0105 lengva \u0117sti ir vyresniems bei sveikatos problem\u0173 turintiems \u0161unims (\u012fskaitant dant\u0173 problemas). Prid\u0117tin\u0117s skaidulos padeda palaikyti sveik\u0105 vir\u0161kinim\u0105.<\/p>\n<ul data-start=\"4854\" data-end=\"5009\">\n<li data-start=\"4854\" data-end=\"4899\">\n<p data-start=\"4856\" data-end=\"4899\">Vitaminas D3 stipriems kaulams ir dantims<\/p>\n<\/li>\n<li data-start=\"4900\" data-end=\"4951\">\n<p data-start=\"4902\" data-end=\"4951\">Vitaminas E normaliai imunin\u0117s sistemos veiklai<\/p>\n<\/li>\n<li data-start=\"4952\" data-end=\"5009\">\n<p data-start=\"4954\" data-end=\"5009\">Lin\u0173 s\u0117men\u0173 aliejus ir cinkas sveikai odai ir kailiui<\/p>\n<\/li>\n<\/ul>\n<p data-start=\"5011\" data-end=\"5127\"><strong data-start=\"5011\" data-end=\"5023\">Sud\u0117tis:<\/strong> vi\u0161tiena 70 %, vi\u0161tienos sultinys 28,7 %, mineralai 0,7 %, celiulioz\u0117 0,5 %, lin\u0173 s\u0117men\u0173 aliejus 0,1 %.<\/p>\n<p data-start=\"5129\" data-end=\"5253\"><strong data-start=\"5129\" data-end=\"5151\">Analitin\u0117 sud\u0117tis:<\/strong> dr\u0117gm\u0117 78,0 %, \u017eali baltymai 10,5 %, \u017eali riebalai 7,5 %, \u017eali pelenai 2,4 %, \u017ealia l\u0105steliena 0,5 %.<\/p>\n<p data-start=\"5255\" data-end=\"5486\"><strong data-start=\"5255\" data-end=\"5283\">Maistiniai priedai 1 kg:<\/strong> vitaminas D3 140 TV, vitaminas E 30 mg, cinkas (cinko sulfato monohidratas) 20 mg, varis (vario sulfato pentahidratas) 2,3 mg, manganas (mangano oksidas) 2 mg, jodas (kalcio jodatas, bevandenis) 0,5 mg.<\/p>\n<p data-start=\"5488\" data-end=\"5633\"><strong data-start=\"5488\" data-end=\"5514\">\u0160\u0117rimo rekomendacijos:<\/strong> nurodytos normos, kai \u0161eriama tik konservais. Kombinuojant su sausu, \u017ealiu ar naminiu pa\u0161aru, normas reikia koreguoti.<\/p>\n<div class=\"TyagGW_tableContainer\">\n<div class=\"group TyagGW_tableWrapper flex w-fit flex-col-reverse\" tabindex=\"-1\">\n<table class=\"w-fit min-w-(--thread-content-width)\" data-start=\"5635\" data-end=\"5783\">\n<thead data-start=\"5635\" data-end=\"5699\">\n<tr data-start=\"5635\" data-end=\"5699\">\n<th data-start=\"5635\" data-end=\"5659\" data-col-size=\"sm\">Suaugusio \u0161uns svoris<\/th>\n<th data-start=\"5659\" data-end=\"5666\" data-col-size=\"sm\">5 kg<\/th>\n<th data-start=\"5666\" data-end=\"5674\" data-col-size=\"sm\">10 kg<\/th>\n<th data-start=\"5674\" data-end=\"5682\" data-col-size=\"sm\">15 kg<\/th>\n<th data-start=\"5682\" data-end=\"5690\" data-col-size=\"sm\">20 kg<\/th>\n<th data-start=\"5690\" data-end=\"5699\" data-col-size=\"sm\">30 kg<\/th>\n<\/tr>\n<\/thead>\n<tbody data-start=\"5726\" data-end=\"5783\">\n<tr data-start=\"5726\" data-end=\"5783\">\n<td data-start=\"5726\" data-end=\"5741\" data-col-size=\"sm\">Dienos norma<\/td>\n<td data-start=\"5741\" data-end=\"5749\" data-col-size=\"sm\">335 g<\/td>\n<td data-start=\"5749\" data-end=\"5757\" data-col-size=\"sm\">565 g<\/td>\n<td data-start=\"5757\" data-end=\"5765\" data-col-size=\"sm\">765 g<\/td>\n<td data-start=\"5765\" data-end=\"5773\" data-col-size=\"sm\">950 g<\/td>\n<td data-start=\"5773\" data-end=\"5783\" data-col-size=\"sm\">1290 g<\/td>\n<\/tr>\n<\/tbody>\n<\/table>\n<\/div>\n<\/div>\n<p data-start=\"5785\" data-end=\"5959\">\u0160\u0117rimo normos yra rekomendacin\u0117s. Individual\u016bs poreikiai priklauso nuo \u0161uns am\u017eiaus, k\u016bno sud\u0117jimo ir aktyvumo. \u0160uniui visada turi b\u016bti prieinamas \u0161vie\u017eias geriamasis vanduo.<\/p>\n<p data-start=\"5961\" data-end=\"6053\">Patiekti kambario temperat\u016bros. Atidarius laikyti \u0161aldytuve ne ilgiau kaip 4 dienas (+4 \u00b0C).<\/p>\n<p data-start=\"6055\" data-end=\"6148\">Geriausias iki \/ partijos numeris: \u017er. ant pakuot\u0117s. Pagaminta \u010cekijoje. Partner in Pet Food.<\/p>\n","protected":false},"featured_media":51361,"template":"","meta":[],"product_brand":[],"product_cat":[539],"product_tag":[],"class_list":{"0":"post-51359","1":"product","2":"type-product","3":"status-publish","4":"has-post-thumbnail","6":"product_cat-slapias-maistas-sunims","8":"first","9":"instock","10":"taxable","11":"shipping-taxable","12":"purchasable","13":"product-type-simple"},"yoast_head":"<!-- This site is optimized with the Yoast SEO plugin v27.2 - https:\/\/yoast.com\/product\/yoast-seo-wordpress\/ -->\n<title>Velxara vieno baltymo \u0161un\u0173 konservai \u2013 vi\u0161tienos pa\u0161tetas 6 \u00d7 400 g - MiuMjau<\/title>\n<meta name=\"robots\" content=\"index, follow, max-snippet:-1, max-image-preview:large, max-video-preview:-1\" \/>\n<link rel=\"canonical\" href=\"https:\/\/miumjau.ee\/lt\/produktas\/velxara-vieno-baltymo-sunu-konservai-vistienos-pastetas-6-x-400-g\/\" \/>\n<meta property=\"og:locale\" content=\"lt_LT\" \/>\n<meta property=\"og:type\" content=\"article\" \/>\n<meta property=\"og:title\" content=\"Velxara vieno baltymo \u0161un\u0173 konservai \u2013 vi\u0161tienos pa\u0161tetas 6 \u00d7 400 g - MiuMjau\" \/>\n<meta property=\"og:description\" content=\"Velxara single protein chicken pate 6 \u00d7 400 g. Holistinis visavertis pa\u0161aras \u0161unims su vienu gyv\u016bnin\u0117s kilm\u0117s baltym\u0173 \u0161altiniu \u2013 vi\u0161tiena. Tinka vis\u0173 veisli\u0173, normalaus aktyvumo \u0161unims. Velxara \u0161un\u0173 konservai gaminami be gr\u016bd\u0173, glitimo ir sojos, naudojant tik vien\u0105 gyv\u016bnin\u012f baltym\u0105. D\u0117l keli\u0173 r\u016b\u0161i\u0173 m\u0117sos nebuvimo pa\u0161aras tinka \u0161unims, turintiems jautr\u0173 vir\u0161kinim\u0105, alergij\u0173 ar maisto netoleravim\u0105. Konservuose n\u0117ra dideli\u0173 m\u0117sos gabal\u0117li\u0173 \u2013 mink\u0161t\u0105 pa\u0161tet\u0105 lengva \u0117sti ir vyresniems bei sveikatos problem\u0173 turintiems \u0161unims (\u012fskaitant dant\u0173 problemas). Prid\u0117tin\u0117s skaidulos padeda palaikyti sveik\u0105 vir\u0161kinim\u0105.     Vitaminas D3 stipriems kaulams ir dantims    Vitaminas E normaliai imunin\u0117s sistemos veiklai    Lin\u0173 s\u0117men\u0173 aliejus ir cinkas sveikai odai ir kailiui   Sud\u0117tis: vi\u0161tiena 70 %, vi\u0161tienos sultinys 28,7 %, mineralai 0,7 %, celiulioz\u0117 0,5 %, lin\u0173 s\u0117men\u0173 aliejus 0,1 %. Analitin\u0117 sud\u0117tis: dr\u0117gm\u0117 78,0 %, \u017eali baltymai 10,5 %, \u017eali riebalai 7,5 %, \u017eali pelenai 2,4 %, \u017ealia l\u0105steliena 0,5 %. Maistiniai priedai 1 kg: vitaminas D3 140 TV, vitaminas E 30 mg, cinkas (cinko sulfato monohidratas) 20 mg, varis (vario sulfato pentahidratas) 2,3 mg, manganas (mangano oksidas) 2 mg, jodas (kalcio jodatas, bevandenis) 0,5 mg. \u0160\u0117rimo rekomendacijos: nurodytos normos, kai \u0161eriama tik konservais. Kombinuojant su sausu, \u017ealiu ar naminiu pa\u0161aru, normas reikia koreguoti.       Suaugusio \u0161uns svoris 5 kg 10 kg 15 kg 20 kg 30 kg     Dienos norma 335 g 565 g 765 g 950 g 1290 g      \u0160\u0117rimo normos yra rekomendacin\u0117s. Individual\u016bs poreikiai priklauso nuo \u0161uns am\u017eiaus, k\u016bno sud\u0117jimo ir aktyvumo. \u0160uniui visada turi b\u016bti prieinamas \u0161vie\u017eias geriamasis vanduo. Patiekti kambario temperat\u016bros. Atidarius laikyti \u0161aldytuve ne ilgiau kaip 4 dienas (+4 \u00b0C). Geriausias iki \/ partijos numeris: \u017er. ant pakuot\u0117s. Pagaminta \u010cekijoje. Partner in Pet Food.\" \/>\n<meta property=\"og:url\" content=\"https:\/\/miumjau.ee\/lt\/produktas\/velxara-vieno-baltymo-sunu-konservai-vistienos-pastetas-6-x-400-g\/\" \/>\n<meta property=\"og:site_name\" content=\"MiuMjau\" \/>\n<meta property=\"article:publisher\" content=\"https:\/\/www.facebook.com\/miumjaupood\/\" \/>\n<meta property=\"article:modified_time\" content=\"2026-01-07T18:40:53+00:00\" \/>\n<meta property=\"og:image\" content=\"https:\/\/miumjau.ee\/wp-content\/uploads\/2025\/05\/velxara-koerakonserv-kana-Photoroom.webp\" \/>\n\t<meta property=\"og:image:width\" content=\"600\" \/>\n\t<meta property=\"og:image:height\" content=\"800\" \/>\n\t<meta property=\"og:image:type\" content=\"image\/webp\" \/>\n<meta name=\"twitter:card\" content=\"summary_large_image\" \/>\n<script type=\"application\/ld+json\" class=\"yoast-schema-graph\">{\"@context\":\"https:\/\/schema.org\",\"@graph\":[{\"@type\":\"WebPage\",\"@id\":\"https:\/\/miumjau.ee\/lt\/produktas\/velxara-vieno-baltymo-sunu-konservai-vistienos-pastetas-6-x-400-g\/\",\"url\":\"https:\/\/miumjau.ee\/lt\/produktas\/velxara-vieno-baltymo-sunu-konservai-vistienos-pastetas-6-x-400-g\/\",\"name\":\"Velxara vieno baltymo \u0161un\u0173 konservai \u2013 vi\u0161tienos pa\u0161tetas 6 \u00d7 400 g - MiuMjau\",\"isPartOf\":{\"@id\":\"https:\/\/miumjau.ee\/#website\"},\"primaryImageOfPage\":{\"@id\":\"https:\/\/miumjau.ee\/lt\/produktas\/velxara-vieno-baltymo-sunu-konservai-vistienos-pastetas-6-x-400-g\/#primaryimage\"},\"image\":{\"@id\":\"https:\/\/miumjau.ee\/lt\/produktas\/velxara-vieno-baltymo-sunu-konservai-vistienos-pastetas-6-x-400-g\/#primaryimage\"},\"thumbnailUrl\":\"https:\/\/miumjau.ee\/wp-content\/uploads\/2025\/05\/velxara-koerakonserv-kana-Photoroom.webp\",\"datePublished\":\"2025-05-21T17:01:12+00:00\",\"dateModified\":\"2026-01-07T18:40:53+00:00\",\"breadcrumb\":{\"@id\":\"https:\/\/miumjau.ee\/lt\/produktas\/velxara-vieno-baltymo-sunu-konservai-vistienos-pastetas-6-x-400-g\/#breadcrumb\"},\"inLanguage\":\"lt-LT\",\"potentialAction\":[{\"@type\":\"ReadAction\",\"target\":[\"https:\/\/miumjau.ee\/lt\/produktas\/velxara-vieno-baltymo-sunu-konservai-vistienos-pastetas-6-x-400-g\/\"]}]},{\"@type\":\"ImageObject\",\"inLanguage\":\"lt-LT\",\"@id\":\"https:\/\/miumjau.ee\/lt\/produktas\/velxara-vieno-baltymo-sunu-konservai-vistienos-pastetas-6-x-400-g\/#primaryimage\",\"url\":\"https:\/\/miumjau.ee\/wp-content\/uploads\/2025\/05\/velxara-koerakonserv-kana-Photoroom.webp\",\"contentUrl\":\"https:\/\/miumjau.ee\/wp-content\/uploads\/2025\/05\/velxara-koerakonserv-kana-Photoroom.webp\",\"width\":600,\"height\":800},{\"@type\":\"BreadcrumbList\",\"@id\":\"https:\/\/miumjau.ee\/lt\/produktas\/velxara-vieno-baltymo-sunu-konservai-vistienos-pastetas-6-x-400-g\/#breadcrumb\",\"itemListElement\":[{\"@type\":\"ListItem\",\"position\":1,\"name\":\"Home\",\"item\":\"https:\/\/miumjau.ee\/lt\/\"},{\"@type\":\"ListItem\",\"position\":2,\"name\":\"Parduotuv\u0117\",\"item\":\"https:\/\/miumjau.ee\/lt\/parduotuve\/\"},{\"@type\":\"ListItem\",\"position\":3,\"name\":\"Velxara vieno baltymo \u0161un\u0173 konservai \u2013 vi\u0161tienos pa\u0161tetas 6 \u00d7 400 g\"}]},{\"@type\":\"WebSite\",\"@id\":\"https:\/\/miumjau.ee\/#website\",\"url\":\"https:\/\/miumjau.ee\/\",\"name\":\"MiuMjau\",\"description\":\"Kraapimispuud kassidele\",\"publisher\":{\"@id\":\"https:\/\/miumjau.ee\/#organization\"},\"potentialAction\":[{\"@type\":\"SearchAction\",\"target\":{\"@type\":\"EntryPoint\",\"urlTemplate\":\"https:\/\/miumjau.ee\/?s={search_term_string}\"},\"query-input\":{\"@type\":\"PropertyValueSpecification\",\"valueRequired\":true,\"valueName\":\"search_term_string\"}}],\"inLanguage\":\"lt-LT\"},{\"@type\":\"Organization\",\"@id\":\"https:\/\/miumjau.ee\/#organization\",\"name\":\"MiuMjau O\u00dc\",\"url\":\"https:\/\/miumjau.ee\/\",\"logo\":{\"@type\":\"ImageObject\",\"inLanguage\":\"lt-LT\",\"@id\":\"https:\/\/miumjau.ee\/#\/schema\/logo\/image\/\",\"url\":\"https:\/\/miumjau.ee\/wp-content\/uploads\/2022\/04\/MiuMjau-logo-kollane.png\",\"contentUrl\":\"https:\/\/miumjau.ee\/wp-content\/uploads\/2022\/04\/MiuMjau-logo-kollane.png\",\"width\":219,\"height\":100,\"caption\":\"MiuMjau O\u00dc\"},\"image\":{\"@id\":\"https:\/\/miumjau.ee\/#\/schema\/logo\/image\/\"},\"sameAs\":[\"https:\/\/www.facebook.com\/miumjaupood\/\"]}]}<\/script>\n<!-- \/ Yoast SEO plugin. -->","yoast_head_json":{"title":"Velxara vieno baltymo \u0161un\u0173 konservai \u2013 vi\u0161tienos pa\u0161tetas 6 \u00d7 400 g - MiuMjau","robots":{"index":"index","follow":"follow","max-snippet":"max-snippet:-1","max-image-preview":"max-image-preview:large","max-video-preview":"max-video-preview:-1"},"canonical":"https:\/\/miumjau.ee\/lt\/produktas\/velxara-vieno-baltymo-sunu-konservai-vistienos-pastetas-6-x-400-g\/","og_locale":"lt_LT","og_type":"article","og_title":"Velxara vieno baltymo \u0161un\u0173 konservai \u2013 vi\u0161tienos pa\u0161tetas 6 \u00d7 400 g - MiuMjau","og_description":"Velxara single protein chicken pate 6 \u00d7 400 g. Holistinis visavertis pa\u0161aras \u0161unims su vienu gyv\u016bnin\u0117s kilm\u0117s baltym\u0173 \u0161altiniu \u2013 vi\u0161tiena. Tinka vis\u0173 veisli\u0173, normalaus aktyvumo \u0161unims. Velxara \u0161un\u0173 konservai gaminami be gr\u016bd\u0173, glitimo ir sojos, naudojant tik vien\u0105 gyv\u016bnin\u012f baltym\u0105. D\u0117l keli\u0173 r\u016b\u0161i\u0173 m\u0117sos nebuvimo pa\u0161aras tinka \u0161unims, turintiems jautr\u0173 vir\u0161kinim\u0105, alergij\u0173 ar maisto netoleravim\u0105. Konservuose n\u0117ra dideli\u0173 m\u0117sos gabal\u0117li\u0173 \u2013 mink\u0161t\u0105 pa\u0161tet\u0105 lengva \u0117sti ir vyresniems bei sveikatos problem\u0173 turintiems \u0161unims (\u012fskaitant dant\u0173 problemas). Prid\u0117tin\u0117s skaidulos padeda palaikyti sveik\u0105 vir\u0161kinim\u0105.     Vitaminas D3 stipriems kaulams ir dantims    Vitaminas E normaliai imunin\u0117s sistemos veiklai    Lin\u0173 s\u0117men\u0173 aliejus ir cinkas sveikai odai ir kailiui   Sud\u0117tis: vi\u0161tiena 70 %, vi\u0161tienos sultinys 28,7 %, mineralai 0,7 %, celiulioz\u0117 0,5 %, lin\u0173 s\u0117men\u0173 aliejus 0,1 %. Analitin\u0117 sud\u0117tis: dr\u0117gm\u0117 78,0 %, \u017eali baltymai 10,5 %, \u017eali riebalai 7,5 %, \u017eali pelenai 2,4 %, \u017ealia l\u0105steliena 0,5 %. Maistiniai priedai 1 kg: vitaminas D3 140 TV, vitaminas E 30 mg, cinkas (cinko sulfato monohidratas) 20 mg, varis (vario sulfato pentahidratas) 2,3 mg, manganas (mangano oksidas) 2 mg, jodas (kalcio jodatas, bevandenis) 0,5 mg. \u0160\u0117rimo rekomendacijos: nurodytos normos, kai \u0161eriama tik konservais. Kombinuojant su sausu, \u017ealiu ar naminiu pa\u0161aru, normas reikia koreguoti.       Suaugusio \u0161uns svoris 5 kg 10 kg 15 kg 20 kg 30 kg     Dienos norma 335 g 565 g 765 g 950 g 1290 g      \u0160\u0117rimo normos yra rekomendacin\u0117s. Individual\u016bs poreikiai priklauso nuo \u0161uns am\u017eiaus, k\u016bno sud\u0117jimo ir aktyvumo. \u0160uniui visada turi b\u016bti prieinamas \u0161vie\u017eias geriamasis vanduo. Patiekti kambario temperat\u016bros. Atidarius laikyti \u0161aldytuve ne ilgiau kaip 4 dienas (+4 \u00b0C). Geriausias iki \/ partijos numeris: \u017er. ant pakuot\u0117s. Pagaminta \u010cekijoje. Partner in Pet Food.","og_url":"https:\/\/miumjau.ee\/lt\/produktas\/velxara-vieno-baltymo-sunu-konservai-vistienos-pastetas-6-x-400-g\/","og_site_name":"MiuMjau","article_publisher":"https:\/\/www.facebook.com\/miumjaupood\/","article_modified_time":"2026-01-07T18:40:53+00:00","og_image":[{"width":600,"height":800,"url":"https:\/\/miumjau.ee\/wp-content\/uploads\/2025\/05\/velxara-koerakonserv-kana-Photoroom.webp","type":"image\/webp"}],"twitter_card":"summary_large_image","schema":{"@context":"https:\/\/schema.org","@graph":[{"@type":"WebPage","@id":"https:\/\/miumjau.ee\/lt\/produktas\/velxara-vieno-baltymo-sunu-konservai-vistienos-pastetas-6-x-400-g\/","url":"https:\/\/miumjau.ee\/lt\/produktas\/velxara-vieno-baltymo-sunu-konservai-vistienos-pastetas-6-x-400-g\/","name":"Velxara vieno baltymo \u0161un\u0173 konservai \u2013 vi\u0161tienos pa\u0161tetas 6 \u00d7 400 g - MiuMjau","isPartOf":{"@id":"https:\/\/miumjau.ee\/#website"},"primaryImageOfPage":{"@id":"https:\/\/miumjau.ee\/lt\/produktas\/velxara-vieno-baltymo-sunu-konservai-vistienos-pastetas-6-x-400-g\/#primaryimage"},"image":{"@id":"https:\/\/miumjau.ee\/lt\/produktas\/velxara-vieno-baltymo-sunu-konservai-vistienos-pastetas-6-x-400-g\/#primaryimage"},"thumbnailUrl":"https:\/\/miumjau.ee\/wp-content\/uploads\/2025\/05\/velxara-koerakonserv-kana-Photoroom.webp","datePublished":"2025-05-21T17:01:12+00:00","dateModified":"2026-01-07T18:40:53+00:00","breadcrumb":{"@id":"https:\/\/miumjau.ee\/lt\/produktas\/velxara-vieno-baltymo-sunu-konservai-vistienos-pastetas-6-x-400-g\/#breadcrumb"},"inLanguage":"lt-LT","potentialAction":[{"@type":"ReadAction","target":["https:\/\/miumjau.ee\/lt\/produktas\/velxara-vieno-baltymo-sunu-konservai-vistienos-pastetas-6-x-400-g\/"]}]},{"@type":"ImageObject","inLanguage":"lt-LT","@id":"https:\/\/miumjau.ee\/lt\/produktas\/velxara-vieno-baltymo-sunu-konservai-vistienos-pastetas-6-x-400-g\/#primaryimage","url":"https:\/\/miumjau.ee\/wp-content\/uploads\/2025\/05\/velxara-koerakonserv-kana-Photoroom.webp","contentUrl":"https:\/\/miumjau.ee\/wp-content\/uploads\/2025\/05\/velxara-koerakonserv-kana-Photoroom.webp","width":600,"height":800},{"@type":"BreadcrumbList","@id":"https:\/\/miumjau.ee\/lt\/produktas\/velxara-vieno-baltymo-sunu-konservai-vistienos-pastetas-6-x-400-g\/#breadcrumb","itemListElement":[{"@type":"ListItem","position":1,"name":"Home","item":"https:\/\/miumjau.ee\/lt\/"},{"@type":"ListItem","position":2,"name":"Parduotuv\u0117","item":"https:\/\/miumjau.ee\/lt\/parduotuve\/"},{"@type":"ListItem","position":3,"name":"Velxara vieno baltymo \u0161un\u0173 konservai \u2013 vi\u0161tienos pa\u0161tetas 6 \u00d7 400 g"}]},{"@type":"WebSite","@id":"https:\/\/miumjau.ee\/#website","url":"https:\/\/miumjau.ee\/","name":"MiuMjau","description":"Kraapimispuud kassidele","publisher":{"@id":"https:\/\/miumjau.ee\/#organization"},"potentialAction":[{"@type":"SearchAction","target":{"@type":"EntryPoint","urlTemplate":"https:\/\/miumjau.ee\/?s={search_term_string}"},"query-input":{"@type":"PropertyValueSpecification","valueRequired":true,"valueName":"search_term_string"}}],"inLanguage":"lt-LT"},{"@type":"Organization","@id":"https:\/\/miumjau.ee\/#organization","name":"MiuMjau O\u00dc","url":"https:\/\/miumjau.ee\/","logo":{"@type":"ImageObject","inLanguage":"lt-LT","@id":"https:\/\/miumjau.ee\/#\/schema\/logo\/image\/","url":"https:\/\/miumjau.ee\/wp-content\/uploads\/2022\/04\/MiuMjau-logo-kollane.png","contentUrl":"https:\/\/miumjau.ee\/wp-content\/uploads\/2022\/04\/MiuMjau-logo-kollane.png","width":219,"height":100,"caption":"MiuMjau O\u00dc"},"image":{"@id":"https:\/\/miumjau.ee\/#\/schema\/logo\/image\/"},"sameAs":["https:\/\/www.facebook.com\/miumjaupood\/"]}]}},"_links":{"self":[{"href":"https:\/\/miumjau.ee\/lt\/wp-json\/wp\/v2\/product\/51359","targetHints":{"allow":["GET"]}}],"collection":[{"href":"https:\/\/miumjau.ee\/lt\/wp-json\/wp\/v2\/product"}],"about":[{"href":"https:\/\/miumjau.ee\/lt\/wp-json\/wp\/v2\/types\/product"}],"wp:featuredmedia":[{"embeddable":true,"href":"https:\/\/miumjau.ee\/lt\/wp-json\/wp\/v2\/media\/51361"}],"wp:attachment":[{"href":"https:\/\/miumjau.ee\/lt\/wp-json\/wp\/v2\/media?parent=51359"}],"wp:term":[{"taxonomy":"product_brand","embeddable":true,"href":"https:\/\/miumjau.ee\/lt\/wp-json\/wp\/v2\/product_brand?post=51359"},{"taxonomy":"product_cat","embeddable":true,"href":"https:\/\/miumjau.ee\/lt\/wp-json\/wp\/v2\/product_cat?post=51359"},{"taxonomy":"product_tag","embeddable":true,"href":"https:\/\/miumjau.ee\/lt\/wp-json\/wp\/v2\/product_tag?post=51359"}],"curies":[{"name":"wp","href":"https:\/\/api.w.org\/{rel}","templated":true}]}}