{"id":51100,"date":"2025-03-03T21:11:11","date_gmt":"2025-03-03T19:11:11","guid":{"rendered":"https:\/\/miumjau.ee\/toode\/ambrosia-be-grudu-sausas-maistas-sunims-su-jautiena-ir-lasisa-2-kg\/"},"modified":"2026-01-07T20:40:53","modified_gmt":"2026-01-07T18:40:53","slug":"ambrosia-be-grudu-sausas-maistas-sunims-su-jautiena-ir-lasisa-2-kg","status":"publish","type":"product","link":"https:\/\/miumjau.ee\/lt\/produktas\/ambrosia-be-grudu-sausas-maistas-sunims-su-jautiena-ir-lasisa-2-kg\/","title":{"rendered":"Ambrosia Be gr\u016bd\u0173 sausas maistas \u0161unims su jautiena ir la\u0161i\u0161a 2 kg"},"content":{"rendered":"","protected":false},"excerpt":{"rendered":"<p data-start=\"4268\" data-end=\"4342\"><strong data-start=\"4268\" data-end=\"4300\">Ambrosia Beef &amp; Fresh Salmon<\/strong> \u2013 maistingi, be gr\u016bd\u0173 skan\u0117stai \u0161unims!<\/p>\n<p data-start=\"4344\" data-end=\"4701\">\u0160vie\u017eia la\u0161i\u0161os fil\u0117 suteikia lengvai vir\u0161kinam\u0173 baltym\u0173, o auk\u0161tos baltymingumo d\u017eiovinta jautiena u\u017etikrina pilnavert\u012f ir skan\u0173 patiekal\u0105. Pre- ir probiotikai palaiko vir\u0161kinim\u0105 ir imunitet\u0105, o chondroitinas ir gliukozaminas saugo s\u0105narius. L-karnitinas ir taurinas skatina \u0161irdies ir raumen\u0173 sveikat\u0105. Vidutinio dyd\u017eio granul\u0117s tinka vis\u0173 veisli\u0173 \u0161unims.<\/p>\n<p data-start=\"4703\" data-end=\"5260\"><strong data-start=\"4703\" data-end=\"4777\">Nat\u016bralios sudedamosios dalys \u2013 optimali sveikata kiekviename k\u0105snyje!<\/strong><br data-start=\"4777\" data-end=\"4780\" \/>\ud83e\udd6c <strong data-start=\"4783\" data-end=\"4795\">\u0160pinatai<\/strong> \u2013 antioksidant\u0173 turinti supermaistas, stiprina imunitet\u0105 ir padeda ma\u017einti kraujosp\u016bd\u012f<br data-start=\"4882\" data-end=\"4885\" \/>\ud83e\udd66 <strong data-start=\"4888\" data-end=\"4901\">Brokoliai<\/strong> \u2013 turi prie\u0161u\u017edegimini\u0173 jungini\u0173, palaiko aki\u0173 sveikat\u0105 ir gali pad\u0117ti u\u017ekirsti keli\u0105 \u0161irdies ligoms bei v\u0117\u017eiui<br data-start=\"5013\" data-end=\"5016\" \/>\ud83c\udf52 <strong data-start=\"5019\" data-end=\"5033\">Spanguol\u0117s<\/strong> \u2013 palaiko \u0161irdies sveikat\u0105, padeda reguliuoti kraujosp\u016bd\u012f ir suteikia skaidul\u0173 bei nauding\u0173 riebal\u0173 r\u016bg\u0161\u010di\u0173<br data-start=\"5141\" data-end=\"5144\" \/>\ud83e\uded0 <strong data-start=\"5147\" data-end=\"5158\">M\u0117lyn\u0117s<\/strong> \u2013 stiprina imunitet\u0105, palaiko \u0161irdies sveikat\u0105, stiprina kaulus ir padeda i\u0161laikyti protin\u012f budrum\u0105<\/p>\n<p data-start=\"5262\" data-end=\"5830\"><strong data-start=\"5262\" data-end=\"5274\">Sud\u0117tis:<\/strong><br data-start=\"5274\" data-end=\"5277\" \/>\u0160vie\u017eia be kaul\u0173 la\u0161i\u0161a 21 %, d\u017eiovinti jautienos baltymai 21 %, d\u017eiovintos bulv\u0117s, \u017eirniai, dalinti \u017eirniai, hidrolizuoti gyv\u016bniniai baltymai 10 %, gyv\u016bniniai riebalai 9 %, lin\u0173 s\u0117menys, d\u017eiovinta runkeli\u0173 mas\u0117, alus miel\u0117s, mineralai, cikorija (nat\u016bralus FOS ir inulino \u0161altinis), MOS &amp; beta gliukanai, la\u0161i\u0161os aliejus (0,5 %), d\u017eiovinti brokoliai, \u0161pinatai, pomidorai, spanguol\u0117s, m\u0117lyn\u0117s, gliukozamino hidrokloridas (150 mg\/kg), chondroitino sulfatas (150 mg\/kg), augal\u0173 ekstraktai (rozmarinas, vynuogi\u0173 s\u0117klos, ciber\u017eol\u0117, citrusai, gvazdik\u0117liai).<\/p>\n<p data-start=\"5832\" data-end=\"5968\"><strong data-start=\"5832\" data-end=\"5850\">Papildai (kg):<\/strong><br data-start=\"5850\" data-end=\"5853\" \/>Vitaminas A \u2013 14 000 IU, Vitaminas D3 \u2013 1 000 IU, Vitaminas E \u2013 100 mg, Taurinas \u2013 1 000 mg, L-karnitinas \u2013 50 mg<\/p>\n<p data-start=\"5970\" data-end=\"6172\"><strong data-start=\"5970\" data-end=\"5992\">Analitin\u0117 sud\u0117tis:<\/strong><br data-start=\"5992\" data-end=\"5995\" \/>\u017dali baltymai 30 %, \u017dali riebalai 20 %, Omega-3 riebal\u0173 r\u016bg\u0161tys 0,6 %, Omega-6 riebal\u0173 r\u016bg\u0161tys 2,5 %, \u017dali skaidulos 3 %, Pelenai 8 %, Dr\u0117gm\u0117 9 %, Kalcis 1,2 %, Fosforas 0,9 %<\/p>\n<p data-start=\"6174\" data-end=\"6219\"><strong data-start=\"6174\" data-end=\"6203\">Metabolizuojama energija:<\/strong> 3 962 kcal\/kg<\/p>\n<p data-start=\"6221\" data-end=\"6311\">\ud83d\udc99 <strong data-start=\"6224\" data-end=\"6256\">Ambrosia Beef &amp; Fresh Salmon<\/strong> \u2013 sveikas ir subalansuotas pasirinkimas j\u016bs\u0173 \u0161uniui!<\/p>\n","protected":false},"featured_media":51095,"template":"","meta":[],"product_brand":[],"product_cat":[538],"product_tag":[],"class_list":{"0":"post-51100","1":"product","2":"type-product","3":"status-publish","4":"has-post-thumbnail","6":"product_cat-sausas-maistas-sunims","8":"first","9":"instock","10":"sale","11":"taxable","12":"shipping-taxable","13":"purchasable","14":"product-type-simple"},"yoast_head":"<!-- This site is optimized with the Yoast SEO plugin v27.2 - https:\/\/yoast.com\/product\/yoast-seo-wordpress\/ -->\n<title>Ambrosia Be gr\u016bd\u0173 sausas maistas \u0161unims su jautiena ir la\u0161i\u0161a 2 kg - MiuMjau<\/title>\n<meta name=\"robots\" content=\"index, follow, max-snippet:-1, max-image-preview:large, max-video-preview:-1\" \/>\n<link rel=\"canonical\" href=\"https:\/\/miumjau.ee\/lt\/produktas\/ambrosia-be-grudu-sausas-maistas-sunims-su-jautiena-ir-lasisa-2-kg\/\" \/>\n<meta property=\"og:locale\" content=\"lt_LT\" \/>\n<meta property=\"og:type\" content=\"article\" \/>\n<meta property=\"og:title\" content=\"Ambrosia Be gr\u016bd\u0173 sausas maistas \u0161unims su jautiena ir la\u0161i\u0161a 2 kg - MiuMjau\" \/>\n<meta property=\"og:description\" content=\"Ambrosia Beef &amp; Fresh Salmon \u2013 maistingi, be gr\u016bd\u0173 skan\u0117stai \u0161unims! \u0160vie\u017eia la\u0161i\u0161os fil\u0117 suteikia lengvai vir\u0161kinam\u0173 baltym\u0173, o auk\u0161tos baltymingumo d\u017eiovinta jautiena u\u017etikrina pilnavert\u012f ir skan\u0173 patiekal\u0105. Pre- ir probiotikai palaiko vir\u0161kinim\u0105 ir imunitet\u0105, o chondroitinas ir gliukozaminas saugo s\u0105narius. L-karnitinas ir taurinas skatina \u0161irdies ir raumen\u0173 sveikat\u0105. Vidutinio dyd\u017eio granul\u0117s tinka vis\u0173 veisli\u0173 \u0161unims. Nat\u016bralios sudedamosios dalys \u2013 optimali sveikata kiekviename k\u0105snyje!\ud83e\udd6c \u0160pinatai \u2013 antioksidant\u0173 turinti supermaistas, stiprina imunitet\u0105 ir padeda ma\u017einti kraujosp\u016bd\u012f\ud83e\udd66 Brokoliai \u2013 turi prie\u0161u\u017edegimini\u0173 jungini\u0173, palaiko aki\u0173 sveikat\u0105 ir gali pad\u0117ti u\u017ekirsti keli\u0105 \u0161irdies ligoms bei v\u0117\u017eiui\ud83c\udf52 Spanguol\u0117s \u2013 palaiko \u0161irdies sveikat\u0105, padeda reguliuoti kraujosp\u016bd\u012f ir suteikia skaidul\u0173 bei nauding\u0173 riebal\u0173 r\u016bg\u0161\u010di\u0173\ud83e\uded0 M\u0117lyn\u0117s \u2013 stiprina imunitet\u0105, palaiko \u0161irdies sveikat\u0105, stiprina kaulus ir padeda i\u0161laikyti protin\u012f budrum\u0105 Sud\u0117tis:\u0160vie\u017eia be kaul\u0173 la\u0161i\u0161a 21 %, d\u017eiovinti jautienos baltymai 21 %, d\u017eiovintos bulv\u0117s, \u017eirniai, dalinti \u017eirniai, hidrolizuoti gyv\u016bniniai baltymai 10 %, gyv\u016bniniai riebalai 9 %, lin\u0173 s\u0117menys, d\u017eiovinta runkeli\u0173 mas\u0117, alus miel\u0117s, mineralai, cikorija (nat\u016bralus FOS ir inulino \u0161altinis), MOS &amp; beta gliukanai, la\u0161i\u0161os aliejus (0,5 %), d\u017eiovinti brokoliai, \u0161pinatai, pomidorai, spanguol\u0117s, m\u0117lyn\u0117s, gliukozamino hidrokloridas (150 mg\/kg), chondroitino sulfatas (150 mg\/kg), augal\u0173 ekstraktai (rozmarinas, vynuogi\u0173 s\u0117klos, ciber\u017eol\u0117, citrusai, gvazdik\u0117liai). Papildai (kg):Vitaminas A \u2013 14 000 IU, Vitaminas D3 \u2013 1 000 IU, Vitaminas E \u2013 100 mg, Taurinas \u2013 1 000 mg, L-karnitinas \u2013 50 mg Analitin\u0117 sud\u0117tis:\u017dali baltymai 30 %, \u017dali riebalai 20 %, Omega-3 riebal\u0173 r\u016bg\u0161tys 0,6 %, Omega-6 riebal\u0173 r\u016bg\u0161tys 2,5 %, \u017dali skaidulos 3 %, Pelenai 8 %, Dr\u0117gm\u0117 9 %, Kalcis 1,2 %, Fosforas 0,9 % Metabolizuojama energija: 3 962 kcal\/kg \ud83d\udc99 Ambrosia Beef &amp; Fresh Salmon \u2013 sveikas ir subalansuotas pasirinkimas j\u016bs\u0173 \u0161uniui!\" \/>\n<meta property=\"og:url\" content=\"https:\/\/miumjau.ee\/lt\/produktas\/ambrosia-be-grudu-sausas-maistas-sunims-su-jautiena-ir-lasisa-2-kg\/\" \/>\n<meta property=\"og:site_name\" content=\"MiuMjau\" \/>\n<meta property=\"article:publisher\" content=\"https:\/\/www.facebook.com\/miumjaupood\/\" \/>\n<meta property=\"article:modified_time\" content=\"2026-01-07T18:40:53+00:00\" \/>\n<meta property=\"og:image\" content=\"https:\/\/miumjau.ee\/wp-content\/uploads\/2025\/03\/kuivtoit-koerale-ambrosia-veisjalohe.jpg\" \/>\n\t<meta property=\"og:image:width\" content=\"600\" \/>\n\t<meta property=\"og:image:height\" content=\"800\" \/>\n\t<meta property=\"og:image:type\" content=\"image\/jpeg\" \/>\n<meta name=\"twitter:card\" content=\"summary_large_image\" \/>\n<script type=\"application\/ld+json\" class=\"yoast-schema-graph\">{\"@context\":\"https:\/\/schema.org\",\"@graph\":[{\"@type\":\"WebPage\",\"@id\":\"https:\/\/miumjau.ee\/lt\/produktas\/ambrosia-be-grudu-sausas-maistas-sunims-su-jautiena-ir-lasisa-2-kg\/\",\"url\":\"https:\/\/miumjau.ee\/lt\/produktas\/ambrosia-be-grudu-sausas-maistas-sunims-su-jautiena-ir-lasisa-2-kg\/\",\"name\":\"Ambrosia Be gr\u016bd\u0173 sausas maistas \u0161unims su jautiena ir la\u0161i\u0161a 2 kg - MiuMjau\",\"isPartOf\":{\"@id\":\"https:\/\/miumjau.ee\/#website\"},\"primaryImageOfPage\":{\"@id\":\"https:\/\/miumjau.ee\/lt\/produktas\/ambrosia-be-grudu-sausas-maistas-sunims-su-jautiena-ir-lasisa-2-kg\/#primaryimage\"},\"image\":{\"@id\":\"https:\/\/miumjau.ee\/lt\/produktas\/ambrosia-be-grudu-sausas-maistas-sunims-su-jautiena-ir-lasisa-2-kg\/#primaryimage\"},\"thumbnailUrl\":\"https:\/\/miumjau.ee\/wp-content\/uploads\/2025\/03\/kuivtoit-koerale-ambrosia-veisjalohe.jpg\",\"datePublished\":\"2025-03-03T19:11:11+00:00\",\"dateModified\":\"2026-01-07T18:40:53+00:00\",\"breadcrumb\":{\"@id\":\"https:\/\/miumjau.ee\/lt\/produktas\/ambrosia-be-grudu-sausas-maistas-sunims-su-jautiena-ir-lasisa-2-kg\/#breadcrumb\"},\"inLanguage\":\"lt-LT\",\"potentialAction\":[{\"@type\":\"ReadAction\",\"target\":[\"https:\/\/miumjau.ee\/lt\/produktas\/ambrosia-be-grudu-sausas-maistas-sunims-su-jautiena-ir-lasisa-2-kg\/\"]}]},{\"@type\":\"ImageObject\",\"inLanguage\":\"lt-LT\",\"@id\":\"https:\/\/miumjau.ee\/lt\/produktas\/ambrosia-be-grudu-sausas-maistas-sunims-su-jautiena-ir-lasisa-2-kg\/#primaryimage\",\"url\":\"https:\/\/miumjau.ee\/wp-content\/uploads\/2025\/03\/kuivtoit-koerale-ambrosia-veisjalohe.jpg\",\"contentUrl\":\"https:\/\/miumjau.ee\/wp-content\/uploads\/2025\/03\/kuivtoit-koerale-ambrosia-veisjalohe.jpg\",\"width\":600,\"height\":800},{\"@type\":\"BreadcrumbList\",\"@id\":\"https:\/\/miumjau.ee\/lt\/produktas\/ambrosia-be-grudu-sausas-maistas-sunims-su-jautiena-ir-lasisa-2-kg\/#breadcrumb\",\"itemListElement\":[{\"@type\":\"ListItem\",\"position\":1,\"name\":\"Home\",\"item\":\"https:\/\/miumjau.ee\/lt\/\"},{\"@type\":\"ListItem\",\"position\":2,\"name\":\"Parduotuv\u0117\",\"item\":\"https:\/\/miumjau.ee\/lt\/parduotuve\/\"},{\"@type\":\"ListItem\",\"position\":3,\"name\":\"Ambrosia Be gr\u016bd\u0173 sausas maistas \u0161unims su jautiena ir la\u0161i\u0161a 2 kg\"}]},{\"@type\":\"WebSite\",\"@id\":\"https:\/\/miumjau.ee\/#website\",\"url\":\"https:\/\/miumjau.ee\/\",\"name\":\"MiuMjau\",\"description\":\"Kraapimispuud kassidele\",\"publisher\":{\"@id\":\"https:\/\/miumjau.ee\/#organization\"},\"potentialAction\":[{\"@type\":\"SearchAction\",\"target\":{\"@type\":\"EntryPoint\",\"urlTemplate\":\"https:\/\/miumjau.ee\/?s={search_term_string}\"},\"query-input\":{\"@type\":\"PropertyValueSpecification\",\"valueRequired\":true,\"valueName\":\"search_term_string\"}}],\"inLanguage\":\"lt-LT\"},{\"@type\":\"Organization\",\"@id\":\"https:\/\/miumjau.ee\/#organization\",\"name\":\"MiuMjau O\u00dc\",\"url\":\"https:\/\/miumjau.ee\/\",\"logo\":{\"@type\":\"ImageObject\",\"inLanguage\":\"lt-LT\",\"@id\":\"https:\/\/miumjau.ee\/#\/schema\/logo\/image\/\",\"url\":\"https:\/\/miumjau.ee\/wp-content\/uploads\/2022\/04\/MiuMjau-logo-kollane.png\",\"contentUrl\":\"https:\/\/miumjau.ee\/wp-content\/uploads\/2022\/04\/MiuMjau-logo-kollane.png\",\"width\":219,\"height\":100,\"caption\":\"MiuMjau O\u00dc\"},\"image\":{\"@id\":\"https:\/\/miumjau.ee\/#\/schema\/logo\/image\/\"},\"sameAs\":[\"https:\/\/www.facebook.com\/miumjaupood\/\"]}]}<\/script>\n<!-- \/ Yoast SEO plugin. -->","yoast_head_json":{"title":"Ambrosia Be gr\u016bd\u0173 sausas maistas \u0161unims su jautiena ir la\u0161i\u0161a 2 kg - MiuMjau","robots":{"index":"index","follow":"follow","max-snippet":"max-snippet:-1","max-image-preview":"max-image-preview:large","max-video-preview":"max-video-preview:-1"},"canonical":"https:\/\/miumjau.ee\/lt\/produktas\/ambrosia-be-grudu-sausas-maistas-sunims-su-jautiena-ir-lasisa-2-kg\/","og_locale":"lt_LT","og_type":"article","og_title":"Ambrosia Be gr\u016bd\u0173 sausas maistas \u0161unims su jautiena ir la\u0161i\u0161a 2 kg - MiuMjau","og_description":"Ambrosia Beef &amp; Fresh Salmon \u2013 maistingi, be gr\u016bd\u0173 skan\u0117stai \u0161unims! \u0160vie\u017eia la\u0161i\u0161os fil\u0117 suteikia lengvai vir\u0161kinam\u0173 baltym\u0173, o auk\u0161tos baltymingumo d\u017eiovinta jautiena u\u017etikrina pilnavert\u012f ir skan\u0173 patiekal\u0105. Pre- ir probiotikai palaiko vir\u0161kinim\u0105 ir imunitet\u0105, o chondroitinas ir gliukozaminas saugo s\u0105narius. L-karnitinas ir taurinas skatina \u0161irdies ir raumen\u0173 sveikat\u0105. Vidutinio dyd\u017eio granul\u0117s tinka vis\u0173 veisli\u0173 \u0161unims. Nat\u016bralios sudedamosios dalys \u2013 optimali sveikata kiekviename k\u0105snyje!\ud83e\udd6c \u0160pinatai \u2013 antioksidant\u0173 turinti supermaistas, stiprina imunitet\u0105 ir padeda ma\u017einti kraujosp\u016bd\u012f\ud83e\udd66 Brokoliai \u2013 turi prie\u0161u\u017edegimini\u0173 jungini\u0173, palaiko aki\u0173 sveikat\u0105 ir gali pad\u0117ti u\u017ekirsti keli\u0105 \u0161irdies ligoms bei v\u0117\u017eiui\ud83c\udf52 Spanguol\u0117s \u2013 palaiko \u0161irdies sveikat\u0105, padeda reguliuoti kraujosp\u016bd\u012f ir suteikia skaidul\u0173 bei nauding\u0173 riebal\u0173 r\u016bg\u0161\u010di\u0173\ud83e\uded0 M\u0117lyn\u0117s \u2013 stiprina imunitet\u0105, palaiko \u0161irdies sveikat\u0105, stiprina kaulus ir padeda i\u0161laikyti protin\u012f budrum\u0105 Sud\u0117tis:\u0160vie\u017eia be kaul\u0173 la\u0161i\u0161a 21 %, d\u017eiovinti jautienos baltymai 21 %, d\u017eiovintos bulv\u0117s, \u017eirniai, dalinti \u017eirniai, hidrolizuoti gyv\u016bniniai baltymai 10 %, gyv\u016bniniai riebalai 9 %, lin\u0173 s\u0117menys, d\u017eiovinta runkeli\u0173 mas\u0117, alus miel\u0117s, mineralai, cikorija (nat\u016bralus FOS ir inulino \u0161altinis), MOS &amp; beta gliukanai, la\u0161i\u0161os aliejus (0,5 %), d\u017eiovinti brokoliai, \u0161pinatai, pomidorai, spanguol\u0117s, m\u0117lyn\u0117s, gliukozamino hidrokloridas (150 mg\/kg), chondroitino sulfatas (150 mg\/kg), augal\u0173 ekstraktai (rozmarinas, vynuogi\u0173 s\u0117klos, ciber\u017eol\u0117, citrusai, gvazdik\u0117liai). Papildai (kg):Vitaminas A \u2013 14 000 IU, Vitaminas D3 \u2013 1 000 IU, Vitaminas E \u2013 100 mg, Taurinas \u2013 1 000 mg, L-karnitinas \u2013 50 mg Analitin\u0117 sud\u0117tis:\u017dali baltymai 30 %, \u017dali riebalai 20 %, Omega-3 riebal\u0173 r\u016bg\u0161tys 0,6 %, Omega-6 riebal\u0173 r\u016bg\u0161tys 2,5 %, \u017dali skaidulos 3 %, Pelenai 8 %, Dr\u0117gm\u0117 9 %, Kalcis 1,2 %, Fosforas 0,9 % Metabolizuojama energija: 3 962 kcal\/kg \ud83d\udc99 Ambrosia Beef &amp; Fresh Salmon \u2013 sveikas ir subalansuotas pasirinkimas j\u016bs\u0173 \u0161uniui!","og_url":"https:\/\/miumjau.ee\/lt\/produktas\/ambrosia-be-grudu-sausas-maistas-sunims-su-jautiena-ir-lasisa-2-kg\/","og_site_name":"MiuMjau","article_publisher":"https:\/\/www.facebook.com\/miumjaupood\/","article_modified_time":"2026-01-07T18:40:53+00:00","og_image":[{"width":600,"height":800,"url":"https:\/\/miumjau.ee\/wp-content\/uploads\/2025\/03\/kuivtoit-koerale-ambrosia-veisjalohe.jpg","type":"image\/jpeg"}],"twitter_card":"summary_large_image","schema":{"@context":"https:\/\/schema.org","@graph":[{"@type":"WebPage","@id":"https:\/\/miumjau.ee\/lt\/produktas\/ambrosia-be-grudu-sausas-maistas-sunims-su-jautiena-ir-lasisa-2-kg\/","url":"https:\/\/miumjau.ee\/lt\/produktas\/ambrosia-be-grudu-sausas-maistas-sunims-su-jautiena-ir-lasisa-2-kg\/","name":"Ambrosia Be gr\u016bd\u0173 sausas maistas \u0161unims su jautiena ir la\u0161i\u0161a 2 kg - MiuMjau","isPartOf":{"@id":"https:\/\/miumjau.ee\/#website"},"primaryImageOfPage":{"@id":"https:\/\/miumjau.ee\/lt\/produktas\/ambrosia-be-grudu-sausas-maistas-sunims-su-jautiena-ir-lasisa-2-kg\/#primaryimage"},"image":{"@id":"https:\/\/miumjau.ee\/lt\/produktas\/ambrosia-be-grudu-sausas-maistas-sunims-su-jautiena-ir-lasisa-2-kg\/#primaryimage"},"thumbnailUrl":"https:\/\/miumjau.ee\/wp-content\/uploads\/2025\/03\/kuivtoit-koerale-ambrosia-veisjalohe.jpg","datePublished":"2025-03-03T19:11:11+00:00","dateModified":"2026-01-07T18:40:53+00:00","breadcrumb":{"@id":"https:\/\/miumjau.ee\/lt\/produktas\/ambrosia-be-grudu-sausas-maistas-sunims-su-jautiena-ir-lasisa-2-kg\/#breadcrumb"},"inLanguage":"lt-LT","potentialAction":[{"@type":"ReadAction","target":["https:\/\/miumjau.ee\/lt\/produktas\/ambrosia-be-grudu-sausas-maistas-sunims-su-jautiena-ir-lasisa-2-kg\/"]}]},{"@type":"ImageObject","inLanguage":"lt-LT","@id":"https:\/\/miumjau.ee\/lt\/produktas\/ambrosia-be-grudu-sausas-maistas-sunims-su-jautiena-ir-lasisa-2-kg\/#primaryimage","url":"https:\/\/miumjau.ee\/wp-content\/uploads\/2025\/03\/kuivtoit-koerale-ambrosia-veisjalohe.jpg","contentUrl":"https:\/\/miumjau.ee\/wp-content\/uploads\/2025\/03\/kuivtoit-koerale-ambrosia-veisjalohe.jpg","width":600,"height":800},{"@type":"BreadcrumbList","@id":"https:\/\/miumjau.ee\/lt\/produktas\/ambrosia-be-grudu-sausas-maistas-sunims-su-jautiena-ir-lasisa-2-kg\/#breadcrumb","itemListElement":[{"@type":"ListItem","position":1,"name":"Home","item":"https:\/\/miumjau.ee\/lt\/"},{"@type":"ListItem","position":2,"name":"Parduotuv\u0117","item":"https:\/\/miumjau.ee\/lt\/parduotuve\/"},{"@type":"ListItem","position":3,"name":"Ambrosia Be gr\u016bd\u0173 sausas maistas \u0161unims su jautiena ir la\u0161i\u0161a 2 kg"}]},{"@type":"WebSite","@id":"https:\/\/miumjau.ee\/#website","url":"https:\/\/miumjau.ee\/","name":"MiuMjau","description":"Kraapimispuud kassidele","publisher":{"@id":"https:\/\/miumjau.ee\/#organization"},"potentialAction":[{"@type":"SearchAction","target":{"@type":"EntryPoint","urlTemplate":"https:\/\/miumjau.ee\/?s={search_term_string}"},"query-input":{"@type":"PropertyValueSpecification","valueRequired":true,"valueName":"search_term_string"}}],"inLanguage":"lt-LT"},{"@type":"Organization","@id":"https:\/\/miumjau.ee\/#organization","name":"MiuMjau O\u00dc","url":"https:\/\/miumjau.ee\/","logo":{"@type":"ImageObject","inLanguage":"lt-LT","@id":"https:\/\/miumjau.ee\/#\/schema\/logo\/image\/","url":"https:\/\/miumjau.ee\/wp-content\/uploads\/2022\/04\/MiuMjau-logo-kollane.png","contentUrl":"https:\/\/miumjau.ee\/wp-content\/uploads\/2022\/04\/MiuMjau-logo-kollane.png","width":219,"height":100,"caption":"MiuMjau O\u00dc"},"image":{"@id":"https:\/\/miumjau.ee\/#\/schema\/logo\/image\/"},"sameAs":["https:\/\/www.facebook.com\/miumjaupood\/"]}]}},"_links":{"self":[{"href":"https:\/\/miumjau.ee\/lt\/wp-json\/wp\/v2\/product\/51100","targetHints":{"allow":["GET"]}}],"collection":[{"href":"https:\/\/miumjau.ee\/lt\/wp-json\/wp\/v2\/product"}],"about":[{"href":"https:\/\/miumjau.ee\/lt\/wp-json\/wp\/v2\/types\/product"}],"wp:featuredmedia":[{"embeddable":true,"href":"https:\/\/miumjau.ee\/lt\/wp-json\/wp\/v2\/media\/51095"}],"wp:attachment":[{"href":"https:\/\/miumjau.ee\/lt\/wp-json\/wp\/v2\/media?parent=51100"}],"wp:term":[{"taxonomy":"product_brand","embeddable":true,"href":"https:\/\/miumjau.ee\/lt\/wp-json\/wp\/v2\/product_brand?post=51100"},{"taxonomy":"product_cat","embeddable":true,"href":"https:\/\/miumjau.ee\/lt\/wp-json\/wp\/v2\/product_cat?post=51100"},{"taxonomy":"product_tag","embeddable":true,"href":"https:\/\/miumjau.ee\/lt\/wp-json\/wp\/v2\/product_tag?post=51100"}],"curies":[{"name":"wp","href":"https:\/\/api.w.org\/{rel}","templated":true}]}}