{"id":51082,"date":"2025-04-07T13:48:47","date_gmt":"2025-04-07T10:48:47","guid":{"rendered":"https:\/\/miumjau.ee\/toode\/ambrosia-be-grudu-maistas-senjorams-su-kalakutu-ir-lasisa-12-kg\/"},"modified":"2026-01-07T20:41:01","modified_gmt":"2026-01-07T18:41:01","slug":"ambrosia-be-grudu-maistas-senjorams-su-kalakutu-ir-lasisa-12-kg","status":"publish","type":"product","link":"https:\/\/miumjau.ee\/lt\/produktas\/ambrosia-be-grudu-maistas-senjorams-su-kalakutu-ir-lasisa-12-kg\/","title":{"rendered":"Ambrosia Be gr\u016bd\u0173 maistas senjorams su kalakutu ir la\u0161i\u0161a 12 kg"},"content":{"rendered":"","protected":false},"excerpt":{"rendered":"<p data-start=\"4861\" data-end=\"4980\"><strong data-start=\"4861\" data-end=\"4895\">Ambrosia Fresh Turkey &amp; Salmon<\/strong> \u2013 subalansuotas receptas vyresniems, sterilizuotiems ir antsvorio turintiems \u0161unims!<\/p>\n<p data-start=\"4982\" data-end=\"5370\">\u0160vie\u017eia kalakuto fil\u0117 ir la\u0161i\u0161a suteikia kokybi\u0161k\u0105, lengvai vir\u0161kinam\u0105 baltym\u0105, o optimizuotas riebal\u0173 kiekis ir ma\u017eas kalorij\u0173 lygis padeda palaikyti sveik\u0105 svor\u012f. Receptas praturtintas prebiotikais ir probiotikais, kurie palaiko vir\u0161kinim\u0105 ir stiprina imunitet\u0105. Chondroitinas ir gliukozaminas saugo s\u0105narius, o L-karnitinas ir taurinas palaiko \u0161irdies, raumen\u0173 sveikat\u0105 ir metabolizm\u0105.<\/p>\n<p data-start=\"5372\" data-end=\"5734\"><strong data-start=\"5372\" data-end=\"5442\">Speciali formul\u0117 vyresniems \u0161unims \u2013 sveikata kiekviename k\u0105snyje!<\/strong><br data-start=\"5442\" data-end=\"5445\" \/>\ud83d\udc1f <strong data-start=\"5448\" data-end=\"5476\">Lengvai vir\u0161kinama \u017euvis<\/strong> \u2013 ideali jautriems skrand\u017eiams<br data-start=\"5507\" data-end=\"5510\" \/>\ud83e\uddb4 <strong data-start=\"5513\" data-end=\"5546\">Gliukozaminas &amp; chondroitinas<\/strong> \u2013 s\u0105nari\u0173 palaikymui senstant<br data-start=\"5576\" data-end=\"5579\" \/>\ud83d\udcaa <strong data-start=\"5582\" data-end=\"5598\">L-karnitinas<\/strong> \u2013 padeda palaikyti raumen\u0173 mas\u0119 ir metabolizm\u0105<br data-start=\"5645\" data-end=\"5648\" \/>\ud83e\udda0 <strong data-start=\"5651\" data-end=\"5680\">Prebiotikai &amp; probiotikai<\/strong> \u2013 papildoma parama vir\u0161kinimui ir imuninei sistemai<\/p>\n<p data-start=\"5736\" data-end=\"6095\"><strong data-start=\"5736\" data-end=\"5773\">Nat\u016bral\u016bs supermaistai sveikatai!<\/strong><br data-start=\"5773\" data-end=\"5776\" \/>\ud83e\udd66 <strong data-start=\"5779\" data-end=\"5792\">Brokoliai<\/strong> \u2013 prie\u0161u\u017edegiminiai, palaiko akis ir \u0161ird\u012f<br data-start=\"5835\" data-end=\"5838\" \/>\ud83e\udd6c <strong data-start=\"5841\" data-end=\"5853\">\u0160pinatai<\/strong> \u2013 antioksidant\u0173 \u0161altinis, palaiko kraujosp\u016bd\u017eio balans\u0105<br data-start=\"5909\" data-end=\"5912\" \/>\ud83c\udf45 <strong data-start=\"5915\" data-end=\"5928\">Pomidorai<\/strong> \u2013 vitamin\u0173 \u0161altinis, stiprina imunitet\u0105<br data-start=\"5968\" data-end=\"5971\" \/>\ud83c\udf52 <strong data-start=\"5974\" data-end=\"5988\">Spanguol\u0117s<\/strong> \u2013 palaiko \u0161lapimo tak\u0173 ir \u0161irdies sveikat\u0105<br data-start=\"6031\" data-end=\"6034\" \/>\ud83e\uded0 <strong data-start=\"6037\" data-end=\"6048\">M\u0117lyn\u0117s<\/strong> \u2013 stiprina kaulus ir palaiko protin\u0119 a\u0161trum\u0105<\/p>\n<p data-start=\"6097\" data-end=\"6714\"><strong data-start=\"6097\" data-end=\"6109\">Sud\u0117tis:<\/strong><br data-start=\"6109\" data-end=\"6112\" \/>Pauk\u0161tiena (30 %, i\u0161 j\u0173 \u0161vie\u017eia be kaul\u0173 kalakuto m\u0117sa 15 %, d\u017eiovinta vi\u0161tienos baltym\u0173 15 %), bulv\u0117s, \u017ealieji \u017eirniai, dalinti \u017eirniai, hidrolizuoti gyv\u016bniniai baltymai (9 %), gyv\u016bniniai riebalai (6 %), d\u017eiovinti la\u0161i\u0161os baltymai (4 %), runkeli\u0173 mas\u0117, lin\u0173 s\u0117menys, cikorija (nat\u016bralus FOS ir inulino \u0161altinis), mineralai, alaus miel\u0117s, mieli\u0173 ekstraktas (MOS &amp; beta gliukanai), gliukozamino hidrokloridas (300 mg\/kg), chondroitino sulfatas (300 mg\/kg), d\u017eiovinti brokoliai, \u0161pinatai, pomidorai, spanguol\u0117s, m\u0117lyn\u0117s, augal\u0173 ekstraktai (rozmarinas, vynuogi\u0173 s\u0117klos, ciber\u017eol\u0117, citrusai, gvazdik\u0117liai).<\/p>\n<p data-start=\"6716\" data-end=\"6850\"><strong data-start=\"6716\" data-end=\"6734\">Papildai (kg):<\/strong><br data-start=\"6734\" data-end=\"6737\" \/>Vitaminas A \u2013 14 000 IU, Vitaminas D3 \u2013 1 000 IU, Vitaminas E \u2013 150 mg, Taurinas \u2013 1 500 mg, L-karnitinas \u2013 50 mg<\/p>\n<p data-start=\"6852\" data-end=\"7054\"><strong data-start=\"6852\" data-end=\"6874\">Analitin\u0117 sud\u0117tis:<\/strong><br data-start=\"6874\" data-end=\"6877\" \/>\u017dali baltymai 27 %, \u017dali riebalai 12,5 %, Omega-3 riebal\u0173 r\u016bg\u0161tys 0,4 %, Omega-6 riebal\u0173 r\u016bg\u0161tys 1,7 %, \u017dali skaidulos 3 %, Pelenai 6,5 %, Dr\u0117gm\u0117 9 %, Kalcis 1 %, Fosforas 0,7 %<\/p>\n<p data-start=\"7056\" data-end=\"7099\"><strong data-start=\"7056\" data-end=\"7085\">Metabolizuojama energija:<\/strong> 3 240 kcal\/kg<\/p>\n<p data-start=\"7101\" data-end=\"7201\" data-is-last-node=\"\" data-is-only-node=\"\">\ud83d\udc99 <strong data-start=\"7104\" data-end=\"7138\">Ambrosia Fresh Turkey &amp; Salmon<\/strong> \u2013 idealus ir sveikas pasirinkimas j\u016bs\u0173 \u0161uns auksiniams metams!<\/p>\n","protected":false},"featured_media":51083,"template":"","meta":[],"product_brand":[],"product_cat":[538],"product_tag":[],"class_list":{"0":"post-51082","1":"product","2":"type-product","3":"status-publish","4":"has-post-thumbnail","6":"product_cat-sausas-maistas-sunims","8":"first","9":"instock","10":"sale","11":"taxable","12":"shipping-taxable","13":"purchasable","14":"product-type-simple"},"yoast_head":"<!-- This site is optimized with the Yoast SEO plugin v27.2 - https:\/\/yoast.com\/product\/yoast-seo-wordpress\/ -->\n<title>Ambrosia Be gr\u016bd\u0173 maistas senjorams su kalakutu ir la\u0161i\u0161a 12 kg - MiuMjau<\/title>\n<meta name=\"robots\" content=\"index, follow, max-snippet:-1, max-image-preview:large, max-video-preview:-1\" \/>\n<link rel=\"canonical\" href=\"https:\/\/miumjau.ee\/lt\/produktas\/ambrosia-be-grudu-maistas-senjorams-su-kalakutu-ir-lasisa-12-kg\/\" \/>\n<meta property=\"og:locale\" content=\"lt_LT\" \/>\n<meta property=\"og:type\" content=\"article\" \/>\n<meta property=\"og:title\" content=\"Ambrosia Be gr\u016bd\u0173 maistas senjorams su kalakutu ir la\u0161i\u0161a 12 kg - MiuMjau\" \/>\n<meta property=\"og:description\" content=\"Ambrosia Fresh Turkey &amp; Salmon \u2013 subalansuotas receptas vyresniems, sterilizuotiems ir antsvorio turintiems \u0161unims! \u0160vie\u017eia kalakuto fil\u0117 ir la\u0161i\u0161a suteikia kokybi\u0161k\u0105, lengvai vir\u0161kinam\u0105 baltym\u0105, o optimizuotas riebal\u0173 kiekis ir ma\u017eas kalorij\u0173 lygis padeda palaikyti sveik\u0105 svor\u012f. Receptas praturtintas prebiotikais ir probiotikais, kurie palaiko vir\u0161kinim\u0105 ir stiprina imunitet\u0105. Chondroitinas ir gliukozaminas saugo s\u0105narius, o L-karnitinas ir taurinas palaiko \u0161irdies, raumen\u0173 sveikat\u0105 ir metabolizm\u0105. Speciali formul\u0117 vyresniems \u0161unims \u2013 sveikata kiekviename k\u0105snyje!\ud83d\udc1f Lengvai vir\u0161kinama \u017euvis \u2013 ideali jautriems skrand\u017eiams\ud83e\uddb4 Gliukozaminas &amp; chondroitinas \u2013 s\u0105nari\u0173 palaikymui senstant\ud83d\udcaa L-karnitinas \u2013 padeda palaikyti raumen\u0173 mas\u0119 ir metabolizm\u0105\ud83e\udda0 Prebiotikai &amp; probiotikai \u2013 papildoma parama vir\u0161kinimui ir imuninei sistemai Nat\u016bral\u016bs supermaistai sveikatai!\ud83e\udd66 Brokoliai \u2013 prie\u0161u\u017edegiminiai, palaiko akis ir \u0161ird\u012f\ud83e\udd6c \u0160pinatai \u2013 antioksidant\u0173 \u0161altinis, palaiko kraujosp\u016bd\u017eio balans\u0105\ud83c\udf45 Pomidorai \u2013 vitamin\u0173 \u0161altinis, stiprina imunitet\u0105\ud83c\udf52 Spanguol\u0117s \u2013 palaiko \u0161lapimo tak\u0173 ir \u0161irdies sveikat\u0105\ud83e\uded0 M\u0117lyn\u0117s \u2013 stiprina kaulus ir palaiko protin\u0119 a\u0161trum\u0105 Sud\u0117tis:Pauk\u0161tiena (30 %, i\u0161 j\u0173 \u0161vie\u017eia be kaul\u0173 kalakuto m\u0117sa 15 %, d\u017eiovinta vi\u0161tienos baltym\u0173 15 %), bulv\u0117s, \u017ealieji \u017eirniai, dalinti \u017eirniai, hidrolizuoti gyv\u016bniniai baltymai (9 %), gyv\u016bniniai riebalai (6 %), d\u017eiovinti la\u0161i\u0161os baltymai (4 %), runkeli\u0173 mas\u0117, lin\u0173 s\u0117menys, cikorija (nat\u016bralus FOS ir inulino \u0161altinis), mineralai, alaus miel\u0117s, mieli\u0173 ekstraktas (MOS &amp; beta gliukanai), gliukozamino hidrokloridas (300 mg\/kg), chondroitino sulfatas (300 mg\/kg), d\u017eiovinti brokoliai, \u0161pinatai, pomidorai, spanguol\u0117s, m\u0117lyn\u0117s, augal\u0173 ekstraktai (rozmarinas, vynuogi\u0173 s\u0117klos, ciber\u017eol\u0117, citrusai, gvazdik\u0117liai). Papildai (kg):Vitaminas A \u2013 14 000 IU, Vitaminas D3 \u2013 1 000 IU, Vitaminas E \u2013 150 mg, Taurinas \u2013 1 500 mg, L-karnitinas \u2013 50 mg Analitin\u0117 sud\u0117tis:\u017dali baltymai 27 %, \u017dali riebalai 12,5 %, Omega-3 riebal\u0173 r\u016bg\u0161tys 0,4 %, Omega-6 riebal\u0173 r\u016bg\u0161tys 1,7 %, \u017dali skaidulos 3 %, Pelenai 6,5 %, Dr\u0117gm\u0117 9 %, Kalcis 1 %, Fosforas 0,7 % Metabolizuojama energija: 3 240 kcal\/kg \ud83d\udc99 Ambrosia Fresh Turkey &amp; Salmon \u2013 idealus ir sveikas pasirinkimas j\u016bs\u0173 \u0161uns auksiniams metams!\" \/>\n<meta property=\"og:url\" content=\"https:\/\/miumjau.ee\/lt\/produktas\/ambrosia-be-grudu-maistas-senjorams-su-kalakutu-ir-lasisa-12-kg\/\" \/>\n<meta property=\"og:site_name\" content=\"MiuMjau\" \/>\n<meta property=\"article:publisher\" content=\"https:\/\/www.facebook.com\/miumjaupood\/\" \/>\n<meta property=\"article:modified_time\" content=\"2026-01-07T18:41:01+00:00\" \/>\n<meta property=\"og:image\" content=\"https:\/\/miumjau.ee\/wp-content\/uploads\/2025\/04\/ambrosia-senior-turkey-salmon1-Photoroom.webp\" \/>\n\t<meta property=\"og:image:width\" content=\"600\" \/>\n\t<meta property=\"og:image:height\" content=\"800\" \/>\n\t<meta property=\"og:image:type\" content=\"image\/webp\" \/>\n<meta name=\"twitter:card\" content=\"summary_large_image\" \/>\n<script type=\"application\/ld+json\" class=\"yoast-schema-graph\">{\"@context\":\"https:\/\/schema.org\",\"@graph\":[{\"@type\":\"WebPage\",\"@id\":\"https:\/\/miumjau.ee\/lt\/produktas\/ambrosia-be-grudu-maistas-senjorams-su-kalakutu-ir-lasisa-12-kg\/\",\"url\":\"https:\/\/miumjau.ee\/lt\/produktas\/ambrosia-be-grudu-maistas-senjorams-su-kalakutu-ir-lasisa-12-kg\/\",\"name\":\"Ambrosia Be gr\u016bd\u0173 maistas senjorams su kalakutu ir la\u0161i\u0161a 12 kg - MiuMjau\",\"isPartOf\":{\"@id\":\"https:\/\/miumjau.ee\/#website\"},\"primaryImageOfPage\":{\"@id\":\"https:\/\/miumjau.ee\/lt\/produktas\/ambrosia-be-grudu-maistas-senjorams-su-kalakutu-ir-lasisa-12-kg\/#primaryimage\"},\"image\":{\"@id\":\"https:\/\/miumjau.ee\/lt\/produktas\/ambrosia-be-grudu-maistas-senjorams-su-kalakutu-ir-lasisa-12-kg\/#primaryimage\"},\"thumbnailUrl\":\"https:\/\/miumjau.ee\/wp-content\/uploads\/2025\/04\/ambrosia-senior-turkey-salmon1-Photoroom.webp\",\"datePublished\":\"2025-04-07T10:48:47+00:00\",\"dateModified\":\"2026-01-07T18:41:01+00:00\",\"breadcrumb\":{\"@id\":\"https:\/\/miumjau.ee\/lt\/produktas\/ambrosia-be-grudu-maistas-senjorams-su-kalakutu-ir-lasisa-12-kg\/#breadcrumb\"},\"inLanguage\":\"lt-LT\",\"potentialAction\":[{\"@type\":\"ReadAction\",\"target\":[\"https:\/\/miumjau.ee\/lt\/produktas\/ambrosia-be-grudu-maistas-senjorams-su-kalakutu-ir-lasisa-12-kg\/\"]}]},{\"@type\":\"ImageObject\",\"inLanguage\":\"lt-LT\",\"@id\":\"https:\/\/miumjau.ee\/lt\/produktas\/ambrosia-be-grudu-maistas-senjorams-su-kalakutu-ir-lasisa-12-kg\/#primaryimage\",\"url\":\"https:\/\/miumjau.ee\/wp-content\/uploads\/2025\/04\/ambrosia-senior-turkey-salmon1-Photoroom.webp\",\"contentUrl\":\"https:\/\/miumjau.ee\/wp-content\/uploads\/2025\/04\/ambrosia-senior-turkey-salmon1-Photoroom.webp\",\"width\":600,\"height\":800},{\"@type\":\"BreadcrumbList\",\"@id\":\"https:\/\/miumjau.ee\/lt\/produktas\/ambrosia-be-grudu-maistas-senjorams-su-kalakutu-ir-lasisa-12-kg\/#breadcrumb\",\"itemListElement\":[{\"@type\":\"ListItem\",\"position\":1,\"name\":\"Home\",\"item\":\"https:\/\/miumjau.ee\/lt\/\"},{\"@type\":\"ListItem\",\"position\":2,\"name\":\"Parduotuv\u0117\",\"item\":\"https:\/\/miumjau.ee\/lt\/parduotuve\/\"},{\"@type\":\"ListItem\",\"position\":3,\"name\":\"Ambrosia Be gr\u016bd\u0173 maistas senjorams su kalakutu ir la\u0161i\u0161a 12 kg\"}]},{\"@type\":\"WebSite\",\"@id\":\"https:\/\/miumjau.ee\/#website\",\"url\":\"https:\/\/miumjau.ee\/\",\"name\":\"MiuMjau\",\"description\":\"Kraapimispuud kassidele\",\"publisher\":{\"@id\":\"https:\/\/miumjau.ee\/#organization\"},\"potentialAction\":[{\"@type\":\"SearchAction\",\"target\":{\"@type\":\"EntryPoint\",\"urlTemplate\":\"https:\/\/miumjau.ee\/?s={search_term_string}\"},\"query-input\":{\"@type\":\"PropertyValueSpecification\",\"valueRequired\":true,\"valueName\":\"search_term_string\"}}],\"inLanguage\":\"lt-LT\"},{\"@type\":\"Organization\",\"@id\":\"https:\/\/miumjau.ee\/#organization\",\"name\":\"MiuMjau O\u00dc\",\"url\":\"https:\/\/miumjau.ee\/\",\"logo\":{\"@type\":\"ImageObject\",\"inLanguage\":\"lt-LT\",\"@id\":\"https:\/\/miumjau.ee\/#\/schema\/logo\/image\/\",\"url\":\"https:\/\/miumjau.ee\/wp-content\/uploads\/2022\/04\/MiuMjau-logo-kollane.png\",\"contentUrl\":\"https:\/\/miumjau.ee\/wp-content\/uploads\/2022\/04\/MiuMjau-logo-kollane.png\",\"width\":219,\"height\":100,\"caption\":\"MiuMjau O\u00dc\"},\"image\":{\"@id\":\"https:\/\/miumjau.ee\/#\/schema\/logo\/image\/\"},\"sameAs\":[\"https:\/\/www.facebook.com\/miumjaupood\/\"]}]}<\/script>\n<!-- \/ Yoast SEO plugin. -->","yoast_head_json":{"title":"Ambrosia Be gr\u016bd\u0173 maistas senjorams su kalakutu ir la\u0161i\u0161a 12 kg - MiuMjau","robots":{"index":"index","follow":"follow","max-snippet":"max-snippet:-1","max-image-preview":"max-image-preview:large","max-video-preview":"max-video-preview:-1"},"canonical":"https:\/\/miumjau.ee\/lt\/produktas\/ambrosia-be-grudu-maistas-senjorams-su-kalakutu-ir-lasisa-12-kg\/","og_locale":"lt_LT","og_type":"article","og_title":"Ambrosia Be gr\u016bd\u0173 maistas senjorams su kalakutu ir la\u0161i\u0161a 12 kg - MiuMjau","og_description":"Ambrosia Fresh Turkey &amp; Salmon \u2013 subalansuotas receptas vyresniems, sterilizuotiems ir antsvorio turintiems \u0161unims! \u0160vie\u017eia kalakuto fil\u0117 ir la\u0161i\u0161a suteikia kokybi\u0161k\u0105, lengvai vir\u0161kinam\u0105 baltym\u0105, o optimizuotas riebal\u0173 kiekis ir ma\u017eas kalorij\u0173 lygis padeda palaikyti sveik\u0105 svor\u012f. Receptas praturtintas prebiotikais ir probiotikais, kurie palaiko vir\u0161kinim\u0105 ir stiprina imunitet\u0105. Chondroitinas ir gliukozaminas saugo s\u0105narius, o L-karnitinas ir taurinas palaiko \u0161irdies, raumen\u0173 sveikat\u0105 ir metabolizm\u0105. Speciali formul\u0117 vyresniems \u0161unims \u2013 sveikata kiekviename k\u0105snyje!\ud83d\udc1f Lengvai vir\u0161kinama \u017euvis \u2013 ideali jautriems skrand\u017eiams\ud83e\uddb4 Gliukozaminas &amp; chondroitinas \u2013 s\u0105nari\u0173 palaikymui senstant\ud83d\udcaa L-karnitinas \u2013 padeda palaikyti raumen\u0173 mas\u0119 ir metabolizm\u0105\ud83e\udda0 Prebiotikai &amp; probiotikai \u2013 papildoma parama vir\u0161kinimui ir imuninei sistemai Nat\u016bral\u016bs supermaistai sveikatai!\ud83e\udd66 Brokoliai \u2013 prie\u0161u\u017edegiminiai, palaiko akis ir \u0161ird\u012f\ud83e\udd6c \u0160pinatai \u2013 antioksidant\u0173 \u0161altinis, palaiko kraujosp\u016bd\u017eio balans\u0105\ud83c\udf45 Pomidorai \u2013 vitamin\u0173 \u0161altinis, stiprina imunitet\u0105\ud83c\udf52 Spanguol\u0117s \u2013 palaiko \u0161lapimo tak\u0173 ir \u0161irdies sveikat\u0105\ud83e\uded0 M\u0117lyn\u0117s \u2013 stiprina kaulus ir palaiko protin\u0119 a\u0161trum\u0105 Sud\u0117tis:Pauk\u0161tiena (30 %, i\u0161 j\u0173 \u0161vie\u017eia be kaul\u0173 kalakuto m\u0117sa 15 %, d\u017eiovinta vi\u0161tienos baltym\u0173 15 %), bulv\u0117s, \u017ealieji \u017eirniai, dalinti \u017eirniai, hidrolizuoti gyv\u016bniniai baltymai (9 %), gyv\u016bniniai riebalai (6 %), d\u017eiovinti la\u0161i\u0161os baltymai (4 %), runkeli\u0173 mas\u0117, lin\u0173 s\u0117menys, cikorija (nat\u016bralus FOS ir inulino \u0161altinis), mineralai, alaus miel\u0117s, mieli\u0173 ekstraktas (MOS &amp; beta gliukanai), gliukozamino hidrokloridas (300 mg\/kg), chondroitino sulfatas (300 mg\/kg), d\u017eiovinti brokoliai, \u0161pinatai, pomidorai, spanguol\u0117s, m\u0117lyn\u0117s, augal\u0173 ekstraktai (rozmarinas, vynuogi\u0173 s\u0117klos, ciber\u017eol\u0117, citrusai, gvazdik\u0117liai). Papildai (kg):Vitaminas A \u2013 14 000 IU, Vitaminas D3 \u2013 1 000 IU, Vitaminas E \u2013 150 mg, Taurinas \u2013 1 500 mg, L-karnitinas \u2013 50 mg Analitin\u0117 sud\u0117tis:\u017dali baltymai 27 %, \u017dali riebalai 12,5 %, Omega-3 riebal\u0173 r\u016bg\u0161tys 0,4 %, Omega-6 riebal\u0173 r\u016bg\u0161tys 1,7 %, \u017dali skaidulos 3 %, Pelenai 6,5 %, Dr\u0117gm\u0117 9 %, Kalcis 1 %, Fosforas 0,7 % Metabolizuojama energija: 3 240 kcal\/kg \ud83d\udc99 Ambrosia Fresh Turkey &amp; Salmon \u2013 idealus ir sveikas pasirinkimas j\u016bs\u0173 \u0161uns auksiniams metams!","og_url":"https:\/\/miumjau.ee\/lt\/produktas\/ambrosia-be-grudu-maistas-senjorams-su-kalakutu-ir-lasisa-12-kg\/","og_site_name":"MiuMjau","article_publisher":"https:\/\/www.facebook.com\/miumjaupood\/","article_modified_time":"2026-01-07T18:41:01+00:00","og_image":[{"width":600,"height":800,"url":"https:\/\/miumjau.ee\/wp-content\/uploads\/2025\/04\/ambrosia-senior-turkey-salmon1-Photoroom.webp","type":"image\/webp"}],"twitter_card":"summary_large_image","schema":{"@context":"https:\/\/schema.org","@graph":[{"@type":"WebPage","@id":"https:\/\/miumjau.ee\/lt\/produktas\/ambrosia-be-grudu-maistas-senjorams-su-kalakutu-ir-lasisa-12-kg\/","url":"https:\/\/miumjau.ee\/lt\/produktas\/ambrosia-be-grudu-maistas-senjorams-su-kalakutu-ir-lasisa-12-kg\/","name":"Ambrosia Be gr\u016bd\u0173 maistas senjorams su kalakutu ir la\u0161i\u0161a 12 kg - MiuMjau","isPartOf":{"@id":"https:\/\/miumjau.ee\/#website"},"primaryImageOfPage":{"@id":"https:\/\/miumjau.ee\/lt\/produktas\/ambrosia-be-grudu-maistas-senjorams-su-kalakutu-ir-lasisa-12-kg\/#primaryimage"},"image":{"@id":"https:\/\/miumjau.ee\/lt\/produktas\/ambrosia-be-grudu-maistas-senjorams-su-kalakutu-ir-lasisa-12-kg\/#primaryimage"},"thumbnailUrl":"https:\/\/miumjau.ee\/wp-content\/uploads\/2025\/04\/ambrosia-senior-turkey-salmon1-Photoroom.webp","datePublished":"2025-04-07T10:48:47+00:00","dateModified":"2026-01-07T18:41:01+00:00","breadcrumb":{"@id":"https:\/\/miumjau.ee\/lt\/produktas\/ambrosia-be-grudu-maistas-senjorams-su-kalakutu-ir-lasisa-12-kg\/#breadcrumb"},"inLanguage":"lt-LT","potentialAction":[{"@type":"ReadAction","target":["https:\/\/miumjau.ee\/lt\/produktas\/ambrosia-be-grudu-maistas-senjorams-su-kalakutu-ir-lasisa-12-kg\/"]}]},{"@type":"ImageObject","inLanguage":"lt-LT","@id":"https:\/\/miumjau.ee\/lt\/produktas\/ambrosia-be-grudu-maistas-senjorams-su-kalakutu-ir-lasisa-12-kg\/#primaryimage","url":"https:\/\/miumjau.ee\/wp-content\/uploads\/2025\/04\/ambrosia-senior-turkey-salmon1-Photoroom.webp","contentUrl":"https:\/\/miumjau.ee\/wp-content\/uploads\/2025\/04\/ambrosia-senior-turkey-salmon1-Photoroom.webp","width":600,"height":800},{"@type":"BreadcrumbList","@id":"https:\/\/miumjau.ee\/lt\/produktas\/ambrosia-be-grudu-maistas-senjorams-su-kalakutu-ir-lasisa-12-kg\/#breadcrumb","itemListElement":[{"@type":"ListItem","position":1,"name":"Home","item":"https:\/\/miumjau.ee\/lt\/"},{"@type":"ListItem","position":2,"name":"Parduotuv\u0117","item":"https:\/\/miumjau.ee\/lt\/parduotuve\/"},{"@type":"ListItem","position":3,"name":"Ambrosia Be gr\u016bd\u0173 maistas senjorams su kalakutu ir la\u0161i\u0161a 12 kg"}]},{"@type":"WebSite","@id":"https:\/\/miumjau.ee\/#website","url":"https:\/\/miumjau.ee\/","name":"MiuMjau","description":"Kraapimispuud kassidele","publisher":{"@id":"https:\/\/miumjau.ee\/#organization"},"potentialAction":[{"@type":"SearchAction","target":{"@type":"EntryPoint","urlTemplate":"https:\/\/miumjau.ee\/?s={search_term_string}"},"query-input":{"@type":"PropertyValueSpecification","valueRequired":true,"valueName":"search_term_string"}}],"inLanguage":"lt-LT"},{"@type":"Organization","@id":"https:\/\/miumjau.ee\/#organization","name":"MiuMjau O\u00dc","url":"https:\/\/miumjau.ee\/","logo":{"@type":"ImageObject","inLanguage":"lt-LT","@id":"https:\/\/miumjau.ee\/#\/schema\/logo\/image\/","url":"https:\/\/miumjau.ee\/wp-content\/uploads\/2022\/04\/MiuMjau-logo-kollane.png","contentUrl":"https:\/\/miumjau.ee\/wp-content\/uploads\/2022\/04\/MiuMjau-logo-kollane.png","width":219,"height":100,"caption":"MiuMjau O\u00dc"},"image":{"@id":"https:\/\/miumjau.ee\/#\/schema\/logo\/image\/"},"sameAs":["https:\/\/www.facebook.com\/miumjaupood\/"]}]}},"_links":{"self":[{"href":"https:\/\/miumjau.ee\/lt\/wp-json\/wp\/v2\/product\/51082","targetHints":{"allow":["GET"]}}],"collection":[{"href":"https:\/\/miumjau.ee\/lt\/wp-json\/wp\/v2\/product"}],"about":[{"href":"https:\/\/miumjau.ee\/lt\/wp-json\/wp\/v2\/types\/product"}],"wp:featuredmedia":[{"embeddable":true,"href":"https:\/\/miumjau.ee\/lt\/wp-json\/wp\/v2\/media\/51083"}],"wp:attachment":[{"href":"https:\/\/miumjau.ee\/lt\/wp-json\/wp\/v2\/media?parent=51082"}],"wp:term":[{"taxonomy":"product_brand","embeddable":true,"href":"https:\/\/miumjau.ee\/lt\/wp-json\/wp\/v2\/product_brand?post=51082"},{"taxonomy":"product_cat","embeddable":true,"href":"https:\/\/miumjau.ee\/lt\/wp-json\/wp\/v2\/product_cat?post=51082"},{"taxonomy":"product_tag","embeddable":true,"href":"https:\/\/miumjau.ee\/lt\/wp-json\/wp\/v2\/product_tag?post=51082"}],"curies":[{"name":"wp","href":"https:\/\/api.w.org\/{rel}","templated":true}]}}