{"id":51075,"date":"2025-04-07T14:16:02","date_gmt":"2025-04-07T11:16:02","guid":{"rendered":"https:\/\/miumjau.ee\/toode\/ambrosia-be-grudu-sunu-maistas-su-kalakutu-ir-antis-2-kg\/"},"modified":"2026-01-07T20:41:01","modified_gmt":"2026-01-07T18:41:01","slug":"ambrosia-be-grudu-sunu-maistas-su-kalakutu-ir-antis-2-kg","status":"publish","type":"product","link":"https:\/\/miumjau.ee\/lt\/produktas\/ambrosia-be-grudu-sunu-maistas-su-kalakutu-ir-antis-2-kg\/","title":{"rendered":"Ambrosia Be gr\u016bd\u0173 \u0161un\u0173 maistas su kalakutu ir antis 2 kg"},"content":{"rendered":"","protected":false},"excerpt":{"rendered":"<p data-start=\"4809\" data-end=\"4925\"><strong data-start=\"4809\" data-end=\"4841\">Ambrosia Fresh Turkey &amp; Duck<\/strong> \u2013 pilnavertis maistas su dviem pauk\u0161tienos baltym\u0173 \u0161altiniais visoms \u0161un\u0173 veisl\u0117ms!<\/p>\n<p data-start=\"4927\" data-end=\"5269\">\u0160vie\u017eios kalakuto fil\u0117 ir d\u017eiovintos anties derinys suteikia auk\u0161tos kokyb\u0117s gyv\u016bnin\u012f baltym\u0105, puikiai tinkant\u012f kasdieniam \u0161\u0117rimui vis\u0173 dyd\u017ei\u0173 ir veisli\u0173 \u0161unims. Receptas praturtintas prebiotikais ir probiotikais vir\u0161kinimui ir imunitetui, gliukozaminu ir chondroitinu s\u0105nari\u0173 apsaugai, taurinu ir L-karnitinu \u0161irdies bei raumen\u0173 stiprinimui.<\/p>\n<p data-start=\"5271\" data-end=\"5330\"><strong data-start=\"5271\" data-end=\"5330\">Vidutinio dyd\u017eio granul\u0117s puikiai tinka visiems \u0161unims!<\/strong><\/p>\n<p data-start=\"5332\" data-end=\"5683\"><strong data-start=\"5332\" data-end=\"5414\">Dviej\u0173 pauk\u0161tienos r\u016b\u0161i\u0173 specialus receptas \u2013 pusiausvyra kiekviename k\u0105snyje!<\/strong><br data-start=\"5414\" data-end=\"5417\" \/>\ud83c\udf57 <strong data-start=\"5420\" data-end=\"5454\">Du kokybi\u0161ki baltym\u0173 \u0161altiniai<\/strong> \u2013 kalakutas ir antis<br data-start=\"5475\" data-end=\"5478\" \/>\ud83e\udda0 <strong data-start=\"5481\" data-end=\"5511\">Prebiotikai ir probiotikai<\/strong> \u2013 palaiko vir\u0161kinim\u0105 ir imunitet\u0105<br data-start=\"5545\" data-end=\"5548\" \/>\ud83e\uddb4 <strong data-start=\"5551\" data-end=\"5584\">Gliukozaminas &amp; chondroitinas<\/strong> \u2013 palaiko s\u0105nari\u0173 judrum\u0105<br data-start=\"5610\" data-end=\"5613\" \/>\ud83d\udc93 <strong data-start=\"5616\" data-end=\"5643\">Taurinas &amp; L-karnitinas<\/strong> \u2013 palaiko \u0161irdies ir raumen\u0173 funkcij\u0105<\/p>\n<p data-start=\"5685\" data-end=\"5963\"><strong data-start=\"5685\" data-end=\"5725\">Nat\u016bral\u016bs supermaistai \u0161uns gerovei!<\/strong><br data-start=\"5725\" data-end=\"5728\" \/>\ud83e\udd66 <strong data-start=\"5731\" data-end=\"5744\">Brokoliai<\/strong> \u2013 prie\u0161u\u017edegiminiai, saugo akis<br data-start=\"5776\" data-end=\"5779\" \/>\ud83e\udd6c <strong data-start=\"5782\" data-end=\"5794\">\u0160pinatai<\/strong> \u2013 antioksidant\u0173 \u0161altinis, palaiko kraujosp\u016bd\u017eio balans\u0105<br data-start=\"5850\" data-end=\"5853\" \/>\ud83c\udf52 <strong data-start=\"5856\" data-end=\"5870\">Spanguol\u0117s<\/strong> \u2013 stiprina \u0161ird\u012f ir vir\u0161kinim\u0105<br data-start=\"5901\" data-end=\"5904\" \/>\ud83e\uded0 <strong data-start=\"5907\" data-end=\"5918\">M\u0117lyn\u0117s<\/strong> \u2013 palaiko smegen\u0173 darb\u0105 ir stiprina kaulus<\/p>\n<p data-start=\"5965\" data-end=\"6608\"><strong data-start=\"5965\" data-end=\"5977\">Sud\u0117tis:<\/strong><br data-start=\"5977\" data-end=\"5980\" \/>Pauk\u0161tiena (35 %, i\u0161 j\u0173 \u0161vie\u017eia be kaul\u0173 kalakuto m\u0117sa 15 %, d\u017eiovinta pauk\u0161tiena 20 %), gyv\u016bniniai riebalai (pauk\u0161tiena, 13 %), \u017ealieji \u017eirniai (10 %), skaldyti \u017eirniai (10 %), bulvi\u0173 krakmolas, hidrolizuoti vi\u0161tienos baltymai (10 %), d\u017eiovinta antis (4 %), lin\u0173 s\u0117menys, d\u017eiovintas runkeli\u0173 mink\u0161timas, mineralai, cikorija (FOS ir inulino nat\u016bralus \u0161altinis), alaus miel\u0117s, la\u0161i\u0161\u0173 aliejus, MOS &amp; beta gliukanai, d\u017eiovinti brokoliai, \u0161pinatai, spanguol\u0117s, m\u0117lyn\u0117s, gliukozamino hidrokloridas (300 mg\/kg), chondroitino sulfatas (300 mg\/kg), augaliniai ekstraktai (rozmarinas, vynuogi\u0173 s\u0117klos, ciber\u017eol\u0117, citrusai, gvazdik\u0117liai).<\/p>\n<p data-start=\"6610\" data-end=\"6744\"><strong data-start=\"6610\" data-end=\"6628\">Papildai (kg):<\/strong><br data-start=\"6628\" data-end=\"6631\" \/>Vitaminas A \u2013 14 000 IU, Vitaminas D3 \u2013 1 350 IU, Vitaminas E \u2013 400 mg, Taurinas \u2013 1 000 mg, L-karnitinas \u2013 50 mg<\/p>\n<p data-start=\"6746\" data-end=\"6950\"><strong data-start=\"6746\" data-end=\"6768\">Analitin\u0117 sud\u0117tis:<\/strong><br data-start=\"6768\" data-end=\"6771\" \/>\u017dali baltymai 30 %, \u017dali riebalai 20 %, Omega-3 riebal\u0173 r\u016bg\u0161tys 0,8 %, Omega-6 riebal\u0173 r\u016bg\u0161tys 2,7 %, \u017dali skaidulos 2,5 %, Pelenai 7,5 %, Dr\u0117gm\u0117 9 %, Kalcis 1,5 %, Fosforas 0,9 %<\/p>\n<p data-start=\"6952\" data-end=\"6995\"><strong data-start=\"6952\" data-end=\"6981\">Metabolizuojama energija:<\/strong> 4 020 kcal\/kg<\/p>\n<p data-start=\"6997\" data-end=\"7106\" data-is-last-node=\"\" data-is-only-node=\"\">\ud83d\udc99 <strong data-start=\"7000\" data-end=\"7032\">Ambrosia Fresh Turkey &amp; Duck<\/strong> \u2013 be gr\u016bd\u0173, skanus ir maistingas pasirinkimas visiems suaugusiems \u0161unims!<\/p>\n","protected":false},"featured_media":51076,"template":"","meta":[],"product_brand":[],"product_cat":[538],"product_tag":[],"class_list":{"0":"post-51075","1":"product","2":"type-product","3":"status-publish","4":"has-post-thumbnail","6":"product_cat-sausas-maistas-sunims","8":"first","9":"outofstock","10":"taxable","11":"shipping-taxable","12":"purchasable","13":"product-type-simple"},"yoast_head":"<!-- This site is optimized with the Yoast SEO plugin v27.2 - https:\/\/yoast.com\/product\/yoast-seo-wordpress\/ -->\n<title>Ambrosia Be gr\u016bd\u0173 \u0161un\u0173 maistas su kalakutu ir antis 2 kg - MiuMjau<\/title>\n<meta name=\"robots\" content=\"index, follow, max-snippet:-1, max-image-preview:large, max-video-preview:-1\" \/>\n<link rel=\"canonical\" href=\"https:\/\/miumjau.ee\/lt\/produktas\/ambrosia-be-grudu-sunu-maistas-su-kalakutu-ir-antis-2-kg\/\" \/>\n<meta property=\"og:locale\" content=\"lt_LT\" \/>\n<meta property=\"og:type\" content=\"article\" \/>\n<meta property=\"og:title\" content=\"Ambrosia Be gr\u016bd\u0173 \u0161un\u0173 maistas su kalakutu ir antis 2 kg - MiuMjau\" \/>\n<meta property=\"og:description\" content=\"Ambrosia Fresh Turkey &amp; Duck \u2013 pilnavertis maistas su dviem pauk\u0161tienos baltym\u0173 \u0161altiniais visoms \u0161un\u0173 veisl\u0117ms! \u0160vie\u017eios kalakuto fil\u0117 ir d\u017eiovintos anties derinys suteikia auk\u0161tos kokyb\u0117s gyv\u016bnin\u012f baltym\u0105, puikiai tinkant\u012f kasdieniam \u0161\u0117rimui vis\u0173 dyd\u017ei\u0173 ir veisli\u0173 \u0161unims. Receptas praturtintas prebiotikais ir probiotikais vir\u0161kinimui ir imunitetui, gliukozaminu ir chondroitinu s\u0105nari\u0173 apsaugai, taurinu ir L-karnitinu \u0161irdies bei raumen\u0173 stiprinimui. Vidutinio dyd\u017eio granul\u0117s puikiai tinka visiems \u0161unims! Dviej\u0173 pauk\u0161tienos r\u016b\u0161i\u0173 specialus receptas \u2013 pusiausvyra kiekviename k\u0105snyje!\ud83c\udf57 Du kokybi\u0161ki baltym\u0173 \u0161altiniai \u2013 kalakutas ir antis\ud83e\udda0 Prebiotikai ir probiotikai \u2013 palaiko vir\u0161kinim\u0105 ir imunitet\u0105\ud83e\uddb4 Gliukozaminas &amp; chondroitinas \u2013 palaiko s\u0105nari\u0173 judrum\u0105\ud83d\udc93 Taurinas &amp; L-karnitinas \u2013 palaiko \u0161irdies ir raumen\u0173 funkcij\u0105 Nat\u016bral\u016bs supermaistai \u0161uns gerovei!\ud83e\udd66 Brokoliai \u2013 prie\u0161u\u017edegiminiai, saugo akis\ud83e\udd6c \u0160pinatai \u2013 antioksidant\u0173 \u0161altinis, palaiko kraujosp\u016bd\u017eio balans\u0105\ud83c\udf52 Spanguol\u0117s \u2013 stiprina \u0161ird\u012f ir vir\u0161kinim\u0105\ud83e\uded0 M\u0117lyn\u0117s \u2013 palaiko smegen\u0173 darb\u0105 ir stiprina kaulus Sud\u0117tis:Pauk\u0161tiena (35 %, i\u0161 j\u0173 \u0161vie\u017eia be kaul\u0173 kalakuto m\u0117sa 15 %, d\u017eiovinta pauk\u0161tiena 20 %), gyv\u016bniniai riebalai (pauk\u0161tiena, 13 %), \u017ealieji \u017eirniai (10 %), skaldyti \u017eirniai (10 %), bulvi\u0173 krakmolas, hidrolizuoti vi\u0161tienos baltymai (10 %), d\u017eiovinta antis (4 %), lin\u0173 s\u0117menys, d\u017eiovintas runkeli\u0173 mink\u0161timas, mineralai, cikorija (FOS ir inulino nat\u016bralus \u0161altinis), alaus miel\u0117s, la\u0161i\u0161\u0173 aliejus, MOS &amp; beta gliukanai, d\u017eiovinti brokoliai, \u0161pinatai, spanguol\u0117s, m\u0117lyn\u0117s, gliukozamino hidrokloridas (300 mg\/kg), chondroitino sulfatas (300 mg\/kg), augaliniai ekstraktai (rozmarinas, vynuogi\u0173 s\u0117klos, ciber\u017eol\u0117, citrusai, gvazdik\u0117liai). Papildai (kg):Vitaminas A \u2013 14 000 IU, Vitaminas D3 \u2013 1 350 IU, Vitaminas E \u2013 400 mg, Taurinas \u2013 1 000 mg, L-karnitinas \u2013 50 mg Analitin\u0117 sud\u0117tis:\u017dali baltymai 30 %, \u017dali riebalai 20 %, Omega-3 riebal\u0173 r\u016bg\u0161tys 0,8 %, Omega-6 riebal\u0173 r\u016bg\u0161tys 2,7 %, \u017dali skaidulos 2,5 %, Pelenai 7,5 %, Dr\u0117gm\u0117 9 %, Kalcis 1,5 %, Fosforas 0,9 % Metabolizuojama energija: 4 020 kcal\/kg \ud83d\udc99 Ambrosia Fresh Turkey &amp; Duck \u2013 be gr\u016bd\u0173, skanus ir maistingas pasirinkimas visiems suaugusiems \u0161unims!\" \/>\n<meta property=\"og:url\" content=\"https:\/\/miumjau.ee\/lt\/produktas\/ambrosia-be-grudu-sunu-maistas-su-kalakutu-ir-antis-2-kg\/\" \/>\n<meta property=\"og:site_name\" content=\"MiuMjau\" \/>\n<meta property=\"article:publisher\" content=\"https:\/\/www.facebook.com\/miumjaupood\/\" \/>\n<meta property=\"article:modified_time\" content=\"2026-01-07T18:41:01+00:00\" \/>\n<meta property=\"og:image\" content=\"https:\/\/miumjau.ee\/wp-content\/uploads\/2025\/04\/ambrosia-adult-turkey-duck-Photoroom.webp\" \/>\n\t<meta property=\"og:image:width\" content=\"600\" \/>\n\t<meta property=\"og:image:height\" content=\"800\" \/>\n\t<meta property=\"og:image:type\" content=\"image\/webp\" \/>\n<meta name=\"twitter:card\" content=\"summary_large_image\" \/>\n<script type=\"application\/ld+json\" class=\"yoast-schema-graph\">{\"@context\":\"https:\/\/schema.org\",\"@graph\":[{\"@type\":\"WebPage\",\"@id\":\"https:\/\/miumjau.ee\/lt\/produktas\/ambrosia-be-grudu-sunu-maistas-su-kalakutu-ir-antis-2-kg\/\",\"url\":\"https:\/\/miumjau.ee\/lt\/produktas\/ambrosia-be-grudu-sunu-maistas-su-kalakutu-ir-antis-2-kg\/\",\"name\":\"Ambrosia Be gr\u016bd\u0173 \u0161un\u0173 maistas su kalakutu ir antis 2 kg - MiuMjau\",\"isPartOf\":{\"@id\":\"https:\/\/miumjau.ee\/#website\"},\"primaryImageOfPage\":{\"@id\":\"https:\/\/miumjau.ee\/lt\/produktas\/ambrosia-be-grudu-sunu-maistas-su-kalakutu-ir-antis-2-kg\/#primaryimage\"},\"image\":{\"@id\":\"https:\/\/miumjau.ee\/lt\/produktas\/ambrosia-be-grudu-sunu-maistas-su-kalakutu-ir-antis-2-kg\/#primaryimage\"},\"thumbnailUrl\":\"https:\/\/miumjau.ee\/wp-content\/uploads\/2025\/04\/ambrosia-adult-turkey-duck-Photoroom.webp\",\"datePublished\":\"2025-04-07T11:16:02+00:00\",\"dateModified\":\"2026-01-07T18:41:01+00:00\",\"breadcrumb\":{\"@id\":\"https:\/\/miumjau.ee\/lt\/produktas\/ambrosia-be-grudu-sunu-maistas-su-kalakutu-ir-antis-2-kg\/#breadcrumb\"},\"inLanguage\":\"lt-LT\",\"potentialAction\":[{\"@type\":\"ReadAction\",\"target\":[\"https:\/\/miumjau.ee\/lt\/produktas\/ambrosia-be-grudu-sunu-maistas-su-kalakutu-ir-antis-2-kg\/\"]}]},{\"@type\":\"ImageObject\",\"inLanguage\":\"lt-LT\",\"@id\":\"https:\/\/miumjau.ee\/lt\/produktas\/ambrosia-be-grudu-sunu-maistas-su-kalakutu-ir-antis-2-kg\/#primaryimage\",\"url\":\"https:\/\/miumjau.ee\/wp-content\/uploads\/2025\/04\/ambrosia-adult-turkey-duck-Photoroom.webp\",\"contentUrl\":\"https:\/\/miumjau.ee\/wp-content\/uploads\/2025\/04\/ambrosia-adult-turkey-duck-Photoroom.webp\",\"width\":600,\"height\":800},{\"@type\":\"BreadcrumbList\",\"@id\":\"https:\/\/miumjau.ee\/lt\/produktas\/ambrosia-be-grudu-sunu-maistas-su-kalakutu-ir-antis-2-kg\/#breadcrumb\",\"itemListElement\":[{\"@type\":\"ListItem\",\"position\":1,\"name\":\"Home\",\"item\":\"https:\/\/miumjau.ee\/lt\/\"},{\"@type\":\"ListItem\",\"position\":2,\"name\":\"Parduotuv\u0117\",\"item\":\"https:\/\/miumjau.ee\/lt\/parduotuve\/\"},{\"@type\":\"ListItem\",\"position\":3,\"name\":\"Ambrosia Be gr\u016bd\u0173 \u0161un\u0173 maistas su kalakutu ir antis 2 kg\"}]},{\"@type\":\"WebSite\",\"@id\":\"https:\/\/miumjau.ee\/#website\",\"url\":\"https:\/\/miumjau.ee\/\",\"name\":\"MiuMjau\",\"description\":\"Kraapimispuud kassidele\",\"publisher\":{\"@id\":\"https:\/\/miumjau.ee\/#organization\"},\"potentialAction\":[{\"@type\":\"SearchAction\",\"target\":{\"@type\":\"EntryPoint\",\"urlTemplate\":\"https:\/\/miumjau.ee\/?s={search_term_string}\"},\"query-input\":{\"@type\":\"PropertyValueSpecification\",\"valueRequired\":true,\"valueName\":\"search_term_string\"}}],\"inLanguage\":\"lt-LT\"},{\"@type\":\"Organization\",\"@id\":\"https:\/\/miumjau.ee\/#organization\",\"name\":\"MiuMjau O\u00dc\",\"url\":\"https:\/\/miumjau.ee\/\",\"logo\":{\"@type\":\"ImageObject\",\"inLanguage\":\"lt-LT\",\"@id\":\"https:\/\/miumjau.ee\/#\/schema\/logo\/image\/\",\"url\":\"https:\/\/miumjau.ee\/wp-content\/uploads\/2022\/04\/MiuMjau-logo-kollane.png\",\"contentUrl\":\"https:\/\/miumjau.ee\/wp-content\/uploads\/2022\/04\/MiuMjau-logo-kollane.png\",\"width\":219,\"height\":100,\"caption\":\"MiuMjau O\u00dc\"},\"image\":{\"@id\":\"https:\/\/miumjau.ee\/#\/schema\/logo\/image\/\"},\"sameAs\":[\"https:\/\/www.facebook.com\/miumjaupood\/\"]}]}<\/script>\n<!-- \/ Yoast SEO plugin. -->","yoast_head_json":{"title":"Ambrosia Be gr\u016bd\u0173 \u0161un\u0173 maistas su kalakutu ir antis 2 kg - MiuMjau","robots":{"index":"index","follow":"follow","max-snippet":"max-snippet:-1","max-image-preview":"max-image-preview:large","max-video-preview":"max-video-preview:-1"},"canonical":"https:\/\/miumjau.ee\/lt\/produktas\/ambrosia-be-grudu-sunu-maistas-su-kalakutu-ir-antis-2-kg\/","og_locale":"lt_LT","og_type":"article","og_title":"Ambrosia Be gr\u016bd\u0173 \u0161un\u0173 maistas su kalakutu ir antis 2 kg - MiuMjau","og_description":"Ambrosia Fresh Turkey &amp; Duck \u2013 pilnavertis maistas su dviem pauk\u0161tienos baltym\u0173 \u0161altiniais visoms \u0161un\u0173 veisl\u0117ms! \u0160vie\u017eios kalakuto fil\u0117 ir d\u017eiovintos anties derinys suteikia auk\u0161tos kokyb\u0117s gyv\u016bnin\u012f baltym\u0105, puikiai tinkant\u012f kasdieniam \u0161\u0117rimui vis\u0173 dyd\u017ei\u0173 ir veisli\u0173 \u0161unims. Receptas praturtintas prebiotikais ir probiotikais vir\u0161kinimui ir imunitetui, gliukozaminu ir chondroitinu s\u0105nari\u0173 apsaugai, taurinu ir L-karnitinu \u0161irdies bei raumen\u0173 stiprinimui. Vidutinio dyd\u017eio granul\u0117s puikiai tinka visiems \u0161unims! Dviej\u0173 pauk\u0161tienos r\u016b\u0161i\u0173 specialus receptas \u2013 pusiausvyra kiekviename k\u0105snyje!\ud83c\udf57 Du kokybi\u0161ki baltym\u0173 \u0161altiniai \u2013 kalakutas ir antis\ud83e\udda0 Prebiotikai ir probiotikai \u2013 palaiko vir\u0161kinim\u0105 ir imunitet\u0105\ud83e\uddb4 Gliukozaminas &amp; chondroitinas \u2013 palaiko s\u0105nari\u0173 judrum\u0105\ud83d\udc93 Taurinas &amp; L-karnitinas \u2013 palaiko \u0161irdies ir raumen\u0173 funkcij\u0105 Nat\u016bral\u016bs supermaistai \u0161uns gerovei!\ud83e\udd66 Brokoliai \u2013 prie\u0161u\u017edegiminiai, saugo akis\ud83e\udd6c \u0160pinatai \u2013 antioksidant\u0173 \u0161altinis, palaiko kraujosp\u016bd\u017eio balans\u0105\ud83c\udf52 Spanguol\u0117s \u2013 stiprina \u0161ird\u012f ir vir\u0161kinim\u0105\ud83e\uded0 M\u0117lyn\u0117s \u2013 palaiko smegen\u0173 darb\u0105 ir stiprina kaulus Sud\u0117tis:Pauk\u0161tiena (35 %, i\u0161 j\u0173 \u0161vie\u017eia be kaul\u0173 kalakuto m\u0117sa 15 %, d\u017eiovinta pauk\u0161tiena 20 %), gyv\u016bniniai riebalai (pauk\u0161tiena, 13 %), \u017ealieji \u017eirniai (10 %), skaldyti \u017eirniai (10 %), bulvi\u0173 krakmolas, hidrolizuoti vi\u0161tienos baltymai (10 %), d\u017eiovinta antis (4 %), lin\u0173 s\u0117menys, d\u017eiovintas runkeli\u0173 mink\u0161timas, mineralai, cikorija (FOS ir inulino nat\u016bralus \u0161altinis), alaus miel\u0117s, la\u0161i\u0161\u0173 aliejus, MOS &amp; beta gliukanai, d\u017eiovinti brokoliai, \u0161pinatai, spanguol\u0117s, m\u0117lyn\u0117s, gliukozamino hidrokloridas (300 mg\/kg), chondroitino sulfatas (300 mg\/kg), augaliniai ekstraktai (rozmarinas, vynuogi\u0173 s\u0117klos, ciber\u017eol\u0117, citrusai, gvazdik\u0117liai). Papildai (kg):Vitaminas A \u2013 14 000 IU, Vitaminas D3 \u2013 1 350 IU, Vitaminas E \u2013 400 mg, Taurinas \u2013 1 000 mg, L-karnitinas \u2013 50 mg Analitin\u0117 sud\u0117tis:\u017dali baltymai 30 %, \u017dali riebalai 20 %, Omega-3 riebal\u0173 r\u016bg\u0161tys 0,8 %, Omega-6 riebal\u0173 r\u016bg\u0161tys 2,7 %, \u017dali skaidulos 2,5 %, Pelenai 7,5 %, Dr\u0117gm\u0117 9 %, Kalcis 1,5 %, Fosforas 0,9 % Metabolizuojama energija: 4 020 kcal\/kg \ud83d\udc99 Ambrosia Fresh Turkey &amp; Duck \u2013 be gr\u016bd\u0173, skanus ir maistingas pasirinkimas visiems suaugusiems \u0161unims!","og_url":"https:\/\/miumjau.ee\/lt\/produktas\/ambrosia-be-grudu-sunu-maistas-su-kalakutu-ir-antis-2-kg\/","og_site_name":"MiuMjau","article_publisher":"https:\/\/www.facebook.com\/miumjaupood\/","article_modified_time":"2026-01-07T18:41:01+00:00","og_image":[{"width":600,"height":800,"url":"https:\/\/miumjau.ee\/wp-content\/uploads\/2025\/04\/ambrosia-adult-turkey-duck-Photoroom.webp","type":"image\/webp"}],"twitter_card":"summary_large_image","schema":{"@context":"https:\/\/schema.org","@graph":[{"@type":"WebPage","@id":"https:\/\/miumjau.ee\/lt\/produktas\/ambrosia-be-grudu-sunu-maistas-su-kalakutu-ir-antis-2-kg\/","url":"https:\/\/miumjau.ee\/lt\/produktas\/ambrosia-be-grudu-sunu-maistas-su-kalakutu-ir-antis-2-kg\/","name":"Ambrosia Be gr\u016bd\u0173 \u0161un\u0173 maistas su kalakutu ir antis 2 kg - MiuMjau","isPartOf":{"@id":"https:\/\/miumjau.ee\/#website"},"primaryImageOfPage":{"@id":"https:\/\/miumjau.ee\/lt\/produktas\/ambrosia-be-grudu-sunu-maistas-su-kalakutu-ir-antis-2-kg\/#primaryimage"},"image":{"@id":"https:\/\/miumjau.ee\/lt\/produktas\/ambrosia-be-grudu-sunu-maistas-su-kalakutu-ir-antis-2-kg\/#primaryimage"},"thumbnailUrl":"https:\/\/miumjau.ee\/wp-content\/uploads\/2025\/04\/ambrosia-adult-turkey-duck-Photoroom.webp","datePublished":"2025-04-07T11:16:02+00:00","dateModified":"2026-01-07T18:41:01+00:00","breadcrumb":{"@id":"https:\/\/miumjau.ee\/lt\/produktas\/ambrosia-be-grudu-sunu-maistas-su-kalakutu-ir-antis-2-kg\/#breadcrumb"},"inLanguage":"lt-LT","potentialAction":[{"@type":"ReadAction","target":["https:\/\/miumjau.ee\/lt\/produktas\/ambrosia-be-grudu-sunu-maistas-su-kalakutu-ir-antis-2-kg\/"]}]},{"@type":"ImageObject","inLanguage":"lt-LT","@id":"https:\/\/miumjau.ee\/lt\/produktas\/ambrosia-be-grudu-sunu-maistas-su-kalakutu-ir-antis-2-kg\/#primaryimage","url":"https:\/\/miumjau.ee\/wp-content\/uploads\/2025\/04\/ambrosia-adult-turkey-duck-Photoroom.webp","contentUrl":"https:\/\/miumjau.ee\/wp-content\/uploads\/2025\/04\/ambrosia-adult-turkey-duck-Photoroom.webp","width":600,"height":800},{"@type":"BreadcrumbList","@id":"https:\/\/miumjau.ee\/lt\/produktas\/ambrosia-be-grudu-sunu-maistas-su-kalakutu-ir-antis-2-kg\/#breadcrumb","itemListElement":[{"@type":"ListItem","position":1,"name":"Home","item":"https:\/\/miumjau.ee\/lt\/"},{"@type":"ListItem","position":2,"name":"Parduotuv\u0117","item":"https:\/\/miumjau.ee\/lt\/parduotuve\/"},{"@type":"ListItem","position":3,"name":"Ambrosia Be gr\u016bd\u0173 \u0161un\u0173 maistas su kalakutu ir antis 2 kg"}]},{"@type":"WebSite","@id":"https:\/\/miumjau.ee\/#website","url":"https:\/\/miumjau.ee\/","name":"MiuMjau","description":"Kraapimispuud kassidele","publisher":{"@id":"https:\/\/miumjau.ee\/#organization"},"potentialAction":[{"@type":"SearchAction","target":{"@type":"EntryPoint","urlTemplate":"https:\/\/miumjau.ee\/?s={search_term_string}"},"query-input":{"@type":"PropertyValueSpecification","valueRequired":true,"valueName":"search_term_string"}}],"inLanguage":"lt-LT"},{"@type":"Organization","@id":"https:\/\/miumjau.ee\/#organization","name":"MiuMjau O\u00dc","url":"https:\/\/miumjau.ee\/","logo":{"@type":"ImageObject","inLanguage":"lt-LT","@id":"https:\/\/miumjau.ee\/#\/schema\/logo\/image\/","url":"https:\/\/miumjau.ee\/wp-content\/uploads\/2022\/04\/MiuMjau-logo-kollane.png","contentUrl":"https:\/\/miumjau.ee\/wp-content\/uploads\/2022\/04\/MiuMjau-logo-kollane.png","width":219,"height":100,"caption":"MiuMjau O\u00dc"},"image":{"@id":"https:\/\/miumjau.ee\/#\/schema\/logo\/image\/"},"sameAs":["https:\/\/www.facebook.com\/miumjaupood\/"]}]}},"_links":{"self":[{"href":"https:\/\/miumjau.ee\/lt\/wp-json\/wp\/v2\/product\/51075","targetHints":{"allow":["GET"]}}],"collection":[{"href":"https:\/\/miumjau.ee\/lt\/wp-json\/wp\/v2\/product"}],"about":[{"href":"https:\/\/miumjau.ee\/lt\/wp-json\/wp\/v2\/types\/product"}],"wp:featuredmedia":[{"embeddable":true,"href":"https:\/\/miumjau.ee\/lt\/wp-json\/wp\/v2\/media\/51076"}],"wp:attachment":[{"href":"https:\/\/miumjau.ee\/lt\/wp-json\/wp\/v2\/media?parent=51075"}],"wp:term":[{"taxonomy":"product_brand","embeddable":true,"href":"https:\/\/miumjau.ee\/lt\/wp-json\/wp\/v2\/product_brand?post=51075"},{"taxonomy":"product_cat","embeddable":true,"href":"https:\/\/miumjau.ee\/lt\/wp-json\/wp\/v2\/product_cat?post=51075"},{"taxonomy":"product_tag","embeddable":true,"href":"https:\/\/miumjau.ee\/lt\/wp-json\/wp\/v2\/product_tag?post=51075"}],"curies":[{"name":"wp","href":"https:\/\/api.w.org\/{rel}","templated":true}]}}