{"id":51068,"date":"2025-04-07T14:20:05","date_gmt":"2025-04-07T11:20:05","guid":{"rendered":"https:\/\/miumjau.ee\/toode\/ambrosia-be-grudu-sunu-maistas-su-elniena-ir-aviena-12-kg\/"},"modified":"2026-01-07T20:41:01","modified_gmt":"2026-01-07T18:41:01","slug":"ambrosia-be-grudu-sunu-maistas-su-elniena-ir-aviena-12-kg","status":"publish","type":"product","link":"https:\/\/miumjau.ee\/lt\/produktas\/ambrosia-be-grudu-sunu-maistas-su-elniena-ir-aviena-12-kg\/","title":{"rendered":"Ambrosia Be gr\u016bd\u0173 \u0161un\u0173 maistas su elniena ir aviena 12 kg"},"content":{"rendered":"","protected":false},"excerpt":{"rendered":"<p data-start=\"5038\" data-end=\"5142\"><strong data-start=\"5038\" data-end=\"5071\">Ambrosia Fresh Venison &amp; Lamb<\/strong> \u2013 gausus baltym\u0173 \u0161altinis i\u0161 elnienos ir avienos visoms \u0161un\u0173 veisl\u0117ms!<\/p>\n<p data-start=\"5144\" data-end=\"5468\">\u0160vie\u017eia elniena ir aviena suteikia auk\u0161t\u0105 baltym\u0173 kiek\u012f ir subtil\u0173 skon\u012f, tinkant\u012f vis\u0173 dyd\u017ei\u0173 ir veisli\u0173 \u0161unims. Maistas praturtintas prebiotikais ir probiotikais, kurie palaiko vir\u0161kinim\u0105 ir stiprina imunitet\u0105. Gliukozaminas ir chondroitinas saugo s\u0105narius, o taurinas bei L-karnitinas palaiko \u0161irdies ir raumen\u0173 sveikat\u0105.<\/p>\n<p data-start=\"5470\" data-end=\"5529\"><strong data-start=\"5470\" data-end=\"5529\">Vidutinio dyd\u017eio granul\u0117s puikiai tinka visiems \u0161unims!<\/strong><\/p>\n<p data-start=\"5531\" data-end=\"5970\"><strong data-start=\"5531\" data-end=\"5610\">Dviej\u0173 ypating\u0173 m\u0117s\u0173 receptas \u2013 nat\u016brali pusiausvyra ir auk\u0161\u010diausia kokyb\u0117!<\/strong><br data-start=\"5610\" data-end=\"5613\" \/>\ud83e\udd8c <strong data-start=\"5616\" data-end=\"5627\">Elniena<\/strong> \u2013 vertingas ir lengvai vir\u0161kinamas baltym\u0173 \u0161altinis<br data-start=\"5679\" data-end=\"5682\" \/>\ud83d\udc11 <strong data-start=\"5685\" data-end=\"5695\">Aviena<\/strong> \u2013 skanus ir maistingas baltymas raumen\u0173 stiprinimui<br data-start=\"5747\" data-end=\"5750\" \/>\ud83e\uddb4 <strong data-start=\"5753\" data-end=\"5786\">Gliukozaminas &amp; chondroitinas<\/strong> \u2013 palaiko s\u0105nari\u0173 judrum\u0105<br data-start=\"5812\" data-end=\"5815\" \/>\ud83e\udda0 <strong data-start=\"5818\" data-end=\"5848\">Prebiotikai ir probiotikai<\/strong> \u2013 vir\u0161kinimui ir imuninei sistemai<br data-start=\"5883\" data-end=\"5886\" \/>\ud83d\udc93 <strong data-start=\"5889\" data-end=\"5916\">Taurinas &amp; L-karnitinas<\/strong> \u2013 \u0161irdies, raumen\u0173 ir med\u017eiag\u0173 apykaitos palaikymui<\/p>\n<p data-start=\"5972\" data-end=\"6326\"><strong data-start=\"5972\" data-end=\"6019\">Supermaistai, palaikantys \u0161uns gyvybingum\u0105!<\/strong><br data-start=\"6019\" data-end=\"6022\" \/>\ud83e\udd66 <strong data-start=\"6025\" data-end=\"6038\">Brokoliai<\/strong> \u2013 padeda u\u017ekirsti keli\u0105 u\u017edegimams ir palaiko reg\u0117jim\u0105<br data-start=\"6093\" data-end=\"6096\" \/>\ud83e\udd6c <strong data-start=\"6099\" data-end=\"6111\">\u0160pinatai<\/strong> \u2013 turtingi antioksidant\u0173, palaiko kraujosp\u016bd\u017eio balans\u0105<br data-start=\"6167\" data-end=\"6170\" \/>\ud83c\udf45 <strong data-start=\"6173\" data-end=\"6186\">Pomidorai<\/strong> \u2013 stiprina imunin\u0119 sistem\u0105<br data-start=\"6213\" data-end=\"6216\" \/>\ud83c\udf52 <strong data-start=\"6219\" data-end=\"6233\">Spanguol\u0117s<\/strong> \u2013 palaiko \u0161ird\u012f ir vir\u0161kinim\u0105<br data-start=\"6263\" data-end=\"6266\" \/>\ud83e\uded0 <strong data-start=\"6269\" data-end=\"6280\">M\u0117lyn\u0117s<\/strong> \u2013 palaiko protin\u0119 veikl\u0105 ir stiprina kaulus<\/p>\n<p data-start=\"6328\" data-end=\"7039\"><strong data-start=\"6328\" data-end=\"6340\">Sud\u0117tis:<\/strong><br data-start=\"6340\" data-end=\"6343\" \/>Aviena (20 %, i\u0161 j\u0173 \u0161vie\u017eia be kaul\u0173 aviena 10 %, d\u017eiovintas avienos baltymas 10 %), \u017ealieji \u017eirniai, skaldyti \u017eirniai, bulvi\u0173 dribsniai, d\u017eiovinti gyv\u016bniniai baltymai (11 %), \u0161vie\u017eia elniena (10 %), hidrolizuoti gyv\u016bniniai baltymai (10 %), gyv\u016bniniai riebalai (9,5 %), d\u017eiovintas runkeli\u0173 mink\u0161timas, lin\u0173 s\u0117menys, bulvi\u0173 baltymai, mineralai, mieli\u0173 ekstraktas (MOS ir beta gliukan\u0173 \u0161altinis), la\u0161i\u0161\u0173 aliejus, cikorija (FOS ir inulino nat\u016bralus \u0161altinis), alaus miel\u0117s, d\u017eiovinti brokoliai, \u0161pinatai, pomidorai, spanguol\u0117s, m\u0117lyn\u0117s, gliukozamino hidrokloridas (100 mg\/kg), chondroitino sulfatas (100 mg\/kg), augaliniai ekstraktai (rozmarinas, vynuogi\u0173 s\u0117klos, ciber\u017eol\u0117, citrusai, gvazdik\u0117liai).<\/p>\n<p data-start=\"7041\" data-end=\"7175\"><strong data-start=\"7041\" data-end=\"7059\">Papildai (kg):<\/strong><br data-start=\"7059\" data-end=\"7062\" \/>Vitaminas A \u2013 14 000 IU, Vitaminas D3 \u2013 1 350 IU, Vitaminas E \u2013 400 mg, Taurinas \u2013 1 000 mg, L-karnitinas \u2013 50 mg<\/p>\n<p data-start=\"7177\" data-end=\"7379\"><strong data-start=\"7177\" data-end=\"7199\">Analitin\u0117 sud\u0117tis:<\/strong><br data-start=\"7199\" data-end=\"7202\" \/>\u017dali baltymai 30 %, \u017dali riebalai 20 %, Omega-3 riebal\u0173 r\u016bg\u0161tys 0,6 %, Omega-6 riebal\u0173 r\u016bg\u0161tys 2,5 %, \u017dali skaidulos 3 %, Pelenai 8,5 %, Dr\u0117gm\u0117 9 %, Kalcis 1,8 %, Fosforas 1,2 %<\/p>\n<p data-start=\"7381\" data-end=\"7424\"><strong data-start=\"7381\" data-end=\"7410\">Metabolizuojama energija:<\/strong> 3 963 kcal\/kg<\/p>\n<p data-start=\"7426\" data-end=\"7552\" data-is-last-node=\"\" data-is-only-node=\"\">\ud83d\udc99 <strong data-start=\"7429\" data-end=\"7462\">Ambrosia Fresh Venison &amp; Lamb<\/strong> \u2013 maistingas, nat\u016bralus ir skanus pasirinkimas visiems \u0161unims, kurie nusipelno geriausio!<\/p>\n","protected":false},"featured_media":51069,"template":"","meta":[],"product_brand":[],"product_cat":[538],"product_tag":[],"class_list":{"0":"post-51068","1":"product","2":"type-product","3":"status-publish","4":"has-post-thumbnail","6":"product_cat-sausas-maistas-sunims","8":"first","9":"instock","10":"sale","11":"taxable","12":"shipping-taxable","13":"purchasable","14":"product-type-simple"},"yoast_head":"<!-- This site is optimized with the Yoast SEO plugin v27.2 - https:\/\/yoast.com\/product\/yoast-seo-wordpress\/ -->\n<title>Ambrosia Be gr\u016bd\u0173 \u0161un\u0173 maistas su elniena ir aviena 12 kg - MiuMjau<\/title>\n<meta name=\"robots\" content=\"index, follow, max-snippet:-1, max-image-preview:large, max-video-preview:-1\" \/>\n<link rel=\"canonical\" href=\"https:\/\/miumjau.ee\/lt\/produktas\/ambrosia-be-grudu-sunu-maistas-su-elniena-ir-aviena-12-kg\/\" \/>\n<meta property=\"og:locale\" content=\"lt_LT\" \/>\n<meta property=\"og:type\" content=\"article\" \/>\n<meta property=\"og:title\" content=\"Ambrosia Be gr\u016bd\u0173 \u0161un\u0173 maistas su elniena ir aviena 12 kg - MiuMjau\" \/>\n<meta property=\"og:description\" content=\"Ambrosia Fresh Venison &amp; Lamb \u2013 gausus baltym\u0173 \u0161altinis i\u0161 elnienos ir avienos visoms \u0161un\u0173 veisl\u0117ms! \u0160vie\u017eia elniena ir aviena suteikia auk\u0161t\u0105 baltym\u0173 kiek\u012f ir subtil\u0173 skon\u012f, tinkant\u012f vis\u0173 dyd\u017ei\u0173 ir veisli\u0173 \u0161unims. Maistas praturtintas prebiotikais ir probiotikais, kurie palaiko vir\u0161kinim\u0105 ir stiprina imunitet\u0105. Gliukozaminas ir chondroitinas saugo s\u0105narius, o taurinas bei L-karnitinas palaiko \u0161irdies ir raumen\u0173 sveikat\u0105. Vidutinio dyd\u017eio granul\u0117s puikiai tinka visiems \u0161unims! Dviej\u0173 ypating\u0173 m\u0117s\u0173 receptas \u2013 nat\u016brali pusiausvyra ir auk\u0161\u010diausia kokyb\u0117!\ud83e\udd8c Elniena \u2013 vertingas ir lengvai vir\u0161kinamas baltym\u0173 \u0161altinis\ud83d\udc11 Aviena \u2013 skanus ir maistingas baltymas raumen\u0173 stiprinimui\ud83e\uddb4 Gliukozaminas &amp; chondroitinas \u2013 palaiko s\u0105nari\u0173 judrum\u0105\ud83e\udda0 Prebiotikai ir probiotikai \u2013 vir\u0161kinimui ir imuninei sistemai\ud83d\udc93 Taurinas &amp; L-karnitinas \u2013 \u0161irdies, raumen\u0173 ir med\u017eiag\u0173 apykaitos palaikymui Supermaistai, palaikantys \u0161uns gyvybingum\u0105!\ud83e\udd66 Brokoliai \u2013 padeda u\u017ekirsti keli\u0105 u\u017edegimams ir palaiko reg\u0117jim\u0105\ud83e\udd6c \u0160pinatai \u2013 turtingi antioksidant\u0173, palaiko kraujosp\u016bd\u017eio balans\u0105\ud83c\udf45 Pomidorai \u2013 stiprina imunin\u0119 sistem\u0105\ud83c\udf52 Spanguol\u0117s \u2013 palaiko \u0161ird\u012f ir vir\u0161kinim\u0105\ud83e\uded0 M\u0117lyn\u0117s \u2013 palaiko protin\u0119 veikl\u0105 ir stiprina kaulus Sud\u0117tis:Aviena (20 %, i\u0161 j\u0173 \u0161vie\u017eia be kaul\u0173 aviena 10 %, d\u017eiovintas avienos baltymas 10 %), \u017ealieji \u017eirniai, skaldyti \u017eirniai, bulvi\u0173 dribsniai, d\u017eiovinti gyv\u016bniniai baltymai (11 %), \u0161vie\u017eia elniena (10 %), hidrolizuoti gyv\u016bniniai baltymai (10 %), gyv\u016bniniai riebalai (9,5 %), d\u017eiovintas runkeli\u0173 mink\u0161timas, lin\u0173 s\u0117menys, bulvi\u0173 baltymai, mineralai, mieli\u0173 ekstraktas (MOS ir beta gliukan\u0173 \u0161altinis), la\u0161i\u0161\u0173 aliejus, cikorija (FOS ir inulino nat\u016bralus \u0161altinis), alaus miel\u0117s, d\u017eiovinti brokoliai, \u0161pinatai, pomidorai, spanguol\u0117s, m\u0117lyn\u0117s, gliukozamino hidrokloridas (100 mg\/kg), chondroitino sulfatas (100 mg\/kg), augaliniai ekstraktai (rozmarinas, vynuogi\u0173 s\u0117klos, ciber\u017eol\u0117, citrusai, gvazdik\u0117liai). Papildai (kg):Vitaminas A \u2013 14 000 IU, Vitaminas D3 \u2013 1 350 IU, Vitaminas E \u2013 400 mg, Taurinas \u2013 1 000 mg, L-karnitinas \u2013 50 mg Analitin\u0117 sud\u0117tis:\u017dali baltymai 30 %, \u017dali riebalai 20 %, Omega-3 riebal\u0173 r\u016bg\u0161tys 0,6 %, Omega-6 riebal\u0173 r\u016bg\u0161tys 2,5 %, \u017dali skaidulos 3 %, Pelenai 8,5 %, Dr\u0117gm\u0117 9 %, Kalcis 1,8 %, Fosforas 1,2 % Metabolizuojama energija: 3 963 kcal\/kg \ud83d\udc99 Ambrosia Fresh Venison &amp; Lamb \u2013 maistingas, nat\u016bralus ir skanus pasirinkimas visiems \u0161unims, kurie nusipelno geriausio!\" \/>\n<meta property=\"og:url\" content=\"https:\/\/miumjau.ee\/lt\/produktas\/ambrosia-be-grudu-sunu-maistas-su-elniena-ir-aviena-12-kg\/\" \/>\n<meta property=\"og:site_name\" content=\"MiuMjau\" \/>\n<meta property=\"article:publisher\" content=\"https:\/\/www.facebook.com\/miumjaupood\/\" \/>\n<meta property=\"article:modified_time\" content=\"2026-01-07T18:41:01+00:00\" \/>\n<meta property=\"og:image\" content=\"https:\/\/miumjau.ee\/wp-content\/uploads\/2025\/04\/ambrosia-venison-lamb-Photoroom.webp\" \/>\n\t<meta property=\"og:image:width\" content=\"600\" \/>\n\t<meta property=\"og:image:height\" content=\"800\" \/>\n\t<meta property=\"og:image:type\" content=\"image\/webp\" \/>\n<meta name=\"twitter:card\" content=\"summary_large_image\" \/>\n<script type=\"application\/ld+json\" class=\"yoast-schema-graph\">{\"@context\":\"https:\/\/schema.org\",\"@graph\":[{\"@type\":\"WebPage\",\"@id\":\"https:\/\/miumjau.ee\/lt\/produktas\/ambrosia-be-grudu-sunu-maistas-su-elniena-ir-aviena-12-kg\/\",\"url\":\"https:\/\/miumjau.ee\/lt\/produktas\/ambrosia-be-grudu-sunu-maistas-su-elniena-ir-aviena-12-kg\/\",\"name\":\"Ambrosia Be gr\u016bd\u0173 \u0161un\u0173 maistas su elniena ir aviena 12 kg - MiuMjau\",\"isPartOf\":{\"@id\":\"https:\/\/miumjau.ee\/#website\"},\"primaryImageOfPage\":{\"@id\":\"https:\/\/miumjau.ee\/lt\/produktas\/ambrosia-be-grudu-sunu-maistas-su-elniena-ir-aviena-12-kg\/#primaryimage\"},\"image\":{\"@id\":\"https:\/\/miumjau.ee\/lt\/produktas\/ambrosia-be-grudu-sunu-maistas-su-elniena-ir-aviena-12-kg\/#primaryimage\"},\"thumbnailUrl\":\"https:\/\/miumjau.ee\/wp-content\/uploads\/2025\/04\/ambrosia-venison-lamb-Photoroom.webp\",\"datePublished\":\"2025-04-07T11:20:05+00:00\",\"dateModified\":\"2026-01-07T18:41:01+00:00\",\"breadcrumb\":{\"@id\":\"https:\/\/miumjau.ee\/lt\/produktas\/ambrosia-be-grudu-sunu-maistas-su-elniena-ir-aviena-12-kg\/#breadcrumb\"},\"inLanguage\":\"lt-LT\",\"potentialAction\":[{\"@type\":\"ReadAction\",\"target\":[\"https:\/\/miumjau.ee\/lt\/produktas\/ambrosia-be-grudu-sunu-maistas-su-elniena-ir-aviena-12-kg\/\"]}]},{\"@type\":\"ImageObject\",\"inLanguage\":\"lt-LT\",\"@id\":\"https:\/\/miumjau.ee\/lt\/produktas\/ambrosia-be-grudu-sunu-maistas-su-elniena-ir-aviena-12-kg\/#primaryimage\",\"url\":\"https:\/\/miumjau.ee\/wp-content\/uploads\/2025\/04\/ambrosia-venison-lamb-Photoroom.webp\",\"contentUrl\":\"https:\/\/miumjau.ee\/wp-content\/uploads\/2025\/04\/ambrosia-venison-lamb-Photoroom.webp\",\"width\":600,\"height\":800},{\"@type\":\"BreadcrumbList\",\"@id\":\"https:\/\/miumjau.ee\/lt\/produktas\/ambrosia-be-grudu-sunu-maistas-su-elniena-ir-aviena-12-kg\/#breadcrumb\",\"itemListElement\":[{\"@type\":\"ListItem\",\"position\":1,\"name\":\"Home\",\"item\":\"https:\/\/miumjau.ee\/lt\/\"},{\"@type\":\"ListItem\",\"position\":2,\"name\":\"Parduotuv\u0117\",\"item\":\"https:\/\/miumjau.ee\/lt\/parduotuve\/\"},{\"@type\":\"ListItem\",\"position\":3,\"name\":\"Ambrosia Be gr\u016bd\u0173 \u0161un\u0173 maistas su elniena ir aviena 12 kg\"}]},{\"@type\":\"WebSite\",\"@id\":\"https:\/\/miumjau.ee\/#website\",\"url\":\"https:\/\/miumjau.ee\/\",\"name\":\"MiuMjau\",\"description\":\"Kraapimispuud kassidele\",\"publisher\":{\"@id\":\"https:\/\/miumjau.ee\/#organization\"},\"potentialAction\":[{\"@type\":\"SearchAction\",\"target\":{\"@type\":\"EntryPoint\",\"urlTemplate\":\"https:\/\/miumjau.ee\/?s={search_term_string}\"},\"query-input\":{\"@type\":\"PropertyValueSpecification\",\"valueRequired\":true,\"valueName\":\"search_term_string\"}}],\"inLanguage\":\"lt-LT\"},{\"@type\":\"Organization\",\"@id\":\"https:\/\/miumjau.ee\/#organization\",\"name\":\"MiuMjau O\u00dc\",\"url\":\"https:\/\/miumjau.ee\/\",\"logo\":{\"@type\":\"ImageObject\",\"inLanguage\":\"lt-LT\",\"@id\":\"https:\/\/miumjau.ee\/#\/schema\/logo\/image\/\",\"url\":\"https:\/\/miumjau.ee\/wp-content\/uploads\/2022\/04\/MiuMjau-logo-kollane.png\",\"contentUrl\":\"https:\/\/miumjau.ee\/wp-content\/uploads\/2022\/04\/MiuMjau-logo-kollane.png\",\"width\":219,\"height\":100,\"caption\":\"MiuMjau O\u00dc\"},\"image\":{\"@id\":\"https:\/\/miumjau.ee\/#\/schema\/logo\/image\/\"},\"sameAs\":[\"https:\/\/www.facebook.com\/miumjaupood\/\"]}]}<\/script>\n<!-- \/ Yoast SEO plugin. -->","yoast_head_json":{"title":"Ambrosia Be gr\u016bd\u0173 \u0161un\u0173 maistas su elniena ir aviena 12 kg - MiuMjau","robots":{"index":"index","follow":"follow","max-snippet":"max-snippet:-1","max-image-preview":"max-image-preview:large","max-video-preview":"max-video-preview:-1"},"canonical":"https:\/\/miumjau.ee\/lt\/produktas\/ambrosia-be-grudu-sunu-maistas-su-elniena-ir-aviena-12-kg\/","og_locale":"lt_LT","og_type":"article","og_title":"Ambrosia Be gr\u016bd\u0173 \u0161un\u0173 maistas su elniena ir aviena 12 kg - MiuMjau","og_description":"Ambrosia Fresh Venison &amp; Lamb \u2013 gausus baltym\u0173 \u0161altinis i\u0161 elnienos ir avienos visoms \u0161un\u0173 veisl\u0117ms! \u0160vie\u017eia elniena ir aviena suteikia auk\u0161t\u0105 baltym\u0173 kiek\u012f ir subtil\u0173 skon\u012f, tinkant\u012f vis\u0173 dyd\u017ei\u0173 ir veisli\u0173 \u0161unims. Maistas praturtintas prebiotikais ir probiotikais, kurie palaiko vir\u0161kinim\u0105 ir stiprina imunitet\u0105. Gliukozaminas ir chondroitinas saugo s\u0105narius, o taurinas bei L-karnitinas palaiko \u0161irdies ir raumen\u0173 sveikat\u0105. Vidutinio dyd\u017eio granul\u0117s puikiai tinka visiems \u0161unims! Dviej\u0173 ypating\u0173 m\u0117s\u0173 receptas \u2013 nat\u016brali pusiausvyra ir auk\u0161\u010diausia kokyb\u0117!\ud83e\udd8c Elniena \u2013 vertingas ir lengvai vir\u0161kinamas baltym\u0173 \u0161altinis\ud83d\udc11 Aviena \u2013 skanus ir maistingas baltymas raumen\u0173 stiprinimui\ud83e\uddb4 Gliukozaminas &amp; chondroitinas \u2013 palaiko s\u0105nari\u0173 judrum\u0105\ud83e\udda0 Prebiotikai ir probiotikai \u2013 vir\u0161kinimui ir imuninei sistemai\ud83d\udc93 Taurinas &amp; L-karnitinas \u2013 \u0161irdies, raumen\u0173 ir med\u017eiag\u0173 apykaitos palaikymui Supermaistai, palaikantys \u0161uns gyvybingum\u0105!\ud83e\udd66 Brokoliai \u2013 padeda u\u017ekirsti keli\u0105 u\u017edegimams ir palaiko reg\u0117jim\u0105\ud83e\udd6c \u0160pinatai \u2013 turtingi antioksidant\u0173, palaiko kraujosp\u016bd\u017eio balans\u0105\ud83c\udf45 Pomidorai \u2013 stiprina imunin\u0119 sistem\u0105\ud83c\udf52 Spanguol\u0117s \u2013 palaiko \u0161ird\u012f ir vir\u0161kinim\u0105\ud83e\uded0 M\u0117lyn\u0117s \u2013 palaiko protin\u0119 veikl\u0105 ir stiprina kaulus Sud\u0117tis:Aviena (20 %, i\u0161 j\u0173 \u0161vie\u017eia be kaul\u0173 aviena 10 %, d\u017eiovintas avienos baltymas 10 %), \u017ealieji \u017eirniai, skaldyti \u017eirniai, bulvi\u0173 dribsniai, d\u017eiovinti gyv\u016bniniai baltymai (11 %), \u0161vie\u017eia elniena (10 %), hidrolizuoti gyv\u016bniniai baltymai (10 %), gyv\u016bniniai riebalai (9,5 %), d\u017eiovintas runkeli\u0173 mink\u0161timas, lin\u0173 s\u0117menys, bulvi\u0173 baltymai, mineralai, mieli\u0173 ekstraktas (MOS ir beta gliukan\u0173 \u0161altinis), la\u0161i\u0161\u0173 aliejus, cikorija (FOS ir inulino nat\u016bralus \u0161altinis), alaus miel\u0117s, d\u017eiovinti brokoliai, \u0161pinatai, pomidorai, spanguol\u0117s, m\u0117lyn\u0117s, gliukozamino hidrokloridas (100 mg\/kg), chondroitino sulfatas (100 mg\/kg), augaliniai ekstraktai (rozmarinas, vynuogi\u0173 s\u0117klos, ciber\u017eol\u0117, citrusai, gvazdik\u0117liai). Papildai (kg):Vitaminas A \u2013 14 000 IU, Vitaminas D3 \u2013 1 350 IU, Vitaminas E \u2013 400 mg, Taurinas \u2013 1 000 mg, L-karnitinas \u2013 50 mg Analitin\u0117 sud\u0117tis:\u017dali baltymai 30 %, \u017dali riebalai 20 %, Omega-3 riebal\u0173 r\u016bg\u0161tys 0,6 %, Omega-6 riebal\u0173 r\u016bg\u0161tys 2,5 %, \u017dali skaidulos 3 %, Pelenai 8,5 %, Dr\u0117gm\u0117 9 %, Kalcis 1,8 %, Fosforas 1,2 % Metabolizuojama energija: 3 963 kcal\/kg \ud83d\udc99 Ambrosia Fresh Venison &amp; Lamb \u2013 maistingas, nat\u016bralus ir skanus pasirinkimas visiems \u0161unims, kurie nusipelno geriausio!","og_url":"https:\/\/miumjau.ee\/lt\/produktas\/ambrosia-be-grudu-sunu-maistas-su-elniena-ir-aviena-12-kg\/","og_site_name":"MiuMjau","article_publisher":"https:\/\/www.facebook.com\/miumjaupood\/","article_modified_time":"2026-01-07T18:41:01+00:00","og_image":[{"width":600,"height":800,"url":"https:\/\/miumjau.ee\/wp-content\/uploads\/2025\/04\/ambrosia-venison-lamb-Photoroom.webp","type":"image\/webp"}],"twitter_card":"summary_large_image","schema":{"@context":"https:\/\/schema.org","@graph":[{"@type":"WebPage","@id":"https:\/\/miumjau.ee\/lt\/produktas\/ambrosia-be-grudu-sunu-maistas-su-elniena-ir-aviena-12-kg\/","url":"https:\/\/miumjau.ee\/lt\/produktas\/ambrosia-be-grudu-sunu-maistas-su-elniena-ir-aviena-12-kg\/","name":"Ambrosia Be gr\u016bd\u0173 \u0161un\u0173 maistas su elniena ir aviena 12 kg - MiuMjau","isPartOf":{"@id":"https:\/\/miumjau.ee\/#website"},"primaryImageOfPage":{"@id":"https:\/\/miumjau.ee\/lt\/produktas\/ambrosia-be-grudu-sunu-maistas-su-elniena-ir-aviena-12-kg\/#primaryimage"},"image":{"@id":"https:\/\/miumjau.ee\/lt\/produktas\/ambrosia-be-grudu-sunu-maistas-su-elniena-ir-aviena-12-kg\/#primaryimage"},"thumbnailUrl":"https:\/\/miumjau.ee\/wp-content\/uploads\/2025\/04\/ambrosia-venison-lamb-Photoroom.webp","datePublished":"2025-04-07T11:20:05+00:00","dateModified":"2026-01-07T18:41:01+00:00","breadcrumb":{"@id":"https:\/\/miumjau.ee\/lt\/produktas\/ambrosia-be-grudu-sunu-maistas-su-elniena-ir-aviena-12-kg\/#breadcrumb"},"inLanguage":"lt-LT","potentialAction":[{"@type":"ReadAction","target":["https:\/\/miumjau.ee\/lt\/produktas\/ambrosia-be-grudu-sunu-maistas-su-elniena-ir-aviena-12-kg\/"]}]},{"@type":"ImageObject","inLanguage":"lt-LT","@id":"https:\/\/miumjau.ee\/lt\/produktas\/ambrosia-be-grudu-sunu-maistas-su-elniena-ir-aviena-12-kg\/#primaryimage","url":"https:\/\/miumjau.ee\/wp-content\/uploads\/2025\/04\/ambrosia-venison-lamb-Photoroom.webp","contentUrl":"https:\/\/miumjau.ee\/wp-content\/uploads\/2025\/04\/ambrosia-venison-lamb-Photoroom.webp","width":600,"height":800},{"@type":"BreadcrumbList","@id":"https:\/\/miumjau.ee\/lt\/produktas\/ambrosia-be-grudu-sunu-maistas-su-elniena-ir-aviena-12-kg\/#breadcrumb","itemListElement":[{"@type":"ListItem","position":1,"name":"Home","item":"https:\/\/miumjau.ee\/lt\/"},{"@type":"ListItem","position":2,"name":"Parduotuv\u0117","item":"https:\/\/miumjau.ee\/lt\/parduotuve\/"},{"@type":"ListItem","position":3,"name":"Ambrosia Be gr\u016bd\u0173 \u0161un\u0173 maistas su elniena ir aviena 12 kg"}]},{"@type":"WebSite","@id":"https:\/\/miumjau.ee\/#website","url":"https:\/\/miumjau.ee\/","name":"MiuMjau","description":"Kraapimispuud kassidele","publisher":{"@id":"https:\/\/miumjau.ee\/#organization"},"potentialAction":[{"@type":"SearchAction","target":{"@type":"EntryPoint","urlTemplate":"https:\/\/miumjau.ee\/?s={search_term_string}"},"query-input":{"@type":"PropertyValueSpecification","valueRequired":true,"valueName":"search_term_string"}}],"inLanguage":"lt-LT"},{"@type":"Organization","@id":"https:\/\/miumjau.ee\/#organization","name":"MiuMjau O\u00dc","url":"https:\/\/miumjau.ee\/","logo":{"@type":"ImageObject","inLanguage":"lt-LT","@id":"https:\/\/miumjau.ee\/#\/schema\/logo\/image\/","url":"https:\/\/miumjau.ee\/wp-content\/uploads\/2022\/04\/MiuMjau-logo-kollane.png","contentUrl":"https:\/\/miumjau.ee\/wp-content\/uploads\/2022\/04\/MiuMjau-logo-kollane.png","width":219,"height":100,"caption":"MiuMjau O\u00dc"},"image":{"@id":"https:\/\/miumjau.ee\/#\/schema\/logo\/image\/"},"sameAs":["https:\/\/www.facebook.com\/miumjaupood\/"]}]}},"_links":{"self":[{"href":"https:\/\/miumjau.ee\/lt\/wp-json\/wp\/v2\/product\/51068","targetHints":{"allow":["GET"]}}],"collection":[{"href":"https:\/\/miumjau.ee\/lt\/wp-json\/wp\/v2\/product"}],"about":[{"href":"https:\/\/miumjau.ee\/lt\/wp-json\/wp\/v2\/types\/product"}],"wp:featuredmedia":[{"embeddable":true,"href":"https:\/\/miumjau.ee\/lt\/wp-json\/wp\/v2\/media\/51069"}],"wp:attachment":[{"href":"https:\/\/miumjau.ee\/lt\/wp-json\/wp\/v2\/media?parent=51068"}],"wp:term":[{"taxonomy":"product_brand","embeddable":true,"href":"https:\/\/miumjau.ee\/lt\/wp-json\/wp\/v2\/product_brand?post=51068"},{"taxonomy":"product_cat","embeddable":true,"href":"https:\/\/miumjau.ee\/lt\/wp-json\/wp\/v2\/product_cat?post=51068"},{"taxonomy":"product_tag","embeddable":true,"href":"https:\/\/miumjau.ee\/lt\/wp-json\/wp\/v2\/product_tag?post=51068"}],"curies":[{"name":"wp","href":"https:\/\/api.w.org\/{rel}","templated":true}]}}