{"id":51063,"date":"2025-04-07T14:24:44","date_gmt":"2025-04-07T11:24:44","guid":{"rendered":"https:\/\/miumjau.ee\/toode\/ambrosia-be-grudu-sunu-maistas-su-kalakutu-ir-triusiena-2-kg\/"},"modified":"2026-01-07T20:41:01","modified_gmt":"2026-01-07T18:41:01","slug":"ambrosia-be-grudu-sunu-maistas-su-kalakutu-ir-triusiena-2-kg","status":"publish","type":"product","link":"https:\/\/miumjau.ee\/lt\/produktas\/ambrosia-be-grudu-sunu-maistas-su-kalakutu-ir-triusiena-2-kg\/","title":{"rendered":"Ambrosia Be gr\u016bd\u0173 \u0161un\u0173 maistas su kalakutu ir triu\u0161iena 2 kg"},"content":{"rendered":"","protected":false},"excerpt":{"rendered":"<p data-start=\"5067\" data-end=\"5158\"><strong data-start=\"5067\" data-end=\"5101\">Ambrosia Fresh Turkey &amp; Rabbit<\/strong> \u2013 unikalus ir subalansuotas receptas suaugusiems \u0161unims!<\/p>\n<p data-start=\"5160\" data-end=\"5510\">\u0160vie\u017eios kalakuto fil\u0117 ir d\u017eiovintos triu\u0161ienos baltymai suteikia auk\u0161tos kokyb\u0117s maist\u0105, tinkant\u012f vis\u0173 veisli\u0173 \u0161unims. Receptas praturtintas prebiotikais ir probiotikais, kurie palaiko vir\u0161kinim\u0105 ir stiprina imunitet\u0105. Chondroitinas ir gliukozaminas padeda i\u0161laikyti s\u0105nari\u0173 lankstum\u0105, o taurinas ir L-karnitinas palaiko \u0161irdies ir raumen\u0173 funkcij\u0105.<\/p>\n<p data-start=\"5512\" data-end=\"5563\"><strong data-start=\"5512\" data-end=\"5563\">Vidutinio dyd\u017eio granul\u0117s tinka visiems \u0161unims!<\/strong><\/p>\n<p data-start=\"5565\" data-end=\"6014\"><strong data-start=\"5565\" data-end=\"5648\">Galingas Kalakuto &amp; Triu\u0161ienos duetas \u2013 nat\u016brali prie\u017ei\u016bra kiekviename k\u0105snyje!<\/strong><br data-start=\"5648\" data-end=\"5651\" \/>\ud83e\udd83 <strong data-start=\"5654\" data-end=\"5667\">Kalakutas<\/strong> \u2013 lengvai vir\u0161kinamas, ma\u017eai riebal\u0173 turintis baltym\u0173 \u0161altinis<br data-start=\"5730\" data-end=\"5733\" \/>\ud83d\udc07 <strong data-start=\"5736\" data-end=\"5749\">Triu\u0161iena<\/strong> \u2013 ekskliuzyvinis baltymas, padedantis ma\u017einti maisto netoleravim\u0105<br data-start=\"5815\" data-end=\"5818\" \/>\ud83e\udda0 <strong data-start=\"5821\" data-end=\"5851\">Prebiotikai ir probiotikai<\/strong> \u2013 subalansuotam vir\u0161kinimui<br data-start=\"5879\" data-end=\"5882\" \/>\ud83e\uddb4 <strong data-start=\"5885\" data-end=\"5918\">Gliukozaminas &amp; chondroitinas<\/strong> \u2013 s\u0105nari\u0173 judrumo palaikymui<br data-start=\"5947\" data-end=\"5950\" \/>\ud83d\udc93 <strong data-start=\"5953\" data-end=\"5980\">Taurinas &amp; L-karnitinas<\/strong> \u2013 \u0161irdies ir raumen\u0173 palaikymui<\/p>\n<p data-start=\"6016\" data-end=\"6382\"><strong data-start=\"6016\" data-end=\"6065\">Sveiki supermaistai kasdieninei gyvybingumui!<\/strong><br data-start=\"6065\" data-end=\"6068\" \/>\ud83e\udd66 <strong data-start=\"6071\" data-end=\"6084\">Brokoliai<\/strong> \u2013 prie\u0161u\u017edegimin\u0117s savyb\u0117s, palaiko aki\u0173 sveikat\u0105<br data-start=\"6134\" data-end=\"6137\" \/>\ud83e\udd6c <strong data-start=\"6140\" data-end=\"6152\">\u0160pinatai<\/strong> \u2013 stiprina imunitet\u0105 ir palaiko kraujo spaudimo balans\u0105<br data-start=\"6208\" data-end=\"6211\" \/>\ud83c\udf45 <strong data-start=\"6214\" data-end=\"6227\">Pomidorai<\/strong> \u2013 nat\u016bral\u016bs antioksidantai<br data-start=\"6254\" data-end=\"6257\" \/>\ud83c\udf52 <strong data-start=\"6260\" data-end=\"6274\">Spanguol\u0117s<\/strong> \u2013 palaiko kraujotak\u0105 ir \u0161irdies sveikat\u0105<br data-start=\"6315\" data-end=\"6318\" \/>\ud83e\uded0 <strong data-start=\"6321\" data-end=\"6332\">M\u0117lyn\u0117s<\/strong> \u2013 gerina protinius geb\u0117jimus ir stiprina kaulus<\/p>\n<p data-start=\"6384\" data-end=\"7037\"><strong data-start=\"6384\" data-end=\"6396\">Sud\u0117tis:<\/strong><br data-start=\"6396\" data-end=\"6399\" \/>Pauk\u0161tiena (35 %, i\u0161 j\u0173 \u0161vie\u017eia be kaul\u0173 kalakuto m\u0117sa 15 %, d\u017eiovinta pauk\u0161tiena 20 %), bulvi\u0173 dribsniai, pauk\u0161tienos riebalai (11 %), \u017eirniai, skaldyti \u017eirniai, hidrolizuoti pauk\u0161tienos baltymai (10 %), d\u017eiovinta triu\u0161iena (4 %), d\u017eiovintas runkeli\u0173 mink\u0161timas, lin\u0173 s\u0117menys, cikorija (nat\u016bralus FOS ir inulino \u0161altinis), alaus miel\u0117s, la\u0161i\u0161\u0173 aliejus (0,5 %), MOS &amp; beta gliukanai, mineralai, d\u017eiovinti brokoliai, \u0161pinatai, pomidorai, spanguol\u0117s, m\u0117lyn\u0117s, gliukozamino hidrokloridas (150 mg\/kg), chondroitino sulfatas (150 mg\/kg), augaliniai ekstraktai (Yucca schidigera, rozmarinas, vynuogi\u0173 s\u0117klos, ciber\u017eol\u0117, citrusai, gvazdik\u0117liai).<\/p>\n<p data-start=\"7039\" data-end=\"7173\"><strong data-start=\"7039\" data-end=\"7057\">Papildai (kg):<\/strong><br data-start=\"7057\" data-end=\"7060\" \/>Vitaminas A \u2013 14 000 IU, Vitaminas D3 \u2013 1 000 IU, Vitaminas E \u2013 350 mg, Taurinas \u2013 1 500 mg, L-karnitinas \u2013 50 mg<\/p>\n<p data-start=\"7175\" data-end=\"7375\"><strong data-start=\"7175\" data-end=\"7197\">Analitin\u0117 sud\u0117tis:<\/strong><br data-start=\"7197\" data-end=\"7200\" \/>\u017dali baltymai 30 %, \u017dali riebalai 20 %, Omega-3 riebal\u0173 r\u016bg\u0161tys 0,8 %, Omega-6 riebal\u0173 r\u016bg\u0161tys 2,7 %, \u017dali skaidulos 3 %, Pelenai 7,5 %, Dr\u0117gm\u0117 9 %, Kalcis 1,6 %, Fosforas 1 %<\/p>\n<p data-start=\"7377\" data-end=\"7420\"><strong data-start=\"7377\" data-end=\"7406\">Metabolizuojama energija:<\/strong> 4 055 kcal\/kg<\/p>\n<p data-start=\"7422\" data-end=\"7533\" data-is-last-node=\"\" data-is-only-node=\"\">\ud83d\udc99 <strong data-start=\"7425\" data-end=\"7459\">Ambrosia Fresh Turkey &amp; Rabbit<\/strong> \u2013 gurmani\u0161kos kokyb\u0117s granul\u0117s, kurios prad\u017eiugins net i\u0161rankiausi\u0105 \u0161un\u012f!<\/p>\n","protected":false},"featured_media":51062,"template":"","meta":[],"product_brand":[],"product_cat":[538],"product_tag":[],"class_list":{"0":"post-51063","1":"product","2":"type-product","3":"status-publish","4":"has-post-thumbnail","6":"product_cat-sausas-maistas-sunims","8":"first","9":"instock","10":"taxable","11":"shipping-taxable","12":"purchasable","13":"product-type-simple"},"yoast_head":"<!-- This site is optimized with the Yoast SEO plugin v27.2 - https:\/\/yoast.com\/product\/yoast-seo-wordpress\/ -->\n<title>Ambrosia Be gr\u016bd\u0173 \u0161un\u0173 maistas su kalakutu ir triu\u0161iena 2 kg - MiuMjau<\/title>\n<meta name=\"robots\" content=\"index, follow, max-snippet:-1, max-image-preview:large, max-video-preview:-1\" \/>\n<link rel=\"canonical\" href=\"https:\/\/miumjau.ee\/lt\/produktas\/ambrosia-be-grudu-sunu-maistas-su-kalakutu-ir-triusiena-2-kg\/\" \/>\n<meta property=\"og:locale\" content=\"lt_LT\" \/>\n<meta property=\"og:type\" content=\"article\" \/>\n<meta property=\"og:title\" content=\"Ambrosia Be gr\u016bd\u0173 \u0161un\u0173 maistas su kalakutu ir triu\u0161iena 2 kg - MiuMjau\" \/>\n<meta property=\"og:description\" content=\"Ambrosia Fresh Turkey &amp; Rabbit \u2013 unikalus ir subalansuotas receptas suaugusiems \u0161unims! \u0160vie\u017eios kalakuto fil\u0117 ir d\u017eiovintos triu\u0161ienos baltymai suteikia auk\u0161tos kokyb\u0117s maist\u0105, tinkant\u012f vis\u0173 veisli\u0173 \u0161unims. Receptas praturtintas prebiotikais ir probiotikais, kurie palaiko vir\u0161kinim\u0105 ir stiprina imunitet\u0105. Chondroitinas ir gliukozaminas padeda i\u0161laikyti s\u0105nari\u0173 lankstum\u0105, o taurinas ir L-karnitinas palaiko \u0161irdies ir raumen\u0173 funkcij\u0105. Vidutinio dyd\u017eio granul\u0117s tinka visiems \u0161unims! Galingas Kalakuto &amp; Triu\u0161ienos duetas \u2013 nat\u016brali prie\u017ei\u016bra kiekviename k\u0105snyje!\ud83e\udd83 Kalakutas \u2013 lengvai vir\u0161kinamas, ma\u017eai riebal\u0173 turintis baltym\u0173 \u0161altinis\ud83d\udc07 Triu\u0161iena \u2013 ekskliuzyvinis baltymas, padedantis ma\u017einti maisto netoleravim\u0105\ud83e\udda0 Prebiotikai ir probiotikai \u2013 subalansuotam vir\u0161kinimui\ud83e\uddb4 Gliukozaminas &amp; chondroitinas \u2013 s\u0105nari\u0173 judrumo palaikymui\ud83d\udc93 Taurinas &amp; L-karnitinas \u2013 \u0161irdies ir raumen\u0173 palaikymui Sveiki supermaistai kasdieninei gyvybingumui!\ud83e\udd66 Brokoliai \u2013 prie\u0161u\u017edegimin\u0117s savyb\u0117s, palaiko aki\u0173 sveikat\u0105\ud83e\udd6c \u0160pinatai \u2013 stiprina imunitet\u0105 ir palaiko kraujo spaudimo balans\u0105\ud83c\udf45 Pomidorai \u2013 nat\u016bral\u016bs antioksidantai\ud83c\udf52 Spanguol\u0117s \u2013 palaiko kraujotak\u0105 ir \u0161irdies sveikat\u0105\ud83e\uded0 M\u0117lyn\u0117s \u2013 gerina protinius geb\u0117jimus ir stiprina kaulus Sud\u0117tis:Pauk\u0161tiena (35 %, i\u0161 j\u0173 \u0161vie\u017eia be kaul\u0173 kalakuto m\u0117sa 15 %, d\u017eiovinta pauk\u0161tiena 20 %), bulvi\u0173 dribsniai, pauk\u0161tienos riebalai (11 %), \u017eirniai, skaldyti \u017eirniai, hidrolizuoti pauk\u0161tienos baltymai (10 %), d\u017eiovinta triu\u0161iena (4 %), d\u017eiovintas runkeli\u0173 mink\u0161timas, lin\u0173 s\u0117menys, cikorija (nat\u016bralus FOS ir inulino \u0161altinis), alaus miel\u0117s, la\u0161i\u0161\u0173 aliejus (0,5 %), MOS &amp; beta gliukanai, mineralai, d\u017eiovinti brokoliai, \u0161pinatai, pomidorai, spanguol\u0117s, m\u0117lyn\u0117s, gliukozamino hidrokloridas (150 mg\/kg), chondroitino sulfatas (150 mg\/kg), augaliniai ekstraktai (Yucca schidigera, rozmarinas, vynuogi\u0173 s\u0117klos, ciber\u017eol\u0117, citrusai, gvazdik\u0117liai). Papildai (kg):Vitaminas A \u2013 14 000 IU, Vitaminas D3 \u2013 1 000 IU, Vitaminas E \u2013 350 mg, Taurinas \u2013 1 500 mg, L-karnitinas \u2013 50 mg Analitin\u0117 sud\u0117tis:\u017dali baltymai 30 %, \u017dali riebalai 20 %, Omega-3 riebal\u0173 r\u016bg\u0161tys 0,8 %, Omega-6 riebal\u0173 r\u016bg\u0161tys 2,7 %, \u017dali skaidulos 3 %, Pelenai 7,5 %, Dr\u0117gm\u0117 9 %, Kalcis 1,6 %, Fosforas 1 % Metabolizuojama energija: 4 055 kcal\/kg \ud83d\udc99 Ambrosia Fresh Turkey &amp; Rabbit \u2013 gurmani\u0161kos kokyb\u0117s granul\u0117s, kurios prad\u017eiugins net i\u0161rankiausi\u0105 \u0161un\u012f!\" \/>\n<meta property=\"og:url\" content=\"https:\/\/miumjau.ee\/lt\/produktas\/ambrosia-be-grudu-sunu-maistas-su-kalakutu-ir-triusiena-2-kg\/\" \/>\n<meta property=\"og:site_name\" content=\"MiuMjau\" \/>\n<meta property=\"article:publisher\" content=\"https:\/\/www.facebook.com\/miumjaupood\/\" \/>\n<meta property=\"article:modified_time\" content=\"2026-01-07T18:41:01+00:00\" \/>\n<meta property=\"og:image\" content=\"https:\/\/miumjau.ee\/wp-content\/uploads\/2025\/04\/ambrosia-turkey-rabbit-adult-Photoroom.webp\" \/>\n\t<meta property=\"og:image:width\" content=\"600\" \/>\n\t<meta property=\"og:image:height\" content=\"800\" \/>\n\t<meta property=\"og:image:type\" content=\"image\/webp\" \/>\n<meta name=\"twitter:card\" content=\"summary_large_image\" \/>\n<script type=\"application\/ld+json\" class=\"yoast-schema-graph\">{\"@context\":\"https:\/\/schema.org\",\"@graph\":[{\"@type\":\"WebPage\",\"@id\":\"https:\/\/miumjau.ee\/lt\/produktas\/ambrosia-be-grudu-sunu-maistas-su-kalakutu-ir-triusiena-2-kg\/\",\"url\":\"https:\/\/miumjau.ee\/lt\/produktas\/ambrosia-be-grudu-sunu-maistas-su-kalakutu-ir-triusiena-2-kg\/\",\"name\":\"Ambrosia Be gr\u016bd\u0173 \u0161un\u0173 maistas su kalakutu ir triu\u0161iena 2 kg - MiuMjau\",\"isPartOf\":{\"@id\":\"https:\/\/miumjau.ee\/#website\"},\"primaryImageOfPage\":{\"@id\":\"https:\/\/miumjau.ee\/lt\/produktas\/ambrosia-be-grudu-sunu-maistas-su-kalakutu-ir-triusiena-2-kg\/#primaryimage\"},\"image\":{\"@id\":\"https:\/\/miumjau.ee\/lt\/produktas\/ambrosia-be-grudu-sunu-maistas-su-kalakutu-ir-triusiena-2-kg\/#primaryimage\"},\"thumbnailUrl\":\"https:\/\/miumjau.ee\/wp-content\/uploads\/2025\/04\/ambrosia-turkey-rabbit-adult-Photoroom.webp\",\"datePublished\":\"2025-04-07T11:24:44+00:00\",\"dateModified\":\"2026-01-07T18:41:01+00:00\",\"breadcrumb\":{\"@id\":\"https:\/\/miumjau.ee\/lt\/produktas\/ambrosia-be-grudu-sunu-maistas-su-kalakutu-ir-triusiena-2-kg\/#breadcrumb\"},\"inLanguage\":\"lt-LT\",\"potentialAction\":[{\"@type\":\"ReadAction\",\"target\":[\"https:\/\/miumjau.ee\/lt\/produktas\/ambrosia-be-grudu-sunu-maistas-su-kalakutu-ir-triusiena-2-kg\/\"]}]},{\"@type\":\"ImageObject\",\"inLanguage\":\"lt-LT\",\"@id\":\"https:\/\/miumjau.ee\/lt\/produktas\/ambrosia-be-grudu-sunu-maistas-su-kalakutu-ir-triusiena-2-kg\/#primaryimage\",\"url\":\"https:\/\/miumjau.ee\/wp-content\/uploads\/2025\/04\/ambrosia-turkey-rabbit-adult-Photoroom.webp\",\"contentUrl\":\"https:\/\/miumjau.ee\/wp-content\/uploads\/2025\/04\/ambrosia-turkey-rabbit-adult-Photoroom.webp\",\"width\":600,\"height\":800},{\"@type\":\"BreadcrumbList\",\"@id\":\"https:\/\/miumjau.ee\/lt\/produktas\/ambrosia-be-grudu-sunu-maistas-su-kalakutu-ir-triusiena-2-kg\/#breadcrumb\",\"itemListElement\":[{\"@type\":\"ListItem\",\"position\":1,\"name\":\"Home\",\"item\":\"https:\/\/miumjau.ee\/lt\/\"},{\"@type\":\"ListItem\",\"position\":2,\"name\":\"Parduotuv\u0117\",\"item\":\"https:\/\/miumjau.ee\/lt\/parduotuve\/\"},{\"@type\":\"ListItem\",\"position\":3,\"name\":\"Ambrosia Be gr\u016bd\u0173 \u0161un\u0173 maistas su kalakutu ir triu\u0161iena 2 kg\"}]},{\"@type\":\"WebSite\",\"@id\":\"https:\/\/miumjau.ee\/#website\",\"url\":\"https:\/\/miumjau.ee\/\",\"name\":\"MiuMjau\",\"description\":\"Kraapimispuud kassidele\",\"publisher\":{\"@id\":\"https:\/\/miumjau.ee\/#organization\"},\"potentialAction\":[{\"@type\":\"SearchAction\",\"target\":{\"@type\":\"EntryPoint\",\"urlTemplate\":\"https:\/\/miumjau.ee\/?s={search_term_string}\"},\"query-input\":{\"@type\":\"PropertyValueSpecification\",\"valueRequired\":true,\"valueName\":\"search_term_string\"}}],\"inLanguage\":\"lt-LT\"},{\"@type\":\"Organization\",\"@id\":\"https:\/\/miumjau.ee\/#organization\",\"name\":\"MiuMjau O\u00dc\",\"url\":\"https:\/\/miumjau.ee\/\",\"logo\":{\"@type\":\"ImageObject\",\"inLanguage\":\"lt-LT\",\"@id\":\"https:\/\/miumjau.ee\/#\/schema\/logo\/image\/\",\"url\":\"https:\/\/miumjau.ee\/wp-content\/uploads\/2022\/04\/MiuMjau-logo-kollane.png\",\"contentUrl\":\"https:\/\/miumjau.ee\/wp-content\/uploads\/2022\/04\/MiuMjau-logo-kollane.png\",\"width\":219,\"height\":100,\"caption\":\"MiuMjau O\u00dc\"},\"image\":{\"@id\":\"https:\/\/miumjau.ee\/#\/schema\/logo\/image\/\"},\"sameAs\":[\"https:\/\/www.facebook.com\/miumjaupood\/\"]}]}<\/script>\n<!-- \/ Yoast SEO plugin. -->","yoast_head_json":{"title":"Ambrosia Be gr\u016bd\u0173 \u0161un\u0173 maistas su kalakutu ir triu\u0161iena 2 kg - MiuMjau","robots":{"index":"index","follow":"follow","max-snippet":"max-snippet:-1","max-image-preview":"max-image-preview:large","max-video-preview":"max-video-preview:-1"},"canonical":"https:\/\/miumjau.ee\/lt\/produktas\/ambrosia-be-grudu-sunu-maistas-su-kalakutu-ir-triusiena-2-kg\/","og_locale":"lt_LT","og_type":"article","og_title":"Ambrosia Be gr\u016bd\u0173 \u0161un\u0173 maistas su kalakutu ir triu\u0161iena 2 kg - MiuMjau","og_description":"Ambrosia Fresh Turkey &amp; Rabbit \u2013 unikalus ir subalansuotas receptas suaugusiems \u0161unims! \u0160vie\u017eios kalakuto fil\u0117 ir d\u017eiovintos triu\u0161ienos baltymai suteikia auk\u0161tos kokyb\u0117s maist\u0105, tinkant\u012f vis\u0173 veisli\u0173 \u0161unims. Receptas praturtintas prebiotikais ir probiotikais, kurie palaiko vir\u0161kinim\u0105 ir stiprina imunitet\u0105. Chondroitinas ir gliukozaminas padeda i\u0161laikyti s\u0105nari\u0173 lankstum\u0105, o taurinas ir L-karnitinas palaiko \u0161irdies ir raumen\u0173 funkcij\u0105. Vidutinio dyd\u017eio granul\u0117s tinka visiems \u0161unims! Galingas Kalakuto &amp; Triu\u0161ienos duetas \u2013 nat\u016brali prie\u017ei\u016bra kiekviename k\u0105snyje!\ud83e\udd83 Kalakutas \u2013 lengvai vir\u0161kinamas, ma\u017eai riebal\u0173 turintis baltym\u0173 \u0161altinis\ud83d\udc07 Triu\u0161iena \u2013 ekskliuzyvinis baltymas, padedantis ma\u017einti maisto netoleravim\u0105\ud83e\udda0 Prebiotikai ir probiotikai \u2013 subalansuotam vir\u0161kinimui\ud83e\uddb4 Gliukozaminas &amp; chondroitinas \u2013 s\u0105nari\u0173 judrumo palaikymui\ud83d\udc93 Taurinas &amp; L-karnitinas \u2013 \u0161irdies ir raumen\u0173 palaikymui Sveiki supermaistai kasdieninei gyvybingumui!\ud83e\udd66 Brokoliai \u2013 prie\u0161u\u017edegimin\u0117s savyb\u0117s, palaiko aki\u0173 sveikat\u0105\ud83e\udd6c \u0160pinatai \u2013 stiprina imunitet\u0105 ir palaiko kraujo spaudimo balans\u0105\ud83c\udf45 Pomidorai \u2013 nat\u016bral\u016bs antioksidantai\ud83c\udf52 Spanguol\u0117s \u2013 palaiko kraujotak\u0105 ir \u0161irdies sveikat\u0105\ud83e\uded0 M\u0117lyn\u0117s \u2013 gerina protinius geb\u0117jimus ir stiprina kaulus Sud\u0117tis:Pauk\u0161tiena (35 %, i\u0161 j\u0173 \u0161vie\u017eia be kaul\u0173 kalakuto m\u0117sa 15 %, d\u017eiovinta pauk\u0161tiena 20 %), bulvi\u0173 dribsniai, pauk\u0161tienos riebalai (11 %), \u017eirniai, skaldyti \u017eirniai, hidrolizuoti pauk\u0161tienos baltymai (10 %), d\u017eiovinta triu\u0161iena (4 %), d\u017eiovintas runkeli\u0173 mink\u0161timas, lin\u0173 s\u0117menys, cikorija (nat\u016bralus FOS ir inulino \u0161altinis), alaus miel\u0117s, la\u0161i\u0161\u0173 aliejus (0,5 %), MOS &amp; beta gliukanai, mineralai, d\u017eiovinti brokoliai, \u0161pinatai, pomidorai, spanguol\u0117s, m\u0117lyn\u0117s, gliukozamino hidrokloridas (150 mg\/kg), chondroitino sulfatas (150 mg\/kg), augaliniai ekstraktai (Yucca schidigera, rozmarinas, vynuogi\u0173 s\u0117klos, ciber\u017eol\u0117, citrusai, gvazdik\u0117liai). Papildai (kg):Vitaminas A \u2013 14 000 IU, Vitaminas D3 \u2013 1 000 IU, Vitaminas E \u2013 350 mg, Taurinas \u2013 1 500 mg, L-karnitinas \u2013 50 mg Analitin\u0117 sud\u0117tis:\u017dali baltymai 30 %, \u017dali riebalai 20 %, Omega-3 riebal\u0173 r\u016bg\u0161tys 0,8 %, Omega-6 riebal\u0173 r\u016bg\u0161tys 2,7 %, \u017dali skaidulos 3 %, Pelenai 7,5 %, Dr\u0117gm\u0117 9 %, Kalcis 1,6 %, Fosforas 1 % Metabolizuojama energija: 4 055 kcal\/kg \ud83d\udc99 Ambrosia Fresh Turkey &amp; Rabbit \u2013 gurmani\u0161kos kokyb\u0117s granul\u0117s, kurios prad\u017eiugins net i\u0161rankiausi\u0105 \u0161un\u012f!","og_url":"https:\/\/miumjau.ee\/lt\/produktas\/ambrosia-be-grudu-sunu-maistas-su-kalakutu-ir-triusiena-2-kg\/","og_site_name":"MiuMjau","article_publisher":"https:\/\/www.facebook.com\/miumjaupood\/","article_modified_time":"2026-01-07T18:41:01+00:00","og_image":[{"width":600,"height":800,"url":"https:\/\/miumjau.ee\/wp-content\/uploads\/2025\/04\/ambrosia-turkey-rabbit-adult-Photoroom.webp","type":"image\/webp"}],"twitter_card":"summary_large_image","schema":{"@context":"https:\/\/schema.org","@graph":[{"@type":"WebPage","@id":"https:\/\/miumjau.ee\/lt\/produktas\/ambrosia-be-grudu-sunu-maistas-su-kalakutu-ir-triusiena-2-kg\/","url":"https:\/\/miumjau.ee\/lt\/produktas\/ambrosia-be-grudu-sunu-maistas-su-kalakutu-ir-triusiena-2-kg\/","name":"Ambrosia Be gr\u016bd\u0173 \u0161un\u0173 maistas su kalakutu ir triu\u0161iena 2 kg - MiuMjau","isPartOf":{"@id":"https:\/\/miumjau.ee\/#website"},"primaryImageOfPage":{"@id":"https:\/\/miumjau.ee\/lt\/produktas\/ambrosia-be-grudu-sunu-maistas-su-kalakutu-ir-triusiena-2-kg\/#primaryimage"},"image":{"@id":"https:\/\/miumjau.ee\/lt\/produktas\/ambrosia-be-grudu-sunu-maistas-su-kalakutu-ir-triusiena-2-kg\/#primaryimage"},"thumbnailUrl":"https:\/\/miumjau.ee\/wp-content\/uploads\/2025\/04\/ambrosia-turkey-rabbit-adult-Photoroom.webp","datePublished":"2025-04-07T11:24:44+00:00","dateModified":"2026-01-07T18:41:01+00:00","breadcrumb":{"@id":"https:\/\/miumjau.ee\/lt\/produktas\/ambrosia-be-grudu-sunu-maistas-su-kalakutu-ir-triusiena-2-kg\/#breadcrumb"},"inLanguage":"lt-LT","potentialAction":[{"@type":"ReadAction","target":["https:\/\/miumjau.ee\/lt\/produktas\/ambrosia-be-grudu-sunu-maistas-su-kalakutu-ir-triusiena-2-kg\/"]}]},{"@type":"ImageObject","inLanguage":"lt-LT","@id":"https:\/\/miumjau.ee\/lt\/produktas\/ambrosia-be-grudu-sunu-maistas-su-kalakutu-ir-triusiena-2-kg\/#primaryimage","url":"https:\/\/miumjau.ee\/wp-content\/uploads\/2025\/04\/ambrosia-turkey-rabbit-adult-Photoroom.webp","contentUrl":"https:\/\/miumjau.ee\/wp-content\/uploads\/2025\/04\/ambrosia-turkey-rabbit-adult-Photoroom.webp","width":600,"height":800},{"@type":"BreadcrumbList","@id":"https:\/\/miumjau.ee\/lt\/produktas\/ambrosia-be-grudu-sunu-maistas-su-kalakutu-ir-triusiena-2-kg\/#breadcrumb","itemListElement":[{"@type":"ListItem","position":1,"name":"Home","item":"https:\/\/miumjau.ee\/lt\/"},{"@type":"ListItem","position":2,"name":"Parduotuv\u0117","item":"https:\/\/miumjau.ee\/lt\/parduotuve\/"},{"@type":"ListItem","position":3,"name":"Ambrosia Be gr\u016bd\u0173 \u0161un\u0173 maistas su kalakutu ir triu\u0161iena 2 kg"}]},{"@type":"WebSite","@id":"https:\/\/miumjau.ee\/#website","url":"https:\/\/miumjau.ee\/","name":"MiuMjau","description":"Kraapimispuud kassidele","publisher":{"@id":"https:\/\/miumjau.ee\/#organization"},"potentialAction":[{"@type":"SearchAction","target":{"@type":"EntryPoint","urlTemplate":"https:\/\/miumjau.ee\/?s={search_term_string}"},"query-input":{"@type":"PropertyValueSpecification","valueRequired":true,"valueName":"search_term_string"}}],"inLanguage":"lt-LT"},{"@type":"Organization","@id":"https:\/\/miumjau.ee\/#organization","name":"MiuMjau O\u00dc","url":"https:\/\/miumjau.ee\/","logo":{"@type":"ImageObject","inLanguage":"lt-LT","@id":"https:\/\/miumjau.ee\/#\/schema\/logo\/image\/","url":"https:\/\/miumjau.ee\/wp-content\/uploads\/2022\/04\/MiuMjau-logo-kollane.png","contentUrl":"https:\/\/miumjau.ee\/wp-content\/uploads\/2022\/04\/MiuMjau-logo-kollane.png","width":219,"height":100,"caption":"MiuMjau O\u00dc"},"image":{"@id":"https:\/\/miumjau.ee\/#\/schema\/logo\/image\/"},"sameAs":["https:\/\/www.facebook.com\/miumjaupood\/"]}]}},"_links":{"self":[{"href":"https:\/\/miumjau.ee\/lt\/wp-json\/wp\/v2\/product\/51063","targetHints":{"allow":["GET"]}}],"collection":[{"href":"https:\/\/miumjau.ee\/lt\/wp-json\/wp\/v2\/product"}],"about":[{"href":"https:\/\/miumjau.ee\/lt\/wp-json\/wp\/v2\/types\/product"}],"wp:featuredmedia":[{"embeddable":true,"href":"https:\/\/miumjau.ee\/lt\/wp-json\/wp\/v2\/media\/51062"}],"wp:attachment":[{"href":"https:\/\/miumjau.ee\/lt\/wp-json\/wp\/v2\/media?parent=51063"}],"wp:term":[{"taxonomy":"product_brand","embeddable":true,"href":"https:\/\/miumjau.ee\/lt\/wp-json\/wp\/v2\/product_brand?post=51063"},{"taxonomy":"product_cat","embeddable":true,"href":"https:\/\/miumjau.ee\/lt\/wp-json\/wp\/v2\/product_cat?post=51063"},{"taxonomy":"product_tag","embeddable":true,"href":"https:\/\/miumjau.ee\/lt\/wp-json\/wp\/v2\/product_tag?post=51063"}],"curies":[{"name":"wp","href":"https:\/\/api.w.org\/{rel}","templated":true}]}}