{"id":51054,"date":"2025-04-07T15:40:08","date_gmt":"2025-04-07T12:40:08","guid":{"rendered":"https:\/\/miumjau.ee\/toode\/ambrosia-fresh-sunu-maistas-mini-veislems-su-lasisa-ir-triusiena-5-kg\/"},"modified":"2026-01-07T20:41:08","modified_gmt":"2026-01-07T18:41:08","slug":"ambrosia-fresh-sunu-maistas-mini-veislems-su-lasisa-ir-triusiena-5-kg","status":"publish","type":"product","link":"https:\/\/miumjau.ee\/lt\/produktas\/ambrosia-fresh-sunu-maistas-mini-veislems-su-lasisa-ir-triusiena-5-kg\/","title":{"rendered":"Ambrosia Fresh \u0161un\u0173 maistas mini veisl\u0117ms su la\u0161i\u0161a ir triu\u0161iena 5 kg"},"content":{"rendered":"","protected":false},"excerpt":{"rendered":"<p data-start=\"4454\" data-end=\"4558\"><strong data-start=\"4454\" data-end=\"4488\">Ambrosia Fresh Salmon &amp; Rabbit<\/strong> \u2013 maistingas ir lengvai vir\u0161kinamas supermaistas ma\u017e\u0173 veisli\u0173 \u0161unims.<\/p>\n<p data-start=\"4560\" data-end=\"4870\">\u0160is receptas sukurtas specialiai suaugusiems ma\u017e\u0173 veisli\u0173 \u0161unims, turintiems spartesn\u0119 med\u017eiag\u0173 apykait\u0105 ir didesn\u012f energijos poreik\u012f. Lengvai vir\u0161kinama \u0161vie\u017eia la\u0161i\u0161a ir maistinga triu\u0161iena sudaro hipoalergin\u0119, begliuten\u0119 formul\u0119, kuri palaiko vir\u0161kinim\u0105, s\u0105nari\u0173 sveikat\u0105 ir suteikia energijos visai dienai.<\/p>\n<p data-start=\"4872\" data-end=\"5397\"><strong data-start=\"4872\" data-end=\"4929\">Puikiai tinka ma\u017eiems k\u016bnams su dideliais poreikiais.<\/strong><br data-start=\"4929\" data-end=\"4932\" \/>\ud83d\udc1f <strong data-start=\"4935\" data-end=\"4977\">Lengvai vir\u0161kinama la\u0161i\u0161a ir triu\u0161iena<\/strong> \u2013 auk\u0161tos biologin\u0117s vert\u0117s baltymai raumenims stiprinti<br data-start=\"5034\" data-end=\"5037\" \/>\ud83c\udf60 <strong data-start=\"5040\" data-end=\"5062\">Sald\u017eiosios bulv\u0117s<\/strong> \u2013 begliutenis angliavandeni\u0173 \u0161altinis, palaikantis vir\u0161kinim\u0105<br data-start=\"5124\" data-end=\"5127\" \/>\ud83e\udda0 <strong data-start=\"5130\" data-end=\"5177\">Prebiotikai, probiotikai ir molio mineralai<\/strong> \u2013 padeda palaikyti ger\u0105 vir\u0161kinimo sistemos b\u016bkl\u0119<br data-start=\"5227\" data-end=\"5230\" \/>\ud83e\uddb4 <strong data-start=\"5233\" data-end=\"5267\">Gliukozaminas ir chondroitinas<\/strong> \u2013 palaiko s\u0105narius aktyviems ma\u017eiems \u0161unims<br data-start=\"5311\" data-end=\"5314\" \/>\ud83d\udc93 <strong data-start=\"5317\" data-end=\"5354\">Papildytas taurinu ir L-karnitinu<\/strong> \u2013 palaiko \u0161irdies veikl\u0105 ir raumen\u0173 mas\u0119<\/p>\n<p data-start=\"5399\" data-end=\"6091\"><strong data-start=\"5399\" data-end=\"5411\">Sud\u0117tis:<\/strong><br data-start=\"5411\" data-end=\"5414\" \/>La\u0161i\u0161a (20 %, i\u0161 j\u0173 \u0161vie\u017eia la\u0161i\u0161a 10 %, d\u017eiovintas la\u0161i\u0161\u0173 baltymas 10 %), triu\u0161iena (20 %, i\u0161 j\u0173 \u0161vie\u017eia triu\u0161iena 10 %, d\u017eiovinta triu\u0161iena 10 %), bulvi\u0173 krakmolas, hidrolizuoti gyv\u016bniniai baltymai (10 %), \u017eirniai, skaldyti \u017eirniai, gyv\u016bniniai riebalai (9 %), sald\u017eiosios bulv\u0117s, d\u017eiovintas runkeli\u0173 mink\u0161timas, lin\u0173 s\u0117menys, d\u017eiovintos alaus miel\u0117s, MOS ir beta-gliukanai, la\u0161i\u0161\u0173 aliejus (0,5 %), cikorija (inulino ir FOS \u0161altinis), mineralai, d\u017eiovinti brokoliai, \u0161pinatai, pomidorai, spanguol\u0117s, m\u0117lyn\u0117s, gliukozaminas (150 mg\/kg), chondroitino sulfatas (150 mg\/kg), augaliniai ekstraktai (Yucca schidigera, rozmarinas, vynuogi\u0173 s\u0117klos, ciber\u017eol\u0117, citrusai, gvazdik\u0117liai).<\/p>\n<p data-start=\"6093\" data-end=\"6295\"><strong data-start=\"6093\" data-end=\"6115\">Analitin\u0117 sud\u0117tis:<\/strong><br data-start=\"6115\" data-end=\"6118\" \/>\u017dali baltymai 30 %, \u017dali riebalai 20 %, Omega-3 riebal\u0173 r\u016bg\u0161tys 1,1 %, Omega-6 riebal\u0173 r\u016bg\u0161tys 3,4 %, Pelenai 6,5 %, \u017dali skaidulos 3 %, Dr\u0117gm\u0117 9 %, Kalcis 1,1 %, Fosforas 0,8 %<\/p>\n<p data-start=\"6297\" data-end=\"6425\"><strong data-start=\"6297\" data-end=\"6309\">Priedai:<\/strong><br data-start=\"6309\" data-end=\"6312\" \/>Vitaminas A \u2013 14 000 IU, Vitaminas D3 \u2013 1 000 IU, Vitaminas E \u2013 350 mg, Taurinas \u2013 1 500 mg, L-karnitinas \u2013 50 mg<\/p>\n<p data-start=\"6427\" data-end=\"6470\"><strong data-start=\"6427\" data-end=\"6456\">Metabolizuojama energija:<\/strong> 4 055 kcal\/kg<\/p>\n<p data-start=\"6472\" data-end=\"6567\" data-is-last-node=\"\" data-is-only-node=\"\">\ud83d\udc9a <strong data-start=\"6475\" data-end=\"6509\">Ambrosia Fresh Salmon &amp; Rabbit<\/strong> \u2013 sukurtas ma\u017eiems \u0161unims, bet suteikiantis didel\u0119 naud\u0105.<\/p>\n","protected":false},"featured_media":51055,"template":"","meta":[],"product_brand":[],"product_cat":[538],"product_tag":[],"class_list":{"0":"post-51054","1":"product","2":"type-product","3":"status-publish","4":"has-post-thumbnail","6":"product_cat-sausas-maistas-sunims","8":"first","9":"instock","10":"taxable","11":"shipping-taxable","12":"purchasable","13":"product-type-simple"},"yoast_head":"<!-- This site is optimized with the Yoast SEO plugin v27.2 - https:\/\/yoast.com\/product\/yoast-seo-wordpress\/ -->\n<title>Ambrosia Fresh \u0161un\u0173 maistas mini veisl\u0117ms su la\u0161i\u0161a ir triu\u0161iena 5 kg - MiuMjau<\/title>\n<meta name=\"robots\" content=\"index, follow, max-snippet:-1, max-image-preview:large, max-video-preview:-1\" \/>\n<link rel=\"canonical\" href=\"https:\/\/miumjau.ee\/lt\/produktas\/ambrosia-fresh-sunu-maistas-mini-veislems-su-lasisa-ir-triusiena-5-kg\/\" \/>\n<meta property=\"og:locale\" content=\"lt_LT\" \/>\n<meta property=\"og:type\" content=\"article\" \/>\n<meta property=\"og:title\" content=\"Ambrosia Fresh \u0161un\u0173 maistas mini veisl\u0117ms su la\u0161i\u0161a ir triu\u0161iena 5 kg - MiuMjau\" \/>\n<meta property=\"og:description\" content=\"Ambrosia Fresh Salmon &amp; Rabbit \u2013 maistingas ir lengvai vir\u0161kinamas supermaistas ma\u017e\u0173 veisli\u0173 \u0161unims. \u0160is receptas sukurtas specialiai suaugusiems ma\u017e\u0173 veisli\u0173 \u0161unims, turintiems spartesn\u0119 med\u017eiag\u0173 apykait\u0105 ir didesn\u012f energijos poreik\u012f. Lengvai vir\u0161kinama \u0161vie\u017eia la\u0161i\u0161a ir maistinga triu\u0161iena sudaro hipoalergin\u0119, begliuten\u0119 formul\u0119, kuri palaiko vir\u0161kinim\u0105, s\u0105nari\u0173 sveikat\u0105 ir suteikia energijos visai dienai. Puikiai tinka ma\u017eiems k\u016bnams su dideliais poreikiais.\ud83d\udc1f Lengvai vir\u0161kinama la\u0161i\u0161a ir triu\u0161iena \u2013 auk\u0161tos biologin\u0117s vert\u0117s baltymai raumenims stiprinti\ud83c\udf60 Sald\u017eiosios bulv\u0117s \u2013 begliutenis angliavandeni\u0173 \u0161altinis, palaikantis vir\u0161kinim\u0105\ud83e\udda0 Prebiotikai, probiotikai ir molio mineralai \u2013 padeda palaikyti ger\u0105 vir\u0161kinimo sistemos b\u016bkl\u0119\ud83e\uddb4 Gliukozaminas ir chondroitinas \u2013 palaiko s\u0105narius aktyviems ma\u017eiems \u0161unims\ud83d\udc93 Papildytas taurinu ir L-karnitinu \u2013 palaiko \u0161irdies veikl\u0105 ir raumen\u0173 mas\u0119 Sud\u0117tis:La\u0161i\u0161a (20 %, i\u0161 j\u0173 \u0161vie\u017eia la\u0161i\u0161a 10 %, d\u017eiovintas la\u0161i\u0161\u0173 baltymas 10 %), triu\u0161iena (20 %, i\u0161 j\u0173 \u0161vie\u017eia triu\u0161iena 10 %, d\u017eiovinta triu\u0161iena 10 %), bulvi\u0173 krakmolas, hidrolizuoti gyv\u016bniniai baltymai (10 %), \u017eirniai, skaldyti \u017eirniai, gyv\u016bniniai riebalai (9 %), sald\u017eiosios bulv\u0117s, d\u017eiovintas runkeli\u0173 mink\u0161timas, lin\u0173 s\u0117menys, d\u017eiovintos alaus miel\u0117s, MOS ir beta-gliukanai, la\u0161i\u0161\u0173 aliejus (0,5 %), cikorija (inulino ir FOS \u0161altinis), mineralai, d\u017eiovinti brokoliai, \u0161pinatai, pomidorai, spanguol\u0117s, m\u0117lyn\u0117s, gliukozaminas (150 mg\/kg), chondroitino sulfatas (150 mg\/kg), augaliniai ekstraktai (Yucca schidigera, rozmarinas, vynuogi\u0173 s\u0117klos, ciber\u017eol\u0117, citrusai, gvazdik\u0117liai). Analitin\u0117 sud\u0117tis:\u017dali baltymai 30 %, \u017dali riebalai 20 %, Omega-3 riebal\u0173 r\u016bg\u0161tys 1,1 %, Omega-6 riebal\u0173 r\u016bg\u0161tys 3,4 %, Pelenai 6,5 %, \u017dali skaidulos 3 %, Dr\u0117gm\u0117 9 %, Kalcis 1,1 %, Fosforas 0,8 % Priedai:Vitaminas A \u2013 14 000 IU, Vitaminas D3 \u2013 1 000 IU, Vitaminas E \u2013 350 mg, Taurinas \u2013 1 500 mg, L-karnitinas \u2013 50 mg Metabolizuojama energija: 4 055 kcal\/kg \ud83d\udc9a Ambrosia Fresh Salmon &amp; Rabbit \u2013 sukurtas ma\u017eiems \u0161unims, bet suteikiantis didel\u0119 naud\u0105.\" \/>\n<meta property=\"og:url\" content=\"https:\/\/miumjau.ee\/lt\/produktas\/ambrosia-fresh-sunu-maistas-mini-veislems-su-lasisa-ir-triusiena-5-kg\/\" \/>\n<meta property=\"og:site_name\" content=\"MiuMjau\" \/>\n<meta property=\"article:publisher\" content=\"https:\/\/www.facebook.com\/miumjaupood\/\" \/>\n<meta property=\"article:modified_time\" content=\"2026-01-07T18:41:08+00:00\" \/>\n<meta property=\"og:image\" content=\"https:\/\/miumjau.ee\/wp-content\/uploads\/2025\/04\/Ambrosia-mini-salmon-rabbit-adult-Photoroom.webp\" \/>\n\t<meta property=\"og:image:width\" content=\"600\" \/>\n\t<meta property=\"og:image:height\" content=\"800\" \/>\n\t<meta property=\"og:image:type\" content=\"image\/webp\" \/>\n<meta name=\"twitter:card\" content=\"summary_large_image\" \/>\n<script type=\"application\/ld+json\" class=\"yoast-schema-graph\">{\"@context\":\"https:\/\/schema.org\",\"@graph\":[{\"@type\":\"WebPage\",\"@id\":\"https:\/\/miumjau.ee\/lt\/produktas\/ambrosia-fresh-sunu-maistas-mini-veislems-su-lasisa-ir-triusiena-5-kg\/\",\"url\":\"https:\/\/miumjau.ee\/lt\/produktas\/ambrosia-fresh-sunu-maistas-mini-veislems-su-lasisa-ir-triusiena-5-kg\/\",\"name\":\"Ambrosia Fresh \u0161un\u0173 maistas mini veisl\u0117ms su la\u0161i\u0161a ir triu\u0161iena 5 kg - MiuMjau\",\"isPartOf\":{\"@id\":\"https:\/\/miumjau.ee\/#website\"},\"primaryImageOfPage\":{\"@id\":\"https:\/\/miumjau.ee\/lt\/produktas\/ambrosia-fresh-sunu-maistas-mini-veislems-su-lasisa-ir-triusiena-5-kg\/#primaryimage\"},\"image\":{\"@id\":\"https:\/\/miumjau.ee\/lt\/produktas\/ambrosia-fresh-sunu-maistas-mini-veislems-su-lasisa-ir-triusiena-5-kg\/#primaryimage\"},\"thumbnailUrl\":\"https:\/\/miumjau.ee\/wp-content\/uploads\/2025\/04\/Ambrosia-mini-salmon-rabbit-adult-Photoroom.webp\",\"datePublished\":\"2025-04-07T12:40:08+00:00\",\"dateModified\":\"2026-01-07T18:41:08+00:00\",\"breadcrumb\":{\"@id\":\"https:\/\/miumjau.ee\/lt\/produktas\/ambrosia-fresh-sunu-maistas-mini-veislems-su-lasisa-ir-triusiena-5-kg\/#breadcrumb\"},\"inLanguage\":\"lt-LT\",\"potentialAction\":[{\"@type\":\"ReadAction\",\"target\":[\"https:\/\/miumjau.ee\/lt\/produktas\/ambrosia-fresh-sunu-maistas-mini-veislems-su-lasisa-ir-triusiena-5-kg\/\"]}]},{\"@type\":\"ImageObject\",\"inLanguage\":\"lt-LT\",\"@id\":\"https:\/\/miumjau.ee\/lt\/produktas\/ambrosia-fresh-sunu-maistas-mini-veislems-su-lasisa-ir-triusiena-5-kg\/#primaryimage\",\"url\":\"https:\/\/miumjau.ee\/wp-content\/uploads\/2025\/04\/Ambrosia-mini-salmon-rabbit-adult-Photoroom.webp\",\"contentUrl\":\"https:\/\/miumjau.ee\/wp-content\/uploads\/2025\/04\/Ambrosia-mini-salmon-rabbit-adult-Photoroom.webp\",\"width\":600,\"height\":800},{\"@type\":\"BreadcrumbList\",\"@id\":\"https:\/\/miumjau.ee\/lt\/produktas\/ambrosia-fresh-sunu-maistas-mini-veislems-su-lasisa-ir-triusiena-5-kg\/#breadcrumb\",\"itemListElement\":[{\"@type\":\"ListItem\",\"position\":1,\"name\":\"Home\",\"item\":\"https:\/\/miumjau.ee\/lt\/\"},{\"@type\":\"ListItem\",\"position\":2,\"name\":\"Parduotuv\u0117\",\"item\":\"https:\/\/miumjau.ee\/lt\/parduotuve\/\"},{\"@type\":\"ListItem\",\"position\":3,\"name\":\"Ambrosia Fresh \u0161un\u0173 maistas mini veisl\u0117ms su la\u0161i\u0161a ir triu\u0161iena 5 kg\"}]},{\"@type\":\"WebSite\",\"@id\":\"https:\/\/miumjau.ee\/#website\",\"url\":\"https:\/\/miumjau.ee\/\",\"name\":\"MiuMjau\",\"description\":\"Kraapimispuud kassidele\",\"publisher\":{\"@id\":\"https:\/\/miumjau.ee\/#organization\"},\"potentialAction\":[{\"@type\":\"SearchAction\",\"target\":{\"@type\":\"EntryPoint\",\"urlTemplate\":\"https:\/\/miumjau.ee\/?s={search_term_string}\"},\"query-input\":{\"@type\":\"PropertyValueSpecification\",\"valueRequired\":true,\"valueName\":\"search_term_string\"}}],\"inLanguage\":\"lt-LT\"},{\"@type\":\"Organization\",\"@id\":\"https:\/\/miumjau.ee\/#organization\",\"name\":\"MiuMjau O\u00dc\",\"url\":\"https:\/\/miumjau.ee\/\",\"logo\":{\"@type\":\"ImageObject\",\"inLanguage\":\"lt-LT\",\"@id\":\"https:\/\/miumjau.ee\/#\/schema\/logo\/image\/\",\"url\":\"https:\/\/miumjau.ee\/wp-content\/uploads\/2022\/04\/MiuMjau-logo-kollane.png\",\"contentUrl\":\"https:\/\/miumjau.ee\/wp-content\/uploads\/2022\/04\/MiuMjau-logo-kollane.png\",\"width\":219,\"height\":100,\"caption\":\"MiuMjau O\u00dc\"},\"image\":{\"@id\":\"https:\/\/miumjau.ee\/#\/schema\/logo\/image\/\"},\"sameAs\":[\"https:\/\/www.facebook.com\/miumjaupood\/\"]}]}<\/script>\n<!-- \/ Yoast SEO plugin. -->","yoast_head_json":{"title":"Ambrosia Fresh \u0161un\u0173 maistas mini veisl\u0117ms su la\u0161i\u0161a ir triu\u0161iena 5 kg - MiuMjau","robots":{"index":"index","follow":"follow","max-snippet":"max-snippet:-1","max-image-preview":"max-image-preview:large","max-video-preview":"max-video-preview:-1"},"canonical":"https:\/\/miumjau.ee\/lt\/produktas\/ambrosia-fresh-sunu-maistas-mini-veislems-su-lasisa-ir-triusiena-5-kg\/","og_locale":"lt_LT","og_type":"article","og_title":"Ambrosia Fresh \u0161un\u0173 maistas mini veisl\u0117ms su la\u0161i\u0161a ir triu\u0161iena 5 kg - MiuMjau","og_description":"Ambrosia Fresh Salmon &amp; Rabbit \u2013 maistingas ir lengvai vir\u0161kinamas supermaistas ma\u017e\u0173 veisli\u0173 \u0161unims. \u0160is receptas sukurtas specialiai suaugusiems ma\u017e\u0173 veisli\u0173 \u0161unims, turintiems spartesn\u0119 med\u017eiag\u0173 apykait\u0105 ir didesn\u012f energijos poreik\u012f. Lengvai vir\u0161kinama \u0161vie\u017eia la\u0161i\u0161a ir maistinga triu\u0161iena sudaro hipoalergin\u0119, begliuten\u0119 formul\u0119, kuri palaiko vir\u0161kinim\u0105, s\u0105nari\u0173 sveikat\u0105 ir suteikia energijos visai dienai. Puikiai tinka ma\u017eiems k\u016bnams su dideliais poreikiais.\ud83d\udc1f Lengvai vir\u0161kinama la\u0161i\u0161a ir triu\u0161iena \u2013 auk\u0161tos biologin\u0117s vert\u0117s baltymai raumenims stiprinti\ud83c\udf60 Sald\u017eiosios bulv\u0117s \u2013 begliutenis angliavandeni\u0173 \u0161altinis, palaikantis vir\u0161kinim\u0105\ud83e\udda0 Prebiotikai, probiotikai ir molio mineralai \u2013 padeda palaikyti ger\u0105 vir\u0161kinimo sistemos b\u016bkl\u0119\ud83e\uddb4 Gliukozaminas ir chondroitinas \u2013 palaiko s\u0105narius aktyviems ma\u017eiems \u0161unims\ud83d\udc93 Papildytas taurinu ir L-karnitinu \u2013 palaiko \u0161irdies veikl\u0105 ir raumen\u0173 mas\u0119 Sud\u0117tis:La\u0161i\u0161a (20 %, i\u0161 j\u0173 \u0161vie\u017eia la\u0161i\u0161a 10 %, d\u017eiovintas la\u0161i\u0161\u0173 baltymas 10 %), triu\u0161iena (20 %, i\u0161 j\u0173 \u0161vie\u017eia triu\u0161iena 10 %, d\u017eiovinta triu\u0161iena 10 %), bulvi\u0173 krakmolas, hidrolizuoti gyv\u016bniniai baltymai (10 %), \u017eirniai, skaldyti \u017eirniai, gyv\u016bniniai riebalai (9 %), sald\u017eiosios bulv\u0117s, d\u017eiovintas runkeli\u0173 mink\u0161timas, lin\u0173 s\u0117menys, d\u017eiovintos alaus miel\u0117s, MOS ir beta-gliukanai, la\u0161i\u0161\u0173 aliejus (0,5 %), cikorija (inulino ir FOS \u0161altinis), mineralai, d\u017eiovinti brokoliai, \u0161pinatai, pomidorai, spanguol\u0117s, m\u0117lyn\u0117s, gliukozaminas (150 mg\/kg), chondroitino sulfatas (150 mg\/kg), augaliniai ekstraktai (Yucca schidigera, rozmarinas, vynuogi\u0173 s\u0117klos, ciber\u017eol\u0117, citrusai, gvazdik\u0117liai). Analitin\u0117 sud\u0117tis:\u017dali baltymai 30 %, \u017dali riebalai 20 %, Omega-3 riebal\u0173 r\u016bg\u0161tys 1,1 %, Omega-6 riebal\u0173 r\u016bg\u0161tys 3,4 %, Pelenai 6,5 %, \u017dali skaidulos 3 %, Dr\u0117gm\u0117 9 %, Kalcis 1,1 %, Fosforas 0,8 % Priedai:Vitaminas A \u2013 14 000 IU, Vitaminas D3 \u2013 1 000 IU, Vitaminas E \u2013 350 mg, Taurinas \u2013 1 500 mg, L-karnitinas \u2013 50 mg Metabolizuojama energija: 4 055 kcal\/kg \ud83d\udc9a Ambrosia Fresh Salmon &amp; Rabbit \u2013 sukurtas ma\u017eiems \u0161unims, bet suteikiantis didel\u0119 naud\u0105.","og_url":"https:\/\/miumjau.ee\/lt\/produktas\/ambrosia-fresh-sunu-maistas-mini-veislems-su-lasisa-ir-triusiena-5-kg\/","og_site_name":"MiuMjau","article_publisher":"https:\/\/www.facebook.com\/miumjaupood\/","article_modified_time":"2026-01-07T18:41:08+00:00","og_image":[{"width":600,"height":800,"url":"https:\/\/miumjau.ee\/wp-content\/uploads\/2025\/04\/Ambrosia-mini-salmon-rabbit-adult-Photoroom.webp","type":"image\/webp"}],"twitter_card":"summary_large_image","schema":{"@context":"https:\/\/schema.org","@graph":[{"@type":"WebPage","@id":"https:\/\/miumjau.ee\/lt\/produktas\/ambrosia-fresh-sunu-maistas-mini-veislems-su-lasisa-ir-triusiena-5-kg\/","url":"https:\/\/miumjau.ee\/lt\/produktas\/ambrosia-fresh-sunu-maistas-mini-veislems-su-lasisa-ir-triusiena-5-kg\/","name":"Ambrosia Fresh \u0161un\u0173 maistas mini veisl\u0117ms su la\u0161i\u0161a ir triu\u0161iena 5 kg - MiuMjau","isPartOf":{"@id":"https:\/\/miumjau.ee\/#website"},"primaryImageOfPage":{"@id":"https:\/\/miumjau.ee\/lt\/produktas\/ambrosia-fresh-sunu-maistas-mini-veislems-su-lasisa-ir-triusiena-5-kg\/#primaryimage"},"image":{"@id":"https:\/\/miumjau.ee\/lt\/produktas\/ambrosia-fresh-sunu-maistas-mini-veislems-su-lasisa-ir-triusiena-5-kg\/#primaryimage"},"thumbnailUrl":"https:\/\/miumjau.ee\/wp-content\/uploads\/2025\/04\/Ambrosia-mini-salmon-rabbit-adult-Photoroom.webp","datePublished":"2025-04-07T12:40:08+00:00","dateModified":"2026-01-07T18:41:08+00:00","breadcrumb":{"@id":"https:\/\/miumjau.ee\/lt\/produktas\/ambrosia-fresh-sunu-maistas-mini-veislems-su-lasisa-ir-triusiena-5-kg\/#breadcrumb"},"inLanguage":"lt-LT","potentialAction":[{"@type":"ReadAction","target":["https:\/\/miumjau.ee\/lt\/produktas\/ambrosia-fresh-sunu-maistas-mini-veislems-su-lasisa-ir-triusiena-5-kg\/"]}]},{"@type":"ImageObject","inLanguage":"lt-LT","@id":"https:\/\/miumjau.ee\/lt\/produktas\/ambrosia-fresh-sunu-maistas-mini-veislems-su-lasisa-ir-triusiena-5-kg\/#primaryimage","url":"https:\/\/miumjau.ee\/wp-content\/uploads\/2025\/04\/Ambrosia-mini-salmon-rabbit-adult-Photoroom.webp","contentUrl":"https:\/\/miumjau.ee\/wp-content\/uploads\/2025\/04\/Ambrosia-mini-salmon-rabbit-adult-Photoroom.webp","width":600,"height":800},{"@type":"BreadcrumbList","@id":"https:\/\/miumjau.ee\/lt\/produktas\/ambrosia-fresh-sunu-maistas-mini-veislems-su-lasisa-ir-triusiena-5-kg\/#breadcrumb","itemListElement":[{"@type":"ListItem","position":1,"name":"Home","item":"https:\/\/miumjau.ee\/lt\/"},{"@type":"ListItem","position":2,"name":"Parduotuv\u0117","item":"https:\/\/miumjau.ee\/lt\/parduotuve\/"},{"@type":"ListItem","position":3,"name":"Ambrosia Fresh \u0161un\u0173 maistas mini veisl\u0117ms su la\u0161i\u0161a ir triu\u0161iena 5 kg"}]},{"@type":"WebSite","@id":"https:\/\/miumjau.ee\/#website","url":"https:\/\/miumjau.ee\/","name":"MiuMjau","description":"Kraapimispuud kassidele","publisher":{"@id":"https:\/\/miumjau.ee\/#organization"},"potentialAction":[{"@type":"SearchAction","target":{"@type":"EntryPoint","urlTemplate":"https:\/\/miumjau.ee\/?s={search_term_string}"},"query-input":{"@type":"PropertyValueSpecification","valueRequired":true,"valueName":"search_term_string"}}],"inLanguage":"lt-LT"},{"@type":"Organization","@id":"https:\/\/miumjau.ee\/#organization","name":"MiuMjau O\u00dc","url":"https:\/\/miumjau.ee\/","logo":{"@type":"ImageObject","inLanguage":"lt-LT","@id":"https:\/\/miumjau.ee\/#\/schema\/logo\/image\/","url":"https:\/\/miumjau.ee\/wp-content\/uploads\/2022\/04\/MiuMjau-logo-kollane.png","contentUrl":"https:\/\/miumjau.ee\/wp-content\/uploads\/2022\/04\/MiuMjau-logo-kollane.png","width":219,"height":100,"caption":"MiuMjau O\u00dc"},"image":{"@id":"https:\/\/miumjau.ee\/#\/schema\/logo\/image\/"},"sameAs":["https:\/\/www.facebook.com\/miumjaupood\/"]}]}},"_links":{"self":[{"href":"https:\/\/miumjau.ee\/lt\/wp-json\/wp\/v2\/product\/51054","targetHints":{"allow":["GET"]}}],"collection":[{"href":"https:\/\/miumjau.ee\/lt\/wp-json\/wp\/v2\/product"}],"about":[{"href":"https:\/\/miumjau.ee\/lt\/wp-json\/wp\/v2\/types\/product"}],"wp:featuredmedia":[{"embeddable":true,"href":"https:\/\/miumjau.ee\/lt\/wp-json\/wp\/v2\/media\/51055"}],"wp:attachment":[{"href":"https:\/\/miumjau.ee\/lt\/wp-json\/wp\/v2\/media?parent=51054"}],"wp:term":[{"taxonomy":"product_brand","embeddable":true,"href":"https:\/\/miumjau.ee\/lt\/wp-json\/wp\/v2\/product_brand?post=51054"},{"taxonomy":"product_cat","embeddable":true,"href":"https:\/\/miumjau.ee\/lt\/wp-json\/wp\/v2\/product_cat?post=51054"},{"taxonomy":"product_tag","embeddable":true,"href":"https:\/\/miumjau.ee\/lt\/wp-json\/wp\/v2\/product_tag?post=51054"}],"curies":[{"name":"wp","href":"https:\/\/api.w.org\/{rel}","templated":true}]}}