{"id":51049,"date":"2025-04-07T19:41:52","date_gmt":"2025-04-07T16:41:52","guid":{"rendered":"https:\/\/miumjau.ee\/toode\/ambrosia-puppy-growth-large-breeds-vistiena-ir-lasisa-12-kg\/"},"modified":"2026-01-07T20:41:08","modified_gmt":"2026-01-07T18:41:08","slug":"ambrosia-puppy-growth-large-breeds-vistiena-ir-lasisa-12-kg","status":"publish","type":"product","link":"https:\/\/miumjau.ee\/lt\/produktas\/ambrosia-puppy-growth-large-breeds-vistiena-ir-lasisa-12-kg\/","title":{"rendered":"Ambrosia Puppy &#038; Growth Large Breeds vi\u0161tiena ir la\u0161i\u0161a 12 kg"},"content":{"rendered":"","protected":false},"excerpt":{"rendered":"<p data-start=\"4264\" data-end=\"4410\"><strong data-start=\"4264\" data-end=\"4316\">Ambrosia Puppy &amp; Growth \u2013 Fresh Chicken &amp; Salmon<\/strong> \u2013 tai visavertis pa\u0161aras dideli\u0173 veisli\u0173 \u0161uniukams, skirtas sveikam ir subalansuotam augimui.<\/p>\n<p data-start=\"4412\" data-end=\"4732\">\u0160is receptas sukurtas specialiai didel\u0117ms \u0161un\u0173 veisl\u0117ms, kuri\u0173 augimo laikotarpiu reikalinga kruop\u0161\u010diai subalansuota mityba kaul\u0173 ir s\u0105nari\u0173 palaikymui. Vidutinio dyd\u017eio granul\u0117s sujungia \u0161vie\u017ei\u0105 vi\u0161tien\u0105 ir d\u017eiovint\u0105 la\u0161i\u0161\u0105, suteikdamos auk\u0161tos kokyb\u0117s baltym\u0173, b\u016btin\u0173 riebal\u0173, vitamin\u0173 ir mineral\u0173 stipriam vystymuisi.<\/p>\n<p data-start=\"4734\" data-end=\"5110\"><strong data-start=\"4734\" data-end=\"4769\">Sveikas augimas, stiprus k\u016bnas.<\/strong><br data-start=\"4769\" data-end=\"4772\" \/>\ud83d\udc14 <strong data-start=\"4775\" data-end=\"4805\">\u0160vie\u017eia vi\u0161tiena ir la\u0161i\u0161a<\/strong> \u2013 auk\u0161tos kokyb\u0117s baltymai raumen\u0173 vystymuisi<br data-start=\"4851\" data-end=\"4854\" \/>\ud83e\uddb4 <strong data-start=\"4857\" data-end=\"4891\">Gliukozaminas ir chondroitinas<\/strong> \u2013 s\u0105nari\u0173 ir kremzli\u0173 vystymuisi palaikyti<br data-start=\"4934\" data-end=\"4937\" \/>\ud83e\udda0 <strong data-start=\"4940\" data-end=\"4970\">Prebiotikai ir probiotikai<\/strong> \u2013 palaiko vir\u0161kinimo sistemos ir imuniteto sveikat\u0105<br data-start=\"5022\" data-end=\"5025\" \/>\ud83c\udf3f <strong data-start=\"5028\" data-end=\"5062\">Augaliniai ekstraktai ir uogos<\/strong> \u2013 nat\u016bral\u016bs antioksidantai stiprina organizm\u0105<\/p>\n<p data-start=\"5112\" data-end=\"5731\"><strong data-start=\"5112\" data-end=\"5124\">Sud\u0117tis:<\/strong><br data-start=\"5124\" data-end=\"5127\" \/>Pauk\u0161tiena (37 %, i\u0161 j\u0173 \u0161vie\u017eia vi\u0161tiena 15 %, d\u017eiovinta pauk\u0161tiena 22 %), bulvi\u0173 krakmolas, pauk\u0161tienos riebalai (11,5 %), \u017ealieji \u017eirneliai, skaldyti \u017eirniai, hidrolizuoti vi\u0161tienos baltymai (8 %), d\u017eiovinta la\u0161i\u0161a (4 %), runkeli\u0173 mink\u0161timas, lin\u0173 s\u0117menys, mineralai, d\u017eiovintos alaus miel\u0117s, cikorija (inulino ir FOS \u0161altinis), la\u0161i\u0161\u0173 aliejus (0,5 %), MOS (manano oligosacharidai), gliukozaminas (750 mg\/kg), chondroitino sulfatas (750 mg\/kg), d\u017eiovinti brokoliai, \u0161pinatai, spanguol\u0117s, m\u0117lyn\u0117s, augaliniai ekstraktai (Yucca schidigera, rozmarinas, vynuogi\u0173 s\u0117klos, ciber\u017eol\u0117, citrusai, gvazdik\u0117liai).<\/p>\n<p data-start=\"5733\" data-end=\"5933\"><strong data-start=\"5733\" data-end=\"5755\">Analitin\u0117 sud\u0117tis:<\/strong><br data-start=\"5755\" data-end=\"5758\" \/>\u017dali baltymai 30 %, \u017dali riebalai 20 %, Omega-3 riebal\u0173 r\u016bg\u0161tys 0,7 %, Omega-6 riebal\u0173 r\u016bg\u0161tys 2,8 %, Pelenai 8,5 %, L\u0105steliena 2,5 %, Dr\u0117gm\u0117 9 %, Kalcis 1,6 %, Fosforas 1,1 %<\/p>\n<p data-start=\"5935\" data-end=\"6063\"><strong data-start=\"5935\" data-end=\"5947\">Priedai:<\/strong><br data-start=\"5947\" data-end=\"5950\" \/>Vitaminas A \u2013 14 000 IU, Vitaminas D3 \u2013 1 350 IU, Vitaminas E \u2013 400 mg, Taurinas \u2013 1 000 mg, L-karnitinas \u2013 50 mg<\/p>\n<p data-start=\"6065\" data-end=\"6108\"><strong data-start=\"6065\" data-end=\"6094\">Metabolizuojama energija:<\/strong> 3 984 kcal\/kg<\/p>\n<p data-start=\"6110\" data-end=\"6303\" data-is-last-node=\"\" data-is-only-node=\"\">\ud83d\udc9a <strong data-start=\"6113\" data-end=\"6148\">Ambrosia Fresh Chicken &amp; Salmon<\/strong> \u2013 visapusi\u0161kai subalansuotas augimo pa\u0161aras dideli\u0173 veisli\u0173 \u0161uniukams ir jauniems \u0161unims, palaikantis s\u0105narius, vir\u0161kinim\u0105 ir gyvybingum\u0105 nuo pat prad\u017ei\u0173.<\/p>\n","protected":false},"featured_media":51048,"template":"","meta":[],"product_brand":[],"product_cat":[538],"product_tag":[],"class_list":{"0":"post-51049","1":"product","2":"type-product","3":"status-publish","4":"has-post-thumbnail","6":"product_cat-sausas-maistas-sunims","8":"first","9":"instock","10":"sale","11":"taxable","12":"shipping-taxable","13":"purchasable","14":"product-type-simple"},"yoast_head":"<!-- This site is optimized with the Yoast SEO plugin v27.2 - https:\/\/yoast.com\/product\/yoast-seo-wordpress\/ -->\n<title>Ambrosia Puppy &amp; Growth Large Breeds vi\u0161tiena ir la\u0161i\u0161a 12 kg - MiuMjau<\/title>\n<meta name=\"robots\" content=\"index, follow, max-snippet:-1, max-image-preview:large, max-video-preview:-1\" \/>\n<link rel=\"canonical\" href=\"https:\/\/miumjau.ee\/lt\/produktas\/ambrosia-puppy-growth-large-breeds-vistiena-ir-lasisa-12-kg\/\" \/>\n<meta property=\"og:locale\" content=\"lt_LT\" \/>\n<meta property=\"og:type\" content=\"article\" \/>\n<meta property=\"og:title\" content=\"Ambrosia Puppy &amp; Growth Large Breeds vi\u0161tiena ir la\u0161i\u0161a 12 kg - MiuMjau\" \/>\n<meta property=\"og:description\" content=\"Ambrosia Puppy &amp; Growth \u2013 Fresh Chicken &amp; Salmon \u2013 tai visavertis pa\u0161aras dideli\u0173 veisli\u0173 \u0161uniukams, skirtas sveikam ir subalansuotam augimui. \u0160is receptas sukurtas specialiai didel\u0117ms \u0161un\u0173 veisl\u0117ms, kuri\u0173 augimo laikotarpiu reikalinga kruop\u0161\u010diai subalansuota mityba kaul\u0173 ir s\u0105nari\u0173 palaikymui. Vidutinio dyd\u017eio granul\u0117s sujungia \u0161vie\u017ei\u0105 vi\u0161tien\u0105 ir d\u017eiovint\u0105 la\u0161i\u0161\u0105, suteikdamos auk\u0161tos kokyb\u0117s baltym\u0173, b\u016btin\u0173 riebal\u0173, vitamin\u0173 ir mineral\u0173 stipriam vystymuisi. Sveikas augimas, stiprus k\u016bnas.\ud83d\udc14 \u0160vie\u017eia vi\u0161tiena ir la\u0161i\u0161a \u2013 auk\u0161tos kokyb\u0117s baltymai raumen\u0173 vystymuisi\ud83e\uddb4 Gliukozaminas ir chondroitinas \u2013 s\u0105nari\u0173 ir kremzli\u0173 vystymuisi palaikyti\ud83e\udda0 Prebiotikai ir probiotikai \u2013 palaiko vir\u0161kinimo sistemos ir imuniteto sveikat\u0105\ud83c\udf3f Augaliniai ekstraktai ir uogos \u2013 nat\u016bral\u016bs antioksidantai stiprina organizm\u0105 Sud\u0117tis:Pauk\u0161tiena (37 %, i\u0161 j\u0173 \u0161vie\u017eia vi\u0161tiena 15 %, d\u017eiovinta pauk\u0161tiena 22 %), bulvi\u0173 krakmolas, pauk\u0161tienos riebalai (11,5 %), \u017ealieji \u017eirneliai, skaldyti \u017eirniai, hidrolizuoti vi\u0161tienos baltymai (8 %), d\u017eiovinta la\u0161i\u0161a (4 %), runkeli\u0173 mink\u0161timas, lin\u0173 s\u0117menys, mineralai, d\u017eiovintos alaus miel\u0117s, cikorija (inulino ir FOS \u0161altinis), la\u0161i\u0161\u0173 aliejus (0,5 %), MOS (manano oligosacharidai), gliukozaminas (750 mg\/kg), chondroitino sulfatas (750 mg\/kg), d\u017eiovinti brokoliai, \u0161pinatai, spanguol\u0117s, m\u0117lyn\u0117s, augaliniai ekstraktai (Yucca schidigera, rozmarinas, vynuogi\u0173 s\u0117klos, ciber\u017eol\u0117, citrusai, gvazdik\u0117liai). Analitin\u0117 sud\u0117tis:\u017dali baltymai 30 %, \u017dali riebalai 20 %, Omega-3 riebal\u0173 r\u016bg\u0161tys 0,7 %, Omega-6 riebal\u0173 r\u016bg\u0161tys 2,8 %, Pelenai 8,5 %, L\u0105steliena 2,5 %, Dr\u0117gm\u0117 9 %, Kalcis 1,6 %, Fosforas 1,1 % Priedai:Vitaminas A \u2013 14 000 IU, Vitaminas D3 \u2013 1 350 IU, Vitaminas E \u2013 400 mg, Taurinas \u2013 1 000 mg, L-karnitinas \u2013 50 mg Metabolizuojama energija: 3 984 kcal\/kg \ud83d\udc9a Ambrosia Fresh Chicken &amp; Salmon \u2013 visapusi\u0161kai subalansuotas augimo pa\u0161aras dideli\u0173 veisli\u0173 \u0161uniukams ir jauniems \u0161unims, palaikantis s\u0105narius, vir\u0161kinim\u0105 ir gyvybingum\u0105 nuo pat prad\u017ei\u0173.\" \/>\n<meta property=\"og:url\" content=\"https:\/\/miumjau.ee\/lt\/produktas\/ambrosia-puppy-growth-large-breeds-vistiena-ir-lasisa-12-kg\/\" \/>\n<meta property=\"og:site_name\" content=\"MiuMjau\" \/>\n<meta property=\"article:publisher\" content=\"https:\/\/www.facebook.com\/miumjaupood\/\" \/>\n<meta property=\"article:modified_time\" content=\"2026-01-07T18:41:08+00:00\" \/>\n<meta property=\"og:image\" content=\"https:\/\/miumjau.ee\/wp-content\/uploads\/2025\/04\/ambrosia-puppy-growth-chicken-salmon-Photoroom.webp\" \/>\n\t<meta property=\"og:image:width\" content=\"600\" \/>\n\t<meta property=\"og:image:height\" content=\"800\" \/>\n\t<meta property=\"og:image:type\" content=\"image\/webp\" \/>\n<meta name=\"twitter:card\" content=\"summary_large_image\" \/>\n<script type=\"application\/ld+json\" class=\"yoast-schema-graph\">{\"@context\":\"https:\/\/schema.org\",\"@graph\":[{\"@type\":\"WebPage\",\"@id\":\"https:\/\/miumjau.ee\/lt\/produktas\/ambrosia-puppy-growth-large-breeds-vistiena-ir-lasisa-12-kg\/\",\"url\":\"https:\/\/miumjau.ee\/lt\/produktas\/ambrosia-puppy-growth-large-breeds-vistiena-ir-lasisa-12-kg\/\",\"name\":\"Ambrosia Puppy & Growth Large Breeds vi\u0161tiena ir la\u0161i\u0161a 12 kg - MiuMjau\",\"isPartOf\":{\"@id\":\"https:\/\/miumjau.ee\/#website\"},\"primaryImageOfPage\":{\"@id\":\"https:\/\/miumjau.ee\/lt\/produktas\/ambrosia-puppy-growth-large-breeds-vistiena-ir-lasisa-12-kg\/#primaryimage\"},\"image\":{\"@id\":\"https:\/\/miumjau.ee\/lt\/produktas\/ambrosia-puppy-growth-large-breeds-vistiena-ir-lasisa-12-kg\/#primaryimage\"},\"thumbnailUrl\":\"https:\/\/miumjau.ee\/wp-content\/uploads\/2025\/04\/ambrosia-puppy-growth-chicken-salmon-Photoroom.webp\",\"datePublished\":\"2025-04-07T16:41:52+00:00\",\"dateModified\":\"2026-01-07T18:41:08+00:00\",\"breadcrumb\":{\"@id\":\"https:\/\/miumjau.ee\/lt\/produktas\/ambrosia-puppy-growth-large-breeds-vistiena-ir-lasisa-12-kg\/#breadcrumb\"},\"inLanguage\":\"lt-LT\",\"potentialAction\":[{\"@type\":\"ReadAction\",\"target\":[\"https:\/\/miumjau.ee\/lt\/produktas\/ambrosia-puppy-growth-large-breeds-vistiena-ir-lasisa-12-kg\/\"]}]},{\"@type\":\"ImageObject\",\"inLanguage\":\"lt-LT\",\"@id\":\"https:\/\/miumjau.ee\/lt\/produktas\/ambrosia-puppy-growth-large-breeds-vistiena-ir-lasisa-12-kg\/#primaryimage\",\"url\":\"https:\/\/miumjau.ee\/wp-content\/uploads\/2025\/04\/ambrosia-puppy-growth-chicken-salmon-Photoroom.webp\",\"contentUrl\":\"https:\/\/miumjau.ee\/wp-content\/uploads\/2025\/04\/ambrosia-puppy-growth-chicken-salmon-Photoroom.webp\",\"width\":600,\"height\":800},{\"@type\":\"BreadcrumbList\",\"@id\":\"https:\/\/miumjau.ee\/lt\/produktas\/ambrosia-puppy-growth-large-breeds-vistiena-ir-lasisa-12-kg\/#breadcrumb\",\"itemListElement\":[{\"@type\":\"ListItem\",\"position\":1,\"name\":\"Home\",\"item\":\"https:\/\/miumjau.ee\/lt\/\"},{\"@type\":\"ListItem\",\"position\":2,\"name\":\"Parduotuv\u0117\",\"item\":\"https:\/\/miumjau.ee\/lt\/parduotuve\/\"},{\"@type\":\"ListItem\",\"position\":3,\"name\":\"Ambrosia Puppy &#038; Growth Large Breeds vi\u0161tiena ir la\u0161i\u0161a 12 kg\"}]},{\"@type\":\"WebSite\",\"@id\":\"https:\/\/miumjau.ee\/#website\",\"url\":\"https:\/\/miumjau.ee\/\",\"name\":\"MiuMjau\",\"description\":\"Kraapimispuud kassidele\",\"publisher\":{\"@id\":\"https:\/\/miumjau.ee\/#organization\"},\"potentialAction\":[{\"@type\":\"SearchAction\",\"target\":{\"@type\":\"EntryPoint\",\"urlTemplate\":\"https:\/\/miumjau.ee\/?s={search_term_string}\"},\"query-input\":{\"@type\":\"PropertyValueSpecification\",\"valueRequired\":true,\"valueName\":\"search_term_string\"}}],\"inLanguage\":\"lt-LT\"},{\"@type\":\"Organization\",\"@id\":\"https:\/\/miumjau.ee\/#organization\",\"name\":\"MiuMjau O\u00dc\",\"url\":\"https:\/\/miumjau.ee\/\",\"logo\":{\"@type\":\"ImageObject\",\"inLanguage\":\"lt-LT\",\"@id\":\"https:\/\/miumjau.ee\/#\/schema\/logo\/image\/\",\"url\":\"https:\/\/miumjau.ee\/wp-content\/uploads\/2022\/04\/MiuMjau-logo-kollane.png\",\"contentUrl\":\"https:\/\/miumjau.ee\/wp-content\/uploads\/2022\/04\/MiuMjau-logo-kollane.png\",\"width\":219,\"height\":100,\"caption\":\"MiuMjau O\u00dc\"},\"image\":{\"@id\":\"https:\/\/miumjau.ee\/#\/schema\/logo\/image\/\"},\"sameAs\":[\"https:\/\/www.facebook.com\/miumjaupood\/\"]}]}<\/script>\n<!-- \/ Yoast SEO plugin. -->","yoast_head_json":{"title":"Ambrosia Puppy & Growth Large Breeds vi\u0161tiena ir la\u0161i\u0161a 12 kg - MiuMjau","robots":{"index":"index","follow":"follow","max-snippet":"max-snippet:-1","max-image-preview":"max-image-preview:large","max-video-preview":"max-video-preview:-1"},"canonical":"https:\/\/miumjau.ee\/lt\/produktas\/ambrosia-puppy-growth-large-breeds-vistiena-ir-lasisa-12-kg\/","og_locale":"lt_LT","og_type":"article","og_title":"Ambrosia Puppy & Growth Large Breeds vi\u0161tiena ir la\u0161i\u0161a 12 kg - MiuMjau","og_description":"Ambrosia Puppy &amp; Growth \u2013 Fresh Chicken &amp; Salmon \u2013 tai visavertis pa\u0161aras dideli\u0173 veisli\u0173 \u0161uniukams, skirtas sveikam ir subalansuotam augimui. \u0160is receptas sukurtas specialiai didel\u0117ms \u0161un\u0173 veisl\u0117ms, kuri\u0173 augimo laikotarpiu reikalinga kruop\u0161\u010diai subalansuota mityba kaul\u0173 ir s\u0105nari\u0173 palaikymui. Vidutinio dyd\u017eio granul\u0117s sujungia \u0161vie\u017ei\u0105 vi\u0161tien\u0105 ir d\u017eiovint\u0105 la\u0161i\u0161\u0105, suteikdamos auk\u0161tos kokyb\u0117s baltym\u0173, b\u016btin\u0173 riebal\u0173, vitamin\u0173 ir mineral\u0173 stipriam vystymuisi. Sveikas augimas, stiprus k\u016bnas.\ud83d\udc14 \u0160vie\u017eia vi\u0161tiena ir la\u0161i\u0161a \u2013 auk\u0161tos kokyb\u0117s baltymai raumen\u0173 vystymuisi\ud83e\uddb4 Gliukozaminas ir chondroitinas \u2013 s\u0105nari\u0173 ir kremzli\u0173 vystymuisi palaikyti\ud83e\udda0 Prebiotikai ir probiotikai \u2013 palaiko vir\u0161kinimo sistemos ir imuniteto sveikat\u0105\ud83c\udf3f Augaliniai ekstraktai ir uogos \u2013 nat\u016bral\u016bs antioksidantai stiprina organizm\u0105 Sud\u0117tis:Pauk\u0161tiena (37 %, i\u0161 j\u0173 \u0161vie\u017eia vi\u0161tiena 15 %, d\u017eiovinta pauk\u0161tiena 22 %), bulvi\u0173 krakmolas, pauk\u0161tienos riebalai (11,5 %), \u017ealieji \u017eirneliai, skaldyti \u017eirniai, hidrolizuoti vi\u0161tienos baltymai (8 %), d\u017eiovinta la\u0161i\u0161a (4 %), runkeli\u0173 mink\u0161timas, lin\u0173 s\u0117menys, mineralai, d\u017eiovintos alaus miel\u0117s, cikorija (inulino ir FOS \u0161altinis), la\u0161i\u0161\u0173 aliejus (0,5 %), MOS (manano oligosacharidai), gliukozaminas (750 mg\/kg), chondroitino sulfatas (750 mg\/kg), d\u017eiovinti brokoliai, \u0161pinatai, spanguol\u0117s, m\u0117lyn\u0117s, augaliniai ekstraktai (Yucca schidigera, rozmarinas, vynuogi\u0173 s\u0117klos, ciber\u017eol\u0117, citrusai, gvazdik\u0117liai). Analitin\u0117 sud\u0117tis:\u017dali baltymai 30 %, \u017dali riebalai 20 %, Omega-3 riebal\u0173 r\u016bg\u0161tys 0,7 %, Omega-6 riebal\u0173 r\u016bg\u0161tys 2,8 %, Pelenai 8,5 %, L\u0105steliena 2,5 %, Dr\u0117gm\u0117 9 %, Kalcis 1,6 %, Fosforas 1,1 % Priedai:Vitaminas A \u2013 14 000 IU, Vitaminas D3 \u2013 1 350 IU, Vitaminas E \u2013 400 mg, Taurinas \u2013 1 000 mg, L-karnitinas \u2013 50 mg Metabolizuojama energija: 3 984 kcal\/kg \ud83d\udc9a Ambrosia Fresh Chicken &amp; Salmon \u2013 visapusi\u0161kai subalansuotas augimo pa\u0161aras dideli\u0173 veisli\u0173 \u0161uniukams ir jauniems \u0161unims, palaikantis s\u0105narius, vir\u0161kinim\u0105 ir gyvybingum\u0105 nuo pat prad\u017ei\u0173.","og_url":"https:\/\/miumjau.ee\/lt\/produktas\/ambrosia-puppy-growth-large-breeds-vistiena-ir-lasisa-12-kg\/","og_site_name":"MiuMjau","article_publisher":"https:\/\/www.facebook.com\/miumjaupood\/","article_modified_time":"2026-01-07T18:41:08+00:00","og_image":[{"width":600,"height":800,"url":"https:\/\/miumjau.ee\/wp-content\/uploads\/2025\/04\/ambrosia-puppy-growth-chicken-salmon-Photoroom.webp","type":"image\/webp"}],"twitter_card":"summary_large_image","schema":{"@context":"https:\/\/schema.org","@graph":[{"@type":"WebPage","@id":"https:\/\/miumjau.ee\/lt\/produktas\/ambrosia-puppy-growth-large-breeds-vistiena-ir-lasisa-12-kg\/","url":"https:\/\/miumjau.ee\/lt\/produktas\/ambrosia-puppy-growth-large-breeds-vistiena-ir-lasisa-12-kg\/","name":"Ambrosia Puppy & Growth Large Breeds vi\u0161tiena ir la\u0161i\u0161a 12 kg - MiuMjau","isPartOf":{"@id":"https:\/\/miumjau.ee\/#website"},"primaryImageOfPage":{"@id":"https:\/\/miumjau.ee\/lt\/produktas\/ambrosia-puppy-growth-large-breeds-vistiena-ir-lasisa-12-kg\/#primaryimage"},"image":{"@id":"https:\/\/miumjau.ee\/lt\/produktas\/ambrosia-puppy-growth-large-breeds-vistiena-ir-lasisa-12-kg\/#primaryimage"},"thumbnailUrl":"https:\/\/miumjau.ee\/wp-content\/uploads\/2025\/04\/ambrosia-puppy-growth-chicken-salmon-Photoroom.webp","datePublished":"2025-04-07T16:41:52+00:00","dateModified":"2026-01-07T18:41:08+00:00","breadcrumb":{"@id":"https:\/\/miumjau.ee\/lt\/produktas\/ambrosia-puppy-growth-large-breeds-vistiena-ir-lasisa-12-kg\/#breadcrumb"},"inLanguage":"lt-LT","potentialAction":[{"@type":"ReadAction","target":["https:\/\/miumjau.ee\/lt\/produktas\/ambrosia-puppy-growth-large-breeds-vistiena-ir-lasisa-12-kg\/"]}]},{"@type":"ImageObject","inLanguage":"lt-LT","@id":"https:\/\/miumjau.ee\/lt\/produktas\/ambrosia-puppy-growth-large-breeds-vistiena-ir-lasisa-12-kg\/#primaryimage","url":"https:\/\/miumjau.ee\/wp-content\/uploads\/2025\/04\/ambrosia-puppy-growth-chicken-salmon-Photoroom.webp","contentUrl":"https:\/\/miumjau.ee\/wp-content\/uploads\/2025\/04\/ambrosia-puppy-growth-chicken-salmon-Photoroom.webp","width":600,"height":800},{"@type":"BreadcrumbList","@id":"https:\/\/miumjau.ee\/lt\/produktas\/ambrosia-puppy-growth-large-breeds-vistiena-ir-lasisa-12-kg\/#breadcrumb","itemListElement":[{"@type":"ListItem","position":1,"name":"Home","item":"https:\/\/miumjau.ee\/lt\/"},{"@type":"ListItem","position":2,"name":"Parduotuv\u0117","item":"https:\/\/miumjau.ee\/lt\/parduotuve\/"},{"@type":"ListItem","position":3,"name":"Ambrosia Puppy &#038; Growth Large Breeds vi\u0161tiena ir la\u0161i\u0161a 12 kg"}]},{"@type":"WebSite","@id":"https:\/\/miumjau.ee\/#website","url":"https:\/\/miumjau.ee\/","name":"MiuMjau","description":"Kraapimispuud kassidele","publisher":{"@id":"https:\/\/miumjau.ee\/#organization"},"potentialAction":[{"@type":"SearchAction","target":{"@type":"EntryPoint","urlTemplate":"https:\/\/miumjau.ee\/?s={search_term_string}"},"query-input":{"@type":"PropertyValueSpecification","valueRequired":true,"valueName":"search_term_string"}}],"inLanguage":"lt-LT"},{"@type":"Organization","@id":"https:\/\/miumjau.ee\/#organization","name":"MiuMjau O\u00dc","url":"https:\/\/miumjau.ee\/","logo":{"@type":"ImageObject","inLanguage":"lt-LT","@id":"https:\/\/miumjau.ee\/#\/schema\/logo\/image\/","url":"https:\/\/miumjau.ee\/wp-content\/uploads\/2022\/04\/MiuMjau-logo-kollane.png","contentUrl":"https:\/\/miumjau.ee\/wp-content\/uploads\/2022\/04\/MiuMjau-logo-kollane.png","width":219,"height":100,"caption":"MiuMjau O\u00dc"},"image":{"@id":"https:\/\/miumjau.ee\/#\/schema\/logo\/image\/"},"sameAs":["https:\/\/www.facebook.com\/miumjaupood\/"]}]}},"_links":{"self":[{"href":"https:\/\/miumjau.ee\/lt\/wp-json\/wp\/v2\/product\/51049","targetHints":{"allow":["GET"]}}],"collection":[{"href":"https:\/\/miumjau.ee\/lt\/wp-json\/wp\/v2\/product"}],"about":[{"href":"https:\/\/miumjau.ee\/lt\/wp-json\/wp\/v2\/types\/product"}],"wp:featuredmedia":[{"embeddable":true,"href":"https:\/\/miumjau.ee\/lt\/wp-json\/wp\/v2\/media\/51048"}],"wp:attachment":[{"href":"https:\/\/miumjau.ee\/lt\/wp-json\/wp\/v2\/media?parent=51049"}],"wp:term":[{"taxonomy":"product_brand","embeddable":true,"href":"https:\/\/miumjau.ee\/lt\/wp-json\/wp\/v2\/product_brand?post=51049"},{"taxonomy":"product_cat","embeddable":true,"href":"https:\/\/miumjau.ee\/lt\/wp-json\/wp\/v2\/product_cat?post=51049"},{"taxonomy":"product_tag","embeddable":true,"href":"https:\/\/miumjau.ee\/lt\/wp-json\/wp\/v2\/product_tag?post=51049"}],"curies":[{"name":"wp","href":"https:\/\/api.w.org\/{rel}","templated":true}]}}