{"id":51041,"date":"2025-04-07T19:45:44","date_gmt":"2025-04-07T16:45:44","guid":{"rendered":"https:\/\/miumjau.ee\/toode\/ambrosia-puppy-growth-vistiena-ir-zuvis-2-kg\/"},"modified":"2026-01-07T20:41:08","modified_gmt":"2026-01-07T18:41:08","slug":"ambrosia-puppy-growth-vistiena-ir-zuvis-2-kg","status":"publish","type":"product","link":"https:\/\/miumjau.ee\/lt\/produktas\/ambrosia-puppy-growth-vistiena-ir-zuvis-2-kg\/","title":{"rendered":"Ambrosia Puppy &#038; Growth vi\u0161tiena ir \u017euvis 2 kg"},"content":{"rendered":"","protected":false},"excerpt":{"rendered":"<p data-start=\"3923\" data-end=\"4059\"><strong data-start=\"3923\" data-end=\"3973\">Ambrosia Puppy &amp; Growth \u2013 Chicken &amp; Fresh Fish<\/strong> \u2013 tai visavertis pa\u0161aras visiems \u0161uniukams, skirtas subalansuotam ir sveikam augimui.<\/p>\n<p data-start=\"4061\" data-end=\"4338\">Maistingas ir lengvai vir\u0161kinamas receptas, kuriame dera \u0161vie\u017eios \u017euvies baltymai, auk\u0161tos kokyb\u0117s vi\u0161tiena bei nat\u016bral\u016bs antioksidantai \u2013 brokoliai, \u0161pinatai, spanguol\u0117s ir m\u0117lyn\u0117s. \u0160is visavertis pa\u0161aras suteikia visas b\u016btinas maistines med\u017eiagas skirting\u0173 veisli\u0173 \u0161uniukams.<\/p>\n<p data-start=\"4340\" data-end=\"4725\"><strong data-start=\"4340\" data-end=\"4388\">I\u0161mintingas pasirinkimas jauniems \u0161uniukams.<\/strong><br data-start=\"4388\" data-end=\"4391\" \/>\ud83d\udc1f <strong data-start=\"4394\" data-end=\"4423\">\u0160vie\u017eia \u017euvis ir vi\u0161tiena<\/strong> \u2013 lengvai vir\u0161kinami baltymai smegen\u0173 vystymuisi, raumenims ir kailiui<br data-start=\"4494\" data-end=\"4497\" \/>\ud83e\uddb4 <strong data-start=\"4500\" data-end=\"4522\">Kalcis ir fosforas<\/strong> \u2013 optimaliu santykiu kaul\u0173 vystymuisi<br data-start=\"4560\" data-end=\"4563\" \/>\ud83e\udda0 <strong data-start=\"4566\" data-end=\"4596\">Prebiotikai ir probiotikai<\/strong> \u2013 palaiko vir\u0161kinim\u0105 ir stiprina imunin\u0119 sistem\u0105<br data-start=\"4645\" data-end=\"4648\" \/>\ud83c\udf3f <strong data-start=\"4651\" data-end=\"4675\">Nat\u016bral\u016bs ekstraktai<\/strong> \u2013 palaiko med\u017eiag\u0173 apykait\u0105 ir bendr\u0105 savijaut\u0105<\/p>\n<p data-start=\"4727\" data-end=\"5305\"><strong data-start=\"4727\" data-end=\"4739\">Sud\u0117tis:<\/strong> \u017duvis (21 %, i\u0161 j\u0173 \u0161vie\u017eia \u017euvis 15 %, d\u017eiovinta silk\u0117 6 %), d\u017eiovinta vi\u0161tiena (19 %), bulvi\u0173 dribsniai, \u017ealieji \u017eirneliai, skaldyti \u017eirniai, gyv\u016bniniai riebalai (11 %), hidrolizuoti gyv\u016bniniai baltymai (8 %), runkeli\u0173 mink\u0161timas, lin\u0173 s\u0117menys, mineralai, d\u017eiovintos alaus miel\u0117s, la\u0161i\u0161\u0173 aliejus (0,5 %), cikorija (inulino ir FOS \u0161altinis), MOS (manano oligosacharidai), d\u017eiovinti brokoliai, \u0161pinatai, spanguol\u0117s, m\u0117lyn\u0117s, gliukozaminas (150 mg\/kg), chondroitinas (150 mg\/kg), augaliniai ekstraktai (rozmarinas, vynuogi\u0173 s\u0117klos, ciber\u017eol\u0117, citrusai, gvazdik\u0117liai).<\/p>\n<p data-start=\"5307\" data-end=\"5505\"><strong data-start=\"5307\" data-end=\"5329\">Analitin\u0117 sud\u0117tis:<\/strong> \u017dali baltymai 32 %, \u017dali riebalai 22 %, Omega-3 riebal\u0173 r\u016bg\u0161tys 0,9 %, Omega-6 riebal\u0173 r\u016bg\u0161tys 3,0 %, Pelenai 7,0 %, L\u0105steliena 2,5 %, Dr\u0117gm\u0117 9 %, Kalcis 1,4 %, Fosforas 1,0 %<\/p>\n<p data-start=\"5507\" data-end=\"5633\"><strong data-start=\"5507\" data-end=\"5519\">Priedai:<\/strong> Vitaminas A \u2013 14 000 IU, Vitaminas D3 \u2013 1 350 IU, Vitaminas E \u2013 400 mg, Taurinas \u2013 1 000 mg, L-karnitinas \u2013 50 mg<\/p>\n<p data-start=\"5635\" data-end=\"5678\"><strong data-start=\"5635\" data-end=\"5664\">Metabolizuojama energija:<\/strong> 3 990 kcal\/kg<\/p>\n<p data-start=\"5680\" data-end=\"5804\" data-is-last-node=\"\" data-is-only-node=\"\">\ud83d\udc9a <strong data-start=\"5683\" data-end=\"5716\">Ambrosia Chicken &amp; Fresh Fish<\/strong> \u2013 idealus receptas vis\u0173 dyd\u017ei\u0173 \u0161uniukams, kuriems reikalingas stiprus gyvenimo startas.<\/p>\n","protected":false},"featured_media":51042,"template":"","meta":[],"product_brand":[],"product_cat":[538],"product_tag":[],"class_list":{"0":"post-51041","1":"product","2":"type-product","3":"status-publish","4":"has-post-thumbnail","6":"product_cat-sausas-maistas-sunims","8":"first","9":"instock","10":"taxable","11":"shipping-taxable","12":"purchasable","13":"product-type-simple"},"yoast_head":"<!-- This site is optimized with the Yoast SEO plugin v27.2 - https:\/\/yoast.com\/product\/yoast-seo-wordpress\/ -->\n<title>Ambrosia Puppy &amp; Growth vi\u0161tiena ir \u017euvis 2 kg - MiuMjau<\/title>\n<meta name=\"robots\" content=\"index, follow, max-snippet:-1, max-image-preview:large, max-video-preview:-1\" \/>\n<link rel=\"canonical\" href=\"https:\/\/miumjau.ee\/lt\/produktas\/ambrosia-puppy-growth-vistiena-ir-zuvis-2-kg\/\" \/>\n<meta property=\"og:locale\" content=\"lt_LT\" \/>\n<meta property=\"og:type\" content=\"article\" \/>\n<meta property=\"og:title\" content=\"Ambrosia Puppy &amp; Growth vi\u0161tiena ir \u017euvis 2 kg - MiuMjau\" \/>\n<meta property=\"og:description\" content=\"Ambrosia Puppy &amp; Growth \u2013 Chicken &amp; Fresh Fish \u2013 tai visavertis pa\u0161aras visiems \u0161uniukams, skirtas subalansuotam ir sveikam augimui. Maistingas ir lengvai vir\u0161kinamas receptas, kuriame dera \u0161vie\u017eios \u017euvies baltymai, auk\u0161tos kokyb\u0117s vi\u0161tiena bei nat\u016bral\u016bs antioksidantai \u2013 brokoliai, \u0161pinatai, spanguol\u0117s ir m\u0117lyn\u0117s. \u0160is visavertis pa\u0161aras suteikia visas b\u016btinas maistines med\u017eiagas skirting\u0173 veisli\u0173 \u0161uniukams. I\u0161mintingas pasirinkimas jauniems \u0161uniukams.\ud83d\udc1f \u0160vie\u017eia \u017euvis ir vi\u0161tiena \u2013 lengvai vir\u0161kinami baltymai smegen\u0173 vystymuisi, raumenims ir kailiui\ud83e\uddb4 Kalcis ir fosforas \u2013 optimaliu santykiu kaul\u0173 vystymuisi\ud83e\udda0 Prebiotikai ir probiotikai \u2013 palaiko vir\u0161kinim\u0105 ir stiprina imunin\u0119 sistem\u0105\ud83c\udf3f Nat\u016bral\u016bs ekstraktai \u2013 palaiko med\u017eiag\u0173 apykait\u0105 ir bendr\u0105 savijaut\u0105 Sud\u0117tis: \u017duvis (21 %, i\u0161 j\u0173 \u0161vie\u017eia \u017euvis 15 %, d\u017eiovinta silk\u0117 6 %), d\u017eiovinta vi\u0161tiena (19 %), bulvi\u0173 dribsniai, \u017ealieji \u017eirneliai, skaldyti \u017eirniai, gyv\u016bniniai riebalai (11 %), hidrolizuoti gyv\u016bniniai baltymai (8 %), runkeli\u0173 mink\u0161timas, lin\u0173 s\u0117menys, mineralai, d\u017eiovintos alaus miel\u0117s, la\u0161i\u0161\u0173 aliejus (0,5 %), cikorija (inulino ir FOS \u0161altinis), MOS (manano oligosacharidai), d\u017eiovinti brokoliai, \u0161pinatai, spanguol\u0117s, m\u0117lyn\u0117s, gliukozaminas (150 mg\/kg), chondroitinas (150 mg\/kg), augaliniai ekstraktai (rozmarinas, vynuogi\u0173 s\u0117klos, ciber\u017eol\u0117, citrusai, gvazdik\u0117liai). Analitin\u0117 sud\u0117tis: \u017dali baltymai 32 %, \u017dali riebalai 22 %, Omega-3 riebal\u0173 r\u016bg\u0161tys 0,9 %, Omega-6 riebal\u0173 r\u016bg\u0161tys 3,0 %, Pelenai 7,0 %, L\u0105steliena 2,5 %, Dr\u0117gm\u0117 9 %, Kalcis 1,4 %, Fosforas 1,0 % Priedai: Vitaminas A \u2013 14 000 IU, Vitaminas D3 \u2013 1 350 IU, Vitaminas E \u2013 400 mg, Taurinas \u2013 1 000 mg, L-karnitinas \u2013 50 mg Metabolizuojama energija: 3 990 kcal\/kg \ud83d\udc9a Ambrosia Chicken &amp; Fresh Fish \u2013 idealus receptas vis\u0173 dyd\u017ei\u0173 \u0161uniukams, kuriems reikalingas stiprus gyvenimo startas.\" \/>\n<meta property=\"og:url\" content=\"https:\/\/miumjau.ee\/lt\/produktas\/ambrosia-puppy-growth-vistiena-ir-zuvis-2-kg\/\" \/>\n<meta property=\"og:site_name\" content=\"MiuMjau\" \/>\n<meta property=\"article:publisher\" content=\"https:\/\/www.facebook.com\/miumjaupood\/\" \/>\n<meta property=\"article:modified_time\" content=\"2026-01-07T18:41:08+00:00\" \/>\n<meta property=\"og:image\" content=\"https:\/\/miumjau.ee\/wp-content\/uploads\/2025\/04\/ambrosia-puppy-growth-chicken-fish-Photoroom.webp\" \/>\n\t<meta property=\"og:image:width\" content=\"600\" \/>\n\t<meta property=\"og:image:height\" content=\"800\" \/>\n\t<meta property=\"og:image:type\" content=\"image\/webp\" \/>\n<meta name=\"twitter:card\" content=\"summary_large_image\" \/>\n<script type=\"application\/ld+json\" class=\"yoast-schema-graph\">{\"@context\":\"https:\/\/schema.org\",\"@graph\":[{\"@type\":\"WebPage\",\"@id\":\"https:\/\/miumjau.ee\/lt\/produktas\/ambrosia-puppy-growth-vistiena-ir-zuvis-2-kg\/\",\"url\":\"https:\/\/miumjau.ee\/lt\/produktas\/ambrosia-puppy-growth-vistiena-ir-zuvis-2-kg\/\",\"name\":\"Ambrosia Puppy & Growth vi\u0161tiena ir \u017euvis 2 kg - MiuMjau\",\"isPartOf\":{\"@id\":\"https:\/\/miumjau.ee\/#website\"},\"primaryImageOfPage\":{\"@id\":\"https:\/\/miumjau.ee\/lt\/produktas\/ambrosia-puppy-growth-vistiena-ir-zuvis-2-kg\/#primaryimage\"},\"image\":{\"@id\":\"https:\/\/miumjau.ee\/lt\/produktas\/ambrosia-puppy-growth-vistiena-ir-zuvis-2-kg\/#primaryimage\"},\"thumbnailUrl\":\"https:\/\/miumjau.ee\/wp-content\/uploads\/2025\/04\/ambrosia-puppy-growth-chicken-fish-Photoroom.webp\",\"datePublished\":\"2025-04-07T16:45:44+00:00\",\"dateModified\":\"2026-01-07T18:41:08+00:00\",\"breadcrumb\":{\"@id\":\"https:\/\/miumjau.ee\/lt\/produktas\/ambrosia-puppy-growth-vistiena-ir-zuvis-2-kg\/#breadcrumb\"},\"inLanguage\":\"lt-LT\",\"potentialAction\":[{\"@type\":\"ReadAction\",\"target\":[\"https:\/\/miumjau.ee\/lt\/produktas\/ambrosia-puppy-growth-vistiena-ir-zuvis-2-kg\/\"]}]},{\"@type\":\"ImageObject\",\"inLanguage\":\"lt-LT\",\"@id\":\"https:\/\/miumjau.ee\/lt\/produktas\/ambrosia-puppy-growth-vistiena-ir-zuvis-2-kg\/#primaryimage\",\"url\":\"https:\/\/miumjau.ee\/wp-content\/uploads\/2025\/04\/ambrosia-puppy-growth-chicken-fish-Photoroom.webp\",\"contentUrl\":\"https:\/\/miumjau.ee\/wp-content\/uploads\/2025\/04\/ambrosia-puppy-growth-chicken-fish-Photoroom.webp\",\"width\":600,\"height\":800},{\"@type\":\"BreadcrumbList\",\"@id\":\"https:\/\/miumjau.ee\/lt\/produktas\/ambrosia-puppy-growth-vistiena-ir-zuvis-2-kg\/#breadcrumb\",\"itemListElement\":[{\"@type\":\"ListItem\",\"position\":1,\"name\":\"Home\",\"item\":\"https:\/\/miumjau.ee\/lt\/\"},{\"@type\":\"ListItem\",\"position\":2,\"name\":\"Parduotuv\u0117\",\"item\":\"https:\/\/miumjau.ee\/lt\/parduotuve\/\"},{\"@type\":\"ListItem\",\"position\":3,\"name\":\"Ambrosia Puppy &#038; Growth vi\u0161tiena ir \u017euvis 2 kg\"}]},{\"@type\":\"WebSite\",\"@id\":\"https:\/\/miumjau.ee\/#website\",\"url\":\"https:\/\/miumjau.ee\/\",\"name\":\"MiuMjau\",\"description\":\"Kraapimispuud kassidele\",\"publisher\":{\"@id\":\"https:\/\/miumjau.ee\/#organization\"},\"potentialAction\":[{\"@type\":\"SearchAction\",\"target\":{\"@type\":\"EntryPoint\",\"urlTemplate\":\"https:\/\/miumjau.ee\/?s={search_term_string}\"},\"query-input\":{\"@type\":\"PropertyValueSpecification\",\"valueRequired\":true,\"valueName\":\"search_term_string\"}}],\"inLanguage\":\"lt-LT\"},{\"@type\":\"Organization\",\"@id\":\"https:\/\/miumjau.ee\/#organization\",\"name\":\"MiuMjau O\u00dc\",\"url\":\"https:\/\/miumjau.ee\/\",\"logo\":{\"@type\":\"ImageObject\",\"inLanguage\":\"lt-LT\",\"@id\":\"https:\/\/miumjau.ee\/#\/schema\/logo\/image\/\",\"url\":\"https:\/\/miumjau.ee\/wp-content\/uploads\/2022\/04\/MiuMjau-logo-kollane.png\",\"contentUrl\":\"https:\/\/miumjau.ee\/wp-content\/uploads\/2022\/04\/MiuMjau-logo-kollane.png\",\"width\":219,\"height\":100,\"caption\":\"MiuMjau O\u00dc\"},\"image\":{\"@id\":\"https:\/\/miumjau.ee\/#\/schema\/logo\/image\/\"},\"sameAs\":[\"https:\/\/www.facebook.com\/miumjaupood\/\"]}]}<\/script>\n<!-- \/ Yoast SEO plugin. -->","yoast_head_json":{"title":"Ambrosia Puppy & Growth vi\u0161tiena ir \u017euvis 2 kg - MiuMjau","robots":{"index":"index","follow":"follow","max-snippet":"max-snippet:-1","max-image-preview":"max-image-preview:large","max-video-preview":"max-video-preview:-1"},"canonical":"https:\/\/miumjau.ee\/lt\/produktas\/ambrosia-puppy-growth-vistiena-ir-zuvis-2-kg\/","og_locale":"lt_LT","og_type":"article","og_title":"Ambrosia Puppy & Growth vi\u0161tiena ir \u017euvis 2 kg - MiuMjau","og_description":"Ambrosia Puppy &amp; Growth \u2013 Chicken &amp; Fresh Fish \u2013 tai visavertis pa\u0161aras visiems \u0161uniukams, skirtas subalansuotam ir sveikam augimui. Maistingas ir lengvai vir\u0161kinamas receptas, kuriame dera \u0161vie\u017eios \u017euvies baltymai, auk\u0161tos kokyb\u0117s vi\u0161tiena bei nat\u016bral\u016bs antioksidantai \u2013 brokoliai, \u0161pinatai, spanguol\u0117s ir m\u0117lyn\u0117s. \u0160is visavertis pa\u0161aras suteikia visas b\u016btinas maistines med\u017eiagas skirting\u0173 veisli\u0173 \u0161uniukams. I\u0161mintingas pasirinkimas jauniems \u0161uniukams.\ud83d\udc1f \u0160vie\u017eia \u017euvis ir vi\u0161tiena \u2013 lengvai vir\u0161kinami baltymai smegen\u0173 vystymuisi, raumenims ir kailiui\ud83e\uddb4 Kalcis ir fosforas \u2013 optimaliu santykiu kaul\u0173 vystymuisi\ud83e\udda0 Prebiotikai ir probiotikai \u2013 palaiko vir\u0161kinim\u0105 ir stiprina imunin\u0119 sistem\u0105\ud83c\udf3f Nat\u016bral\u016bs ekstraktai \u2013 palaiko med\u017eiag\u0173 apykait\u0105 ir bendr\u0105 savijaut\u0105 Sud\u0117tis: \u017duvis (21 %, i\u0161 j\u0173 \u0161vie\u017eia \u017euvis 15 %, d\u017eiovinta silk\u0117 6 %), d\u017eiovinta vi\u0161tiena (19 %), bulvi\u0173 dribsniai, \u017ealieji \u017eirneliai, skaldyti \u017eirniai, gyv\u016bniniai riebalai (11 %), hidrolizuoti gyv\u016bniniai baltymai (8 %), runkeli\u0173 mink\u0161timas, lin\u0173 s\u0117menys, mineralai, d\u017eiovintos alaus miel\u0117s, la\u0161i\u0161\u0173 aliejus (0,5 %), cikorija (inulino ir FOS \u0161altinis), MOS (manano oligosacharidai), d\u017eiovinti brokoliai, \u0161pinatai, spanguol\u0117s, m\u0117lyn\u0117s, gliukozaminas (150 mg\/kg), chondroitinas (150 mg\/kg), augaliniai ekstraktai (rozmarinas, vynuogi\u0173 s\u0117klos, ciber\u017eol\u0117, citrusai, gvazdik\u0117liai). Analitin\u0117 sud\u0117tis: \u017dali baltymai 32 %, \u017dali riebalai 22 %, Omega-3 riebal\u0173 r\u016bg\u0161tys 0,9 %, Omega-6 riebal\u0173 r\u016bg\u0161tys 3,0 %, Pelenai 7,0 %, L\u0105steliena 2,5 %, Dr\u0117gm\u0117 9 %, Kalcis 1,4 %, Fosforas 1,0 % Priedai: Vitaminas A \u2013 14 000 IU, Vitaminas D3 \u2013 1 350 IU, Vitaminas E \u2013 400 mg, Taurinas \u2013 1 000 mg, L-karnitinas \u2013 50 mg Metabolizuojama energija: 3 990 kcal\/kg \ud83d\udc9a Ambrosia Chicken &amp; Fresh Fish \u2013 idealus receptas vis\u0173 dyd\u017ei\u0173 \u0161uniukams, kuriems reikalingas stiprus gyvenimo startas.","og_url":"https:\/\/miumjau.ee\/lt\/produktas\/ambrosia-puppy-growth-vistiena-ir-zuvis-2-kg\/","og_site_name":"MiuMjau","article_publisher":"https:\/\/www.facebook.com\/miumjaupood\/","article_modified_time":"2026-01-07T18:41:08+00:00","og_image":[{"width":600,"height":800,"url":"https:\/\/miumjau.ee\/wp-content\/uploads\/2025\/04\/ambrosia-puppy-growth-chicken-fish-Photoroom.webp","type":"image\/webp"}],"twitter_card":"summary_large_image","schema":{"@context":"https:\/\/schema.org","@graph":[{"@type":"WebPage","@id":"https:\/\/miumjau.ee\/lt\/produktas\/ambrosia-puppy-growth-vistiena-ir-zuvis-2-kg\/","url":"https:\/\/miumjau.ee\/lt\/produktas\/ambrosia-puppy-growth-vistiena-ir-zuvis-2-kg\/","name":"Ambrosia Puppy & Growth vi\u0161tiena ir \u017euvis 2 kg - MiuMjau","isPartOf":{"@id":"https:\/\/miumjau.ee\/#website"},"primaryImageOfPage":{"@id":"https:\/\/miumjau.ee\/lt\/produktas\/ambrosia-puppy-growth-vistiena-ir-zuvis-2-kg\/#primaryimage"},"image":{"@id":"https:\/\/miumjau.ee\/lt\/produktas\/ambrosia-puppy-growth-vistiena-ir-zuvis-2-kg\/#primaryimage"},"thumbnailUrl":"https:\/\/miumjau.ee\/wp-content\/uploads\/2025\/04\/ambrosia-puppy-growth-chicken-fish-Photoroom.webp","datePublished":"2025-04-07T16:45:44+00:00","dateModified":"2026-01-07T18:41:08+00:00","breadcrumb":{"@id":"https:\/\/miumjau.ee\/lt\/produktas\/ambrosia-puppy-growth-vistiena-ir-zuvis-2-kg\/#breadcrumb"},"inLanguage":"lt-LT","potentialAction":[{"@type":"ReadAction","target":["https:\/\/miumjau.ee\/lt\/produktas\/ambrosia-puppy-growth-vistiena-ir-zuvis-2-kg\/"]}]},{"@type":"ImageObject","inLanguage":"lt-LT","@id":"https:\/\/miumjau.ee\/lt\/produktas\/ambrosia-puppy-growth-vistiena-ir-zuvis-2-kg\/#primaryimage","url":"https:\/\/miumjau.ee\/wp-content\/uploads\/2025\/04\/ambrosia-puppy-growth-chicken-fish-Photoroom.webp","contentUrl":"https:\/\/miumjau.ee\/wp-content\/uploads\/2025\/04\/ambrosia-puppy-growth-chicken-fish-Photoroom.webp","width":600,"height":800},{"@type":"BreadcrumbList","@id":"https:\/\/miumjau.ee\/lt\/produktas\/ambrosia-puppy-growth-vistiena-ir-zuvis-2-kg\/#breadcrumb","itemListElement":[{"@type":"ListItem","position":1,"name":"Home","item":"https:\/\/miumjau.ee\/lt\/"},{"@type":"ListItem","position":2,"name":"Parduotuv\u0117","item":"https:\/\/miumjau.ee\/lt\/parduotuve\/"},{"@type":"ListItem","position":3,"name":"Ambrosia Puppy &#038; Growth vi\u0161tiena ir \u017euvis 2 kg"}]},{"@type":"WebSite","@id":"https:\/\/miumjau.ee\/#website","url":"https:\/\/miumjau.ee\/","name":"MiuMjau","description":"Kraapimispuud kassidele","publisher":{"@id":"https:\/\/miumjau.ee\/#organization"},"potentialAction":[{"@type":"SearchAction","target":{"@type":"EntryPoint","urlTemplate":"https:\/\/miumjau.ee\/?s={search_term_string}"},"query-input":{"@type":"PropertyValueSpecification","valueRequired":true,"valueName":"search_term_string"}}],"inLanguage":"lt-LT"},{"@type":"Organization","@id":"https:\/\/miumjau.ee\/#organization","name":"MiuMjau O\u00dc","url":"https:\/\/miumjau.ee\/","logo":{"@type":"ImageObject","inLanguage":"lt-LT","@id":"https:\/\/miumjau.ee\/#\/schema\/logo\/image\/","url":"https:\/\/miumjau.ee\/wp-content\/uploads\/2022\/04\/MiuMjau-logo-kollane.png","contentUrl":"https:\/\/miumjau.ee\/wp-content\/uploads\/2022\/04\/MiuMjau-logo-kollane.png","width":219,"height":100,"caption":"MiuMjau O\u00dc"},"image":{"@id":"https:\/\/miumjau.ee\/#\/schema\/logo\/image\/"},"sameAs":["https:\/\/www.facebook.com\/miumjaupood\/"]}]}},"_links":{"self":[{"href":"https:\/\/miumjau.ee\/lt\/wp-json\/wp\/v2\/product\/51041","targetHints":{"allow":["GET"]}}],"collection":[{"href":"https:\/\/miumjau.ee\/lt\/wp-json\/wp\/v2\/product"}],"about":[{"href":"https:\/\/miumjau.ee\/lt\/wp-json\/wp\/v2\/types\/product"}],"wp:featuredmedia":[{"embeddable":true,"href":"https:\/\/miumjau.ee\/lt\/wp-json\/wp\/v2\/media\/51042"}],"wp:attachment":[{"href":"https:\/\/miumjau.ee\/lt\/wp-json\/wp\/v2\/media?parent=51041"}],"wp:term":[{"taxonomy":"product_brand","embeddable":true,"href":"https:\/\/miumjau.ee\/lt\/wp-json\/wp\/v2\/product_brand?post=51041"},{"taxonomy":"product_cat","embeddable":true,"href":"https:\/\/miumjau.ee\/lt\/wp-json\/wp\/v2\/product_cat?post=51041"},{"taxonomy":"product_tag","embeddable":true,"href":"https:\/\/miumjau.ee\/lt\/wp-json\/wp\/v2\/product_tag?post=51041"}],"curies":[{"name":"wp","href":"https:\/\/api.w.org\/{rel}","templated":true}]}}