{"id":51004,"date":"2025-06-25T17:36:39","date_gmt":"2025-06-25T14:36:39","guid":{"rendered":"https:\/\/miumjau.ee\/toode\/laizymo-kilimelis-grindims-sienai-19x23-zalias\/"},"modified":"2026-01-07T20:41:15","modified_gmt":"2026-01-07T18:41:15","slug":"laizymo-kilimelis-grindims-sienai-19x23-zalias","status":"publish","type":"product","link":"https:\/\/miumjau.ee\/lt\/produktas\/laizymo-kilimelis-grindims-sienai-19x23-zalias\/","title":{"rendered":"Lai\u017eymo kilim\u0117lis grindims \/ sienai 19&#215;23, \u017ealias"},"content":{"rendered":"","protected":false},"excerpt":{"rendered":"<p data-start=\"4816\" data-end=\"5252\">Kvadratinis Eat Slow Live Longer lai\u017eymo kilim\u0117lis su giliais grioveliais paver\u010dia skan\u0117st\u0173 pasiekim\u0105 tikru i\u0161\u0161\u016bkiu! \u0160uniui ar katei reikia gerokai pasistengti, kad pasiekt\u0173 visus skan\u0117stus tarp i\u0161kilim\u0173 ir kampuose. D\u0117l apa\u010dioje esan\u010di\u0173 siurbtuk\u0173 kilim\u0117l\u012f lengva pritvirtinti prie lygaus pavir\u0161iaus, tod\u0117l jis stabiliai laikosi lai\u017eymo metu \u2013 tiek ant grind\u0173, tiek, pavyzd\u017eiui, du\u0161o sienos \u0161uns maudymo metu, siekiant suma\u017einti stres\u0105.<\/p>\n<p data-start=\"5254\" data-end=\"5361\">Kilim\u0117lis pagamintas i\u0161 100 % silikono ir yra tinkamas plauti indaplov\u0117je, tod\u0117l j\u012f itin lengva pri\u017ei\u016br\u0117ti!<\/p>\n<p data-start=\"5363\" data-end=\"5777\"><strong data-start=\"5363\" data-end=\"5388\">Naudojimo instrukcija<\/strong> \u2013 Pad\u0117k kilim\u0117l\u012f ant lygaus pavir\u0161iaus ir prispausk, kad siurbtukai tvirtai prilipt\u0173. U\u017etepk \u017eem\u0117s rie\u0161ut\u0173 sviesto, pa\u0161teto ar dr\u0117gno maisto. Jei nori, gali pabarstyti ir sauso maisto ar skan\u0117st\u0173. Naudok \u0161\u0117rimo metu, kaip apdovanojim\u0105, nuoboduliui ma\u017einti ar d\u0117mesiui nukreipti \u0161ukuojant ar kerpant nagus. Vasar\u0105 kilim\u0117l\u012f su maistu galima \u012fd\u0117ti \u012f \u0161aldikl\u012f ir pasi\u016blyti v\u0117sinant\u012f skan\u0117st\u0105.<\/p>\n<p data-start=\"5779\" data-end=\"6129\" data-is-last-node=\"\" data-is-only-node=\"\"><strong data-start=\"5779\" data-end=\"5850\">Eat Slow Live Longer \u2013 sprendimas god\u017eiai valgantiems augintiniams!<\/strong><br data-start=\"5850\" data-end=\"5853\" \/>Eat Slow Live Longer produktai skatina l\u0117tesn\u012f valgym\u0105 ir padeda i\u0161vengti rijimo, kuris gali sukelti svorio augim\u0105, pilvo p\u016btim\u0105, prastesn\u0119 dant\u0173 higien\u0105 ir vir\u0161kinimo sistemos stres\u0105. Platus form\u0173 ir dyd\u017ei\u0173 pasirinkimas u\u017etikrina tinkam\u0105 sprendim\u0105 kiekvienam \u0161uniui ir katei.<\/p>\n","protected":false},"featured_media":50999,"template":"","meta":[],"product_brand":[],"product_cat":[543],"product_tag":[],"class_list":{"0":"post-51004","1":"product","2":"type-product","3":"status-publish","4":"has-post-thumbnail","6":"product_cat-maisto-ir-gerimu-indai","8":"first","9":"instock","10":"taxable","11":"shipping-taxable","12":"purchasable","13":"product-type-simple"},"yoast_head":"<!-- This site is optimized with the Yoast SEO plugin v27.2 - https:\/\/yoast.com\/product\/yoast-seo-wordpress\/ -->\n<title>Lai\u017eymo kilim\u0117lis grindims \/ sienai 19x23, \u017ealias - MiuMjau<\/title>\n<meta name=\"robots\" content=\"index, follow, max-snippet:-1, max-image-preview:large, max-video-preview:-1\" \/>\n<link rel=\"canonical\" href=\"https:\/\/miumjau.ee\/lt\/produktas\/laizymo-kilimelis-grindims-sienai-19x23-zalias\/\" \/>\n<meta property=\"og:locale\" content=\"lt_LT\" \/>\n<meta property=\"og:type\" content=\"article\" \/>\n<meta property=\"og:title\" content=\"Lai\u017eymo kilim\u0117lis grindims \/ sienai 19x23, \u017ealias - MiuMjau\" \/>\n<meta property=\"og:description\" content=\"Kvadratinis Eat Slow Live Longer lai\u017eymo kilim\u0117lis su giliais grioveliais paver\u010dia skan\u0117st\u0173 pasiekim\u0105 tikru i\u0161\u0161\u016bkiu! \u0160uniui ar katei reikia gerokai pasistengti, kad pasiekt\u0173 visus skan\u0117stus tarp i\u0161kilim\u0173 ir kampuose. D\u0117l apa\u010dioje esan\u010di\u0173 siurbtuk\u0173 kilim\u0117l\u012f lengva pritvirtinti prie lygaus pavir\u0161iaus, tod\u0117l jis stabiliai laikosi lai\u017eymo metu \u2013 tiek ant grind\u0173, tiek, pavyzd\u017eiui, du\u0161o sienos \u0161uns maudymo metu, siekiant suma\u017einti stres\u0105. Kilim\u0117lis pagamintas i\u0161 100 % silikono ir yra tinkamas plauti indaplov\u0117je, tod\u0117l j\u012f itin lengva pri\u017ei\u016br\u0117ti! Naudojimo instrukcija \u2013 Pad\u0117k kilim\u0117l\u012f ant lygaus pavir\u0161iaus ir prispausk, kad siurbtukai tvirtai prilipt\u0173. U\u017etepk \u017eem\u0117s rie\u0161ut\u0173 sviesto, pa\u0161teto ar dr\u0117gno maisto. Jei nori, gali pabarstyti ir sauso maisto ar skan\u0117st\u0173. Naudok \u0161\u0117rimo metu, kaip apdovanojim\u0105, nuoboduliui ma\u017einti ar d\u0117mesiui nukreipti \u0161ukuojant ar kerpant nagus. Vasar\u0105 kilim\u0117l\u012f su maistu galima \u012fd\u0117ti \u012f \u0161aldikl\u012f ir pasi\u016blyti v\u0117sinant\u012f skan\u0117st\u0105. Eat Slow Live Longer \u2013 sprendimas god\u017eiai valgantiems augintiniams!Eat Slow Live Longer produktai skatina l\u0117tesn\u012f valgym\u0105 ir padeda i\u0161vengti rijimo, kuris gali sukelti svorio augim\u0105, pilvo p\u016btim\u0105, prastesn\u0119 dant\u0173 higien\u0105 ir vir\u0161kinimo sistemos stres\u0105. Platus form\u0173 ir dyd\u017ei\u0173 pasirinkimas u\u017etikrina tinkam\u0105 sprendim\u0105 kiekvienam \u0161uniui ir katei.\" \/>\n<meta property=\"og:url\" content=\"https:\/\/miumjau.ee\/lt\/produktas\/laizymo-kilimelis-grindims-sienai-19x23-zalias\/\" \/>\n<meta property=\"og:site_name\" content=\"MiuMjau\" \/>\n<meta property=\"article:publisher\" content=\"https:\/\/www.facebook.com\/miumjaupood\/\" \/>\n<meta property=\"article:modified_time\" content=\"2026-01-07T18:41:15+00:00\" \/>\n<meta property=\"og:image\" content=\"https:\/\/miumjau.ee\/wp-content\/uploads\/2025\/06\/lakkumismatt-roheline1.jpg\" \/>\n\t<meta property=\"og:image:width\" content=\"600\" \/>\n\t<meta property=\"og:image:height\" content=\"800\" \/>\n\t<meta property=\"og:image:type\" content=\"image\/jpeg\" \/>\n<meta name=\"twitter:card\" content=\"summary_large_image\" \/>\n<script type=\"application\/ld+json\" class=\"yoast-schema-graph\">{\"@context\":\"https:\/\/schema.org\",\"@graph\":[{\"@type\":\"WebPage\",\"@id\":\"https:\/\/miumjau.ee\/lt\/produktas\/laizymo-kilimelis-grindims-sienai-19x23-zalias\/\",\"url\":\"https:\/\/miumjau.ee\/lt\/produktas\/laizymo-kilimelis-grindims-sienai-19x23-zalias\/\",\"name\":\"Lai\u017eymo kilim\u0117lis grindims \/ sienai 19x23, \u017ealias - MiuMjau\",\"isPartOf\":{\"@id\":\"https:\/\/miumjau.ee\/#website\"},\"primaryImageOfPage\":{\"@id\":\"https:\/\/miumjau.ee\/lt\/produktas\/laizymo-kilimelis-grindims-sienai-19x23-zalias\/#primaryimage\"},\"image\":{\"@id\":\"https:\/\/miumjau.ee\/lt\/produktas\/laizymo-kilimelis-grindims-sienai-19x23-zalias\/#primaryimage\"},\"thumbnailUrl\":\"https:\/\/miumjau.ee\/wp-content\/uploads\/2025\/06\/lakkumismatt-roheline1.jpg\",\"datePublished\":\"2025-06-25T14:36:39+00:00\",\"dateModified\":\"2026-01-07T18:41:15+00:00\",\"breadcrumb\":{\"@id\":\"https:\/\/miumjau.ee\/lt\/produktas\/laizymo-kilimelis-grindims-sienai-19x23-zalias\/#breadcrumb\"},\"inLanguage\":\"lt-LT\",\"potentialAction\":[{\"@type\":\"ReadAction\",\"target\":[\"https:\/\/miumjau.ee\/lt\/produktas\/laizymo-kilimelis-grindims-sienai-19x23-zalias\/\"]}]},{\"@type\":\"ImageObject\",\"inLanguage\":\"lt-LT\",\"@id\":\"https:\/\/miumjau.ee\/lt\/produktas\/laizymo-kilimelis-grindims-sienai-19x23-zalias\/#primaryimage\",\"url\":\"https:\/\/miumjau.ee\/wp-content\/uploads\/2025\/06\/lakkumismatt-roheline1.jpg\",\"contentUrl\":\"https:\/\/miumjau.ee\/wp-content\/uploads\/2025\/06\/lakkumismatt-roheline1.jpg\",\"width\":600,\"height\":800},{\"@type\":\"BreadcrumbList\",\"@id\":\"https:\/\/miumjau.ee\/lt\/produktas\/laizymo-kilimelis-grindims-sienai-19x23-zalias\/#breadcrumb\",\"itemListElement\":[{\"@type\":\"ListItem\",\"position\":1,\"name\":\"Home\",\"item\":\"https:\/\/miumjau.ee\/lt\/\"},{\"@type\":\"ListItem\",\"position\":2,\"name\":\"Parduotuv\u0117\",\"item\":\"https:\/\/miumjau.ee\/lt\/parduotuve\/\"},{\"@type\":\"ListItem\",\"position\":3,\"name\":\"Lai\u017eymo kilim\u0117lis grindims \/ sienai 19&#215;23, \u017ealias\"}]},{\"@type\":\"WebSite\",\"@id\":\"https:\/\/miumjau.ee\/#website\",\"url\":\"https:\/\/miumjau.ee\/\",\"name\":\"MiuMjau\",\"description\":\"Kraapimispuud kassidele\",\"publisher\":{\"@id\":\"https:\/\/miumjau.ee\/#organization\"},\"potentialAction\":[{\"@type\":\"SearchAction\",\"target\":{\"@type\":\"EntryPoint\",\"urlTemplate\":\"https:\/\/miumjau.ee\/?s={search_term_string}\"},\"query-input\":{\"@type\":\"PropertyValueSpecification\",\"valueRequired\":true,\"valueName\":\"search_term_string\"}}],\"inLanguage\":\"lt-LT\"},{\"@type\":\"Organization\",\"@id\":\"https:\/\/miumjau.ee\/#organization\",\"name\":\"MiuMjau O\u00dc\",\"url\":\"https:\/\/miumjau.ee\/\",\"logo\":{\"@type\":\"ImageObject\",\"inLanguage\":\"lt-LT\",\"@id\":\"https:\/\/miumjau.ee\/#\/schema\/logo\/image\/\",\"url\":\"https:\/\/miumjau.ee\/wp-content\/uploads\/2022\/04\/MiuMjau-logo-kollane.png\",\"contentUrl\":\"https:\/\/miumjau.ee\/wp-content\/uploads\/2022\/04\/MiuMjau-logo-kollane.png\",\"width\":219,\"height\":100,\"caption\":\"MiuMjau O\u00dc\"},\"image\":{\"@id\":\"https:\/\/miumjau.ee\/#\/schema\/logo\/image\/\"},\"sameAs\":[\"https:\/\/www.facebook.com\/miumjaupood\/\"]}]}<\/script>\n<!-- \/ Yoast SEO plugin. -->","yoast_head_json":{"title":"Lai\u017eymo kilim\u0117lis grindims \/ sienai 19x23, \u017ealias - MiuMjau","robots":{"index":"index","follow":"follow","max-snippet":"max-snippet:-1","max-image-preview":"max-image-preview:large","max-video-preview":"max-video-preview:-1"},"canonical":"https:\/\/miumjau.ee\/lt\/produktas\/laizymo-kilimelis-grindims-sienai-19x23-zalias\/","og_locale":"lt_LT","og_type":"article","og_title":"Lai\u017eymo kilim\u0117lis grindims \/ sienai 19x23, \u017ealias - MiuMjau","og_description":"Kvadratinis Eat Slow Live Longer lai\u017eymo kilim\u0117lis su giliais grioveliais paver\u010dia skan\u0117st\u0173 pasiekim\u0105 tikru i\u0161\u0161\u016bkiu! \u0160uniui ar katei reikia gerokai pasistengti, kad pasiekt\u0173 visus skan\u0117stus tarp i\u0161kilim\u0173 ir kampuose. D\u0117l apa\u010dioje esan\u010di\u0173 siurbtuk\u0173 kilim\u0117l\u012f lengva pritvirtinti prie lygaus pavir\u0161iaus, tod\u0117l jis stabiliai laikosi lai\u017eymo metu \u2013 tiek ant grind\u0173, tiek, pavyzd\u017eiui, du\u0161o sienos \u0161uns maudymo metu, siekiant suma\u017einti stres\u0105. Kilim\u0117lis pagamintas i\u0161 100 % silikono ir yra tinkamas plauti indaplov\u0117je, tod\u0117l j\u012f itin lengva pri\u017ei\u016br\u0117ti! Naudojimo instrukcija \u2013 Pad\u0117k kilim\u0117l\u012f ant lygaus pavir\u0161iaus ir prispausk, kad siurbtukai tvirtai prilipt\u0173. U\u017etepk \u017eem\u0117s rie\u0161ut\u0173 sviesto, pa\u0161teto ar dr\u0117gno maisto. Jei nori, gali pabarstyti ir sauso maisto ar skan\u0117st\u0173. Naudok \u0161\u0117rimo metu, kaip apdovanojim\u0105, nuoboduliui ma\u017einti ar d\u0117mesiui nukreipti \u0161ukuojant ar kerpant nagus. Vasar\u0105 kilim\u0117l\u012f su maistu galima \u012fd\u0117ti \u012f \u0161aldikl\u012f ir pasi\u016blyti v\u0117sinant\u012f skan\u0117st\u0105. Eat Slow Live Longer \u2013 sprendimas god\u017eiai valgantiems augintiniams!Eat Slow Live Longer produktai skatina l\u0117tesn\u012f valgym\u0105 ir padeda i\u0161vengti rijimo, kuris gali sukelti svorio augim\u0105, pilvo p\u016btim\u0105, prastesn\u0119 dant\u0173 higien\u0105 ir vir\u0161kinimo sistemos stres\u0105. Platus form\u0173 ir dyd\u017ei\u0173 pasirinkimas u\u017etikrina tinkam\u0105 sprendim\u0105 kiekvienam \u0161uniui ir katei.","og_url":"https:\/\/miumjau.ee\/lt\/produktas\/laizymo-kilimelis-grindims-sienai-19x23-zalias\/","og_site_name":"MiuMjau","article_publisher":"https:\/\/www.facebook.com\/miumjaupood\/","article_modified_time":"2026-01-07T18:41:15+00:00","og_image":[{"width":600,"height":800,"url":"https:\/\/miumjau.ee\/wp-content\/uploads\/2025\/06\/lakkumismatt-roheline1.jpg","type":"image\/jpeg"}],"twitter_card":"summary_large_image","schema":{"@context":"https:\/\/schema.org","@graph":[{"@type":"WebPage","@id":"https:\/\/miumjau.ee\/lt\/produktas\/laizymo-kilimelis-grindims-sienai-19x23-zalias\/","url":"https:\/\/miumjau.ee\/lt\/produktas\/laizymo-kilimelis-grindims-sienai-19x23-zalias\/","name":"Lai\u017eymo kilim\u0117lis grindims \/ sienai 19x23, \u017ealias - MiuMjau","isPartOf":{"@id":"https:\/\/miumjau.ee\/#website"},"primaryImageOfPage":{"@id":"https:\/\/miumjau.ee\/lt\/produktas\/laizymo-kilimelis-grindims-sienai-19x23-zalias\/#primaryimage"},"image":{"@id":"https:\/\/miumjau.ee\/lt\/produktas\/laizymo-kilimelis-grindims-sienai-19x23-zalias\/#primaryimage"},"thumbnailUrl":"https:\/\/miumjau.ee\/wp-content\/uploads\/2025\/06\/lakkumismatt-roheline1.jpg","datePublished":"2025-06-25T14:36:39+00:00","dateModified":"2026-01-07T18:41:15+00:00","breadcrumb":{"@id":"https:\/\/miumjau.ee\/lt\/produktas\/laizymo-kilimelis-grindims-sienai-19x23-zalias\/#breadcrumb"},"inLanguage":"lt-LT","potentialAction":[{"@type":"ReadAction","target":["https:\/\/miumjau.ee\/lt\/produktas\/laizymo-kilimelis-grindims-sienai-19x23-zalias\/"]}]},{"@type":"ImageObject","inLanguage":"lt-LT","@id":"https:\/\/miumjau.ee\/lt\/produktas\/laizymo-kilimelis-grindims-sienai-19x23-zalias\/#primaryimage","url":"https:\/\/miumjau.ee\/wp-content\/uploads\/2025\/06\/lakkumismatt-roheline1.jpg","contentUrl":"https:\/\/miumjau.ee\/wp-content\/uploads\/2025\/06\/lakkumismatt-roheline1.jpg","width":600,"height":800},{"@type":"BreadcrumbList","@id":"https:\/\/miumjau.ee\/lt\/produktas\/laizymo-kilimelis-grindims-sienai-19x23-zalias\/#breadcrumb","itemListElement":[{"@type":"ListItem","position":1,"name":"Home","item":"https:\/\/miumjau.ee\/lt\/"},{"@type":"ListItem","position":2,"name":"Parduotuv\u0117","item":"https:\/\/miumjau.ee\/lt\/parduotuve\/"},{"@type":"ListItem","position":3,"name":"Lai\u017eymo kilim\u0117lis grindims \/ sienai 19&#215;23, \u017ealias"}]},{"@type":"WebSite","@id":"https:\/\/miumjau.ee\/#website","url":"https:\/\/miumjau.ee\/","name":"MiuMjau","description":"Kraapimispuud kassidele","publisher":{"@id":"https:\/\/miumjau.ee\/#organization"},"potentialAction":[{"@type":"SearchAction","target":{"@type":"EntryPoint","urlTemplate":"https:\/\/miumjau.ee\/?s={search_term_string}"},"query-input":{"@type":"PropertyValueSpecification","valueRequired":true,"valueName":"search_term_string"}}],"inLanguage":"lt-LT"},{"@type":"Organization","@id":"https:\/\/miumjau.ee\/#organization","name":"MiuMjau O\u00dc","url":"https:\/\/miumjau.ee\/","logo":{"@type":"ImageObject","inLanguage":"lt-LT","@id":"https:\/\/miumjau.ee\/#\/schema\/logo\/image\/","url":"https:\/\/miumjau.ee\/wp-content\/uploads\/2022\/04\/MiuMjau-logo-kollane.png","contentUrl":"https:\/\/miumjau.ee\/wp-content\/uploads\/2022\/04\/MiuMjau-logo-kollane.png","width":219,"height":100,"caption":"MiuMjau O\u00dc"},"image":{"@id":"https:\/\/miumjau.ee\/#\/schema\/logo\/image\/"},"sameAs":["https:\/\/www.facebook.com\/miumjaupood\/"]}]}},"_links":{"self":[{"href":"https:\/\/miumjau.ee\/lt\/wp-json\/wp\/v2\/product\/51004","targetHints":{"allow":["GET"]}}],"collection":[{"href":"https:\/\/miumjau.ee\/lt\/wp-json\/wp\/v2\/product"}],"about":[{"href":"https:\/\/miumjau.ee\/lt\/wp-json\/wp\/v2\/types\/product"}],"wp:featuredmedia":[{"embeddable":true,"href":"https:\/\/miumjau.ee\/lt\/wp-json\/wp\/v2\/media\/50999"}],"wp:attachment":[{"href":"https:\/\/miumjau.ee\/lt\/wp-json\/wp\/v2\/media?parent=51004"}],"wp:term":[{"taxonomy":"product_brand","embeddable":true,"href":"https:\/\/miumjau.ee\/lt\/wp-json\/wp\/v2\/product_brand?post=51004"},{"taxonomy":"product_cat","embeddable":true,"href":"https:\/\/miumjau.ee\/lt\/wp-json\/wp\/v2\/product_cat?post=51004"},{"taxonomy":"product_tag","embeddable":true,"href":"https:\/\/miumjau.ee\/lt\/wp-json\/wp\/v2\/product_tag?post=51004"}],"curies":[{"name":"wp","href":"https:\/\/api.w.org\/{rel}","templated":true}]}}