{"id":50990,"date":"2025-06-25T17:45:44","date_gmt":"2025-06-25T14:45:44","guid":{"rendered":"https:\/\/miumjau.ee\/toode\/laizymo-kilimelis-grindims-sienai-19x19-raudonas-spalvos-su-kryzeliu-rastu\/"},"modified":"2026-01-07T20:41:15","modified_gmt":"2026-01-07T18:41:15","slug":"laizymo-kilimelis-grindims-sienai-19x19-raudonas-spalvos-su-kryzeliu-rastu","status":"publish","type":"product","link":"https:\/\/miumjau.ee\/lt\/produktas\/laizymo-kilimelis-grindims-sienai-19x19-raudonas-spalvos-su-kryzeliu-rastu\/","title":{"rendered":"Lai\u017eymo kilim\u0117lis grindims \/ sienai 19&#215;19, raudonas spalvos su kry\u017eeli\u0173 ra\u0161tu"},"content":{"rendered":"","protected":false},"excerpt":{"rendered":"<p data-start=\"5568\" data-end=\"6001\">Kvadratinis Eat Slow Live Longer lai\u017eymo kilim\u0117lis su giliais grioveliais paver\u010dia skan\u0117st\u0173 pasiekim\u0105 tikru i\u0161\u0161\u016bkiu! \u0160uniui ar katei tenka gerokai pasistengti, kad pasiekt\u0173 visus skan\u0117stus tarp i\u0161kilim\u0173 ir kampuose. D\u0117l apa\u010dioje esan\u010di\u0173 siurbtuk\u0173 kilim\u0117l\u012f lengva pritvirtinti prie lygaus pavir\u0161iaus, tod\u0117l jis tvirtai laikosi lai\u017eymo metu \u2013 tiek ant grind\u0173, tiek, pavyzd\u017eiui, du\u0161o sienos \u0161uns maudymo metu, siekiant suma\u017einti stres\u0105.<\/p>\n<p data-start=\"6003\" data-end=\"6114\">Lai\u017eymo kilim\u0117lis pagamintas i\u0161 100 % silikono ir yra tinkamas plauti indaplov\u0117je, tod\u0117l j\u012f itin lengva valyti!<\/p>\n<p data-start=\"6116\" data-end=\"6582\"><strong data-start=\"6116\" data-end=\"6141\">Naudojimo instrukcija<\/strong> \u2013 Pad\u0117k lai\u017eymo kilim\u0117l\u012f ant lygaus pavir\u0161iaus ir prispausk, kad siurbtukai tvirtai prilipt\u0173. U\u017etepk ant kilim\u0117lio, pavyzd\u017eiui, \u017eem\u0117s rie\u0161ut\u0173 sviesto, pa\u0161teto ar dr\u0117gno maisto. Jei nori, gali pabarstyti ir sauso maisto ar skan\u0117st\u0173. Naudok lai\u017eymo kilim\u0117l\u012f \u0161\u0117rimo metu, kaip apdovanojim\u0105, nuoboduliui ma\u017einti ar d\u0117mesiui nukreipti \u0161ukuojant ar kerpant nagus. Vasar\u0105 kilim\u0117l\u012f su maistu galima \u012fd\u0117ti \u012f \u0161aldikl\u012f ir pasi\u016blyti v\u0117sinant\u012f skan\u0117st\u0105.<\/p>\n<p data-start=\"6584\" data-end=\"7294\" data-is-last-node=\"\" data-is-only-node=\"\"><strong data-start=\"6584\" data-end=\"6655\">Eat Slow Live Longer \u2013 sprendimas god\u017eiai valgantiems augintiniams!<\/strong><br data-start=\"6655\" data-end=\"6658\" \/>Visi Eat Slow Live Longer produktai kuriami galvojant apie augintinio sveikat\u0105. Lai\u017eymo kilim\u0117liai, \u017eaislai ir l\u0117to valgymo duben\u0117liai skatina \u0161unis ir kates daugiau pasistengti d\u0117l maisto ir padeda i\u0161vengti rijimo. Rijimas (greitas valgymas nekramtant) gali sukelti \u012fvairias problemas, tokias kaip svorio augimas, pilvo p\u016btimas, prastesn\u0117 dant\u0173 higiena ir vir\u0161kinimo sistemos stresas. L\u0117to valgymo duben\u0117lio ar lai\u017eymo kilim\u0117lio naudojimas padeda i\u0161vengti rijimo ir ma\u017eina nuobodul\u012f. Eat Slow Live Longer si\u016blo \u012fvairi\u0173 form\u0173 ir dyd\u017ei\u0173 lai\u017eymo kilim\u0117lius bei l\u0117to valgymo duben\u0117lius, tod\u0117l tinkamas variantas ras kiekvienas \u0161uo ir kat\u0117!<\/p>\n","protected":false},"featured_media":50985,"template":"","meta":[],"product_brand":[],"product_cat":[543],"product_tag":[],"class_list":{"0":"post-50990","1":"product","2":"type-product","3":"status-publish","4":"has-post-thumbnail","6":"product_cat-maisto-ir-gerimu-indai","8":"first","9":"instock","10":"taxable","11":"shipping-taxable","12":"purchasable","13":"product-type-simple"},"yoast_head":"<!-- This site is optimized with the Yoast SEO plugin v27.2 - https:\/\/yoast.com\/product\/yoast-seo-wordpress\/ -->\n<title>Lai\u017eymo kilim\u0117lis grindims \/ sienai 19x19, raudonas spalvos su kry\u017eeli\u0173 ra\u0161tu - MiuMjau<\/title>\n<meta name=\"robots\" content=\"index, follow, max-snippet:-1, max-image-preview:large, max-video-preview:-1\" \/>\n<link rel=\"canonical\" href=\"https:\/\/miumjau.ee\/lt\/produktas\/laizymo-kilimelis-grindims-sienai-19x19-raudonas-spalvos-su-kryzeliu-rastu\/\" \/>\n<meta property=\"og:locale\" content=\"lt_LT\" \/>\n<meta property=\"og:type\" content=\"article\" \/>\n<meta property=\"og:title\" content=\"Lai\u017eymo kilim\u0117lis grindims \/ sienai 19x19, raudonas spalvos su kry\u017eeli\u0173 ra\u0161tu - MiuMjau\" \/>\n<meta property=\"og:description\" content=\"Kvadratinis Eat Slow Live Longer lai\u017eymo kilim\u0117lis su giliais grioveliais paver\u010dia skan\u0117st\u0173 pasiekim\u0105 tikru i\u0161\u0161\u016bkiu! \u0160uniui ar katei tenka gerokai pasistengti, kad pasiekt\u0173 visus skan\u0117stus tarp i\u0161kilim\u0173 ir kampuose. D\u0117l apa\u010dioje esan\u010di\u0173 siurbtuk\u0173 kilim\u0117l\u012f lengva pritvirtinti prie lygaus pavir\u0161iaus, tod\u0117l jis tvirtai laikosi lai\u017eymo metu \u2013 tiek ant grind\u0173, tiek, pavyzd\u017eiui, du\u0161o sienos \u0161uns maudymo metu, siekiant suma\u017einti stres\u0105. Lai\u017eymo kilim\u0117lis pagamintas i\u0161 100 % silikono ir yra tinkamas plauti indaplov\u0117je, tod\u0117l j\u012f itin lengva valyti! Naudojimo instrukcija \u2013 Pad\u0117k lai\u017eymo kilim\u0117l\u012f ant lygaus pavir\u0161iaus ir prispausk, kad siurbtukai tvirtai prilipt\u0173. U\u017etepk ant kilim\u0117lio, pavyzd\u017eiui, \u017eem\u0117s rie\u0161ut\u0173 sviesto, pa\u0161teto ar dr\u0117gno maisto. Jei nori, gali pabarstyti ir sauso maisto ar skan\u0117st\u0173. Naudok lai\u017eymo kilim\u0117l\u012f \u0161\u0117rimo metu, kaip apdovanojim\u0105, nuoboduliui ma\u017einti ar d\u0117mesiui nukreipti \u0161ukuojant ar kerpant nagus. Vasar\u0105 kilim\u0117l\u012f su maistu galima \u012fd\u0117ti \u012f \u0161aldikl\u012f ir pasi\u016blyti v\u0117sinant\u012f skan\u0117st\u0105. Eat Slow Live Longer \u2013 sprendimas god\u017eiai valgantiems augintiniams!Visi Eat Slow Live Longer produktai kuriami galvojant apie augintinio sveikat\u0105. Lai\u017eymo kilim\u0117liai, \u017eaislai ir l\u0117to valgymo duben\u0117liai skatina \u0161unis ir kates daugiau pasistengti d\u0117l maisto ir padeda i\u0161vengti rijimo. Rijimas (greitas valgymas nekramtant) gali sukelti \u012fvairias problemas, tokias kaip svorio augimas, pilvo p\u016btimas, prastesn\u0117 dant\u0173 higiena ir vir\u0161kinimo sistemos stresas. L\u0117to valgymo duben\u0117lio ar lai\u017eymo kilim\u0117lio naudojimas padeda i\u0161vengti rijimo ir ma\u017eina nuobodul\u012f. Eat Slow Live Longer si\u016blo \u012fvairi\u0173 form\u0173 ir dyd\u017ei\u0173 lai\u017eymo kilim\u0117lius bei l\u0117to valgymo duben\u0117lius, tod\u0117l tinkamas variantas ras kiekvienas \u0161uo ir kat\u0117!\" \/>\n<meta property=\"og:url\" content=\"https:\/\/miumjau.ee\/lt\/produktas\/laizymo-kilimelis-grindims-sienai-19x19-raudonas-spalvos-su-kryzeliu-rastu\/\" \/>\n<meta property=\"og:site_name\" content=\"MiuMjau\" \/>\n<meta property=\"article:publisher\" content=\"https:\/\/www.facebook.com\/miumjaupood\/\" \/>\n<meta property=\"article:modified_time\" content=\"2026-01-07T18:41:15+00:00\" \/>\n<meta property=\"og:image\" content=\"https:\/\/miumjau.ee\/wp-content\/uploads\/2025\/06\/lakkumismatt-ristikestega-19x192-1.jpg\" \/>\n\t<meta property=\"og:image:width\" content=\"600\" \/>\n\t<meta property=\"og:image:height\" content=\"800\" \/>\n\t<meta property=\"og:image:type\" content=\"image\/jpeg\" \/>\n<meta name=\"twitter:card\" content=\"summary_large_image\" \/>\n<script type=\"application\/ld+json\" class=\"yoast-schema-graph\">{\"@context\":\"https:\/\/schema.org\",\"@graph\":[{\"@type\":\"WebPage\",\"@id\":\"https:\/\/miumjau.ee\/lt\/produktas\/laizymo-kilimelis-grindims-sienai-19x19-raudonas-spalvos-su-kryzeliu-rastu\/\",\"url\":\"https:\/\/miumjau.ee\/lt\/produktas\/laizymo-kilimelis-grindims-sienai-19x19-raudonas-spalvos-su-kryzeliu-rastu\/\",\"name\":\"Lai\u017eymo kilim\u0117lis grindims \/ sienai 19x19, raudonas spalvos su kry\u017eeli\u0173 ra\u0161tu - MiuMjau\",\"isPartOf\":{\"@id\":\"https:\/\/miumjau.ee\/#website\"},\"primaryImageOfPage\":{\"@id\":\"https:\/\/miumjau.ee\/lt\/produktas\/laizymo-kilimelis-grindims-sienai-19x19-raudonas-spalvos-su-kryzeliu-rastu\/#primaryimage\"},\"image\":{\"@id\":\"https:\/\/miumjau.ee\/lt\/produktas\/laizymo-kilimelis-grindims-sienai-19x19-raudonas-spalvos-su-kryzeliu-rastu\/#primaryimage\"},\"thumbnailUrl\":\"https:\/\/miumjau.ee\/wp-content\/uploads\/2025\/06\/lakkumismatt-ristikestega-19x192-1.jpg\",\"datePublished\":\"2025-06-25T14:45:44+00:00\",\"dateModified\":\"2026-01-07T18:41:15+00:00\",\"breadcrumb\":{\"@id\":\"https:\/\/miumjau.ee\/lt\/produktas\/laizymo-kilimelis-grindims-sienai-19x19-raudonas-spalvos-su-kryzeliu-rastu\/#breadcrumb\"},\"inLanguage\":\"lt-LT\",\"potentialAction\":[{\"@type\":\"ReadAction\",\"target\":[\"https:\/\/miumjau.ee\/lt\/produktas\/laizymo-kilimelis-grindims-sienai-19x19-raudonas-spalvos-su-kryzeliu-rastu\/\"]}]},{\"@type\":\"ImageObject\",\"inLanguage\":\"lt-LT\",\"@id\":\"https:\/\/miumjau.ee\/lt\/produktas\/laizymo-kilimelis-grindims-sienai-19x19-raudonas-spalvos-su-kryzeliu-rastu\/#primaryimage\",\"url\":\"https:\/\/miumjau.ee\/wp-content\/uploads\/2025\/06\/lakkumismatt-ristikestega-19x192-1.jpg\",\"contentUrl\":\"https:\/\/miumjau.ee\/wp-content\/uploads\/2025\/06\/lakkumismatt-ristikestega-19x192-1.jpg\",\"width\":600,\"height\":800},{\"@type\":\"BreadcrumbList\",\"@id\":\"https:\/\/miumjau.ee\/lt\/produktas\/laizymo-kilimelis-grindims-sienai-19x19-raudonas-spalvos-su-kryzeliu-rastu\/#breadcrumb\",\"itemListElement\":[{\"@type\":\"ListItem\",\"position\":1,\"name\":\"Home\",\"item\":\"https:\/\/miumjau.ee\/lt\/\"},{\"@type\":\"ListItem\",\"position\":2,\"name\":\"Parduotuv\u0117\",\"item\":\"https:\/\/miumjau.ee\/lt\/parduotuve\/\"},{\"@type\":\"ListItem\",\"position\":3,\"name\":\"Lai\u017eymo kilim\u0117lis grindims \/ sienai 19&#215;19, raudonas spalvos su kry\u017eeli\u0173 ra\u0161tu\"}]},{\"@type\":\"WebSite\",\"@id\":\"https:\/\/miumjau.ee\/#website\",\"url\":\"https:\/\/miumjau.ee\/\",\"name\":\"MiuMjau\",\"description\":\"Kraapimispuud kassidele\",\"publisher\":{\"@id\":\"https:\/\/miumjau.ee\/#organization\"},\"potentialAction\":[{\"@type\":\"SearchAction\",\"target\":{\"@type\":\"EntryPoint\",\"urlTemplate\":\"https:\/\/miumjau.ee\/?s={search_term_string}\"},\"query-input\":{\"@type\":\"PropertyValueSpecification\",\"valueRequired\":true,\"valueName\":\"search_term_string\"}}],\"inLanguage\":\"lt-LT\"},{\"@type\":\"Organization\",\"@id\":\"https:\/\/miumjau.ee\/#organization\",\"name\":\"MiuMjau O\u00dc\",\"url\":\"https:\/\/miumjau.ee\/\",\"logo\":{\"@type\":\"ImageObject\",\"inLanguage\":\"lt-LT\",\"@id\":\"https:\/\/miumjau.ee\/#\/schema\/logo\/image\/\",\"url\":\"https:\/\/miumjau.ee\/wp-content\/uploads\/2022\/04\/MiuMjau-logo-kollane.png\",\"contentUrl\":\"https:\/\/miumjau.ee\/wp-content\/uploads\/2022\/04\/MiuMjau-logo-kollane.png\",\"width\":219,\"height\":100,\"caption\":\"MiuMjau O\u00dc\"},\"image\":{\"@id\":\"https:\/\/miumjau.ee\/#\/schema\/logo\/image\/\"},\"sameAs\":[\"https:\/\/www.facebook.com\/miumjaupood\/\"]}]}<\/script>\n<!-- \/ Yoast SEO plugin. -->","yoast_head_json":{"title":"Lai\u017eymo kilim\u0117lis grindims \/ sienai 19x19, raudonas spalvos su kry\u017eeli\u0173 ra\u0161tu - MiuMjau","robots":{"index":"index","follow":"follow","max-snippet":"max-snippet:-1","max-image-preview":"max-image-preview:large","max-video-preview":"max-video-preview:-1"},"canonical":"https:\/\/miumjau.ee\/lt\/produktas\/laizymo-kilimelis-grindims-sienai-19x19-raudonas-spalvos-su-kryzeliu-rastu\/","og_locale":"lt_LT","og_type":"article","og_title":"Lai\u017eymo kilim\u0117lis grindims \/ sienai 19x19, raudonas spalvos su kry\u017eeli\u0173 ra\u0161tu - MiuMjau","og_description":"Kvadratinis Eat Slow Live Longer lai\u017eymo kilim\u0117lis su giliais grioveliais paver\u010dia skan\u0117st\u0173 pasiekim\u0105 tikru i\u0161\u0161\u016bkiu! \u0160uniui ar katei tenka gerokai pasistengti, kad pasiekt\u0173 visus skan\u0117stus tarp i\u0161kilim\u0173 ir kampuose. D\u0117l apa\u010dioje esan\u010di\u0173 siurbtuk\u0173 kilim\u0117l\u012f lengva pritvirtinti prie lygaus pavir\u0161iaus, tod\u0117l jis tvirtai laikosi lai\u017eymo metu \u2013 tiek ant grind\u0173, tiek, pavyzd\u017eiui, du\u0161o sienos \u0161uns maudymo metu, siekiant suma\u017einti stres\u0105. Lai\u017eymo kilim\u0117lis pagamintas i\u0161 100 % silikono ir yra tinkamas plauti indaplov\u0117je, tod\u0117l j\u012f itin lengva valyti! Naudojimo instrukcija \u2013 Pad\u0117k lai\u017eymo kilim\u0117l\u012f ant lygaus pavir\u0161iaus ir prispausk, kad siurbtukai tvirtai prilipt\u0173. U\u017etepk ant kilim\u0117lio, pavyzd\u017eiui, \u017eem\u0117s rie\u0161ut\u0173 sviesto, pa\u0161teto ar dr\u0117gno maisto. Jei nori, gali pabarstyti ir sauso maisto ar skan\u0117st\u0173. Naudok lai\u017eymo kilim\u0117l\u012f \u0161\u0117rimo metu, kaip apdovanojim\u0105, nuoboduliui ma\u017einti ar d\u0117mesiui nukreipti \u0161ukuojant ar kerpant nagus. Vasar\u0105 kilim\u0117l\u012f su maistu galima \u012fd\u0117ti \u012f \u0161aldikl\u012f ir pasi\u016blyti v\u0117sinant\u012f skan\u0117st\u0105. Eat Slow Live Longer \u2013 sprendimas god\u017eiai valgantiems augintiniams!Visi Eat Slow Live Longer produktai kuriami galvojant apie augintinio sveikat\u0105. Lai\u017eymo kilim\u0117liai, \u017eaislai ir l\u0117to valgymo duben\u0117liai skatina \u0161unis ir kates daugiau pasistengti d\u0117l maisto ir padeda i\u0161vengti rijimo. Rijimas (greitas valgymas nekramtant) gali sukelti \u012fvairias problemas, tokias kaip svorio augimas, pilvo p\u016btimas, prastesn\u0117 dant\u0173 higiena ir vir\u0161kinimo sistemos stresas. L\u0117to valgymo duben\u0117lio ar lai\u017eymo kilim\u0117lio naudojimas padeda i\u0161vengti rijimo ir ma\u017eina nuobodul\u012f. Eat Slow Live Longer si\u016blo \u012fvairi\u0173 form\u0173 ir dyd\u017ei\u0173 lai\u017eymo kilim\u0117lius bei l\u0117to valgymo duben\u0117lius, tod\u0117l tinkamas variantas ras kiekvienas \u0161uo ir kat\u0117!","og_url":"https:\/\/miumjau.ee\/lt\/produktas\/laizymo-kilimelis-grindims-sienai-19x19-raudonas-spalvos-su-kryzeliu-rastu\/","og_site_name":"MiuMjau","article_publisher":"https:\/\/www.facebook.com\/miumjaupood\/","article_modified_time":"2026-01-07T18:41:15+00:00","og_image":[{"width":600,"height":800,"url":"https:\/\/miumjau.ee\/wp-content\/uploads\/2025\/06\/lakkumismatt-ristikestega-19x192-1.jpg","type":"image\/jpeg"}],"twitter_card":"summary_large_image","schema":{"@context":"https:\/\/schema.org","@graph":[{"@type":"WebPage","@id":"https:\/\/miumjau.ee\/lt\/produktas\/laizymo-kilimelis-grindims-sienai-19x19-raudonas-spalvos-su-kryzeliu-rastu\/","url":"https:\/\/miumjau.ee\/lt\/produktas\/laizymo-kilimelis-grindims-sienai-19x19-raudonas-spalvos-su-kryzeliu-rastu\/","name":"Lai\u017eymo kilim\u0117lis grindims \/ sienai 19x19, raudonas spalvos su kry\u017eeli\u0173 ra\u0161tu - MiuMjau","isPartOf":{"@id":"https:\/\/miumjau.ee\/#website"},"primaryImageOfPage":{"@id":"https:\/\/miumjau.ee\/lt\/produktas\/laizymo-kilimelis-grindims-sienai-19x19-raudonas-spalvos-su-kryzeliu-rastu\/#primaryimage"},"image":{"@id":"https:\/\/miumjau.ee\/lt\/produktas\/laizymo-kilimelis-grindims-sienai-19x19-raudonas-spalvos-su-kryzeliu-rastu\/#primaryimage"},"thumbnailUrl":"https:\/\/miumjau.ee\/wp-content\/uploads\/2025\/06\/lakkumismatt-ristikestega-19x192-1.jpg","datePublished":"2025-06-25T14:45:44+00:00","dateModified":"2026-01-07T18:41:15+00:00","breadcrumb":{"@id":"https:\/\/miumjau.ee\/lt\/produktas\/laizymo-kilimelis-grindims-sienai-19x19-raudonas-spalvos-su-kryzeliu-rastu\/#breadcrumb"},"inLanguage":"lt-LT","potentialAction":[{"@type":"ReadAction","target":["https:\/\/miumjau.ee\/lt\/produktas\/laizymo-kilimelis-grindims-sienai-19x19-raudonas-spalvos-su-kryzeliu-rastu\/"]}]},{"@type":"ImageObject","inLanguage":"lt-LT","@id":"https:\/\/miumjau.ee\/lt\/produktas\/laizymo-kilimelis-grindims-sienai-19x19-raudonas-spalvos-su-kryzeliu-rastu\/#primaryimage","url":"https:\/\/miumjau.ee\/wp-content\/uploads\/2025\/06\/lakkumismatt-ristikestega-19x192-1.jpg","contentUrl":"https:\/\/miumjau.ee\/wp-content\/uploads\/2025\/06\/lakkumismatt-ristikestega-19x192-1.jpg","width":600,"height":800},{"@type":"BreadcrumbList","@id":"https:\/\/miumjau.ee\/lt\/produktas\/laizymo-kilimelis-grindims-sienai-19x19-raudonas-spalvos-su-kryzeliu-rastu\/#breadcrumb","itemListElement":[{"@type":"ListItem","position":1,"name":"Home","item":"https:\/\/miumjau.ee\/lt\/"},{"@type":"ListItem","position":2,"name":"Parduotuv\u0117","item":"https:\/\/miumjau.ee\/lt\/parduotuve\/"},{"@type":"ListItem","position":3,"name":"Lai\u017eymo kilim\u0117lis grindims \/ sienai 19&#215;19, raudonas spalvos su kry\u017eeli\u0173 ra\u0161tu"}]},{"@type":"WebSite","@id":"https:\/\/miumjau.ee\/#website","url":"https:\/\/miumjau.ee\/","name":"MiuMjau","description":"Kraapimispuud kassidele","publisher":{"@id":"https:\/\/miumjau.ee\/#organization"},"potentialAction":[{"@type":"SearchAction","target":{"@type":"EntryPoint","urlTemplate":"https:\/\/miumjau.ee\/?s={search_term_string}"},"query-input":{"@type":"PropertyValueSpecification","valueRequired":true,"valueName":"search_term_string"}}],"inLanguage":"lt-LT"},{"@type":"Organization","@id":"https:\/\/miumjau.ee\/#organization","name":"MiuMjau O\u00dc","url":"https:\/\/miumjau.ee\/","logo":{"@type":"ImageObject","inLanguage":"lt-LT","@id":"https:\/\/miumjau.ee\/#\/schema\/logo\/image\/","url":"https:\/\/miumjau.ee\/wp-content\/uploads\/2022\/04\/MiuMjau-logo-kollane.png","contentUrl":"https:\/\/miumjau.ee\/wp-content\/uploads\/2022\/04\/MiuMjau-logo-kollane.png","width":219,"height":100,"caption":"MiuMjau O\u00dc"},"image":{"@id":"https:\/\/miumjau.ee\/#\/schema\/logo\/image\/"},"sameAs":["https:\/\/www.facebook.com\/miumjaupood\/"]}]}},"_links":{"self":[{"href":"https:\/\/miumjau.ee\/lt\/wp-json\/wp\/v2\/product\/50990","targetHints":{"allow":["GET"]}}],"collection":[{"href":"https:\/\/miumjau.ee\/lt\/wp-json\/wp\/v2\/product"}],"about":[{"href":"https:\/\/miumjau.ee\/lt\/wp-json\/wp\/v2\/types\/product"}],"wp:featuredmedia":[{"embeddable":true,"href":"https:\/\/miumjau.ee\/lt\/wp-json\/wp\/v2\/media\/50985"}],"wp:attachment":[{"href":"https:\/\/miumjau.ee\/lt\/wp-json\/wp\/v2\/media?parent=50990"}],"wp:term":[{"taxonomy":"product_brand","embeddable":true,"href":"https:\/\/miumjau.ee\/lt\/wp-json\/wp\/v2\/product_brand?post=50990"},{"taxonomy":"product_cat","embeddable":true,"href":"https:\/\/miumjau.ee\/lt\/wp-json\/wp\/v2\/product_cat?post=50990"},{"taxonomy":"product_tag","embeddable":true,"href":"https:\/\/miumjau.ee\/lt\/wp-json\/wp\/v2\/product_tag?post=50990"}],"curies":[{"name":"wp","href":"https:\/\/api.w.org\/{rel}","templated":true}]}}