{"id":50903,"date":"2025-04-09T13:17:42","date_gmt":"2025-04-09T10:17:42","guid":{"rendered":"https:\/\/miumjau.ee\/toode\/ontario-gardi-vistienos-tyre-katems-8-x-90-g\/"},"modified":"2026-01-07T20:41:15","modified_gmt":"2026-01-07T18:41:15","slug":"ontario-gardi-vistienos-tyre-katems-8-x-90-g","status":"publish","type":"product","link":"https:\/\/miumjau.ee\/lt\/produktas\/ontario-gardi-vistienos-tyre-katems-8-x-90-g\/","title":{"rendered":"Ontario gardi vi\u0161tienos tyr\u0117 kat\u0117ms, 8 x 90 g"},"content":{"rendered":"","protected":false},"excerpt":{"rendered":"<p>ONTARIO vi\u0161tienos \u0161vie\u017eios m\u0117sos pasta \u2013 papildomas \u0117dalas suaugusioms kat\u0117ms pastos\/pastas pavidalu. 90 g. Patogus dozavimas ir laikymas \u0161aldytuve.<\/p>\n<p>Sud\u0117tis: vi\u0161tienos sultinys 79,23 %, vi\u0161tiena 17,29 %, krakmolas 2 %, ksantano derva 0,89 %, druska 0,3 %, \u017euvies kvapioji med\u017eiaga 0,1 %, izomaltoz\u0117 0,08 %, taurinas 0,08 %, arbatos ekstraktas 0,008 %, ES patvirtinti da\u017eikliai 0,008 %, vitaminai (A, B2, B3, B5, D3, E, polidekstroz\u0117) 0,006 %.<\/p>\n<p>Savyb\u0117s: \u017eali baltymai 3 %, dr\u0117gm\u0117 90 %, \u017eali aliejai ir riebalai 0,1 %, \u017eali pelenai 1,2 %, \u017ealia l\u0105steliena 1 %.<\/p>\n","protected":false},"featured_media":50904,"template":"","meta":[],"product_brand":[],"product_cat":[527],"product_tag":[],"class_list":{"0":"post-50903","1":"product","2":"type-product","3":"status-publish","4":"has-post-thumbnail","6":"product_cat-skanestai","8":"first","9":"instock","10":"taxable","11":"shipping-taxable","12":"purchasable","13":"product-type-simple"},"yoast_head":"<!-- This site is optimized with the Yoast SEO plugin v27.2 - https:\/\/yoast.com\/product\/yoast-seo-wordpress\/ -->\n<title>Ontario gardi vi\u0161tienos tyr\u0117 kat\u0117ms, 8 x 90 g - MiuMjau<\/title>\n<meta name=\"description\" content=\"Ontarijo makaronus galima naudoti kaip sauso \u0117dalo papild\u0105 arba kaip skan\u0117st\u0105. Ateikite paragauti m\u016bs\u0173 nauj\u0173 ir \u012fdomi\u0173 Ontarijo produkt\u0173! Platus skoni\u0173 pasirinkimas.\" \/>\n<meta name=\"robots\" content=\"index, follow, max-snippet:-1, max-image-preview:large, max-video-preview:-1\" \/>\n<link rel=\"canonical\" href=\"https:\/\/miumjau.ee\/lt\/produktas\/ontario-gardi-vistienos-tyre-katems-8-x-90-g\/\" \/>\n<meta property=\"og:locale\" content=\"lt_LT\" \/>\n<meta property=\"og:type\" content=\"article\" \/>\n<meta property=\"og:title\" content=\"Ontario gardi vi\u0161tienos tyr\u0117 kat\u0117ms, 8 x 90 g - MiuMjau\" \/>\n<meta property=\"og:description\" content=\"Ontarijo makaronus galima naudoti kaip sauso \u0117dalo papild\u0105 arba kaip skan\u0117st\u0105. Ateikite paragauti m\u016bs\u0173 nauj\u0173 ir \u012fdomi\u0173 Ontarijo produkt\u0173! Platus skoni\u0173 pasirinkimas.\" \/>\n<meta property=\"og:url\" content=\"https:\/\/miumjau.ee\/lt\/produktas\/ontario-gardi-vistienos-tyre-katems-8-x-90-g\/\" \/>\n<meta property=\"og:site_name\" content=\"MiuMjau\" \/>\n<meta property=\"article:publisher\" content=\"https:\/\/www.facebook.com\/miumjaupood\/\" \/>\n<meta property=\"article:modified_time\" content=\"2026-01-07T18:41:15+00:00\" \/>\n<meta property=\"og:image\" content=\"https:\/\/miumjau.ee\/wp-content\/uploads\/2025\/04\/ontario-maius-kassidele-lihapasta4.webp\" \/>\n\t<meta property=\"og:image:width\" content=\"1200\" \/>\n\t<meta property=\"og:image:height\" content=\"1600\" \/>\n\t<meta property=\"og:image:type\" content=\"image\/webp\" \/>\n<meta name=\"twitter:card\" content=\"summary_large_image\" \/>\n<script type=\"application\/ld+json\" class=\"yoast-schema-graph\">{\"@context\":\"https:\/\/schema.org\",\"@graph\":[{\"@type\":\"WebPage\",\"@id\":\"https:\/\/miumjau.ee\/lt\/produktas\/ontario-gardi-vistienos-tyre-katems-8-x-90-g\/\",\"url\":\"https:\/\/miumjau.ee\/lt\/produktas\/ontario-gardi-vistienos-tyre-katems-8-x-90-g\/\",\"name\":\"Ontario gardi vi\u0161tienos tyr\u0117 kat\u0117ms, 8 x 90 g - MiuMjau\",\"isPartOf\":{\"@id\":\"https:\/\/miumjau.ee\/#website\"},\"primaryImageOfPage\":{\"@id\":\"https:\/\/miumjau.ee\/lt\/produktas\/ontario-gardi-vistienos-tyre-katems-8-x-90-g\/#primaryimage\"},\"image\":{\"@id\":\"https:\/\/miumjau.ee\/lt\/produktas\/ontario-gardi-vistienos-tyre-katems-8-x-90-g\/#primaryimage\"},\"thumbnailUrl\":\"https:\/\/miumjau.ee\/wp-content\/uploads\/2025\/04\/ontario-maius-kassidele-lihapasta4.webp\",\"datePublished\":\"2025-04-09T10:17:42+00:00\",\"dateModified\":\"2026-01-07T18:41:15+00:00\",\"description\":\"Ontarijo makaronus galima naudoti kaip sauso \u0117dalo papild\u0105 arba kaip skan\u0117st\u0105. Ateikite paragauti m\u016bs\u0173 nauj\u0173 ir \u012fdomi\u0173 Ontarijo produkt\u0173! Platus skoni\u0173 pasirinkimas.\",\"breadcrumb\":{\"@id\":\"https:\/\/miumjau.ee\/lt\/produktas\/ontario-gardi-vistienos-tyre-katems-8-x-90-g\/#breadcrumb\"},\"inLanguage\":\"lt-LT\",\"potentialAction\":[{\"@type\":\"ReadAction\",\"target\":[\"https:\/\/miumjau.ee\/lt\/produktas\/ontario-gardi-vistienos-tyre-katems-8-x-90-g\/\"]}]},{\"@type\":\"ImageObject\",\"inLanguage\":\"lt-LT\",\"@id\":\"https:\/\/miumjau.ee\/lt\/produktas\/ontario-gardi-vistienos-tyre-katems-8-x-90-g\/#primaryimage\",\"url\":\"https:\/\/miumjau.ee\/wp-content\/uploads\/2025\/04\/ontario-maius-kassidele-lihapasta4.webp\",\"contentUrl\":\"https:\/\/miumjau.ee\/wp-content\/uploads\/2025\/04\/ontario-maius-kassidele-lihapasta4.webp\",\"width\":1200,\"height\":1600},{\"@type\":\"BreadcrumbList\",\"@id\":\"https:\/\/miumjau.ee\/lt\/produktas\/ontario-gardi-vistienos-tyre-katems-8-x-90-g\/#breadcrumb\",\"itemListElement\":[{\"@type\":\"ListItem\",\"position\":1,\"name\":\"Home\",\"item\":\"https:\/\/miumjau.ee\/lt\/\"},{\"@type\":\"ListItem\",\"position\":2,\"name\":\"Parduotuv\u0117\",\"item\":\"https:\/\/miumjau.ee\/lt\/parduotuve\/\"},{\"@type\":\"ListItem\",\"position\":3,\"name\":\"Ontario gardi vi\u0161tienos tyr\u0117 kat\u0117ms, 8 x 90 g\"}]},{\"@type\":\"WebSite\",\"@id\":\"https:\/\/miumjau.ee\/#website\",\"url\":\"https:\/\/miumjau.ee\/\",\"name\":\"MiuMjau\",\"description\":\"Kraapimispuud kassidele\",\"publisher\":{\"@id\":\"https:\/\/miumjau.ee\/#organization\"},\"potentialAction\":[{\"@type\":\"SearchAction\",\"target\":{\"@type\":\"EntryPoint\",\"urlTemplate\":\"https:\/\/miumjau.ee\/?s={search_term_string}\"},\"query-input\":{\"@type\":\"PropertyValueSpecification\",\"valueRequired\":true,\"valueName\":\"search_term_string\"}}],\"inLanguage\":\"lt-LT\"},{\"@type\":\"Organization\",\"@id\":\"https:\/\/miumjau.ee\/#organization\",\"name\":\"MiuMjau O\u00dc\",\"url\":\"https:\/\/miumjau.ee\/\",\"logo\":{\"@type\":\"ImageObject\",\"inLanguage\":\"lt-LT\",\"@id\":\"https:\/\/miumjau.ee\/#\/schema\/logo\/image\/\",\"url\":\"https:\/\/miumjau.ee\/wp-content\/uploads\/2022\/04\/MiuMjau-logo-kollane.png\",\"contentUrl\":\"https:\/\/miumjau.ee\/wp-content\/uploads\/2022\/04\/MiuMjau-logo-kollane.png\",\"width\":219,\"height\":100,\"caption\":\"MiuMjau O\u00dc\"},\"image\":{\"@id\":\"https:\/\/miumjau.ee\/#\/schema\/logo\/image\/\"},\"sameAs\":[\"https:\/\/www.facebook.com\/miumjaupood\/\"]}]}<\/script>\n<!-- \/ Yoast SEO plugin. -->","yoast_head_json":{"title":"Ontario gardi vi\u0161tienos tyr\u0117 kat\u0117ms, 8 x 90 g - MiuMjau","description":"Ontarijo makaronus galima naudoti kaip sauso \u0117dalo papild\u0105 arba kaip skan\u0117st\u0105. Ateikite paragauti m\u016bs\u0173 nauj\u0173 ir \u012fdomi\u0173 Ontarijo produkt\u0173! Platus skoni\u0173 pasirinkimas.","robots":{"index":"index","follow":"follow","max-snippet":"max-snippet:-1","max-image-preview":"max-image-preview:large","max-video-preview":"max-video-preview:-1"},"canonical":"https:\/\/miumjau.ee\/lt\/produktas\/ontario-gardi-vistienos-tyre-katems-8-x-90-g\/","og_locale":"lt_LT","og_type":"article","og_title":"Ontario gardi vi\u0161tienos tyr\u0117 kat\u0117ms, 8 x 90 g - MiuMjau","og_description":"Ontarijo makaronus galima naudoti kaip sauso \u0117dalo papild\u0105 arba kaip skan\u0117st\u0105. Ateikite paragauti m\u016bs\u0173 nauj\u0173 ir \u012fdomi\u0173 Ontarijo produkt\u0173! Platus skoni\u0173 pasirinkimas.","og_url":"https:\/\/miumjau.ee\/lt\/produktas\/ontario-gardi-vistienos-tyre-katems-8-x-90-g\/","og_site_name":"MiuMjau","article_publisher":"https:\/\/www.facebook.com\/miumjaupood\/","article_modified_time":"2026-01-07T18:41:15+00:00","og_image":[{"width":1200,"height":1600,"url":"https:\/\/miumjau.ee\/wp-content\/uploads\/2025\/04\/ontario-maius-kassidele-lihapasta4.webp","type":"image\/webp"}],"twitter_card":"summary_large_image","schema":{"@context":"https:\/\/schema.org","@graph":[{"@type":"WebPage","@id":"https:\/\/miumjau.ee\/lt\/produktas\/ontario-gardi-vistienos-tyre-katems-8-x-90-g\/","url":"https:\/\/miumjau.ee\/lt\/produktas\/ontario-gardi-vistienos-tyre-katems-8-x-90-g\/","name":"Ontario gardi vi\u0161tienos tyr\u0117 kat\u0117ms, 8 x 90 g - MiuMjau","isPartOf":{"@id":"https:\/\/miumjau.ee\/#website"},"primaryImageOfPage":{"@id":"https:\/\/miumjau.ee\/lt\/produktas\/ontario-gardi-vistienos-tyre-katems-8-x-90-g\/#primaryimage"},"image":{"@id":"https:\/\/miumjau.ee\/lt\/produktas\/ontario-gardi-vistienos-tyre-katems-8-x-90-g\/#primaryimage"},"thumbnailUrl":"https:\/\/miumjau.ee\/wp-content\/uploads\/2025\/04\/ontario-maius-kassidele-lihapasta4.webp","datePublished":"2025-04-09T10:17:42+00:00","dateModified":"2026-01-07T18:41:15+00:00","description":"Ontarijo makaronus galima naudoti kaip sauso \u0117dalo papild\u0105 arba kaip skan\u0117st\u0105. Ateikite paragauti m\u016bs\u0173 nauj\u0173 ir \u012fdomi\u0173 Ontarijo produkt\u0173! Platus skoni\u0173 pasirinkimas.","breadcrumb":{"@id":"https:\/\/miumjau.ee\/lt\/produktas\/ontario-gardi-vistienos-tyre-katems-8-x-90-g\/#breadcrumb"},"inLanguage":"lt-LT","potentialAction":[{"@type":"ReadAction","target":["https:\/\/miumjau.ee\/lt\/produktas\/ontario-gardi-vistienos-tyre-katems-8-x-90-g\/"]}]},{"@type":"ImageObject","inLanguage":"lt-LT","@id":"https:\/\/miumjau.ee\/lt\/produktas\/ontario-gardi-vistienos-tyre-katems-8-x-90-g\/#primaryimage","url":"https:\/\/miumjau.ee\/wp-content\/uploads\/2025\/04\/ontario-maius-kassidele-lihapasta4.webp","contentUrl":"https:\/\/miumjau.ee\/wp-content\/uploads\/2025\/04\/ontario-maius-kassidele-lihapasta4.webp","width":1200,"height":1600},{"@type":"BreadcrumbList","@id":"https:\/\/miumjau.ee\/lt\/produktas\/ontario-gardi-vistienos-tyre-katems-8-x-90-g\/#breadcrumb","itemListElement":[{"@type":"ListItem","position":1,"name":"Home","item":"https:\/\/miumjau.ee\/lt\/"},{"@type":"ListItem","position":2,"name":"Parduotuv\u0117","item":"https:\/\/miumjau.ee\/lt\/parduotuve\/"},{"@type":"ListItem","position":3,"name":"Ontario gardi vi\u0161tienos tyr\u0117 kat\u0117ms, 8 x 90 g"}]},{"@type":"WebSite","@id":"https:\/\/miumjau.ee\/#website","url":"https:\/\/miumjau.ee\/","name":"MiuMjau","description":"Kraapimispuud kassidele","publisher":{"@id":"https:\/\/miumjau.ee\/#organization"},"potentialAction":[{"@type":"SearchAction","target":{"@type":"EntryPoint","urlTemplate":"https:\/\/miumjau.ee\/?s={search_term_string}"},"query-input":{"@type":"PropertyValueSpecification","valueRequired":true,"valueName":"search_term_string"}}],"inLanguage":"lt-LT"},{"@type":"Organization","@id":"https:\/\/miumjau.ee\/#organization","name":"MiuMjau O\u00dc","url":"https:\/\/miumjau.ee\/","logo":{"@type":"ImageObject","inLanguage":"lt-LT","@id":"https:\/\/miumjau.ee\/#\/schema\/logo\/image\/","url":"https:\/\/miumjau.ee\/wp-content\/uploads\/2022\/04\/MiuMjau-logo-kollane.png","contentUrl":"https:\/\/miumjau.ee\/wp-content\/uploads\/2022\/04\/MiuMjau-logo-kollane.png","width":219,"height":100,"caption":"MiuMjau O\u00dc"},"image":{"@id":"https:\/\/miumjau.ee\/#\/schema\/logo\/image\/"},"sameAs":["https:\/\/www.facebook.com\/miumjaupood\/"]}]}},"_links":{"self":[{"href":"https:\/\/miumjau.ee\/lt\/wp-json\/wp\/v2\/product\/50903","targetHints":{"allow":["GET"]}}],"collection":[{"href":"https:\/\/miumjau.ee\/lt\/wp-json\/wp\/v2\/product"}],"about":[{"href":"https:\/\/miumjau.ee\/lt\/wp-json\/wp\/v2\/types\/product"}],"wp:featuredmedia":[{"embeddable":true,"href":"https:\/\/miumjau.ee\/lt\/wp-json\/wp\/v2\/media\/50904"}],"wp:attachment":[{"href":"https:\/\/miumjau.ee\/lt\/wp-json\/wp\/v2\/media?parent=50903"}],"wp:term":[{"taxonomy":"product_brand","embeddable":true,"href":"https:\/\/miumjau.ee\/lt\/wp-json\/wp\/v2\/product_brand?post=50903"},{"taxonomy":"product_cat","embeddable":true,"href":"https:\/\/miumjau.ee\/lt\/wp-json\/wp\/v2\/product_cat?post=50903"},{"taxonomy":"product_tag","embeddable":true,"href":"https:\/\/miumjau.ee\/lt\/wp-json\/wp\/v2\/product_tag?post=50903"}],"curies":[{"name":"wp","href":"https:\/\/api.w.org\/{rel}","templated":true}]}}