{"id":50894,"date":"2025-04-09T19:25:29","date_gmt":"2025-04-09T16:25:29","guid":{"rendered":"https:\/\/miumjau.ee\/toode\/churu-fun-bites-kreminiai-kaciu-skanestai-su-vistiena-ir-moliugais-8x12g\/"},"modified":"2026-01-07T20:41:22","modified_gmt":"2026-01-07T18:41:22","slug":"churu-fun-bites-kreminiai-kaciu-skanestai-su-vistiena-ir-moliugais-8x12g","status":"publish","type":"product","link":"https:\/\/miumjau.ee\/lt\/produktas\/churu-fun-bites-kreminiai-kaciu-skanestai-su-vistiena-ir-moliugais-8x12g\/","title":{"rendered":"Churu Fun Bites kreminiai ka\u010di\u0173 skan\u0117stai su vi\u0161tiena ir moli\u016bgais 8x12g"},"content":{"rendered":"","protected":false},"excerpt":{"rendered":"<p>\u201eChuru Fun Bites\u201c \u2013 tai itin skan\u016bs ir kreminiai skan\u0117stai, laukiantys j\u016bs\u0173 ka\u010diuko!<\/p>\n<p>PAGAMINTA I\u0160 PATIKIM\u0172 IR SVEIK\u0172 INGREDIENT\u0172: Kiekvienas \u201eInaba\u201c produktas pagamintas i\u0161 gard\u017ei\u0173, auk\u0161tos kokyb\u0117s ingredient\u0173, \u012fskaitant \u016bkiuose augint\u0105 vi\u0161tien\u0105 ir (arba) laukin\u0117je gamtoje sugaut\u0105 tun\u0105.<\/p>\n<p>DVIGUBOS TEKST\u016aROS: Kiekvienas pagalv\u0117s formos k\u0105snelis pagamintas i\u0161 mink\u0161tos, virtos vi\u0161tienos pastos, kurioje n\u0117ra gr\u016bd\u0173, konservant\u0173, karagenino ir dirbtini\u0173 da\u017eikli\u0173. Tada vidur\u012f u\u017epild\u0117me gard\u017eiu \u201eInaba\u201c \u201eChuru\u201c \u012fdaru, suteikdami j\u016bs\u0173 katei dvigubos tekst\u016bros poj\u016bt\u012f.<\/p>\n<p>SMAIKUS PAKUOT\u0116S PAKAVIMAS: Kiekviename mai\u0161elyje yra trys tobulai porcijuoti pakeliai, kurie padeda i\u0161laikyti skan\u0117stus \u0161vie\u017eius ir i\u0161vengti \u201ekat\u0117s pilvuko nelaiming\u0173 atsitikim\u0173\u201c.<\/p>\n<p>M\u0116GSTAMIAUSIAS REIKLIOSIOMS KAT\u0116MS: Net ir i\u0161rankiausios kat\u0117s mielai valgys \u0161iuos k\u0105snio dyd\u017eio skan\u0117stus tiesiai i\u0161 j\u016bs\u0173 rankos \u2013 net jei tyliai pasl\u0117p\u0117te tablet\u0119 kreminiame \u012fdare.<\/p>\n<p>\u0160VELN\u016aS, SKAN\u016aS IR SVEIKI: Kiekviename gabal\u0117lyje yra 69 % dr\u0117gm\u0117s, padedan\u010dios palaikyti hidratacij\u0105, ir apie 17 kcal, tod\u0117l tai ma\u017eai kalorij\u0173 turintis skan\u0117stas, kur\u012f galite duoti su gera \u0161irdimi. Taip pat prid\u0117jome vitamino E imuninei sistemai stiprinti ir \u017ealiosios arbatos ekstrakto kaip antioksidanto.<\/p>\n<p>\u0160\u0117rimo instrukcijos: Duokite katei kaip skan\u0117st\u0105. \u0160is produktas n\u0117ra skirtas kaip visavertis maistas. Kasdien duokite \u0161varaus, \u0161vie\u017eio vandens.<\/p>\n<p>Laikymo instrukcijos: Atidarius laikyti \u0161aldytuve ir kuo grei\u010diau suvartoti.<\/p>\n<p>Sud\u0117tis: Vi\u0161tiena, vanduo, tunas, d\u017eiovintas bonitas, tapijokos krakmolas, kiau\u0161inio baltymas, natrio kazeinatas, moli\u016bgas, guaro derva, nat\u016bralus vi\u0161tienos skonis, nat\u016bral\u016bs kvapikliai, mieli\u0173 ekstraktas, taurinas, paprikos oleoresinas (da\u017eiklis), vitamino E papildas, \u017ealiosios arbatos ekstraktas.<\/p>\n<p>Analitin\u0117 sud\u0117tis: \u017eali baltymai (min.) 24,00 %, \u017eali riebalai (min.) 3,00 %, \u017ealia l\u0105steliena (maks.) 0,50 %, dr\u0117gm\u0117 (maks.) 69,00 %, vitaminas E (min.) 92 TV\/kg, taurinas (min.) 0,026 %.<\/p>\n","protected":false},"featured_media":50896,"template":"","meta":[],"product_brand":[],"product_cat":[527],"product_tag":[],"class_list":{"0":"post-50894","1":"product","2":"type-product","3":"status-publish","4":"has-post-thumbnail","6":"product_cat-skanestai","8":"first","9":"instock","10":"taxable","11":"shipping-taxable","12":"purchasable","13":"product-type-simple"},"yoast_head":"<!-- This site is optimized with the Yoast SEO plugin v27.2 - https:\/\/yoast.com\/product\/yoast-seo-wordpress\/ -->\n<title>Churu Fun Bites kreminiai ka\u010di\u0173 skan\u0117stai su vi\u0161tiena ir moli\u016bgais 8x12g - MiuMjau<\/title>\n<meta name=\"description\" content=\"Churu kreminiai skan\u0117stai tokie viliojantys! Kat\u0117s taip pat nori patirti skonio poj\u016b\u010dius ir m\u0117gautis gyvenimu! U\u017ekariaukite savo katyt\u0117s \u0161ird\u012f!\" \/>\n<meta name=\"robots\" content=\"index, follow, max-snippet:-1, max-image-preview:large, max-video-preview:-1\" \/>\n<link rel=\"canonical\" href=\"https:\/\/miumjau.ee\/lt\/produktas\/churu-fun-bites-kreminiai-kaciu-skanestai-su-vistiena-ir-moliugais-8x12g\/\" \/>\n<meta property=\"og:locale\" content=\"lt_LT\" \/>\n<meta property=\"og:type\" content=\"article\" \/>\n<meta property=\"og:title\" content=\"Churu Fun Bites kreminiai ka\u010di\u0173 skan\u0117stai su vi\u0161tiena ir moli\u016bgais 8x12g - MiuMjau\" \/>\n<meta property=\"og:description\" content=\"Churu kreminiai skan\u0117stai tokie viliojantys! Kat\u0117s taip pat nori patirti skonio poj\u016b\u010dius ir m\u0117gautis gyvenimu! U\u017ekariaukite savo katyt\u0117s \u0161ird\u012f!\" \/>\n<meta property=\"og:url\" content=\"https:\/\/miumjau.ee\/lt\/produktas\/churu-fun-bites-kreminiai-kaciu-skanestai-su-vistiena-ir-moliugais-8x12g\/\" \/>\n<meta property=\"og:site_name\" content=\"MiuMjau\" \/>\n<meta property=\"article:publisher\" content=\"https:\/\/www.facebook.com\/miumjaupood\/\" \/>\n<meta property=\"article:modified_time\" content=\"2026-01-07T18:41:22+00:00\" \/>\n<meta property=\"og:image\" content=\"https:\/\/miumjau.ee\/wp-content\/uploads\/2025\/04\/Churu-funbites-kana-korvits.jpg\" \/>\n\t<meta property=\"og:image:width\" content=\"600\" \/>\n\t<meta property=\"og:image:height\" content=\"800\" \/>\n\t<meta property=\"og:image:type\" content=\"image\/jpeg\" \/>\n<meta name=\"twitter:card\" content=\"summary_large_image\" \/>\n<script type=\"application\/ld+json\" class=\"yoast-schema-graph\">{\"@context\":\"https:\/\/schema.org\",\"@graph\":[{\"@type\":\"WebPage\",\"@id\":\"https:\/\/miumjau.ee\/lt\/produktas\/churu-fun-bites-kreminiai-kaciu-skanestai-su-vistiena-ir-moliugais-8x12g\/\",\"url\":\"https:\/\/miumjau.ee\/lt\/produktas\/churu-fun-bites-kreminiai-kaciu-skanestai-su-vistiena-ir-moliugais-8x12g\/\",\"name\":\"Churu Fun Bites kreminiai ka\u010di\u0173 skan\u0117stai su vi\u0161tiena ir moli\u016bgais 8x12g - MiuMjau\",\"isPartOf\":{\"@id\":\"https:\/\/miumjau.ee\/#website\"},\"primaryImageOfPage\":{\"@id\":\"https:\/\/miumjau.ee\/lt\/produktas\/churu-fun-bites-kreminiai-kaciu-skanestai-su-vistiena-ir-moliugais-8x12g\/#primaryimage\"},\"image\":{\"@id\":\"https:\/\/miumjau.ee\/lt\/produktas\/churu-fun-bites-kreminiai-kaciu-skanestai-su-vistiena-ir-moliugais-8x12g\/#primaryimage\"},\"thumbnailUrl\":\"https:\/\/miumjau.ee\/wp-content\/uploads\/2025\/04\/Churu-funbites-kana-korvits.jpg\",\"datePublished\":\"2025-04-09T16:25:29+00:00\",\"dateModified\":\"2026-01-07T18:41:22+00:00\",\"description\":\"Churu kreminiai skan\u0117stai tokie viliojantys! Kat\u0117s taip pat nori patirti skonio poj\u016b\u010dius ir m\u0117gautis gyvenimu! U\u017ekariaukite savo katyt\u0117s \u0161ird\u012f!\",\"breadcrumb\":{\"@id\":\"https:\/\/miumjau.ee\/lt\/produktas\/churu-fun-bites-kreminiai-kaciu-skanestai-su-vistiena-ir-moliugais-8x12g\/#breadcrumb\"},\"inLanguage\":\"lt-LT\",\"potentialAction\":[{\"@type\":\"ReadAction\",\"target\":[\"https:\/\/miumjau.ee\/lt\/produktas\/churu-fun-bites-kreminiai-kaciu-skanestai-su-vistiena-ir-moliugais-8x12g\/\"]}]},{\"@type\":\"ImageObject\",\"inLanguage\":\"lt-LT\",\"@id\":\"https:\/\/miumjau.ee\/lt\/produktas\/churu-fun-bites-kreminiai-kaciu-skanestai-su-vistiena-ir-moliugais-8x12g\/#primaryimage\",\"url\":\"https:\/\/miumjau.ee\/wp-content\/uploads\/2025\/04\/Churu-funbites-kana-korvits.jpg\",\"contentUrl\":\"https:\/\/miumjau.ee\/wp-content\/uploads\/2025\/04\/Churu-funbites-kana-korvits.jpg\",\"width\":600,\"height\":800},{\"@type\":\"BreadcrumbList\",\"@id\":\"https:\/\/miumjau.ee\/lt\/produktas\/churu-fun-bites-kreminiai-kaciu-skanestai-su-vistiena-ir-moliugais-8x12g\/#breadcrumb\",\"itemListElement\":[{\"@type\":\"ListItem\",\"position\":1,\"name\":\"Home\",\"item\":\"https:\/\/miumjau.ee\/lt\/\"},{\"@type\":\"ListItem\",\"position\":2,\"name\":\"Parduotuv\u0117\",\"item\":\"https:\/\/miumjau.ee\/lt\/parduotuve\/\"},{\"@type\":\"ListItem\",\"position\":3,\"name\":\"Churu Fun Bites kreminiai ka\u010di\u0173 skan\u0117stai su vi\u0161tiena ir moli\u016bgais 8x12g\"}]},{\"@type\":\"WebSite\",\"@id\":\"https:\/\/miumjau.ee\/#website\",\"url\":\"https:\/\/miumjau.ee\/\",\"name\":\"MiuMjau\",\"description\":\"Kraapimispuud kassidele\",\"publisher\":{\"@id\":\"https:\/\/miumjau.ee\/#organization\"},\"potentialAction\":[{\"@type\":\"SearchAction\",\"target\":{\"@type\":\"EntryPoint\",\"urlTemplate\":\"https:\/\/miumjau.ee\/?s={search_term_string}\"},\"query-input\":{\"@type\":\"PropertyValueSpecification\",\"valueRequired\":true,\"valueName\":\"search_term_string\"}}],\"inLanguage\":\"lt-LT\"},{\"@type\":\"Organization\",\"@id\":\"https:\/\/miumjau.ee\/#organization\",\"name\":\"MiuMjau O\u00dc\",\"url\":\"https:\/\/miumjau.ee\/\",\"logo\":{\"@type\":\"ImageObject\",\"inLanguage\":\"lt-LT\",\"@id\":\"https:\/\/miumjau.ee\/#\/schema\/logo\/image\/\",\"url\":\"https:\/\/miumjau.ee\/wp-content\/uploads\/2022\/04\/MiuMjau-logo-kollane.png\",\"contentUrl\":\"https:\/\/miumjau.ee\/wp-content\/uploads\/2022\/04\/MiuMjau-logo-kollane.png\",\"width\":219,\"height\":100,\"caption\":\"MiuMjau O\u00dc\"},\"image\":{\"@id\":\"https:\/\/miumjau.ee\/#\/schema\/logo\/image\/\"},\"sameAs\":[\"https:\/\/www.facebook.com\/miumjaupood\/\"]}]}<\/script>\n<!-- \/ Yoast SEO plugin. -->","yoast_head_json":{"title":"Churu Fun Bites kreminiai ka\u010di\u0173 skan\u0117stai su vi\u0161tiena ir moli\u016bgais 8x12g - MiuMjau","description":"Churu kreminiai skan\u0117stai tokie viliojantys! Kat\u0117s taip pat nori patirti skonio poj\u016b\u010dius ir m\u0117gautis gyvenimu! U\u017ekariaukite savo katyt\u0117s \u0161ird\u012f!","robots":{"index":"index","follow":"follow","max-snippet":"max-snippet:-1","max-image-preview":"max-image-preview:large","max-video-preview":"max-video-preview:-1"},"canonical":"https:\/\/miumjau.ee\/lt\/produktas\/churu-fun-bites-kreminiai-kaciu-skanestai-su-vistiena-ir-moliugais-8x12g\/","og_locale":"lt_LT","og_type":"article","og_title":"Churu Fun Bites kreminiai ka\u010di\u0173 skan\u0117stai su vi\u0161tiena ir moli\u016bgais 8x12g - MiuMjau","og_description":"Churu kreminiai skan\u0117stai tokie viliojantys! Kat\u0117s taip pat nori patirti skonio poj\u016b\u010dius ir m\u0117gautis gyvenimu! U\u017ekariaukite savo katyt\u0117s \u0161ird\u012f!","og_url":"https:\/\/miumjau.ee\/lt\/produktas\/churu-fun-bites-kreminiai-kaciu-skanestai-su-vistiena-ir-moliugais-8x12g\/","og_site_name":"MiuMjau","article_publisher":"https:\/\/www.facebook.com\/miumjaupood\/","article_modified_time":"2026-01-07T18:41:22+00:00","og_image":[{"width":600,"height":800,"url":"https:\/\/miumjau.ee\/wp-content\/uploads\/2025\/04\/Churu-funbites-kana-korvits.jpg","type":"image\/jpeg"}],"twitter_card":"summary_large_image","schema":{"@context":"https:\/\/schema.org","@graph":[{"@type":"WebPage","@id":"https:\/\/miumjau.ee\/lt\/produktas\/churu-fun-bites-kreminiai-kaciu-skanestai-su-vistiena-ir-moliugais-8x12g\/","url":"https:\/\/miumjau.ee\/lt\/produktas\/churu-fun-bites-kreminiai-kaciu-skanestai-su-vistiena-ir-moliugais-8x12g\/","name":"Churu Fun Bites kreminiai ka\u010di\u0173 skan\u0117stai su vi\u0161tiena ir moli\u016bgais 8x12g - MiuMjau","isPartOf":{"@id":"https:\/\/miumjau.ee\/#website"},"primaryImageOfPage":{"@id":"https:\/\/miumjau.ee\/lt\/produktas\/churu-fun-bites-kreminiai-kaciu-skanestai-su-vistiena-ir-moliugais-8x12g\/#primaryimage"},"image":{"@id":"https:\/\/miumjau.ee\/lt\/produktas\/churu-fun-bites-kreminiai-kaciu-skanestai-su-vistiena-ir-moliugais-8x12g\/#primaryimage"},"thumbnailUrl":"https:\/\/miumjau.ee\/wp-content\/uploads\/2025\/04\/Churu-funbites-kana-korvits.jpg","datePublished":"2025-04-09T16:25:29+00:00","dateModified":"2026-01-07T18:41:22+00:00","description":"Churu kreminiai skan\u0117stai tokie viliojantys! Kat\u0117s taip pat nori patirti skonio poj\u016b\u010dius ir m\u0117gautis gyvenimu! U\u017ekariaukite savo katyt\u0117s \u0161ird\u012f!","breadcrumb":{"@id":"https:\/\/miumjau.ee\/lt\/produktas\/churu-fun-bites-kreminiai-kaciu-skanestai-su-vistiena-ir-moliugais-8x12g\/#breadcrumb"},"inLanguage":"lt-LT","potentialAction":[{"@type":"ReadAction","target":["https:\/\/miumjau.ee\/lt\/produktas\/churu-fun-bites-kreminiai-kaciu-skanestai-su-vistiena-ir-moliugais-8x12g\/"]}]},{"@type":"ImageObject","inLanguage":"lt-LT","@id":"https:\/\/miumjau.ee\/lt\/produktas\/churu-fun-bites-kreminiai-kaciu-skanestai-su-vistiena-ir-moliugais-8x12g\/#primaryimage","url":"https:\/\/miumjau.ee\/wp-content\/uploads\/2025\/04\/Churu-funbites-kana-korvits.jpg","contentUrl":"https:\/\/miumjau.ee\/wp-content\/uploads\/2025\/04\/Churu-funbites-kana-korvits.jpg","width":600,"height":800},{"@type":"BreadcrumbList","@id":"https:\/\/miumjau.ee\/lt\/produktas\/churu-fun-bites-kreminiai-kaciu-skanestai-su-vistiena-ir-moliugais-8x12g\/#breadcrumb","itemListElement":[{"@type":"ListItem","position":1,"name":"Home","item":"https:\/\/miumjau.ee\/lt\/"},{"@type":"ListItem","position":2,"name":"Parduotuv\u0117","item":"https:\/\/miumjau.ee\/lt\/parduotuve\/"},{"@type":"ListItem","position":3,"name":"Churu Fun Bites kreminiai ka\u010di\u0173 skan\u0117stai su vi\u0161tiena ir moli\u016bgais 8x12g"}]},{"@type":"WebSite","@id":"https:\/\/miumjau.ee\/#website","url":"https:\/\/miumjau.ee\/","name":"MiuMjau","description":"Kraapimispuud kassidele","publisher":{"@id":"https:\/\/miumjau.ee\/#organization"},"potentialAction":[{"@type":"SearchAction","target":{"@type":"EntryPoint","urlTemplate":"https:\/\/miumjau.ee\/?s={search_term_string}"},"query-input":{"@type":"PropertyValueSpecification","valueRequired":true,"valueName":"search_term_string"}}],"inLanguage":"lt-LT"},{"@type":"Organization","@id":"https:\/\/miumjau.ee\/#organization","name":"MiuMjau O\u00dc","url":"https:\/\/miumjau.ee\/","logo":{"@type":"ImageObject","inLanguage":"lt-LT","@id":"https:\/\/miumjau.ee\/#\/schema\/logo\/image\/","url":"https:\/\/miumjau.ee\/wp-content\/uploads\/2022\/04\/MiuMjau-logo-kollane.png","contentUrl":"https:\/\/miumjau.ee\/wp-content\/uploads\/2022\/04\/MiuMjau-logo-kollane.png","width":219,"height":100,"caption":"MiuMjau O\u00dc"},"image":{"@id":"https:\/\/miumjau.ee\/#\/schema\/logo\/image\/"},"sameAs":["https:\/\/www.facebook.com\/miumjaupood\/"]}]}},"_links":{"self":[{"href":"https:\/\/miumjau.ee\/lt\/wp-json\/wp\/v2\/product\/50894","targetHints":{"allow":["GET"]}}],"collection":[{"href":"https:\/\/miumjau.ee\/lt\/wp-json\/wp\/v2\/product"}],"about":[{"href":"https:\/\/miumjau.ee\/lt\/wp-json\/wp\/v2\/types\/product"}],"wp:featuredmedia":[{"embeddable":true,"href":"https:\/\/miumjau.ee\/lt\/wp-json\/wp\/v2\/media\/50896"}],"wp:attachment":[{"href":"https:\/\/miumjau.ee\/lt\/wp-json\/wp\/v2\/media?parent=50894"}],"wp:term":[{"taxonomy":"product_brand","embeddable":true,"href":"https:\/\/miumjau.ee\/lt\/wp-json\/wp\/v2\/product_brand?post=50894"},{"taxonomy":"product_cat","embeddable":true,"href":"https:\/\/miumjau.ee\/lt\/wp-json\/wp\/v2\/product_cat?post=50894"},{"taxonomy":"product_tag","embeddable":true,"href":"https:\/\/miumjau.ee\/lt\/wp-json\/wp\/v2\/product_tag?post=50894"}],"curies":[{"name":"wp","href":"https:\/\/api.w.org\/{rel}","templated":true}]}}