{"id":50887,"date":"2025-04-09T20:09:44","date_gmt":"2025-04-09T17:09:44","guid":{"rendered":"https:\/\/miumjau.ee\/toode\/churu-skanestas-katems-su-lasisa-4-x-14-g\/"},"modified":"2026-01-07T20:41:22","modified_gmt":"2026-01-07T18:41:22","slug":"churu-skanestas-katems-su-lasisa-4-x-14-g","status":"publish","type":"product","link":"https:\/\/miumjau.ee\/lt\/produktas\/churu-skanestas-katems-su-lasisa-4-x-14-g\/","title":{"rendered":"Churu skan\u0117stas kat\u0117ms su la\u0161i\u0161a, 4 \u00d7 14 g"},"content":{"rendered":"<p><br data-mce-bogus=\"1\"><\/p>\n","protected":false},"excerpt":{"rendered":"<p>\u201eChuru\u201c skan\u0117stai u\u017ekariaus j\u016bs\u0173 kat\u0117s \u0161ird\u012f!<\/p>\n<p>U\u017dTIKRINKITE, KAD J\u016aS\u0172 KAT\u0116 GERIAU DR\u0116KINT\u0172 BE PAPILDOM\u0172 KALORIJ\u0172: Kiekvienas gardus kreminis \u201eChuru\u201c ka\u010di\u0173 skan\u0117stas turi 91 % dr\u0117gm\u0117s ir tik 10 kalorij\u0173 (de\u0161imtadalis kalorij\u0173, palyginti su \u012fprastu sausu \u0117dalu), tod\u0117l tai sveikas skan\u0117stas, kur\u012f galite jai duoti ramiai.<\/p>\n<p>BE B\u016aTIN\u0172 PRIED\u0172: J\u016bs\u0173 kat\u0117 mums svarbi \u2013 tod\u0117l m\u016bs\u0173 skan\u0117stuose n\u0117ra gr\u016bd\u0173, konservant\u0173 ir dirbtini\u0173 da\u017eikli\u0173. Ta\u010diau mes pridedame nauding\u0173 ingredient\u0173, toki\u0173 kaip \u017ealiosios arbatos ekstraktas ir taurinas, kad palaikytume bendr\u0105 j\u016bs\u0173 kat\u0117s gerov\u0119.<\/p>\n<p>VALGYKITE TIESIAI I\u0160 RANK\u0172: \u0160ie kreminiai skan\u0117stai skirti \u0161erti i\u0161 rank\u0173, siekiant sustiprinti ry\u0161\u012f tarp j\u016bs\u0173 ir j\u016bs\u0173 kat\u0117s. Jie taip pat gali b\u016bti naudojami kaip papildas arba palengvinti vaist\u0173 davim\u0105.<\/p>\n<p>\u0160\u0117rimo instrukcijos: Duokite katei kaip skan\u0117st\u0105. \u0160is produktas n\u0117ra skirtas kaip visavertis maistas. Kasdien duokite \u0161varaus, \u0161vie\u017eio geriamojo vandens.<\/p>\n<p>Laikymo instrukcijos. Atidarius laikyti \u0161aldytuve ir kuo grei\u010diau suvartoti.<\/p>\n<p>Sudedamosios dalys: vanduo, la\u0161i\u0161a, tapijokos krakmolas, nat\u016bral\u016bs kvapikliai, nat\u016bralus la\u0161i\u0161os kvapiklis, guaro derva, ksantano derva, vitamino E papildas, taurinas, \u017ealiosios arbatos ekstraktas.<\/p>\n<p>Analitin\u0117 sud\u0117tis: \u017eali baltymai (min.) 5,5 %, \u017eali riebalai (min.) 2,5 %, \u017ealia l\u0105steliena (maks.) 0,3 %, dr\u0117gm\u0117 (maks.) 91,0 %, vitaminas E (min.) 310 TV\/kg, taurinas (min.) 0,025 %.<\/p>\n","protected":false},"featured_media":50888,"template":"","meta":[],"product_brand":[],"product_cat":[527],"product_tag":[],"class_list":{"0":"post-50887","1":"product","2":"type-product","3":"status-publish","4":"has-post-thumbnail","6":"product_cat-skanestai","8":"first","9":"instock","10":"taxable","11":"shipping-taxable","12":"purchasable","13":"product-type-simple"},"yoast_head":"<!-- This site is optimized with the Yoast SEO plugin v27.2 - https:\/\/yoast.com\/product\/yoast-seo-wordpress\/ -->\n<title>Churu skan\u0117stas kat\u0117ms su la\u0161i\u0161a, 4 \u00d7 14 g - MiuMjau<\/title>\n<meta name=\"description\" content=\"Churu kreminiai skan\u0117stai tokie viliojantys! Kat\u0117s taip pat nori patirti skonio poj\u016b\u010dius ir m\u0117gautis gyvenimu! U\u017ekariaukite savo katyt\u0117s \u0161ird\u012f!\" \/>\n<meta name=\"robots\" content=\"index, follow, max-snippet:-1, max-image-preview:large, max-video-preview:-1\" \/>\n<link rel=\"canonical\" href=\"https:\/\/miumjau.ee\/lt\/produktas\/churu-skanestas-katems-su-lasisa-4-x-14-g\/\" \/>\n<meta property=\"og:locale\" content=\"lt_LT\" \/>\n<meta property=\"og:type\" content=\"article\" \/>\n<meta property=\"og:title\" content=\"Churu skan\u0117stas kat\u0117ms su la\u0161i\u0161a, 4 \u00d7 14 g - MiuMjau\" \/>\n<meta property=\"og:description\" content=\"Churu kreminiai skan\u0117stai tokie viliojantys! Kat\u0117s taip pat nori patirti skonio poj\u016b\u010dius ir m\u0117gautis gyvenimu! U\u017ekariaukite savo katyt\u0117s \u0161ird\u012f!\" \/>\n<meta property=\"og:url\" content=\"https:\/\/miumjau.ee\/lt\/produktas\/churu-skanestas-katems-su-lasisa-4-x-14-g\/\" \/>\n<meta property=\"og:site_name\" content=\"MiuMjau\" \/>\n<meta property=\"article:publisher\" content=\"https:\/\/www.facebook.com\/miumjaupood\/\" \/>\n<meta property=\"article:modified_time\" content=\"2026-01-07T18:41:22+00:00\" \/>\n<meta property=\"og:image\" content=\"https:\/\/miumjau.ee\/wp-content\/uploads\/2025\/04\/churu-maiused-kassidele3.webp\" \/>\n\t<meta property=\"og:image:width\" content=\"600\" \/>\n\t<meta property=\"og:image:height\" content=\"800\" \/>\n\t<meta property=\"og:image:type\" content=\"image\/webp\" \/>\n<meta name=\"twitter:card\" content=\"summary_large_image\" \/>\n<script type=\"application\/ld+json\" class=\"yoast-schema-graph\">{\"@context\":\"https:\/\/schema.org\",\"@graph\":[{\"@type\":\"WebPage\",\"@id\":\"https:\/\/miumjau.ee\/lt\/produktas\/churu-skanestas-katems-su-lasisa-4-x-14-g\/\",\"url\":\"https:\/\/miumjau.ee\/lt\/produktas\/churu-skanestas-katems-su-lasisa-4-x-14-g\/\",\"name\":\"Churu skan\u0117stas kat\u0117ms su la\u0161i\u0161a, 4 \u00d7 14 g - MiuMjau\",\"isPartOf\":{\"@id\":\"https:\/\/miumjau.ee\/#website\"},\"primaryImageOfPage\":{\"@id\":\"https:\/\/miumjau.ee\/lt\/produktas\/churu-skanestas-katems-su-lasisa-4-x-14-g\/#primaryimage\"},\"image\":{\"@id\":\"https:\/\/miumjau.ee\/lt\/produktas\/churu-skanestas-katems-su-lasisa-4-x-14-g\/#primaryimage\"},\"thumbnailUrl\":\"https:\/\/miumjau.ee\/wp-content\/uploads\/2025\/04\/churu-maiused-kassidele3.webp\",\"datePublished\":\"2025-04-09T17:09:44+00:00\",\"dateModified\":\"2026-01-07T18:41:22+00:00\",\"description\":\"Churu kreminiai skan\u0117stai tokie viliojantys! Kat\u0117s taip pat nori patirti skonio poj\u016b\u010dius ir m\u0117gautis gyvenimu! U\u017ekariaukite savo katyt\u0117s \u0161ird\u012f!\",\"breadcrumb\":{\"@id\":\"https:\/\/miumjau.ee\/lt\/produktas\/churu-skanestas-katems-su-lasisa-4-x-14-g\/#breadcrumb\"},\"inLanguage\":\"lt-LT\",\"potentialAction\":[{\"@type\":\"ReadAction\",\"target\":[\"https:\/\/miumjau.ee\/lt\/produktas\/churu-skanestas-katems-su-lasisa-4-x-14-g\/\"]}]},{\"@type\":\"ImageObject\",\"inLanguage\":\"lt-LT\",\"@id\":\"https:\/\/miumjau.ee\/lt\/produktas\/churu-skanestas-katems-su-lasisa-4-x-14-g\/#primaryimage\",\"url\":\"https:\/\/miumjau.ee\/wp-content\/uploads\/2025\/04\/churu-maiused-kassidele3.webp\",\"contentUrl\":\"https:\/\/miumjau.ee\/wp-content\/uploads\/2025\/04\/churu-maiused-kassidele3.webp\",\"width\":600,\"height\":800},{\"@type\":\"BreadcrumbList\",\"@id\":\"https:\/\/miumjau.ee\/lt\/produktas\/churu-skanestas-katems-su-lasisa-4-x-14-g\/#breadcrumb\",\"itemListElement\":[{\"@type\":\"ListItem\",\"position\":1,\"name\":\"Home\",\"item\":\"https:\/\/miumjau.ee\/lt\/\"},{\"@type\":\"ListItem\",\"position\":2,\"name\":\"Parduotuv\u0117\",\"item\":\"https:\/\/miumjau.ee\/lt\/parduotuve\/\"},{\"@type\":\"ListItem\",\"position\":3,\"name\":\"Churu skan\u0117stas kat\u0117ms su la\u0161i\u0161a, 4 \u00d7 14 g\"}]},{\"@type\":\"WebSite\",\"@id\":\"https:\/\/miumjau.ee\/#website\",\"url\":\"https:\/\/miumjau.ee\/\",\"name\":\"MiuMjau\",\"description\":\"Kraapimispuud kassidele\",\"publisher\":{\"@id\":\"https:\/\/miumjau.ee\/#organization\"},\"potentialAction\":[{\"@type\":\"SearchAction\",\"target\":{\"@type\":\"EntryPoint\",\"urlTemplate\":\"https:\/\/miumjau.ee\/?s={search_term_string}\"},\"query-input\":{\"@type\":\"PropertyValueSpecification\",\"valueRequired\":true,\"valueName\":\"search_term_string\"}}],\"inLanguage\":\"lt-LT\"},{\"@type\":\"Organization\",\"@id\":\"https:\/\/miumjau.ee\/#organization\",\"name\":\"MiuMjau O\u00dc\",\"url\":\"https:\/\/miumjau.ee\/\",\"logo\":{\"@type\":\"ImageObject\",\"inLanguage\":\"lt-LT\",\"@id\":\"https:\/\/miumjau.ee\/#\/schema\/logo\/image\/\",\"url\":\"https:\/\/miumjau.ee\/wp-content\/uploads\/2022\/04\/MiuMjau-logo-kollane.png\",\"contentUrl\":\"https:\/\/miumjau.ee\/wp-content\/uploads\/2022\/04\/MiuMjau-logo-kollane.png\",\"width\":219,\"height\":100,\"caption\":\"MiuMjau O\u00dc\"},\"image\":{\"@id\":\"https:\/\/miumjau.ee\/#\/schema\/logo\/image\/\"},\"sameAs\":[\"https:\/\/www.facebook.com\/miumjaupood\/\"]}]}<\/script>\n<!-- \/ Yoast SEO plugin. -->","yoast_head_json":{"title":"Churu skan\u0117stas kat\u0117ms su la\u0161i\u0161a, 4 \u00d7 14 g - MiuMjau","description":"Churu kreminiai skan\u0117stai tokie viliojantys! Kat\u0117s taip pat nori patirti skonio poj\u016b\u010dius ir m\u0117gautis gyvenimu! U\u017ekariaukite savo katyt\u0117s \u0161ird\u012f!","robots":{"index":"index","follow":"follow","max-snippet":"max-snippet:-1","max-image-preview":"max-image-preview:large","max-video-preview":"max-video-preview:-1"},"canonical":"https:\/\/miumjau.ee\/lt\/produktas\/churu-skanestas-katems-su-lasisa-4-x-14-g\/","og_locale":"lt_LT","og_type":"article","og_title":"Churu skan\u0117stas kat\u0117ms su la\u0161i\u0161a, 4 \u00d7 14 g - MiuMjau","og_description":"Churu kreminiai skan\u0117stai tokie viliojantys! Kat\u0117s taip pat nori patirti skonio poj\u016b\u010dius ir m\u0117gautis gyvenimu! U\u017ekariaukite savo katyt\u0117s \u0161ird\u012f!","og_url":"https:\/\/miumjau.ee\/lt\/produktas\/churu-skanestas-katems-su-lasisa-4-x-14-g\/","og_site_name":"MiuMjau","article_publisher":"https:\/\/www.facebook.com\/miumjaupood\/","article_modified_time":"2026-01-07T18:41:22+00:00","og_image":[{"width":600,"height":800,"url":"https:\/\/miumjau.ee\/wp-content\/uploads\/2025\/04\/churu-maiused-kassidele3.webp","type":"image\/webp"}],"twitter_card":"summary_large_image","schema":{"@context":"https:\/\/schema.org","@graph":[{"@type":"WebPage","@id":"https:\/\/miumjau.ee\/lt\/produktas\/churu-skanestas-katems-su-lasisa-4-x-14-g\/","url":"https:\/\/miumjau.ee\/lt\/produktas\/churu-skanestas-katems-su-lasisa-4-x-14-g\/","name":"Churu skan\u0117stas kat\u0117ms su la\u0161i\u0161a, 4 \u00d7 14 g - MiuMjau","isPartOf":{"@id":"https:\/\/miumjau.ee\/#website"},"primaryImageOfPage":{"@id":"https:\/\/miumjau.ee\/lt\/produktas\/churu-skanestas-katems-su-lasisa-4-x-14-g\/#primaryimage"},"image":{"@id":"https:\/\/miumjau.ee\/lt\/produktas\/churu-skanestas-katems-su-lasisa-4-x-14-g\/#primaryimage"},"thumbnailUrl":"https:\/\/miumjau.ee\/wp-content\/uploads\/2025\/04\/churu-maiused-kassidele3.webp","datePublished":"2025-04-09T17:09:44+00:00","dateModified":"2026-01-07T18:41:22+00:00","description":"Churu kreminiai skan\u0117stai tokie viliojantys! Kat\u0117s taip pat nori patirti skonio poj\u016b\u010dius ir m\u0117gautis gyvenimu! U\u017ekariaukite savo katyt\u0117s \u0161ird\u012f!","breadcrumb":{"@id":"https:\/\/miumjau.ee\/lt\/produktas\/churu-skanestas-katems-su-lasisa-4-x-14-g\/#breadcrumb"},"inLanguage":"lt-LT","potentialAction":[{"@type":"ReadAction","target":["https:\/\/miumjau.ee\/lt\/produktas\/churu-skanestas-katems-su-lasisa-4-x-14-g\/"]}]},{"@type":"ImageObject","inLanguage":"lt-LT","@id":"https:\/\/miumjau.ee\/lt\/produktas\/churu-skanestas-katems-su-lasisa-4-x-14-g\/#primaryimage","url":"https:\/\/miumjau.ee\/wp-content\/uploads\/2025\/04\/churu-maiused-kassidele3.webp","contentUrl":"https:\/\/miumjau.ee\/wp-content\/uploads\/2025\/04\/churu-maiused-kassidele3.webp","width":600,"height":800},{"@type":"BreadcrumbList","@id":"https:\/\/miumjau.ee\/lt\/produktas\/churu-skanestas-katems-su-lasisa-4-x-14-g\/#breadcrumb","itemListElement":[{"@type":"ListItem","position":1,"name":"Home","item":"https:\/\/miumjau.ee\/lt\/"},{"@type":"ListItem","position":2,"name":"Parduotuv\u0117","item":"https:\/\/miumjau.ee\/lt\/parduotuve\/"},{"@type":"ListItem","position":3,"name":"Churu skan\u0117stas kat\u0117ms su la\u0161i\u0161a, 4 \u00d7 14 g"}]},{"@type":"WebSite","@id":"https:\/\/miumjau.ee\/#website","url":"https:\/\/miumjau.ee\/","name":"MiuMjau","description":"Kraapimispuud kassidele","publisher":{"@id":"https:\/\/miumjau.ee\/#organization"},"potentialAction":[{"@type":"SearchAction","target":{"@type":"EntryPoint","urlTemplate":"https:\/\/miumjau.ee\/?s={search_term_string}"},"query-input":{"@type":"PropertyValueSpecification","valueRequired":true,"valueName":"search_term_string"}}],"inLanguage":"lt-LT"},{"@type":"Organization","@id":"https:\/\/miumjau.ee\/#organization","name":"MiuMjau O\u00dc","url":"https:\/\/miumjau.ee\/","logo":{"@type":"ImageObject","inLanguage":"lt-LT","@id":"https:\/\/miumjau.ee\/#\/schema\/logo\/image\/","url":"https:\/\/miumjau.ee\/wp-content\/uploads\/2022\/04\/MiuMjau-logo-kollane.png","contentUrl":"https:\/\/miumjau.ee\/wp-content\/uploads\/2022\/04\/MiuMjau-logo-kollane.png","width":219,"height":100,"caption":"MiuMjau O\u00dc"},"image":{"@id":"https:\/\/miumjau.ee\/#\/schema\/logo\/image\/"},"sameAs":["https:\/\/www.facebook.com\/miumjaupood\/"]}]}},"_links":{"self":[{"href":"https:\/\/miumjau.ee\/lt\/wp-json\/wp\/v2\/product\/50887","targetHints":{"allow":["GET"]}}],"collection":[{"href":"https:\/\/miumjau.ee\/lt\/wp-json\/wp\/v2\/product"}],"about":[{"href":"https:\/\/miumjau.ee\/lt\/wp-json\/wp\/v2\/types\/product"}],"wp:featuredmedia":[{"embeddable":true,"href":"https:\/\/miumjau.ee\/lt\/wp-json\/wp\/v2\/media\/50888"}],"wp:attachment":[{"href":"https:\/\/miumjau.ee\/lt\/wp-json\/wp\/v2\/media?parent=50887"}],"wp:term":[{"taxonomy":"product_brand","embeddable":true,"href":"https:\/\/miumjau.ee\/lt\/wp-json\/wp\/v2\/product_brand?post=50887"},{"taxonomy":"product_cat","embeddable":true,"href":"https:\/\/miumjau.ee\/lt\/wp-json\/wp\/v2\/product_cat?post=50887"},{"taxonomy":"product_tag","embeddable":true,"href":"https:\/\/miumjau.ee\/lt\/wp-json\/wp\/v2\/product_tag?post=50887"}],"curies":[{"name":"wp","href":"https:\/\/api.w.org\/{rel}","templated":true}]}}