{"id":50882,"date":"2025-04-10T09:16:00","date_gmt":"2025-04-10T06:16:00","guid":{"rendered":"https:\/\/miumjau.ee\/toode\/ontario-slapias-kaciu-edalas-su-tunu-ir-lasisa-sultinyje-15-x-80-g\/"},"modified":"2026-01-07T20:41:29","modified_gmt":"2026-01-07T18:41:29","slug":"ontario-slapias-kaciu-edalas-su-tunu-ir-lasisa-sultinyje-15-x-80-g","status":"publish","type":"product","link":"https:\/\/miumjau.ee\/lt\/produktas\/ontario-slapias-kaciu-edalas-su-tunu-ir-lasisa-sultinyje-15-x-80-g\/","title":{"rendered":"Ontario \u0161lapias ka\u010di\u0173 \u0117dalas su tunu ir la\u0161i\u0161a sultinyje 15 \u00d7 80 g"},"content":{"rendered":"","protected":false},"excerpt":{"rendered":"<p>ONTARIO Tuna &amp; Salmon \u2013 \u0161lapias ka\u010di\u0173 \u0117dalas su tunu ir la\u0161i\u0161a sultinyje. Auk\u0161\u010diausia kokyb\u0117. Papildomas \u0117dalas kat\u0117ms.<\/p>\n<p>kruop\u0161\u010diai atrinktos \u017ealiavos<br \/>\nsu arbatos ekstraktu, kuris skatina gaiv\u0173 burnos kvap\u0105<br \/>\nsud\u0117tyje yra taurino, kuris palaiko sveik\u0105 \u0161ird\u012f ir reg\u0117jim\u0105<br \/>\npraturtintas dar\u017eov\u0117mis (morkomis, kukur\u016bzais, pupel\u0117mis) vir\u0161kinimui palaikyti \u2013 skaidul\u0173 \u0161altinis<br \/>\nskanus m\u0117sos sultinys, padedantis palaikyti dienos skys\u010di\u0173 norm\u0105<br \/>\nbe prid\u0117tini\u0173 dirbtini\u0173 da\u017eikli\u0173<br \/>\nbe glitimo<br \/>\nSudedamosios dalys: m\u0117sa ir gyv\u016bnin\u0117s kilm\u0117s produktai, \u017euvis ir \u017euvies produktai 72,44 % (tunas 39,76 %, vi\u0161tiena 30,28 %, la\u0161i\u0161a 2,4 %), vi\u0161tienos sultinys 25,712 %, karageninas 0,78 %, druska 0,4 %, kvietiniai miltai 0,24 %, krakmolas 0,22 %. , glicerinas 0,12 %, taurinas 0,08 %, arbatos ekstraktas 0,005 %, vitaminai (A, B2, B3, B5, D3, E, polidekstroz\u0117) 0,003 %.<\/p>\n<p>Analitin\u0117s sudedamosios dalys: \u017eali baltymai 12 %, \u017eali aliejai ir riebalai 0,5 %, \u017ealia l\u0105steliena 0,5 %, \u017eali pelenai 1,5 %, dr\u0117gm\u0117 87 %.<\/p>\n<p>\u0160\u0117rimo instrukcijos: Dienos doz\u0117 priklauso nuo j\u016bs\u0173 kat\u0117s aktyvumo lygio, am\u017eiaus ir veisl\u0117s.<\/p>\n<p>Tinka ka\u010diukams nuo 4 m\u0117nesi\u0173.<\/p>\n<p>Naudokite papildomai prie \u012fprastos kat\u0117s dietos. Laikyti sausoje ir v\u0117sioje vietoje. Atidarius laikyti \u0161aldytuve ir suvartoti per 24 valandas. Produktas neskirtas vartoti \u017emon\u0117ms. U\u017etikrinkite prieig\u0105 prie \u0161vie\u017eio geriamojo vandens.<\/p>\n","protected":false},"featured_media":50884,"template":"","meta":[],"product_brand":[],"product_cat":[526],"product_tag":[],"class_list":{"0":"post-50882","1":"product","2":"type-product","3":"status-publish","4":"has-post-thumbnail","6":"product_cat-slapias-maistas","8":"first","9":"instock","10":"sale","11":"taxable","12":"shipping-taxable","13":"purchasable","14":"product-type-simple"},"yoast_head":"<!-- This site is optimized with the Yoast SEO plugin v27.2 - https:\/\/yoast.com\/product\/yoast-seo-wordpress\/ -->\n<title>Ontario \u0161lapias ka\u010di\u0173 \u0117dalas su tunu ir la\u0161i\u0161a sultinyje 15 \u00d7 80 g - MiuMjau<\/title>\n<meta name=\"description\" content=\"Ontario konservuotas maistas kat\u0117ms yra be gr\u016bd\u0173, su dideliu m\u0117sos kiekiu ir i\u0161 ties\u0173 skanus. Pakuot\u0117je \u2013 tikri m\u0117sos gabal\u0117liai. Nat\u016bralus maistas j\u016bs\u0173 katei!\" \/>\n<meta name=\"robots\" content=\"index, follow, max-snippet:-1, max-image-preview:large, max-video-preview:-1\" \/>\n<link rel=\"canonical\" href=\"https:\/\/miumjau.ee\/lt\/produktas\/ontario-slapias-kaciu-edalas-su-tunu-ir-lasisa-sultinyje-15-x-80-g\/\" \/>\n<meta property=\"og:locale\" content=\"lt_LT\" \/>\n<meta property=\"og:type\" content=\"article\" \/>\n<meta property=\"og:title\" content=\"Ontario \u0161lapias ka\u010di\u0173 \u0117dalas su tunu ir la\u0161i\u0161a sultinyje 15 \u00d7 80 g - MiuMjau\" \/>\n<meta property=\"og:description\" content=\"Ontario konservuotas maistas kat\u0117ms yra be gr\u016bd\u0173, su dideliu m\u0117sos kiekiu ir i\u0161 ties\u0173 skanus. Pakuot\u0117je \u2013 tikri m\u0117sos gabal\u0117liai. Nat\u016bralus maistas j\u016bs\u0173 katei!\" \/>\n<meta property=\"og:url\" content=\"https:\/\/miumjau.ee\/lt\/produktas\/ontario-slapias-kaciu-edalas-su-tunu-ir-lasisa-sultinyje-15-x-80-g\/\" \/>\n<meta property=\"og:site_name\" content=\"MiuMjau\" \/>\n<meta property=\"article:publisher\" content=\"https:\/\/www.facebook.com\/miumjaupood\/\" \/>\n<meta property=\"article:modified_time\" content=\"2026-01-07T18:41:29+00:00\" \/>\n<meta property=\"og:image\" content=\"https:\/\/miumjau.ee\/wp-content\/uploads\/2025\/04\/Ontario-margtoid-kassidele-filee2.webp\" \/>\n\t<meta property=\"og:image:width\" content=\"600\" \/>\n\t<meta property=\"og:image:height\" content=\"800\" \/>\n\t<meta property=\"og:image:type\" content=\"image\/webp\" \/>\n<meta name=\"twitter:card\" content=\"summary_large_image\" \/>\n<script type=\"application\/ld+json\" class=\"yoast-schema-graph\">{\"@context\":\"https:\/\/schema.org\",\"@graph\":[{\"@type\":\"WebPage\",\"@id\":\"https:\/\/miumjau.ee\/lt\/produktas\/ontario-slapias-kaciu-edalas-su-tunu-ir-lasisa-sultinyje-15-x-80-g\/\",\"url\":\"https:\/\/miumjau.ee\/lt\/produktas\/ontario-slapias-kaciu-edalas-su-tunu-ir-lasisa-sultinyje-15-x-80-g\/\",\"name\":\"Ontario \u0161lapias ka\u010di\u0173 \u0117dalas su tunu ir la\u0161i\u0161a sultinyje 15 \u00d7 80 g - MiuMjau\",\"isPartOf\":{\"@id\":\"https:\/\/miumjau.ee\/#website\"},\"primaryImageOfPage\":{\"@id\":\"https:\/\/miumjau.ee\/lt\/produktas\/ontario-slapias-kaciu-edalas-su-tunu-ir-lasisa-sultinyje-15-x-80-g\/#primaryimage\"},\"image\":{\"@id\":\"https:\/\/miumjau.ee\/lt\/produktas\/ontario-slapias-kaciu-edalas-su-tunu-ir-lasisa-sultinyje-15-x-80-g\/#primaryimage\"},\"thumbnailUrl\":\"https:\/\/miumjau.ee\/wp-content\/uploads\/2025\/04\/Ontario-margtoid-kassidele-filee2.webp\",\"datePublished\":\"2025-04-10T06:16:00+00:00\",\"dateModified\":\"2026-01-07T18:41:29+00:00\",\"description\":\"Ontario konservuotas maistas kat\u0117ms yra be gr\u016bd\u0173, su dideliu m\u0117sos kiekiu ir i\u0161 ties\u0173 skanus. Pakuot\u0117je \u2013 tikri m\u0117sos gabal\u0117liai. Nat\u016bralus maistas j\u016bs\u0173 katei!\",\"breadcrumb\":{\"@id\":\"https:\/\/miumjau.ee\/lt\/produktas\/ontario-slapias-kaciu-edalas-su-tunu-ir-lasisa-sultinyje-15-x-80-g\/#breadcrumb\"},\"inLanguage\":\"lt-LT\",\"potentialAction\":[{\"@type\":\"ReadAction\",\"target\":[\"https:\/\/miumjau.ee\/lt\/produktas\/ontario-slapias-kaciu-edalas-su-tunu-ir-lasisa-sultinyje-15-x-80-g\/\"]}]},{\"@type\":\"ImageObject\",\"inLanguage\":\"lt-LT\",\"@id\":\"https:\/\/miumjau.ee\/lt\/produktas\/ontario-slapias-kaciu-edalas-su-tunu-ir-lasisa-sultinyje-15-x-80-g\/#primaryimage\",\"url\":\"https:\/\/miumjau.ee\/wp-content\/uploads\/2025\/04\/Ontario-margtoid-kassidele-filee2.webp\",\"contentUrl\":\"https:\/\/miumjau.ee\/wp-content\/uploads\/2025\/04\/Ontario-margtoid-kassidele-filee2.webp\",\"width\":600,\"height\":800},{\"@type\":\"BreadcrumbList\",\"@id\":\"https:\/\/miumjau.ee\/lt\/produktas\/ontario-slapias-kaciu-edalas-su-tunu-ir-lasisa-sultinyje-15-x-80-g\/#breadcrumb\",\"itemListElement\":[{\"@type\":\"ListItem\",\"position\":1,\"name\":\"Home\",\"item\":\"https:\/\/miumjau.ee\/lt\/\"},{\"@type\":\"ListItem\",\"position\":2,\"name\":\"Parduotuv\u0117\",\"item\":\"https:\/\/miumjau.ee\/lt\/parduotuve\/\"},{\"@type\":\"ListItem\",\"position\":3,\"name\":\"Ontario \u0161lapias ka\u010di\u0173 \u0117dalas su tunu ir la\u0161i\u0161a sultinyje 15 \u00d7 80 g\"}]},{\"@type\":\"WebSite\",\"@id\":\"https:\/\/miumjau.ee\/#website\",\"url\":\"https:\/\/miumjau.ee\/\",\"name\":\"MiuMjau\",\"description\":\"Kraapimispuud kassidele\",\"publisher\":{\"@id\":\"https:\/\/miumjau.ee\/#organization\"},\"potentialAction\":[{\"@type\":\"SearchAction\",\"target\":{\"@type\":\"EntryPoint\",\"urlTemplate\":\"https:\/\/miumjau.ee\/?s={search_term_string}\"},\"query-input\":{\"@type\":\"PropertyValueSpecification\",\"valueRequired\":true,\"valueName\":\"search_term_string\"}}],\"inLanguage\":\"lt-LT\"},{\"@type\":\"Organization\",\"@id\":\"https:\/\/miumjau.ee\/#organization\",\"name\":\"MiuMjau O\u00dc\",\"url\":\"https:\/\/miumjau.ee\/\",\"logo\":{\"@type\":\"ImageObject\",\"inLanguage\":\"lt-LT\",\"@id\":\"https:\/\/miumjau.ee\/#\/schema\/logo\/image\/\",\"url\":\"https:\/\/miumjau.ee\/wp-content\/uploads\/2022\/04\/MiuMjau-logo-kollane.png\",\"contentUrl\":\"https:\/\/miumjau.ee\/wp-content\/uploads\/2022\/04\/MiuMjau-logo-kollane.png\",\"width\":219,\"height\":100,\"caption\":\"MiuMjau O\u00dc\"},\"image\":{\"@id\":\"https:\/\/miumjau.ee\/#\/schema\/logo\/image\/\"},\"sameAs\":[\"https:\/\/www.facebook.com\/miumjaupood\/\"]}]}<\/script>\n<!-- \/ Yoast SEO plugin. -->","yoast_head_json":{"title":"Ontario \u0161lapias ka\u010di\u0173 \u0117dalas su tunu ir la\u0161i\u0161a sultinyje 15 \u00d7 80 g - MiuMjau","description":"Ontario konservuotas maistas kat\u0117ms yra be gr\u016bd\u0173, su dideliu m\u0117sos kiekiu ir i\u0161 ties\u0173 skanus. Pakuot\u0117je \u2013 tikri m\u0117sos gabal\u0117liai. Nat\u016bralus maistas j\u016bs\u0173 katei!","robots":{"index":"index","follow":"follow","max-snippet":"max-snippet:-1","max-image-preview":"max-image-preview:large","max-video-preview":"max-video-preview:-1"},"canonical":"https:\/\/miumjau.ee\/lt\/produktas\/ontario-slapias-kaciu-edalas-su-tunu-ir-lasisa-sultinyje-15-x-80-g\/","og_locale":"lt_LT","og_type":"article","og_title":"Ontario \u0161lapias ka\u010di\u0173 \u0117dalas su tunu ir la\u0161i\u0161a sultinyje 15 \u00d7 80 g - MiuMjau","og_description":"Ontario konservuotas maistas kat\u0117ms yra be gr\u016bd\u0173, su dideliu m\u0117sos kiekiu ir i\u0161 ties\u0173 skanus. Pakuot\u0117je \u2013 tikri m\u0117sos gabal\u0117liai. Nat\u016bralus maistas j\u016bs\u0173 katei!","og_url":"https:\/\/miumjau.ee\/lt\/produktas\/ontario-slapias-kaciu-edalas-su-tunu-ir-lasisa-sultinyje-15-x-80-g\/","og_site_name":"MiuMjau","article_publisher":"https:\/\/www.facebook.com\/miumjaupood\/","article_modified_time":"2026-01-07T18:41:29+00:00","og_image":[{"width":600,"height":800,"url":"https:\/\/miumjau.ee\/wp-content\/uploads\/2025\/04\/Ontario-margtoid-kassidele-filee2.webp","type":"image\/webp"}],"twitter_card":"summary_large_image","schema":{"@context":"https:\/\/schema.org","@graph":[{"@type":"WebPage","@id":"https:\/\/miumjau.ee\/lt\/produktas\/ontario-slapias-kaciu-edalas-su-tunu-ir-lasisa-sultinyje-15-x-80-g\/","url":"https:\/\/miumjau.ee\/lt\/produktas\/ontario-slapias-kaciu-edalas-su-tunu-ir-lasisa-sultinyje-15-x-80-g\/","name":"Ontario \u0161lapias ka\u010di\u0173 \u0117dalas su tunu ir la\u0161i\u0161a sultinyje 15 \u00d7 80 g - MiuMjau","isPartOf":{"@id":"https:\/\/miumjau.ee\/#website"},"primaryImageOfPage":{"@id":"https:\/\/miumjau.ee\/lt\/produktas\/ontario-slapias-kaciu-edalas-su-tunu-ir-lasisa-sultinyje-15-x-80-g\/#primaryimage"},"image":{"@id":"https:\/\/miumjau.ee\/lt\/produktas\/ontario-slapias-kaciu-edalas-su-tunu-ir-lasisa-sultinyje-15-x-80-g\/#primaryimage"},"thumbnailUrl":"https:\/\/miumjau.ee\/wp-content\/uploads\/2025\/04\/Ontario-margtoid-kassidele-filee2.webp","datePublished":"2025-04-10T06:16:00+00:00","dateModified":"2026-01-07T18:41:29+00:00","description":"Ontario konservuotas maistas kat\u0117ms yra be gr\u016bd\u0173, su dideliu m\u0117sos kiekiu ir i\u0161 ties\u0173 skanus. Pakuot\u0117je \u2013 tikri m\u0117sos gabal\u0117liai. Nat\u016bralus maistas j\u016bs\u0173 katei!","breadcrumb":{"@id":"https:\/\/miumjau.ee\/lt\/produktas\/ontario-slapias-kaciu-edalas-su-tunu-ir-lasisa-sultinyje-15-x-80-g\/#breadcrumb"},"inLanguage":"lt-LT","potentialAction":[{"@type":"ReadAction","target":["https:\/\/miumjau.ee\/lt\/produktas\/ontario-slapias-kaciu-edalas-su-tunu-ir-lasisa-sultinyje-15-x-80-g\/"]}]},{"@type":"ImageObject","inLanguage":"lt-LT","@id":"https:\/\/miumjau.ee\/lt\/produktas\/ontario-slapias-kaciu-edalas-su-tunu-ir-lasisa-sultinyje-15-x-80-g\/#primaryimage","url":"https:\/\/miumjau.ee\/wp-content\/uploads\/2025\/04\/Ontario-margtoid-kassidele-filee2.webp","contentUrl":"https:\/\/miumjau.ee\/wp-content\/uploads\/2025\/04\/Ontario-margtoid-kassidele-filee2.webp","width":600,"height":800},{"@type":"BreadcrumbList","@id":"https:\/\/miumjau.ee\/lt\/produktas\/ontario-slapias-kaciu-edalas-su-tunu-ir-lasisa-sultinyje-15-x-80-g\/#breadcrumb","itemListElement":[{"@type":"ListItem","position":1,"name":"Home","item":"https:\/\/miumjau.ee\/lt\/"},{"@type":"ListItem","position":2,"name":"Parduotuv\u0117","item":"https:\/\/miumjau.ee\/lt\/parduotuve\/"},{"@type":"ListItem","position":3,"name":"Ontario \u0161lapias ka\u010di\u0173 \u0117dalas su tunu ir la\u0161i\u0161a sultinyje 15 \u00d7 80 g"}]},{"@type":"WebSite","@id":"https:\/\/miumjau.ee\/#website","url":"https:\/\/miumjau.ee\/","name":"MiuMjau","description":"Kraapimispuud kassidele","publisher":{"@id":"https:\/\/miumjau.ee\/#organization"},"potentialAction":[{"@type":"SearchAction","target":{"@type":"EntryPoint","urlTemplate":"https:\/\/miumjau.ee\/?s={search_term_string}"},"query-input":{"@type":"PropertyValueSpecification","valueRequired":true,"valueName":"search_term_string"}}],"inLanguage":"lt-LT"},{"@type":"Organization","@id":"https:\/\/miumjau.ee\/#organization","name":"MiuMjau O\u00dc","url":"https:\/\/miumjau.ee\/","logo":{"@type":"ImageObject","inLanguage":"lt-LT","@id":"https:\/\/miumjau.ee\/#\/schema\/logo\/image\/","url":"https:\/\/miumjau.ee\/wp-content\/uploads\/2022\/04\/MiuMjau-logo-kollane.png","contentUrl":"https:\/\/miumjau.ee\/wp-content\/uploads\/2022\/04\/MiuMjau-logo-kollane.png","width":219,"height":100,"caption":"MiuMjau O\u00dc"},"image":{"@id":"https:\/\/miumjau.ee\/#\/schema\/logo\/image\/"},"sameAs":["https:\/\/www.facebook.com\/miumjaupood\/"]}]}},"_links":{"self":[{"href":"https:\/\/miumjau.ee\/lt\/wp-json\/wp\/v2\/product\/50882","targetHints":{"allow":["GET"]}}],"collection":[{"href":"https:\/\/miumjau.ee\/lt\/wp-json\/wp\/v2\/product"}],"about":[{"href":"https:\/\/miumjau.ee\/lt\/wp-json\/wp\/v2\/types\/product"}],"wp:featuredmedia":[{"embeddable":true,"href":"https:\/\/miumjau.ee\/lt\/wp-json\/wp\/v2\/media\/50884"}],"wp:attachment":[{"href":"https:\/\/miumjau.ee\/lt\/wp-json\/wp\/v2\/media?parent=50882"}],"wp:term":[{"taxonomy":"product_brand","embeddable":true,"href":"https:\/\/miumjau.ee\/lt\/wp-json\/wp\/v2\/product_brand?post=50882"},{"taxonomy":"product_cat","embeddable":true,"href":"https:\/\/miumjau.ee\/lt\/wp-json\/wp\/v2\/product_cat?post=50882"},{"taxonomy":"product_tag","embeddable":true,"href":"https:\/\/miumjau.ee\/lt\/wp-json\/wp\/v2\/product_tag?post=50882"}],"curies":[{"name":"wp","href":"https:\/\/api.w.org\/{rel}","templated":true}]}}