{"id":50878,"date":"2025-04-11T09:41:31","date_gmt":"2025-04-11T06:41:31","guid":{"rendered":"https:\/\/miumjau.ee\/toode\/ontario-herb-slapias-kaciu-edalas-su-vistiena-krevetemis-ir-rozmarinu-18-x-80-g\/"},"modified":"2026-01-07T20:41:29","modified_gmt":"2026-01-07T18:41:29","slug":"ontario-herb-slapias-kaciu-edalas-su-vistiena-krevetemis-ir-rozmarinu-18-x-80-g","status":"publish","type":"product","link":"https:\/\/miumjau.ee\/lt\/produktas\/ontario-herb-slapias-kaciu-edalas-su-vistiena-krevetemis-ir-rozmarinu-18-x-80-g\/","title":{"rendered":"Ontario Herb \u0161lapias ka\u010di\u0173 \u0117dalas su vi\u0161tiena, krevet\u0117mis ir rozmarinu 18 \u00d7 80 g"},"content":{"rendered":"","protected":false},"excerpt":{"rendered":"<p>Puikus pasirinkimas kat\u0117ms, kurios m\u0117gsta skan\u0173 ir sveik\u0105 maist\u0105 \u2013 vi\u0161tiena ir krevet\u0117s suteikia prabang\u0173 skon\u012f, kartu palaikydamos j\u016bs\u0173 augintinio sveikat\u0105 ir vir\u0161kinim\u0105!<\/p>\n<p>Papildomas \u0117dalas suaugusioms kat\u0117ms. Skan\u016bs vi\u0161tienos gabal\u0117liai su krevet\u0117mis ir \u017eirneliais gard\u017eiame pada\u017ee, kuris palaiko skys\u010di\u0173 suvartojim\u0105 ir pa\u012fvairina valgiara\u0161t\u012f.<\/p>\n<p>\u2714 45 % vi\u0161tienos \u2013 puikus baltym\u0173 \u0161altinis stipriems raumenims ir gerai sveikatai.<\/p>\n<p>\u2714 8 % kreve\u010di\u0173 \u2013 skanus ir maistingas j\u016bros g\u0117rybi\u0173 papildas, kuriame gausu omega-3 riebal\u0173 r\u016bg\u0161\u010di\u0173.<\/p>\n<p>\u2714 Rozmarinas \u2013 palaiko vir\u0161kinim\u0105 ir veikia kaip nat\u016bralus antioksidantas.<\/p>\n<p>\u2714 Nat\u016brali ir auk\u0161tos kokyb\u0117s sud\u0117tis \u2013 be dirbtini\u0173 da\u017eikli\u0173, konservant\u0173 ar pried\u0173.<\/p>\n<p>\u2714 Universalus naudojimas \u2013 idealiai tinka kaip u\u017ekandis arba d\u0117ti \u012f saus\u0105 maist\u0105.<\/p>\n<p>Sud\u0117tis: 45 % vi\u0161tienos, 8 % kreve\u010di\u0173, 3 % \u017eirneli\u0173, 1 % ry\u017ei\u0173, rozmarinas ir kt.<\/p>\n<p>Analitin\u0117s sudedamosios dalys: baltymai 10 %, riebalai 0,2 %, skaidulos 0,3 %, pelenai 1,5 %, dr\u0117gm\u0117 88 %.<\/p>\n<p>Laikymas: laikyti v\u0117sioje, sausoje vietoje. Atidarius laikyti \u0161aldytuve ir suvartoti per 3 dienas. U\u017etikrinkite prieig\u0105 prie \u0161vie\u017eio vandens.<\/p>\n","protected":false},"featured_media":50879,"template":"","meta":[],"product_brand":[],"product_cat":[526],"product_tag":[],"class_list":{"0":"post-50878","1":"product","2":"type-product","3":"status-publish","4":"has-post-thumbnail","6":"product_cat-slapias-maistas","8":"first","9":"instock","10":"sale","11":"taxable","12":"shipping-taxable","13":"purchasable","14":"product-type-simple"},"yoast_head":"<!-- This site is optimized with the Yoast SEO plugin v27.2 - https:\/\/yoast.com\/product\/yoast-seo-wordpress\/ -->\n<title>Ontario Herb \u0161lapias ka\u010di\u0173 \u0117dalas su vi\u0161tiena, krevet\u0117mis ir rozmarinu 18 \u00d7 80 g - MiuMjau<\/title>\n<meta name=\"description\" content=\"Ontario konservuotas maistas kat\u0117ms yra be gr\u016bd\u0173, su dideliu m\u0117sos kiekiu ir i\u0161 ties\u0173 skanus. Pakuot\u0117je \u2013 tikri m\u0117sos gabal\u0117liai. Nat\u016bralus maistas j\u016bs\u0173 katei!\" \/>\n<meta name=\"robots\" content=\"index, follow, max-snippet:-1, max-image-preview:large, max-video-preview:-1\" \/>\n<link rel=\"canonical\" href=\"https:\/\/miumjau.ee\/lt\/produktas\/ontario-herb-slapias-kaciu-edalas-su-vistiena-krevetemis-ir-rozmarinu-18-x-80-g\/\" \/>\n<meta property=\"og:locale\" content=\"lt_LT\" \/>\n<meta property=\"og:type\" content=\"article\" \/>\n<meta property=\"og:title\" content=\"Ontario Herb \u0161lapias ka\u010di\u0173 \u0117dalas su vi\u0161tiena, krevet\u0117mis ir rozmarinu 18 \u00d7 80 g - MiuMjau\" \/>\n<meta property=\"og:description\" content=\"Ontario konservuotas maistas kat\u0117ms yra be gr\u016bd\u0173, su dideliu m\u0117sos kiekiu ir i\u0161 ties\u0173 skanus. Pakuot\u0117je \u2013 tikri m\u0117sos gabal\u0117liai. Nat\u016bralus maistas j\u016bs\u0173 katei!\" \/>\n<meta property=\"og:url\" content=\"https:\/\/miumjau.ee\/lt\/produktas\/ontario-herb-slapias-kaciu-edalas-su-vistiena-krevetemis-ir-rozmarinu-18-x-80-g\/\" \/>\n<meta property=\"og:site_name\" content=\"MiuMjau\" \/>\n<meta property=\"article:publisher\" content=\"https:\/\/www.facebook.com\/miumjaupood\/\" \/>\n<meta property=\"article:modified_time\" content=\"2026-01-07T18:41:29+00:00\" \/>\n<meta property=\"og:image\" content=\"https:\/\/miumjau.ee\/wp-content\/uploads\/2025\/04\/Ontario-margtoid-kassidele-filee4.webp\" \/>\n\t<meta property=\"og:image:width\" content=\"600\" \/>\n\t<meta property=\"og:image:height\" content=\"800\" \/>\n\t<meta property=\"og:image:type\" content=\"image\/webp\" \/>\n<meta name=\"twitter:card\" content=\"summary_large_image\" \/>\n<script type=\"application\/ld+json\" class=\"yoast-schema-graph\">{\"@context\":\"https:\/\/schema.org\",\"@graph\":[{\"@type\":\"WebPage\",\"@id\":\"https:\/\/miumjau.ee\/lt\/produktas\/ontario-herb-slapias-kaciu-edalas-su-vistiena-krevetemis-ir-rozmarinu-18-x-80-g\/\",\"url\":\"https:\/\/miumjau.ee\/lt\/produktas\/ontario-herb-slapias-kaciu-edalas-su-vistiena-krevetemis-ir-rozmarinu-18-x-80-g\/\",\"name\":\"Ontario Herb \u0161lapias ka\u010di\u0173 \u0117dalas su vi\u0161tiena, krevet\u0117mis ir rozmarinu 18 \u00d7 80 g - MiuMjau\",\"isPartOf\":{\"@id\":\"https:\/\/miumjau.ee\/#website\"},\"primaryImageOfPage\":{\"@id\":\"https:\/\/miumjau.ee\/lt\/produktas\/ontario-herb-slapias-kaciu-edalas-su-vistiena-krevetemis-ir-rozmarinu-18-x-80-g\/#primaryimage\"},\"image\":{\"@id\":\"https:\/\/miumjau.ee\/lt\/produktas\/ontario-herb-slapias-kaciu-edalas-su-vistiena-krevetemis-ir-rozmarinu-18-x-80-g\/#primaryimage\"},\"thumbnailUrl\":\"https:\/\/miumjau.ee\/wp-content\/uploads\/2025\/04\/Ontario-margtoid-kassidele-filee4.webp\",\"datePublished\":\"2025-04-11T06:41:31+00:00\",\"dateModified\":\"2026-01-07T18:41:29+00:00\",\"description\":\"Ontario konservuotas maistas kat\u0117ms yra be gr\u016bd\u0173, su dideliu m\u0117sos kiekiu ir i\u0161 ties\u0173 skanus. Pakuot\u0117je \u2013 tikri m\u0117sos gabal\u0117liai. Nat\u016bralus maistas j\u016bs\u0173 katei!\",\"breadcrumb\":{\"@id\":\"https:\/\/miumjau.ee\/lt\/produktas\/ontario-herb-slapias-kaciu-edalas-su-vistiena-krevetemis-ir-rozmarinu-18-x-80-g\/#breadcrumb\"},\"inLanguage\":\"lt-LT\",\"potentialAction\":[{\"@type\":\"ReadAction\",\"target\":[\"https:\/\/miumjau.ee\/lt\/produktas\/ontario-herb-slapias-kaciu-edalas-su-vistiena-krevetemis-ir-rozmarinu-18-x-80-g\/\"]}]},{\"@type\":\"ImageObject\",\"inLanguage\":\"lt-LT\",\"@id\":\"https:\/\/miumjau.ee\/lt\/produktas\/ontario-herb-slapias-kaciu-edalas-su-vistiena-krevetemis-ir-rozmarinu-18-x-80-g\/#primaryimage\",\"url\":\"https:\/\/miumjau.ee\/wp-content\/uploads\/2025\/04\/Ontario-margtoid-kassidele-filee4.webp\",\"contentUrl\":\"https:\/\/miumjau.ee\/wp-content\/uploads\/2025\/04\/Ontario-margtoid-kassidele-filee4.webp\",\"width\":600,\"height\":800},{\"@type\":\"BreadcrumbList\",\"@id\":\"https:\/\/miumjau.ee\/lt\/produktas\/ontario-herb-slapias-kaciu-edalas-su-vistiena-krevetemis-ir-rozmarinu-18-x-80-g\/#breadcrumb\",\"itemListElement\":[{\"@type\":\"ListItem\",\"position\":1,\"name\":\"Home\",\"item\":\"https:\/\/miumjau.ee\/lt\/\"},{\"@type\":\"ListItem\",\"position\":2,\"name\":\"Parduotuv\u0117\",\"item\":\"https:\/\/miumjau.ee\/lt\/parduotuve\/\"},{\"@type\":\"ListItem\",\"position\":3,\"name\":\"Ontario Herb \u0161lapias ka\u010di\u0173 \u0117dalas su vi\u0161tiena, krevet\u0117mis ir rozmarinu 18 \u00d7 80 g\"}]},{\"@type\":\"WebSite\",\"@id\":\"https:\/\/miumjau.ee\/#website\",\"url\":\"https:\/\/miumjau.ee\/\",\"name\":\"MiuMjau\",\"description\":\"Kraapimispuud kassidele\",\"publisher\":{\"@id\":\"https:\/\/miumjau.ee\/#organization\"},\"potentialAction\":[{\"@type\":\"SearchAction\",\"target\":{\"@type\":\"EntryPoint\",\"urlTemplate\":\"https:\/\/miumjau.ee\/?s={search_term_string}\"},\"query-input\":{\"@type\":\"PropertyValueSpecification\",\"valueRequired\":true,\"valueName\":\"search_term_string\"}}],\"inLanguage\":\"lt-LT\"},{\"@type\":\"Organization\",\"@id\":\"https:\/\/miumjau.ee\/#organization\",\"name\":\"MiuMjau O\u00dc\",\"url\":\"https:\/\/miumjau.ee\/\",\"logo\":{\"@type\":\"ImageObject\",\"inLanguage\":\"lt-LT\",\"@id\":\"https:\/\/miumjau.ee\/#\/schema\/logo\/image\/\",\"url\":\"https:\/\/miumjau.ee\/wp-content\/uploads\/2022\/04\/MiuMjau-logo-kollane.png\",\"contentUrl\":\"https:\/\/miumjau.ee\/wp-content\/uploads\/2022\/04\/MiuMjau-logo-kollane.png\",\"width\":219,\"height\":100,\"caption\":\"MiuMjau O\u00dc\"},\"image\":{\"@id\":\"https:\/\/miumjau.ee\/#\/schema\/logo\/image\/\"},\"sameAs\":[\"https:\/\/www.facebook.com\/miumjaupood\/\"]}]}<\/script>\n<!-- \/ Yoast SEO plugin. -->","yoast_head_json":{"title":"Ontario Herb \u0161lapias ka\u010di\u0173 \u0117dalas su vi\u0161tiena, krevet\u0117mis ir rozmarinu 18 \u00d7 80 g - MiuMjau","description":"Ontario konservuotas maistas kat\u0117ms yra be gr\u016bd\u0173, su dideliu m\u0117sos kiekiu ir i\u0161 ties\u0173 skanus. Pakuot\u0117je \u2013 tikri m\u0117sos gabal\u0117liai. Nat\u016bralus maistas j\u016bs\u0173 katei!","robots":{"index":"index","follow":"follow","max-snippet":"max-snippet:-1","max-image-preview":"max-image-preview:large","max-video-preview":"max-video-preview:-1"},"canonical":"https:\/\/miumjau.ee\/lt\/produktas\/ontario-herb-slapias-kaciu-edalas-su-vistiena-krevetemis-ir-rozmarinu-18-x-80-g\/","og_locale":"lt_LT","og_type":"article","og_title":"Ontario Herb \u0161lapias ka\u010di\u0173 \u0117dalas su vi\u0161tiena, krevet\u0117mis ir rozmarinu 18 \u00d7 80 g - MiuMjau","og_description":"Ontario konservuotas maistas kat\u0117ms yra be gr\u016bd\u0173, su dideliu m\u0117sos kiekiu ir i\u0161 ties\u0173 skanus. Pakuot\u0117je \u2013 tikri m\u0117sos gabal\u0117liai. Nat\u016bralus maistas j\u016bs\u0173 katei!","og_url":"https:\/\/miumjau.ee\/lt\/produktas\/ontario-herb-slapias-kaciu-edalas-su-vistiena-krevetemis-ir-rozmarinu-18-x-80-g\/","og_site_name":"MiuMjau","article_publisher":"https:\/\/www.facebook.com\/miumjaupood\/","article_modified_time":"2026-01-07T18:41:29+00:00","og_image":[{"width":600,"height":800,"url":"https:\/\/miumjau.ee\/wp-content\/uploads\/2025\/04\/Ontario-margtoid-kassidele-filee4.webp","type":"image\/webp"}],"twitter_card":"summary_large_image","schema":{"@context":"https:\/\/schema.org","@graph":[{"@type":"WebPage","@id":"https:\/\/miumjau.ee\/lt\/produktas\/ontario-herb-slapias-kaciu-edalas-su-vistiena-krevetemis-ir-rozmarinu-18-x-80-g\/","url":"https:\/\/miumjau.ee\/lt\/produktas\/ontario-herb-slapias-kaciu-edalas-su-vistiena-krevetemis-ir-rozmarinu-18-x-80-g\/","name":"Ontario Herb \u0161lapias ka\u010di\u0173 \u0117dalas su vi\u0161tiena, krevet\u0117mis ir rozmarinu 18 \u00d7 80 g - MiuMjau","isPartOf":{"@id":"https:\/\/miumjau.ee\/#website"},"primaryImageOfPage":{"@id":"https:\/\/miumjau.ee\/lt\/produktas\/ontario-herb-slapias-kaciu-edalas-su-vistiena-krevetemis-ir-rozmarinu-18-x-80-g\/#primaryimage"},"image":{"@id":"https:\/\/miumjau.ee\/lt\/produktas\/ontario-herb-slapias-kaciu-edalas-su-vistiena-krevetemis-ir-rozmarinu-18-x-80-g\/#primaryimage"},"thumbnailUrl":"https:\/\/miumjau.ee\/wp-content\/uploads\/2025\/04\/Ontario-margtoid-kassidele-filee4.webp","datePublished":"2025-04-11T06:41:31+00:00","dateModified":"2026-01-07T18:41:29+00:00","description":"Ontario konservuotas maistas kat\u0117ms yra be gr\u016bd\u0173, su dideliu m\u0117sos kiekiu ir i\u0161 ties\u0173 skanus. Pakuot\u0117je \u2013 tikri m\u0117sos gabal\u0117liai. Nat\u016bralus maistas j\u016bs\u0173 katei!","breadcrumb":{"@id":"https:\/\/miumjau.ee\/lt\/produktas\/ontario-herb-slapias-kaciu-edalas-su-vistiena-krevetemis-ir-rozmarinu-18-x-80-g\/#breadcrumb"},"inLanguage":"lt-LT","potentialAction":[{"@type":"ReadAction","target":["https:\/\/miumjau.ee\/lt\/produktas\/ontario-herb-slapias-kaciu-edalas-su-vistiena-krevetemis-ir-rozmarinu-18-x-80-g\/"]}]},{"@type":"ImageObject","inLanguage":"lt-LT","@id":"https:\/\/miumjau.ee\/lt\/produktas\/ontario-herb-slapias-kaciu-edalas-su-vistiena-krevetemis-ir-rozmarinu-18-x-80-g\/#primaryimage","url":"https:\/\/miumjau.ee\/wp-content\/uploads\/2025\/04\/Ontario-margtoid-kassidele-filee4.webp","contentUrl":"https:\/\/miumjau.ee\/wp-content\/uploads\/2025\/04\/Ontario-margtoid-kassidele-filee4.webp","width":600,"height":800},{"@type":"BreadcrumbList","@id":"https:\/\/miumjau.ee\/lt\/produktas\/ontario-herb-slapias-kaciu-edalas-su-vistiena-krevetemis-ir-rozmarinu-18-x-80-g\/#breadcrumb","itemListElement":[{"@type":"ListItem","position":1,"name":"Home","item":"https:\/\/miumjau.ee\/lt\/"},{"@type":"ListItem","position":2,"name":"Parduotuv\u0117","item":"https:\/\/miumjau.ee\/lt\/parduotuve\/"},{"@type":"ListItem","position":3,"name":"Ontario Herb \u0161lapias ka\u010di\u0173 \u0117dalas su vi\u0161tiena, krevet\u0117mis ir rozmarinu 18 \u00d7 80 g"}]},{"@type":"WebSite","@id":"https:\/\/miumjau.ee\/#website","url":"https:\/\/miumjau.ee\/","name":"MiuMjau","description":"Kraapimispuud kassidele","publisher":{"@id":"https:\/\/miumjau.ee\/#organization"},"potentialAction":[{"@type":"SearchAction","target":{"@type":"EntryPoint","urlTemplate":"https:\/\/miumjau.ee\/?s={search_term_string}"},"query-input":{"@type":"PropertyValueSpecification","valueRequired":true,"valueName":"search_term_string"}}],"inLanguage":"lt-LT"},{"@type":"Organization","@id":"https:\/\/miumjau.ee\/#organization","name":"MiuMjau O\u00dc","url":"https:\/\/miumjau.ee\/","logo":{"@type":"ImageObject","inLanguage":"lt-LT","@id":"https:\/\/miumjau.ee\/#\/schema\/logo\/image\/","url":"https:\/\/miumjau.ee\/wp-content\/uploads\/2022\/04\/MiuMjau-logo-kollane.png","contentUrl":"https:\/\/miumjau.ee\/wp-content\/uploads\/2022\/04\/MiuMjau-logo-kollane.png","width":219,"height":100,"caption":"MiuMjau O\u00dc"},"image":{"@id":"https:\/\/miumjau.ee\/#\/schema\/logo\/image\/"},"sameAs":["https:\/\/www.facebook.com\/miumjaupood\/"]}]}},"_links":{"self":[{"href":"https:\/\/miumjau.ee\/lt\/wp-json\/wp\/v2\/product\/50878","targetHints":{"allow":["GET"]}}],"collection":[{"href":"https:\/\/miumjau.ee\/lt\/wp-json\/wp\/v2\/product"}],"about":[{"href":"https:\/\/miumjau.ee\/lt\/wp-json\/wp\/v2\/types\/product"}],"wp:featuredmedia":[{"embeddable":true,"href":"https:\/\/miumjau.ee\/lt\/wp-json\/wp\/v2\/media\/50879"}],"wp:attachment":[{"href":"https:\/\/miumjau.ee\/lt\/wp-json\/wp\/v2\/media?parent=50878"}],"wp:term":[{"taxonomy":"product_brand","embeddable":true,"href":"https:\/\/miumjau.ee\/lt\/wp-json\/wp\/v2\/product_brand?post=50878"},{"taxonomy":"product_cat","embeddable":true,"href":"https:\/\/miumjau.ee\/lt\/wp-json\/wp\/v2\/product_cat?post=50878"},{"taxonomy":"product_tag","embeddable":true,"href":"https:\/\/miumjau.ee\/lt\/wp-json\/wp\/v2\/product_tag?post=50878"}],"curies":[{"name":"wp","href":"https:\/\/api.w.org\/{rel}","templated":true}]}}