{"id":50876,"date":"2025-04-13T08:33:04","date_gmt":"2025-04-13T05:33:04","guid":{"rendered":"https:\/\/miumjau.ee\/toode\/ontario-herb-slapias-kaciu-jaunikliu-edalas-su-zoleliu-vistiena-ir-kepenimis-18-x-80-g\/"},"modified":"2026-01-07T20:41:29","modified_gmt":"2026-01-07T18:41:29","slug":"ontario-herb-slapias-kaciu-jaunikliu-edalas-su-zoleliu-vistiena-ir-kepenimis-18-x-80-g","status":"publish","type":"product","link":"https:\/\/miumjau.ee\/lt\/produktas\/ontario-herb-slapias-kaciu-jaunikliu-edalas-su-zoleliu-vistiena-ir-kepenimis-18-x-80-g\/","title":{"rendered":"Ontario Herb \u0161lapias ka\u010di\u0173 jaunikli\u0173 \u0117dalas su \u017eoleli\u0173 vi\u0161tiena ir kepenimis 18 \u00d7 80 g"},"content":{"rendered":"","protected":false},"excerpt":{"rendered":"<p>Papildomas \u0117dalas ka\u010diukams nuo 1 m\u0117nesio am\u017eiaus. Skan\u016bs vi\u0161tienos gabal\u0117liai su kepen\u0117l\u0117mis ir sald\u017eiosiomis bulv\u0117mis gard\u017eiame pada\u017ee, kuris palaiko skys\u010di\u0173 suvartojim\u0105. Puikus pasirinkimas augan\u010diam ka\u010diukui, suteikiantis maisting\u0173 ingredient\u0173, kurie palaiko sveik\u0105 vystym\u0105si ir gyvybingum\u0105. Nat\u016bralus ir kruop\u0161\u010diai subalansuotas receptas u\u017etikrina geriausi\u0105 j\u016bs\u0173 ka\u010diuko gyvenimo prad\u017ei\u0105.<\/p>\n<p>\u2714 Nat\u016brali sud\u0117tis \u2013 42 % vi\u0161tienos, vi\u0161tienos kepen\u0117li\u0173, sald\u017ei\u0173j\u0173 bulvi\u0173, spanguoli\u0173 ir ry\u017ei\u0173.<\/p>\n<p>\u2714 Sveikos \u017eolel\u0117s \u2013 rozmarinas palaiko vir\u0161kinim\u0105 ir veikia kaip nat\u016bralus antioksidantas.<\/p>\n<p>\u2714 Supermaistas \u2013 spanguol\u0117s \u2013 gausus antioksidant\u0173 ir vitamin\u0173 \u0161altinis.<\/p>\n<p>\u2714 Be dirbtini\u0173 pried\u0173 \u2013 be da\u017eikli\u0173, konservant\u0173 ar nereikaling\u0173 pried\u0173.<\/p>\n<p>\u2714 Universalus naudojimas \u2013 idealiai tinka kaip u\u017ekandis arba d\u0117ti \u012f saus\u0105 \u0117dal\u0105.<\/p>\n<p>Sudedamosios dalys: 42 % vi\u0161tienos, 5 % vi\u0161tienos kepen\u0117li\u0173, 2 % sald\u017ei\u0173j\u0173 bulvi\u0173, 1,2 % spanguoli\u0173, ry\u017ei\u0173, rozmarino ir kt.<\/p>\n<p>Anatin\u0117s sudedamosios dalys: baltymai 9,5 %, riebalai 1 %, skaidulos 0,5 %, pelenai 2 %, dr\u0117gm\u0117 86 %.<\/p>\n<p>Laikymas: laikyti v\u0117sioje, sausoje vietoje. Atidarius laikyti \u0161aldytuve ir suvartoti per 3 dienas. U\u017etikrinkite prieig\u0105 prie \u0161vie\u017eio vandens.<\/p>\n","protected":false},"featured_media":50877,"template":"","meta":[],"product_brand":[],"product_cat":[526],"product_tag":[],"class_list":{"0":"post-50876","1":"product","2":"type-product","3":"status-publish","4":"has-post-thumbnail","6":"product_cat-slapias-maistas","8":"first","9":"instock","10":"sale","11":"taxable","12":"shipping-taxable","13":"purchasable","14":"product-type-simple"},"yoast_head":"<!-- This site is optimized with the Yoast SEO plugin v27.2 - https:\/\/yoast.com\/product\/yoast-seo-wordpress\/ -->\n<title>Ontario Herb \u0161lapias ka\u010di\u0173 jaunikli\u0173 \u0117dalas su \u017eoleli\u0173 vi\u0161tiena ir kepenimis 18 \u00d7 80 g - MiuMjau<\/title>\n<meta name=\"description\" content=\"Ontario konservuotas maistas kat\u0117ms yra be gr\u016bd\u0173, su dideliu m\u0117sos kiekiu ir i\u0161 ties\u0173 skanus. Pakuot\u0117je \u2013 tikri m\u0117sos gabal\u0117liai. Nat\u016bralus maistas j\u016bs\u0173 katei!\" \/>\n<meta name=\"robots\" content=\"index, follow, max-snippet:-1, max-image-preview:large, max-video-preview:-1\" \/>\n<link rel=\"canonical\" href=\"https:\/\/miumjau.ee\/lt\/produktas\/ontario-herb-slapias-kaciu-jaunikliu-edalas-su-zoleliu-vistiena-ir-kepenimis-18-x-80-g\/\" \/>\n<meta property=\"og:locale\" content=\"lt_LT\" \/>\n<meta property=\"og:type\" content=\"article\" \/>\n<meta property=\"og:title\" content=\"Ontario Herb \u0161lapias ka\u010di\u0173 jaunikli\u0173 \u0117dalas su \u017eoleli\u0173 vi\u0161tiena ir kepenimis 18 \u00d7 80 g - MiuMjau\" \/>\n<meta property=\"og:description\" content=\"Ontario konservuotas maistas kat\u0117ms yra be gr\u016bd\u0173, su dideliu m\u0117sos kiekiu ir i\u0161 ties\u0173 skanus. Pakuot\u0117je \u2013 tikri m\u0117sos gabal\u0117liai. Nat\u016bralus maistas j\u016bs\u0173 katei!\" \/>\n<meta property=\"og:url\" content=\"https:\/\/miumjau.ee\/lt\/produktas\/ontario-herb-slapias-kaciu-jaunikliu-edalas-su-zoleliu-vistiena-ir-kepenimis-18-x-80-g\/\" \/>\n<meta property=\"og:site_name\" content=\"MiuMjau\" \/>\n<meta property=\"article:publisher\" content=\"https:\/\/www.facebook.com\/miumjaupood\/\" \/>\n<meta property=\"article:modified_time\" content=\"2026-01-07T18:41:29+00:00\" \/>\n<meta property=\"og:image\" content=\"https:\/\/miumjau.ee\/wp-content\/uploads\/2025\/04\/ontario-herb-kassitoit-box3.webp\" \/>\n\t<meta property=\"og:image:width\" content=\"600\" \/>\n\t<meta property=\"og:image:height\" content=\"800\" \/>\n\t<meta property=\"og:image:type\" content=\"image\/webp\" \/>\n<meta name=\"twitter:card\" content=\"summary_large_image\" \/>\n<script type=\"application\/ld+json\" class=\"yoast-schema-graph\">{\"@context\":\"https:\/\/schema.org\",\"@graph\":[{\"@type\":\"WebPage\",\"@id\":\"https:\/\/miumjau.ee\/lt\/produktas\/ontario-herb-slapias-kaciu-jaunikliu-edalas-su-zoleliu-vistiena-ir-kepenimis-18-x-80-g\/\",\"url\":\"https:\/\/miumjau.ee\/lt\/produktas\/ontario-herb-slapias-kaciu-jaunikliu-edalas-su-zoleliu-vistiena-ir-kepenimis-18-x-80-g\/\",\"name\":\"Ontario Herb \u0161lapias ka\u010di\u0173 jaunikli\u0173 \u0117dalas su \u017eoleli\u0173 vi\u0161tiena ir kepenimis 18 \u00d7 80 g - MiuMjau\",\"isPartOf\":{\"@id\":\"https:\/\/miumjau.ee\/#website\"},\"primaryImageOfPage\":{\"@id\":\"https:\/\/miumjau.ee\/lt\/produktas\/ontario-herb-slapias-kaciu-jaunikliu-edalas-su-zoleliu-vistiena-ir-kepenimis-18-x-80-g\/#primaryimage\"},\"image\":{\"@id\":\"https:\/\/miumjau.ee\/lt\/produktas\/ontario-herb-slapias-kaciu-jaunikliu-edalas-su-zoleliu-vistiena-ir-kepenimis-18-x-80-g\/#primaryimage\"},\"thumbnailUrl\":\"https:\/\/miumjau.ee\/wp-content\/uploads\/2025\/04\/ontario-herb-kassitoit-box3.webp\",\"datePublished\":\"2025-04-13T05:33:04+00:00\",\"dateModified\":\"2026-01-07T18:41:29+00:00\",\"description\":\"Ontario konservuotas maistas kat\u0117ms yra be gr\u016bd\u0173, su dideliu m\u0117sos kiekiu ir i\u0161 ties\u0173 skanus. Pakuot\u0117je \u2013 tikri m\u0117sos gabal\u0117liai. Nat\u016bralus maistas j\u016bs\u0173 katei!\",\"breadcrumb\":{\"@id\":\"https:\/\/miumjau.ee\/lt\/produktas\/ontario-herb-slapias-kaciu-jaunikliu-edalas-su-zoleliu-vistiena-ir-kepenimis-18-x-80-g\/#breadcrumb\"},\"inLanguage\":\"lt-LT\",\"potentialAction\":[{\"@type\":\"ReadAction\",\"target\":[\"https:\/\/miumjau.ee\/lt\/produktas\/ontario-herb-slapias-kaciu-jaunikliu-edalas-su-zoleliu-vistiena-ir-kepenimis-18-x-80-g\/\"]}]},{\"@type\":\"ImageObject\",\"inLanguage\":\"lt-LT\",\"@id\":\"https:\/\/miumjau.ee\/lt\/produktas\/ontario-herb-slapias-kaciu-jaunikliu-edalas-su-zoleliu-vistiena-ir-kepenimis-18-x-80-g\/#primaryimage\",\"url\":\"https:\/\/miumjau.ee\/wp-content\/uploads\/2025\/04\/ontario-herb-kassitoit-box3.webp\",\"contentUrl\":\"https:\/\/miumjau.ee\/wp-content\/uploads\/2025\/04\/ontario-herb-kassitoit-box3.webp\",\"width\":600,\"height\":800},{\"@type\":\"BreadcrumbList\",\"@id\":\"https:\/\/miumjau.ee\/lt\/produktas\/ontario-herb-slapias-kaciu-jaunikliu-edalas-su-zoleliu-vistiena-ir-kepenimis-18-x-80-g\/#breadcrumb\",\"itemListElement\":[{\"@type\":\"ListItem\",\"position\":1,\"name\":\"Home\",\"item\":\"https:\/\/miumjau.ee\/lt\/\"},{\"@type\":\"ListItem\",\"position\":2,\"name\":\"Parduotuv\u0117\",\"item\":\"https:\/\/miumjau.ee\/lt\/parduotuve\/\"},{\"@type\":\"ListItem\",\"position\":3,\"name\":\"Ontario Herb \u0161lapias ka\u010di\u0173 jaunikli\u0173 \u0117dalas su \u017eoleli\u0173 vi\u0161tiena ir kepenimis 18 \u00d7 80 g\"}]},{\"@type\":\"WebSite\",\"@id\":\"https:\/\/miumjau.ee\/#website\",\"url\":\"https:\/\/miumjau.ee\/\",\"name\":\"MiuMjau\",\"description\":\"Kraapimispuud kassidele\",\"publisher\":{\"@id\":\"https:\/\/miumjau.ee\/#organization\"},\"potentialAction\":[{\"@type\":\"SearchAction\",\"target\":{\"@type\":\"EntryPoint\",\"urlTemplate\":\"https:\/\/miumjau.ee\/?s={search_term_string}\"},\"query-input\":{\"@type\":\"PropertyValueSpecification\",\"valueRequired\":true,\"valueName\":\"search_term_string\"}}],\"inLanguage\":\"lt-LT\"},{\"@type\":\"Organization\",\"@id\":\"https:\/\/miumjau.ee\/#organization\",\"name\":\"MiuMjau O\u00dc\",\"url\":\"https:\/\/miumjau.ee\/\",\"logo\":{\"@type\":\"ImageObject\",\"inLanguage\":\"lt-LT\",\"@id\":\"https:\/\/miumjau.ee\/#\/schema\/logo\/image\/\",\"url\":\"https:\/\/miumjau.ee\/wp-content\/uploads\/2022\/04\/MiuMjau-logo-kollane.png\",\"contentUrl\":\"https:\/\/miumjau.ee\/wp-content\/uploads\/2022\/04\/MiuMjau-logo-kollane.png\",\"width\":219,\"height\":100,\"caption\":\"MiuMjau O\u00dc\"},\"image\":{\"@id\":\"https:\/\/miumjau.ee\/#\/schema\/logo\/image\/\"},\"sameAs\":[\"https:\/\/www.facebook.com\/miumjaupood\/\"]}]}<\/script>\n<!-- \/ Yoast SEO plugin. -->","yoast_head_json":{"title":"Ontario Herb \u0161lapias ka\u010di\u0173 jaunikli\u0173 \u0117dalas su \u017eoleli\u0173 vi\u0161tiena ir kepenimis 18 \u00d7 80 g - MiuMjau","description":"Ontario konservuotas maistas kat\u0117ms yra be gr\u016bd\u0173, su dideliu m\u0117sos kiekiu ir i\u0161 ties\u0173 skanus. Pakuot\u0117je \u2013 tikri m\u0117sos gabal\u0117liai. Nat\u016bralus maistas j\u016bs\u0173 katei!","robots":{"index":"index","follow":"follow","max-snippet":"max-snippet:-1","max-image-preview":"max-image-preview:large","max-video-preview":"max-video-preview:-1"},"canonical":"https:\/\/miumjau.ee\/lt\/produktas\/ontario-herb-slapias-kaciu-jaunikliu-edalas-su-zoleliu-vistiena-ir-kepenimis-18-x-80-g\/","og_locale":"lt_LT","og_type":"article","og_title":"Ontario Herb \u0161lapias ka\u010di\u0173 jaunikli\u0173 \u0117dalas su \u017eoleli\u0173 vi\u0161tiena ir kepenimis 18 \u00d7 80 g - MiuMjau","og_description":"Ontario konservuotas maistas kat\u0117ms yra be gr\u016bd\u0173, su dideliu m\u0117sos kiekiu ir i\u0161 ties\u0173 skanus. Pakuot\u0117je \u2013 tikri m\u0117sos gabal\u0117liai. Nat\u016bralus maistas j\u016bs\u0173 katei!","og_url":"https:\/\/miumjau.ee\/lt\/produktas\/ontario-herb-slapias-kaciu-jaunikliu-edalas-su-zoleliu-vistiena-ir-kepenimis-18-x-80-g\/","og_site_name":"MiuMjau","article_publisher":"https:\/\/www.facebook.com\/miumjaupood\/","article_modified_time":"2026-01-07T18:41:29+00:00","og_image":[{"width":600,"height":800,"url":"https:\/\/miumjau.ee\/wp-content\/uploads\/2025\/04\/ontario-herb-kassitoit-box3.webp","type":"image\/webp"}],"twitter_card":"summary_large_image","schema":{"@context":"https:\/\/schema.org","@graph":[{"@type":"WebPage","@id":"https:\/\/miumjau.ee\/lt\/produktas\/ontario-herb-slapias-kaciu-jaunikliu-edalas-su-zoleliu-vistiena-ir-kepenimis-18-x-80-g\/","url":"https:\/\/miumjau.ee\/lt\/produktas\/ontario-herb-slapias-kaciu-jaunikliu-edalas-su-zoleliu-vistiena-ir-kepenimis-18-x-80-g\/","name":"Ontario Herb \u0161lapias ka\u010di\u0173 jaunikli\u0173 \u0117dalas su \u017eoleli\u0173 vi\u0161tiena ir kepenimis 18 \u00d7 80 g - MiuMjau","isPartOf":{"@id":"https:\/\/miumjau.ee\/#website"},"primaryImageOfPage":{"@id":"https:\/\/miumjau.ee\/lt\/produktas\/ontario-herb-slapias-kaciu-jaunikliu-edalas-su-zoleliu-vistiena-ir-kepenimis-18-x-80-g\/#primaryimage"},"image":{"@id":"https:\/\/miumjau.ee\/lt\/produktas\/ontario-herb-slapias-kaciu-jaunikliu-edalas-su-zoleliu-vistiena-ir-kepenimis-18-x-80-g\/#primaryimage"},"thumbnailUrl":"https:\/\/miumjau.ee\/wp-content\/uploads\/2025\/04\/ontario-herb-kassitoit-box3.webp","datePublished":"2025-04-13T05:33:04+00:00","dateModified":"2026-01-07T18:41:29+00:00","description":"Ontario konservuotas maistas kat\u0117ms yra be gr\u016bd\u0173, su dideliu m\u0117sos kiekiu ir i\u0161 ties\u0173 skanus. Pakuot\u0117je \u2013 tikri m\u0117sos gabal\u0117liai. Nat\u016bralus maistas j\u016bs\u0173 katei!","breadcrumb":{"@id":"https:\/\/miumjau.ee\/lt\/produktas\/ontario-herb-slapias-kaciu-jaunikliu-edalas-su-zoleliu-vistiena-ir-kepenimis-18-x-80-g\/#breadcrumb"},"inLanguage":"lt-LT","potentialAction":[{"@type":"ReadAction","target":["https:\/\/miumjau.ee\/lt\/produktas\/ontario-herb-slapias-kaciu-jaunikliu-edalas-su-zoleliu-vistiena-ir-kepenimis-18-x-80-g\/"]}]},{"@type":"ImageObject","inLanguage":"lt-LT","@id":"https:\/\/miumjau.ee\/lt\/produktas\/ontario-herb-slapias-kaciu-jaunikliu-edalas-su-zoleliu-vistiena-ir-kepenimis-18-x-80-g\/#primaryimage","url":"https:\/\/miumjau.ee\/wp-content\/uploads\/2025\/04\/ontario-herb-kassitoit-box3.webp","contentUrl":"https:\/\/miumjau.ee\/wp-content\/uploads\/2025\/04\/ontario-herb-kassitoit-box3.webp","width":600,"height":800},{"@type":"BreadcrumbList","@id":"https:\/\/miumjau.ee\/lt\/produktas\/ontario-herb-slapias-kaciu-jaunikliu-edalas-su-zoleliu-vistiena-ir-kepenimis-18-x-80-g\/#breadcrumb","itemListElement":[{"@type":"ListItem","position":1,"name":"Home","item":"https:\/\/miumjau.ee\/lt\/"},{"@type":"ListItem","position":2,"name":"Parduotuv\u0117","item":"https:\/\/miumjau.ee\/lt\/parduotuve\/"},{"@type":"ListItem","position":3,"name":"Ontario Herb \u0161lapias ka\u010di\u0173 jaunikli\u0173 \u0117dalas su \u017eoleli\u0173 vi\u0161tiena ir kepenimis 18 \u00d7 80 g"}]},{"@type":"WebSite","@id":"https:\/\/miumjau.ee\/#website","url":"https:\/\/miumjau.ee\/","name":"MiuMjau","description":"Kraapimispuud kassidele","publisher":{"@id":"https:\/\/miumjau.ee\/#organization"},"potentialAction":[{"@type":"SearchAction","target":{"@type":"EntryPoint","urlTemplate":"https:\/\/miumjau.ee\/?s={search_term_string}"},"query-input":{"@type":"PropertyValueSpecification","valueRequired":true,"valueName":"search_term_string"}}],"inLanguage":"lt-LT"},{"@type":"Organization","@id":"https:\/\/miumjau.ee\/#organization","name":"MiuMjau O\u00dc","url":"https:\/\/miumjau.ee\/","logo":{"@type":"ImageObject","inLanguage":"lt-LT","@id":"https:\/\/miumjau.ee\/#\/schema\/logo\/image\/","url":"https:\/\/miumjau.ee\/wp-content\/uploads\/2022\/04\/MiuMjau-logo-kollane.png","contentUrl":"https:\/\/miumjau.ee\/wp-content\/uploads\/2022\/04\/MiuMjau-logo-kollane.png","width":219,"height":100,"caption":"MiuMjau O\u00dc"},"image":{"@id":"https:\/\/miumjau.ee\/#\/schema\/logo\/image\/"},"sameAs":["https:\/\/www.facebook.com\/miumjaupood\/"]}]}},"_links":{"self":[{"href":"https:\/\/miumjau.ee\/lt\/wp-json\/wp\/v2\/product\/50876","targetHints":{"allow":["GET"]}}],"collection":[{"href":"https:\/\/miumjau.ee\/lt\/wp-json\/wp\/v2\/product"}],"about":[{"href":"https:\/\/miumjau.ee\/lt\/wp-json\/wp\/v2\/types\/product"}],"wp:featuredmedia":[{"embeddable":true,"href":"https:\/\/miumjau.ee\/lt\/wp-json\/wp\/v2\/media\/50877"}],"wp:attachment":[{"href":"https:\/\/miumjau.ee\/lt\/wp-json\/wp\/v2\/media?parent=50876"}],"wp:term":[{"taxonomy":"product_brand","embeddable":true,"href":"https:\/\/miumjau.ee\/lt\/wp-json\/wp\/v2\/product_brand?post=50876"},{"taxonomy":"product_cat","embeddable":true,"href":"https:\/\/miumjau.ee\/lt\/wp-json\/wp\/v2\/product_cat?post=50876"},{"taxonomy":"product_tag","embeddable":true,"href":"https:\/\/miumjau.ee\/lt\/wp-json\/wp\/v2\/product_tag?post=50876"}],"curies":[{"name":"wp","href":"https:\/\/api.w.org\/{rel}","templated":true}]}}