{"id":50839,"date":"2025-06-25T17:50:23","date_gmt":"2025-06-25T14:50:23","guid":{"rendered":"https:\/\/miumjau.ee\/toode\/laizymo-kilimelis-grindims-sienai-21x21-duo-raudonas\/"},"modified":"2026-01-07T20:41:29","modified_gmt":"2026-01-07T18:41:29","slug":"laizymo-kilimelis-grindims-sienai-21x21-duo-raudonas","status":"publish","type":"product","link":"https:\/\/miumjau.ee\/lt\/produktas\/laizymo-kilimelis-grindims-sienai-21x21-duo-raudonas\/","title":{"rendered":"Lai\u017eymo kilim\u0117lis grindims \/ sienai 21\u00d721 DUO, raudonas"},"content":{"rendered":"","protected":false},"excerpt":{"rendered":"<p data-start=\"5389\" data-end=\"5800\">Eat Slow Live Longer kvadratinis lai\u017eymo kilim\u0117lis su giliomis \u012fdubomis paver\u010dia skan\u0117st\u0173 gavim\u0105 tikru i\u0161\u0161\u016bkiu! \u0160uniui ar katei tenka nema\u017eai pasistengti, kad pasiekt\u0173 visus skan\u0117stus tarp i\u0161kilim\u0173 ir kampuose. D\u0117l apa\u010dioje esan\u010di\u0173 siurbtuk\u0173 kilim\u0117l\u012f lengva pritvirtinti prie lygaus pavir\u0161iaus, tod\u0117l jis nejud\u0117s lai\u017eymo metu \u2013 tiek ant grind\u0173, tiek, pavyzd\u017eiui, ant du\u0161o sienos maudant \u0161un\u012f ir ma\u017einant stres\u0105.<\/p>\n<p data-start=\"5802\" data-end=\"5911\">Lai\u017eymo kilim\u0117lis pagamintas i\u0161 100 % silikono ir tinka plauti indaplov\u0117je, tod\u0117l j\u012f labai lengva pri\u017ei\u016br\u0117ti.<\/p>\n<p data-start=\"5913\" data-end=\"6390\"><strong data-start=\"5913\" data-end=\"5939\">Naudojimo instrukcija:<\/strong><br data-start=\"5939\" data-end=\"5942\" \/>Pad\u0117kite kilim\u0117l\u012f ant lygaus pavir\u0161iaus ir prispauskite, kad siurbtukai gerai prilipt\u0173. U\u017etepkite, pavyzd\u017eiui, \u017eem\u0117s rie\u0161ut\u0173 sviesto, pa\u0161teto ar dr\u0117gno maisto. Jei norite, galite pabarstyti ir sauso pa\u0161aro ar skan\u0117st\u0173. Naudokite kilim\u0117l\u012f maitinimo metu, kaip apdovanojim\u0105, nuoboduliui ma\u017einti arba d\u0117mesiui nukreipti \u0161ukavimo ar nag\u0173 kirpimo metu. Vasar\u0105 kilim\u0117l\u012f su maistu galima \u012fd\u0117ti \u012f \u0161aldikl\u012f, kad augintiniui pasi\u016blytum\u0117te v\u0117sinant\u012f skan\u0117st\u0105.<\/p>\n<p data-start=\"6392\" data-end=\"7063\" data-is-last-node=\"\" data-is-only-node=\"\"><strong data-start=\"6392\" data-end=\"6466\">Eat Slow Live Longer \u2013 sprendimas augintiniams, kurie \u0117da per greitai!<\/strong><br data-start=\"6466\" data-end=\"6469\" \/>Visi Eat Slow Live Longer produktai kuriami galvojant apie augintini\u0173 sveikat\u0105. Lai\u017eymo kilim\u0117liai, \u017eaislai ir l\u0117to \u0161\u0117rimo duben\u0117liai skatina \u0161unis ir kates labiau pasistengti norint pasiekti maist\u0105, taip i\u0161vengiant rijimo. Per greitas valgymas gali sukelti svorio augim\u0105, pilvo p\u016btim\u0105, prastesn\u0119 dant\u0173 higien\u0105 ir vir\u0161kinimo sistemos stres\u0105. L\u0117to \u0161\u0117rimo duben\u0117lio ar lai\u017eymo kilim\u0117lio naudojimas padeda suma\u017einti rijim\u0105 ir nuobodul\u012f. Eat Slow Live Longer si\u016blo \u012fvairi\u0173 form\u0173 ir dyd\u017ei\u0173 lai\u017eymo kilim\u0117lius bei l\u0117to \u0161\u0117rimo duben\u0117lius, kad kiekvienam \u0161uniui ir katei b\u016bt\u0173 rastas tinkamas variantas.<\/p>\n","protected":false},"featured_media":50840,"template":"","meta":[],"product_brand":[],"product_cat":[543],"product_tag":[],"class_list":{"0":"post-50839","1":"product","2":"type-product","3":"status-publish","4":"has-post-thumbnail","6":"product_cat-maisto-ir-gerimu-indai","8":"first","9":"instock","10":"taxable","11":"shipping-taxable","12":"purchasable","13":"product-type-simple"},"yoast_head":"<!-- This site is optimized with the Yoast SEO plugin v27.2 - https:\/\/yoast.com\/product\/yoast-seo-wordpress\/ -->\n<title>Lai\u017eymo kilim\u0117lis grindims \/ sienai 21\u00d721 DUO, raudonas - MiuMjau<\/title>\n<meta name=\"robots\" content=\"index, follow, max-snippet:-1, max-image-preview:large, max-video-preview:-1\" \/>\n<link rel=\"canonical\" href=\"https:\/\/miumjau.ee\/lt\/produktas\/laizymo-kilimelis-grindims-sienai-21x21-duo-raudonas\/\" \/>\n<meta property=\"og:locale\" content=\"lt_LT\" \/>\n<meta property=\"og:type\" content=\"article\" \/>\n<meta property=\"og:title\" content=\"Lai\u017eymo kilim\u0117lis grindims \/ sienai 21\u00d721 DUO, raudonas - MiuMjau\" \/>\n<meta property=\"og:description\" content=\"Eat Slow Live Longer kvadratinis lai\u017eymo kilim\u0117lis su giliomis \u012fdubomis paver\u010dia skan\u0117st\u0173 gavim\u0105 tikru i\u0161\u0161\u016bkiu! \u0160uniui ar katei tenka nema\u017eai pasistengti, kad pasiekt\u0173 visus skan\u0117stus tarp i\u0161kilim\u0173 ir kampuose. D\u0117l apa\u010dioje esan\u010di\u0173 siurbtuk\u0173 kilim\u0117l\u012f lengva pritvirtinti prie lygaus pavir\u0161iaus, tod\u0117l jis nejud\u0117s lai\u017eymo metu \u2013 tiek ant grind\u0173, tiek, pavyzd\u017eiui, ant du\u0161o sienos maudant \u0161un\u012f ir ma\u017einant stres\u0105. Lai\u017eymo kilim\u0117lis pagamintas i\u0161 100 % silikono ir tinka plauti indaplov\u0117je, tod\u0117l j\u012f labai lengva pri\u017ei\u016br\u0117ti. Naudojimo instrukcija:Pad\u0117kite kilim\u0117l\u012f ant lygaus pavir\u0161iaus ir prispauskite, kad siurbtukai gerai prilipt\u0173. U\u017etepkite, pavyzd\u017eiui, \u017eem\u0117s rie\u0161ut\u0173 sviesto, pa\u0161teto ar dr\u0117gno maisto. Jei norite, galite pabarstyti ir sauso pa\u0161aro ar skan\u0117st\u0173. Naudokite kilim\u0117l\u012f maitinimo metu, kaip apdovanojim\u0105, nuoboduliui ma\u017einti arba d\u0117mesiui nukreipti \u0161ukavimo ar nag\u0173 kirpimo metu. Vasar\u0105 kilim\u0117l\u012f su maistu galima \u012fd\u0117ti \u012f \u0161aldikl\u012f, kad augintiniui pasi\u016blytum\u0117te v\u0117sinant\u012f skan\u0117st\u0105. Eat Slow Live Longer \u2013 sprendimas augintiniams, kurie \u0117da per greitai!Visi Eat Slow Live Longer produktai kuriami galvojant apie augintini\u0173 sveikat\u0105. Lai\u017eymo kilim\u0117liai, \u017eaislai ir l\u0117to \u0161\u0117rimo duben\u0117liai skatina \u0161unis ir kates labiau pasistengti norint pasiekti maist\u0105, taip i\u0161vengiant rijimo. Per greitas valgymas gali sukelti svorio augim\u0105, pilvo p\u016btim\u0105, prastesn\u0119 dant\u0173 higien\u0105 ir vir\u0161kinimo sistemos stres\u0105. L\u0117to \u0161\u0117rimo duben\u0117lio ar lai\u017eymo kilim\u0117lio naudojimas padeda suma\u017einti rijim\u0105 ir nuobodul\u012f. Eat Slow Live Longer si\u016blo \u012fvairi\u0173 form\u0173 ir dyd\u017ei\u0173 lai\u017eymo kilim\u0117lius bei l\u0117to \u0161\u0117rimo duben\u0117lius, kad kiekvienam \u0161uniui ir katei b\u016bt\u0173 rastas tinkamas variantas.\" \/>\n<meta property=\"og:url\" content=\"https:\/\/miumjau.ee\/lt\/produktas\/laizymo-kilimelis-grindims-sienai-21x21-duo-raudonas\/\" \/>\n<meta property=\"og:site_name\" content=\"MiuMjau\" \/>\n<meta property=\"article:publisher\" content=\"https:\/\/www.facebook.com\/miumjaupood\/\" \/>\n<meta property=\"article:modified_time\" content=\"2026-01-07T18:41:29+00:00\" \/>\n<meta property=\"og:image\" content=\"https:\/\/miumjau.ee\/wp-content\/uploads\/2025\/06\/Lakkumismatt-eat-slow7.jpg\" \/>\n\t<meta property=\"og:image:width\" content=\"600\" \/>\n\t<meta property=\"og:image:height\" content=\"800\" \/>\n\t<meta property=\"og:image:type\" content=\"image\/jpeg\" \/>\n<meta name=\"twitter:card\" content=\"summary_large_image\" \/>\n<script type=\"application\/ld+json\" class=\"yoast-schema-graph\">{\"@context\":\"https:\/\/schema.org\",\"@graph\":[{\"@type\":\"WebPage\",\"@id\":\"https:\/\/miumjau.ee\/lt\/produktas\/laizymo-kilimelis-grindims-sienai-21x21-duo-raudonas\/\",\"url\":\"https:\/\/miumjau.ee\/lt\/produktas\/laizymo-kilimelis-grindims-sienai-21x21-duo-raudonas\/\",\"name\":\"Lai\u017eymo kilim\u0117lis grindims \/ sienai 21\u00d721 DUO, raudonas - MiuMjau\",\"isPartOf\":{\"@id\":\"https:\/\/miumjau.ee\/#website\"},\"primaryImageOfPage\":{\"@id\":\"https:\/\/miumjau.ee\/lt\/produktas\/laizymo-kilimelis-grindims-sienai-21x21-duo-raudonas\/#primaryimage\"},\"image\":{\"@id\":\"https:\/\/miumjau.ee\/lt\/produktas\/laizymo-kilimelis-grindims-sienai-21x21-duo-raudonas\/#primaryimage\"},\"thumbnailUrl\":\"https:\/\/miumjau.ee\/wp-content\/uploads\/2025\/06\/Lakkumismatt-eat-slow7.jpg\",\"datePublished\":\"2025-06-25T14:50:23+00:00\",\"dateModified\":\"2026-01-07T18:41:29+00:00\",\"breadcrumb\":{\"@id\":\"https:\/\/miumjau.ee\/lt\/produktas\/laizymo-kilimelis-grindims-sienai-21x21-duo-raudonas\/#breadcrumb\"},\"inLanguage\":\"lt-LT\",\"potentialAction\":[{\"@type\":\"ReadAction\",\"target\":[\"https:\/\/miumjau.ee\/lt\/produktas\/laizymo-kilimelis-grindims-sienai-21x21-duo-raudonas\/\"]}]},{\"@type\":\"ImageObject\",\"inLanguage\":\"lt-LT\",\"@id\":\"https:\/\/miumjau.ee\/lt\/produktas\/laizymo-kilimelis-grindims-sienai-21x21-duo-raudonas\/#primaryimage\",\"url\":\"https:\/\/miumjau.ee\/wp-content\/uploads\/2025\/06\/Lakkumismatt-eat-slow7.jpg\",\"contentUrl\":\"https:\/\/miumjau.ee\/wp-content\/uploads\/2025\/06\/Lakkumismatt-eat-slow7.jpg\",\"width\":600,\"height\":800},{\"@type\":\"BreadcrumbList\",\"@id\":\"https:\/\/miumjau.ee\/lt\/produktas\/laizymo-kilimelis-grindims-sienai-21x21-duo-raudonas\/#breadcrumb\",\"itemListElement\":[{\"@type\":\"ListItem\",\"position\":1,\"name\":\"Home\",\"item\":\"https:\/\/miumjau.ee\/lt\/\"},{\"@type\":\"ListItem\",\"position\":2,\"name\":\"Parduotuv\u0117\",\"item\":\"https:\/\/miumjau.ee\/lt\/parduotuve\/\"},{\"@type\":\"ListItem\",\"position\":3,\"name\":\"Lai\u017eymo kilim\u0117lis grindims \/ sienai 21\u00d721 DUO, raudonas\"}]},{\"@type\":\"WebSite\",\"@id\":\"https:\/\/miumjau.ee\/#website\",\"url\":\"https:\/\/miumjau.ee\/\",\"name\":\"MiuMjau\",\"description\":\"Kraapimispuud kassidele\",\"publisher\":{\"@id\":\"https:\/\/miumjau.ee\/#organization\"},\"potentialAction\":[{\"@type\":\"SearchAction\",\"target\":{\"@type\":\"EntryPoint\",\"urlTemplate\":\"https:\/\/miumjau.ee\/?s={search_term_string}\"},\"query-input\":{\"@type\":\"PropertyValueSpecification\",\"valueRequired\":true,\"valueName\":\"search_term_string\"}}],\"inLanguage\":\"lt-LT\"},{\"@type\":\"Organization\",\"@id\":\"https:\/\/miumjau.ee\/#organization\",\"name\":\"MiuMjau O\u00dc\",\"url\":\"https:\/\/miumjau.ee\/\",\"logo\":{\"@type\":\"ImageObject\",\"inLanguage\":\"lt-LT\",\"@id\":\"https:\/\/miumjau.ee\/#\/schema\/logo\/image\/\",\"url\":\"https:\/\/miumjau.ee\/wp-content\/uploads\/2022\/04\/MiuMjau-logo-kollane.png\",\"contentUrl\":\"https:\/\/miumjau.ee\/wp-content\/uploads\/2022\/04\/MiuMjau-logo-kollane.png\",\"width\":219,\"height\":100,\"caption\":\"MiuMjau O\u00dc\"},\"image\":{\"@id\":\"https:\/\/miumjau.ee\/#\/schema\/logo\/image\/\"},\"sameAs\":[\"https:\/\/www.facebook.com\/miumjaupood\/\"]}]}<\/script>\n<!-- \/ Yoast SEO plugin. -->","yoast_head_json":{"title":"Lai\u017eymo kilim\u0117lis grindims \/ sienai 21\u00d721 DUO, raudonas - MiuMjau","robots":{"index":"index","follow":"follow","max-snippet":"max-snippet:-1","max-image-preview":"max-image-preview:large","max-video-preview":"max-video-preview:-1"},"canonical":"https:\/\/miumjau.ee\/lt\/produktas\/laizymo-kilimelis-grindims-sienai-21x21-duo-raudonas\/","og_locale":"lt_LT","og_type":"article","og_title":"Lai\u017eymo kilim\u0117lis grindims \/ sienai 21\u00d721 DUO, raudonas - MiuMjau","og_description":"Eat Slow Live Longer kvadratinis lai\u017eymo kilim\u0117lis su giliomis \u012fdubomis paver\u010dia skan\u0117st\u0173 gavim\u0105 tikru i\u0161\u0161\u016bkiu! \u0160uniui ar katei tenka nema\u017eai pasistengti, kad pasiekt\u0173 visus skan\u0117stus tarp i\u0161kilim\u0173 ir kampuose. D\u0117l apa\u010dioje esan\u010di\u0173 siurbtuk\u0173 kilim\u0117l\u012f lengva pritvirtinti prie lygaus pavir\u0161iaus, tod\u0117l jis nejud\u0117s lai\u017eymo metu \u2013 tiek ant grind\u0173, tiek, pavyzd\u017eiui, ant du\u0161o sienos maudant \u0161un\u012f ir ma\u017einant stres\u0105. Lai\u017eymo kilim\u0117lis pagamintas i\u0161 100 % silikono ir tinka plauti indaplov\u0117je, tod\u0117l j\u012f labai lengva pri\u017ei\u016br\u0117ti. Naudojimo instrukcija:Pad\u0117kite kilim\u0117l\u012f ant lygaus pavir\u0161iaus ir prispauskite, kad siurbtukai gerai prilipt\u0173. U\u017etepkite, pavyzd\u017eiui, \u017eem\u0117s rie\u0161ut\u0173 sviesto, pa\u0161teto ar dr\u0117gno maisto. Jei norite, galite pabarstyti ir sauso pa\u0161aro ar skan\u0117st\u0173. Naudokite kilim\u0117l\u012f maitinimo metu, kaip apdovanojim\u0105, nuoboduliui ma\u017einti arba d\u0117mesiui nukreipti \u0161ukavimo ar nag\u0173 kirpimo metu. Vasar\u0105 kilim\u0117l\u012f su maistu galima \u012fd\u0117ti \u012f \u0161aldikl\u012f, kad augintiniui pasi\u016blytum\u0117te v\u0117sinant\u012f skan\u0117st\u0105. Eat Slow Live Longer \u2013 sprendimas augintiniams, kurie \u0117da per greitai!Visi Eat Slow Live Longer produktai kuriami galvojant apie augintini\u0173 sveikat\u0105. Lai\u017eymo kilim\u0117liai, \u017eaislai ir l\u0117to \u0161\u0117rimo duben\u0117liai skatina \u0161unis ir kates labiau pasistengti norint pasiekti maist\u0105, taip i\u0161vengiant rijimo. Per greitas valgymas gali sukelti svorio augim\u0105, pilvo p\u016btim\u0105, prastesn\u0119 dant\u0173 higien\u0105 ir vir\u0161kinimo sistemos stres\u0105. L\u0117to \u0161\u0117rimo duben\u0117lio ar lai\u017eymo kilim\u0117lio naudojimas padeda suma\u017einti rijim\u0105 ir nuobodul\u012f. Eat Slow Live Longer si\u016blo \u012fvairi\u0173 form\u0173 ir dyd\u017ei\u0173 lai\u017eymo kilim\u0117lius bei l\u0117to \u0161\u0117rimo duben\u0117lius, kad kiekvienam \u0161uniui ir katei b\u016bt\u0173 rastas tinkamas variantas.","og_url":"https:\/\/miumjau.ee\/lt\/produktas\/laizymo-kilimelis-grindims-sienai-21x21-duo-raudonas\/","og_site_name":"MiuMjau","article_publisher":"https:\/\/www.facebook.com\/miumjaupood\/","article_modified_time":"2026-01-07T18:41:29+00:00","og_image":[{"width":600,"height":800,"url":"https:\/\/miumjau.ee\/wp-content\/uploads\/2025\/06\/Lakkumismatt-eat-slow7.jpg","type":"image\/jpeg"}],"twitter_card":"summary_large_image","schema":{"@context":"https:\/\/schema.org","@graph":[{"@type":"WebPage","@id":"https:\/\/miumjau.ee\/lt\/produktas\/laizymo-kilimelis-grindims-sienai-21x21-duo-raudonas\/","url":"https:\/\/miumjau.ee\/lt\/produktas\/laizymo-kilimelis-grindims-sienai-21x21-duo-raudonas\/","name":"Lai\u017eymo kilim\u0117lis grindims \/ sienai 21\u00d721 DUO, raudonas - MiuMjau","isPartOf":{"@id":"https:\/\/miumjau.ee\/#website"},"primaryImageOfPage":{"@id":"https:\/\/miumjau.ee\/lt\/produktas\/laizymo-kilimelis-grindims-sienai-21x21-duo-raudonas\/#primaryimage"},"image":{"@id":"https:\/\/miumjau.ee\/lt\/produktas\/laizymo-kilimelis-grindims-sienai-21x21-duo-raudonas\/#primaryimage"},"thumbnailUrl":"https:\/\/miumjau.ee\/wp-content\/uploads\/2025\/06\/Lakkumismatt-eat-slow7.jpg","datePublished":"2025-06-25T14:50:23+00:00","dateModified":"2026-01-07T18:41:29+00:00","breadcrumb":{"@id":"https:\/\/miumjau.ee\/lt\/produktas\/laizymo-kilimelis-grindims-sienai-21x21-duo-raudonas\/#breadcrumb"},"inLanguage":"lt-LT","potentialAction":[{"@type":"ReadAction","target":["https:\/\/miumjau.ee\/lt\/produktas\/laizymo-kilimelis-grindims-sienai-21x21-duo-raudonas\/"]}]},{"@type":"ImageObject","inLanguage":"lt-LT","@id":"https:\/\/miumjau.ee\/lt\/produktas\/laizymo-kilimelis-grindims-sienai-21x21-duo-raudonas\/#primaryimage","url":"https:\/\/miumjau.ee\/wp-content\/uploads\/2025\/06\/Lakkumismatt-eat-slow7.jpg","contentUrl":"https:\/\/miumjau.ee\/wp-content\/uploads\/2025\/06\/Lakkumismatt-eat-slow7.jpg","width":600,"height":800},{"@type":"BreadcrumbList","@id":"https:\/\/miumjau.ee\/lt\/produktas\/laizymo-kilimelis-grindims-sienai-21x21-duo-raudonas\/#breadcrumb","itemListElement":[{"@type":"ListItem","position":1,"name":"Home","item":"https:\/\/miumjau.ee\/lt\/"},{"@type":"ListItem","position":2,"name":"Parduotuv\u0117","item":"https:\/\/miumjau.ee\/lt\/parduotuve\/"},{"@type":"ListItem","position":3,"name":"Lai\u017eymo kilim\u0117lis grindims \/ sienai 21\u00d721 DUO, raudonas"}]},{"@type":"WebSite","@id":"https:\/\/miumjau.ee\/#website","url":"https:\/\/miumjau.ee\/","name":"MiuMjau","description":"Kraapimispuud kassidele","publisher":{"@id":"https:\/\/miumjau.ee\/#organization"},"potentialAction":[{"@type":"SearchAction","target":{"@type":"EntryPoint","urlTemplate":"https:\/\/miumjau.ee\/?s={search_term_string}"},"query-input":{"@type":"PropertyValueSpecification","valueRequired":true,"valueName":"search_term_string"}}],"inLanguage":"lt-LT"},{"@type":"Organization","@id":"https:\/\/miumjau.ee\/#organization","name":"MiuMjau O\u00dc","url":"https:\/\/miumjau.ee\/","logo":{"@type":"ImageObject","inLanguage":"lt-LT","@id":"https:\/\/miumjau.ee\/#\/schema\/logo\/image\/","url":"https:\/\/miumjau.ee\/wp-content\/uploads\/2022\/04\/MiuMjau-logo-kollane.png","contentUrl":"https:\/\/miumjau.ee\/wp-content\/uploads\/2022\/04\/MiuMjau-logo-kollane.png","width":219,"height":100,"caption":"MiuMjau O\u00dc"},"image":{"@id":"https:\/\/miumjau.ee\/#\/schema\/logo\/image\/"},"sameAs":["https:\/\/www.facebook.com\/miumjaupood\/"]}]}},"_links":{"self":[{"href":"https:\/\/miumjau.ee\/lt\/wp-json\/wp\/v2\/product\/50839","targetHints":{"allow":["GET"]}}],"collection":[{"href":"https:\/\/miumjau.ee\/lt\/wp-json\/wp\/v2\/product"}],"about":[{"href":"https:\/\/miumjau.ee\/lt\/wp-json\/wp\/v2\/types\/product"}],"wp:featuredmedia":[{"embeddable":true,"href":"https:\/\/miumjau.ee\/lt\/wp-json\/wp\/v2\/media\/50840"}],"wp:attachment":[{"href":"https:\/\/miumjau.ee\/lt\/wp-json\/wp\/v2\/media?parent=50839"}],"wp:term":[{"taxonomy":"product_brand","embeddable":true,"href":"https:\/\/miumjau.ee\/lt\/wp-json\/wp\/v2\/product_brand?post=50839"},{"taxonomy":"product_cat","embeddable":true,"href":"https:\/\/miumjau.ee\/lt\/wp-json\/wp\/v2\/product_cat?post=50839"},{"taxonomy":"product_tag","embeddable":true,"href":"https:\/\/miumjau.ee\/lt\/wp-json\/wp\/v2\/product_tag?post=50839"}],"curies":[{"name":"wp","href":"https:\/\/api.w.org\/{rel}","templated":true}]}}