{"id":50824,"date":"2025-06-25T18:02:43","date_gmt":"2025-06-25T15:02:43","guid":{"rendered":"https:\/\/miumjau.ee\/toode\/proper-pets-augintiniu-kailio-salinimo-sepetys\/"},"modified":"2026-01-07T20:41:36","modified_gmt":"2026-01-07T18:41:36","slug":"proper-pets-augintiniu-kailio-salinimo-sepetys","status":"publish","type":"product","link":"https:\/\/miumjau.ee\/lt\/produktas\/proper-pets-augintiniu-kailio-salinimo-sepetys\/","title":{"rendered":"Proper Pets augintini\u0173 kailio \u0161alinimo \u0161epetys"},"content":{"rendered":"","protected":false},"excerpt":{"rendered":"<p data-start=\"1886\" data-end=\"2040\">Kailis dingsta akimirksniu \u2013 paprasta, greita ir veiksminga!<br data-start=\"1946\" data-end=\"1949\" \/>\u0160is specialus \u0161epetys pa\u0161alina augintini\u0173 plaukus nuo sof\u0173, kilim\u0173, k\u0117d\u017ei\u0173, drabu\u017ei\u0173 ir kt.<\/p>\n<p data-start=\"2042\" data-end=\"2245\"><strong data-start=\"2042\" data-end=\"2062\">Kaip tai veikia?<\/strong><br data-start=\"2062\" data-end=\"2065\" \/>Pad\u0117kite \u0161epet\u012f ant valomo pavir\u0161iaus ir lengvai patrinkite \u2013 j\u0117gos nereikia.<br data-start=\"2142\" data-end=\"2145\" \/>Surinktus plaukus lengvai pa\u0161alinsite bakstel\u0117j\u0119 \u0161epet\u012f \u012f grindis arba nuplov\u0119 po tekan\u010diu vandeniu.<\/p>\n<p data-start=\"2247\" data-end=\"2340\"><strong data-start=\"2247\" data-end=\"2262\">Privalumai:<\/strong><br data-start=\"2262\" data-end=\"2265\" \/>\u2714 Greitai ir lengvai pa\u0161alina plaukus<br data-start=\"2302\" data-end=\"2305\" \/>\u2714 Higieni\u0161kas<br data-start=\"2318\" data-end=\"2321\" \/>\u2714 Lengvai valomas<\/p>\n<p data-start=\"2342\" data-end=\"2366\"><strong data-start=\"2342\" data-end=\"2352\">Dydis:<\/strong> 4 \u00d7 12 \u00d7 4 cm<\/p>\n<p data-start=\"2368\" data-end=\"2418\">Puikiai tinka kiekvieniems namams su augintiniais!<\/p>\n","protected":false},"featured_media":50825,"template":"","meta":[],"product_brand":[],"product_cat":[523,542],"product_tag":[],"class_list":{"0":"post-50824","1":"product","2":"type-product","3":"status-publish","4":"has-post-thumbnail","6":"product_cat-kita","7":"product_cat-prieziuros-priemones-sunims","9":"first","10":"instock","11":"taxable","12":"shipping-taxable","13":"purchasable","14":"product-type-simple"},"yoast_head":"<!-- This site is optimized with the Yoast SEO plugin v27.2 - https:\/\/yoast.com\/product\/yoast-seo-wordpress\/ -->\n<title>Proper Pets augintini\u0173 kailio \u0161alinimo \u0161epetys - MiuMjau<\/title>\n<meta name=\"robots\" content=\"index, follow, max-snippet:-1, max-image-preview:large, max-video-preview:-1\" \/>\n<link rel=\"canonical\" href=\"https:\/\/miumjau.ee\/lt\/produktas\/proper-pets-augintiniu-kailio-salinimo-sepetys\/\" \/>\n<meta property=\"og:locale\" content=\"lt_LT\" \/>\n<meta property=\"og:type\" content=\"article\" \/>\n<meta property=\"og:title\" content=\"Proper Pets augintini\u0173 kailio \u0161alinimo \u0161epetys - MiuMjau\" \/>\n<meta property=\"og:description\" content=\"Kailis dingsta akimirksniu \u2013 paprasta, greita ir veiksminga!\u0160is specialus \u0161epetys pa\u0161alina augintini\u0173 plaukus nuo sof\u0173, kilim\u0173, k\u0117d\u017ei\u0173, drabu\u017ei\u0173 ir kt. Kaip tai veikia?Pad\u0117kite \u0161epet\u012f ant valomo pavir\u0161iaus ir lengvai patrinkite \u2013 j\u0117gos nereikia.Surinktus plaukus lengvai pa\u0161alinsite bakstel\u0117j\u0119 \u0161epet\u012f \u012f grindis arba nuplov\u0119 po tekan\u010diu vandeniu. Privalumai:\u2714 Greitai ir lengvai pa\u0161alina plaukus\u2714 Higieni\u0161kas\u2714 Lengvai valomas Dydis: 4 \u00d7 12 \u00d7 4 cm Puikiai tinka kiekvieniems namams su augintiniais!\" \/>\n<meta property=\"og:url\" content=\"https:\/\/miumjau.ee\/lt\/produktas\/proper-pets-augintiniu-kailio-salinimo-sepetys\/\" \/>\n<meta property=\"og:site_name\" content=\"MiuMjau\" \/>\n<meta property=\"article:publisher\" content=\"https:\/\/www.facebook.com\/miumjaupood\/\" \/>\n<meta property=\"article:modified_time\" content=\"2026-01-07T18:41:36+00:00\" \/>\n<meta property=\"og:image\" content=\"https:\/\/miumjau.ee\/wp-content\/uploads\/2025\/06\/Karvade-eemaldaja-proper-pets.jpg\" \/>\n\t<meta property=\"og:image:width\" content=\"600\" \/>\n\t<meta property=\"og:image:height\" content=\"800\" \/>\n\t<meta property=\"og:image:type\" content=\"image\/jpeg\" \/>\n<meta name=\"twitter:card\" content=\"summary_large_image\" \/>\n<script type=\"application\/ld+json\" class=\"yoast-schema-graph\">{\"@context\":\"https:\/\/schema.org\",\"@graph\":[{\"@type\":\"WebPage\",\"@id\":\"https:\/\/miumjau.ee\/lt\/produktas\/proper-pets-augintiniu-kailio-salinimo-sepetys\/\",\"url\":\"https:\/\/miumjau.ee\/lt\/produktas\/proper-pets-augintiniu-kailio-salinimo-sepetys\/\",\"name\":\"Proper Pets augintini\u0173 kailio \u0161alinimo \u0161epetys - MiuMjau\",\"isPartOf\":{\"@id\":\"https:\/\/miumjau.ee\/#website\"},\"primaryImageOfPage\":{\"@id\":\"https:\/\/miumjau.ee\/lt\/produktas\/proper-pets-augintiniu-kailio-salinimo-sepetys\/#primaryimage\"},\"image\":{\"@id\":\"https:\/\/miumjau.ee\/lt\/produktas\/proper-pets-augintiniu-kailio-salinimo-sepetys\/#primaryimage\"},\"thumbnailUrl\":\"https:\/\/miumjau.ee\/wp-content\/uploads\/2025\/06\/Karvade-eemaldaja-proper-pets.jpg\",\"datePublished\":\"2025-06-25T15:02:43+00:00\",\"dateModified\":\"2026-01-07T18:41:36+00:00\",\"breadcrumb\":{\"@id\":\"https:\/\/miumjau.ee\/lt\/produktas\/proper-pets-augintiniu-kailio-salinimo-sepetys\/#breadcrumb\"},\"inLanguage\":\"lt-LT\",\"potentialAction\":[{\"@type\":\"ReadAction\",\"target\":[\"https:\/\/miumjau.ee\/lt\/produktas\/proper-pets-augintiniu-kailio-salinimo-sepetys\/\"]}]},{\"@type\":\"ImageObject\",\"inLanguage\":\"lt-LT\",\"@id\":\"https:\/\/miumjau.ee\/lt\/produktas\/proper-pets-augintiniu-kailio-salinimo-sepetys\/#primaryimage\",\"url\":\"https:\/\/miumjau.ee\/wp-content\/uploads\/2025\/06\/Karvade-eemaldaja-proper-pets.jpg\",\"contentUrl\":\"https:\/\/miumjau.ee\/wp-content\/uploads\/2025\/06\/Karvade-eemaldaja-proper-pets.jpg\",\"width\":600,\"height\":800},{\"@type\":\"BreadcrumbList\",\"@id\":\"https:\/\/miumjau.ee\/lt\/produktas\/proper-pets-augintiniu-kailio-salinimo-sepetys\/#breadcrumb\",\"itemListElement\":[{\"@type\":\"ListItem\",\"position\":1,\"name\":\"Home\",\"item\":\"https:\/\/miumjau.ee\/lt\/\"},{\"@type\":\"ListItem\",\"position\":2,\"name\":\"Parduotuv\u0117\",\"item\":\"https:\/\/miumjau.ee\/lt\/parduotuve\/\"},{\"@type\":\"ListItem\",\"position\":3,\"name\":\"Proper Pets augintini\u0173 kailio \u0161alinimo \u0161epetys\"}]},{\"@type\":\"WebSite\",\"@id\":\"https:\/\/miumjau.ee\/#website\",\"url\":\"https:\/\/miumjau.ee\/\",\"name\":\"MiuMjau\",\"description\":\"Kraapimispuud kassidele\",\"publisher\":{\"@id\":\"https:\/\/miumjau.ee\/#organization\"},\"potentialAction\":[{\"@type\":\"SearchAction\",\"target\":{\"@type\":\"EntryPoint\",\"urlTemplate\":\"https:\/\/miumjau.ee\/?s={search_term_string}\"},\"query-input\":{\"@type\":\"PropertyValueSpecification\",\"valueRequired\":true,\"valueName\":\"search_term_string\"}}],\"inLanguage\":\"lt-LT\"},{\"@type\":\"Organization\",\"@id\":\"https:\/\/miumjau.ee\/#organization\",\"name\":\"MiuMjau O\u00dc\",\"url\":\"https:\/\/miumjau.ee\/\",\"logo\":{\"@type\":\"ImageObject\",\"inLanguage\":\"lt-LT\",\"@id\":\"https:\/\/miumjau.ee\/#\/schema\/logo\/image\/\",\"url\":\"https:\/\/miumjau.ee\/wp-content\/uploads\/2022\/04\/MiuMjau-logo-kollane.png\",\"contentUrl\":\"https:\/\/miumjau.ee\/wp-content\/uploads\/2022\/04\/MiuMjau-logo-kollane.png\",\"width\":219,\"height\":100,\"caption\":\"MiuMjau O\u00dc\"},\"image\":{\"@id\":\"https:\/\/miumjau.ee\/#\/schema\/logo\/image\/\"},\"sameAs\":[\"https:\/\/www.facebook.com\/miumjaupood\/\"]}]}<\/script>\n<!-- \/ Yoast SEO plugin. -->","yoast_head_json":{"title":"Proper Pets augintini\u0173 kailio \u0161alinimo \u0161epetys - MiuMjau","robots":{"index":"index","follow":"follow","max-snippet":"max-snippet:-1","max-image-preview":"max-image-preview:large","max-video-preview":"max-video-preview:-1"},"canonical":"https:\/\/miumjau.ee\/lt\/produktas\/proper-pets-augintiniu-kailio-salinimo-sepetys\/","og_locale":"lt_LT","og_type":"article","og_title":"Proper Pets augintini\u0173 kailio \u0161alinimo \u0161epetys - MiuMjau","og_description":"Kailis dingsta akimirksniu \u2013 paprasta, greita ir veiksminga!\u0160is specialus \u0161epetys pa\u0161alina augintini\u0173 plaukus nuo sof\u0173, kilim\u0173, k\u0117d\u017ei\u0173, drabu\u017ei\u0173 ir kt. Kaip tai veikia?Pad\u0117kite \u0161epet\u012f ant valomo pavir\u0161iaus ir lengvai patrinkite \u2013 j\u0117gos nereikia.Surinktus plaukus lengvai pa\u0161alinsite bakstel\u0117j\u0119 \u0161epet\u012f \u012f grindis arba nuplov\u0119 po tekan\u010diu vandeniu. Privalumai:\u2714 Greitai ir lengvai pa\u0161alina plaukus\u2714 Higieni\u0161kas\u2714 Lengvai valomas Dydis: 4 \u00d7 12 \u00d7 4 cm Puikiai tinka kiekvieniems namams su augintiniais!","og_url":"https:\/\/miumjau.ee\/lt\/produktas\/proper-pets-augintiniu-kailio-salinimo-sepetys\/","og_site_name":"MiuMjau","article_publisher":"https:\/\/www.facebook.com\/miumjaupood\/","article_modified_time":"2026-01-07T18:41:36+00:00","og_image":[{"width":600,"height":800,"url":"https:\/\/miumjau.ee\/wp-content\/uploads\/2025\/06\/Karvade-eemaldaja-proper-pets.jpg","type":"image\/jpeg"}],"twitter_card":"summary_large_image","schema":{"@context":"https:\/\/schema.org","@graph":[{"@type":"WebPage","@id":"https:\/\/miumjau.ee\/lt\/produktas\/proper-pets-augintiniu-kailio-salinimo-sepetys\/","url":"https:\/\/miumjau.ee\/lt\/produktas\/proper-pets-augintiniu-kailio-salinimo-sepetys\/","name":"Proper Pets augintini\u0173 kailio \u0161alinimo \u0161epetys - MiuMjau","isPartOf":{"@id":"https:\/\/miumjau.ee\/#website"},"primaryImageOfPage":{"@id":"https:\/\/miumjau.ee\/lt\/produktas\/proper-pets-augintiniu-kailio-salinimo-sepetys\/#primaryimage"},"image":{"@id":"https:\/\/miumjau.ee\/lt\/produktas\/proper-pets-augintiniu-kailio-salinimo-sepetys\/#primaryimage"},"thumbnailUrl":"https:\/\/miumjau.ee\/wp-content\/uploads\/2025\/06\/Karvade-eemaldaja-proper-pets.jpg","datePublished":"2025-06-25T15:02:43+00:00","dateModified":"2026-01-07T18:41:36+00:00","breadcrumb":{"@id":"https:\/\/miumjau.ee\/lt\/produktas\/proper-pets-augintiniu-kailio-salinimo-sepetys\/#breadcrumb"},"inLanguage":"lt-LT","potentialAction":[{"@type":"ReadAction","target":["https:\/\/miumjau.ee\/lt\/produktas\/proper-pets-augintiniu-kailio-salinimo-sepetys\/"]}]},{"@type":"ImageObject","inLanguage":"lt-LT","@id":"https:\/\/miumjau.ee\/lt\/produktas\/proper-pets-augintiniu-kailio-salinimo-sepetys\/#primaryimage","url":"https:\/\/miumjau.ee\/wp-content\/uploads\/2025\/06\/Karvade-eemaldaja-proper-pets.jpg","contentUrl":"https:\/\/miumjau.ee\/wp-content\/uploads\/2025\/06\/Karvade-eemaldaja-proper-pets.jpg","width":600,"height":800},{"@type":"BreadcrumbList","@id":"https:\/\/miumjau.ee\/lt\/produktas\/proper-pets-augintiniu-kailio-salinimo-sepetys\/#breadcrumb","itemListElement":[{"@type":"ListItem","position":1,"name":"Home","item":"https:\/\/miumjau.ee\/lt\/"},{"@type":"ListItem","position":2,"name":"Parduotuv\u0117","item":"https:\/\/miumjau.ee\/lt\/parduotuve\/"},{"@type":"ListItem","position":3,"name":"Proper Pets augintini\u0173 kailio \u0161alinimo \u0161epetys"}]},{"@type":"WebSite","@id":"https:\/\/miumjau.ee\/#website","url":"https:\/\/miumjau.ee\/","name":"MiuMjau","description":"Kraapimispuud kassidele","publisher":{"@id":"https:\/\/miumjau.ee\/#organization"},"potentialAction":[{"@type":"SearchAction","target":{"@type":"EntryPoint","urlTemplate":"https:\/\/miumjau.ee\/?s={search_term_string}"},"query-input":{"@type":"PropertyValueSpecification","valueRequired":true,"valueName":"search_term_string"}}],"inLanguage":"lt-LT"},{"@type":"Organization","@id":"https:\/\/miumjau.ee\/#organization","name":"MiuMjau O\u00dc","url":"https:\/\/miumjau.ee\/","logo":{"@type":"ImageObject","inLanguage":"lt-LT","@id":"https:\/\/miumjau.ee\/#\/schema\/logo\/image\/","url":"https:\/\/miumjau.ee\/wp-content\/uploads\/2022\/04\/MiuMjau-logo-kollane.png","contentUrl":"https:\/\/miumjau.ee\/wp-content\/uploads\/2022\/04\/MiuMjau-logo-kollane.png","width":219,"height":100,"caption":"MiuMjau O\u00dc"},"image":{"@id":"https:\/\/miumjau.ee\/#\/schema\/logo\/image\/"},"sameAs":["https:\/\/www.facebook.com\/miumjaupood\/"]}]}},"_links":{"self":[{"href":"https:\/\/miumjau.ee\/lt\/wp-json\/wp\/v2\/product\/50824","targetHints":{"allow":["GET"]}}],"collection":[{"href":"https:\/\/miumjau.ee\/lt\/wp-json\/wp\/v2\/product"}],"about":[{"href":"https:\/\/miumjau.ee\/lt\/wp-json\/wp\/v2\/types\/product"}],"wp:featuredmedia":[{"embeddable":true,"href":"https:\/\/miumjau.ee\/lt\/wp-json\/wp\/v2\/media\/50825"}],"wp:attachment":[{"href":"https:\/\/miumjau.ee\/lt\/wp-json\/wp\/v2\/media?parent=50824"}],"wp:term":[{"taxonomy":"product_brand","embeddable":true,"href":"https:\/\/miumjau.ee\/lt\/wp-json\/wp\/v2\/product_brand?post=50824"},{"taxonomy":"product_cat","embeddable":true,"href":"https:\/\/miumjau.ee\/lt\/wp-json\/wp\/v2\/product_cat?post=50824"},{"taxonomy":"product_tag","embeddable":true,"href":"https:\/\/miumjau.ee\/lt\/wp-json\/wp\/v2\/product_tag?post=50824"}],"curies":[{"name":"wp","href":"https:\/\/api.w.org\/{rel}","templated":true}]}}