{"id":50804,"date":"2025-07-20T11:23:24","date_gmt":"2025-07-20T08:23:24","guid":{"rendered":"https:\/\/miumjau.ee\/toode\/churu-fun-bites-skanestai-sunims-su-vistiena-ir-moliugu-12-g-x-8\/"},"modified":"2026-01-07T20:41:36","modified_gmt":"2026-01-07T18:41:36","slug":"churu-fun-bites-skanestai-sunims-su-vistiena-ir-moliugu-12-g-x-8","status":"publish","type":"product","link":"https:\/\/miumjau.ee\/lt\/produktas\/churu-fun-bites-skanestai-sunims-su-vistiena-ir-moliugu-12-g-x-8\/","title":{"rendered":"Churu Fun Bites skan\u0117stai \u0161unims su vi\u0161tiena ir moli\u016bgu 12 g x 8"},"content":{"rendered":"","protected":false},"excerpt":{"rendered":"<p data-start=\"4383\" data-end=\"4453\">Churu Bites \u2013 vi\u0161tienos skonio skan\u0117stai su vi\u0161tienos ir moli\u016bg\u0173 \u012fdaru<\/p>\n<p data-start=\"4455\" data-end=\"4628\"><strong data-start=\"4455\" data-end=\"4481\">PATIKIMI INGREDIENTAI:<\/strong> Visi Inaba produktai gaminami i\u0161 skani\u0173, auk\u0161tos kokyb\u0117s ingredient\u0173, \u012fskaitant \u016bkiuose augint\u0105 vi\u0161tien\u0105 ir (arba) laukin\u0117je gamtoje sugaut\u0105 tun\u0105.<\/p>\n<p data-start=\"4630\" data-end=\"4883\"><strong data-start=\"4630\" data-end=\"4651\">DVIGUBA TEKST\u016aRA:<\/strong> Kiekvienas pagalv\u0117l\u0117s formos skan\u0117stas pagamintas i\u0161 mink\u0161tos, orkait\u0117je keptos vi\u0161tienos pastos, be gr\u016bd\u0173, konservant\u0173, karagenino ar dirbtini\u0173 da\u017eikli\u0173. Viduje \u2013 kreminis Inaba Churu \u012fdaras, suteikiantis maloni\u0105 dvigub\u0105 tekst\u016br\u0105.<\/p>\n<p data-start=\"4885\" data-end=\"5053\"><strong data-start=\"4885\" data-end=\"4904\">PATOGI PAKUOT\u0116:<\/strong> Kiekvienoje pakuot\u0117je yra 8 porcijomis suskirstyti paket\u0117liai (apie 12 skan\u0117st\u0173 kiekviename), kurie padeda i\u0161laikyti \u0161vie\u017eum\u0105 ir i\u0161vengti per\u0161\u0117rimo.<\/p>\n<p data-start=\"5055\" data-end=\"5226\"><strong data-start=\"5055\" data-end=\"5090\">NET I\u0160RANK\u016aS \u0160UNYS JUOS M\u0116GSTA:<\/strong> Net patys i\u0161rankiausi \u0161unys mielai valgo \u0161iuos gard\u017eius k\u0105snelius tiesiai i\u0161 rankos \u2013 puikiai tinka ir ma\u017eoms tablet\u0117ms pasl\u0117pti \u012fdare.<\/p>\n<p data-start=\"5228\" data-end=\"5501\"><strong data-start=\"5228\" data-end=\"5258\">MINK\u0160TI, SKAN\u016aS IR SVEIKI:<\/strong> Kiekviename skan\u0117ste yra 69 % dr\u0117gm\u0117s, padedan\u010dios palaikyti \u0161uns hidratacij\u0105, ir apie 18 kcal porcijoje \u2013 tai ma\u017eo kaloringumo skan\u0117stas. Taip pat sud\u0117tyje yra vitamino E (imunitetui palaikyti) ir \u017ealiosios arbatos ekstrakto (antioksidanto).<\/p>\n<p data-start=\"5503\" data-end=\"5636\"><strong data-start=\"5503\" data-end=\"5529\">\u0160\u0117rimo rekomendacijos:<\/strong><br data-start=\"5529\" data-end=\"5532\" \/>Duoti kaip skan\u0117st\u0105, ne kaip pagrindin\u012f pa\u0161ar\u0105. Visada u\u017etikrinkite, kad b\u016bt\u0173 \u0161vie\u017eio geriamojo vandens.<\/p>\n<p data-start=\"5638\" data-end=\"5708\"><strong data-start=\"5638\" data-end=\"5651\">Laikymas:<\/strong><br data-start=\"5651\" data-end=\"5654\" \/>Atidarius laikyti \u0161aldytuve ir sunaudoti kuo grei\u010diau.<\/p>\n","protected":false},"featured_media":43966,"template":"","meta":[],"product_brand":[],"product_cat":[540],"product_tag":[],"class_list":{"0":"post-50804","1":"product","2":"type-product","3":"status-publish","4":"has-post-thumbnail","6":"product_cat-skanestai-sunims","8":"first","9":"instock","10":"sale","11":"taxable","12":"shipping-taxable","13":"purchasable","14":"product-type-simple"},"yoast_head":"<!-- This site is optimized with the Yoast SEO plugin v27.2 - https:\/\/yoast.com\/product\/yoast-seo-wordpress\/ -->\n<title>Churu Fun Bites skan\u0117stai \u0161unims su vi\u0161tiena ir moli\u016bgu 12 g x 8 - MiuMjau<\/title>\n<meta name=\"robots\" content=\"index, follow, max-snippet:-1, max-image-preview:large, max-video-preview:-1\" \/>\n<link rel=\"canonical\" href=\"https:\/\/miumjau.ee\/lt\/produktas\/churu-fun-bites-skanestai-sunims-su-vistiena-ir-moliugu-12-g-x-8\/\" \/>\n<meta property=\"og:locale\" content=\"lt_LT\" \/>\n<meta property=\"og:type\" content=\"article\" \/>\n<meta property=\"og:title\" content=\"Churu Fun Bites skan\u0117stai \u0161unims su vi\u0161tiena ir moli\u016bgu 12 g x 8 - MiuMjau\" \/>\n<meta property=\"og:description\" content=\"Churu Bites \u2013 vi\u0161tienos skonio skan\u0117stai su vi\u0161tienos ir moli\u016bg\u0173 \u012fdaru PATIKIMI INGREDIENTAI: Visi Inaba produktai gaminami i\u0161 skani\u0173, auk\u0161tos kokyb\u0117s ingredient\u0173, \u012fskaitant \u016bkiuose augint\u0105 vi\u0161tien\u0105 ir (arba) laukin\u0117je gamtoje sugaut\u0105 tun\u0105. DVIGUBA TEKST\u016aRA: Kiekvienas pagalv\u0117l\u0117s formos skan\u0117stas pagamintas i\u0161 mink\u0161tos, orkait\u0117je keptos vi\u0161tienos pastos, be gr\u016bd\u0173, konservant\u0173, karagenino ar dirbtini\u0173 da\u017eikli\u0173. Viduje \u2013 kreminis Inaba Churu \u012fdaras, suteikiantis maloni\u0105 dvigub\u0105 tekst\u016br\u0105. PATOGI PAKUOT\u0116: Kiekvienoje pakuot\u0117je yra 8 porcijomis suskirstyti paket\u0117liai (apie 12 skan\u0117st\u0173 kiekviename), kurie padeda i\u0161laikyti \u0161vie\u017eum\u0105 ir i\u0161vengti per\u0161\u0117rimo. NET I\u0160RANK\u016aS \u0160UNYS JUOS M\u0116GSTA: Net patys i\u0161rankiausi \u0161unys mielai valgo \u0161iuos gard\u017eius k\u0105snelius tiesiai i\u0161 rankos \u2013 puikiai tinka ir ma\u017eoms tablet\u0117ms pasl\u0117pti \u012fdare. MINK\u0160TI, SKAN\u016aS IR SVEIKI: Kiekviename skan\u0117ste yra 69 % dr\u0117gm\u0117s, padedan\u010dios palaikyti \u0161uns hidratacij\u0105, ir apie 18 kcal porcijoje \u2013 tai ma\u017eo kaloringumo skan\u0117stas. Taip pat sud\u0117tyje yra vitamino E (imunitetui palaikyti) ir \u017ealiosios arbatos ekstrakto (antioksidanto). \u0160\u0117rimo rekomendacijos:Duoti kaip skan\u0117st\u0105, ne kaip pagrindin\u012f pa\u0161ar\u0105. Visada u\u017etikrinkite, kad b\u016bt\u0173 \u0161vie\u017eio geriamojo vandens. Laikymas:Atidarius laikyti \u0161aldytuve ir sunaudoti kuo grei\u010diau.\" \/>\n<meta property=\"og:url\" content=\"https:\/\/miumjau.ee\/lt\/produktas\/churu-fun-bites-skanestai-sunims-su-vistiena-ir-moliugu-12-g-x-8\/\" \/>\n<meta property=\"og:site_name\" content=\"MiuMjau\" \/>\n<meta property=\"article:publisher\" content=\"https:\/\/www.facebook.com\/miumjaupood\/\" \/>\n<meta property=\"article:modified_time\" content=\"2026-01-07T18:41:36+00:00\" \/>\n<meta property=\"og:image\" content=\"https:\/\/miumjau.ee\/wp-content\/uploads\/2025\/07\/churu-fun-bites-koertele-korvits.jpg\" \/>\n\t<meta property=\"og:image:width\" content=\"600\" \/>\n\t<meta property=\"og:image:height\" content=\"800\" \/>\n\t<meta property=\"og:image:type\" content=\"image\/jpeg\" \/>\n<meta name=\"twitter:card\" content=\"summary_large_image\" \/>\n<script type=\"application\/ld+json\" class=\"yoast-schema-graph\">{\"@context\":\"https:\/\/schema.org\",\"@graph\":[{\"@type\":\"WebPage\",\"@id\":\"https:\/\/miumjau.ee\/lt\/produktas\/churu-fun-bites-skanestai-sunims-su-vistiena-ir-moliugu-12-g-x-8\/\",\"url\":\"https:\/\/miumjau.ee\/lt\/produktas\/churu-fun-bites-skanestai-sunims-su-vistiena-ir-moliugu-12-g-x-8\/\",\"name\":\"Churu Fun Bites skan\u0117stai \u0161unims su vi\u0161tiena ir moli\u016bgu 12 g x 8 - MiuMjau\",\"isPartOf\":{\"@id\":\"https:\/\/miumjau.ee\/#website\"},\"primaryImageOfPage\":{\"@id\":\"https:\/\/miumjau.ee\/lt\/produktas\/churu-fun-bites-skanestai-sunims-su-vistiena-ir-moliugu-12-g-x-8\/#primaryimage\"},\"image\":{\"@id\":\"https:\/\/miumjau.ee\/lt\/produktas\/churu-fun-bites-skanestai-sunims-su-vistiena-ir-moliugu-12-g-x-8\/#primaryimage\"},\"thumbnailUrl\":\"https:\/\/miumjau.ee\/wp-content\/uploads\/2025\/07\/churu-fun-bites-koertele-korvits.jpg\",\"datePublished\":\"2025-07-20T08:23:24+00:00\",\"dateModified\":\"2026-01-07T18:41:36+00:00\",\"breadcrumb\":{\"@id\":\"https:\/\/miumjau.ee\/lt\/produktas\/churu-fun-bites-skanestai-sunims-su-vistiena-ir-moliugu-12-g-x-8\/#breadcrumb\"},\"inLanguage\":\"lt-LT\",\"potentialAction\":[{\"@type\":\"ReadAction\",\"target\":[\"https:\/\/miumjau.ee\/lt\/produktas\/churu-fun-bites-skanestai-sunims-su-vistiena-ir-moliugu-12-g-x-8\/\"]}]},{\"@type\":\"ImageObject\",\"inLanguage\":\"lt-LT\",\"@id\":\"https:\/\/miumjau.ee\/lt\/produktas\/churu-fun-bites-skanestai-sunims-su-vistiena-ir-moliugu-12-g-x-8\/#primaryimage\",\"url\":\"https:\/\/miumjau.ee\/wp-content\/uploads\/2025\/07\/churu-fun-bites-koertele-korvits.jpg\",\"contentUrl\":\"https:\/\/miumjau.ee\/wp-content\/uploads\/2025\/07\/churu-fun-bites-koertele-korvits.jpg\",\"width\":600,\"height\":800,\"caption\":\"Churu Fun Bites maiused koertele kana ja k\u00f5rvitsaga 12gx8\"},{\"@type\":\"BreadcrumbList\",\"@id\":\"https:\/\/miumjau.ee\/lt\/produktas\/churu-fun-bites-skanestai-sunims-su-vistiena-ir-moliugu-12-g-x-8\/#breadcrumb\",\"itemListElement\":[{\"@type\":\"ListItem\",\"position\":1,\"name\":\"Home\",\"item\":\"https:\/\/miumjau.ee\/lt\/\"},{\"@type\":\"ListItem\",\"position\":2,\"name\":\"Parduotuv\u0117\",\"item\":\"https:\/\/miumjau.ee\/lt\/parduotuve\/\"},{\"@type\":\"ListItem\",\"position\":3,\"name\":\"Churu Fun Bites skan\u0117stai \u0161unims su vi\u0161tiena ir moli\u016bgu 12 g x 8\"}]},{\"@type\":\"WebSite\",\"@id\":\"https:\/\/miumjau.ee\/#website\",\"url\":\"https:\/\/miumjau.ee\/\",\"name\":\"MiuMjau\",\"description\":\"Kraapimispuud kassidele\",\"publisher\":{\"@id\":\"https:\/\/miumjau.ee\/#organization\"},\"potentialAction\":[{\"@type\":\"SearchAction\",\"target\":{\"@type\":\"EntryPoint\",\"urlTemplate\":\"https:\/\/miumjau.ee\/?s={search_term_string}\"},\"query-input\":{\"@type\":\"PropertyValueSpecification\",\"valueRequired\":true,\"valueName\":\"search_term_string\"}}],\"inLanguage\":\"lt-LT\"},{\"@type\":\"Organization\",\"@id\":\"https:\/\/miumjau.ee\/#organization\",\"name\":\"MiuMjau O\u00dc\",\"url\":\"https:\/\/miumjau.ee\/\",\"logo\":{\"@type\":\"ImageObject\",\"inLanguage\":\"lt-LT\",\"@id\":\"https:\/\/miumjau.ee\/#\/schema\/logo\/image\/\",\"url\":\"https:\/\/miumjau.ee\/wp-content\/uploads\/2022\/04\/MiuMjau-logo-kollane.png\",\"contentUrl\":\"https:\/\/miumjau.ee\/wp-content\/uploads\/2022\/04\/MiuMjau-logo-kollane.png\",\"width\":219,\"height\":100,\"caption\":\"MiuMjau O\u00dc\"},\"image\":{\"@id\":\"https:\/\/miumjau.ee\/#\/schema\/logo\/image\/\"},\"sameAs\":[\"https:\/\/www.facebook.com\/miumjaupood\/\"]}]}<\/script>\n<!-- \/ Yoast SEO plugin. -->","yoast_head_json":{"title":"Churu Fun Bites skan\u0117stai \u0161unims su vi\u0161tiena ir moli\u016bgu 12 g x 8 - MiuMjau","robots":{"index":"index","follow":"follow","max-snippet":"max-snippet:-1","max-image-preview":"max-image-preview:large","max-video-preview":"max-video-preview:-1"},"canonical":"https:\/\/miumjau.ee\/lt\/produktas\/churu-fun-bites-skanestai-sunims-su-vistiena-ir-moliugu-12-g-x-8\/","og_locale":"lt_LT","og_type":"article","og_title":"Churu Fun Bites skan\u0117stai \u0161unims su vi\u0161tiena ir moli\u016bgu 12 g x 8 - MiuMjau","og_description":"Churu Bites \u2013 vi\u0161tienos skonio skan\u0117stai su vi\u0161tienos ir moli\u016bg\u0173 \u012fdaru PATIKIMI INGREDIENTAI: Visi Inaba produktai gaminami i\u0161 skani\u0173, auk\u0161tos kokyb\u0117s ingredient\u0173, \u012fskaitant \u016bkiuose augint\u0105 vi\u0161tien\u0105 ir (arba) laukin\u0117je gamtoje sugaut\u0105 tun\u0105. DVIGUBA TEKST\u016aRA: Kiekvienas pagalv\u0117l\u0117s formos skan\u0117stas pagamintas i\u0161 mink\u0161tos, orkait\u0117je keptos vi\u0161tienos pastos, be gr\u016bd\u0173, konservant\u0173, karagenino ar dirbtini\u0173 da\u017eikli\u0173. Viduje \u2013 kreminis Inaba Churu \u012fdaras, suteikiantis maloni\u0105 dvigub\u0105 tekst\u016br\u0105. PATOGI PAKUOT\u0116: Kiekvienoje pakuot\u0117je yra 8 porcijomis suskirstyti paket\u0117liai (apie 12 skan\u0117st\u0173 kiekviename), kurie padeda i\u0161laikyti \u0161vie\u017eum\u0105 ir i\u0161vengti per\u0161\u0117rimo. NET I\u0160RANK\u016aS \u0160UNYS JUOS M\u0116GSTA: Net patys i\u0161rankiausi \u0161unys mielai valgo \u0161iuos gard\u017eius k\u0105snelius tiesiai i\u0161 rankos \u2013 puikiai tinka ir ma\u017eoms tablet\u0117ms pasl\u0117pti \u012fdare. MINK\u0160TI, SKAN\u016aS IR SVEIKI: Kiekviename skan\u0117ste yra 69 % dr\u0117gm\u0117s, padedan\u010dios palaikyti \u0161uns hidratacij\u0105, ir apie 18 kcal porcijoje \u2013 tai ma\u017eo kaloringumo skan\u0117stas. Taip pat sud\u0117tyje yra vitamino E (imunitetui palaikyti) ir \u017ealiosios arbatos ekstrakto (antioksidanto). \u0160\u0117rimo rekomendacijos:Duoti kaip skan\u0117st\u0105, ne kaip pagrindin\u012f pa\u0161ar\u0105. Visada u\u017etikrinkite, kad b\u016bt\u0173 \u0161vie\u017eio geriamojo vandens. Laikymas:Atidarius laikyti \u0161aldytuve ir sunaudoti kuo grei\u010diau.","og_url":"https:\/\/miumjau.ee\/lt\/produktas\/churu-fun-bites-skanestai-sunims-su-vistiena-ir-moliugu-12-g-x-8\/","og_site_name":"MiuMjau","article_publisher":"https:\/\/www.facebook.com\/miumjaupood\/","article_modified_time":"2026-01-07T18:41:36+00:00","og_image":[{"width":600,"height":800,"url":"https:\/\/miumjau.ee\/wp-content\/uploads\/2025\/07\/churu-fun-bites-koertele-korvits.jpg","type":"image\/jpeg"}],"twitter_card":"summary_large_image","schema":{"@context":"https:\/\/schema.org","@graph":[{"@type":"WebPage","@id":"https:\/\/miumjau.ee\/lt\/produktas\/churu-fun-bites-skanestai-sunims-su-vistiena-ir-moliugu-12-g-x-8\/","url":"https:\/\/miumjau.ee\/lt\/produktas\/churu-fun-bites-skanestai-sunims-su-vistiena-ir-moliugu-12-g-x-8\/","name":"Churu Fun Bites skan\u0117stai \u0161unims su vi\u0161tiena ir moli\u016bgu 12 g x 8 - MiuMjau","isPartOf":{"@id":"https:\/\/miumjau.ee\/#website"},"primaryImageOfPage":{"@id":"https:\/\/miumjau.ee\/lt\/produktas\/churu-fun-bites-skanestai-sunims-su-vistiena-ir-moliugu-12-g-x-8\/#primaryimage"},"image":{"@id":"https:\/\/miumjau.ee\/lt\/produktas\/churu-fun-bites-skanestai-sunims-su-vistiena-ir-moliugu-12-g-x-8\/#primaryimage"},"thumbnailUrl":"https:\/\/miumjau.ee\/wp-content\/uploads\/2025\/07\/churu-fun-bites-koertele-korvits.jpg","datePublished":"2025-07-20T08:23:24+00:00","dateModified":"2026-01-07T18:41:36+00:00","breadcrumb":{"@id":"https:\/\/miumjau.ee\/lt\/produktas\/churu-fun-bites-skanestai-sunims-su-vistiena-ir-moliugu-12-g-x-8\/#breadcrumb"},"inLanguage":"lt-LT","potentialAction":[{"@type":"ReadAction","target":["https:\/\/miumjau.ee\/lt\/produktas\/churu-fun-bites-skanestai-sunims-su-vistiena-ir-moliugu-12-g-x-8\/"]}]},{"@type":"ImageObject","inLanguage":"lt-LT","@id":"https:\/\/miumjau.ee\/lt\/produktas\/churu-fun-bites-skanestai-sunims-su-vistiena-ir-moliugu-12-g-x-8\/#primaryimage","url":"https:\/\/miumjau.ee\/wp-content\/uploads\/2025\/07\/churu-fun-bites-koertele-korvits.jpg","contentUrl":"https:\/\/miumjau.ee\/wp-content\/uploads\/2025\/07\/churu-fun-bites-koertele-korvits.jpg","width":600,"height":800,"caption":"Churu Fun Bites maiused koertele kana ja k\u00f5rvitsaga 12gx8"},{"@type":"BreadcrumbList","@id":"https:\/\/miumjau.ee\/lt\/produktas\/churu-fun-bites-skanestai-sunims-su-vistiena-ir-moliugu-12-g-x-8\/#breadcrumb","itemListElement":[{"@type":"ListItem","position":1,"name":"Home","item":"https:\/\/miumjau.ee\/lt\/"},{"@type":"ListItem","position":2,"name":"Parduotuv\u0117","item":"https:\/\/miumjau.ee\/lt\/parduotuve\/"},{"@type":"ListItem","position":3,"name":"Churu Fun Bites skan\u0117stai \u0161unims su vi\u0161tiena ir moli\u016bgu 12 g x 8"}]},{"@type":"WebSite","@id":"https:\/\/miumjau.ee\/#website","url":"https:\/\/miumjau.ee\/","name":"MiuMjau","description":"Kraapimispuud kassidele","publisher":{"@id":"https:\/\/miumjau.ee\/#organization"},"potentialAction":[{"@type":"SearchAction","target":{"@type":"EntryPoint","urlTemplate":"https:\/\/miumjau.ee\/?s={search_term_string}"},"query-input":{"@type":"PropertyValueSpecification","valueRequired":true,"valueName":"search_term_string"}}],"inLanguage":"lt-LT"},{"@type":"Organization","@id":"https:\/\/miumjau.ee\/#organization","name":"MiuMjau O\u00dc","url":"https:\/\/miumjau.ee\/","logo":{"@type":"ImageObject","inLanguage":"lt-LT","@id":"https:\/\/miumjau.ee\/#\/schema\/logo\/image\/","url":"https:\/\/miumjau.ee\/wp-content\/uploads\/2022\/04\/MiuMjau-logo-kollane.png","contentUrl":"https:\/\/miumjau.ee\/wp-content\/uploads\/2022\/04\/MiuMjau-logo-kollane.png","width":219,"height":100,"caption":"MiuMjau O\u00dc"},"image":{"@id":"https:\/\/miumjau.ee\/#\/schema\/logo\/image\/"},"sameAs":["https:\/\/www.facebook.com\/miumjaupood\/"]}]}},"_links":{"self":[{"href":"https:\/\/miumjau.ee\/lt\/wp-json\/wp\/v2\/product\/50804","targetHints":{"allow":["GET"]}}],"collection":[{"href":"https:\/\/miumjau.ee\/lt\/wp-json\/wp\/v2\/product"}],"about":[{"href":"https:\/\/miumjau.ee\/lt\/wp-json\/wp\/v2\/types\/product"}],"wp:featuredmedia":[{"embeddable":true,"href":"https:\/\/miumjau.ee\/lt\/wp-json\/wp\/v2\/media\/43966"}],"wp:attachment":[{"href":"https:\/\/miumjau.ee\/lt\/wp-json\/wp\/v2\/media?parent=50804"}],"wp:term":[{"taxonomy":"product_brand","embeddable":true,"href":"https:\/\/miumjau.ee\/lt\/wp-json\/wp\/v2\/product_brand?post=50804"},{"taxonomy":"product_cat","embeddable":true,"href":"https:\/\/miumjau.ee\/lt\/wp-json\/wp\/v2\/product_cat?post=50804"},{"taxonomy":"product_tag","embeddable":true,"href":"https:\/\/miumjau.ee\/lt\/wp-json\/wp\/v2\/product_tag?post=50804"}],"curies":[{"name":"wp","href":"https:\/\/api.w.org\/{rel}","templated":true}]}}