{"id":50349,"date":"2024-12-01T14:20:03","date_gmt":"2024-12-01T12:20:03","guid":{"rendered":"https:\/\/miumjau.ee\/toode\/kaciu-draskykle-petrebels-aquarius-265-old-grey\/"},"modified":"2026-01-07T20:41:36","modified_gmt":"2026-01-07T18:41:36","slug":"kaciu-draskykle-petrebels-aquarius-265-old-grey","status":"publish","type":"product","link":"https:\/\/miumjau.ee\/lt\/produktas\/kaciu-draskykle-petrebels-aquarius-265-old-grey\/","title":{"rendered":"Ka\u010di\u0173 draskykl\u0117 Petrebels Aquarius 265, old grey"},"content":{"rendered":"","protected":false},"excerpt":{"rendered":"<p data-start=\"1092\" data-end=\"1199\">Draskykl\u0117 tikriems alpinistams \u2013 <strong data-start=\"1125\" data-end=\"1141\">Aquarius 265<\/strong> yra daugiafunkc\u0117 ir su reguliuojamu tvirtinimu prie lub\u0173.<\/p>\n<p data-start=\"1201\" data-end=\"1575\">\u0160i i\u0161skirtin\u0117 draskykl\u0117 pagaminta i\u0161 eukalipto medienos ir turi reguliuojam\u0105 auk\u0161t\u012f. Vir\u0161uje esantis didelis tinklinis hamakas suteikia puiki\u0105 viet\u0105 j\u016bs\u0173 augintiniui atsipalaiduoti. Tvirti draskymo kilim\u0117liai leid\u017eia katei gal\u0105sti nagus. \u0160i moderni draskykl\u0117 atrodo labai stilingai ir u\u017eima ma\u017eai vietos. Tinka montuoti tarp grind\u0173 ir lub\u0173, kuri\u0173 auk\u0161tis nuo 243 iki 265 cm.<\/p>\n<p data-start=\"1577\" data-end=\"1817\">I\u0161matavimai \u2013 pagrindas 50 x 50 cm, auk\u0161tis 243\u2013265 cm<br data-start=\"1631\" data-end=\"1634\" \/>Skalbimo ma\u0161inoje skalbiama guolio vieta<br data-start=\"1674\" data-end=\"1677\" \/>Lengvas ir eleganti\u0161kas dizainas, tinkantis bet kokiam interjerui<br data-start=\"1742\" data-end=\"1745\" \/>Sizalio kilim\u0117lis tvirtinamas komplekte esan\u010dia \u201eVelcro\u201c lipnia juosta<\/p>\n<p data-start=\"1819\" data-end=\"1958\">Produkto svoris: 19,8 kg, su pakuote \u2013 21 kg<br data-start=\"1863\" data-end=\"1866\" \/>Pakuot\u0117s matmenys: 82 x 65 x 18 cm<br data-start=\"1900\" data-end=\"1903\" \/>Stulpo skersmuo: 7 cm, guolio keliamoji galia iki 15 kg<\/p>\n","protected":false},"featured_media":50357,"template":"","meta":[],"product_brand":[],"product_cat":[513],"product_tag":[],"class_list":{"0":"post-50349","1":"product","2":"type-product","3":"status-publish","4":"has-post-thumbnail","6":"product_cat-vidutinio-dydzio-draskymo-medziai-petrebels","8":"first","9":"outofstock","10":"sale","11":"taxable","12":"shipping-taxable","13":"purchasable","14":"product-type-simple"},"yoast_head":"<!-- This site is optimized with the Yoast SEO plugin v27.2 - https:\/\/yoast.com\/product\/yoast-seo-wordpress\/ -->\n<title>Ka\u010di\u0173 draskykl\u0117 Petrebels Aquarius 265, old grey - MiuMjau<\/title>\n<meta name=\"robots\" content=\"index, follow, max-snippet:-1, max-image-preview:large, max-video-preview:-1\" \/>\n<link rel=\"canonical\" href=\"https:\/\/miumjau.ee\/lt\/produktas\/kaciu-draskykle-petrebels-aquarius-265-old-grey\/\" \/>\n<meta property=\"og:locale\" content=\"lt_LT\" \/>\n<meta property=\"og:type\" content=\"article\" \/>\n<meta property=\"og:title\" content=\"Ka\u010di\u0173 draskykl\u0117 Petrebels Aquarius 265, old grey - MiuMjau\" \/>\n<meta property=\"og:description\" content=\"Draskykl\u0117 tikriems alpinistams \u2013 Aquarius 265 yra daugiafunkc\u0117 ir su reguliuojamu tvirtinimu prie lub\u0173. \u0160i i\u0161skirtin\u0117 draskykl\u0117 pagaminta i\u0161 eukalipto medienos ir turi reguliuojam\u0105 auk\u0161t\u012f. Vir\u0161uje esantis didelis tinklinis hamakas suteikia puiki\u0105 viet\u0105 j\u016bs\u0173 augintiniui atsipalaiduoti. Tvirti draskymo kilim\u0117liai leid\u017eia katei gal\u0105sti nagus. \u0160i moderni draskykl\u0117 atrodo labai stilingai ir u\u017eima ma\u017eai vietos. Tinka montuoti tarp grind\u0173 ir lub\u0173, kuri\u0173 auk\u0161tis nuo 243 iki 265 cm. I\u0161matavimai \u2013 pagrindas 50 x 50 cm, auk\u0161tis 243\u2013265 cmSkalbimo ma\u0161inoje skalbiama guolio vietaLengvas ir eleganti\u0161kas dizainas, tinkantis bet kokiam interjeruiSizalio kilim\u0117lis tvirtinamas komplekte esan\u010dia \u201eVelcro\u201c lipnia juosta Produkto svoris: 19,8 kg, su pakuote \u2013 21 kgPakuot\u0117s matmenys: 82 x 65 x 18 cmStulpo skersmuo: 7 cm, guolio keliamoji galia iki 15 kg\" \/>\n<meta property=\"og:url\" content=\"https:\/\/miumjau.ee\/lt\/produktas\/kaciu-draskykle-petrebels-aquarius-265-old-grey\/\" \/>\n<meta property=\"og:site_name\" content=\"MiuMjau\" \/>\n<meta property=\"article:publisher\" content=\"https:\/\/www.facebook.com\/miumjaupood\/\" \/>\n<meta property=\"article:modified_time\" content=\"2026-01-07T18:41:36+00:00\" \/>\n<meta property=\"og:image\" content=\"https:\/\/miumjau.ee\/wp-content\/uploads\/2024\/12\/ronimispuu-petrebels-aquarius265-oldgrey8.jpg\" \/>\n\t<meta property=\"og:image:width\" content=\"600\" \/>\n\t<meta property=\"og:image:height\" content=\"800\" \/>\n\t<meta property=\"og:image:type\" content=\"image\/jpeg\" \/>\n<meta name=\"twitter:card\" content=\"summary_large_image\" \/>\n<script type=\"application\/ld+json\" class=\"yoast-schema-graph\">{\"@context\":\"https:\/\/schema.org\",\"@graph\":[{\"@type\":\"WebPage\",\"@id\":\"https:\/\/miumjau.ee\/lt\/produktas\/kaciu-draskykle-petrebels-aquarius-265-old-grey\/\",\"url\":\"https:\/\/miumjau.ee\/lt\/produktas\/kaciu-draskykle-petrebels-aquarius-265-old-grey\/\",\"name\":\"Ka\u010di\u0173 draskykl\u0117 Petrebels Aquarius 265, old grey - MiuMjau\",\"isPartOf\":{\"@id\":\"https:\/\/miumjau.ee\/#website\"},\"primaryImageOfPage\":{\"@id\":\"https:\/\/miumjau.ee\/lt\/produktas\/kaciu-draskykle-petrebels-aquarius-265-old-grey\/#primaryimage\"},\"image\":{\"@id\":\"https:\/\/miumjau.ee\/lt\/produktas\/kaciu-draskykle-petrebels-aquarius-265-old-grey\/#primaryimage\"},\"thumbnailUrl\":\"https:\/\/miumjau.ee\/wp-content\/uploads\/2024\/12\/ronimispuu-petrebels-aquarius265-oldgrey8.jpg\",\"datePublished\":\"2024-12-01T12:20:03+00:00\",\"dateModified\":\"2026-01-07T18:41:36+00:00\",\"breadcrumb\":{\"@id\":\"https:\/\/miumjau.ee\/lt\/produktas\/kaciu-draskykle-petrebels-aquarius-265-old-grey\/#breadcrumb\"},\"inLanguage\":\"lt-LT\",\"potentialAction\":[{\"@type\":\"ReadAction\",\"target\":[\"https:\/\/miumjau.ee\/lt\/produktas\/kaciu-draskykle-petrebels-aquarius-265-old-grey\/\"]}]},{\"@type\":\"ImageObject\",\"inLanguage\":\"lt-LT\",\"@id\":\"https:\/\/miumjau.ee\/lt\/produktas\/kaciu-draskykle-petrebels-aquarius-265-old-grey\/#primaryimage\",\"url\":\"https:\/\/miumjau.ee\/wp-content\/uploads\/2024\/12\/ronimispuu-petrebels-aquarius265-oldgrey8.jpg\",\"contentUrl\":\"https:\/\/miumjau.ee\/wp-content\/uploads\/2024\/12\/ronimispuu-petrebels-aquarius265-oldgrey8.jpg\",\"width\":600,\"height\":800},{\"@type\":\"BreadcrumbList\",\"@id\":\"https:\/\/miumjau.ee\/lt\/produktas\/kaciu-draskykle-petrebels-aquarius-265-old-grey\/#breadcrumb\",\"itemListElement\":[{\"@type\":\"ListItem\",\"position\":1,\"name\":\"Home\",\"item\":\"https:\/\/miumjau.ee\/lt\/\"},{\"@type\":\"ListItem\",\"position\":2,\"name\":\"Parduotuv\u0117\",\"item\":\"https:\/\/miumjau.ee\/lt\/parduotuve\/\"},{\"@type\":\"ListItem\",\"position\":3,\"name\":\"Ka\u010di\u0173 draskykl\u0117 Petrebels Aquarius 265, old grey\"}]},{\"@type\":\"WebSite\",\"@id\":\"https:\/\/miumjau.ee\/#website\",\"url\":\"https:\/\/miumjau.ee\/\",\"name\":\"MiuMjau\",\"description\":\"Kraapimispuud kassidele\",\"publisher\":{\"@id\":\"https:\/\/miumjau.ee\/#organization\"},\"potentialAction\":[{\"@type\":\"SearchAction\",\"target\":{\"@type\":\"EntryPoint\",\"urlTemplate\":\"https:\/\/miumjau.ee\/?s={search_term_string}\"},\"query-input\":{\"@type\":\"PropertyValueSpecification\",\"valueRequired\":true,\"valueName\":\"search_term_string\"}}],\"inLanguage\":\"lt-LT\"},{\"@type\":\"Organization\",\"@id\":\"https:\/\/miumjau.ee\/#organization\",\"name\":\"MiuMjau O\u00dc\",\"url\":\"https:\/\/miumjau.ee\/\",\"logo\":{\"@type\":\"ImageObject\",\"inLanguage\":\"lt-LT\",\"@id\":\"https:\/\/miumjau.ee\/#\/schema\/logo\/image\/\",\"url\":\"https:\/\/miumjau.ee\/wp-content\/uploads\/2022\/04\/MiuMjau-logo-kollane.png\",\"contentUrl\":\"https:\/\/miumjau.ee\/wp-content\/uploads\/2022\/04\/MiuMjau-logo-kollane.png\",\"width\":219,\"height\":100,\"caption\":\"MiuMjau O\u00dc\"},\"image\":{\"@id\":\"https:\/\/miumjau.ee\/#\/schema\/logo\/image\/\"},\"sameAs\":[\"https:\/\/www.facebook.com\/miumjaupood\/\"]}]}<\/script>\n<!-- \/ Yoast SEO plugin. -->","yoast_head_json":{"title":"Ka\u010di\u0173 draskykl\u0117 Petrebels Aquarius 265, old grey - MiuMjau","robots":{"index":"index","follow":"follow","max-snippet":"max-snippet:-1","max-image-preview":"max-image-preview:large","max-video-preview":"max-video-preview:-1"},"canonical":"https:\/\/miumjau.ee\/lt\/produktas\/kaciu-draskykle-petrebels-aquarius-265-old-grey\/","og_locale":"lt_LT","og_type":"article","og_title":"Ka\u010di\u0173 draskykl\u0117 Petrebels Aquarius 265, old grey - MiuMjau","og_description":"Draskykl\u0117 tikriems alpinistams \u2013 Aquarius 265 yra daugiafunkc\u0117 ir su reguliuojamu tvirtinimu prie lub\u0173. \u0160i i\u0161skirtin\u0117 draskykl\u0117 pagaminta i\u0161 eukalipto medienos ir turi reguliuojam\u0105 auk\u0161t\u012f. Vir\u0161uje esantis didelis tinklinis hamakas suteikia puiki\u0105 viet\u0105 j\u016bs\u0173 augintiniui atsipalaiduoti. Tvirti draskymo kilim\u0117liai leid\u017eia katei gal\u0105sti nagus. \u0160i moderni draskykl\u0117 atrodo labai stilingai ir u\u017eima ma\u017eai vietos. Tinka montuoti tarp grind\u0173 ir lub\u0173, kuri\u0173 auk\u0161tis nuo 243 iki 265 cm. I\u0161matavimai \u2013 pagrindas 50 x 50 cm, auk\u0161tis 243\u2013265 cmSkalbimo ma\u0161inoje skalbiama guolio vietaLengvas ir eleganti\u0161kas dizainas, tinkantis bet kokiam interjeruiSizalio kilim\u0117lis tvirtinamas komplekte esan\u010dia \u201eVelcro\u201c lipnia juosta Produkto svoris: 19,8 kg, su pakuote \u2013 21 kgPakuot\u0117s matmenys: 82 x 65 x 18 cmStulpo skersmuo: 7 cm, guolio keliamoji galia iki 15 kg","og_url":"https:\/\/miumjau.ee\/lt\/produktas\/kaciu-draskykle-petrebels-aquarius-265-old-grey\/","og_site_name":"MiuMjau","article_publisher":"https:\/\/www.facebook.com\/miumjaupood\/","article_modified_time":"2026-01-07T18:41:36+00:00","og_image":[{"width":600,"height":800,"url":"https:\/\/miumjau.ee\/wp-content\/uploads\/2024\/12\/ronimispuu-petrebels-aquarius265-oldgrey8.jpg","type":"image\/jpeg"}],"twitter_card":"summary_large_image","schema":{"@context":"https:\/\/schema.org","@graph":[{"@type":"WebPage","@id":"https:\/\/miumjau.ee\/lt\/produktas\/kaciu-draskykle-petrebels-aquarius-265-old-grey\/","url":"https:\/\/miumjau.ee\/lt\/produktas\/kaciu-draskykle-petrebels-aquarius-265-old-grey\/","name":"Ka\u010di\u0173 draskykl\u0117 Petrebels Aquarius 265, old grey - MiuMjau","isPartOf":{"@id":"https:\/\/miumjau.ee\/#website"},"primaryImageOfPage":{"@id":"https:\/\/miumjau.ee\/lt\/produktas\/kaciu-draskykle-petrebels-aquarius-265-old-grey\/#primaryimage"},"image":{"@id":"https:\/\/miumjau.ee\/lt\/produktas\/kaciu-draskykle-petrebels-aquarius-265-old-grey\/#primaryimage"},"thumbnailUrl":"https:\/\/miumjau.ee\/wp-content\/uploads\/2024\/12\/ronimispuu-petrebels-aquarius265-oldgrey8.jpg","datePublished":"2024-12-01T12:20:03+00:00","dateModified":"2026-01-07T18:41:36+00:00","breadcrumb":{"@id":"https:\/\/miumjau.ee\/lt\/produktas\/kaciu-draskykle-petrebels-aquarius-265-old-grey\/#breadcrumb"},"inLanguage":"lt-LT","potentialAction":[{"@type":"ReadAction","target":["https:\/\/miumjau.ee\/lt\/produktas\/kaciu-draskykle-petrebels-aquarius-265-old-grey\/"]}]},{"@type":"ImageObject","inLanguage":"lt-LT","@id":"https:\/\/miumjau.ee\/lt\/produktas\/kaciu-draskykle-petrebels-aquarius-265-old-grey\/#primaryimage","url":"https:\/\/miumjau.ee\/wp-content\/uploads\/2024\/12\/ronimispuu-petrebels-aquarius265-oldgrey8.jpg","contentUrl":"https:\/\/miumjau.ee\/wp-content\/uploads\/2024\/12\/ronimispuu-petrebels-aquarius265-oldgrey8.jpg","width":600,"height":800},{"@type":"BreadcrumbList","@id":"https:\/\/miumjau.ee\/lt\/produktas\/kaciu-draskykle-petrebels-aquarius-265-old-grey\/#breadcrumb","itemListElement":[{"@type":"ListItem","position":1,"name":"Home","item":"https:\/\/miumjau.ee\/lt\/"},{"@type":"ListItem","position":2,"name":"Parduotuv\u0117","item":"https:\/\/miumjau.ee\/lt\/parduotuve\/"},{"@type":"ListItem","position":3,"name":"Ka\u010di\u0173 draskykl\u0117 Petrebels Aquarius 265, old grey"}]},{"@type":"WebSite","@id":"https:\/\/miumjau.ee\/#website","url":"https:\/\/miumjau.ee\/","name":"MiuMjau","description":"Kraapimispuud kassidele","publisher":{"@id":"https:\/\/miumjau.ee\/#organization"},"potentialAction":[{"@type":"SearchAction","target":{"@type":"EntryPoint","urlTemplate":"https:\/\/miumjau.ee\/?s={search_term_string}"},"query-input":{"@type":"PropertyValueSpecification","valueRequired":true,"valueName":"search_term_string"}}],"inLanguage":"lt-LT"},{"@type":"Organization","@id":"https:\/\/miumjau.ee\/#organization","name":"MiuMjau O\u00dc","url":"https:\/\/miumjau.ee\/","logo":{"@type":"ImageObject","inLanguage":"lt-LT","@id":"https:\/\/miumjau.ee\/#\/schema\/logo\/image\/","url":"https:\/\/miumjau.ee\/wp-content\/uploads\/2022\/04\/MiuMjau-logo-kollane.png","contentUrl":"https:\/\/miumjau.ee\/wp-content\/uploads\/2022\/04\/MiuMjau-logo-kollane.png","width":219,"height":100,"caption":"MiuMjau O\u00dc"},"image":{"@id":"https:\/\/miumjau.ee\/#\/schema\/logo\/image\/"},"sameAs":["https:\/\/www.facebook.com\/miumjaupood\/"]}]}},"_links":{"self":[{"href":"https:\/\/miumjau.ee\/lt\/wp-json\/wp\/v2\/product\/50349","targetHints":{"allow":["GET"]}}],"collection":[{"href":"https:\/\/miumjau.ee\/lt\/wp-json\/wp\/v2\/product"}],"about":[{"href":"https:\/\/miumjau.ee\/lt\/wp-json\/wp\/v2\/types\/product"}],"wp:featuredmedia":[{"embeddable":true,"href":"https:\/\/miumjau.ee\/lt\/wp-json\/wp\/v2\/media\/50357"}],"wp:attachment":[{"href":"https:\/\/miumjau.ee\/lt\/wp-json\/wp\/v2\/media?parent=50349"}],"wp:term":[{"taxonomy":"product_brand","embeddable":true,"href":"https:\/\/miumjau.ee\/lt\/wp-json\/wp\/v2\/product_brand?post=50349"},{"taxonomy":"product_cat","embeddable":true,"href":"https:\/\/miumjau.ee\/lt\/wp-json\/wp\/v2\/product_cat?post=50349"},{"taxonomy":"product_tag","embeddable":true,"href":"https:\/\/miumjau.ee\/lt\/wp-json\/wp\/v2\/product_tag?post=50349"}],"curies":[{"name":"wp","href":"https:\/\/api.w.org\/{rel}","templated":true}]}}