{"id":50327,"date":"2024-12-04T10:42:31","date_gmt":"2024-12-04T08:42:31","guid":{"rendered":"https:\/\/miumjau.ee\/toode\/kaciu-draskykle-petrebels-scorpius-150-rusty-oak\/"},"modified":"2026-01-07T20:41:36","modified_gmt":"2026-01-07T18:41:36","slug":"kaciu-draskykle-petrebels-scorpius-150-rusty-oak","status":"publish","type":"product","link":"https:\/\/miumjau.ee\/lt\/produktas\/kaciu-draskykle-petrebels-scorpius-150-rusty-oak\/","title":{"rendered":"Ka\u010di\u0173 draskykl\u0117 Petrebels Scorpius 150 rusty oak"},"content":{"rendered":"","protected":false},"excerpt":{"rendered":"<p data-start=\"906\" data-end=\"1034\">Moderni ir stilinga draskykl\u0117, puikiai tinkanti bet kokiam interjerui. Ar jau seniai svajojai apie lengvai pri\u017ei\u016brim\u0105 draskykl\u0119?<\/p>\n<ul data-start=\"1036\" data-end=\"1248\">\n<li data-start=\"1036\" data-end=\"1139\">\n<p data-start=\"1038\" data-end=\"1139\">Ant platform\u0173 esantys sizalio kilim\u0117liai tvirtinami \u201eVelcro\u201c lipdukais, tod\u0117l juos lengva pri\u017ei\u016br\u0117ti.<\/p>\n<\/li>\n<li data-start=\"1140\" data-end=\"1248\">\n<p data-start=\"1142\" data-end=\"1248\">Hamakas \/ guolis yra nuimamas u\u017etrauktuku ir tinkamas skalbti skalbimo ma\u0161inoje 30 laipsni\u0173 temperat\u016broje.<\/p>\n<\/li>\n<\/ul>\n<p data-start=\"1250\" data-end=\"1394\">Produkto svoris: 35 kg<br data-start=\"1272\" data-end=\"1275\" \/>Pagrindas: 60 x 70 x 4 cm<br data-start=\"1300\" data-end=\"1303\" \/>Bendras auk\u0161tis: 150 cm<br data-start=\"1326\" data-end=\"1329\" \/>Stulp\u0173 skersmuo: 12 cm<br data-start=\"1351\" data-end=\"1354\" \/>Produktas pirk\u0117jui pristatomas 3 d\u0117\u017e\u0117se.<\/p>\n<p data-start=\"1396\" data-end=\"1590\">Puikiai tinka kat\u0117ms, kurios m\u0117gsta nuotykius, taip pat tai jauki ir saugi vieta \u0161iek tiek nedr\u0105sioms kat\u0117ms \u2013 toms, kurios m\u0117gsta pasitraukti \u012f auk\u0161tesn\u0119 viet\u0105 ir i\u0161 ten steb\u0117ti visk\u0105 aplinkui.<\/p>\n","protected":false},"featured_media":50333,"template":"","meta":[],"product_brand":[],"product_cat":[515],"product_tag":[],"class_list":{"0":"post-50327","1":"product","2":"type-product","3":"status-publish","4":"has-post-thumbnail","6":"product_cat-petrebels-produktai-dideliems-katems","7":"product_shipping_class-pakiautomaati-sobimatu-lt","9":"first","10":"instock","11":"sale","12":"taxable","13":"shipping-taxable","14":"purchasable","15":"product-type-simple"},"yoast_head":"<!-- This site is optimized with the Yoast SEO plugin v27.2 - https:\/\/yoast.com\/product\/yoast-seo-wordpress\/ -->\n<title>Ka\u010di\u0173 draskykl\u0117 Petrebels Scorpius 150 rusty oak - MiuMjau<\/title>\n<meta name=\"robots\" content=\"index, follow, max-snippet:-1, max-image-preview:large, max-video-preview:-1\" \/>\n<link rel=\"canonical\" href=\"https:\/\/miumjau.ee\/lt\/produktas\/kaciu-draskykle-petrebels-scorpius-150-rusty-oak\/\" \/>\n<meta property=\"og:locale\" content=\"lt_LT\" \/>\n<meta property=\"og:type\" content=\"article\" \/>\n<meta property=\"og:title\" content=\"Ka\u010di\u0173 draskykl\u0117 Petrebels Scorpius 150 rusty oak - MiuMjau\" \/>\n<meta property=\"og:description\" content=\"Moderni ir stilinga draskykl\u0117, puikiai tinkanti bet kokiam interjerui. Ar jau seniai svajojai apie lengvai pri\u017ei\u016brim\u0105 draskykl\u0119?     Ant platform\u0173 esantys sizalio kilim\u0117liai tvirtinami \u201eVelcro\u201c lipdukais, tod\u0117l juos lengva pri\u017ei\u016br\u0117ti.    Hamakas \/ guolis yra nuimamas u\u017etrauktuku ir tinkamas skalbti skalbimo ma\u0161inoje 30 laipsni\u0173 temperat\u016broje.   Produkto svoris: 35 kgPagrindas: 60 x 70 x 4 cmBendras auk\u0161tis: 150 cmStulp\u0173 skersmuo: 12 cmProduktas pirk\u0117jui pristatomas 3 d\u0117\u017e\u0117se. Puikiai tinka kat\u0117ms, kurios m\u0117gsta nuotykius, taip pat tai jauki ir saugi vieta \u0161iek tiek nedr\u0105sioms kat\u0117ms \u2013 toms, kurios m\u0117gsta pasitraukti \u012f auk\u0161tesn\u0119 viet\u0105 ir i\u0161 ten steb\u0117ti visk\u0105 aplinkui.\" \/>\n<meta property=\"og:url\" content=\"https:\/\/miumjau.ee\/lt\/produktas\/kaciu-draskykle-petrebels-scorpius-150-rusty-oak\/\" \/>\n<meta property=\"og:site_name\" content=\"MiuMjau\" \/>\n<meta property=\"article:publisher\" content=\"https:\/\/www.facebook.com\/miumjaupood\/\" \/>\n<meta property=\"article:modified_time\" content=\"2026-01-07T18:41:36+00:00\" \/>\n<meta property=\"og:image\" content=\"https:\/\/miumjau.ee\/wp-content\/uploads\/2024\/12\/kraapimispuu-petrebels-scorpius150-rustyoak6.jpg\" \/>\n\t<meta property=\"og:image:width\" content=\"450\" \/>\n\t<meta property=\"og:image:height\" content=\"600\" \/>\n\t<meta property=\"og:image:type\" content=\"image\/jpeg\" \/>\n<meta name=\"twitter:card\" content=\"summary_large_image\" \/>\n<script type=\"application\/ld+json\" class=\"yoast-schema-graph\">{\"@context\":\"https:\/\/schema.org\",\"@graph\":[{\"@type\":\"WebPage\",\"@id\":\"https:\/\/miumjau.ee\/lt\/produktas\/kaciu-draskykle-petrebels-scorpius-150-rusty-oak\/\",\"url\":\"https:\/\/miumjau.ee\/lt\/produktas\/kaciu-draskykle-petrebels-scorpius-150-rusty-oak\/\",\"name\":\"Ka\u010di\u0173 draskykl\u0117 Petrebels Scorpius 150 rusty oak - MiuMjau\",\"isPartOf\":{\"@id\":\"https:\/\/miumjau.ee\/#website\"},\"primaryImageOfPage\":{\"@id\":\"https:\/\/miumjau.ee\/lt\/produktas\/kaciu-draskykle-petrebels-scorpius-150-rusty-oak\/#primaryimage\"},\"image\":{\"@id\":\"https:\/\/miumjau.ee\/lt\/produktas\/kaciu-draskykle-petrebels-scorpius-150-rusty-oak\/#primaryimage\"},\"thumbnailUrl\":\"https:\/\/miumjau.ee\/wp-content\/uploads\/2024\/12\/kraapimispuu-petrebels-scorpius150-rustyoak6.jpg\",\"datePublished\":\"2024-12-04T08:42:31+00:00\",\"dateModified\":\"2026-01-07T18:41:36+00:00\",\"breadcrumb\":{\"@id\":\"https:\/\/miumjau.ee\/lt\/produktas\/kaciu-draskykle-petrebels-scorpius-150-rusty-oak\/#breadcrumb\"},\"inLanguage\":\"lt-LT\",\"potentialAction\":[{\"@type\":\"ReadAction\",\"target\":[\"https:\/\/miumjau.ee\/lt\/produktas\/kaciu-draskykle-petrebels-scorpius-150-rusty-oak\/\"]}]},{\"@type\":\"ImageObject\",\"inLanguage\":\"lt-LT\",\"@id\":\"https:\/\/miumjau.ee\/lt\/produktas\/kaciu-draskykle-petrebels-scorpius-150-rusty-oak\/#primaryimage\",\"url\":\"https:\/\/miumjau.ee\/wp-content\/uploads\/2024\/12\/kraapimispuu-petrebels-scorpius150-rustyoak6.jpg\",\"contentUrl\":\"https:\/\/miumjau.ee\/wp-content\/uploads\/2024\/12\/kraapimispuu-petrebels-scorpius150-rustyoak6.jpg\",\"width\":450,\"height\":600},{\"@type\":\"BreadcrumbList\",\"@id\":\"https:\/\/miumjau.ee\/lt\/produktas\/kaciu-draskykle-petrebels-scorpius-150-rusty-oak\/#breadcrumb\",\"itemListElement\":[{\"@type\":\"ListItem\",\"position\":1,\"name\":\"Home\",\"item\":\"https:\/\/miumjau.ee\/lt\/\"},{\"@type\":\"ListItem\",\"position\":2,\"name\":\"Parduotuv\u0117\",\"item\":\"https:\/\/miumjau.ee\/lt\/parduotuve\/\"},{\"@type\":\"ListItem\",\"position\":3,\"name\":\"Ka\u010di\u0173 draskykl\u0117 Petrebels Scorpius 150 rusty oak\"}]},{\"@type\":\"WebSite\",\"@id\":\"https:\/\/miumjau.ee\/#website\",\"url\":\"https:\/\/miumjau.ee\/\",\"name\":\"MiuMjau\",\"description\":\"Kraapimispuud kassidele\",\"publisher\":{\"@id\":\"https:\/\/miumjau.ee\/#organization\"},\"potentialAction\":[{\"@type\":\"SearchAction\",\"target\":{\"@type\":\"EntryPoint\",\"urlTemplate\":\"https:\/\/miumjau.ee\/?s={search_term_string}\"},\"query-input\":{\"@type\":\"PropertyValueSpecification\",\"valueRequired\":true,\"valueName\":\"search_term_string\"}}],\"inLanguage\":\"lt-LT\"},{\"@type\":\"Organization\",\"@id\":\"https:\/\/miumjau.ee\/#organization\",\"name\":\"MiuMjau O\u00dc\",\"url\":\"https:\/\/miumjau.ee\/\",\"logo\":{\"@type\":\"ImageObject\",\"inLanguage\":\"lt-LT\",\"@id\":\"https:\/\/miumjau.ee\/#\/schema\/logo\/image\/\",\"url\":\"https:\/\/miumjau.ee\/wp-content\/uploads\/2022\/04\/MiuMjau-logo-kollane.png\",\"contentUrl\":\"https:\/\/miumjau.ee\/wp-content\/uploads\/2022\/04\/MiuMjau-logo-kollane.png\",\"width\":219,\"height\":100,\"caption\":\"MiuMjau O\u00dc\"},\"image\":{\"@id\":\"https:\/\/miumjau.ee\/#\/schema\/logo\/image\/\"},\"sameAs\":[\"https:\/\/www.facebook.com\/miumjaupood\/\"]}]}<\/script>\n<!-- \/ Yoast SEO plugin. -->","yoast_head_json":{"title":"Ka\u010di\u0173 draskykl\u0117 Petrebels Scorpius 150 rusty oak - MiuMjau","robots":{"index":"index","follow":"follow","max-snippet":"max-snippet:-1","max-image-preview":"max-image-preview:large","max-video-preview":"max-video-preview:-1"},"canonical":"https:\/\/miumjau.ee\/lt\/produktas\/kaciu-draskykle-petrebels-scorpius-150-rusty-oak\/","og_locale":"lt_LT","og_type":"article","og_title":"Ka\u010di\u0173 draskykl\u0117 Petrebels Scorpius 150 rusty oak - MiuMjau","og_description":"Moderni ir stilinga draskykl\u0117, puikiai tinkanti bet kokiam interjerui. Ar jau seniai svajojai apie lengvai pri\u017ei\u016brim\u0105 draskykl\u0119?     Ant platform\u0173 esantys sizalio kilim\u0117liai tvirtinami \u201eVelcro\u201c lipdukais, tod\u0117l juos lengva pri\u017ei\u016br\u0117ti.    Hamakas \/ guolis yra nuimamas u\u017etrauktuku ir tinkamas skalbti skalbimo ma\u0161inoje 30 laipsni\u0173 temperat\u016broje.   Produkto svoris: 35 kgPagrindas: 60 x 70 x 4 cmBendras auk\u0161tis: 150 cmStulp\u0173 skersmuo: 12 cmProduktas pirk\u0117jui pristatomas 3 d\u0117\u017e\u0117se. Puikiai tinka kat\u0117ms, kurios m\u0117gsta nuotykius, taip pat tai jauki ir saugi vieta \u0161iek tiek nedr\u0105sioms kat\u0117ms \u2013 toms, kurios m\u0117gsta pasitraukti \u012f auk\u0161tesn\u0119 viet\u0105 ir i\u0161 ten steb\u0117ti visk\u0105 aplinkui.","og_url":"https:\/\/miumjau.ee\/lt\/produktas\/kaciu-draskykle-petrebels-scorpius-150-rusty-oak\/","og_site_name":"MiuMjau","article_publisher":"https:\/\/www.facebook.com\/miumjaupood\/","article_modified_time":"2026-01-07T18:41:36+00:00","og_image":[{"width":450,"height":600,"url":"https:\/\/miumjau.ee\/wp-content\/uploads\/2024\/12\/kraapimispuu-petrebels-scorpius150-rustyoak6.jpg","type":"image\/jpeg"}],"twitter_card":"summary_large_image","schema":{"@context":"https:\/\/schema.org","@graph":[{"@type":"WebPage","@id":"https:\/\/miumjau.ee\/lt\/produktas\/kaciu-draskykle-petrebels-scorpius-150-rusty-oak\/","url":"https:\/\/miumjau.ee\/lt\/produktas\/kaciu-draskykle-petrebels-scorpius-150-rusty-oak\/","name":"Ka\u010di\u0173 draskykl\u0117 Petrebels Scorpius 150 rusty oak - MiuMjau","isPartOf":{"@id":"https:\/\/miumjau.ee\/#website"},"primaryImageOfPage":{"@id":"https:\/\/miumjau.ee\/lt\/produktas\/kaciu-draskykle-petrebels-scorpius-150-rusty-oak\/#primaryimage"},"image":{"@id":"https:\/\/miumjau.ee\/lt\/produktas\/kaciu-draskykle-petrebels-scorpius-150-rusty-oak\/#primaryimage"},"thumbnailUrl":"https:\/\/miumjau.ee\/wp-content\/uploads\/2024\/12\/kraapimispuu-petrebels-scorpius150-rustyoak6.jpg","datePublished":"2024-12-04T08:42:31+00:00","dateModified":"2026-01-07T18:41:36+00:00","breadcrumb":{"@id":"https:\/\/miumjau.ee\/lt\/produktas\/kaciu-draskykle-petrebels-scorpius-150-rusty-oak\/#breadcrumb"},"inLanguage":"lt-LT","potentialAction":[{"@type":"ReadAction","target":["https:\/\/miumjau.ee\/lt\/produktas\/kaciu-draskykle-petrebels-scorpius-150-rusty-oak\/"]}]},{"@type":"ImageObject","inLanguage":"lt-LT","@id":"https:\/\/miumjau.ee\/lt\/produktas\/kaciu-draskykle-petrebels-scorpius-150-rusty-oak\/#primaryimage","url":"https:\/\/miumjau.ee\/wp-content\/uploads\/2024\/12\/kraapimispuu-petrebels-scorpius150-rustyoak6.jpg","contentUrl":"https:\/\/miumjau.ee\/wp-content\/uploads\/2024\/12\/kraapimispuu-petrebels-scorpius150-rustyoak6.jpg","width":450,"height":600},{"@type":"BreadcrumbList","@id":"https:\/\/miumjau.ee\/lt\/produktas\/kaciu-draskykle-petrebels-scorpius-150-rusty-oak\/#breadcrumb","itemListElement":[{"@type":"ListItem","position":1,"name":"Home","item":"https:\/\/miumjau.ee\/lt\/"},{"@type":"ListItem","position":2,"name":"Parduotuv\u0117","item":"https:\/\/miumjau.ee\/lt\/parduotuve\/"},{"@type":"ListItem","position":3,"name":"Ka\u010di\u0173 draskykl\u0117 Petrebels Scorpius 150 rusty oak"}]},{"@type":"WebSite","@id":"https:\/\/miumjau.ee\/#website","url":"https:\/\/miumjau.ee\/","name":"MiuMjau","description":"Kraapimispuud kassidele","publisher":{"@id":"https:\/\/miumjau.ee\/#organization"},"potentialAction":[{"@type":"SearchAction","target":{"@type":"EntryPoint","urlTemplate":"https:\/\/miumjau.ee\/?s={search_term_string}"},"query-input":{"@type":"PropertyValueSpecification","valueRequired":true,"valueName":"search_term_string"}}],"inLanguage":"lt-LT"},{"@type":"Organization","@id":"https:\/\/miumjau.ee\/#organization","name":"MiuMjau O\u00dc","url":"https:\/\/miumjau.ee\/","logo":{"@type":"ImageObject","inLanguage":"lt-LT","@id":"https:\/\/miumjau.ee\/#\/schema\/logo\/image\/","url":"https:\/\/miumjau.ee\/wp-content\/uploads\/2022\/04\/MiuMjau-logo-kollane.png","contentUrl":"https:\/\/miumjau.ee\/wp-content\/uploads\/2022\/04\/MiuMjau-logo-kollane.png","width":219,"height":100,"caption":"MiuMjau O\u00dc"},"image":{"@id":"https:\/\/miumjau.ee\/#\/schema\/logo\/image\/"},"sameAs":["https:\/\/www.facebook.com\/miumjaupood\/"]}]}},"_links":{"self":[{"href":"https:\/\/miumjau.ee\/lt\/wp-json\/wp\/v2\/product\/50327","targetHints":{"allow":["GET"]}}],"collection":[{"href":"https:\/\/miumjau.ee\/lt\/wp-json\/wp\/v2\/product"}],"about":[{"href":"https:\/\/miumjau.ee\/lt\/wp-json\/wp\/v2\/types\/product"}],"wp:featuredmedia":[{"embeddable":true,"href":"https:\/\/miumjau.ee\/lt\/wp-json\/wp\/v2\/media\/50333"}],"wp:attachment":[{"href":"https:\/\/miumjau.ee\/lt\/wp-json\/wp\/v2\/media?parent=50327"}],"wp:term":[{"taxonomy":"product_brand","embeddable":true,"href":"https:\/\/miumjau.ee\/lt\/wp-json\/wp\/v2\/product_brand?post=50327"},{"taxonomy":"product_cat","embeddable":true,"href":"https:\/\/miumjau.ee\/lt\/wp-json\/wp\/v2\/product_cat?post=50327"},{"taxonomy":"product_tag","embeddable":true,"href":"https:\/\/miumjau.ee\/lt\/wp-json\/wp\/v2\/product_tag?post=50327"}],"curies":[{"name":"wp","href":"https:\/\/api.w.org\/{rel}","templated":true}]}}