{"id":50304,"date":"2025-12-27T11:24:34","date_gmt":"2025-12-27T09:24:34","guid":{"rendered":"https:\/\/miumjau.ee\/?post_type=product&#038;p=50304"},"modified":"2026-01-08T14:14:13","modified_gmt":"2026-01-08T12:14:13","slug":"ibero-natural-saltai-spaustas-skanestas-jautienos-juosteles-5-vnt-kopeeri","status":"publish","type":"product","link":"https:\/\/miumjau.ee\/lt\/produktas\/ibero-natural-saltai-spaustas-skanestas-jautienos-juosteles-5-vnt-kopeeri\/","title":{"rendered":"Ibero Natural \u0161altai spaustas skan\u0117stas \u2013 jautienos juostel\u0117s, 15 vnt."},"content":{"rendered":"","protected":false},"excerpt":{"rendered":"<p>Daug m\u0117sos turintis ir maksimaliai nat\u016bralus skan\u0117stas \u0161unims. Net skan\u0117stai gali b\u016bti sveiki ir labai maistingi. Rinkis tinkam\u0105 skan\u0117st\u0105 \u2013 i\u0161bandyk Ibero!<\/p>\n<p><strong>Sud\u0117tis:<\/strong> m\u0117sa ir gyv\u016bnin\u0117s kilm\u0117s produktai (jautiena) 98%, pa\u0161arinis glicerinas 2%<br \/>\n<strong data-start=\"820\" data-end=\"842\">Analitin\u0117 sud\u0117tis:<\/strong> \u017eali baltymai 38,7%, \u017eali riebalai 26,8%, pa\u0161arinis glicerinas 2%<\/p>\n","protected":false},"featured_media":48173,"template":"","meta":[],"product_brand":[],"product_cat":[540],"product_tag":[],"class_list":{"0":"post-50304","1":"product","2":"type-product","3":"status-publish","4":"has-post-thumbnail","6":"product_cat-skanestai-sunims","8":"first","9":"instock","10":"sale","11":"taxable","12":"shipping-taxable","13":"purchasable","14":"product-type-simple"},"yoast_head":"<!-- This site is optimized with the Yoast SEO plugin v27.2 - https:\/\/yoast.com\/product\/yoast-seo-wordpress\/ -->\n<title>Ibero Natural \u0161altai spaustas skan\u0117stas \u2013 jautienos juostel\u0117s, 15 vnt. - MiuMjau<\/title>\n<meta name=\"robots\" content=\"index, follow, max-snippet:-1, max-image-preview:large, max-video-preview:-1\" \/>\n<link rel=\"canonical\" href=\"https:\/\/miumjau.ee\/lt\/produktas\/ibero-natural-saltai-spaustas-skanestas-jautienos-juosteles-5-vnt-kopeeri\/\" \/>\n<meta property=\"og:locale\" content=\"lt_LT\" \/>\n<meta property=\"og:type\" content=\"article\" \/>\n<meta property=\"og:title\" content=\"Ibero Natural \u0161altai spaustas skan\u0117stas \u2013 jautienos juostel\u0117s, 15 vnt. - MiuMjau\" \/>\n<meta property=\"og:description\" content=\"Daug m\u0117sos turintis ir maksimaliai nat\u016bralus skan\u0117stas \u0161unims. Net skan\u0117stai gali b\u016bti sveiki ir labai maistingi. Rinkis tinkam\u0105 skan\u0117st\u0105 \u2013 i\u0161bandyk Ibero!  Sud\u0117tis: m\u0117sa ir gyv\u016bnin\u0117s kilm\u0117s produktai (jautiena) 98%, pa\u0161arinis glicerinas 2% Analitin\u0117 sud\u0117tis: \u017eali baltymai 38,7%, \u017eali riebalai 26,8%, pa\u0161arinis glicerinas 2%\" \/>\n<meta property=\"og:url\" content=\"https:\/\/miumjau.ee\/lt\/produktas\/ibero-natural-saltai-spaustas-skanestas-jautienos-juosteles-5-vnt-kopeeri\/\" \/>\n<meta property=\"og:site_name\" content=\"MiuMjau\" \/>\n<meta property=\"article:publisher\" content=\"https:\/\/www.facebook.com\/miumjaupood\/\" \/>\n<meta property=\"article:modified_time\" content=\"2026-01-08T12:14:13+00:00\" \/>\n<meta property=\"og:image\" content=\"https:\/\/miumjau.ee\/wp-content\/uploads\/2025\/12\/ibero-veiseribad-5tk.jpg\" \/>\n\t<meta property=\"og:image:width\" content=\"600\" \/>\n\t<meta property=\"og:image:height\" content=\"800\" \/>\n\t<meta property=\"og:image:type\" content=\"image\/jpeg\" \/>\n<meta name=\"twitter:card\" content=\"summary_large_image\" \/>\n<meta name=\"twitter:label1\" content=\"Est. reading time\" \/>\n\t<meta name=\"twitter:data1\" content=\"1 minut\u0117\" \/>\n<script type=\"application\/ld+json\" class=\"yoast-schema-graph\">{\"@context\":\"https:\/\/schema.org\",\"@graph\":[{\"@type\":\"WebPage\",\"@id\":\"https:\/\/miumjau.ee\/lt\/produktas\/ibero-natural-saltai-spaustas-skanestas-jautienos-juosteles-5-vnt-kopeeri\/\",\"url\":\"https:\/\/miumjau.ee\/lt\/produktas\/ibero-natural-saltai-spaustas-skanestas-jautienos-juosteles-5-vnt-kopeeri\/\",\"name\":\"Ibero Natural \u0161altai spaustas skan\u0117stas \u2013 jautienos juostel\u0117s, 15 vnt. - MiuMjau\",\"isPartOf\":{\"@id\":\"https:\/\/miumjau.ee\/#website\"},\"primaryImageOfPage\":{\"@id\":\"https:\/\/miumjau.ee\/lt\/produktas\/ibero-natural-saltai-spaustas-skanestas-jautienos-juosteles-5-vnt-kopeeri\/#primaryimage\"},\"image\":{\"@id\":\"https:\/\/miumjau.ee\/lt\/produktas\/ibero-natural-saltai-spaustas-skanestas-jautienos-juosteles-5-vnt-kopeeri\/#primaryimage\"},\"thumbnailUrl\":\"https:\/\/miumjau.ee\/wp-content\/uploads\/2025\/12\/ibero-veiseribad-5tk.jpg\",\"datePublished\":\"2025-12-27T09:24:34+00:00\",\"dateModified\":\"2026-01-08T12:14:13+00:00\",\"breadcrumb\":{\"@id\":\"https:\/\/miumjau.ee\/lt\/produktas\/ibero-natural-saltai-spaustas-skanestas-jautienos-juosteles-5-vnt-kopeeri\/#breadcrumb\"},\"inLanguage\":\"lt-LT\",\"potentialAction\":[{\"@type\":\"ReadAction\",\"target\":[\"https:\/\/miumjau.ee\/lt\/produktas\/ibero-natural-saltai-spaustas-skanestas-jautienos-juosteles-5-vnt-kopeeri\/\"]}]},{\"@type\":\"ImageObject\",\"inLanguage\":\"lt-LT\",\"@id\":\"https:\/\/miumjau.ee\/lt\/produktas\/ibero-natural-saltai-spaustas-skanestas-jautienos-juosteles-5-vnt-kopeeri\/#primaryimage\",\"url\":\"https:\/\/miumjau.ee\/wp-content\/uploads\/2025\/12\/ibero-veiseribad-5tk.jpg\",\"contentUrl\":\"https:\/\/miumjau.ee\/wp-content\/uploads\/2025\/12\/ibero-veiseribad-5tk.jpg\",\"width\":600,\"height\":800,\"caption\":\"Ibero Natural k\u00fclmpressitud maius, veiseribad 5tk\"},{\"@type\":\"BreadcrumbList\",\"@id\":\"https:\/\/miumjau.ee\/lt\/produktas\/ibero-natural-saltai-spaustas-skanestas-jautienos-juosteles-5-vnt-kopeeri\/#breadcrumb\",\"itemListElement\":[{\"@type\":\"ListItem\",\"position\":1,\"name\":\"Home\",\"item\":\"https:\/\/miumjau.ee\/lt\/\"},{\"@type\":\"ListItem\",\"position\":2,\"name\":\"Parduotuv\u0117\",\"item\":\"https:\/\/miumjau.ee\/lt\/parduotuve\/\"},{\"@type\":\"ListItem\",\"position\":3,\"name\":\"Ibero Natural \u0161altai spaustas skan\u0117stas \u2013 jautienos juostel\u0117s, 15 vnt.\"}]},{\"@type\":\"WebSite\",\"@id\":\"https:\/\/miumjau.ee\/#website\",\"url\":\"https:\/\/miumjau.ee\/\",\"name\":\"MiuMjau\",\"description\":\"Kraapimispuud kassidele\",\"publisher\":{\"@id\":\"https:\/\/miumjau.ee\/#organization\"},\"potentialAction\":[{\"@type\":\"SearchAction\",\"target\":{\"@type\":\"EntryPoint\",\"urlTemplate\":\"https:\/\/miumjau.ee\/?s={search_term_string}\"},\"query-input\":{\"@type\":\"PropertyValueSpecification\",\"valueRequired\":true,\"valueName\":\"search_term_string\"}}],\"inLanguage\":\"lt-LT\"},{\"@type\":\"Organization\",\"@id\":\"https:\/\/miumjau.ee\/#organization\",\"name\":\"MiuMjau O\u00dc\",\"url\":\"https:\/\/miumjau.ee\/\",\"logo\":{\"@type\":\"ImageObject\",\"inLanguage\":\"lt-LT\",\"@id\":\"https:\/\/miumjau.ee\/#\/schema\/logo\/image\/\",\"url\":\"https:\/\/miumjau.ee\/wp-content\/uploads\/2022\/04\/MiuMjau-logo-kollane.png\",\"contentUrl\":\"https:\/\/miumjau.ee\/wp-content\/uploads\/2022\/04\/MiuMjau-logo-kollane.png\",\"width\":219,\"height\":100,\"caption\":\"MiuMjau O\u00dc\"},\"image\":{\"@id\":\"https:\/\/miumjau.ee\/#\/schema\/logo\/image\/\"},\"sameAs\":[\"https:\/\/www.facebook.com\/miumjaupood\/\"]}]}<\/script>\n<!-- \/ Yoast SEO plugin. -->","yoast_head_json":{"title":"Ibero Natural \u0161altai spaustas skan\u0117stas \u2013 jautienos juostel\u0117s, 15 vnt. - MiuMjau","robots":{"index":"index","follow":"follow","max-snippet":"max-snippet:-1","max-image-preview":"max-image-preview:large","max-video-preview":"max-video-preview:-1"},"canonical":"https:\/\/miumjau.ee\/lt\/produktas\/ibero-natural-saltai-spaustas-skanestas-jautienos-juosteles-5-vnt-kopeeri\/","og_locale":"lt_LT","og_type":"article","og_title":"Ibero Natural \u0161altai spaustas skan\u0117stas \u2013 jautienos juostel\u0117s, 15 vnt. - MiuMjau","og_description":"Daug m\u0117sos turintis ir maksimaliai nat\u016bralus skan\u0117stas \u0161unims. Net skan\u0117stai gali b\u016bti sveiki ir labai maistingi. Rinkis tinkam\u0105 skan\u0117st\u0105 \u2013 i\u0161bandyk Ibero!  Sud\u0117tis: m\u0117sa ir gyv\u016bnin\u0117s kilm\u0117s produktai (jautiena) 98%, pa\u0161arinis glicerinas 2% Analitin\u0117 sud\u0117tis: \u017eali baltymai 38,7%, \u017eali riebalai 26,8%, pa\u0161arinis glicerinas 2%","og_url":"https:\/\/miumjau.ee\/lt\/produktas\/ibero-natural-saltai-spaustas-skanestas-jautienos-juosteles-5-vnt-kopeeri\/","og_site_name":"MiuMjau","article_publisher":"https:\/\/www.facebook.com\/miumjaupood\/","article_modified_time":"2026-01-08T12:14:13+00:00","og_image":[{"width":600,"height":800,"url":"https:\/\/miumjau.ee\/wp-content\/uploads\/2025\/12\/ibero-veiseribad-5tk.jpg","type":"image\/jpeg"}],"twitter_card":"summary_large_image","twitter_misc":{"Est. reading time":"1 minut\u0117"},"schema":{"@context":"https:\/\/schema.org","@graph":[{"@type":"WebPage","@id":"https:\/\/miumjau.ee\/lt\/produktas\/ibero-natural-saltai-spaustas-skanestas-jautienos-juosteles-5-vnt-kopeeri\/","url":"https:\/\/miumjau.ee\/lt\/produktas\/ibero-natural-saltai-spaustas-skanestas-jautienos-juosteles-5-vnt-kopeeri\/","name":"Ibero Natural \u0161altai spaustas skan\u0117stas \u2013 jautienos juostel\u0117s, 15 vnt. - MiuMjau","isPartOf":{"@id":"https:\/\/miumjau.ee\/#website"},"primaryImageOfPage":{"@id":"https:\/\/miumjau.ee\/lt\/produktas\/ibero-natural-saltai-spaustas-skanestas-jautienos-juosteles-5-vnt-kopeeri\/#primaryimage"},"image":{"@id":"https:\/\/miumjau.ee\/lt\/produktas\/ibero-natural-saltai-spaustas-skanestas-jautienos-juosteles-5-vnt-kopeeri\/#primaryimage"},"thumbnailUrl":"https:\/\/miumjau.ee\/wp-content\/uploads\/2025\/12\/ibero-veiseribad-5tk.jpg","datePublished":"2025-12-27T09:24:34+00:00","dateModified":"2026-01-08T12:14:13+00:00","breadcrumb":{"@id":"https:\/\/miumjau.ee\/lt\/produktas\/ibero-natural-saltai-spaustas-skanestas-jautienos-juosteles-5-vnt-kopeeri\/#breadcrumb"},"inLanguage":"lt-LT","potentialAction":[{"@type":"ReadAction","target":["https:\/\/miumjau.ee\/lt\/produktas\/ibero-natural-saltai-spaustas-skanestas-jautienos-juosteles-5-vnt-kopeeri\/"]}]},{"@type":"ImageObject","inLanguage":"lt-LT","@id":"https:\/\/miumjau.ee\/lt\/produktas\/ibero-natural-saltai-spaustas-skanestas-jautienos-juosteles-5-vnt-kopeeri\/#primaryimage","url":"https:\/\/miumjau.ee\/wp-content\/uploads\/2025\/12\/ibero-veiseribad-5tk.jpg","contentUrl":"https:\/\/miumjau.ee\/wp-content\/uploads\/2025\/12\/ibero-veiseribad-5tk.jpg","width":600,"height":800,"caption":"Ibero Natural k\u00fclmpressitud maius, veiseribad 5tk"},{"@type":"BreadcrumbList","@id":"https:\/\/miumjau.ee\/lt\/produktas\/ibero-natural-saltai-spaustas-skanestas-jautienos-juosteles-5-vnt-kopeeri\/#breadcrumb","itemListElement":[{"@type":"ListItem","position":1,"name":"Home","item":"https:\/\/miumjau.ee\/lt\/"},{"@type":"ListItem","position":2,"name":"Parduotuv\u0117","item":"https:\/\/miumjau.ee\/lt\/parduotuve\/"},{"@type":"ListItem","position":3,"name":"Ibero Natural \u0161altai spaustas skan\u0117stas \u2013 jautienos juostel\u0117s, 15 vnt."}]},{"@type":"WebSite","@id":"https:\/\/miumjau.ee\/#website","url":"https:\/\/miumjau.ee\/","name":"MiuMjau","description":"Kraapimispuud kassidele","publisher":{"@id":"https:\/\/miumjau.ee\/#organization"},"potentialAction":[{"@type":"SearchAction","target":{"@type":"EntryPoint","urlTemplate":"https:\/\/miumjau.ee\/?s={search_term_string}"},"query-input":{"@type":"PropertyValueSpecification","valueRequired":true,"valueName":"search_term_string"}}],"inLanguage":"lt-LT"},{"@type":"Organization","@id":"https:\/\/miumjau.ee\/#organization","name":"MiuMjau O\u00dc","url":"https:\/\/miumjau.ee\/","logo":{"@type":"ImageObject","inLanguage":"lt-LT","@id":"https:\/\/miumjau.ee\/#\/schema\/logo\/image\/","url":"https:\/\/miumjau.ee\/wp-content\/uploads\/2022\/04\/MiuMjau-logo-kollane.png","contentUrl":"https:\/\/miumjau.ee\/wp-content\/uploads\/2022\/04\/MiuMjau-logo-kollane.png","width":219,"height":100,"caption":"MiuMjau O\u00dc"},"image":{"@id":"https:\/\/miumjau.ee\/#\/schema\/logo\/image\/"},"sameAs":["https:\/\/www.facebook.com\/miumjaupood\/"]}]}},"_links":{"self":[{"href":"https:\/\/miumjau.ee\/lt\/wp-json\/wp\/v2\/product\/50304","targetHints":{"allow":["GET"]}}],"collection":[{"href":"https:\/\/miumjau.ee\/lt\/wp-json\/wp\/v2\/product"}],"about":[{"href":"https:\/\/miumjau.ee\/lt\/wp-json\/wp\/v2\/types\/product"}],"wp:featuredmedia":[{"embeddable":true,"href":"https:\/\/miumjau.ee\/lt\/wp-json\/wp\/v2\/media\/48173"}],"wp:attachment":[{"href":"https:\/\/miumjau.ee\/lt\/wp-json\/wp\/v2\/media?parent=50304"}],"wp:term":[{"taxonomy":"product_brand","embeddable":true,"href":"https:\/\/miumjau.ee\/lt\/wp-json\/wp\/v2\/product_brand?post=50304"},{"taxonomy":"product_cat","embeddable":true,"href":"https:\/\/miumjau.ee\/lt\/wp-json\/wp\/v2\/product_cat?post=50304"},{"taxonomy":"product_tag","embeddable":true,"href":"https:\/\/miumjau.ee\/lt\/wp-json\/wp\/v2\/product_tag?post=50304"}],"curies":[{"name":"wp","href":"https:\/\/api.w.org\/{rel}","templated":true}]}}