{"id":50256,"date":"2025-04-22T13:34:53","date_gmt":"2025-04-22T10:34:53","guid":{"rendered":"https:\/\/miumjau.ee\/toode\/dogfest-elnienos-mesos-lazdeliu-skanestai-visu-veisliu-sunims-45-g\/"},"modified":"2026-01-07T20:41:43","modified_gmt":"2026-01-07T18:41:43","slug":"dogfest-elnienos-mesos-lazdeliu-skanestai-visu-veisliu-sunims-45-g","status":"publish","type":"product","link":"https:\/\/miumjau.ee\/lt\/produktas\/dogfest-elnienos-mesos-lazdeliu-skanestai-visu-veisliu-sunims-45-g\/","title":{"rendered":"DogFest elnienos m\u0117sos lazdeli\u0173 skan\u0117stai vis\u0173 veisli\u0173 \u0161unims, 45 g"},"content":{"rendered":"","protected":false},"excerpt":{"rendered":"<p>Laukin\u0117s gamtos skoniu kvepian\u010dios m\u0117sos lazdel\u0117s. Dabar treniruot\u0117s taps dar patrauklesn\u0117s. \u0160i laukin\u0117 m\u0117sa turi puik\u0173 kvap\u0105 ir skon\u012f.<\/p>\n<p>U\u017e tai \u0161unys yra pasiruo\u0161\u0119 viskam.<\/p>\n<p><strong>Sud\u0117tis:<\/strong> antienos m\u0117sa 50,3%, elnienos m\u0117sa 30%, augalin\u0117s \u0161alutin\u0117s med\u017eiagos, mineralin\u0117s med\u017eiagos.<br \/>\n<strong>Analitin\u0117 sud\u0117tis:<\/strong> \u017eali baltymai 28%, riebalai 10%, \u017eali skaidulai 1%, \u017eali pelenai 5%, dr\u0117gm\u0117 21%.<br \/>\n<strong>Naudojimas:<\/strong> Patiekite kaip skan\u0117st\u0105 per dien\u0105. Maksimali paros norma: 1\u20132 vnt. Kiek\u012f galima reguliuoti pagal \u0161uns poreikius ir b\u016bkl\u0119. Visada turi b\u016bti prieinama \u0161vie\u017eio geriamojo vandens. Neleiskite \u0161uniui b\u016bti be prie\u017ei\u016bros kramtant ar su atidaryta pakuote. Pakuot\u0117je esantis deguonies absorbuojantis elementas n\u0117ra valgomas. Laikyti sausoje ir v\u0117sioje vietoje, po atidarymo laikyti \u0161aldytuve.<\/p>\n","protected":false},"featured_media":50257,"template":"","meta":[],"product_brand":[],"product_cat":[540],"product_tag":[],"class_list":{"0":"post-50256","1":"product","2":"type-product","3":"status-publish","4":"has-post-thumbnail","6":"product_cat-skanestai-sunims","8":"first","9":"instock","10":"taxable","11":"shipping-taxable","12":"purchasable","13":"product-type-simple"},"yoast_head":"<!-- This site is optimized with the Yoast SEO plugin v27.2 - https:\/\/yoast.com\/product\/yoast-seo-wordpress\/ -->\n<title>DogFest elnienos m\u0117sos lazdeli\u0173 skan\u0117stai vis\u0173 veisli\u0173 \u0161unims, 45 g - MiuMjau<\/title>\n<meta name=\"description\" content=\"Dogfest skan\u0117stai suteiks j\u016bs\u0173 augintiniui daug d\u017eiaugsmo! Platus \u012fvairi\u0173 r\u016b\u0161i\u0173 skan\u0117st\u0173 pasirinkimas, kad kiekvienas \u0161uo rast\u0173 savo m\u0117gstamiausi\u0105! Kuris jam patikt\u0173?\" \/>\n<meta name=\"robots\" content=\"index, follow, max-snippet:-1, max-image-preview:large, max-video-preview:-1\" \/>\n<link rel=\"canonical\" href=\"https:\/\/miumjau.ee\/lt\/produktas\/dogfest-elnienos-mesos-lazdeliu-skanestai-visu-veisliu-sunims-45-g\/\" \/>\n<meta property=\"og:locale\" content=\"lt_LT\" \/>\n<meta property=\"og:type\" content=\"article\" \/>\n<meta property=\"og:title\" content=\"DogFest elnienos m\u0117sos lazdeli\u0173 skan\u0117stai vis\u0173 veisli\u0173 \u0161unims, 45 g - MiuMjau\" \/>\n<meta property=\"og:description\" content=\"Dogfest skan\u0117stai suteiks j\u016bs\u0173 augintiniui daug d\u017eiaugsmo! Platus \u012fvairi\u0173 r\u016b\u0161i\u0173 skan\u0117st\u0173 pasirinkimas, kad kiekvienas \u0161uo rast\u0173 savo m\u0117gstamiausi\u0105! Kuris jam patikt\u0173?\" \/>\n<meta property=\"og:url\" content=\"https:\/\/miumjau.ee\/lt\/produktas\/dogfest-elnienos-mesos-lazdeliu-skanestai-visu-veisliu-sunims-45-g\/\" \/>\n<meta property=\"og:site_name\" content=\"MiuMjau\" \/>\n<meta property=\"article:publisher\" content=\"https:\/\/www.facebook.com\/miumjaupood\/\" \/>\n<meta property=\"article:modified_time\" content=\"2026-01-07T18:41:43+00:00\" \/>\n<meta property=\"og:image\" content=\"https:\/\/miumjau.ee\/wp-content\/uploads\/2025\/04\/dofest-maiused-koertele55.webp\" \/>\n\t<meta property=\"og:image:width\" content=\"600\" \/>\n\t<meta property=\"og:image:height\" content=\"800\" \/>\n\t<meta property=\"og:image:type\" content=\"image\/webp\" \/>\n<meta name=\"twitter:card\" content=\"summary_large_image\" \/>\n<script type=\"application\/ld+json\" class=\"yoast-schema-graph\">{\"@context\":\"https:\/\/schema.org\",\"@graph\":[{\"@type\":\"WebPage\",\"@id\":\"https:\/\/miumjau.ee\/lt\/produktas\/dogfest-elnienos-mesos-lazdeliu-skanestai-visu-veisliu-sunims-45-g\/\",\"url\":\"https:\/\/miumjau.ee\/lt\/produktas\/dogfest-elnienos-mesos-lazdeliu-skanestai-visu-veisliu-sunims-45-g\/\",\"name\":\"DogFest elnienos m\u0117sos lazdeli\u0173 skan\u0117stai vis\u0173 veisli\u0173 \u0161unims, 45 g - MiuMjau\",\"isPartOf\":{\"@id\":\"https:\/\/miumjau.ee\/#website\"},\"primaryImageOfPage\":{\"@id\":\"https:\/\/miumjau.ee\/lt\/produktas\/dogfest-elnienos-mesos-lazdeliu-skanestai-visu-veisliu-sunims-45-g\/#primaryimage\"},\"image\":{\"@id\":\"https:\/\/miumjau.ee\/lt\/produktas\/dogfest-elnienos-mesos-lazdeliu-skanestai-visu-veisliu-sunims-45-g\/#primaryimage\"},\"thumbnailUrl\":\"https:\/\/miumjau.ee\/wp-content\/uploads\/2025\/04\/dofest-maiused-koertele55.webp\",\"datePublished\":\"2025-04-22T10:34:53+00:00\",\"dateModified\":\"2026-01-07T18:41:43+00:00\",\"description\":\"Dogfest skan\u0117stai suteiks j\u016bs\u0173 augintiniui daug d\u017eiaugsmo! Platus \u012fvairi\u0173 r\u016b\u0161i\u0173 skan\u0117st\u0173 pasirinkimas, kad kiekvienas \u0161uo rast\u0173 savo m\u0117gstamiausi\u0105! Kuris jam patikt\u0173?\",\"breadcrumb\":{\"@id\":\"https:\/\/miumjau.ee\/lt\/produktas\/dogfest-elnienos-mesos-lazdeliu-skanestai-visu-veisliu-sunims-45-g\/#breadcrumb\"},\"inLanguage\":\"lt-LT\",\"potentialAction\":[{\"@type\":\"ReadAction\",\"target\":[\"https:\/\/miumjau.ee\/lt\/produktas\/dogfest-elnienos-mesos-lazdeliu-skanestai-visu-veisliu-sunims-45-g\/\"]}]},{\"@type\":\"ImageObject\",\"inLanguage\":\"lt-LT\",\"@id\":\"https:\/\/miumjau.ee\/lt\/produktas\/dogfest-elnienos-mesos-lazdeliu-skanestai-visu-veisliu-sunims-45-g\/#primaryimage\",\"url\":\"https:\/\/miumjau.ee\/wp-content\/uploads\/2025\/04\/dofest-maiused-koertele55.webp\",\"contentUrl\":\"https:\/\/miumjau.ee\/wp-content\/uploads\/2025\/04\/dofest-maiused-koertele55.webp\",\"width\":600,\"height\":800},{\"@type\":\"BreadcrumbList\",\"@id\":\"https:\/\/miumjau.ee\/lt\/produktas\/dogfest-elnienos-mesos-lazdeliu-skanestai-visu-veisliu-sunims-45-g\/#breadcrumb\",\"itemListElement\":[{\"@type\":\"ListItem\",\"position\":1,\"name\":\"Home\",\"item\":\"https:\/\/miumjau.ee\/lt\/\"},{\"@type\":\"ListItem\",\"position\":2,\"name\":\"Parduotuv\u0117\",\"item\":\"https:\/\/miumjau.ee\/lt\/parduotuve\/\"},{\"@type\":\"ListItem\",\"position\":3,\"name\":\"DogFest elnienos m\u0117sos lazdeli\u0173 skan\u0117stai vis\u0173 veisli\u0173 \u0161unims, 45 g\"}]},{\"@type\":\"WebSite\",\"@id\":\"https:\/\/miumjau.ee\/#website\",\"url\":\"https:\/\/miumjau.ee\/\",\"name\":\"MiuMjau\",\"description\":\"Kraapimispuud kassidele\",\"publisher\":{\"@id\":\"https:\/\/miumjau.ee\/#organization\"},\"potentialAction\":[{\"@type\":\"SearchAction\",\"target\":{\"@type\":\"EntryPoint\",\"urlTemplate\":\"https:\/\/miumjau.ee\/?s={search_term_string}\"},\"query-input\":{\"@type\":\"PropertyValueSpecification\",\"valueRequired\":true,\"valueName\":\"search_term_string\"}}],\"inLanguage\":\"lt-LT\"},{\"@type\":\"Organization\",\"@id\":\"https:\/\/miumjau.ee\/#organization\",\"name\":\"MiuMjau O\u00dc\",\"url\":\"https:\/\/miumjau.ee\/\",\"logo\":{\"@type\":\"ImageObject\",\"inLanguage\":\"lt-LT\",\"@id\":\"https:\/\/miumjau.ee\/#\/schema\/logo\/image\/\",\"url\":\"https:\/\/miumjau.ee\/wp-content\/uploads\/2022\/04\/MiuMjau-logo-kollane.png\",\"contentUrl\":\"https:\/\/miumjau.ee\/wp-content\/uploads\/2022\/04\/MiuMjau-logo-kollane.png\",\"width\":219,\"height\":100,\"caption\":\"MiuMjau O\u00dc\"},\"image\":{\"@id\":\"https:\/\/miumjau.ee\/#\/schema\/logo\/image\/\"},\"sameAs\":[\"https:\/\/www.facebook.com\/miumjaupood\/\"]}]}<\/script>\n<!-- \/ Yoast SEO plugin. -->","yoast_head_json":{"title":"DogFest elnienos m\u0117sos lazdeli\u0173 skan\u0117stai vis\u0173 veisli\u0173 \u0161unims, 45 g - MiuMjau","description":"Dogfest skan\u0117stai suteiks j\u016bs\u0173 augintiniui daug d\u017eiaugsmo! Platus \u012fvairi\u0173 r\u016b\u0161i\u0173 skan\u0117st\u0173 pasirinkimas, kad kiekvienas \u0161uo rast\u0173 savo m\u0117gstamiausi\u0105! Kuris jam patikt\u0173?","robots":{"index":"index","follow":"follow","max-snippet":"max-snippet:-1","max-image-preview":"max-image-preview:large","max-video-preview":"max-video-preview:-1"},"canonical":"https:\/\/miumjau.ee\/lt\/produktas\/dogfest-elnienos-mesos-lazdeliu-skanestai-visu-veisliu-sunims-45-g\/","og_locale":"lt_LT","og_type":"article","og_title":"DogFest elnienos m\u0117sos lazdeli\u0173 skan\u0117stai vis\u0173 veisli\u0173 \u0161unims, 45 g - MiuMjau","og_description":"Dogfest skan\u0117stai suteiks j\u016bs\u0173 augintiniui daug d\u017eiaugsmo! Platus \u012fvairi\u0173 r\u016b\u0161i\u0173 skan\u0117st\u0173 pasirinkimas, kad kiekvienas \u0161uo rast\u0173 savo m\u0117gstamiausi\u0105! Kuris jam patikt\u0173?","og_url":"https:\/\/miumjau.ee\/lt\/produktas\/dogfest-elnienos-mesos-lazdeliu-skanestai-visu-veisliu-sunims-45-g\/","og_site_name":"MiuMjau","article_publisher":"https:\/\/www.facebook.com\/miumjaupood\/","article_modified_time":"2026-01-07T18:41:43+00:00","og_image":[{"width":600,"height":800,"url":"https:\/\/miumjau.ee\/wp-content\/uploads\/2025\/04\/dofest-maiused-koertele55.webp","type":"image\/webp"}],"twitter_card":"summary_large_image","schema":{"@context":"https:\/\/schema.org","@graph":[{"@type":"WebPage","@id":"https:\/\/miumjau.ee\/lt\/produktas\/dogfest-elnienos-mesos-lazdeliu-skanestai-visu-veisliu-sunims-45-g\/","url":"https:\/\/miumjau.ee\/lt\/produktas\/dogfest-elnienos-mesos-lazdeliu-skanestai-visu-veisliu-sunims-45-g\/","name":"DogFest elnienos m\u0117sos lazdeli\u0173 skan\u0117stai vis\u0173 veisli\u0173 \u0161unims, 45 g - MiuMjau","isPartOf":{"@id":"https:\/\/miumjau.ee\/#website"},"primaryImageOfPage":{"@id":"https:\/\/miumjau.ee\/lt\/produktas\/dogfest-elnienos-mesos-lazdeliu-skanestai-visu-veisliu-sunims-45-g\/#primaryimage"},"image":{"@id":"https:\/\/miumjau.ee\/lt\/produktas\/dogfest-elnienos-mesos-lazdeliu-skanestai-visu-veisliu-sunims-45-g\/#primaryimage"},"thumbnailUrl":"https:\/\/miumjau.ee\/wp-content\/uploads\/2025\/04\/dofest-maiused-koertele55.webp","datePublished":"2025-04-22T10:34:53+00:00","dateModified":"2026-01-07T18:41:43+00:00","description":"Dogfest skan\u0117stai suteiks j\u016bs\u0173 augintiniui daug d\u017eiaugsmo! Platus \u012fvairi\u0173 r\u016b\u0161i\u0173 skan\u0117st\u0173 pasirinkimas, kad kiekvienas \u0161uo rast\u0173 savo m\u0117gstamiausi\u0105! Kuris jam patikt\u0173?","breadcrumb":{"@id":"https:\/\/miumjau.ee\/lt\/produktas\/dogfest-elnienos-mesos-lazdeliu-skanestai-visu-veisliu-sunims-45-g\/#breadcrumb"},"inLanguage":"lt-LT","potentialAction":[{"@type":"ReadAction","target":["https:\/\/miumjau.ee\/lt\/produktas\/dogfest-elnienos-mesos-lazdeliu-skanestai-visu-veisliu-sunims-45-g\/"]}]},{"@type":"ImageObject","inLanguage":"lt-LT","@id":"https:\/\/miumjau.ee\/lt\/produktas\/dogfest-elnienos-mesos-lazdeliu-skanestai-visu-veisliu-sunims-45-g\/#primaryimage","url":"https:\/\/miumjau.ee\/wp-content\/uploads\/2025\/04\/dofest-maiused-koertele55.webp","contentUrl":"https:\/\/miumjau.ee\/wp-content\/uploads\/2025\/04\/dofest-maiused-koertele55.webp","width":600,"height":800},{"@type":"BreadcrumbList","@id":"https:\/\/miumjau.ee\/lt\/produktas\/dogfest-elnienos-mesos-lazdeliu-skanestai-visu-veisliu-sunims-45-g\/#breadcrumb","itemListElement":[{"@type":"ListItem","position":1,"name":"Home","item":"https:\/\/miumjau.ee\/lt\/"},{"@type":"ListItem","position":2,"name":"Parduotuv\u0117","item":"https:\/\/miumjau.ee\/lt\/parduotuve\/"},{"@type":"ListItem","position":3,"name":"DogFest elnienos m\u0117sos lazdeli\u0173 skan\u0117stai vis\u0173 veisli\u0173 \u0161unims, 45 g"}]},{"@type":"WebSite","@id":"https:\/\/miumjau.ee\/#website","url":"https:\/\/miumjau.ee\/","name":"MiuMjau","description":"Kraapimispuud kassidele","publisher":{"@id":"https:\/\/miumjau.ee\/#organization"},"potentialAction":[{"@type":"SearchAction","target":{"@type":"EntryPoint","urlTemplate":"https:\/\/miumjau.ee\/?s={search_term_string}"},"query-input":{"@type":"PropertyValueSpecification","valueRequired":true,"valueName":"search_term_string"}}],"inLanguage":"lt-LT"},{"@type":"Organization","@id":"https:\/\/miumjau.ee\/#organization","name":"MiuMjau O\u00dc","url":"https:\/\/miumjau.ee\/","logo":{"@type":"ImageObject","inLanguage":"lt-LT","@id":"https:\/\/miumjau.ee\/#\/schema\/logo\/image\/","url":"https:\/\/miumjau.ee\/wp-content\/uploads\/2022\/04\/MiuMjau-logo-kollane.png","contentUrl":"https:\/\/miumjau.ee\/wp-content\/uploads\/2022\/04\/MiuMjau-logo-kollane.png","width":219,"height":100,"caption":"MiuMjau O\u00dc"},"image":{"@id":"https:\/\/miumjau.ee\/#\/schema\/logo\/image\/"},"sameAs":["https:\/\/www.facebook.com\/miumjaupood\/"]}]}},"_links":{"self":[{"href":"https:\/\/miumjau.ee\/lt\/wp-json\/wp\/v2\/product\/50256","targetHints":{"allow":["GET"]}}],"collection":[{"href":"https:\/\/miumjau.ee\/lt\/wp-json\/wp\/v2\/product"}],"about":[{"href":"https:\/\/miumjau.ee\/lt\/wp-json\/wp\/v2\/types\/product"}],"wp:featuredmedia":[{"embeddable":true,"href":"https:\/\/miumjau.ee\/lt\/wp-json\/wp\/v2\/media\/50257"}],"wp:attachment":[{"href":"https:\/\/miumjau.ee\/lt\/wp-json\/wp\/v2\/media?parent=50256"}],"wp:term":[{"taxonomy":"product_brand","embeddable":true,"href":"https:\/\/miumjau.ee\/lt\/wp-json\/wp\/v2\/product_brand?post=50256"},{"taxonomy":"product_cat","embeddable":true,"href":"https:\/\/miumjau.ee\/lt\/wp-json\/wp\/v2\/product_cat?post=50256"},{"taxonomy":"product_tag","embeddable":true,"href":"https:\/\/miumjau.ee\/lt\/wp-json\/wp\/v2\/product_tag?post=50256"}],"curies":[{"name":"wp","href":"https:\/\/api.w.org\/{rel}","templated":true}]}}