{"id":50248,"date":"2025-04-22T13:34:53","date_gmt":"2025-04-22T10:34:53","guid":{"rendered":"https:\/\/miumjau.ee\/toode\/dogfest-mazu-veisliu-sunims-antienos-kaulai-55-g\/"},"modified":"2026-01-07T20:41:50","modified_gmt":"2026-01-07T18:41:50","slug":"dogfest-mazu-veisliu-sunims-antienos-kaulai-55-g","status":"publish","type":"product","link":"https:\/\/miumjau.ee\/lt\/produktas\/dogfest-mazu-veisliu-sunims-antienos-kaulai-55-g\/","title":{"rendered":"DogFest ma\u017e\u0173 veisli\u0173 \u0161unims \u2013 antienos kaulai, 55\u202fg"},"content":{"rendered":"","protected":false},"excerpt":{"rendered":"<p>Kramtymui skirtos lazdos yra padengtos ant abiej\u0173 gal\u0173 antienos m\u0117sa. Pasi\u016blykite savo \u0161uniui orkait\u0117je keptos antienos puik\u0173 skon\u012f \u2013 tuo pa\u010diu metu jis \u201evalys\u201c dantis kramtydamas.<\/p>\n<p><strong>Sud\u0117tis:<\/strong> antienos m\u0117sa 62,6 %, jautienos \u017ealiava 23 %, augalin\u0117s \u0161alutin\u0117s med\u017eiagos, mineralai.<br \/>\n<strong>Analitin\u0117 sud\u0117tis:<\/strong> \u017eali baltymai 33 %, \u017eali riebalai 3,5 %, \u017eali skaidulai 0,2 %, \u017eali pelenai 4,5 %, dr\u0117gm\u0117 18 %.<\/p>\n<p><strong>Naudojimas:<\/strong> Patiekite kaip skan\u0117st\u0105 dienos metu. Did\u017eiausia paros norma: 1\u20132 vnt. Kiek\u012f galima reguliuoti pagal \u0161uns poreikius ir b\u016bkl\u0119. Visada turi b\u016bti prieinama \u0161vie\u017eio geriamojo vandens. Nepalikite \u0161uns be prie\u017ei\u016bros, kai jis kramto arba turi skan\u0117st\u0173 pakuot\u0119. Pakuot\u0117je esantis deguonies absorbentas n\u0117ra valgomas. Laikyti sausoje ir v\u0117sioje vietoje, po atidarymo \u2013 \u0161aldytuve.<\/p>\n","protected":false},"featured_media":50249,"template":"","meta":[],"product_brand":[],"product_cat":[540],"product_tag":[],"class_list":{"0":"post-50248","1":"product","2":"type-product","3":"status-publish","4":"has-post-thumbnail","6":"product_cat-skanestai-sunims","8":"first","9":"instock","10":"taxable","11":"shipping-taxable","12":"purchasable","13":"product-type-simple"},"yoast_head":"<!-- This site is optimized with the Yoast SEO plugin v27.2 - https:\/\/yoast.com\/product\/yoast-seo-wordpress\/ -->\n<title>DogFest ma\u017e\u0173 veisli\u0173 \u0161unims \u2013 antienos kaulai, 55\u202fg - MiuMjau<\/title>\n<meta name=\"description\" content=\"Dogfest skan\u0117stai suteikia j\u016bs\u0173 augintiniui daug d\u017eiaugsmo! Platus \u012fvairi\u0173 skan\u0117st\u0173 pasirinkimas, kad kiekvienas \u0161uo rast\u0173 savo m\u0117gstamiausi\u0105! Koks skonis patikt\u0173 b\u016btent J\u016bs\u0173 augintiniui?\" \/>\n<meta name=\"robots\" content=\"index, follow, max-snippet:-1, max-image-preview:large, max-video-preview:-1\" \/>\n<link rel=\"canonical\" href=\"https:\/\/miumjau.ee\/lt\/produktas\/dogfest-mazu-veisliu-sunims-antienos-kaulai-55-g\/\" \/>\n<meta property=\"og:locale\" content=\"lt_LT\" \/>\n<meta property=\"og:type\" content=\"article\" \/>\n<meta property=\"og:title\" content=\"DogFest ma\u017e\u0173 veisli\u0173 \u0161unims \u2013 antienos kaulai, 55\u202fg - MiuMjau\" \/>\n<meta property=\"og:description\" content=\"Dogfest skan\u0117stai suteikia j\u016bs\u0173 augintiniui daug d\u017eiaugsmo! Platus \u012fvairi\u0173 skan\u0117st\u0173 pasirinkimas, kad kiekvienas \u0161uo rast\u0173 savo m\u0117gstamiausi\u0105! Koks skonis patikt\u0173 b\u016btent J\u016bs\u0173 augintiniui?\" \/>\n<meta property=\"og:url\" content=\"https:\/\/miumjau.ee\/lt\/produktas\/dogfest-mazu-veisliu-sunims-antienos-kaulai-55-g\/\" \/>\n<meta property=\"og:site_name\" content=\"MiuMjau\" \/>\n<meta property=\"article:publisher\" content=\"https:\/\/www.facebook.com\/miumjaupood\/\" \/>\n<meta property=\"article:modified_time\" content=\"2026-01-07T18:41:50+00:00\" \/>\n<meta property=\"og:image\" content=\"https:\/\/miumjau.ee\/wp-content\/uploads\/2025\/04\/dofest-maiused-koertele77.webp\" \/>\n\t<meta property=\"og:image:width\" content=\"600\" \/>\n\t<meta property=\"og:image:height\" content=\"800\" \/>\n\t<meta property=\"og:image:type\" content=\"image\/webp\" \/>\n<meta name=\"twitter:card\" content=\"summary_large_image\" \/>\n<script type=\"application\/ld+json\" class=\"yoast-schema-graph\">{\"@context\":\"https:\/\/schema.org\",\"@graph\":[{\"@type\":\"WebPage\",\"@id\":\"https:\/\/miumjau.ee\/lt\/produktas\/dogfest-mazu-veisliu-sunims-antienos-kaulai-55-g\/\",\"url\":\"https:\/\/miumjau.ee\/lt\/produktas\/dogfest-mazu-veisliu-sunims-antienos-kaulai-55-g\/\",\"name\":\"DogFest ma\u017e\u0173 veisli\u0173 \u0161unims \u2013 antienos kaulai, 55\u202fg - MiuMjau\",\"isPartOf\":{\"@id\":\"https:\/\/miumjau.ee\/#website\"},\"primaryImageOfPage\":{\"@id\":\"https:\/\/miumjau.ee\/lt\/produktas\/dogfest-mazu-veisliu-sunims-antienos-kaulai-55-g\/#primaryimage\"},\"image\":{\"@id\":\"https:\/\/miumjau.ee\/lt\/produktas\/dogfest-mazu-veisliu-sunims-antienos-kaulai-55-g\/#primaryimage\"},\"thumbnailUrl\":\"https:\/\/miumjau.ee\/wp-content\/uploads\/2025\/04\/dofest-maiused-koertele77.webp\",\"datePublished\":\"2025-04-22T10:34:53+00:00\",\"dateModified\":\"2026-01-07T18:41:50+00:00\",\"description\":\"Dogfest skan\u0117stai suteikia j\u016bs\u0173 augintiniui daug d\u017eiaugsmo! Platus \u012fvairi\u0173 skan\u0117st\u0173 pasirinkimas, kad kiekvienas \u0161uo rast\u0173 savo m\u0117gstamiausi\u0105! Koks skonis patikt\u0173 b\u016btent J\u016bs\u0173 augintiniui?\",\"breadcrumb\":{\"@id\":\"https:\/\/miumjau.ee\/lt\/produktas\/dogfest-mazu-veisliu-sunims-antienos-kaulai-55-g\/#breadcrumb\"},\"inLanguage\":\"lt-LT\",\"potentialAction\":[{\"@type\":\"ReadAction\",\"target\":[\"https:\/\/miumjau.ee\/lt\/produktas\/dogfest-mazu-veisliu-sunims-antienos-kaulai-55-g\/\"]}]},{\"@type\":\"ImageObject\",\"inLanguage\":\"lt-LT\",\"@id\":\"https:\/\/miumjau.ee\/lt\/produktas\/dogfest-mazu-veisliu-sunims-antienos-kaulai-55-g\/#primaryimage\",\"url\":\"https:\/\/miumjau.ee\/wp-content\/uploads\/2025\/04\/dofest-maiused-koertele77.webp\",\"contentUrl\":\"https:\/\/miumjau.ee\/wp-content\/uploads\/2025\/04\/dofest-maiused-koertele77.webp\",\"width\":600,\"height\":800},{\"@type\":\"BreadcrumbList\",\"@id\":\"https:\/\/miumjau.ee\/lt\/produktas\/dogfest-mazu-veisliu-sunims-antienos-kaulai-55-g\/#breadcrumb\",\"itemListElement\":[{\"@type\":\"ListItem\",\"position\":1,\"name\":\"Home\",\"item\":\"https:\/\/miumjau.ee\/lt\/\"},{\"@type\":\"ListItem\",\"position\":2,\"name\":\"Parduotuv\u0117\",\"item\":\"https:\/\/miumjau.ee\/lt\/parduotuve\/\"},{\"@type\":\"ListItem\",\"position\":3,\"name\":\"DogFest ma\u017e\u0173 veisli\u0173 \u0161unims \u2013 antienos kaulai, 55\u202fg\"}]},{\"@type\":\"WebSite\",\"@id\":\"https:\/\/miumjau.ee\/#website\",\"url\":\"https:\/\/miumjau.ee\/\",\"name\":\"MiuMjau\",\"description\":\"Kraapimispuud kassidele\",\"publisher\":{\"@id\":\"https:\/\/miumjau.ee\/#organization\"},\"potentialAction\":[{\"@type\":\"SearchAction\",\"target\":{\"@type\":\"EntryPoint\",\"urlTemplate\":\"https:\/\/miumjau.ee\/?s={search_term_string}\"},\"query-input\":{\"@type\":\"PropertyValueSpecification\",\"valueRequired\":true,\"valueName\":\"search_term_string\"}}],\"inLanguage\":\"lt-LT\"},{\"@type\":\"Organization\",\"@id\":\"https:\/\/miumjau.ee\/#organization\",\"name\":\"MiuMjau O\u00dc\",\"url\":\"https:\/\/miumjau.ee\/\",\"logo\":{\"@type\":\"ImageObject\",\"inLanguage\":\"lt-LT\",\"@id\":\"https:\/\/miumjau.ee\/#\/schema\/logo\/image\/\",\"url\":\"https:\/\/miumjau.ee\/wp-content\/uploads\/2022\/04\/MiuMjau-logo-kollane.png\",\"contentUrl\":\"https:\/\/miumjau.ee\/wp-content\/uploads\/2022\/04\/MiuMjau-logo-kollane.png\",\"width\":219,\"height\":100,\"caption\":\"MiuMjau O\u00dc\"},\"image\":{\"@id\":\"https:\/\/miumjau.ee\/#\/schema\/logo\/image\/\"},\"sameAs\":[\"https:\/\/www.facebook.com\/miumjaupood\/\"]}]}<\/script>\n<!-- \/ Yoast SEO plugin. -->","yoast_head_json":{"title":"DogFest ma\u017e\u0173 veisli\u0173 \u0161unims \u2013 antienos kaulai, 55\u202fg - MiuMjau","description":"Dogfest skan\u0117stai suteikia j\u016bs\u0173 augintiniui daug d\u017eiaugsmo! Platus \u012fvairi\u0173 skan\u0117st\u0173 pasirinkimas, kad kiekvienas \u0161uo rast\u0173 savo m\u0117gstamiausi\u0105! Koks skonis patikt\u0173 b\u016btent J\u016bs\u0173 augintiniui?","robots":{"index":"index","follow":"follow","max-snippet":"max-snippet:-1","max-image-preview":"max-image-preview:large","max-video-preview":"max-video-preview:-1"},"canonical":"https:\/\/miumjau.ee\/lt\/produktas\/dogfest-mazu-veisliu-sunims-antienos-kaulai-55-g\/","og_locale":"lt_LT","og_type":"article","og_title":"DogFest ma\u017e\u0173 veisli\u0173 \u0161unims \u2013 antienos kaulai, 55\u202fg - MiuMjau","og_description":"Dogfest skan\u0117stai suteikia j\u016bs\u0173 augintiniui daug d\u017eiaugsmo! Platus \u012fvairi\u0173 skan\u0117st\u0173 pasirinkimas, kad kiekvienas \u0161uo rast\u0173 savo m\u0117gstamiausi\u0105! Koks skonis patikt\u0173 b\u016btent J\u016bs\u0173 augintiniui?","og_url":"https:\/\/miumjau.ee\/lt\/produktas\/dogfest-mazu-veisliu-sunims-antienos-kaulai-55-g\/","og_site_name":"MiuMjau","article_publisher":"https:\/\/www.facebook.com\/miumjaupood\/","article_modified_time":"2026-01-07T18:41:50+00:00","og_image":[{"width":600,"height":800,"url":"https:\/\/miumjau.ee\/wp-content\/uploads\/2025\/04\/dofest-maiused-koertele77.webp","type":"image\/webp"}],"twitter_card":"summary_large_image","schema":{"@context":"https:\/\/schema.org","@graph":[{"@type":"WebPage","@id":"https:\/\/miumjau.ee\/lt\/produktas\/dogfest-mazu-veisliu-sunims-antienos-kaulai-55-g\/","url":"https:\/\/miumjau.ee\/lt\/produktas\/dogfest-mazu-veisliu-sunims-antienos-kaulai-55-g\/","name":"DogFest ma\u017e\u0173 veisli\u0173 \u0161unims \u2013 antienos kaulai, 55\u202fg - MiuMjau","isPartOf":{"@id":"https:\/\/miumjau.ee\/#website"},"primaryImageOfPage":{"@id":"https:\/\/miumjau.ee\/lt\/produktas\/dogfest-mazu-veisliu-sunims-antienos-kaulai-55-g\/#primaryimage"},"image":{"@id":"https:\/\/miumjau.ee\/lt\/produktas\/dogfest-mazu-veisliu-sunims-antienos-kaulai-55-g\/#primaryimage"},"thumbnailUrl":"https:\/\/miumjau.ee\/wp-content\/uploads\/2025\/04\/dofest-maiused-koertele77.webp","datePublished":"2025-04-22T10:34:53+00:00","dateModified":"2026-01-07T18:41:50+00:00","description":"Dogfest skan\u0117stai suteikia j\u016bs\u0173 augintiniui daug d\u017eiaugsmo! Platus \u012fvairi\u0173 skan\u0117st\u0173 pasirinkimas, kad kiekvienas \u0161uo rast\u0173 savo m\u0117gstamiausi\u0105! Koks skonis patikt\u0173 b\u016btent J\u016bs\u0173 augintiniui?","breadcrumb":{"@id":"https:\/\/miumjau.ee\/lt\/produktas\/dogfest-mazu-veisliu-sunims-antienos-kaulai-55-g\/#breadcrumb"},"inLanguage":"lt-LT","potentialAction":[{"@type":"ReadAction","target":["https:\/\/miumjau.ee\/lt\/produktas\/dogfest-mazu-veisliu-sunims-antienos-kaulai-55-g\/"]}]},{"@type":"ImageObject","inLanguage":"lt-LT","@id":"https:\/\/miumjau.ee\/lt\/produktas\/dogfest-mazu-veisliu-sunims-antienos-kaulai-55-g\/#primaryimage","url":"https:\/\/miumjau.ee\/wp-content\/uploads\/2025\/04\/dofest-maiused-koertele77.webp","contentUrl":"https:\/\/miumjau.ee\/wp-content\/uploads\/2025\/04\/dofest-maiused-koertele77.webp","width":600,"height":800},{"@type":"BreadcrumbList","@id":"https:\/\/miumjau.ee\/lt\/produktas\/dogfest-mazu-veisliu-sunims-antienos-kaulai-55-g\/#breadcrumb","itemListElement":[{"@type":"ListItem","position":1,"name":"Home","item":"https:\/\/miumjau.ee\/lt\/"},{"@type":"ListItem","position":2,"name":"Parduotuv\u0117","item":"https:\/\/miumjau.ee\/lt\/parduotuve\/"},{"@type":"ListItem","position":3,"name":"DogFest ma\u017e\u0173 veisli\u0173 \u0161unims \u2013 antienos kaulai, 55\u202fg"}]},{"@type":"WebSite","@id":"https:\/\/miumjau.ee\/#website","url":"https:\/\/miumjau.ee\/","name":"MiuMjau","description":"Kraapimispuud kassidele","publisher":{"@id":"https:\/\/miumjau.ee\/#organization"},"potentialAction":[{"@type":"SearchAction","target":{"@type":"EntryPoint","urlTemplate":"https:\/\/miumjau.ee\/?s={search_term_string}"},"query-input":{"@type":"PropertyValueSpecification","valueRequired":true,"valueName":"search_term_string"}}],"inLanguage":"lt-LT"},{"@type":"Organization","@id":"https:\/\/miumjau.ee\/#organization","name":"MiuMjau O\u00dc","url":"https:\/\/miumjau.ee\/","logo":{"@type":"ImageObject","inLanguage":"lt-LT","@id":"https:\/\/miumjau.ee\/#\/schema\/logo\/image\/","url":"https:\/\/miumjau.ee\/wp-content\/uploads\/2022\/04\/MiuMjau-logo-kollane.png","contentUrl":"https:\/\/miumjau.ee\/wp-content\/uploads\/2022\/04\/MiuMjau-logo-kollane.png","width":219,"height":100,"caption":"MiuMjau O\u00dc"},"image":{"@id":"https:\/\/miumjau.ee\/#\/schema\/logo\/image\/"},"sameAs":["https:\/\/www.facebook.com\/miumjaupood\/"]}]}},"_links":{"self":[{"href":"https:\/\/miumjau.ee\/lt\/wp-json\/wp\/v2\/product\/50248","targetHints":{"allow":["GET"]}}],"collection":[{"href":"https:\/\/miumjau.ee\/lt\/wp-json\/wp\/v2\/product"}],"about":[{"href":"https:\/\/miumjau.ee\/lt\/wp-json\/wp\/v2\/types\/product"}],"wp:featuredmedia":[{"embeddable":true,"href":"https:\/\/miumjau.ee\/lt\/wp-json\/wp\/v2\/media\/50249"}],"wp:attachment":[{"href":"https:\/\/miumjau.ee\/lt\/wp-json\/wp\/v2\/media?parent=50248"}],"wp:term":[{"taxonomy":"product_brand","embeddable":true,"href":"https:\/\/miumjau.ee\/lt\/wp-json\/wp\/v2\/product_brand?post=50248"},{"taxonomy":"product_cat","embeddable":true,"href":"https:\/\/miumjau.ee\/lt\/wp-json\/wp\/v2\/product_cat?post=50248"},{"taxonomy":"product_tag","embeddable":true,"href":"https:\/\/miumjau.ee\/lt\/wp-json\/wp\/v2\/product_tag?post=50248"}],"curies":[{"name":"wp","href":"https:\/\/api.w.org\/{rel}","templated":true}]}}