{"id":50236,"date":"2025-04-22T13:34:53","date_gmt":"2025-04-22T10:34:53","guid":{"rendered":"https:\/\/miumjau.ee\/toode\/dogfest-mazu-veisliu-sunims-antienos-gabaleliai-55-g\/"},"modified":"2026-01-07T20:41:50","modified_gmt":"2026-01-07T18:41:50","slug":"dogfest-mazu-veisliu-sunims-antienos-gabaleliai-55-g","status":"publish","type":"product","link":"https:\/\/miumjau.ee\/lt\/produktas\/dogfest-mazu-veisliu-sunims-antienos-gabaleliai-55-g\/","title":{"rendered":"DogFest ma\u017e\u0173 veisli\u0173 \u0161unims \u2013 antienos gabal\u0117liai, 55\u202fg"},"content":{"rendered":"","protected":false},"excerpt":{"rendered":"<p>Naudojame tik geriausias antienos dalis \u0161i\u0173 juosteli\u0173 gamybai, kad j\u016bs\u0173 \u0161uo gal\u0117t\u0173 m\u0117gautis tikru antienos skoniu. Geras elgesys nusipelno apdovanojimo! Nepamir\u0161kite to.<\/p>\n<p><strong>Sud\u0117tis:<\/strong> antienos m\u0117sa 90,2\u202f%, augalin\u0117s kilm\u0117s \u0161alutiniai produktai, mineralai.<br \/>\n<strong>Analitin\u0117 sud\u0117tis:<\/strong> \u017eali baltymai 41\u202f%, riebalai 3,5\u202f%, \u017eali skaidulai 0,2\u202f%, \u017eali pelenai 4\u202f%, dr\u0117gm\u0117 23\u202f%.<br \/>\n<strong>Naudojimas:<\/strong> Patiekite kaip skan\u0117st\u0105 dienos metu. Maksimalus paros kiekis: 1\u20132 vnt. Kiek\u012f galima reguliuoti pagal \u0161uns poreikius ir b\u016bkl\u0119. Visada turi b\u016bti \u0161vie\u017eio geriamojo vandens. Neleiskite \u0161uniui b\u016bti be prie\u017ei\u016bros, kai jis kramto skan\u0117st\u0105 ar turi pakuot\u0119. Pakuot\u0117je esantis deguonies sugeriamasis elementas n\u0117ra valgomas. Laikyti sausoje ir v\u0117sioje vietoje, po atidarymo laikyti \u0161aldytuve.<\/p>\n","protected":false},"featured_media":50237,"template":"","meta":[],"product_brand":[],"product_cat":[540],"product_tag":[],"class_list":{"0":"post-50236","1":"product","2":"type-product","3":"status-publish","4":"has-post-thumbnail","6":"product_cat-skanestai-sunims","8":"first","9":"instock","10":"taxable","11":"shipping-taxable","12":"purchasable","13":"product-type-simple"},"yoast_head":"<!-- This site is optimized with the Yoast SEO plugin v27.2 - https:\/\/yoast.com\/product\/yoast-seo-wordpress\/ -->\n<title>DogFest ma\u017e\u0173 veisli\u0173 \u0161unims \u2013 antienos gabal\u0117liai, 55\u202fg - MiuMjau<\/title>\n<meta name=\"description\" content=\"Dogfest prek\u0117s \u017eenklas si\u016blo plat\u0173 skani\u0173 u\u017ekand\u017ei\u0173 pasirinkim\u0105 tiek kat\u0117ms, tiek \u0161unims. Ateikite, i\u0161bandykite \u012fvairius skonius ir raskite savo m\u0117gstamiausi\u0105!\" \/>\n<meta name=\"robots\" content=\"index, follow, max-snippet:-1, max-image-preview:large, max-video-preview:-1\" \/>\n<link rel=\"canonical\" href=\"https:\/\/miumjau.ee\/lt\/produktas\/dogfest-mazu-veisliu-sunims-antienos-gabaleliai-55-g\/\" \/>\n<meta property=\"og:locale\" content=\"lt_LT\" \/>\n<meta property=\"og:type\" content=\"article\" \/>\n<meta property=\"og:title\" content=\"DogFest ma\u017e\u0173 veisli\u0173 \u0161unims \u2013 antienos gabal\u0117liai, 55\u202fg - MiuMjau\" \/>\n<meta property=\"og:description\" content=\"Dogfest prek\u0117s \u017eenklas si\u016blo plat\u0173 skani\u0173 u\u017ekand\u017ei\u0173 pasirinkim\u0105 tiek kat\u0117ms, tiek \u0161unims. Ateikite, i\u0161bandykite \u012fvairius skonius ir raskite savo m\u0117gstamiausi\u0105!\" \/>\n<meta property=\"og:url\" content=\"https:\/\/miumjau.ee\/lt\/produktas\/dogfest-mazu-veisliu-sunims-antienos-gabaleliai-55-g\/\" \/>\n<meta property=\"og:site_name\" content=\"MiuMjau\" \/>\n<meta property=\"article:publisher\" content=\"https:\/\/www.facebook.com\/miumjaupood\/\" \/>\n<meta property=\"article:modified_time\" content=\"2026-01-07T18:41:50+00:00\" \/>\n<meta property=\"og:image\" content=\"https:\/\/miumjau.ee\/wp-content\/uploads\/2025\/04\/dofest-maiused-koertele78.webp\" \/>\n\t<meta property=\"og:image:width\" content=\"600\" \/>\n\t<meta property=\"og:image:height\" content=\"800\" \/>\n\t<meta property=\"og:image:type\" content=\"image\/webp\" \/>\n<meta name=\"twitter:card\" content=\"summary_large_image\" \/>\n<script type=\"application\/ld+json\" class=\"yoast-schema-graph\">{\"@context\":\"https:\/\/schema.org\",\"@graph\":[{\"@type\":\"WebPage\",\"@id\":\"https:\/\/miumjau.ee\/lt\/produktas\/dogfest-mazu-veisliu-sunims-antienos-gabaleliai-55-g\/\",\"url\":\"https:\/\/miumjau.ee\/lt\/produktas\/dogfest-mazu-veisliu-sunims-antienos-gabaleliai-55-g\/\",\"name\":\"DogFest ma\u017e\u0173 veisli\u0173 \u0161unims \u2013 antienos gabal\u0117liai, 55\u202fg - MiuMjau\",\"isPartOf\":{\"@id\":\"https:\/\/miumjau.ee\/#website\"},\"primaryImageOfPage\":{\"@id\":\"https:\/\/miumjau.ee\/lt\/produktas\/dogfest-mazu-veisliu-sunims-antienos-gabaleliai-55-g\/#primaryimage\"},\"image\":{\"@id\":\"https:\/\/miumjau.ee\/lt\/produktas\/dogfest-mazu-veisliu-sunims-antienos-gabaleliai-55-g\/#primaryimage\"},\"thumbnailUrl\":\"https:\/\/miumjau.ee\/wp-content\/uploads\/2025\/04\/dofest-maiused-koertele78.webp\",\"datePublished\":\"2025-04-22T10:34:53+00:00\",\"dateModified\":\"2026-01-07T18:41:50+00:00\",\"description\":\"Dogfest prek\u0117s \u017eenklas si\u016blo plat\u0173 skani\u0173 u\u017ekand\u017ei\u0173 pasirinkim\u0105 tiek kat\u0117ms, tiek \u0161unims. Ateikite, i\u0161bandykite \u012fvairius skonius ir raskite savo m\u0117gstamiausi\u0105!\",\"breadcrumb\":{\"@id\":\"https:\/\/miumjau.ee\/lt\/produktas\/dogfest-mazu-veisliu-sunims-antienos-gabaleliai-55-g\/#breadcrumb\"},\"inLanguage\":\"lt-LT\",\"potentialAction\":[{\"@type\":\"ReadAction\",\"target\":[\"https:\/\/miumjau.ee\/lt\/produktas\/dogfest-mazu-veisliu-sunims-antienos-gabaleliai-55-g\/\"]}]},{\"@type\":\"ImageObject\",\"inLanguage\":\"lt-LT\",\"@id\":\"https:\/\/miumjau.ee\/lt\/produktas\/dogfest-mazu-veisliu-sunims-antienos-gabaleliai-55-g\/#primaryimage\",\"url\":\"https:\/\/miumjau.ee\/wp-content\/uploads\/2025\/04\/dofest-maiused-koertele78.webp\",\"contentUrl\":\"https:\/\/miumjau.ee\/wp-content\/uploads\/2025\/04\/dofest-maiused-koertele78.webp\",\"width\":600,\"height\":800},{\"@type\":\"BreadcrumbList\",\"@id\":\"https:\/\/miumjau.ee\/lt\/produktas\/dogfest-mazu-veisliu-sunims-antienos-gabaleliai-55-g\/#breadcrumb\",\"itemListElement\":[{\"@type\":\"ListItem\",\"position\":1,\"name\":\"Home\",\"item\":\"https:\/\/miumjau.ee\/lt\/\"},{\"@type\":\"ListItem\",\"position\":2,\"name\":\"Parduotuv\u0117\",\"item\":\"https:\/\/miumjau.ee\/lt\/parduotuve\/\"},{\"@type\":\"ListItem\",\"position\":3,\"name\":\"DogFest ma\u017e\u0173 veisli\u0173 \u0161unims \u2013 antienos gabal\u0117liai, 55\u202fg\"}]},{\"@type\":\"WebSite\",\"@id\":\"https:\/\/miumjau.ee\/#website\",\"url\":\"https:\/\/miumjau.ee\/\",\"name\":\"MiuMjau\",\"description\":\"Kraapimispuud kassidele\",\"publisher\":{\"@id\":\"https:\/\/miumjau.ee\/#organization\"},\"potentialAction\":[{\"@type\":\"SearchAction\",\"target\":{\"@type\":\"EntryPoint\",\"urlTemplate\":\"https:\/\/miumjau.ee\/?s={search_term_string}\"},\"query-input\":{\"@type\":\"PropertyValueSpecification\",\"valueRequired\":true,\"valueName\":\"search_term_string\"}}],\"inLanguage\":\"lt-LT\"},{\"@type\":\"Organization\",\"@id\":\"https:\/\/miumjau.ee\/#organization\",\"name\":\"MiuMjau O\u00dc\",\"url\":\"https:\/\/miumjau.ee\/\",\"logo\":{\"@type\":\"ImageObject\",\"inLanguage\":\"lt-LT\",\"@id\":\"https:\/\/miumjau.ee\/#\/schema\/logo\/image\/\",\"url\":\"https:\/\/miumjau.ee\/wp-content\/uploads\/2022\/04\/MiuMjau-logo-kollane.png\",\"contentUrl\":\"https:\/\/miumjau.ee\/wp-content\/uploads\/2022\/04\/MiuMjau-logo-kollane.png\",\"width\":219,\"height\":100,\"caption\":\"MiuMjau O\u00dc\"},\"image\":{\"@id\":\"https:\/\/miumjau.ee\/#\/schema\/logo\/image\/\"},\"sameAs\":[\"https:\/\/www.facebook.com\/miumjaupood\/\"]}]}<\/script>\n<!-- \/ Yoast SEO plugin. -->","yoast_head_json":{"title":"DogFest ma\u017e\u0173 veisli\u0173 \u0161unims \u2013 antienos gabal\u0117liai, 55\u202fg - MiuMjau","description":"Dogfest prek\u0117s \u017eenklas si\u016blo plat\u0173 skani\u0173 u\u017ekand\u017ei\u0173 pasirinkim\u0105 tiek kat\u0117ms, tiek \u0161unims. Ateikite, i\u0161bandykite \u012fvairius skonius ir raskite savo m\u0117gstamiausi\u0105!","robots":{"index":"index","follow":"follow","max-snippet":"max-snippet:-1","max-image-preview":"max-image-preview:large","max-video-preview":"max-video-preview:-1"},"canonical":"https:\/\/miumjau.ee\/lt\/produktas\/dogfest-mazu-veisliu-sunims-antienos-gabaleliai-55-g\/","og_locale":"lt_LT","og_type":"article","og_title":"DogFest ma\u017e\u0173 veisli\u0173 \u0161unims \u2013 antienos gabal\u0117liai, 55\u202fg - MiuMjau","og_description":"Dogfest prek\u0117s \u017eenklas si\u016blo plat\u0173 skani\u0173 u\u017ekand\u017ei\u0173 pasirinkim\u0105 tiek kat\u0117ms, tiek \u0161unims. Ateikite, i\u0161bandykite \u012fvairius skonius ir raskite savo m\u0117gstamiausi\u0105!","og_url":"https:\/\/miumjau.ee\/lt\/produktas\/dogfest-mazu-veisliu-sunims-antienos-gabaleliai-55-g\/","og_site_name":"MiuMjau","article_publisher":"https:\/\/www.facebook.com\/miumjaupood\/","article_modified_time":"2026-01-07T18:41:50+00:00","og_image":[{"width":600,"height":800,"url":"https:\/\/miumjau.ee\/wp-content\/uploads\/2025\/04\/dofest-maiused-koertele78.webp","type":"image\/webp"}],"twitter_card":"summary_large_image","schema":{"@context":"https:\/\/schema.org","@graph":[{"@type":"WebPage","@id":"https:\/\/miumjau.ee\/lt\/produktas\/dogfest-mazu-veisliu-sunims-antienos-gabaleliai-55-g\/","url":"https:\/\/miumjau.ee\/lt\/produktas\/dogfest-mazu-veisliu-sunims-antienos-gabaleliai-55-g\/","name":"DogFest ma\u017e\u0173 veisli\u0173 \u0161unims \u2013 antienos gabal\u0117liai, 55\u202fg - MiuMjau","isPartOf":{"@id":"https:\/\/miumjau.ee\/#website"},"primaryImageOfPage":{"@id":"https:\/\/miumjau.ee\/lt\/produktas\/dogfest-mazu-veisliu-sunims-antienos-gabaleliai-55-g\/#primaryimage"},"image":{"@id":"https:\/\/miumjau.ee\/lt\/produktas\/dogfest-mazu-veisliu-sunims-antienos-gabaleliai-55-g\/#primaryimage"},"thumbnailUrl":"https:\/\/miumjau.ee\/wp-content\/uploads\/2025\/04\/dofest-maiused-koertele78.webp","datePublished":"2025-04-22T10:34:53+00:00","dateModified":"2026-01-07T18:41:50+00:00","description":"Dogfest prek\u0117s \u017eenklas si\u016blo plat\u0173 skani\u0173 u\u017ekand\u017ei\u0173 pasirinkim\u0105 tiek kat\u0117ms, tiek \u0161unims. Ateikite, i\u0161bandykite \u012fvairius skonius ir raskite savo m\u0117gstamiausi\u0105!","breadcrumb":{"@id":"https:\/\/miumjau.ee\/lt\/produktas\/dogfest-mazu-veisliu-sunims-antienos-gabaleliai-55-g\/#breadcrumb"},"inLanguage":"lt-LT","potentialAction":[{"@type":"ReadAction","target":["https:\/\/miumjau.ee\/lt\/produktas\/dogfest-mazu-veisliu-sunims-antienos-gabaleliai-55-g\/"]}]},{"@type":"ImageObject","inLanguage":"lt-LT","@id":"https:\/\/miumjau.ee\/lt\/produktas\/dogfest-mazu-veisliu-sunims-antienos-gabaleliai-55-g\/#primaryimage","url":"https:\/\/miumjau.ee\/wp-content\/uploads\/2025\/04\/dofest-maiused-koertele78.webp","contentUrl":"https:\/\/miumjau.ee\/wp-content\/uploads\/2025\/04\/dofest-maiused-koertele78.webp","width":600,"height":800},{"@type":"BreadcrumbList","@id":"https:\/\/miumjau.ee\/lt\/produktas\/dogfest-mazu-veisliu-sunims-antienos-gabaleliai-55-g\/#breadcrumb","itemListElement":[{"@type":"ListItem","position":1,"name":"Home","item":"https:\/\/miumjau.ee\/lt\/"},{"@type":"ListItem","position":2,"name":"Parduotuv\u0117","item":"https:\/\/miumjau.ee\/lt\/parduotuve\/"},{"@type":"ListItem","position":3,"name":"DogFest ma\u017e\u0173 veisli\u0173 \u0161unims \u2013 antienos gabal\u0117liai, 55\u202fg"}]},{"@type":"WebSite","@id":"https:\/\/miumjau.ee\/#website","url":"https:\/\/miumjau.ee\/","name":"MiuMjau","description":"Kraapimispuud kassidele","publisher":{"@id":"https:\/\/miumjau.ee\/#organization"},"potentialAction":[{"@type":"SearchAction","target":{"@type":"EntryPoint","urlTemplate":"https:\/\/miumjau.ee\/?s={search_term_string}"},"query-input":{"@type":"PropertyValueSpecification","valueRequired":true,"valueName":"search_term_string"}}],"inLanguage":"lt-LT"},{"@type":"Organization","@id":"https:\/\/miumjau.ee\/#organization","name":"MiuMjau O\u00dc","url":"https:\/\/miumjau.ee\/","logo":{"@type":"ImageObject","inLanguage":"lt-LT","@id":"https:\/\/miumjau.ee\/#\/schema\/logo\/image\/","url":"https:\/\/miumjau.ee\/wp-content\/uploads\/2022\/04\/MiuMjau-logo-kollane.png","contentUrl":"https:\/\/miumjau.ee\/wp-content\/uploads\/2022\/04\/MiuMjau-logo-kollane.png","width":219,"height":100,"caption":"MiuMjau O\u00dc"},"image":{"@id":"https:\/\/miumjau.ee\/#\/schema\/logo\/image\/"},"sameAs":["https:\/\/www.facebook.com\/miumjaupood\/"]}]}},"_links":{"self":[{"href":"https:\/\/miumjau.ee\/lt\/wp-json\/wp\/v2\/product\/50236","targetHints":{"allow":["GET"]}}],"collection":[{"href":"https:\/\/miumjau.ee\/lt\/wp-json\/wp\/v2\/product"}],"about":[{"href":"https:\/\/miumjau.ee\/lt\/wp-json\/wp\/v2\/types\/product"}],"wp:featuredmedia":[{"embeddable":true,"href":"https:\/\/miumjau.ee\/lt\/wp-json\/wp\/v2\/media\/50237"}],"wp:attachment":[{"href":"https:\/\/miumjau.ee\/lt\/wp-json\/wp\/v2\/media?parent=50236"}],"wp:term":[{"taxonomy":"product_brand","embeddable":true,"href":"https:\/\/miumjau.ee\/lt\/wp-json\/wp\/v2\/product_brand?post=50236"},{"taxonomy":"product_cat","embeddable":true,"href":"https:\/\/miumjau.ee\/lt\/wp-json\/wp\/v2\/product_cat?post=50236"},{"taxonomy":"product_tag","embeddable":true,"href":"https:\/\/miumjau.ee\/lt\/wp-json\/wp\/v2\/product_tag?post=50236"}],"curies":[{"name":"wp","href":"https:\/\/api.w.org\/{rel}","templated":true}]}}