{"id":50222,"date":"2025-04-22T13:34:53","date_gmt":"2025-04-22T10:34:53","guid":{"rendered":"https:\/\/miumjau.ee\/toode\/dogfest-trusu-ausys-su-vistienos-idaru-visu-veisliu-sunims-90-g\/"},"modified":"2026-01-07T20:41:57","modified_gmt":"2026-01-07T18:41:57","slug":"dogfest-trusu-ausys-su-vistienos-idaru-visu-veisliu-sunims-90-g","status":"publish","type":"product","link":"https:\/\/miumjau.ee\/lt\/produktas\/dogfest-trusu-ausys-su-vistienos-idaru-visu-veisliu-sunims-90-g\/","title":{"rendered":"DogFest tru\u0161u ausys su vi\u0161tienos \u012fdaru vis\u0173 veisli\u0173 \u0161unims 90\u202fg"},"content":{"rendered":"","protected":false},"excerpt":{"rendered":"<p>\u0160ie triu\u0161io ausyt\u0117s su \u0161velnia vi\u0161tiena \u2013 unikalus skan\u0117stas \u0161uniukams. J\u016bs\u0173 \u0161uo gali m\u0117gautis tiesiai i\u0161 gamintojo gauta vi\u0161tiena ir smagiai leisti laik\u0105 kramtant \u0161velnias ausyt\u0117s.<\/p>\n<p><strong>Sud\u0117tis:<\/strong> triu\u0161io ausyt\u0117s 41,7\u202f%, vi\u0161tienos m\u0117sa 44,3\u202f%, augalin\u0117s kilm\u0117s \u0161alutiniai produktai, mineralai.<br \/>\n<strong>Analitiniai komponentai:<\/strong> \u017eali baltymai 35\u202f%, riebalai 3\u202f%, \u017eali pluo\u0161tai 0,2\u202f%, \u017eali pelenai 4,5\u202f%, dr\u0117gm\u0117 18\u202f%.<\/p>\n<p><strong>Naudojimas:<\/strong> Patiekite kaip skan\u0117st\u0105 dienos metu. Maksimali paros norma: 1\u20132 vnt. Kiek\u012f galima reguliuoti pagal \u0161uns poreikius ir b\u016bkl\u0119. Visada turi b\u016bti \u0161vie\u017eio vandens. Neleiskite \u0161uniui likti be prie\u017ei\u016bros kramtant ar su atidarytu pakuot\u0117s skan\u0117stu. Pakuot\u0117je esantis deguonies sugeriklis n\u0117ra valgomas. Laikyti sausoje ir v\u0117sioje vietoje; atidarius laikyti \u0161aldytuve.<\/p>\n","protected":false},"featured_media":50223,"template":"","meta":[],"product_brand":[],"product_cat":[540],"product_tag":[],"class_list":{"0":"post-50222","1":"product","2":"type-product","3":"status-publish","4":"has-post-thumbnail","6":"product_cat-skanestai-sunims","8":"first","9":"instock","10":"taxable","11":"shipping-taxable","12":"purchasable","13":"product-type-simple"},"yoast_head":"<!-- This site is optimized with the Yoast SEO plugin v27.2 - https:\/\/yoast.com\/product\/yoast-seo-wordpress\/ -->\n<title>DogFest tru\u0161u ausys su vi\u0161tienos \u012fdaru vis\u0173 veisli\u0173 \u0161unims 90\u202fg - MiuMjau<\/title>\n<meta name=\"description\" content=\"Dogfest skan\u0117stai suteiks j\u016bs\u0173 augintiniui daug d\u017eiaugsmo! Platus \u012fvairi\u0173 r\u016b\u0161i\u0173 skan\u0117st\u0173 pasirinkimas, kad kiekvienas \u0161uo rast\u0173 savo m\u0117gstamiausi\u0105! Kuris jam patikt\u0173?\" \/>\n<meta name=\"robots\" content=\"index, follow, max-snippet:-1, max-image-preview:large, max-video-preview:-1\" \/>\n<link rel=\"canonical\" href=\"https:\/\/miumjau.ee\/lt\/produktas\/dogfest-trusu-ausys-su-vistienos-idaru-visu-veisliu-sunims-90-g\/\" \/>\n<meta property=\"og:locale\" content=\"lt_LT\" \/>\n<meta property=\"og:type\" content=\"article\" \/>\n<meta property=\"og:title\" content=\"DogFest tru\u0161u ausys su vi\u0161tienos \u012fdaru vis\u0173 veisli\u0173 \u0161unims 90\u202fg - MiuMjau\" \/>\n<meta property=\"og:description\" content=\"Dogfest skan\u0117stai suteiks j\u016bs\u0173 augintiniui daug d\u017eiaugsmo! Platus \u012fvairi\u0173 r\u016b\u0161i\u0173 skan\u0117st\u0173 pasirinkimas, kad kiekvienas \u0161uo rast\u0173 savo m\u0117gstamiausi\u0105! Kuris jam patikt\u0173?\" \/>\n<meta property=\"og:url\" content=\"https:\/\/miumjau.ee\/lt\/produktas\/dogfest-trusu-ausys-su-vistienos-idaru-visu-veisliu-sunims-90-g\/\" \/>\n<meta property=\"og:site_name\" content=\"MiuMjau\" \/>\n<meta property=\"article:publisher\" content=\"https:\/\/www.facebook.com\/miumjaupood\/\" \/>\n<meta property=\"article:modified_time\" content=\"2026-01-07T18:41:57+00:00\" \/>\n<meta property=\"og:image\" content=\"https:\/\/miumjau.ee\/wp-content\/uploads\/2025\/04\/dofest-maiused-koertele84.webp\" \/>\n\t<meta property=\"og:image:width\" content=\"600\" \/>\n\t<meta property=\"og:image:height\" content=\"800\" \/>\n\t<meta property=\"og:image:type\" content=\"image\/webp\" \/>\n<meta name=\"twitter:card\" content=\"summary_large_image\" \/>\n<script type=\"application\/ld+json\" class=\"yoast-schema-graph\">{\"@context\":\"https:\/\/schema.org\",\"@graph\":[{\"@type\":\"WebPage\",\"@id\":\"https:\/\/miumjau.ee\/lt\/produktas\/dogfest-trusu-ausys-su-vistienos-idaru-visu-veisliu-sunims-90-g\/\",\"url\":\"https:\/\/miumjau.ee\/lt\/produktas\/dogfest-trusu-ausys-su-vistienos-idaru-visu-veisliu-sunims-90-g\/\",\"name\":\"DogFest tru\u0161u ausys su vi\u0161tienos \u012fdaru vis\u0173 veisli\u0173 \u0161unims 90\u202fg - MiuMjau\",\"isPartOf\":{\"@id\":\"https:\/\/miumjau.ee\/#website\"},\"primaryImageOfPage\":{\"@id\":\"https:\/\/miumjau.ee\/lt\/produktas\/dogfest-trusu-ausys-su-vistienos-idaru-visu-veisliu-sunims-90-g\/#primaryimage\"},\"image\":{\"@id\":\"https:\/\/miumjau.ee\/lt\/produktas\/dogfest-trusu-ausys-su-vistienos-idaru-visu-veisliu-sunims-90-g\/#primaryimage\"},\"thumbnailUrl\":\"https:\/\/miumjau.ee\/wp-content\/uploads\/2025\/04\/dofest-maiused-koertele84.webp\",\"datePublished\":\"2025-04-22T10:34:53+00:00\",\"dateModified\":\"2026-01-07T18:41:57+00:00\",\"description\":\"Dogfest skan\u0117stai suteiks j\u016bs\u0173 augintiniui daug d\u017eiaugsmo! Platus \u012fvairi\u0173 r\u016b\u0161i\u0173 skan\u0117st\u0173 pasirinkimas, kad kiekvienas \u0161uo rast\u0173 savo m\u0117gstamiausi\u0105! Kuris jam patikt\u0173?\",\"breadcrumb\":{\"@id\":\"https:\/\/miumjau.ee\/lt\/produktas\/dogfest-trusu-ausys-su-vistienos-idaru-visu-veisliu-sunims-90-g\/#breadcrumb\"},\"inLanguage\":\"lt-LT\",\"potentialAction\":[{\"@type\":\"ReadAction\",\"target\":[\"https:\/\/miumjau.ee\/lt\/produktas\/dogfest-trusu-ausys-su-vistienos-idaru-visu-veisliu-sunims-90-g\/\"]}]},{\"@type\":\"ImageObject\",\"inLanguage\":\"lt-LT\",\"@id\":\"https:\/\/miumjau.ee\/lt\/produktas\/dogfest-trusu-ausys-su-vistienos-idaru-visu-veisliu-sunims-90-g\/#primaryimage\",\"url\":\"https:\/\/miumjau.ee\/wp-content\/uploads\/2025\/04\/dofest-maiused-koertele84.webp\",\"contentUrl\":\"https:\/\/miumjau.ee\/wp-content\/uploads\/2025\/04\/dofest-maiused-koertele84.webp\",\"width\":600,\"height\":800},{\"@type\":\"BreadcrumbList\",\"@id\":\"https:\/\/miumjau.ee\/lt\/produktas\/dogfest-trusu-ausys-su-vistienos-idaru-visu-veisliu-sunims-90-g\/#breadcrumb\",\"itemListElement\":[{\"@type\":\"ListItem\",\"position\":1,\"name\":\"Home\",\"item\":\"https:\/\/miumjau.ee\/lt\/\"},{\"@type\":\"ListItem\",\"position\":2,\"name\":\"Parduotuv\u0117\",\"item\":\"https:\/\/miumjau.ee\/lt\/parduotuve\/\"},{\"@type\":\"ListItem\",\"position\":3,\"name\":\"DogFest tru\u0161u ausys su vi\u0161tienos \u012fdaru vis\u0173 veisli\u0173 \u0161unims 90\u202fg\"}]},{\"@type\":\"WebSite\",\"@id\":\"https:\/\/miumjau.ee\/#website\",\"url\":\"https:\/\/miumjau.ee\/\",\"name\":\"MiuMjau\",\"description\":\"Kraapimispuud kassidele\",\"publisher\":{\"@id\":\"https:\/\/miumjau.ee\/#organization\"},\"potentialAction\":[{\"@type\":\"SearchAction\",\"target\":{\"@type\":\"EntryPoint\",\"urlTemplate\":\"https:\/\/miumjau.ee\/?s={search_term_string}\"},\"query-input\":{\"@type\":\"PropertyValueSpecification\",\"valueRequired\":true,\"valueName\":\"search_term_string\"}}],\"inLanguage\":\"lt-LT\"},{\"@type\":\"Organization\",\"@id\":\"https:\/\/miumjau.ee\/#organization\",\"name\":\"MiuMjau O\u00dc\",\"url\":\"https:\/\/miumjau.ee\/\",\"logo\":{\"@type\":\"ImageObject\",\"inLanguage\":\"lt-LT\",\"@id\":\"https:\/\/miumjau.ee\/#\/schema\/logo\/image\/\",\"url\":\"https:\/\/miumjau.ee\/wp-content\/uploads\/2022\/04\/MiuMjau-logo-kollane.png\",\"contentUrl\":\"https:\/\/miumjau.ee\/wp-content\/uploads\/2022\/04\/MiuMjau-logo-kollane.png\",\"width\":219,\"height\":100,\"caption\":\"MiuMjau O\u00dc\"},\"image\":{\"@id\":\"https:\/\/miumjau.ee\/#\/schema\/logo\/image\/\"},\"sameAs\":[\"https:\/\/www.facebook.com\/miumjaupood\/\"]}]}<\/script>\n<!-- \/ Yoast SEO plugin. -->","yoast_head_json":{"title":"DogFest tru\u0161u ausys su vi\u0161tienos \u012fdaru vis\u0173 veisli\u0173 \u0161unims 90\u202fg - MiuMjau","description":"Dogfest skan\u0117stai suteiks j\u016bs\u0173 augintiniui daug d\u017eiaugsmo! Platus \u012fvairi\u0173 r\u016b\u0161i\u0173 skan\u0117st\u0173 pasirinkimas, kad kiekvienas \u0161uo rast\u0173 savo m\u0117gstamiausi\u0105! Kuris jam patikt\u0173?","robots":{"index":"index","follow":"follow","max-snippet":"max-snippet:-1","max-image-preview":"max-image-preview:large","max-video-preview":"max-video-preview:-1"},"canonical":"https:\/\/miumjau.ee\/lt\/produktas\/dogfest-trusu-ausys-su-vistienos-idaru-visu-veisliu-sunims-90-g\/","og_locale":"lt_LT","og_type":"article","og_title":"DogFest tru\u0161u ausys su vi\u0161tienos \u012fdaru vis\u0173 veisli\u0173 \u0161unims 90\u202fg - MiuMjau","og_description":"Dogfest skan\u0117stai suteiks j\u016bs\u0173 augintiniui daug d\u017eiaugsmo! Platus \u012fvairi\u0173 r\u016b\u0161i\u0173 skan\u0117st\u0173 pasirinkimas, kad kiekvienas \u0161uo rast\u0173 savo m\u0117gstamiausi\u0105! Kuris jam patikt\u0173?","og_url":"https:\/\/miumjau.ee\/lt\/produktas\/dogfest-trusu-ausys-su-vistienos-idaru-visu-veisliu-sunims-90-g\/","og_site_name":"MiuMjau","article_publisher":"https:\/\/www.facebook.com\/miumjaupood\/","article_modified_time":"2026-01-07T18:41:57+00:00","og_image":[{"width":600,"height":800,"url":"https:\/\/miumjau.ee\/wp-content\/uploads\/2025\/04\/dofest-maiused-koertele84.webp","type":"image\/webp"}],"twitter_card":"summary_large_image","schema":{"@context":"https:\/\/schema.org","@graph":[{"@type":"WebPage","@id":"https:\/\/miumjau.ee\/lt\/produktas\/dogfest-trusu-ausys-su-vistienos-idaru-visu-veisliu-sunims-90-g\/","url":"https:\/\/miumjau.ee\/lt\/produktas\/dogfest-trusu-ausys-su-vistienos-idaru-visu-veisliu-sunims-90-g\/","name":"DogFest tru\u0161u ausys su vi\u0161tienos \u012fdaru vis\u0173 veisli\u0173 \u0161unims 90\u202fg - MiuMjau","isPartOf":{"@id":"https:\/\/miumjau.ee\/#website"},"primaryImageOfPage":{"@id":"https:\/\/miumjau.ee\/lt\/produktas\/dogfest-trusu-ausys-su-vistienos-idaru-visu-veisliu-sunims-90-g\/#primaryimage"},"image":{"@id":"https:\/\/miumjau.ee\/lt\/produktas\/dogfest-trusu-ausys-su-vistienos-idaru-visu-veisliu-sunims-90-g\/#primaryimage"},"thumbnailUrl":"https:\/\/miumjau.ee\/wp-content\/uploads\/2025\/04\/dofest-maiused-koertele84.webp","datePublished":"2025-04-22T10:34:53+00:00","dateModified":"2026-01-07T18:41:57+00:00","description":"Dogfest skan\u0117stai suteiks j\u016bs\u0173 augintiniui daug d\u017eiaugsmo! Platus \u012fvairi\u0173 r\u016b\u0161i\u0173 skan\u0117st\u0173 pasirinkimas, kad kiekvienas \u0161uo rast\u0173 savo m\u0117gstamiausi\u0105! Kuris jam patikt\u0173?","breadcrumb":{"@id":"https:\/\/miumjau.ee\/lt\/produktas\/dogfest-trusu-ausys-su-vistienos-idaru-visu-veisliu-sunims-90-g\/#breadcrumb"},"inLanguage":"lt-LT","potentialAction":[{"@type":"ReadAction","target":["https:\/\/miumjau.ee\/lt\/produktas\/dogfest-trusu-ausys-su-vistienos-idaru-visu-veisliu-sunims-90-g\/"]}]},{"@type":"ImageObject","inLanguage":"lt-LT","@id":"https:\/\/miumjau.ee\/lt\/produktas\/dogfest-trusu-ausys-su-vistienos-idaru-visu-veisliu-sunims-90-g\/#primaryimage","url":"https:\/\/miumjau.ee\/wp-content\/uploads\/2025\/04\/dofest-maiused-koertele84.webp","contentUrl":"https:\/\/miumjau.ee\/wp-content\/uploads\/2025\/04\/dofest-maiused-koertele84.webp","width":600,"height":800},{"@type":"BreadcrumbList","@id":"https:\/\/miumjau.ee\/lt\/produktas\/dogfest-trusu-ausys-su-vistienos-idaru-visu-veisliu-sunims-90-g\/#breadcrumb","itemListElement":[{"@type":"ListItem","position":1,"name":"Home","item":"https:\/\/miumjau.ee\/lt\/"},{"@type":"ListItem","position":2,"name":"Parduotuv\u0117","item":"https:\/\/miumjau.ee\/lt\/parduotuve\/"},{"@type":"ListItem","position":3,"name":"DogFest tru\u0161u ausys su vi\u0161tienos \u012fdaru vis\u0173 veisli\u0173 \u0161unims 90\u202fg"}]},{"@type":"WebSite","@id":"https:\/\/miumjau.ee\/#website","url":"https:\/\/miumjau.ee\/","name":"MiuMjau","description":"Kraapimispuud kassidele","publisher":{"@id":"https:\/\/miumjau.ee\/#organization"},"potentialAction":[{"@type":"SearchAction","target":{"@type":"EntryPoint","urlTemplate":"https:\/\/miumjau.ee\/?s={search_term_string}"},"query-input":{"@type":"PropertyValueSpecification","valueRequired":true,"valueName":"search_term_string"}}],"inLanguage":"lt-LT"},{"@type":"Organization","@id":"https:\/\/miumjau.ee\/#organization","name":"MiuMjau O\u00dc","url":"https:\/\/miumjau.ee\/","logo":{"@type":"ImageObject","inLanguage":"lt-LT","@id":"https:\/\/miumjau.ee\/#\/schema\/logo\/image\/","url":"https:\/\/miumjau.ee\/wp-content\/uploads\/2022\/04\/MiuMjau-logo-kollane.png","contentUrl":"https:\/\/miumjau.ee\/wp-content\/uploads\/2022\/04\/MiuMjau-logo-kollane.png","width":219,"height":100,"caption":"MiuMjau O\u00dc"},"image":{"@id":"https:\/\/miumjau.ee\/#\/schema\/logo\/image\/"},"sameAs":["https:\/\/www.facebook.com\/miumjaupood\/"]}]}},"_links":{"self":[{"href":"https:\/\/miumjau.ee\/lt\/wp-json\/wp\/v2\/product\/50222","targetHints":{"allow":["GET"]}}],"collection":[{"href":"https:\/\/miumjau.ee\/lt\/wp-json\/wp\/v2\/product"}],"about":[{"href":"https:\/\/miumjau.ee\/lt\/wp-json\/wp\/v2\/types\/product"}],"wp:featuredmedia":[{"embeddable":true,"href":"https:\/\/miumjau.ee\/lt\/wp-json\/wp\/v2\/media\/50223"}],"wp:attachment":[{"href":"https:\/\/miumjau.ee\/lt\/wp-json\/wp\/v2\/media?parent=50222"}],"wp:term":[{"taxonomy":"product_brand","embeddable":true,"href":"https:\/\/miumjau.ee\/lt\/wp-json\/wp\/v2\/product_brand?post=50222"},{"taxonomy":"product_cat","embeddable":true,"href":"https:\/\/miumjau.ee\/lt\/wp-json\/wp\/v2\/product_cat?post=50222"},{"taxonomy":"product_tag","embeddable":true,"href":"https:\/\/miumjau.ee\/lt\/wp-json\/wp\/v2\/product_tag?post=50222"}],"curies":[{"name":"wp","href":"https:\/\/api.w.org\/{rel}","templated":true}]}}