{"id":50220,"date":"2025-04-22T13:35:05","date_gmt":"2025-04-22T10:35:05","guid":{"rendered":"https:\/\/miumjau.ee\/toode\/dogfest-maigas-liellopu-galas-desinas-ar-govs-pieninu-kuceniem-45-g\/"},"modified":"2026-01-07T20:41:57","modified_gmt":"2026-01-07T18:41:57","slug":"dogfest-maigas-liellopu-galas-desinas-ar-govs-pieninu-kuceniem-45-g","status":"publish","type":"product","link":"https:\/\/miumjau.ee\/lt\/produktas\/dogfest-maigas-liellopu-galas-desinas-ar-govs-pieninu-kuceniem-45-g\/","title":{"rendered":"DogFest maig\u0101s liellopu ga\u013cas desi\u0146as ar govs pieni\u0146u kuc\u0113niem 45\u202fg"},"content":{"rendered":"","protected":false},"excerpt":{"rendered":"<p>Mes \u012f visus savo \u0161uniukams skirtus skan\u0117stus \u012fdedame kolostrumo (naujagimi\u0173 pieno), kuris yra \u017einomas d\u0117l savo sveikatai nauding\u0173 savybi\u0173 \u2013 jame gausu vitamin\u0173, reikaling\u0173 \u0161uniuko stipriam imunitetui ir normaliai raidai.<\/p>\n<p><strong>Sud\u0117tis:<\/strong> antienos m\u0117sa 59,8\u202f%, ver\u0161ienos m\u0117sa 24\u202f%, karv\u0117s kolostrumas 2\u202f%, augalin\u0117s kilm\u0117s \u0161alutiniai produktai, mineralai.<br \/>\n<strong>Analitiniai komponentai:<\/strong> \u017eali baltymai 40\u202f%, riebalai 4\u202f%, \u017eali pluo\u0161tai 3\u202f%, \u017eali pelenai 8\u202f%, dr\u0117gm\u0117 23\u202f%.<\/p>\n<p><strong>Naudojimas:<\/strong> Patiekite kaip skan\u0117st\u0105 dienos metu. Maksimali paros norma: 1\u20132 vnt. Kiek\u012f galima reguliuoti pagal \u0161uns poreikius ir b\u016bkl\u0119. Visada turi b\u016bti \u0161vie\u017eio vandens. Neleiskite \u0161uniui likti be prie\u017ei\u016bros kramtant ar su atidarytu pakuot\u0117s skan\u0117stu. Pakuot\u0117je esantis deguonies sugeriklis n\u0117ra valgomas. Laikyti sausoje ir v\u0117sioje vietoje; atidarius laikyti \u0161aldytuve.<\/p>\n","protected":false},"featured_media":50221,"template":"","meta":[],"product_brand":[],"product_cat":[540],"product_tag":[],"class_list":{"0":"post-50220","1":"product","2":"type-product","3":"status-publish","4":"has-post-thumbnail","6":"product_cat-skanestai-sunims","8":"first","9":"instock","10":"taxable","11":"shipping-taxable","12":"purchasable","13":"product-type-simple"},"yoast_head":"<!-- This site is optimized with the Yoast SEO plugin v27.2 - https:\/\/yoast.com\/product\/yoast-seo-wordpress\/ -->\n<title>DogFest maig\u0101s liellopu ga\u013cas desi\u0146as ar govs pieni\u0146u kuc\u0113niem 45\u202fg - MiuMjau<\/title>\n<meta name=\"description\" content=\"Dogfest prek\u0117s \u017eenklas si\u016blo plat\u0173 gard\u017ei\u0173 u\u017ekand\u017ei\u0173 asortiment\u0105 tiek kat\u0117ms, tiek \u0161unims. I\u0161bandykite skirtingus ir raskite savo m\u0117gstamiausi\u0105!\" \/>\n<meta name=\"robots\" content=\"index, follow, max-snippet:-1, max-image-preview:large, max-video-preview:-1\" \/>\n<link rel=\"canonical\" href=\"https:\/\/miumjau.ee\/lt\/produktas\/dogfest-maigas-liellopu-galas-desinas-ar-govs-pieninu-kuceniem-45-g\/\" \/>\n<meta property=\"og:locale\" content=\"lt_LT\" \/>\n<meta property=\"og:type\" content=\"article\" \/>\n<meta property=\"og:title\" content=\"DogFest maig\u0101s liellopu ga\u013cas desi\u0146as ar govs pieni\u0146u kuc\u0113niem 45\u202fg - MiuMjau\" \/>\n<meta property=\"og:description\" content=\"Dogfest prek\u0117s \u017eenklas si\u016blo plat\u0173 gard\u017ei\u0173 u\u017ekand\u017ei\u0173 asortiment\u0105 tiek kat\u0117ms, tiek \u0161unims. I\u0161bandykite skirtingus ir raskite savo m\u0117gstamiausi\u0105!\" \/>\n<meta property=\"og:url\" content=\"https:\/\/miumjau.ee\/lt\/produktas\/dogfest-maigas-liellopu-galas-desinas-ar-govs-pieninu-kuceniem-45-g\/\" \/>\n<meta property=\"og:site_name\" content=\"MiuMjau\" \/>\n<meta property=\"article:publisher\" content=\"https:\/\/www.facebook.com\/miumjaupood\/\" \/>\n<meta property=\"article:modified_time\" content=\"2026-01-07T18:41:57+00:00\" \/>\n<meta property=\"og:image\" content=\"https:\/\/miumjau.ee\/wp-content\/uploads\/2025\/04\/dofest-maiused-koertele43.webp\" \/>\n\t<meta property=\"og:image:width\" content=\"600\" \/>\n\t<meta property=\"og:image:height\" content=\"800\" \/>\n\t<meta property=\"og:image:type\" content=\"image\/webp\" \/>\n<meta name=\"twitter:card\" content=\"summary_large_image\" \/>\n<script type=\"application\/ld+json\" class=\"yoast-schema-graph\">{\"@context\":\"https:\/\/schema.org\",\"@graph\":[{\"@type\":\"WebPage\",\"@id\":\"https:\/\/miumjau.ee\/lt\/produktas\/dogfest-maigas-liellopu-galas-desinas-ar-govs-pieninu-kuceniem-45-g\/\",\"url\":\"https:\/\/miumjau.ee\/lt\/produktas\/dogfest-maigas-liellopu-galas-desinas-ar-govs-pieninu-kuceniem-45-g\/\",\"name\":\"DogFest maig\u0101s liellopu ga\u013cas desi\u0146as ar govs pieni\u0146u kuc\u0113niem 45\u202fg - MiuMjau\",\"isPartOf\":{\"@id\":\"https:\/\/miumjau.ee\/#website\"},\"primaryImageOfPage\":{\"@id\":\"https:\/\/miumjau.ee\/lt\/produktas\/dogfest-maigas-liellopu-galas-desinas-ar-govs-pieninu-kuceniem-45-g\/#primaryimage\"},\"image\":{\"@id\":\"https:\/\/miumjau.ee\/lt\/produktas\/dogfest-maigas-liellopu-galas-desinas-ar-govs-pieninu-kuceniem-45-g\/#primaryimage\"},\"thumbnailUrl\":\"https:\/\/miumjau.ee\/wp-content\/uploads\/2025\/04\/dofest-maiused-koertele43.webp\",\"datePublished\":\"2025-04-22T10:35:05+00:00\",\"dateModified\":\"2026-01-07T18:41:57+00:00\",\"description\":\"Dogfest prek\u0117s \u017eenklas si\u016blo plat\u0173 gard\u017ei\u0173 u\u017ekand\u017ei\u0173 asortiment\u0105 tiek kat\u0117ms, tiek \u0161unims. I\u0161bandykite skirtingus ir raskite savo m\u0117gstamiausi\u0105!\",\"breadcrumb\":{\"@id\":\"https:\/\/miumjau.ee\/lt\/produktas\/dogfest-maigas-liellopu-galas-desinas-ar-govs-pieninu-kuceniem-45-g\/#breadcrumb\"},\"inLanguage\":\"lt-LT\",\"potentialAction\":[{\"@type\":\"ReadAction\",\"target\":[\"https:\/\/miumjau.ee\/lt\/produktas\/dogfest-maigas-liellopu-galas-desinas-ar-govs-pieninu-kuceniem-45-g\/\"]}]},{\"@type\":\"ImageObject\",\"inLanguage\":\"lt-LT\",\"@id\":\"https:\/\/miumjau.ee\/lt\/produktas\/dogfest-maigas-liellopu-galas-desinas-ar-govs-pieninu-kuceniem-45-g\/#primaryimage\",\"url\":\"https:\/\/miumjau.ee\/wp-content\/uploads\/2025\/04\/dofest-maiused-koertele43.webp\",\"contentUrl\":\"https:\/\/miumjau.ee\/wp-content\/uploads\/2025\/04\/dofest-maiused-koertele43.webp\",\"width\":600,\"height\":800},{\"@type\":\"BreadcrumbList\",\"@id\":\"https:\/\/miumjau.ee\/lt\/produktas\/dogfest-maigas-liellopu-galas-desinas-ar-govs-pieninu-kuceniem-45-g\/#breadcrumb\",\"itemListElement\":[{\"@type\":\"ListItem\",\"position\":1,\"name\":\"Home\",\"item\":\"https:\/\/miumjau.ee\/lt\/\"},{\"@type\":\"ListItem\",\"position\":2,\"name\":\"Parduotuv\u0117\",\"item\":\"https:\/\/miumjau.ee\/lt\/parduotuve\/\"},{\"@type\":\"ListItem\",\"position\":3,\"name\":\"DogFest maig\u0101s liellopu ga\u013cas desi\u0146as ar govs pieni\u0146u kuc\u0113niem 45\u202fg\"}]},{\"@type\":\"WebSite\",\"@id\":\"https:\/\/miumjau.ee\/#website\",\"url\":\"https:\/\/miumjau.ee\/\",\"name\":\"MiuMjau\",\"description\":\"Kraapimispuud kassidele\",\"publisher\":{\"@id\":\"https:\/\/miumjau.ee\/#organization\"},\"potentialAction\":[{\"@type\":\"SearchAction\",\"target\":{\"@type\":\"EntryPoint\",\"urlTemplate\":\"https:\/\/miumjau.ee\/?s={search_term_string}\"},\"query-input\":{\"@type\":\"PropertyValueSpecification\",\"valueRequired\":true,\"valueName\":\"search_term_string\"}}],\"inLanguage\":\"lt-LT\"},{\"@type\":\"Organization\",\"@id\":\"https:\/\/miumjau.ee\/#organization\",\"name\":\"MiuMjau O\u00dc\",\"url\":\"https:\/\/miumjau.ee\/\",\"logo\":{\"@type\":\"ImageObject\",\"inLanguage\":\"lt-LT\",\"@id\":\"https:\/\/miumjau.ee\/#\/schema\/logo\/image\/\",\"url\":\"https:\/\/miumjau.ee\/wp-content\/uploads\/2022\/04\/MiuMjau-logo-kollane.png\",\"contentUrl\":\"https:\/\/miumjau.ee\/wp-content\/uploads\/2022\/04\/MiuMjau-logo-kollane.png\",\"width\":219,\"height\":100,\"caption\":\"MiuMjau O\u00dc\"},\"image\":{\"@id\":\"https:\/\/miumjau.ee\/#\/schema\/logo\/image\/\"},\"sameAs\":[\"https:\/\/www.facebook.com\/miumjaupood\/\"]}]}<\/script>\n<!-- \/ Yoast SEO plugin. -->","yoast_head_json":{"title":"DogFest maig\u0101s liellopu ga\u013cas desi\u0146as ar govs pieni\u0146u kuc\u0113niem 45\u202fg - MiuMjau","description":"Dogfest prek\u0117s \u017eenklas si\u016blo plat\u0173 gard\u017ei\u0173 u\u017ekand\u017ei\u0173 asortiment\u0105 tiek kat\u0117ms, tiek \u0161unims. I\u0161bandykite skirtingus ir raskite savo m\u0117gstamiausi\u0105!","robots":{"index":"index","follow":"follow","max-snippet":"max-snippet:-1","max-image-preview":"max-image-preview:large","max-video-preview":"max-video-preview:-1"},"canonical":"https:\/\/miumjau.ee\/lt\/produktas\/dogfest-maigas-liellopu-galas-desinas-ar-govs-pieninu-kuceniem-45-g\/","og_locale":"lt_LT","og_type":"article","og_title":"DogFest maig\u0101s liellopu ga\u013cas desi\u0146as ar govs pieni\u0146u kuc\u0113niem 45\u202fg - MiuMjau","og_description":"Dogfest prek\u0117s \u017eenklas si\u016blo plat\u0173 gard\u017ei\u0173 u\u017ekand\u017ei\u0173 asortiment\u0105 tiek kat\u0117ms, tiek \u0161unims. I\u0161bandykite skirtingus ir raskite savo m\u0117gstamiausi\u0105!","og_url":"https:\/\/miumjau.ee\/lt\/produktas\/dogfest-maigas-liellopu-galas-desinas-ar-govs-pieninu-kuceniem-45-g\/","og_site_name":"MiuMjau","article_publisher":"https:\/\/www.facebook.com\/miumjaupood\/","article_modified_time":"2026-01-07T18:41:57+00:00","og_image":[{"width":600,"height":800,"url":"https:\/\/miumjau.ee\/wp-content\/uploads\/2025\/04\/dofest-maiused-koertele43.webp","type":"image\/webp"}],"twitter_card":"summary_large_image","schema":{"@context":"https:\/\/schema.org","@graph":[{"@type":"WebPage","@id":"https:\/\/miumjau.ee\/lt\/produktas\/dogfest-maigas-liellopu-galas-desinas-ar-govs-pieninu-kuceniem-45-g\/","url":"https:\/\/miumjau.ee\/lt\/produktas\/dogfest-maigas-liellopu-galas-desinas-ar-govs-pieninu-kuceniem-45-g\/","name":"DogFest maig\u0101s liellopu ga\u013cas desi\u0146as ar govs pieni\u0146u kuc\u0113niem 45\u202fg - MiuMjau","isPartOf":{"@id":"https:\/\/miumjau.ee\/#website"},"primaryImageOfPage":{"@id":"https:\/\/miumjau.ee\/lt\/produktas\/dogfest-maigas-liellopu-galas-desinas-ar-govs-pieninu-kuceniem-45-g\/#primaryimage"},"image":{"@id":"https:\/\/miumjau.ee\/lt\/produktas\/dogfest-maigas-liellopu-galas-desinas-ar-govs-pieninu-kuceniem-45-g\/#primaryimage"},"thumbnailUrl":"https:\/\/miumjau.ee\/wp-content\/uploads\/2025\/04\/dofest-maiused-koertele43.webp","datePublished":"2025-04-22T10:35:05+00:00","dateModified":"2026-01-07T18:41:57+00:00","description":"Dogfest prek\u0117s \u017eenklas si\u016blo plat\u0173 gard\u017ei\u0173 u\u017ekand\u017ei\u0173 asortiment\u0105 tiek kat\u0117ms, tiek \u0161unims. I\u0161bandykite skirtingus ir raskite savo m\u0117gstamiausi\u0105!","breadcrumb":{"@id":"https:\/\/miumjau.ee\/lt\/produktas\/dogfest-maigas-liellopu-galas-desinas-ar-govs-pieninu-kuceniem-45-g\/#breadcrumb"},"inLanguage":"lt-LT","potentialAction":[{"@type":"ReadAction","target":["https:\/\/miumjau.ee\/lt\/produktas\/dogfest-maigas-liellopu-galas-desinas-ar-govs-pieninu-kuceniem-45-g\/"]}]},{"@type":"ImageObject","inLanguage":"lt-LT","@id":"https:\/\/miumjau.ee\/lt\/produktas\/dogfest-maigas-liellopu-galas-desinas-ar-govs-pieninu-kuceniem-45-g\/#primaryimage","url":"https:\/\/miumjau.ee\/wp-content\/uploads\/2025\/04\/dofest-maiused-koertele43.webp","contentUrl":"https:\/\/miumjau.ee\/wp-content\/uploads\/2025\/04\/dofest-maiused-koertele43.webp","width":600,"height":800},{"@type":"BreadcrumbList","@id":"https:\/\/miumjau.ee\/lt\/produktas\/dogfest-maigas-liellopu-galas-desinas-ar-govs-pieninu-kuceniem-45-g\/#breadcrumb","itemListElement":[{"@type":"ListItem","position":1,"name":"Home","item":"https:\/\/miumjau.ee\/lt\/"},{"@type":"ListItem","position":2,"name":"Parduotuv\u0117","item":"https:\/\/miumjau.ee\/lt\/parduotuve\/"},{"@type":"ListItem","position":3,"name":"DogFest maig\u0101s liellopu ga\u013cas desi\u0146as ar govs pieni\u0146u kuc\u0113niem 45\u202fg"}]},{"@type":"WebSite","@id":"https:\/\/miumjau.ee\/#website","url":"https:\/\/miumjau.ee\/","name":"MiuMjau","description":"Kraapimispuud kassidele","publisher":{"@id":"https:\/\/miumjau.ee\/#organization"},"potentialAction":[{"@type":"SearchAction","target":{"@type":"EntryPoint","urlTemplate":"https:\/\/miumjau.ee\/?s={search_term_string}"},"query-input":{"@type":"PropertyValueSpecification","valueRequired":true,"valueName":"search_term_string"}}],"inLanguage":"lt-LT"},{"@type":"Organization","@id":"https:\/\/miumjau.ee\/#organization","name":"MiuMjau O\u00dc","url":"https:\/\/miumjau.ee\/","logo":{"@type":"ImageObject","inLanguage":"lt-LT","@id":"https:\/\/miumjau.ee\/#\/schema\/logo\/image\/","url":"https:\/\/miumjau.ee\/wp-content\/uploads\/2022\/04\/MiuMjau-logo-kollane.png","contentUrl":"https:\/\/miumjau.ee\/wp-content\/uploads\/2022\/04\/MiuMjau-logo-kollane.png","width":219,"height":100,"caption":"MiuMjau O\u00dc"},"image":{"@id":"https:\/\/miumjau.ee\/#\/schema\/logo\/image\/"},"sameAs":["https:\/\/www.facebook.com\/miumjaupood\/"]}]}},"_links":{"self":[{"href":"https:\/\/miumjau.ee\/lt\/wp-json\/wp\/v2\/product\/50220","targetHints":{"allow":["GET"]}}],"collection":[{"href":"https:\/\/miumjau.ee\/lt\/wp-json\/wp\/v2\/product"}],"about":[{"href":"https:\/\/miumjau.ee\/lt\/wp-json\/wp\/v2\/types\/product"}],"wp:featuredmedia":[{"embeddable":true,"href":"https:\/\/miumjau.ee\/lt\/wp-json\/wp\/v2\/media\/50221"}],"wp:attachment":[{"href":"https:\/\/miumjau.ee\/lt\/wp-json\/wp\/v2\/media?parent=50220"}],"wp:term":[{"taxonomy":"product_brand","embeddable":true,"href":"https:\/\/miumjau.ee\/lt\/wp-json\/wp\/v2\/product_brand?post=50220"},{"taxonomy":"product_cat","embeddable":true,"href":"https:\/\/miumjau.ee\/lt\/wp-json\/wp\/v2\/product_cat?post=50220"},{"taxonomy":"product_tag","embeddable":true,"href":"https:\/\/miumjau.ee\/lt\/wp-json\/wp\/v2\/product_tag?post=50220"}],"curies":[{"name":"wp","href":"https:\/\/api.w.org\/{rel}","templated":true}]}}