{"id":50215,"date":"2025-04-22T13:35:05","date_gmt":"2025-04-22T10:35:05","guid":{"rendered":"https:\/\/miumjau.ee\/toode\/catfest-spilventini-ar-vistas-biezeni-kakiem-30-g\/"},"modified":"2026-01-07T20:42:05","modified_gmt":"2026-01-07T18:42:05","slug":"catfest-spilventini-ar-vistas-biezeni-kakiem-30-g","status":"publish","type":"product","link":"https:\/\/miumjau.ee\/lt\/produktas\/catfest-spilventini-ar-vistas-biezeni-kakiem-30-g\/","title":{"rendered":"CatFest spilventi\u0146i ar vistas biezeni ka\u0137iem 30\u202fg"},"content":{"rendered":"","protected":false},"excerpt":{"rendered":"<p>Lieliska kombin\u0101cija \u2014 krauk\u0161\u0137\u012bg\u0101 \u010daula no vistas ga\u013cas un gardais dab\u012bgais biezenis padara \u0161o uzkodu j\u016bsu ka\u0137im \u012bpa\u0161i gardu. Porain\u0101 strukt\u016bra pal\u012bdz uztur\u0113t zobu t\u012br\u012bbu.<\/p>\n<p><strong>Sast\u0101vs:<\/strong> graudaugi, augu olbaltumvielas, vistas ga\u013ca 5%, oke\u0101na garneles, olas dzeltenums, zivju milti, Omega 3\/6 tauksk\u0101bes, aug\u013ci un d\u0101rze\u0146i (gran\u0101t\u0101bola s\u0113klas, me\u017ea dz\u0113rvenes).<br \/>\n<strong>Anal\u012btiskais sast\u0101vs:<\/strong> olbaltumvielas 20%, tauki 15%, \u0161\u0137iedrvielas 2,5%, pelni 4%, mitrums 10%, ener\u0123\u0113tisk\u0101 v\u0113rt\u012bba \u2013 360 kcal.<br \/>\n<strong>Lieto\u0161ana:<\/strong> Pasniedziet dienas laik\u0101 k\u0101 uzkodu. Maksim\u0101lais dienas daudzums: 1\u20132 gabali\u0146i. Daudzumu var piel\u0101got atbilsto\u0161i ka\u0137a vajadz\u012bb\u0101m un st\u0101voklim. Vienm\u0113r nodro\u0161iniet pieejamu svaigu dzeramo \u016bdeni. Nepametiet ka\u0137i nov\u0113rojum\u0101, kad tas ko\u0161\u013c\u0101, vai atst\u0101jiet to vienu ar uzkodu iepakojumu. Iepakojum\u0101 eso\u0161ais sk\u0101bek\u013ca absorbents nav \u0113dams. Uzglab\u0101t saus\u0101 un v\u0113s\u0101 viet\u0101; p\u0113c atv\u0113r\u0161anas uzglab\u0101t ledusskap\u012b.<\/p>\n","protected":false},"featured_media":49991,"template":"","meta":[],"product_brand":[],"product_cat":[527],"product_tag":[],"class_list":{"0":"post-50215","1":"product","2":"type-product","3":"status-publish","4":"has-post-thumbnail","6":"product_cat-skanestai","8":"first","9":"instock","10":"taxable","11":"shipping-taxable","12":"purchasable","13":"product-type-simple"},"yoast_head":"<!-- This site is optimized with the Yoast SEO plugin v27.2 - https:\/\/yoast.com\/product\/yoast-seo-wordpress\/ -->\n<title>CatFest spilventi\u0146i ar vistas biezeni ka\u0137iem 30\u202fg - MiuMjau<\/title>\n<meta name=\"description\" content=\"CatFest z\u012bmols pied\u0101v\u0101 pla\u0161u da\u017e\u0101du k\u0101rumu un kvalitat\u012bvas mitr\u0101s bar\u012bbas kl\u0101stu. N\u0101c un izm\u0113\u0123ini, lai atrastu lab\u0101k\u0101s gar\u0161as! K\u0101da ir tava m\u012b\u013c\u0101k\u0101?\" \/>\n<meta name=\"robots\" content=\"index, follow, max-snippet:-1, max-image-preview:large, max-video-preview:-1\" \/>\n<link rel=\"canonical\" href=\"https:\/\/miumjau.ee\/lt\/produktas\/catfest-spilventini-ar-vistas-biezeni-kakiem-30-g\/\" \/>\n<meta property=\"og:locale\" content=\"lt_LT\" \/>\n<meta property=\"og:type\" content=\"article\" \/>\n<meta property=\"og:title\" content=\"CatFest spilventi\u0146i ar vistas biezeni ka\u0137iem 30\u202fg - MiuMjau\" \/>\n<meta property=\"og:description\" content=\"CatFest z\u012bmols pied\u0101v\u0101 pla\u0161u da\u017e\u0101du k\u0101rumu un kvalitat\u012bvas mitr\u0101s bar\u012bbas kl\u0101stu. N\u0101c un izm\u0113\u0123ini, lai atrastu lab\u0101k\u0101s gar\u0161as! K\u0101da ir tava m\u012b\u013c\u0101k\u0101?\" \/>\n<meta property=\"og:url\" content=\"https:\/\/miumjau.ee\/lt\/produktas\/catfest-spilventini-ar-vistas-biezeni-kakiem-30-g\/\" \/>\n<meta property=\"og:site_name\" content=\"MiuMjau\" \/>\n<meta property=\"article:publisher\" content=\"https:\/\/www.facebook.com\/miumjaupood\/\" \/>\n<meta property=\"article:modified_time\" content=\"2026-01-07T18:42:05+00:00\" \/>\n<meta property=\"og:image\" content=\"https:\/\/miumjau.ee\/wp-content\/uploads\/2025\/04\/catfest-kassimaiused9.webp\" \/>\n\t<meta property=\"og:image:width\" content=\"600\" \/>\n\t<meta property=\"og:image:height\" content=\"800\" \/>\n\t<meta property=\"og:image:type\" content=\"image\/webp\" \/>\n<meta name=\"twitter:card\" content=\"summary_large_image\" \/>\n<script type=\"application\/ld+json\" class=\"yoast-schema-graph\">{\"@context\":\"https:\/\/schema.org\",\"@graph\":[{\"@type\":\"WebPage\",\"@id\":\"https:\/\/miumjau.ee\/lt\/produktas\/catfest-spilventini-ar-vistas-biezeni-kakiem-30-g\/\",\"url\":\"https:\/\/miumjau.ee\/lt\/produktas\/catfest-spilventini-ar-vistas-biezeni-kakiem-30-g\/\",\"name\":\"CatFest spilventi\u0146i ar vistas biezeni ka\u0137iem 30\u202fg - MiuMjau\",\"isPartOf\":{\"@id\":\"https:\/\/miumjau.ee\/#website\"},\"primaryImageOfPage\":{\"@id\":\"https:\/\/miumjau.ee\/lt\/produktas\/catfest-spilventini-ar-vistas-biezeni-kakiem-30-g\/#primaryimage\"},\"image\":{\"@id\":\"https:\/\/miumjau.ee\/lt\/produktas\/catfest-spilventini-ar-vistas-biezeni-kakiem-30-g\/#primaryimage\"},\"thumbnailUrl\":\"https:\/\/miumjau.ee\/wp-content\/uploads\/2025\/04\/catfest-kassimaiused9.webp\",\"datePublished\":\"2025-04-22T10:35:05+00:00\",\"dateModified\":\"2026-01-07T18:42:05+00:00\",\"description\":\"CatFest z\u012bmols pied\u0101v\u0101 pla\u0161u da\u017e\u0101du k\u0101rumu un kvalitat\u012bvas mitr\u0101s bar\u012bbas kl\u0101stu. N\u0101c un izm\u0113\u0123ini, lai atrastu lab\u0101k\u0101s gar\u0161as! K\u0101da ir tava m\u012b\u013c\u0101k\u0101?\",\"breadcrumb\":{\"@id\":\"https:\/\/miumjau.ee\/lt\/produktas\/catfest-spilventini-ar-vistas-biezeni-kakiem-30-g\/#breadcrumb\"},\"inLanguage\":\"lt-LT\",\"potentialAction\":[{\"@type\":\"ReadAction\",\"target\":[\"https:\/\/miumjau.ee\/lt\/produktas\/catfest-spilventini-ar-vistas-biezeni-kakiem-30-g\/\"]}]},{\"@type\":\"ImageObject\",\"inLanguage\":\"lt-LT\",\"@id\":\"https:\/\/miumjau.ee\/lt\/produktas\/catfest-spilventini-ar-vistas-biezeni-kakiem-30-g\/#primaryimage\",\"url\":\"https:\/\/miumjau.ee\/wp-content\/uploads\/2025\/04\/catfest-kassimaiused9.webp\",\"contentUrl\":\"https:\/\/miumjau.ee\/wp-content\/uploads\/2025\/04\/catfest-kassimaiused9.webp\",\"width\":600,\"height\":800,\"caption\":\"CatFest padjakesed kanap\u00fcreega kassidele 30g\"},{\"@type\":\"BreadcrumbList\",\"@id\":\"https:\/\/miumjau.ee\/lt\/produktas\/catfest-spilventini-ar-vistas-biezeni-kakiem-30-g\/#breadcrumb\",\"itemListElement\":[{\"@type\":\"ListItem\",\"position\":1,\"name\":\"Home\",\"item\":\"https:\/\/miumjau.ee\/lt\/\"},{\"@type\":\"ListItem\",\"position\":2,\"name\":\"Parduotuv\u0117\",\"item\":\"https:\/\/miumjau.ee\/lt\/parduotuve\/\"},{\"@type\":\"ListItem\",\"position\":3,\"name\":\"CatFest spilventi\u0146i ar vistas biezeni ka\u0137iem 30\u202fg\"}]},{\"@type\":\"WebSite\",\"@id\":\"https:\/\/miumjau.ee\/#website\",\"url\":\"https:\/\/miumjau.ee\/\",\"name\":\"MiuMjau\",\"description\":\"Kraapimispuud kassidele\",\"publisher\":{\"@id\":\"https:\/\/miumjau.ee\/#organization\"},\"potentialAction\":[{\"@type\":\"SearchAction\",\"target\":{\"@type\":\"EntryPoint\",\"urlTemplate\":\"https:\/\/miumjau.ee\/?s={search_term_string}\"},\"query-input\":{\"@type\":\"PropertyValueSpecification\",\"valueRequired\":true,\"valueName\":\"search_term_string\"}}],\"inLanguage\":\"lt-LT\"},{\"@type\":\"Organization\",\"@id\":\"https:\/\/miumjau.ee\/#organization\",\"name\":\"MiuMjau O\u00dc\",\"url\":\"https:\/\/miumjau.ee\/\",\"logo\":{\"@type\":\"ImageObject\",\"inLanguage\":\"lt-LT\",\"@id\":\"https:\/\/miumjau.ee\/#\/schema\/logo\/image\/\",\"url\":\"https:\/\/miumjau.ee\/wp-content\/uploads\/2022\/04\/MiuMjau-logo-kollane.png\",\"contentUrl\":\"https:\/\/miumjau.ee\/wp-content\/uploads\/2022\/04\/MiuMjau-logo-kollane.png\",\"width\":219,\"height\":100,\"caption\":\"MiuMjau O\u00dc\"},\"image\":{\"@id\":\"https:\/\/miumjau.ee\/#\/schema\/logo\/image\/\"},\"sameAs\":[\"https:\/\/www.facebook.com\/miumjaupood\/\"]}]}<\/script>\n<!-- \/ Yoast SEO plugin. -->","yoast_head_json":{"title":"CatFest spilventi\u0146i ar vistas biezeni ka\u0137iem 30\u202fg - MiuMjau","description":"CatFest z\u012bmols pied\u0101v\u0101 pla\u0161u da\u017e\u0101du k\u0101rumu un kvalitat\u012bvas mitr\u0101s bar\u012bbas kl\u0101stu. N\u0101c un izm\u0113\u0123ini, lai atrastu lab\u0101k\u0101s gar\u0161as! K\u0101da ir tava m\u012b\u013c\u0101k\u0101?","robots":{"index":"index","follow":"follow","max-snippet":"max-snippet:-1","max-image-preview":"max-image-preview:large","max-video-preview":"max-video-preview:-1"},"canonical":"https:\/\/miumjau.ee\/lt\/produktas\/catfest-spilventini-ar-vistas-biezeni-kakiem-30-g\/","og_locale":"lt_LT","og_type":"article","og_title":"CatFest spilventi\u0146i ar vistas biezeni ka\u0137iem 30\u202fg - MiuMjau","og_description":"CatFest z\u012bmols pied\u0101v\u0101 pla\u0161u da\u017e\u0101du k\u0101rumu un kvalitat\u012bvas mitr\u0101s bar\u012bbas kl\u0101stu. N\u0101c un izm\u0113\u0123ini, lai atrastu lab\u0101k\u0101s gar\u0161as! K\u0101da ir tava m\u012b\u013c\u0101k\u0101?","og_url":"https:\/\/miumjau.ee\/lt\/produktas\/catfest-spilventini-ar-vistas-biezeni-kakiem-30-g\/","og_site_name":"MiuMjau","article_publisher":"https:\/\/www.facebook.com\/miumjaupood\/","article_modified_time":"2026-01-07T18:42:05+00:00","og_image":[{"width":600,"height":800,"url":"https:\/\/miumjau.ee\/wp-content\/uploads\/2025\/04\/catfest-kassimaiused9.webp","type":"image\/webp"}],"twitter_card":"summary_large_image","schema":{"@context":"https:\/\/schema.org","@graph":[{"@type":"WebPage","@id":"https:\/\/miumjau.ee\/lt\/produktas\/catfest-spilventini-ar-vistas-biezeni-kakiem-30-g\/","url":"https:\/\/miumjau.ee\/lt\/produktas\/catfest-spilventini-ar-vistas-biezeni-kakiem-30-g\/","name":"CatFest spilventi\u0146i ar vistas biezeni ka\u0137iem 30\u202fg - MiuMjau","isPartOf":{"@id":"https:\/\/miumjau.ee\/#website"},"primaryImageOfPage":{"@id":"https:\/\/miumjau.ee\/lt\/produktas\/catfest-spilventini-ar-vistas-biezeni-kakiem-30-g\/#primaryimage"},"image":{"@id":"https:\/\/miumjau.ee\/lt\/produktas\/catfest-spilventini-ar-vistas-biezeni-kakiem-30-g\/#primaryimage"},"thumbnailUrl":"https:\/\/miumjau.ee\/wp-content\/uploads\/2025\/04\/catfest-kassimaiused9.webp","datePublished":"2025-04-22T10:35:05+00:00","dateModified":"2026-01-07T18:42:05+00:00","description":"CatFest z\u012bmols pied\u0101v\u0101 pla\u0161u da\u017e\u0101du k\u0101rumu un kvalitat\u012bvas mitr\u0101s bar\u012bbas kl\u0101stu. N\u0101c un izm\u0113\u0123ini, lai atrastu lab\u0101k\u0101s gar\u0161as! K\u0101da ir tava m\u012b\u013c\u0101k\u0101?","breadcrumb":{"@id":"https:\/\/miumjau.ee\/lt\/produktas\/catfest-spilventini-ar-vistas-biezeni-kakiem-30-g\/#breadcrumb"},"inLanguage":"lt-LT","potentialAction":[{"@type":"ReadAction","target":["https:\/\/miumjau.ee\/lt\/produktas\/catfest-spilventini-ar-vistas-biezeni-kakiem-30-g\/"]}]},{"@type":"ImageObject","inLanguage":"lt-LT","@id":"https:\/\/miumjau.ee\/lt\/produktas\/catfest-spilventini-ar-vistas-biezeni-kakiem-30-g\/#primaryimage","url":"https:\/\/miumjau.ee\/wp-content\/uploads\/2025\/04\/catfest-kassimaiused9.webp","contentUrl":"https:\/\/miumjau.ee\/wp-content\/uploads\/2025\/04\/catfest-kassimaiused9.webp","width":600,"height":800,"caption":"CatFest padjakesed kanap\u00fcreega kassidele 30g"},{"@type":"BreadcrumbList","@id":"https:\/\/miumjau.ee\/lt\/produktas\/catfest-spilventini-ar-vistas-biezeni-kakiem-30-g\/#breadcrumb","itemListElement":[{"@type":"ListItem","position":1,"name":"Home","item":"https:\/\/miumjau.ee\/lt\/"},{"@type":"ListItem","position":2,"name":"Parduotuv\u0117","item":"https:\/\/miumjau.ee\/lt\/parduotuve\/"},{"@type":"ListItem","position":3,"name":"CatFest spilventi\u0146i ar vistas biezeni ka\u0137iem 30\u202fg"}]},{"@type":"WebSite","@id":"https:\/\/miumjau.ee\/#website","url":"https:\/\/miumjau.ee\/","name":"MiuMjau","description":"Kraapimispuud kassidele","publisher":{"@id":"https:\/\/miumjau.ee\/#organization"},"potentialAction":[{"@type":"SearchAction","target":{"@type":"EntryPoint","urlTemplate":"https:\/\/miumjau.ee\/?s={search_term_string}"},"query-input":{"@type":"PropertyValueSpecification","valueRequired":true,"valueName":"search_term_string"}}],"inLanguage":"lt-LT"},{"@type":"Organization","@id":"https:\/\/miumjau.ee\/#organization","name":"MiuMjau O\u00dc","url":"https:\/\/miumjau.ee\/","logo":{"@type":"ImageObject","inLanguage":"lt-LT","@id":"https:\/\/miumjau.ee\/#\/schema\/logo\/image\/","url":"https:\/\/miumjau.ee\/wp-content\/uploads\/2022\/04\/MiuMjau-logo-kollane.png","contentUrl":"https:\/\/miumjau.ee\/wp-content\/uploads\/2022\/04\/MiuMjau-logo-kollane.png","width":219,"height":100,"caption":"MiuMjau O\u00dc"},"image":{"@id":"https:\/\/miumjau.ee\/#\/schema\/logo\/image\/"},"sameAs":["https:\/\/www.facebook.com\/miumjaupood\/"]}]}},"_links":{"self":[{"href":"https:\/\/miumjau.ee\/lt\/wp-json\/wp\/v2\/product\/50215","targetHints":{"allow":["GET"]}}],"collection":[{"href":"https:\/\/miumjau.ee\/lt\/wp-json\/wp\/v2\/product"}],"about":[{"href":"https:\/\/miumjau.ee\/lt\/wp-json\/wp\/v2\/types\/product"}],"wp:featuredmedia":[{"embeddable":true,"href":"https:\/\/miumjau.ee\/lt\/wp-json\/wp\/v2\/media\/49991"}],"wp:attachment":[{"href":"https:\/\/miumjau.ee\/lt\/wp-json\/wp\/v2\/media?parent=50215"}],"wp:term":[{"taxonomy":"product_brand","embeddable":true,"href":"https:\/\/miumjau.ee\/lt\/wp-json\/wp\/v2\/product_brand?post=50215"},{"taxonomy":"product_cat","embeddable":true,"href":"https:\/\/miumjau.ee\/lt\/wp-json\/wp\/v2\/product_cat?post=50215"},{"taxonomy":"product_tag","embeddable":true,"href":"https:\/\/miumjau.ee\/lt\/wp-json\/wp\/v2\/product_tag?post=50215"}],"curies":[{"name":"wp","href":"https:\/\/api.w.org\/{rel}","templated":true}]}}