{"id":50199,"date":"2025-04-22T13:35:05","date_gmt":"2025-04-22T10:35:05","guid":{"rendered":"https:\/\/miumjau.ee\/toode\/dogfest-piles-fileja-gabalini-visiem-suniem-90-g\/"},"modified":"2026-01-07T20:42:12","modified_gmt":"2026-01-07T18:42:12","slug":"dogfest-piles-fileja-gabalini-visiem-suniem-90-g","status":"publish","type":"product","link":"https:\/\/miumjau.ee\/lt\/produktas\/dogfest-piles-fileja-gabalini-visiem-suniem-90-g\/","title":{"rendered":"DogFest p\u012bles fileja gabali\u0146i visiem su\u0146iem 90 g"},"content":{"rendered":"","protected":false},"excerpt":{"rendered":"<p data-start=\"56\" data-end=\"249\">\u0160is vienk\u0101r\u0161ais, bet br\u012bni\u0161\u0137\u012bgais k\u0101rums ir m\u016bsu p\u0101rdot\u0101kais produkts. Su\u0146i \u013coti m\u012bl bag\u0101t\u012bgo \u012bstas p\u012bles ga\u013cas gar\u0161u. To var izmantot k\u0101 atl\u012bdz\u012bbu treni\u0146u laik\u0101 vai vienk\u0101r\u0161i k\u0101 \u0101tru uzkodu.<\/p>\n<p data-start=\"251\" data-end=\"329\"><strong data-start=\"251\" data-end=\"263\">Sast\u0101vs:<\/strong> p\u012bles ga\u013ca 90,2%, augu izcelsmes blakusprodukti, miner\u0101lvielas.<\/p>\n<p data-start=\"331\" data-end=\"435\"><strong data-start=\"331\" data-end=\"359\">Anal\u012btisk\u0101s sast\u0101vda\u013cas:<\/strong> olbaltumvielas 41%, tauki 3,5%, \u0161\u0137iedrvielas 0,2%, pelni 4%, mitrums 23%.<\/p>\n<p data-start=\"437\" data-end=\"825\" data-is-last-node=\"\" data-is-only-node=\"\"><strong data-start=\"437\" data-end=\"451\">Lieto\u0161ana:<\/strong> Pasniedziet k\u0101 k\u0101rumu dienas laik\u0101. Maksim\u0101l\u0101 diennakts deva: 1\u20132 gabali. Devas daudzumu var piel\u0101got atbilsto\u0161i su\u0146a vajadz\u012bb\u0101m un st\u0101voklim. Vienm\u0113r nodro\u0161iniet pieejamu svaigu \u016bdeni. Neskatieties, kad suns ko\u0161\u013c\u0101 vai atst\u0101jiet to vienu ar k\u0101rumu iepakojumu. Iepakojum\u0101 eso\u0161ais sk\u0101bek\u013ca absorbents nav \u0113dams. Glab\u0101t saus\u0101 un v\u0113s\u0101 viet\u0101, p\u0113c atv\u0113r\u0161anas uzglab\u0101t ledusskap\u012b.<\/p>\n","protected":false},"featured_media":50200,"template":"","meta":[],"product_brand":[],"product_cat":[540],"product_tag":[],"class_list":{"0":"post-50199","1":"product","2":"type-product","3":"status-publish","4":"has-post-thumbnail","6":"product_cat-skanestai-sunims","8":"first","9":"instock","10":"taxable","11":"shipping-taxable","12":"purchasable","13":"product-type-simple"},"yoast_head":"<!-- This site is optimized with the Yoast SEO plugin v27.2 - https:\/\/yoast.com\/product\/yoast-seo-wordpress\/ -->\n<title>DogFest p\u012bles fileja gabali\u0146i visiem su\u0146iem 90 g - MiuMjau<\/title>\n<meta name=\"description\" content=\"\u0160eit ir tulkojums latvie\u0161u valod\u0101: --- **DogFest** z\u012bmols pied\u0101v\u0101 pla\u0161u gardu uzkodu kl\u0101stu gan ka\u0137iem, gan su\u0146iem. N\u0101c un izm\u0113\u0123ini da\u017e\u0101dus \u2013 atrodi savu m\u012b\u013c\u0101ko!\" \/>\n<meta name=\"robots\" content=\"index, follow, max-snippet:-1, max-image-preview:large, max-video-preview:-1\" \/>\n<link rel=\"canonical\" href=\"https:\/\/miumjau.ee\/lt\/produktas\/dogfest-piles-fileja-gabalini-visiem-suniem-90-g\/\" \/>\n<meta property=\"og:locale\" content=\"lt_LT\" \/>\n<meta property=\"og:type\" content=\"article\" \/>\n<meta property=\"og:title\" content=\"DogFest p\u012bles fileja gabali\u0146i visiem su\u0146iem 90 g - MiuMjau\" \/>\n<meta property=\"og:description\" content=\"\u0160eit ir tulkojums latvie\u0161u valod\u0101: --- **DogFest** z\u012bmols pied\u0101v\u0101 pla\u0161u gardu uzkodu kl\u0101stu gan ka\u0137iem, gan su\u0146iem. N\u0101c un izm\u0113\u0123ini da\u017e\u0101dus \u2013 atrodi savu m\u012b\u013c\u0101ko!\" \/>\n<meta property=\"og:url\" content=\"https:\/\/miumjau.ee\/lt\/produktas\/dogfest-piles-fileja-gabalini-visiem-suniem-90-g\/\" \/>\n<meta property=\"og:site_name\" content=\"MiuMjau\" \/>\n<meta property=\"article:publisher\" content=\"https:\/\/www.facebook.com\/miumjaupood\/\" \/>\n<meta property=\"article:modified_time\" content=\"2026-01-07T18:42:12+00:00\" \/>\n<meta property=\"og:image\" content=\"https:\/\/miumjau.ee\/wp-content\/uploads\/2025\/04\/dofest-maiused-koertele71.webp\" \/>\n\t<meta property=\"og:image:width\" content=\"600\" \/>\n\t<meta property=\"og:image:height\" content=\"800\" \/>\n\t<meta property=\"og:image:type\" content=\"image\/webp\" \/>\n<meta name=\"twitter:card\" content=\"summary_large_image\" \/>\n<script type=\"application\/ld+json\" class=\"yoast-schema-graph\">{\"@context\":\"https:\/\/schema.org\",\"@graph\":[{\"@type\":\"WebPage\",\"@id\":\"https:\/\/miumjau.ee\/lt\/produktas\/dogfest-piles-fileja-gabalini-visiem-suniem-90-g\/\",\"url\":\"https:\/\/miumjau.ee\/lt\/produktas\/dogfest-piles-fileja-gabalini-visiem-suniem-90-g\/\",\"name\":\"DogFest p\u012bles fileja gabali\u0146i visiem su\u0146iem 90 g - MiuMjau\",\"isPartOf\":{\"@id\":\"https:\/\/miumjau.ee\/#website\"},\"primaryImageOfPage\":{\"@id\":\"https:\/\/miumjau.ee\/lt\/produktas\/dogfest-piles-fileja-gabalini-visiem-suniem-90-g\/#primaryimage\"},\"image\":{\"@id\":\"https:\/\/miumjau.ee\/lt\/produktas\/dogfest-piles-fileja-gabalini-visiem-suniem-90-g\/#primaryimage\"},\"thumbnailUrl\":\"https:\/\/miumjau.ee\/wp-content\/uploads\/2025\/04\/dofest-maiused-koertele71.webp\",\"datePublished\":\"2025-04-22T10:35:05+00:00\",\"dateModified\":\"2026-01-07T18:42:12+00:00\",\"description\":\"\u0160eit ir tulkojums latvie\u0161u valod\u0101: --- **DogFest** z\u012bmols pied\u0101v\u0101 pla\u0161u gardu uzkodu kl\u0101stu gan ka\u0137iem, gan su\u0146iem. N\u0101c un izm\u0113\u0123ini da\u017e\u0101dus \u2013 atrodi savu m\u012b\u013c\u0101ko!\",\"breadcrumb\":{\"@id\":\"https:\/\/miumjau.ee\/lt\/produktas\/dogfest-piles-fileja-gabalini-visiem-suniem-90-g\/#breadcrumb\"},\"inLanguage\":\"lt-LT\",\"potentialAction\":[{\"@type\":\"ReadAction\",\"target\":[\"https:\/\/miumjau.ee\/lt\/produktas\/dogfest-piles-fileja-gabalini-visiem-suniem-90-g\/\"]}]},{\"@type\":\"ImageObject\",\"inLanguage\":\"lt-LT\",\"@id\":\"https:\/\/miumjau.ee\/lt\/produktas\/dogfest-piles-fileja-gabalini-visiem-suniem-90-g\/#primaryimage\",\"url\":\"https:\/\/miumjau.ee\/wp-content\/uploads\/2025\/04\/dofest-maiused-koertele71.webp\",\"contentUrl\":\"https:\/\/miumjau.ee\/wp-content\/uploads\/2025\/04\/dofest-maiused-koertele71.webp\",\"width\":600,\"height\":800},{\"@type\":\"BreadcrumbList\",\"@id\":\"https:\/\/miumjau.ee\/lt\/produktas\/dogfest-piles-fileja-gabalini-visiem-suniem-90-g\/#breadcrumb\",\"itemListElement\":[{\"@type\":\"ListItem\",\"position\":1,\"name\":\"Home\",\"item\":\"https:\/\/miumjau.ee\/lt\/\"},{\"@type\":\"ListItem\",\"position\":2,\"name\":\"Parduotuv\u0117\",\"item\":\"https:\/\/miumjau.ee\/lt\/parduotuve\/\"},{\"@type\":\"ListItem\",\"position\":3,\"name\":\"DogFest p\u012bles fileja gabali\u0146i visiem su\u0146iem 90 g\"}]},{\"@type\":\"WebSite\",\"@id\":\"https:\/\/miumjau.ee\/#website\",\"url\":\"https:\/\/miumjau.ee\/\",\"name\":\"MiuMjau\",\"description\":\"Kraapimispuud kassidele\",\"publisher\":{\"@id\":\"https:\/\/miumjau.ee\/#organization\"},\"potentialAction\":[{\"@type\":\"SearchAction\",\"target\":{\"@type\":\"EntryPoint\",\"urlTemplate\":\"https:\/\/miumjau.ee\/?s={search_term_string}\"},\"query-input\":{\"@type\":\"PropertyValueSpecification\",\"valueRequired\":true,\"valueName\":\"search_term_string\"}}],\"inLanguage\":\"lt-LT\"},{\"@type\":\"Organization\",\"@id\":\"https:\/\/miumjau.ee\/#organization\",\"name\":\"MiuMjau O\u00dc\",\"url\":\"https:\/\/miumjau.ee\/\",\"logo\":{\"@type\":\"ImageObject\",\"inLanguage\":\"lt-LT\",\"@id\":\"https:\/\/miumjau.ee\/#\/schema\/logo\/image\/\",\"url\":\"https:\/\/miumjau.ee\/wp-content\/uploads\/2022\/04\/MiuMjau-logo-kollane.png\",\"contentUrl\":\"https:\/\/miumjau.ee\/wp-content\/uploads\/2022\/04\/MiuMjau-logo-kollane.png\",\"width\":219,\"height\":100,\"caption\":\"MiuMjau O\u00dc\"},\"image\":{\"@id\":\"https:\/\/miumjau.ee\/#\/schema\/logo\/image\/\"},\"sameAs\":[\"https:\/\/www.facebook.com\/miumjaupood\/\"]}]}<\/script>\n<!-- \/ Yoast SEO plugin. -->","yoast_head_json":{"title":"DogFest p\u012bles fileja gabali\u0146i visiem su\u0146iem 90 g - MiuMjau","description":"\u0160eit ir tulkojums latvie\u0161u valod\u0101: --- **DogFest** z\u012bmols pied\u0101v\u0101 pla\u0161u gardu uzkodu kl\u0101stu gan ka\u0137iem, gan su\u0146iem. N\u0101c un izm\u0113\u0123ini da\u017e\u0101dus \u2013 atrodi savu m\u012b\u013c\u0101ko!","robots":{"index":"index","follow":"follow","max-snippet":"max-snippet:-1","max-image-preview":"max-image-preview:large","max-video-preview":"max-video-preview:-1"},"canonical":"https:\/\/miumjau.ee\/lt\/produktas\/dogfest-piles-fileja-gabalini-visiem-suniem-90-g\/","og_locale":"lt_LT","og_type":"article","og_title":"DogFest p\u012bles fileja gabali\u0146i visiem su\u0146iem 90 g - MiuMjau","og_description":"\u0160eit ir tulkojums latvie\u0161u valod\u0101: --- **DogFest** z\u012bmols pied\u0101v\u0101 pla\u0161u gardu uzkodu kl\u0101stu gan ka\u0137iem, gan su\u0146iem. N\u0101c un izm\u0113\u0123ini da\u017e\u0101dus \u2013 atrodi savu m\u012b\u013c\u0101ko!","og_url":"https:\/\/miumjau.ee\/lt\/produktas\/dogfest-piles-fileja-gabalini-visiem-suniem-90-g\/","og_site_name":"MiuMjau","article_publisher":"https:\/\/www.facebook.com\/miumjaupood\/","article_modified_time":"2026-01-07T18:42:12+00:00","og_image":[{"width":600,"height":800,"url":"https:\/\/miumjau.ee\/wp-content\/uploads\/2025\/04\/dofest-maiused-koertele71.webp","type":"image\/webp"}],"twitter_card":"summary_large_image","schema":{"@context":"https:\/\/schema.org","@graph":[{"@type":"WebPage","@id":"https:\/\/miumjau.ee\/lt\/produktas\/dogfest-piles-fileja-gabalini-visiem-suniem-90-g\/","url":"https:\/\/miumjau.ee\/lt\/produktas\/dogfest-piles-fileja-gabalini-visiem-suniem-90-g\/","name":"DogFest p\u012bles fileja gabali\u0146i visiem su\u0146iem 90 g - MiuMjau","isPartOf":{"@id":"https:\/\/miumjau.ee\/#website"},"primaryImageOfPage":{"@id":"https:\/\/miumjau.ee\/lt\/produktas\/dogfest-piles-fileja-gabalini-visiem-suniem-90-g\/#primaryimage"},"image":{"@id":"https:\/\/miumjau.ee\/lt\/produktas\/dogfest-piles-fileja-gabalini-visiem-suniem-90-g\/#primaryimage"},"thumbnailUrl":"https:\/\/miumjau.ee\/wp-content\/uploads\/2025\/04\/dofest-maiused-koertele71.webp","datePublished":"2025-04-22T10:35:05+00:00","dateModified":"2026-01-07T18:42:12+00:00","description":"\u0160eit ir tulkojums latvie\u0161u valod\u0101: --- **DogFest** z\u012bmols pied\u0101v\u0101 pla\u0161u gardu uzkodu kl\u0101stu gan ka\u0137iem, gan su\u0146iem. N\u0101c un izm\u0113\u0123ini da\u017e\u0101dus \u2013 atrodi savu m\u012b\u013c\u0101ko!","breadcrumb":{"@id":"https:\/\/miumjau.ee\/lt\/produktas\/dogfest-piles-fileja-gabalini-visiem-suniem-90-g\/#breadcrumb"},"inLanguage":"lt-LT","potentialAction":[{"@type":"ReadAction","target":["https:\/\/miumjau.ee\/lt\/produktas\/dogfest-piles-fileja-gabalini-visiem-suniem-90-g\/"]}]},{"@type":"ImageObject","inLanguage":"lt-LT","@id":"https:\/\/miumjau.ee\/lt\/produktas\/dogfest-piles-fileja-gabalini-visiem-suniem-90-g\/#primaryimage","url":"https:\/\/miumjau.ee\/wp-content\/uploads\/2025\/04\/dofest-maiused-koertele71.webp","contentUrl":"https:\/\/miumjau.ee\/wp-content\/uploads\/2025\/04\/dofest-maiused-koertele71.webp","width":600,"height":800},{"@type":"BreadcrumbList","@id":"https:\/\/miumjau.ee\/lt\/produktas\/dogfest-piles-fileja-gabalini-visiem-suniem-90-g\/#breadcrumb","itemListElement":[{"@type":"ListItem","position":1,"name":"Home","item":"https:\/\/miumjau.ee\/lt\/"},{"@type":"ListItem","position":2,"name":"Parduotuv\u0117","item":"https:\/\/miumjau.ee\/lt\/parduotuve\/"},{"@type":"ListItem","position":3,"name":"DogFest p\u012bles fileja gabali\u0146i visiem su\u0146iem 90 g"}]},{"@type":"WebSite","@id":"https:\/\/miumjau.ee\/#website","url":"https:\/\/miumjau.ee\/","name":"MiuMjau","description":"Kraapimispuud kassidele","publisher":{"@id":"https:\/\/miumjau.ee\/#organization"},"potentialAction":[{"@type":"SearchAction","target":{"@type":"EntryPoint","urlTemplate":"https:\/\/miumjau.ee\/?s={search_term_string}"},"query-input":{"@type":"PropertyValueSpecification","valueRequired":true,"valueName":"search_term_string"}}],"inLanguage":"lt-LT"},{"@type":"Organization","@id":"https:\/\/miumjau.ee\/#organization","name":"MiuMjau O\u00dc","url":"https:\/\/miumjau.ee\/","logo":{"@type":"ImageObject","inLanguage":"lt-LT","@id":"https:\/\/miumjau.ee\/#\/schema\/logo\/image\/","url":"https:\/\/miumjau.ee\/wp-content\/uploads\/2022\/04\/MiuMjau-logo-kollane.png","contentUrl":"https:\/\/miumjau.ee\/wp-content\/uploads\/2022\/04\/MiuMjau-logo-kollane.png","width":219,"height":100,"caption":"MiuMjau O\u00dc"},"image":{"@id":"https:\/\/miumjau.ee\/#\/schema\/logo\/image\/"},"sameAs":["https:\/\/www.facebook.com\/miumjaupood\/"]}]}},"_links":{"self":[{"href":"https:\/\/miumjau.ee\/lt\/wp-json\/wp\/v2\/product\/50199","targetHints":{"allow":["GET"]}}],"collection":[{"href":"https:\/\/miumjau.ee\/lt\/wp-json\/wp\/v2\/product"}],"about":[{"href":"https:\/\/miumjau.ee\/lt\/wp-json\/wp\/v2\/types\/product"}],"wp:featuredmedia":[{"embeddable":true,"href":"https:\/\/miumjau.ee\/lt\/wp-json\/wp\/v2\/media\/50200"}],"wp:attachment":[{"href":"https:\/\/miumjau.ee\/lt\/wp-json\/wp\/v2\/media?parent=50199"}],"wp:term":[{"taxonomy":"product_brand","embeddable":true,"href":"https:\/\/miumjau.ee\/lt\/wp-json\/wp\/v2\/product_brand?post=50199"},{"taxonomy":"product_cat","embeddable":true,"href":"https:\/\/miumjau.ee\/lt\/wp-json\/wp\/v2\/product_cat?post=50199"},{"taxonomy":"product_tag","embeddable":true,"href":"https:\/\/miumjau.ee\/lt\/wp-json\/wp\/v2\/product_tag?post=50199"}],"curies":[{"name":"wp","href":"https:\/\/api.w.org\/{rel}","templated":true}]}}