{"id":50195,"date":"2025-04-22T13:35:05","date_gmt":"2025-04-22T10:35:05","guid":{"rendered":"https:\/\/miumjau.ee\/toode\/dogfest-piles-filejas-koslajamas-kaulins-videjiem-un-lieliem-suniem-90-g\/"},"modified":"2026-01-07T20:42:12","modified_gmt":"2026-01-07T18:42:12","slug":"dogfest-piles-filejas-koslajamas-kaulins-videjiem-un-lieliem-suniem-90-g","status":"publish","type":"product","link":"https:\/\/miumjau.ee\/lt\/produktas\/dogfest-piles-filejas-koslajamas-kaulins-videjiem-un-lieliem-suniem-90-g\/","title":{"rendered":"DogFest p\u012bles filejas ko\u0161\u013c\u0101jam\u0101s kauli\u0146\u0161 vid\u0113jiem un lieliem su\u0146iem 90 g"},"content":{"rendered":"","protected":false},"excerpt":{"rendered":"<p data-start=\"64\" data-end=\"249\">Iztur\u012bgu neapstr\u0101d\u0101tu \u0101das n\u016bji\u0146u apkl\u0101j r\u016bp\u012bgi atlas\u012btas un svaigi ceptas p\u012bles filejas \u2013 tie\u0161i tas, ko suns v\u0113las, lai pat\u012bkami pavad\u012btu laiku un baud\u012btu \u012bstas ga\u013cas bag\u0101t\u012bgo gar\u0161u.<\/p>\n<p data-start=\"251\" data-end=\"361\"><strong data-start=\"251\" data-end=\"263\">Sast\u0101vs:<\/strong> p\u012bles ga\u013ca 80,1%, liellopa neapstr\u0101d\u0101ta \u0101da 9,7%, augu izcelsmes blakusprodukti, miner\u0101lvielas.<\/p>\n<p data-start=\"363\" data-end=\"465\"><strong data-start=\"363\" data-end=\"391\">Anal\u012btisk\u0101s sast\u0101vda\u013cas:<\/strong> olbaltumvielas 54%, tauki 3%, \u0161\u0137iedrvielas 0,2%, pelni 4%, mitrums 18%.<\/p>\n<p data-start=\"467\" data-end=\"855\" data-is-last-node=\"\" data-is-only-node=\"\"><strong data-start=\"467\" data-end=\"481\">Lieto\u0161ana:<\/strong> Pasniedziet k\u0101 k\u0101rumu dienas laik\u0101. Maksim\u0101l\u0101 diennakts deva: 1\u20132 gabali. Devas daudzumu var piel\u0101got atbilsto\u0161i su\u0146a vajadz\u012bb\u0101m un st\u0101voklim. Vienm\u0113r nodro\u0161iniet pieejamu svaigu \u016bdeni. Neskatieties, kad suns ko\u0161\u013c\u0101 vai atst\u0101jiet to vienu ar k\u0101rumu iepakojumu. Iepakojum\u0101 eso\u0161ais sk\u0101bek\u013ca absorbents nav \u0113dams. Glab\u0101t saus\u0101 un v\u0113s\u0101 viet\u0101, p\u0113c atv\u0113r\u0161anas uzglab\u0101t ledusskap\u012b.<\/p>\n","protected":false},"featured_media":50196,"template":"","meta":[],"product_brand":[],"product_cat":[540],"product_tag":[],"class_list":{"0":"post-50195","1":"product","2":"type-product","3":"status-publish","4":"has-post-thumbnail","6":"product_cat-skanestai-sunims","8":"first","9":"instock","10":"taxable","11":"shipping-taxable","12":"purchasable","13":"product-type-simple"},"yoast_head":"<!-- This site is optimized with the Yoast SEO plugin v27.2 - https:\/\/yoast.com\/product\/yoast-seo-wordpress\/ -->\n<title>DogFest p\u012bles filejas ko\u0161\u013c\u0101jam\u0101s kauli\u0146\u0161 vid\u0113jiem un lieliem su\u0146iem 90 g - MiuMjau<\/title>\n<meta name=\"description\" content=\"\u0160eit ir tulkojums latvie\u0161u valod\u0101: --- **DogFest** z\u012bmols pied\u0101v\u0101 pla\u0161u gardu uzkodu kl\u0101stu gan ka\u0137iem, gan su\u0146iem. N\u0101c un izm\u0113\u0123ini da\u017e\u0101dus \u2013 atrodi savu m\u012b\u013c\u0101ko!\" \/>\n<meta name=\"robots\" content=\"index, follow, max-snippet:-1, max-image-preview:large, max-video-preview:-1\" \/>\n<link rel=\"canonical\" href=\"https:\/\/miumjau.ee\/lt\/produktas\/dogfest-piles-filejas-koslajamas-kaulins-videjiem-un-lieliem-suniem-90-g\/\" \/>\n<meta property=\"og:locale\" content=\"lt_LT\" \/>\n<meta property=\"og:type\" content=\"article\" \/>\n<meta property=\"og:title\" content=\"DogFest p\u012bles filejas ko\u0161\u013c\u0101jam\u0101s kauli\u0146\u0161 vid\u0113jiem un lieliem su\u0146iem 90 g - MiuMjau\" \/>\n<meta property=\"og:description\" content=\"\u0160eit ir tulkojums latvie\u0161u valod\u0101: --- **DogFest** z\u012bmols pied\u0101v\u0101 pla\u0161u gardu uzkodu kl\u0101stu gan ka\u0137iem, gan su\u0146iem. N\u0101c un izm\u0113\u0123ini da\u017e\u0101dus \u2013 atrodi savu m\u012b\u013c\u0101ko!\" \/>\n<meta property=\"og:url\" content=\"https:\/\/miumjau.ee\/lt\/produktas\/dogfest-piles-filejas-koslajamas-kaulins-videjiem-un-lieliem-suniem-90-g\/\" \/>\n<meta property=\"og:site_name\" content=\"MiuMjau\" \/>\n<meta property=\"article:publisher\" content=\"https:\/\/www.facebook.com\/miumjaupood\/\" \/>\n<meta property=\"article:modified_time\" content=\"2026-01-07T18:42:12+00:00\" \/>\n<meta property=\"og:image\" content=\"https:\/\/miumjau.ee\/wp-content\/uploads\/2025\/04\/dofest-maiused-koertele82.webp\" \/>\n\t<meta property=\"og:image:width\" content=\"600\" \/>\n\t<meta property=\"og:image:height\" content=\"800\" \/>\n\t<meta property=\"og:image:type\" content=\"image\/webp\" \/>\n<meta name=\"twitter:card\" content=\"summary_large_image\" \/>\n<script type=\"application\/ld+json\" class=\"yoast-schema-graph\">{\"@context\":\"https:\/\/schema.org\",\"@graph\":[{\"@type\":\"WebPage\",\"@id\":\"https:\/\/miumjau.ee\/lt\/produktas\/dogfest-piles-filejas-koslajamas-kaulins-videjiem-un-lieliem-suniem-90-g\/\",\"url\":\"https:\/\/miumjau.ee\/lt\/produktas\/dogfest-piles-filejas-koslajamas-kaulins-videjiem-un-lieliem-suniem-90-g\/\",\"name\":\"DogFest p\u012bles filejas ko\u0161\u013c\u0101jam\u0101s kauli\u0146\u0161 vid\u0113jiem un lieliem su\u0146iem 90 g - MiuMjau\",\"isPartOf\":{\"@id\":\"https:\/\/miumjau.ee\/#website\"},\"primaryImageOfPage\":{\"@id\":\"https:\/\/miumjau.ee\/lt\/produktas\/dogfest-piles-filejas-koslajamas-kaulins-videjiem-un-lieliem-suniem-90-g\/#primaryimage\"},\"image\":{\"@id\":\"https:\/\/miumjau.ee\/lt\/produktas\/dogfest-piles-filejas-koslajamas-kaulins-videjiem-un-lieliem-suniem-90-g\/#primaryimage\"},\"thumbnailUrl\":\"https:\/\/miumjau.ee\/wp-content\/uploads\/2025\/04\/dofest-maiused-koertele82.webp\",\"datePublished\":\"2025-04-22T10:35:05+00:00\",\"dateModified\":\"2026-01-07T18:42:12+00:00\",\"description\":\"\u0160eit ir tulkojums latvie\u0161u valod\u0101: --- **DogFest** z\u012bmols pied\u0101v\u0101 pla\u0161u gardu uzkodu kl\u0101stu gan ka\u0137iem, gan su\u0146iem. N\u0101c un izm\u0113\u0123ini da\u017e\u0101dus \u2013 atrodi savu m\u012b\u013c\u0101ko!\",\"breadcrumb\":{\"@id\":\"https:\/\/miumjau.ee\/lt\/produktas\/dogfest-piles-filejas-koslajamas-kaulins-videjiem-un-lieliem-suniem-90-g\/#breadcrumb\"},\"inLanguage\":\"lt-LT\",\"potentialAction\":[{\"@type\":\"ReadAction\",\"target\":[\"https:\/\/miumjau.ee\/lt\/produktas\/dogfest-piles-filejas-koslajamas-kaulins-videjiem-un-lieliem-suniem-90-g\/\"]}]},{\"@type\":\"ImageObject\",\"inLanguage\":\"lt-LT\",\"@id\":\"https:\/\/miumjau.ee\/lt\/produktas\/dogfest-piles-filejas-koslajamas-kaulins-videjiem-un-lieliem-suniem-90-g\/#primaryimage\",\"url\":\"https:\/\/miumjau.ee\/wp-content\/uploads\/2025\/04\/dofest-maiused-koertele82.webp\",\"contentUrl\":\"https:\/\/miumjau.ee\/wp-content\/uploads\/2025\/04\/dofest-maiused-koertele82.webp\",\"width\":600,\"height\":800},{\"@type\":\"BreadcrumbList\",\"@id\":\"https:\/\/miumjau.ee\/lt\/produktas\/dogfest-piles-filejas-koslajamas-kaulins-videjiem-un-lieliem-suniem-90-g\/#breadcrumb\",\"itemListElement\":[{\"@type\":\"ListItem\",\"position\":1,\"name\":\"Home\",\"item\":\"https:\/\/miumjau.ee\/lt\/\"},{\"@type\":\"ListItem\",\"position\":2,\"name\":\"Parduotuv\u0117\",\"item\":\"https:\/\/miumjau.ee\/lt\/parduotuve\/\"},{\"@type\":\"ListItem\",\"position\":3,\"name\":\"DogFest p\u012bles filejas ko\u0161\u013c\u0101jam\u0101s kauli\u0146\u0161 vid\u0113jiem un lieliem su\u0146iem 90 g\"}]},{\"@type\":\"WebSite\",\"@id\":\"https:\/\/miumjau.ee\/#website\",\"url\":\"https:\/\/miumjau.ee\/\",\"name\":\"MiuMjau\",\"description\":\"Kraapimispuud kassidele\",\"publisher\":{\"@id\":\"https:\/\/miumjau.ee\/#organization\"},\"potentialAction\":[{\"@type\":\"SearchAction\",\"target\":{\"@type\":\"EntryPoint\",\"urlTemplate\":\"https:\/\/miumjau.ee\/?s={search_term_string}\"},\"query-input\":{\"@type\":\"PropertyValueSpecification\",\"valueRequired\":true,\"valueName\":\"search_term_string\"}}],\"inLanguage\":\"lt-LT\"},{\"@type\":\"Organization\",\"@id\":\"https:\/\/miumjau.ee\/#organization\",\"name\":\"MiuMjau O\u00dc\",\"url\":\"https:\/\/miumjau.ee\/\",\"logo\":{\"@type\":\"ImageObject\",\"inLanguage\":\"lt-LT\",\"@id\":\"https:\/\/miumjau.ee\/#\/schema\/logo\/image\/\",\"url\":\"https:\/\/miumjau.ee\/wp-content\/uploads\/2022\/04\/MiuMjau-logo-kollane.png\",\"contentUrl\":\"https:\/\/miumjau.ee\/wp-content\/uploads\/2022\/04\/MiuMjau-logo-kollane.png\",\"width\":219,\"height\":100,\"caption\":\"MiuMjau O\u00dc\"},\"image\":{\"@id\":\"https:\/\/miumjau.ee\/#\/schema\/logo\/image\/\"},\"sameAs\":[\"https:\/\/www.facebook.com\/miumjaupood\/\"]}]}<\/script>\n<!-- \/ Yoast SEO plugin. -->","yoast_head_json":{"title":"DogFest p\u012bles filejas ko\u0161\u013c\u0101jam\u0101s kauli\u0146\u0161 vid\u0113jiem un lieliem su\u0146iem 90 g - MiuMjau","description":"\u0160eit ir tulkojums latvie\u0161u valod\u0101: --- **DogFest** z\u012bmols pied\u0101v\u0101 pla\u0161u gardu uzkodu kl\u0101stu gan ka\u0137iem, gan su\u0146iem. N\u0101c un izm\u0113\u0123ini da\u017e\u0101dus \u2013 atrodi savu m\u012b\u013c\u0101ko!","robots":{"index":"index","follow":"follow","max-snippet":"max-snippet:-1","max-image-preview":"max-image-preview:large","max-video-preview":"max-video-preview:-1"},"canonical":"https:\/\/miumjau.ee\/lt\/produktas\/dogfest-piles-filejas-koslajamas-kaulins-videjiem-un-lieliem-suniem-90-g\/","og_locale":"lt_LT","og_type":"article","og_title":"DogFest p\u012bles filejas ko\u0161\u013c\u0101jam\u0101s kauli\u0146\u0161 vid\u0113jiem un lieliem su\u0146iem 90 g - MiuMjau","og_description":"\u0160eit ir tulkojums latvie\u0161u valod\u0101: --- **DogFest** z\u012bmols pied\u0101v\u0101 pla\u0161u gardu uzkodu kl\u0101stu gan ka\u0137iem, gan su\u0146iem. N\u0101c un izm\u0113\u0123ini da\u017e\u0101dus \u2013 atrodi savu m\u012b\u013c\u0101ko!","og_url":"https:\/\/miumjau.ee\/lt\/produktas\/dogfest-piles-filejas-koslajamas-kaulins-videjiem-un-lieliem-suniem-90-g\/","og_site_name":"MiuMjau","article_publisher":"https:\/\/www.facebook.com\/miumjaupood\/","article_modified_time":"2026-01-07T18:42:12+00:00","og_image":[{"width":600,"height":800,"url":"https:\/\/miumjau.ee\/wp-content\/uploads\/2025\/04\/dofest-maiused-koertele82.webp","type":"image\/webp"}],"twitter_card":"summary_large_image","schema":{"@context":"https:\/\/schema.org","@graph":[{"@type":"WebPage","@id":"https:\/\/miumjau.ee\/lt\/produktas\/dogfest-piles-filejas-koslajamas-kaulins-videjiem-un-lieliem-suniem-90-g\/","url":"https:\/\/miumjau.ee\/lt\/produktas\/dogfest-piles-filejas-koslajamas-kaulins-videjiem-un-lieliem-suniem-90-g\/","name":"DogFest p\u012bles filejas ko\u0161\u013c\u0101jam\u0101s kauli\u0146\u0161 vid\u0113jiem un lieliem su\u0146iem 90 g - MiuMjau","isPartOf":{"@id":"https:\/\/miumjau.ee\/#website"},"primaryImageOfPage":{"@id":"https:\/\/miumjau.ee\/lt\/produktas\/dogfest-piles-filejas-koslajamas-kaulins-videjiem-un-lieliem-suniem-90-g\/#primaryimage"},"image":{"@id":"https:\/\/miumjau.ee\/lt\/produktas\/dogfest-piles-filejas-koslajamas-kaulins-videjiem-un-lieliem-suniem-90-g\/#primaryimage"},"thumbnailUrl":"https:\/\/miumjau.ee\/wp-content\/uploads\/2025\/04\/dofest-maiused-koertele82.webp","datePublished":"2025-04-22T10:35:05+00:00","dateModified":"2026-01-07T18:42:12+00:00","description":"\u0160eit ir tulkojums latvie\u0161u valod\u0101: --- **DogFest** z\u012bmols pied\u0101v\u0101 pla\u0161u gardu uzkodu kl\u0101stu gan ka\u0137iem, gan su\u0146iem. N\u0101c un izm\u0113\u0123ini da\u017e\u0101dus \u2013 atrodi savu m\u012b\u013c\u0101ko!","breadcrumb":{"@id":"https:\/\/miumjau.ee\/lt\/produktas\/dogfest-piles-filejas-koslajamas-kaulins-videjiem-un-lieliem-suniem-90-g\/#breadcrumb"},"inLanguage":"lt-LT","potentialAction":[{"@type":"ReadAction","target":["https:\/\/miumjau.ee\/lt\/produktas\/dogfest-piles-filejas-koslajamas-kaulins-videjiem-un-lieliem-suniem-90-g\/"]}]},{"@type":"ImageObject","inLanguage":"lt-LT","@id":"https:\/\/miumjau.ee\/lt\/produktas\/dogfest-piles-filejas-koslajamas-kaulins-videjiem-un-lieliem-suniem-90-g\/#primaryimage","url":"https:\/\/miumjau.ee\/wp-content\/uploads\/2025\/04\/dofest-maiused-koertele82.webp","contentUrl":"https:\/\/miumjau.ee\/wp-content\/uploads\/2025\/04\/dofest-maiused-koertele82.webp","width":600,"height":800},{"@type":"BreadcrumbList","@id":"https:\/\/miumjau.ee\/lt\/produktas\/dogfest-piles-filejas-koslajamas-kaulins-videjiem-un-lieliem-suniem-90-g\/#breadcrumb","itemListElement":[{"@type":"ListItem","position":1,"name":"Home","item":"https:\/\/miumjau.ee\/lt\/"},{"@type":"ListItem","position":2,"name":"Parduotuv\u0117","item":"https:\/\/miumjau.ee\/lt\/parduotuve\/"},{"@type":"ListItem","position":3,"name":"DogFest p\u012bles filejas ko\u0161\u013c\u0101jam\u0101s kauli\u0146\u0161 vid\u0113jiem un lieliem su\u0146iem 90 g"}]},{"@type":"WebSite","@id":"https:\/\/miumjau.ee\/#website","url":"https:\/\/miumjau.ee\/","name":"MiuMjau","description":"Kraapimispuud kassidele","publisher":{"@id":"https:\/\/miumjau.ee\/#organization"},"potentialAction":[{"@type":"SearchAction","target":{"@type":"EntryPoint","urlTemplate":"https:\/\/miumjau.ee\/?s={search_term_string}"},"query-input":{"@type":"PropertyValueSpecification","valueRequired":true,"valueName":"search_term_string"}}],"inLanguage":"lt-LT"},{"@type":"Organization","@id":"https:\/\/miumjau.ee\/#organization","name":"MiuMjau O\u00dc","url":"https:\/\/miumjau.ee\/","logo":{"@type":"ImageObject","inLanguage":"lt-LT","@id":"https:\/\/miumjau.ee\/#\/schema\/logo\/image\/","url":"https:\/\/miumjau.ee\/wp-content\/uploads\/2022\/04\/MiuMjau-logo-kollane.png","contentUrl":"https:\/\/miumjau.ee\/wp-content\/uploads\/2022\/04\/MiuMjau-logo-kollane.png","width":219,"height":100,"caption":"MiuMjau O\u00dc"},"image":{"@id":"https:\/\/miumjau.ee\/#\/schema\/logo\/image\/"},"sameAs":["https:\/\/www.facebook.com\/miumjaupood\/"]}]}},"_links":{"self":[{"href":"https:\/\/miumjau.ee\/lt\/wp-json\/wp\/v2\/product\/50195","targetHints":{"allow":["GET"]}}],"collection":[{"href":"https:\/\/miumjau.ee\/lt\/wp-json\/wp\/v2\/product"}],"about":[{"href":"https:\/\/miumjau.ee\/lt\/wp-json\/wp\/v2\/types\/product"}],"wp:featuredmedia":[{"embeddable":true,"href":"https:\/\/miumjau.ee\/lt\/wp-json\/wp\/v2\/media\/50196"}],"wp:attachment":[{"href":"https:\/\/miumjau.ee\/lt\/wp-json\/wp\/v2\/media?parent=50195"}],"wp:term":[{"taxonomy":"product_brand","embeddable":true,"href":"https:\/\/miumjau.ee\/lt\/wp-json\/wp\/v2\/product_brand?post=50195"},{"taxonomy":"product_cat","embeddable":true,"href":"https:\/\/miumjau.ee\/lt\/wp-json\/wp\/v2\/product_cat?post=50195"},{"taxonomy":"product_tag","embeddable":true,"href":"https:\/\/miumjau.ee\/lt\/wp-json\/wp\/v2\/product_tag?post=50195"}],"curies":[{"name":"wp","href":"https:\/\/api.w.org\/{rel}","templated":true}]}}