{"id":50189,"date":"2025-04-22T13:35:16","date_gmt":"2025-04-22T10:35:16","guid":{"rendered":"https:\/\/miumjau.ee\/toode\/catfest-tunzivju-mousse-mitrs-bariba-kakeniem-12-x-70-g\/"},"modified":"2026-01-07T20:42:19","modified_gmt":"2026-01-07T18:42:19","slug":"catfest-tunzivju-mousse-mitrs-bariba-kakeniem-12-x-70-g","status":"publish","type":"product","link":"https:\/\/miumjau.ee\/lt\/produktas\/catfest-tunzivju-mousse-mitrs-bariba-kakeniem-12-x-70-g\/","title":{"rendered":"CatFest tunzivju mousse, mitrs bar\u012bba ka\u0137\u0113niem 12 x 70 g"},"content":{"rendered":"","protected":false},"excerpt":{"rendered":"<p data-start=\"64\" data-end=\"349\">Bag\u0101t\u012bg\u0101 tun\u010da past\u0113te ir ide\u0101li piem\u0113rota ka\u0137\u0113niem to akt\u012bv\u0101s aug\u0161anas un att\u012bst\u012bbas period\u0101. \u0160\u012b dabisk\u0101 bar\u012bba nodro\u0161ina j\u016bsu m\u012bluli ar Omega-3 tauksk\u0101b\u0113m, olbaltumviel\u0101m, vitam\u012bniem un miner\u0101lviel\u0101m, kas nepiecie\u0161amas vesel\u012bbas un ener\u0123ijas uztur\u0113\u0161anai. Pied\u0101v\u0101ts k\u0101 papildbar\u012bba.<\/p>\n<p data-start=\"351\" data-end=\"509\"><strong data-start=\"351\" data-end=\"363\">Sast\u0101vs:<\/strong> tun\u010da fileja 58%, zivju buljons 39,9%, an\u0161ovu e\u013c\u013ca, prebiotikas FOS, E vitam\u012bns, taur\u012bns, tapioka, cigori\u0146a ekstrakts, fruktoze, miner\u0101lvielas.<\/p>\n<p data-start=\"511\" data-end=\"649\"><strong data-start=\"511\" data-end=\"539\">Anal\u012btisk\u0101s sast\u0101vda\u013cas:<\/strong> olbaltumvielas 10%, tauki 0,8%, \u0161\u0137iedrvielas 1%, pelni 1,5%, mitrums 89%, ener\u0123\u0113tisk\u0101 v\u0113rt\u012bba \u2014 41,96 kcal.<\/p>\n<p data-start=\"651\" data-end=\"988\"><strong data-start=\"651\" data-end=\"669\">Priek\u0161roc\u012bbas:<\/strong> \u0160\u012b past\u0113te ir \u012bpa\u0161i izstr\u0101d\u0101ta ka\u0137\u0113niem, nodro\u0161inot visu nepiecie\u0161amo aug\u0161anai un att\u012bst\u012bbai. Omega-3 tauksk\u0101bes atbalsta \u0101das un ka\u017eoka vesel\u012bbu, olbaltumvielas pal\u012bdz uztur\u0113t musku\u013cu masu, savuk\u0101rt taur\u012bns veicina redzes un sirds att\u012bst\u012bbu. E vitam\u012bns stiprina im\u016bnsist\u0113mu, bet cigori\u0146a ekstrakts uzlabo gremo\u0161anu.<\/p>\n<p data-start=\"990\" data-end=\"1307\" data-is-last-node=\"\" data-is-only-node=\"\"><strong data-start=\"990\" data-end=\"1004\">Lieto\u0161ana:<\/strong> Ide\u0101li piem\u0113rota k\u0101 ikdienas papildbar\u012bba ka\u0137\u0113niem no vis\u0101m \u0161\u0137irn\u0113m. Pasniedziet istabas temperat\u016br\u0101, lai izceltu \u0113diena gar\u0161u. Glab\u0101jiet v\u0113s\u0101 un saus\u0101 viet\u0101. Ieteicams dot 2\u20133 paci\u0146as dien\u0101, atkar\u012bb\u0101 no ka\u0137\u0113na vecuma un aktivit\u0101tes l\u012bme\u0146a. P\u0101rliecinieties, ka ka\u0137\u0113nam vienm\u0113r ir pieejams svaigs \u016bdens.<\/p>\n","protected":false},"featured_media":50190,"template":"","meta":[],"product_brand":[],"product_cat":[526],"product_tag":[],"class_list":{"0":"post-50189","1":"product","2":"type-product","3":"status-publish","4":"has-post-thumbnail","6":"product_cat-slapias-maistas","8":"first","9":"instock","10":"sale","11":"taxable","12":"shipping-taxable","13":"purchasable","14":"product-type-simple"},"yoast_head":"<!-- This site is optimized with the Yoast SEO plugin v27.2 - https:\/\/yoast.com\/product\/yoast-seo-wordpress\/ -->\n<title>CatFest tunzivju mousse, mitrs bar\u012bba ka\u0137\u0113niem 12 x 70 g - MiuMjau<\/title>\n<meta name=\"description\" content=\"CatFest mousse ir \u0101rk\u0101rt\u012bgi maigs un gar\u0161\u012bgs, paredz\u0113ts tie\u0161i ka\u0137\u0113niem. \u012asta gard\u0113\u017eu malt\u012bte un maiga uzman\u012bba tavam mazajam m\u012blulim.\" \/>\n<meta name=\"robots\" content=\"index, follow, max-snippet:-1, max-image-preview:large, max-video-preview:-1\" \/>\n<link rel=\"canonical\" href=\"https:\/\/miumjau.ee\/lt\/produktas\/catfest-tunzivju-mousse-mitrs-bariba-kakeniem-12-x-70-g\/\" \/>\n<meta property=\"og:locale\" content=\"lt_LT\" \/>\n<meta property=\"og:type\" content=\"article\" \/>\n<meta property=\"og:title\" content=\"CatFest tunzivju mousse, mitrs bar\u012bba ka\u0137\u0113niem 12 x 70 g - MiuMjau\" \/>\n<meta property=\"og:description\" content=\"CatFest mousse ir \u0101rk\u0101rt\u012bgi maigs un gar\u0161\u012bgs, paredz\u0113ts tie\u0161i ka\u0137\u0113niem. \u012asta gard\u0113\u017eu malt\u012bte un maiga uzman\u012bba tavam mazajam m\u012blulim.\" \/>\n<meta property=\"og:url\" content=\"https:\/\/miumjau.ee\/lt\/produktas\/catfest-tunzivju-mousse-mitrs-bariba-kakeniem-12-x-70-g\/\" \/>\n<meta property=\"og:site_name\" content=\"MiuMjau\" \/>\n<meta property=\"article:publisher\" content=\"https:\/\/www.facebook.com\/miumjaupood\/\" \/>\n<meta property=\"article:modified_time\" content=\"2026-01-07T18:42:19+00:00\" \/>\n<meta property=\"og:image\" content=\"https:\/\/miumjau.ee\/wp-content\/uploads\/2025\/04\/catfest-margtoit-kassidele38.webp\" \/>\n\t<meta property=\"og:image:width\" content=\"600\" \/>\n\t<meta property=\"og:image:height\" content=\"800\" \/>\n\t<meta property=\"og:image:type\" content=\"image\/webp\" \/>\n<meta name=\"twitter:card\" content=\"summary_large_image\" \/>\n<script type=\"application\/ld+json\" class=\"yoast-schema-graph\">{\"@context\":\"https:\/\/schema.org\",\"@graph\":[{\"@type\":\"WebPage\",\"@id\":\"https:\/\/miumjau.ee\/lt\/produktas\/catfest-tunzivju-mousse-mitrs-bariba-kakeniem-12-x-70-g\/\",\"url\":\"https:\/\/miumjau.ee\/lt\/produktas\/catfest-tunzivju-mousse-mitrs-bariba-kakeniem-12-x-70-g\/\",\"name\":\"CatFest tunzivju mousse, mitrs bar\u012bba ka\u0137\u0113niem 12 x 70 g - MiuMjau\",\"isPartOf\":{\"@id\":\"https:\/\/miumjau.ee\/#website\"},\"primaryImageOfPage\":{\"@id\":\"https:\/\/miumjau.ee\/lt\/produktas\/catfest-tunzivju-mousse-mitrs-bariba-kakeniem-12-x-70-g\/#primaryimage\"},\"image\":{\"@id\":\"https:\/\/miumjau.ee\/lt\/produktas\/catfest-tunzivju-mousse-mitrs-bariba-kakeniem-12-x-70-g\/#primaryimage\"},\"thumbnailUrl\":\"https:\/\/miumjau.ee\/wp-content\/uploads\/2025\/04\/catfest-margtoit-kassidele38.webp\",\"datePublished\":\"2025-04-22T10:35:16+00:00\",\"dateModified\":\"2026-01-07T18:42:19+00:00\",\"description\":\"CatFest mousse ir \u0101rk\u0101rt\u012bgi maigs un gar\u0161\u012bgs, paredz\u0113ts tie\u0161i ka\u0137\u0113niem. \u012asta gard\u0113\u017eu malt\u012bte un maiga uzman\u012bba tavam mazajam m\u012blulim.\",\"breadcrumb\":{\"@id\":\"https:\/\/miumjau.ee\/lt\/produktas\/catfest-tunzivju-mousse-mitrs-bariba-kakeniem-12-x-70-g\/#breadcrumb\"},\"inLanguage\":\"lt-LT\",\"potentialAction\":[{\"@type\":\"ReadAction\",\"target\":[\"https:\/\/miumjau.ee\/lt\/produktas\/catfest-tunzivju-mousse-mitrs-bariba-kakeniem-12-x-70-g\/\"]}]},{\"@type\":\"ImageObject\",\"inLanguage\":\"lt-LT\",\"@id\":\"https:\/\/miumjau.ee\/lt\/produktas\/catfest-tunzivju-mousse-mitrs-bariba-kakeniem-12-x-70-g\/#primaryimage\",\"url\":\"https:\/\/miumjau.ee\/wp-content\/uploads\/2025\/04\/catfest-margtoit-kassidele38.webp\",\"contentUrl\":\"https:\/\/miumjau.ee\/wp-content\/uploads\/2025\/04\/catfest-margtoit-kassidele38.webp\",\"width\":600,\"height\":800},{\"@type\":\"BreadcrumbList\",\"@id\":\"https:\/\/miumjau.ee\/lt\/produktas\/catfest-tunzivju-mousse-mitrs-bariba-kakeniem-12-x-70-g\/#breadcrumb\",\"itemListElement\":[{\"@type\":\"ListItem\",\"position\":1,\"name\":\"Home\",\"item\":\"https:\/\/miumjau.ee\/lt\/\"},{\"@type\":\"ListItem\",\"position\":2,\"name\":\"Parduotuv\u0117\",\"item\":\"https:\/\/miumjau.ee\/lt\/parduotuve\/\"},{\"@type\":\"ListItem\",\"position\":3,\"name\":\"CatFest tunzivju mousse, mitrs bar\u012bba ka\u0137\u0113niem 12 x 70 g\"}]},{\"@type\":\"WebSite\",\"@id\":\"https:\/\/miumjau.ee\/#website\",\"url\":\"https:\/\/miumjau.ee\/\",\"name\":\"MiuMjau\",\"description\":\"Kraapimispuud kassidele\",\"publisher\":{\"@id\":\"https:\/\/miumjau.ee\/#organization\"},\"potentialAction\":[{\"@type\":\"SearchAction\",\"target\":{\"@type\":\"EntryPoint\",\"urlTemplate\":\"https:\/\/miumjau.ee\/?s={search_term_string}\"},\"query-input\":{\"@type\":\"PropertyValueSpecification\",\"valueRequired\":true,\"valueName\":\"search_term_string\"}}],\"inLanguage\":\"lt-LT\"},{\"@type\":\"Organization\",\"@id\":\"https:\/\/miumjau.ee\/#organization\",\"name\":\"MiuMjau O\u00dc\",\"url\":\"https:\/\/miumjau.ee\/\",\"logo\":{\"@type\":\"ImageObject\",\"inLanguage\":\"lt-LT\",\"@id\":\"https:\/\/miumjau.ee\/#\/schema\/logo\/image\/\",\"url\":\"https:\/\/miumjau.ee\/wp-content\/uploads\/2022\/04\/MiuMjau-logo-kollane.png\",\"contentUrl\":\"https:\/\/miumjau.ee\/wp-content\/uploads\/2022\/04\/MiuMjau-logo-kollane.png\",\"width\":219,\"height\":100,\"caption\":\"MiuMjau O\u00dc\"},\"image\":{\"@id\":\"https:\/\/miumjau.ee\/#\/schema\/logo\/image\/\"},\"sameAs\":[\"https:\/\/www.facebook.com\/miumjaupood\/\"]}]}<\/script>\n<!-- \/ Yoast SEO plugin. -->","yoast_head_json":{"title":"CatFest tunzivju mousse, mitrs bar\u012bba ka\u0137\u0113niem 12 x 70 g - MiuMjau","description":"CatFest mousse ir \u0101rk\u0101rt\u012bgi maigs un gar\u0161\u012bgs, paredz\u0113ts tie\u0161i ka\u0137\u0113niem. \u012asta gard\u0113\u017eu malt\u012bte un maiga uzman\u012bba tavam mazajam m\u012blulim.","robots":{"index":"index","follow":"follow","max-snippet":"max-snippet:-1","max-image-preview":"max-image-preview:large","max-video-preview":"max-video-preview:-1"},"canonical":"https:\/\/miumjau.ee\/lt\/produktas\/catfest-tunzivju-mousse-mitrs-bariba-kakeniem-12-x-70-g\/","og_locale":"lt_LT","og_type":"article","og_title":"CatFest tunzivju mousse, mitrs bar\u012bba ka\u0137\u0113niem 12 x 70 g - MiuMjau","og_description":"CatFest mousse ir \u0101rk\u0101rt\u012bgi maigs un gar\u0161\u012bgs, paredz\u0113ts tie\u0161i ka\u0137\u0113niem. \u012asta gard\u0113\u017eu malt\u012bte un maiga uzman\u012bba tavam mazajam m\u012blulim.","og_url":"https:\/\/miumjau.ee\/lt\/produktas\/catfest-tunzivju-mousse-mitrs-bariba-kakeniem-12-x-70-g\/","og_site_name":"MiuMjau","article_publisher":"https:\/\/www.facebook.com\/miumjaupood\/","article_modified_time":"2026-01-07T18:42:19+00:00","og_image":[{"width":600,"height":800,"url":"https:\/\/miumjau.ee\/wp-content\/uploads\/2025\/04\/catfest-margtoit-kassidele38.webp","type":"image\/webp"}],"twitter_card":"summary_large_image","schema":{"@context":"https:\/\/schema.org","@graph":[{"@type":"WebPage","@id":"https:\/\/miumjau.ee\/lt\/produktas\/catfest-tunzivju-mousse-mitrs-bariba-kakeniem-12-x-70-g\/","url":"https:\/\/miumjau.ee\/lt\/produktas\/catfest-tunzivju-mousse-mitrs-bariba-kakeniem-12-x-70-g\/","name":"CatFest tunzivju mousse, mitrs bar\u012bba ka\u0137\u0113niem 12 x 70 g - MiuMjau","isPartOf":{"@id":"https:\/\/miumjau.ee\/#website"},"primaryImageOfPage":{"@id":"https:\/\/miumjau.ee\/lt\/produktas\/catfest-tunzivju-mousse-mitrs-bariba-kakeniem-12-x-70-g\/#primaryimage"},"image":{"@id":"https:\/\/miumjau.ee\/lt\/produktas\/catfest-tunzivju-mousse-mitrs-bariba-kakeniem-12-x-70-g\/#primaryimage"},"thumbnailUrl":"https:\/\/miumjau.ee\/wp-content\/uploads\/2025\/04\/catfest-margtoit-kassidele38.webp","datePublished":"2025-04-22T10:35:16+00:00","dateModified":"2026-01-07T18:42:19+00:00","description":"CatFest mousse ir \u0101rk\u0101rt\u012bgi maigs un gar\u0161\u012bgs, paredz\u0113ts tie\u0161i ka\u0137\u0113niem. \u012asta gard\u0113\u017eu malt\u012bte un maiga uzman\u012bba tavam mazajam m\u012blulim.","breadcrumb":{"@id":"https:\/\/miumjau.ee\/lt\/produktas\/catfest-tunzivju-mousse-mitrs-bariba-kakeniem-12-x-70-g\/#breadcrumb"},"inLanguage":"lt-LT","potentialAction":[{"@type":"ReadAction","target":["https:\/\/miumjau.ee\/lt\/produktas\/catfest-tunzivju-mousse-mitrs-bariba-kakeniem-12-x-70-g\/"]}]},{"@type":"ImageObject","inLanguage":"lt-LT","@id":"https:\/\/miumjau.ee\/lt\/produktas\/catfest-tunzivju-mousse-mitrs-bariba-kakeniem-12-x-70-g\/#primaryimage","url":"https:\/\/miumjau.ee\/wp-content\/uploads\/2025\/04\/catfest-margtoit-kassidele38.webp","contentUrl":"https:\/\/miumjau.ee\/wp-content\/uploads\/2025\/04\/catfest-margtoit-kassidele38.webp","width":600,"height":800},{"@type":"BreadcrumbList","@id":"https:\/\/miumjau.ee\/lt\/produktas\/catfest-tunzivju-mousse-mitrs-bariba-kakeniem-12-x-70-g\/#breadcrumb","itemListElement":[{"@type":"ListItem","position":1,"name":"Home","item":"https:\/\/miumjau.ee\/lt\/"},{"@type":"ListItem","position":2,"name":"Parduotuv\u0117","item":"https:\/\/miumjau.ee\/lt\/parduotuve\/"},{"@type":"ListItem","position":3,"name":"CatFest tunzivju mousse, mitrs bar\u012bba ka\u0137\u0113niem 12 x 70 g"}]},{"@type":"WebSite","@id":"https:\/\/miumjau.ee\/#website","url":"https:\/\/miumjau.ee\/","name":"MiuMjau","description":"Kraapimispuud kassidele","publisher":{"@id":"https:\/\/miumjau.ee\/#organization"},"potentialAction":[{"@type":"SearchAction","target":{"@type":"EntryPoint","urlTemplate":"https:\/\/miumjau.ee\/?s={search_term_string}"},"query-input":{"@type":"PropertyValueSpecification","valueRequired":true,"valueName":"search_term_string"}}],"inLanguage":"lt-LT"},{"@type":"Organization","@id":"https:\/\/miumjau.ee\/#organization","name":"MiuMjau O\u00dc","url":"https:\/\/miumjau.ee\/","logo":{"@type":"ImageObject","inLanguage":"lt-LT","@id":"https:\/\/miumjau.ee\/#\/schema\/logo\/image\/","url":"https:\/\/miumjau.ee\/wp-content\/uploads\/2022\/04\/MiuMjau-logo-kollane.png","contentUrl":"https:\/\/miumjau.ee\/wp-content\/uploads\/2022\/04\/MiuMjau-logo-kollane.png","width":219,"height":100,"caption":"MiuMjau O\u00dc"},"image":{"@id":"https:\/\/miumjau.ee\/#\/schema\/logo\/image\/"},"sameAs":["https:\/\/www.facebook.com\/miumjaupood\/"]}]}},"_links":{"self":[{"href":"https:\/\/miumjau.ee\/lt\/wp-json\/wp\/v2\/product\/50189","targetHints":{"allow":["GET"]}}],"collection":[{"href":"https:\/\/miumjau.ee\/lt\/wp-json\/wp\/v2\/product"}],"about":[{"href":"https:\/\/miumjau.ee\/lt\/wp-json\/wp\/v2\/types\/product"}],"wp:featuredmedia":[{"embeddable":true,"href":"https:\/\/miumjau.ee\/lt\/wp-json\/wp\/v2\/media\/50190"}],"wp:attachment":[{"href":"https:\/\/miumjau.ee\/lt\/wp-json\/wp\/v2\/media?parent=50189"}],"wp:term":[{"taxonomy":"product_brand","embeddable":true,"href":"https:\/\/miumjau.ee\/lt\/wp-json\/wp\/v2\/product_brand?post=50189"},{"taxonomy":"product_cat","embeddable":true,"href":"https:\/\/miumjau.ee\/lt\/wp-json\/wp\/v2\/product_cat?post=50189"},{"taxonomy":"product_tag","embeddable":true,"href":"https:\/\/miumjau.ee\/lt\/wp-json\/wp\/v2\/product_tag?post=50189"}],"curies":[{"name":"wp","href":"https:\/\/api.w.org\/{rel}","templated":true}]}}