{"id":50187,"date":"2025-04-22T13:35:16","date_gmt":"2025-04-22T10:35:16","guid":{"rendered":"https:\/\/miumjau.ee\/toode\/catfest-porcijas-maisijums-ar-vistas-un-piles-galu-zeleja-12-x-70-g\/"},"modified":"2026-01-07T20:42:19","modified_gmt":"2026-01-07T18:42:19","slug":"catfest-porcijas-maisijums-ar-vistas-un-piles-galu-zeleja-12-x-70-g","status":"publish","type":"product","link":"https:\/\/miumjau.ee\/lt\/produktas\/catfest-porcijas-maisijums-ar-vistas-un-piles-galu-zeleja-12-x-70-g\/","title":{"rendered":"CatFest porcijas mais\u012bjums ar vistas un p\u012bles ga\u013cu \u017eelej\u0101, 12 x 70 g"},"content":{"rendered":"","protected":false},"excerpt":{"rendered":"<p data-start=\"64\" data-end=\"323\">Vistas un p\u012bles filejas gabali\u0146u \u0113diens ir \u012bsts gard\u0113\u017eu baud\u012bjums pat vispras\u012bg\u0101kajiem ka\u0137u gard\u0113\u017eiem. Maigas vistas un sul\u012bgas p\u012bles ga\u013cas kombin\u0101cija sniedz j\u016bsu m\u012blulim unik\u0101lu gar\u0161u, kurai vi\u0146\u0161 nevar\u0113s pretoties. Pied\u0101v\u0101ts k\u0101 papildbar\u012bba dabisk\u0101 veid\u0101.<\/p>\n<p data-start=\"325\" data-end=\"479\"><strong data-start=\"325\" data-end=\"337\">Sast\u0101vs:<\/strong> vistas fileja 54%, p\u012bles ga\u013ca 6%, vistas buljons 38%, an\u0161ovu e\u013c\u013ca, prebiotikas FOS, E vitam\u012bns, taur\u012bns, cigori\u0146a ekstrakts, miner\u0101lvielas.<\/p>\n<p data-start=\"481\" data-end=\"618\"><strong data-start=\"481\" data-end=\"509\">Anal\u012btisk\u0101s sast\u0101vda\u013cas:<\/strong> olbaltumvielas 9,5%, tauki 1,5%, \u0161\u0137iedrvielas 1%, pelni 1%, mitrums 89%, ener\u0123\u0113tisk\u0101 v\u0113rt\u012bba \u2014 45,61 kcal.<\/p>\n<p data-start=\"620\" data-end=\"969\"><strong data-start=\"620\" data-end=\"638\">Priek\u0161roc\u012bbas:<\/strong> \u0160is \u0113diens ir rad\u012bts tiem, kas nov\u0113rt\u0113 dabisku un kvalitat\u012bvu uzturu. P\u012bles ga\u013c\u0101 eso\u0161\u0101s Omega-3 un Omega-6 tauksk\u0101bes veicina \u0101das vesel\u012bbu un padara ka\u017eoku sp\u012bd\u012bgu un z\u012bdainu. Taur\u012bns atbalsta sirds un redzes vesel\u012bbu, savuk\u0101rt E vitam\u012bns stiprina im\u016bnsist\u0113mu. Cigori\u0146a ekstrakts uzlabo gremo\u0161anu un samazina izk\u0101rn\u012bjumu smaku.<\/p>\n<p data-start=\"971\" data-end=\"1278\" data-is-last-node=\"\" data-is-only-node=\"\"><strong data-start=\"971\" data-end=\"985\">Lieto\u0161ana:<\/strong> Piem\u0113rots k\u0101 papildbar\u012bba visiem pieaugu\u0161iem m\u0101jas ka\u0137iem, tostarp steriliz\u0113tiem un kastr\u0113tiem ka\u0137iem, k\u0101 ar\u012b ka\u0137iem ar aler\u0123ij\u0101m vai gremo\u0161anas probl\u0113m\u0101m. Pasniedziet istabas temperat\u016br\u0101. Glab\u0101t v\u0113s\u0101 un saus\u0101 viet\u0101. Dien\u0101 var dot l\u012bdz 3 paci\u0146\u0101m. Ka\u0137im vienm\u0113r j\u0101b\u016bt pieejamam svaigam \u016bdenim.<\/p>\n","protected":false},"featured_media":50188,"template":"","meta":[],"product_brand":[],"product_cat":[526],"product_tag":[],"class_list":{"0":"post-50187","1":"product","2":"type-product","3":"status-publish","4":"has-post-thumbnail","6":"product_cat-slapias-maistas","8":"first","9":"instock","10":"sale","11":"taxable","12":"shipping-taxable","13":"purchasable","14":"product-type-simple"},"yoast_head":"<!-- This site is optimized with the Yoast SEO plugin v27.2 - https:\/\/yoast.com\/product\/yoast-seo-wordpress\/ -->\n<title>CatFest porcijas mais\u012bjums ar vistas un p\u012bles ga\u013cu \u017eelej\u0101, 12 x 70 g - MiuMjau<\/title>\n<meta name=\"description\" content=\"CatFest simboliz\u0113 \u012bstu dab\u012bgu p\u0101rtiku. Filejas gabali\u0146i gard\u0101, sul\u012bg\u0101 \u017eelej\u0101. Tavs ka\u0137is vienk\u0101r\u0161i nevar\u0113s tam pretoties!\" \/>\n<meta name=\"robots\" content=\"index, follow, max-snippet:-1, max-image-preview:large, max-video-preview:-1\" \/>\n<link rel=\"canonical\" href=\"https:\/\/miumjau.ee\/lt\/produktas\/catfest-porcijas-maisijums-ar-vistas-un-piles-galu-zeleja-12-x-70-g\/\" \/>\n<meta property=\"og:locale\" content=\"lt_LT\" \/>\n<meta property=\"og:type\" content=\"article\" \/>\n<meta property=\"og:title\" content=\"CatFest porcijas mais\u012bjums ar vistas un p\u012bles ga\u013cu \u017eelej\u0101, 12 x 70 g - MiuMjau\" \/>\n<meta property=\"og:description\" content=\"CatFest simboliz\u0113 \u012bstu dab\u012bgu p\u0101rtiku. Filejas gabali\u0146i gard\u0101, sul\u012bg\u0101 \u017eelej\u0101. Tavs ka\u0137is vienk\u0101r\u0161i nevar\u0113s tam pretoties!\" \/>\n<meta property=\"og:url\" content=\"https:\/\/miumjau.ee\/lt\/produktas\/catfest-porcijas-maisijums-ar-vistas-un-piles-galu-zeleja-12-x-70-g\/\" \/>\n<meta property=\"og:site_name\" content=\"MiuMjau\" \/>\n<meta property=\"article:publisher\" content=\"https:\/\/www.facebook.com\/miumjaupood\/\" \/>\n<meta property=\"article:modified_time\" content=\"2026-01-07T18:42:19+00:00\" \/>\n<meta property=\"og:image\" content=\"https:\/\/miumjau.ee\/wp-content\/uploads\/2025\/04\/catfest-margtoit-kassidele28.webp\" \/>\n\t<meta property=\"og:image:width\" content=\"600\" \/>\n\t<meta property=\"og:image:height\" content=\"800\" \/>\n\t<meta property=\"og:image:type\" content=\"image\/webp\" \/>\n<meta name=\"twitter:card\" content=\"summary_large_image\" \/>\n<script type=\"application\/ld+json\" class=\"yoast-schema-graph\">{\"@context\":\"https:\/\/schema.org\",\"@graph\":[{\"@type\":\"WebPage\",\"@id\":\"https:\/\/miumjau.ee\/lt\/produktas\/catfest-porcijas-maisijums-ar-vistas-un-piles-galu-zeleja-12-x-70-g\/\",\"url\":\"https:\/\/miumjau.ee\/lt\/produktas\/catfest-porcijas-maisijums-ar-vistas-un-piles-galu-zeleja-12-x-70-g\/\",\"name\":\"CatFest porcijas mais\u012bjums ar vistas un p\u012bles ga\u013cu \u017eelej\u0101, 12 x 70 g - MiuMjau\",\"isPartOf\":{\"@id\":\"https:\/\/miumjau.ee\/#website\"},\"primaryImageOfPage\":{\"@id\":\"https:\/\/miumjau.ee\/lt\/produktas\/catfest-porcijas-maisijums-ar-vistas-un-piles-galu-zeleja-12-x-70-g\/#primaryimage\"},\"image\":{\"@id\":\"https:\/\/miumjau.ee\/lt\/produktas\/catfest-porcijas-maisijums-ar-vistas-un-piles-galu-zeleja-12-x-70-g\/#primaryimage\"},\"thumbnailUrl\":\"https:\/\/miumjau.ee\/wp-content\/uploads\/2025\/04\/catfest-margtoit-kassidele28.webp\",\"datePublished\":\"2025-04-22T10:35:16+00:00\",\"dateModified\":\"2026-01-07T18:42:19+00:00\",\"description\":\"CatFest simboliz\u0113 \u012bstu dab\u012bgu p\u0101rtiku. Filejas gabali\u0146i gard\u0101, sul\u012bg\u0101 \u017eelej\u0101. Tavs ka\u0137is vienk\u0101r\u0161i nevar\u0113s tam pretoties!\",\"breadcrumb\":{\"@id\":\"https:\/\/miumjau.ee\/lt\/produktas\/catfest-porcijas-maisijums-ar-vistas-un-piles-galu-zeleja-12-x-70-g\/#breadcrumb\"},\"inLanguage\":\"lt-LT\",\"potentialAction\":[{\"@type\":\"ReadAction\",\"target\":[\"https:\/\/miumjau.ee\/lt\/produktas\/catfest-porcijas-maisijums-ar-vistas-un-piles-galu-zeleja-12-x-70-g\/\"]}]},{\"@type\":\"ImageObject\",\"inLanguage\":\"lt-LT\",\"@id\":\"https:\/\/miumjau.ee\/lt\/produktas\/catfest-porcijas-maisijums-ar-vistas-un-piles-galu-zeleja-12-x-70-g\/#primaryimage\",\"url\":\"https:\/\/miumjau.ee\/wp-content\/uploads\/2025\/04\/catfest-margtoit-kassidele28.webp\",\"contentUrl\":\"https:\/\/miumjau.ee\/wp-content\/uploads\/2025\/04\/catfest-margtoit-kassidele28.webp\",\"width\":600,\"height\":800},{\"@type\":\"BreadcrumbList\",\"@id\":\"https:\/\/miumjau.ee\/lt\/produktas\/catfest-porcijas-maisijums-ar-vistas-un-piles-galu-zeleja-12-x-70-g\/#breadcrumb\",\"itemListElement\":[{\"@type\":\"ListItem\",\"position\":1,\"name\":\"Home\",\"item\":\"https:\/\/miumjau.ee\/lt\/\"},{\"@type\":\"ListItem\",\"position\":2,\"name\":\"Parduotuv\u0117\",\"item\":\"https:\/\/miumjau.ee\/lt\/parduotuve\/\"},{\"@type\":\"ListItem\",\"position\":3,\"name\":\"CatFest porcijas mais\u012bjums ar vistas un p\u012bles ga\u013cu \u017eelej\u0101, 12 x 70 g\"}]},{\"@type\":\"WebSite\",\"@id\":\"https:\/\/miumjau.ee\/#website\",\"url\":\"https:\/\/miumjau.ee\/\",\"name\":\"MiuMjau\",\"description\":\"Kraapimispuud kassidele\",\"publisher\":{\"@id\":\"https:\/\/miumjau.ee\/#organization\"},\"potentialAction\":[{\"@type\":\"SearchAction\",\"target\":{\"@type\":\"EntryPoint\",\"urlTemplate\":\"https:\/\/miumjau.ee\/?s={search_term_string}\"},\"query-input\":{\"@type\":\"PropertyValueSpecification\",\"valueRequired\":true,\"valueName\":\"search_term_string\"}}],\"inLanguage\":\"lt-LT\"},{\"@type\":\"Organization\",\"@id\":\"https:\/\/miumjau.ee\/#organization\",\"name\":\"MiuMjau O\u00dc\",\"url\":\"https:\/\/miumjau.ee\/\",\"logo\":{\"@type\":\"ImageObject\",\"inLanguage\":\"lt-LT\",\"@id\":\"https:\/\/miumjau.ee\/#\/schema\/logo\/image\/\",\"url\":\"https:\/\/miumjau.ee\/wp-content\/uploads\/2022\/04\/MiuMjau-logo-kollane.png\",\"contentUrl\":\"https:\/\/miumjau.ee\/wp-content\/uploads\/2022\/04\/MiuMjau-logo-kollane.png\",\"width\":219,\"height\":100,\"caption\":\"MiuMjau O\u00dc\"},\"image\":{\"@id\":\"https:\/\/miumjau.ee\/#\/schema\/logo\/image\/\"},\"sameAs\":[\"https:\/\/www.facebook.com\/miumjaupood\/\"]}]}<\/script>\n<!-- \/ Yoast SEO plugin. -->","yoast_head_json":{"title":"CatFest porcijas mais\u012bjums ar vistas un p\u012bles ga\u013cu \u017eelej\u0101, 12 x 70 g - MiuMjau","description":"CatFest simboliz\u0113 \u012bstu dab\u012bgu p\u0101rtiku. Filejas gabali\u0146i gard\u0101, sul\u012bg\u0101 \u017eelej\u0101. Tavs ka\u0137is vienk\u0101r\u0161i nevar\u0113s tam pretoties!","robots":{"index":"index","follow":"follow","max-snippet":"max-snippet:-1","max-image-preview":"max-image-preview:large","max-video-preview":"max-video-preview:-1"},"canonical":"https:\/\/miumjau.ee\/lt\/produktas\/catfest-porcijas-maisijums-ar-vistas-un-piles-galu-zeleja-12-x-70-g\/","og_locale":"lt_LT","og_type":"article","og_title":"CatFest porcijas mais\u012bjums ar vistas un p\u012bles ga\u013cu \u017eelej\u0101, 12 x 70 g - MiuMjau","og_description":"CatFest simboliz\u0113 \u012bstu dab\u012bgu p\u0101rtiku. Filejas gabali\u0146i gard\u0101, sul\u012bg\u0101 \u017eelej\u0101. Tavs ka\u0137is vienk\u0101r\u0161i nevar\u0113s tam pretoties!","og_url":"https:\/\/miumjau.ee\/lt\/produktas\/catfest-porcijas-maisijums-ar-vistas-un-piles-galu-zeleja-12-x-70-g\/","og_site_name":"MiuMjau","article_publisher":"https:\/\/www.facebook.com\/miumjaupood\/","article_modified_time":"2026-01-07T18:42:19+00:00","og_image":[{"width":600,"height":800,"url":"https:\/\/miumjau.ee\/wp-content\/uploads\/2025\/04\/catfest-margtoit-kassidele28.webp","type":"image\/webp"}],"twitter_card":"summary_large_image","schema":{"@context":"https:\/\/schema.org","@graph":[{"@type":"WebPage","@id":"https:\/\/miumjau.ee\/lt\/produktas\/catfest-porcijas-maisijums-ar-vistas-un-piles-galu-zeleja-12-x-70-g\/","url":"https:\/\/miumjau.ee\/lt\/produktas\/catfest-porcijas-maisijums-ar-vistas-un-piles-galu-zeleja-12-x-70-g\/","name":"CatFest porcijas mais\u012bjums ar vistas un p\u012bles ga\u013cu \u017eelej\u0101, 12 x 70 g - MiuMjau","isPartOf":{"@id":"https:\/\/miumjau.ee\/#website"},"primaryImageOfPage":{"@id":"https:\/\/miumjau.ee\/lt\/produktas\/catfest-porcijas-maisijums-ar-vistas-un-piles-galu-zeleja-12-x-70-g\/#primaryimage"},"image":{"@id":"https:\/\/miumjau.ee\/lt\/produktas\/catfest-porcijas-maisijums-ar-vistas-un-piles-galu-zeleja-12-x-70-g\/#primaryimage"},"thumbnailUrl":"https:\/\/miumjau.ee\/wp-content\/uploads\/2025\/04\/catfest-margtoit-kassidele28.webp","datePublished":"2025-04-22T10:35:16+00:00","dateModified":"2026-01-07T18:42:19+00:00","description":"CatFest simboliz\u0113 \u012bstu dab\u012bgu p\u0101rtiku. Filejas gabali\u0146i gard\u0101, sul\u012bg\u0101 \u017eelej\u0101. Tavs ka\u0137is vienk\u0101r\u0161i nevar\u0113s tam pretoties!","breadcrumb":{"@id":"https:\/\/miumjau.ee\/lt\/produktas\/catfest-porcijas-maisijums-ar-vistas-un-piles-galu-zeleja-12-x-70-g\/#breadcrumb"},"inLanguage":"lt-LT","potentialAction":[{"@type":"ReadAction","target":["https:\/\/miumjau.ee\/lt\/produktas\/catfest-porcijas-maisijums-ar-vistas-un-piles-galu-zeleja-12-x-70-g\/"]}]},{"@type":"ImageObject","inLanguage":"lt-LT","@id":"https:\/\/miumjau.ee\/lt\/produktas\/catfest-porcijas-maisijums-ar-vistas-un-piles-galu-zeleja-12-x-70-g\/#primaryimage","url":"https:\/\/miumjau.ee\/wp-content\/uploads\/2025\/04\/catfest-margtoit-kassidele28.webp","contentUrl":"https:\/\/miumjau.ee\/wp-content\/uploads\/2025\/04\/catfest-margtoit-kassidele28.webp","width":600,"height":800},{"@type":"BreadcrumbList","@id":"https:\/\/miumjau.ee\/lt\/produktas\/catfest-porcijas-maisijums-ar-vistas-un-piles-galu-zeleja-12-x-70-g\/#breadcrumb","itemListElement":[{"@type":"ListItem","position":1,"name":"Home","item":"https:\/\/miumjau.ee\/lt\/"},{"@type":"ListItem","position":2,"name":"Parduotuv\u0117","item":"https:\/\/miumjau.ee\/lt\/parduotuve\/"},{"@type":"ListItem","position":3,"name":"CatFest porcijas mais\u012bjums ar vistas un p\u012bles ga\u013cu \u017eelej\u0101, 12 x 70 g"}]},{"@type":"WebSite","@id":"https:\/\/miumjau.ee\/#website","url":"https:\/\/miumjau.ee\/","name":"MiuMjau","description":"Kraapimispuud kassidele","publisher":{"@id":"https:\/\/miumjau.ee\/#organization"},"potentialAction":[{"@type":"SearchAction","target":{"@type":"EntryPoint","urlTemplate":"https:\/\/miumjau.ee\/?s={search_term_string}"},"query-input":{"@type":"PropertyValueSpecification","valueRequired":true,"valueName":"search_term_string"}}],"inLanguage":"lt-LT"},{"@type":"Organization","@id":"https:\/\/miumjau.ee\/#organization","name":"MiuMjau O\u00dc","url":"https:\/\/miumjau.ee\/","logo":{"@type":"ImageObject","inLanguage":"lt-LT","@id":"https:\/\/miumjau.ee\/#\/schema\/logo\/image\/","url":"https:\/\/miumjau.ee\/wp-content\/uploads\/2022\/04\/MiuMjau-logo-kollane.png","contentUrl":"https:\/\/miumjau.ee\/wp-content\/uploads\/2022\/04\/MiuMjau-logo-kollane.png","width":219,"height":100,"caption":"MiuMjau O\u00dc"},"image":{"@id":"https:\/\/miumjau.ee\/#\/schema\/logo\/image\/"},"sameAs":["https:\/\/www.facebook.com\/miumjaupood\/"]}]}},"_links":{"self":[{"href":"https:\/\/miumjau.ee\/lt\/wp-json\/wp\/v2\/product\/50187","targetHints":{"allow":["GET"]}}],"collection":[{"href":"https:\/\/miumjau.ee\/lt\/wp-json\/wp\/v2\/product"}],"about":[{"href":"https:\/\/miumjau.ee\/lt\/wp-json\/wp\/v2\/types\/product"}],"wp:featuredmedia":[{"embeddable":true,"href":"https:\/\/miumjau.ee\/lt\/wp-json\/wp\/v2\/media\/50188"}],"wp:attachment":[{"href":"https:\/\/miumjau.ee\/lt\/wp-json\/wp\/v2\/media?parent=50187"}],"wp:term":[{"taxonomy":"product_brand","embeddable":true,"href":"https:\/\/miumjau.ee\/lt\/wp-json\/wp\/v2\/product_brand?post=50187"},{"taxonomy":"product_cat","embeddable":true,"href":"https:\/\/miumjau.ee\/lt\/wp-json\/wp\/v2\/product_cat?post=50187"},{"taxonomy":"product_tag","embeddable":true,"href":"https:\/\/miumjau.ee\/lt\/wp-json\/wp\/v2\/product_tag?post=50187"}],"curies":[{"name":"wp","href":"https:\/\/api.w.org\/{rel}","templated":true}]}}