{"id":50176,"date":"2025-04-22T13:35:16","date_gmt":"2025-04-22T10:35:16","guid":{"rendered":"https:\/\/miumjau.ee\/toode\/catfest-maiseliai-su-tunu-zeleje-konservai-katems-12-x-70-g\/"},"modified":"2026-01-07T20:42:26","modified_gmt":"2026-01-07T18:42:26","slug":"catfest-maiseliai-su-tunu-zeleje-konservai-katems-12-x-70-g","status":"publish","type":"product","link":"https:\/\/miumjau.ee\/lt\/produktas\/catfest-maiseliai-su-tunu-zeleje-konservai-katems-12-x-70-g\/","title":{"rendered":"CatFest mai\u0161eliai su tunu \u017eeleje, konservai kat\u0117ms 12 x 70 g"},"content":{"rendered":"","protected":false},"excerpt":{"rendered":"<p data-start=\"0\" data-end=\"305\"><strong data-start=\"0\" data-end=\"56\">Lauku tunas \u017eelej\u0101 \u2014 \u012bsts dab\u012bgs gardums j\u016bsu ka\u0137im!<\/strong> Tvaic\u0113ti maigie tunzivju filejas gabali\u0146i saglab\u0101 visas vitam\u012bnus un miner\u0101lvielas, kas nepiecie\u0161amas j\u016bsu m\u012blu\u013ca vesel\u012bbas uztur\u0113\u0161anai. M\u016bsu recepte ir bag\u0101tin\u0101ta ar taur\u012bnu, kas atbalsta ka\u0137a sirds un redzes vesel\u012bbu. Pied\u0101v\u0101ts k\u0101 papildbar\u012bba.<\/p>\n<p data-start=\"307\" data-end=\"448\"><strong data-start=\"307\" data-end=\"319\">Sast\u0101vs:<\/strong> tunzivju fileja 58%, zivju buljons 40%, an\u0161ovju e\u013c\u013ca, prebiotikas FOS, E vitam\u012bns, taur\u012bns, cigori\u0146u ekstrakts, miner\u0101lvielas.<\/p>\n<p data-start=\"450\" data-end=\"594\"><strong data-start=\"450\" data-end=\"478\">Anal\u012btisk\u0101s sast\u0101vda\u013cas:<\/strong> olbaltumvielas 10%, tauki 0,8%, rupjie \u0161\u0137iedrvielas 1%, pelni 1,5%, mitrums 89%, ener\u0123\u0113tisk\u0101 v\u0113rt\u012bba \u2014 46,7 kcal.<\/p>\n<p data-start=\"596\" data-end=\"1044\"><strong data-start=\"596\" data-end=\"614\">Priek\u0161roc\u012bbas:<\/strong> Nesatur m\u0101ksl\u012bg\u0101s kr\u0101svielas, konservantus vai gar\u0161as pastiprin\u0101t\u0101jus. Nesatur graudus, kukur\u016bzu, soju, glut\u0113nu, blakusproduktus vai \u0122MO. Taur\u012bns pozit\u012bvi ietekm\u0113 sirdi, redzi, dzirdes org\u0101nus un im\u016bnsist\u0113mu. An\u0161ovjos ieg\u016bt\u0101s omega-3 un omega-6 tauksk\u0101bes veicina skaistu un vesel\u012bgu ka\u017eoku aug\u0161anu, k\u0101 ar\u012b stiprina loc\u012btavas un zobus. Cigori\u0146i samazina ka\u0137u ekskrementu smaku, pal\u012bdzot saglab\u0101t svaigu gaisu ap tualetes kasti.<\/p>\n<p data-start=\"1046\" data-end=\"1360\" data-is-last-node=\"\" data-is-only-node=\"\"><strong data-start=\"1046\" data-end=\"1060\">Lieto\u0161ana:<\/strong> Piem\u0113rots k\u0101 papildbar\u012bba visiem pieaugu\u0161iem m\u0101jas ka\u0137iem, tostarp steriliz\u0113tiem un kastr\u0113tiem ka\u0137iem, k\u0101 ar\u012b tiem, kuriem ir aler\u0123ijas vai gremo\u0161anas probl\u0113mas. Pasniegt istabas temperat\u016br\u0101. Glab\u0101t v\u0113s\u0101 un saus\u0101 viet\u0101. Dien\u0101 dr\u012bkst dot l\u012bdz 3 iepakojumiem. Vienm\u0113r nodro\u0161in\u0101t pieejamu svaigu \u016bdeni.<\/p>\n","protected":false},"featured_media":50177,"template":"","meta":[],"product_brand":[],"product_cat":[526],"product_tag":[],"class_list":{"0":"post-50176","1":"product","2":"type-product","3":"status-publish","4":"has-post-thumbnail","6":"product_cat-slapias-maistas","8":"first","9":"instock","10":"sale","11":"taxable","12":"shipping-taxable","13":"purchasable","14":"product-type-simple"},"yoast_head":"<!-- This site is optimized with the Yoast SEO plugin v27.2 - https:\/\/yoast.com\/product\/yoast-seo-wordpress\/ -->\n<title>CatFest mai\u0161eliai su tunu \u017eeleje, konservai kat\u0117ms 12 x 70 g - MiuMjau<\/title>\n<meta name=\"description\" content=\"CatFest simboliz\u0113 \u012bstu dabisku \u0113dienu. Filejas gabali\u0146i gard\u0101, sul\u012bg\u0101 \u017eelej\u0101. Tavs ka\u0137is vienk\u0101r\u0161i nevar tam pretoties!\" \/>\n<meta name=\"robots\" content=\"index, follow, max-snippet:-1, max-image-preview:large, max-video-preview:-1\" \/>\n<link rel=\"canonical\" href=\"https:\/\/miumjau.ee\/lt\/produktas\/catfest-maiseliai-su-tunu-zeleje-konservai-katems-12-x-70-g\/\" \/>\n<meta property=\"og:locale\" content=\"lt_LT\" \/>\n<meta property=\"og:type\" content=\"article\" \/>\n<meta property=\"og:title\" content=\"CatFest mai\u0161eliai su tunu \u017eeleje, konservai kat\u0117ms 12 x 70 g - MiuMjau\" \/>\n<meta property=\"og:description\" content=\"CatFest simboliz\u0113 \u012bstu dabisku \u0113dienu. Filejas gabali\u0146i gard\u0101, sul\u012bg\u0101 \u017eelej\u0101. Tavs ka\u0137is vienk\u0101r\u0161i nevar tam pretoties!\" \/>\n<meta property=\"og:url\" content=\"https:\/\/miumjau.ee\/lt\/produktas\/catfest-maiseliai-su-tunu-zeleje-konservai-katems-12-x-70-g\/\" \/>\n<meta property=\"og:site_name\" content=\"MiuMjau\" \/>\n<meta property=\"article:publisher\" content=\"https:\/\/www.facebook.com\/miumjaupood\/\" \/>\n<meta property=\"article:modified_time\" content=\"2026-01-07T18:42:26+00:00\" \/>\n<meta property=\"og:image\" content=\"https:\/\/miumjau.ee\/wp-content\/uploads\/2025\/04\/catfest-margtoit-kassidele21.webp\" \/>\n\t<meta property=\"og:image:width\" content=\"600\" \/>\n\t<meta property=\"og:image:height\" content=\"800\" \/>\n\t<meta property=\"og:image:type\" content=\"image\/webp\" \/>\n<meta name=\"twitter:card\" content=\"summary_large_image\" \/>\n<script type=\"application\/ld+json\" class=\"yoast-schema-graph\">{\"@context\":\"https:\/\/schema.org\",\"@graph\":[{\"@type\":\"WebPage\",\"@id\":\"https:\/\/miumjau.ee\/lt\/produktas\/catfest-maiseliai-su-tunu-zeleje-konservai-katems-12-x-70-g\/\",\"url\":\"https:\/\/miumjau.ee\/lt\/produktas\/catfest-maiseliai-su-tunu-zeleje-konservai-katems-12-x-70-g\/\",\"name\":\"CatFest mai\u0161eliai su tunu \u017eeleje, konservai kat\u0117ms 12 x 70 g - MiuMjau\",\"isPartOf\":{\"@id\":\"https:\/\/miumjau.ee\/#website\"},\"primaryImageOfPage\":{\"@id\":\"https:\/\/miumjau.ee\/lt\/produktas\/catfest-maiseliai-su-tunu-zeleje-konservai-katems-12-x-70-g\/#primaryimage\"},\"image\":{\"@id\":\"https:\/\/miumjau.ee\/lt\/produktas\/catfest-maiseliai-su-tunu-zeleje-konservai-katems-12-x-70-g\/#primaryimage\"},\"thumbnailUrl\":\"https:\/\/miumjau.ee\/wp-content\/uploads\/2025\/04\/catfest-margtoit-kassidele21.webp\",\"datePublished\":\"2025-04-22T10:35:16+00:00\",\"dateModified\":\"2026-01-07T18:42:26+00:00\",\"description\":\"CatFest simboliz\u0113 \u012bstu dabisku \u0113dienu. Filejas gabali\u0146i gard\u0101, sul\u012bg\u0101 \u017eelej\u0101. Tavs ka\u0137is vienk\u0101r\u0161i nevar tam pretoties!\",\"breadcrumb\":{\"@id\":\"https:\/\/miumjau.ee\/lt\/produktas\/catfest-maiseliai-su-tunu-zeleje-konservai-katems-12-x-70-g\/#breadcrumb\"},\"inLanguage\":\"lt-LT\",\"potentialAction\":[{\"@type\":\"ReadAction\",\"target\":[\"https:\/\/miumjau.ee\/lt\/produktas\/catfest-maiseliai-su-tunu-zeleje-konservai-katems-12-x-70-g\/\"]}]},{\"@type\":\"ImageObject\",\"inLanguage\":\"lt-LT\",\"@id\":\"https:\/\/miumjau.ee\/lt\/produktas\/catfest-maiseliai-su-tunu-zeleje-konservai-katems-12-x-70-g\/#primaryimage\",\"url\":\"https:\/\/miumjau.ee\/wp-content\/uploads\/2025\/04\/catfest-margtoit-kassidele21.webp\",\"contentUrl\":\"https:\/\/miumjau.ee\/wp-content\/uploads\/2025\/04\/catfest-margtoit-kassidele21.webp\",\"width\":600,\"height\":800},{\"@type\":\"BreadcrumbList\",\"@id\":\"https:\/\/miumjau.ee\/lt\/produktas\/catfest-maiseliai-su-tunu-zeleje-konservai-katems-12-x-70-g\/#breadcrumb\",\"itemListElement\":[{\"@type\":\"ListItem\",\"position\":1,\"name\":\"Home\",\"item\":\"https:\/\/miumjau.ee\/lt\/\"},{\"@type\":\"ListItem\",\"position\":2,\"name\":\"Parduotuv\u0117\",\"item\":\"https:\/\/miumjau.ee\/lt\/parduotuve\/\"},{\"@type\":\"ListItem\",\"position\":3,\"name\":\"CatFest mai\u0161eliai su tunu \u017eeleje, konservai kat\u0117ms 12 x 70 g\"}]},{\"@type\":\"WebSite\",\"@id\":\"https:\/\/miumjau.ee\/#website\",\"url\":\"https:\/\/miumjau.ee\/\",\"name\":\"MiuMjau\",\"description\":\"Kraapimispuud kassidele\",\"publisher\":{\"@id\":\"https:\/\/miumjau.ee\/#organization\"},\"potentialAction\":[{\"@type\":\"SearchAction\",\"target\":{\"@type\":\"EntryPoint\",\"urlTemplate\":\"https:\/\/miumjau.ee\/?s={search_term_string}\"},\"query-input\":{\"@type\":\"PropertyValueSpecification\",\"valueRequired\":true,\"valueName\":\"search_term_string\"}}],\"inLanguage\":\"lt-LT\"},{\"@type\":\"Organization\",\"@id\":\"https:\/\/miumjau.ee\/#organization\",\"name\":\"MiuMjau O\u00dc\",\"url\":\"https:\/\/miumjau.ee\/\",\"logo\":{\"@type\":\"ImageObject\",\"inLanguage\":\"lt-LT\",\"@id\":\"https:\/\/miumjau.ee\/#\/schema\/logo\/image\/\",\"url\":\"https:\/\/miumjau.ee\/wp-content\/uploads\/2022\/04\/MiuMjau-logo-kollane.png\",\"contentUrl\":\"https:\/\/miumjau.ee\/wp-content\/uploads\/2022\/04\/MiuMjau-logo-kollane.png\",\"width\":219,\"height\":100,\"caption\":\"MiuMjau O\u00dc\"},\"image\":{\"@id\":\"https:\/\/miumjau.ee\/#\/schema\/logo\/image\/\"},\"sameAs\":[\"https:\/\/www.facebook.com\/miumjaupood\/\"]}]}<\/script>\n<!-- \/ Yoast SEO plugin. -->","yoast_head_json":{"title":"CatFest mai\u0161eliai su tunu \u017eeleje, konservai kat\u0117ms 12 x 70 g - MiuMjau","description":"CatFest simboliz\u0113 \u012bstu dabisku \u0113dienu. Filejas gabali\u0146i gard\u0101, sul\u012bg\u0101 \u017eelej\u0101. Tavs ka\u0137is vienk\u0101r\u0161i nevar tam pretoties!","robots":{"index":"index","follow":"follow","max-snippet":"max-snippet:-1","max-image-preview":"max-image-preview:large","max-video-preview":"max-video-preview:-1"},"canonical":"https:\/\/miumjau.ee\/lt\/produktas\/catfest-maiseliai-su-tunu-zeleje-konservai-katems-12-x-70-g\/","og_locale":"lt_LT","og_type":"article","og_title":"CatFest mai\u0161eliai su tunu \u017eeleje, konservai kat\u0117ms 12 x 70 g - MiuMjau","og_description":"CatFest simboliz\u0113 \u012bstu dabisku \u0113dienu. Filejas gabali\u0146i gard\u0101, sul\u012bg\u0101 \u017eelej\u0101. Tavs ka\u0137is vienk\u0101r\u0161i nevar tam pretoties!","og_url":"https:\/\/miumjau.ee\/lt\/produktas\/catfest-maiseliai-su-tunu-zeleje-konservai-katems-12-x-70-g\/","og_site_name":"MiuMjau","article_publisher":"https:\/\/www.facebook.com\/miumjaupood\/","article_modified_time":"2026-01-07T18:42:26+00:00","og_image":[{"width":600,"height":800,"url":"https:\/\/miumjau.ee\/wp-content\/uploads\/2025\/04\/catfest-margtoit-kassidele21.webp","type":"image\/webp"}],"twitter_card":"summary_large_image","schema":{"@context":"https:\/\/schema.org","@graph":[{"@type":"WebPage","@id":"https:\/\/miumjau.ee\/lt\/produktas\/catfest-maiseliai-su-tunu-zeleje-konservai-katems-12-x-70-g\/","url":"https:\/\/miumjau.ee\/lt\/produktas\/catfest-maiseliai-su-tunu-zeleje-konservai-katems-12-x-70-g\/","name":"CatFest mai\u0161eliai su tunu \u017eeleje, konservai kat\u0117ms 12 x 70 g - MiuMjau","isPartOf":{"@id":"https:\/\/miumjau.ee\/#website"},"primaryImageOfPage":{"@id":"https:\/\/miumjau.ee\/lt\/produktas\/catfest-maiseliai-su-tunu-zeleje-konservai-katems-12-x-70-g\/#primaryimage"},"image":{"@id":"https:\/\/miumjau.ee\/lt\/produktas\/catfest-maiseliai-su-tunu-zeleje-konservai-katems-12-x-70-g\/#primaryimage"},"thumbnailUrl":"https:\/\/miumjau.ee\/wp-content\/uploads\/2025\/04\/catfest-margtoit-kassidele21.webp","datePublished":"2025-04-22T10:35:16+00:00","dateModified":"2026-01-07T18:42:26+00:00","description":"CatFest simboliz\u0113 \u012bstu dabisku \u0113dienu. Filejas gabali\u0146i gard\u0101, sul\u012bg\u0101 \u017eelej\u0101. Tavs ka\u0137is vienk\u0101r\u0161i nevar tam pretoties!","breadcrumb":{"@id":"https:\/\/miumjau.ee\/lt\/produktas\/catfest-maiseliai-su-tunu-zeleje-konservai-katems-12-x-70-g\/#breadcrumb"},"inLanguage":"lt-LT","potentialAction":[{"@type":"ReadAction","target":["https:\/\/miumjau.ee\/lt\/produktas\/catfest-maiseliai-su-tunu-zeleje-konservai-katems-12-x-70-g\/"]}]},{"@type":"ImageObject","inLanguage":"lt-LT","@id":"https:\/\/miumjau.ee\/lt\/produktas\/catfest-maiseliai-su-tunu-zeleje-konservai-katems-12-x-70-g\/#primaryimage","url":"https:\/\/miumjau.ee\/wp-content\/uploads\/2025\/04\/catfest-margtoit-kassidele21.webp","contentUrl":"https:\/\/miumjau.ee\/wp-content\/uploads\/2025\/04\/catfest-margtoit-kassidele21.webp","width":600,"height":800},{"@type":"BreadcrumbList","@id":"https:\/\/miumjau.ee\/lt\/produktas\/catfest-maiseliai-su-tunu-zeleje-konservai-katems-12-x-70-g\/#breadcrumb","itemListElement":[{"@type":"ListItem","position":1,"name":"Home","item":"https:\/\/miumjau.ee\/lt\/"},{"@type":"ListItem","position":2,"name":"Parduotuv\u0117","item":"https:\/\/miumjau.ee\/lt\/parduotuve\/"},{"@type":"ListItem","position":3,"name":"CatFest mai\u0161eliai su tunu \u017eeleje, konservai kat\u0117ms 12 x 70 g"}]},{"@type":"WebSite","@id":"https:\/\/miumjau.ee\/#website","url":"https:\/\/miumjau.ee\/","name":"MiuMjau","description":"Kraapimispuud kassidele","publisher":{"@id":"https:\/\/miumjau.ee\/#organization"},"potentialAction":[{"@type":"SearchAction","target":{"@type":"EntryPoint","urlTemplate":"https:\/\/miumjau.ee\/?s={search_term_string}"},"query-input":{"@type":"PropertyValueSpecification","valueRequired":true,"valueName":"search_term_string"}}],"inLanguage":"lt-LT"},{"@type":"Organization","@id":"https:\/\/miumjau.ee\/#organization","name":"MiuMjau O\u00dc","url":"https:\/\/miumjau.ee\/","logo":{"@type":"ImageObject","inLanguage":"lt-LT","@id":"https:\/\/miumjau.ee\/#\/schema\/logo\/image\/","url":"https:\/\/miumjau.ee\/wp-content\/uploads\/2022\/04\/MiuMjau-logo-kollane.png","contentUrl":"https:\/\/miumjau.ee\/wp-content\/uploads\/2022\/04\/MiuMjau-logo-kollane.png","width":219,"height":100,"caption":"MiuMjau O\u00dc"},"image":{"@id":"https:\/\/miumjau.ee\/#\/schema\/logo\/image\/"},"sameAs":["https:\/\/www.facebook.com\/miumjaupood\/"]}]}},"_links":{"self":[{"href":"https:\/\/miumjau.ee\/lt\/wp-json\/wp\/v2\/product\/50176","targetHints":{"allow":["GET"]}}],"collection":[{"href":"https:\/\/miumjau.ee\/lt\/wp-json\/wp\/v2\/product"}],"about":[{"href":"https:\/\/miumjau.ee\/lt\/wp-json\/wp\/v2\/types\/product"}],"wp:featuredmedia":[{"embeddable":true,"href":"https:\/\/miumjau.ee\/lt\/wp-json\/wp\/v2\/media\/50177"}],"wp:attachment":[{"href":"https:\/\/miumjau.ee\/lt\/wp-json\/wp\/v2\/media?parent=50176"}],"wp:term":[{"taxonomy":"product_brand","embeddable":true,"href":"https:\/\/miumjau.ee\/lt\/wp-json\/wp\/v2\/product_brand?post=50176"},{"taxonomy":"product_cat","embeddable":true,"href":"https:\/\/miumjau.ee\/lt\/wp-json\/wp\/v2\/product_cat?post=50176"},{"taxonomy":"product_tag","embeddable":true,"href":"https:\/\/miumjau.ee\/lt\/wp-json\/wp\/v2\/product_tag?post=50176"}],"curies":[{"name":"wp","href":"https:\/\/api.w.org\/{rel}","templated":true}]}}