{"id":50172,"date":"2025-04-22T13:35:16","date_gmt":"2025-04-22T10:35:16","guid":{"rendered":"https:\/\/miumjau.ee\/toode\/dogfest-pintine-is-vistienos-antienos-ir-menkes-90-g\/"},"modified":"2026-01-07T20:42:26","modified_gmt":"2026-01-07T18:42:26","slug":"dogfest-pintine-is-vistienos-antienos-ir-menkes-90-g","status":"publish","type":"product","link":"https:\/\/miumjau.ee\/lt\/produktas\/dogfest-pintine-is-vistienos-antienos-ir-menkes-90-g\/","title":{"rendered":"DogFest pintin\u0117 i\u0161 vi\u0161tienos, antienos ir menk\u0117s, 90 g"},"content":{"rendered":"","protected":false},"excerpt":{"rendered":"<p data-start=\"62\" data-end=\"271\">\u0160i pintin\u0117 skan\u0117stas derina vi\u0161tien\u0105, antien\u0105 ir menk\u0119, suteikdama j\u016bs\u0173 \u0161uniui gard\u0173 ir sveik\u0105 u\u017ekand\u012f. Mink\u0161ta tekst\u016bra ir patogi forma daro j\u0105 idealia kasdieniniam skan\u0117stui arba treniruo\u010di\u0173 apdovanojimui.<\/p>\n<p data-start=\"273\" data-end=\"387\"><strong data-start=\"273\" data-end=\"285\">Sud\u0117tis:<\/strong> vi\u0161tienos m\u0117sa, antienos m\u0117sa, menk\u0117, augalin\u0117s kilm\u0117s \u0161alutiniai produktai, mineralin\u0117s med\u017eiagos.<\/p>\n<p data-start=\"389\" data-end=\"519\"><strong data-start=\"389\" data-end=\"423\">Analitin\u0117s sudedamosios dalys:<\/strong> baltymai 36%, riebalai 6%, dr\u0117gm\u0117 21%, skaidulos 1%, mineralai 5%, energin\u0117 vert\u0117 \u2014 314 kcal.<\/p>\n<p data-start=\"521\" data-end=\"788\"><strong data-start=\"521\" data-end=\"536\">Privalumai:<\/strong> nat\u016brali sud\u0117tis be dirbtini\u0173 da\u017eikli\u0173, konservant\u0173 ar skonio stiprikli\u0173. Auk\u0161tas baltym\u0173 kiekis padeda palaikyti raumen\u0173 mas\u0119 ir palaiko aktyv\u0173 \u0161uns gyvenimo b\u016bd\u0105. Subalansuota sud\u0117tis suteikia \u0161uniui reikaling\u0105 energij\u0105 ir maisting\u0105sias med\u017eiagas.<\/p>\n<p data-start=\"790\" data-end=\"1229\" data-is-last-node=\"\" data-is-only-node=\"\"><strong data-start=\"790\" data-end=\"805\">Naudojimas:<\/strong> pateikite kaip u\u017ekand\u012f dienos metu. Maksimalus dienos kiekis: 1\u20132 vnt. Priklausomai nuo \u0161uns poreiki\u0173 ir b\u016bkl\u0117s, kiek\u012f galima reguliuoti. Visada u\u017etikrinkite \u0161vie\u017ei\u0105 geriam\u0105j\u012f vanden\u012f. Neleiskite \u0161uniui b\u016bti be prie\u017ei\u016bros valgant skan\u0117st\u0105 ar palikus vien\u0105 su pakuote. Pakuot\u0117je esantis deguonies absorbuojantis paketas n\u0117ra valgomas. Laikyti sausoje ir v\u0117sioje vietoje; po atidarymo sandariai u\u017edaryti ir laikyti \u0161aldytuve.<\/p>\n","protected":false},"featured_media":50173,"template":"","meta":[],"product_brand":[],"product_cat":[540],"product_tag":[],"class_list":{"0":"post-50172","1":"product","2":"type-product","3":"status-publish","4":"has-post-thumbnail","6":"product_cat-skanestai-sunims","8":"first","9":"instock","10":"sale","11":"taxable","12":"shipping-taxable","13":"purchasable","14":"product-type-simple"},"yoast_head":"<!-- This site is optimized with the Yoast SEO plugin v27.2 - https:\/\/yoast.com\/product\/yoast-seo-wordpress\/ -->\n<title>DogFest pintin\u0117 i\u0161 vi\u0161tienos, antienos ir menk\u0117s, 90 g - MiuMjau<\/title>\n<meta name=\"description\" content=\"DogFest z\u012bmols pied\u0101v\u0101 pla\u0161u gar\u0161\u012bgu uzkodu kl\u0101stu gan ka\u0137iem, gan su\u0146iem. N\u0101c un izm\u0113\u0123ini da\u017e\u0101d\u0101s gar\u0161as, lai atrastu sava m\u012blu\u013ca iecien\u012bt\u0101ko!\" \/>\n<meta name=\"robots\" content=\"index, follow, max-snippet:-1, max-image-preview:large, max-video-preview:-1\" \/>\n<link rel=\"canonical\" href=\"https:\/\/miumjau.ee\/lt\/produktas\/dogfest-pintine-is-vistienos-antienos-ir-menkes-90-g\/\" \/>\n<meta property=\"og:locale\" content=\"lt_LT\" \/>\n<meta property=\"og:type\" content=\"article\" \/>\n<meta property=\"og:title\" content=\"DogFest pintin\u0117 i\u0161 vi\u0161tienos, antienos ir menk\u0117s, 90 g - MiuMjau\" \/>\n<meta property=\"og:description\" content=\"DogFest z\u012bmols pied\u0101v\u0101 pla\u0161u gar\u0161\u012bgu uzkodu kl\u0101stu gan ka\u0137iem, gan su\u0146iem. N\u0101c un izm\u0113\u0123ini da\u017e\u0101d\u0101s gar\u0161as, lai atrastu sava m\u012blu\u013ca iecien\u012bt\u0101ko!\" \/>\n<meta property=\"og:url\" content=\"https:\/\/miumjau.ee\/lt\/produktas\/dogfest-pintine-is-vistienos-antienos-ir-menkes-90-g\/\" \/>\n<meta property=\"og:site_name\" content=\"MiuMjau\" \/>\n<meta property=\"article:publisher\" content=\"https:\/\/www.facebook.com\/miumjaupood\/\" \/>\n<meta property=\"article:modified_time\" content=\"2026-01-07T18:42:26+00:00\" \/>\n<meta property=\"og:image\" content=\"https:\/\/miumjau.ee\/wp-content\/uploads\/2025\/04\/dofest-maiused-koertele64.webp\" \/>\n\t<meta property=\"og:image:width\" content=\"600\" \/>\n\t<meta property=\"og:image:height\" content=\"800\" \/>\n\t<meta property=\"og:image:type\" content=\"image\/webp\" \/>\n<meta name=\"twitter:card\" content=\"summary_large_image\" \/>\n<script type=\"application\/ld+json\" class=\"yoast-schema-graph\">{\"@context\":\"https:\/\/schema.org\",\"@graph\":[{\"@type\":\"WebPage\",\"@id\":\"https:\/\/miumjau.ee\/lt\/produktas\/dogfest-pintine-is-vistienos-antienos-ir-menkes-90-g\/\",\"url\":\"https:\/\/miumjau.ee\/lt\/produktas\/dogfest-pintine-is-vistienos-antienos-ir-menkes-90-g\/\",\"name\":\"DogFest pintin\u0117 i\u0161 vi\u0161tienos, antienos ir menk\u0117s, 90 g - MiuMjau\",\"isPartOf\":{\"@id\":\"https:\/\/miumjau.ee\/#website\"},\"primaryImageOfPage\":{\"@id\":\"https:\/\/miumjau.ee\/lt\/produktas\/dogfest-pintine-is-vistienos-antienos-ir-menkes-90-g\/#primaryimage\"},\"image\":{\"@id\":\"https:\/\/miumjau.ee\/lt\/produktas\/dogfest-pintine-is-vistienos-antienos-ir-menkes-90-g\/#primaryimage\"},\"thumbnailUrl\":\"https:\/\/miumjau.ee\/wp-content\/uploads\/2025\/04\/dofest-maiused-koertele64.webp\",\"datePublished\":\"2025-04-22T10:35:16+00:00\",\"dateModified\":\"2026-01-07T18:42:26+00:00\",\"description\":\"DogFest z\u012bmols pied\u0101v\u0101 pla\u0161u gar\u0161\u012bgu uzkodu kl\u0101stu gan ka\u0137iem, gan su\u0146iem. N\u0101c un izm\u0113\u0123ini da\u017e\u0101d\u0101s gar\u0161as, lai atrastu sava m\u012blu\u013ca iecien\u012bt\u0101ko!\",\"breadcrumb\":{\"@id\":\"https:\/\/miumjau.ee\/lt\/produktas\/dogfest-pintine-is-vistienos-antienos-ir-menkes-90-g\/#breadcrumb\"},\"inLanguage\":\"lt-LT\",\"potentialAction\":[{\"@type\":\"ReadAction\",\"target\":[\"https:\/\/miumjau.ee\/lt\/produktas\/dogfest-pintine-is-vistienos-antienos-ir-menkes-90-g\/\"]}]},{\"@type\":\"ImageObject\",\"inLanguage\":\"lt-LT\",\"@id\":\"https:\/\/miumjau.ee\/lt\/produktas\/dogfest-pintine-is-vistienos-antienos-ir-menkes-90-g\/#primaryimage\",\"url\":\"https:\/\/miumjau.ee\/wp-content\/uploads\/2025\/04\/dofest-maiused-koertele64.webp\",\"contentUrl\":\"https:\/\/miumjau.ee\/wp-content\/uploads\/2025\/04\/dofest-maiused-koertele64.webp\",\"width\":600,\"height\":800},{\"@type\":\"BreadcrumbList\",\"@id\":\"https:\/\/miumjau.ee\/lt\/produktas\/dogfest-pintine-is-vistienos-antienos-ir-menkes-90-g\/#breadcrumb\",\"itemListElement\":[{\"@type\":\"ListItem\",\"position\":1,\"name\":\"Home\",\"item\":\"https:\/\/miumjau.ee\/lt\/\"},{\"@type\":\"ListItem\",\"position\":2,\"name\":\"Parduotuv\u0117\",\"item\":\"https:\/\/miumjau.ee\/lt\/parduotuve\/\"},{\"@type\":\"ListItem\",\"position\":3,\"name\":\"DogFest pintin\u0117 i\u0161 vi\u0161tienos, antienos ir menk\u0117s, 90 g\"}]},{\"@type\":\"WebSite\",\"@id\":\"https:\/\/miumjau.ee\/#website\",\"url\":\"https:\/\/miumjau.ee\/\",\"name\":\"MiuMjau\",\"description\":\"Kraapimispuud kassidele\",\"publisher\":{\"@id\":\"https:\/\/miumjau.ee\/#organization\"},\"potentialAction\":[{\"@type\":\"SearchAction\",\"target\":{\"@type\":\"EntryPoint\",\"urlTemplate\":\"https:\/\/miumjau.ee\/?s={search_term_string}\"},\"query-input\":{\"@type\":\"PropertyValueSpecification\",\"valueRequired\":true,\"valueName\":\"search_term_string\"}}],\"inLanguage\":\"lt-LT\"},{\"@type\":\"Organization\",\"@id\":\"https:\/\/miumjau.ee\/#organization\",\"name\":\"MiuMjau O\u00dc\",\"url\":\"https:\/\/miumjau.ee\/\",\"logo\":{\"@type\":\"ImageObject\",\"inLanguage\":\"lt-LT\",\"@id\":\"https:\/\/miumjau.ee\/#\/schema\/logo\/image\/\",\"url\":\"https:\/\/miumjau.ee\/wp-content\/uploads\/2022\/04\/MiuMjau-logo-kollane.png\",\"contentUrl\":\"https:\/\/miumjau.ee\/wp-content\/uploads\/2022\/04\/MiuMjau-logo-kollane.png\",\"width\":219,\"height\":100,\"caption\":\"MiuMjau O\u00dc\"},\"image\":{\"@id\":\"https:\/\/miumjau.ee\/#\/schema\/logo\/image\/\"},\"sameAs\":[\"https:\/\/www.facebook.com\/miumjaupood\/\"]}]}<\/script>\n<!-- \/ Yoast SEO plugin. -->","yoast_head_json":{"title":"DogFest pintin\u0117 i\u0161 vi\u0161tienos, antienos ir menk\u0117s, 90 g - MiuMjau","description":"DogFest z\u012bmols pied\u0101v\u0101 pla\u0161u gar\u0161\u012bgu uzkodu kl\u0101stu gan ka\u0137iem, gan su\u0146iem. N\u0101c un izm\u0113\u0123ini da\u017e\u0101d\u0101s gar\u0161as, lai atrastu sava m\u012blu\u013ca iecien\u012bt\u0101ko!","robots":{"index":"index","follow":"follow","max-snippet":"max-snippet:-1","max-image-preview":"max-image-preview:large","max-video-preview":"max-video-preview:-1"},"canonical":"https:\/\/miumjau.ee\/lt\/produktas\/dogfest-pintine-is-vistienos-antienos-ir-menkes-90-g\/","og_locale":"lt_LT","og_type":"article","og_title":"DogFest pintin\u0117 i\u0161 vi\u0161tienos, antienos ir menk\u0117s, 90 g - MiuMjau","og_description":"DogFest z\u012bmols pied\u0101v\u0101 pla\u0161u gar\u0161\u012bgu uzkodu kl\u0101stu gan ka\u0137iem, gan su\u0146iem. N\u0101c un izm\u0113\u0123ini da\u017e\u0101d\u0101s gar\u0161as, lai atrastu sava m\u012blu\u013ca iecien\u012bt\u0101ko!","og_url":"https:\/\/miumjau.ee\/lt\/produktas\/dogfest-pintine-is-vistienos-antienos-ir-menkes-90-g\/","og_site_name":"MiuMjau","article_publisher":"https:\/\/www.facebook.com\/miumjaupood\/","article_modified_time":"2026-01-07T18:42:26+00:00","og_image":[{"width":600,"height":800,"url":"https:\/\/miumjau.ee\/wp-content\/uploads\/2025\/04\/dofest-maiused-koertele64.webp","type":"image\/webp"}],"twitter_card":"summary_large_image","schema":{"@context":"https:\/\/schema.org","@graph":[{"@type":"WebPage","@id":"https:\/\/miumjau.ee\/lt\/produktas\/dogfest-pintine-is-vistienos-antienos-ir-menkes-90-g\/","url":"https:\/\/miumjau.ee\/lt\/produktas\/dogfest-pintine-is-vistienos-antienos-ir-menkes-90-g\/","name":"DogFest pintin\u0117 i\u0161 vi\u0161tienos, antienos ir menk\u0117s, 90 g - MiuMjau","isPartOf":{"@id":"https:\/\/miumjau.ee\/#website"},"primaryImageOfPage":{"@id":"https:\/\/miumjau.ee\/lt\/produktas\/dogfest-pintine-is-vistienos-antienos-ir-menkes-90-g\/#primaryimage"},"image":{"@id":"https:\/\/miumjau.ee\/lt\/produktas\/dogfest-pintine-is-vistienos-antienos-ir-menkes-90-g\/#primaryimage"},"thumbnailUrl":"https:\/\/miumjau.ee\/wp-content\/uploads\/2025\/04\/dofest-maiused-koertele64.webp","datePublished":"2025-04-22T10:35:16+00:00","dateModified":"2026-01-07T18:42:26+00:00","description":"DogFest z\u012bmols pied\u0101v\u0101 pla\u0161u gar\u0161\u012bgu uzkodu kl\u0101stu gan ka\u0137iem, gan su\u0146iem. N\u0101c un izm\u0113\u0123ini da\u017e\u0101d\u0101s gar\u0161as, lai atrastu sava m\u012blu\u013ca iecien\u012bt\u0101ko!","breadcrumb":{"@id":"https:\/\/miumjau.ee\/lt\/produktas\/dogfest-pintine-is-vistienos-antienos-ir-menkes-90-g\/#breadcrumb"},"inLanguage":"lt-LT","potentialAction":[{"@type":"ReadAction","target":["https:\/\/miumjau.ee\/lt\/produktas\/dogfest-pintine-is-vistienos-antienos-ir-menkes-90-g\/"]}]},{"@type":"ImageObject","inLanguage":"lt-LT","@id":"https:\/\/miumjau.ee\/lt\/produktas\/dogfest-pintine-is-vistienos-antienos-ir-menkes-90-g\/#primaryimage","url":"https:\/\/miumjau.ee\/wp-content\/uploads\/2025\/04\/dofest-maiused-koertele64.webp","contentUrl":"https:\/\/miumjau.ee\/wp-content\/uploads\/2025\/04\/dofest-maiused-koertele64.webp","width":600,"height":800},{"@type":"BreadcrumbList","@id":"https:\/\/miumjau.ee\/lt\/produktas\/dogfest-pintine-is-vistienos-antienos-ir-menkes-90-g\/#breadcrumb","itemListElement":[{"@type":"ListItem","position":1,"name":"Home","item":"https:\/\/miumjau.ee\/lt\/"},{"@type":"ListItem","position":2,"name":"Parduotuv\u0117","item":"https:\/\/miumjau.ee\/lt\/parduotuve\/"},{"@type":"ListItem","position":3,"name":"DogFest pintin\u0117 i\u0161 vi\u0161tienos, antienos ir menk\u0117s, 90 g"}]},{"@type":"WebSite","@id":"https:\/\/miumjau.ee\/#website","url":"https:\/\/miumjau.ee\/","name":"MiuMjau","description":"Kraapimispuud kassidele","publisher":{"@id":"https:\/\/miumjau.ee\/#organization"},"potentialAction":[{"@type":"SearchAction","target":{"@type":"EntryPoint","urlTemplate":"https:\/\/miumjau.ee\/?s={search_term_string}"},"query-input":{"@type":"PropertyValueSpecification","valueRequired":true,"valueName":"search_term_string"}}],"inLanguage":"lt-LT"},{"@type":"Organization","@id":"https:\/\/miumjau.ee\/#organization","name":"MiuMjau O\u00dc","url":"https:\/\/miumjau.ee\/","logo":{"@type":"ImageObject","inLanguage":"lt-LT","@id":"https:\/\/miumjau.ee\/#\/schema\/logo\/image\/","url":"https:\/\/miumjau.ee\/wp-content\/uploads\/2022\/04\/MiuMjau-logo-kollane.png","contentUrl":"https:\/\/miumjau.ee\/wp-content\/uploads\/2022\/04\/MiuMjau-logo-kollane.png","width":219,"height":100,"caption":"MiuMjau O\u00dc"},"image":{"@id":"https:\/\/miumjau.ee\/#\/schema\/logo\/image\/"},"sameAs":["https:\/\/www.facebook.com\/miumjaupood\/"]}]}},"_links":{"self":[{"href":"https:\/\/miumjau.ee\/lt\/wp-json\/wp\/v2\/product\/50172","targetHints":{"allow":["GET"]}}],"collection":[{"href":"https:\/\/miumjau.ee\/lt\/wp-json\/wp\/v2\/product"}],"about":[{"href":"https:\/\/miumjau.ee\/lt\/wp-json\/wp\/v2\/types\/product"}],"wp:featuredmedia":[{"embeddable":true,"href":"https:\/\/miumjau.ee\/lt\/wp-json\/wp\/v2\/media\/50173"}],"wp:attachment":[{"href":"https:\/\/miumjau.ee\/lt\/wp-json\/wp\/v2\/media?parent=50172"}],"wp:term":[{"taxonomy":"product_brand","embeddable":true,"href":"https:\/\/miumjau.ee\/lt\/wp-json\/wp\/v2\/product_brand?post=50172"},{"taxonomy":"product_cat","embeddable":true,"href":"https:\/\/miumjau.ee\/lt\/wp-json\/wp\/v2\/product_cat?post=50172"},{"taxonomy":"product_tag","embeddable":true,"href":"https:\/\/miumjau.ee\/lt\/wp-json\/wp\/v2\/product_tag?post=50172"}],"curies":[{"name":"wp","href":"https:\/\/api.w.org\/{rel}","templated":true}]}}