{"id":50162,"date":"2025-04-22T13:35:16","date_gmt":"2025-04-22T10:35:16","guid":{"rendered":"https:\/\/miumjau.ee\/toode\/dogfest-treningardumi-no-titaru-galas-ar-linu-seklam-90-g\/"},"modified":"2026-01-07T20:42:26","modified_gmt":"2026-01-07T18:42:26","slug":"dogfest-treningardumi-no-titaru-galas-ar-linu-seklam-90-g","status":"publish","type":"product","link":"https:\/\/miumjau.ee\/lt\/produktas\/dogfest-treningardumi-no-titaru-galas-ar-linu-seklam-90-g\/","title":{"rendered":"DogFest treni\u0146gardumi no t\u012btaru ga\u013cas ar linu s\u0113kl\u0101m 90 g"},"content":{"rendered":"","protected":false},"excerpt":{"rendered":"<p>M\u0113s r\u016bp\u012bgi pievienoj\u0101m izv\u0113l\u0113tai t\u012btara ga\u013cai vesel\u012bg\u0101s lins\u0113klas. Liels vitam\u012bnu, aminosk\u0101bju un antioksidantu daudzums kombin\u0101cij\u0101 ar zema tauku satura ga\u013cu padara \u0161o na\u0161\u0137i ide\u0101li piem\u0113rotu treni\u0146u na\u0161\u0137im.<\/p>\n<p><strong>Sast\u0101vs:<\/strong> t\u012btara ga\u013ca 67,5%, lins\u0113klas 8%, za\u013c\u0101 t\u0113ja, augu blakusprodukti, miner\u0101lvielas.<\/p>\n<p><strong>Anal\u012btisk\u0101s sast\u0101vda\u013cas:<\/strong> kopprote\u012bns 25%, koptauki 8%, kop\u0161\u0137iedra 1%, koppe\u013c\u0146i 5%, mitrums 23%.<\/p>\n<p><strong>Lieto\u0161anas nor\u0101d\u012bjumi:<\/strong> Daudzumu var piel\u0101got atbilsto\u0161i su\u0146a vajadz\u012bb\u0101m un st\u0101voklim. Vienm\u0113r nodro\u0161iniet svaigu dzeramo \u016bdeni. Neatst\u0101jiet suni bez uzraudz\u012bbas, kam\u0113r tas ko\u0161\u013c\u0101 na\u0161\u0137i, vai vienatn\u0113 ar na\u0161\u0137a iepakojumu. Iepakojum\u0101 eso\u0161ais sk\u0101bek\u013ca absorbents nav \u0113dams. Glab\u0101t saus\u0101 un v\u0113s\u0101 viet\u0101; p\u0113c atv\u0113r\u0161anas uzglab\u0101t ledusskap\u012b.<\/p>\n","protected":false},"featured_media":50163,"template":"","meta":[],"product_brand":[],"product_cat":[540],"product_tag":[],"class_list":{"0":"post-50162","1":"product","2":"type-product","3":"status-publish","4":"has-post-thumbnail","6":"product_cat-skanestai-sunims","8":"first","9":"instock","10":"taxable","11":"shipping-taxable","12":"purchasable","13":"product-type-simple"},"yoast_head":"<!-- This site is optimized with the Yoast SEO plugin v27.2 - https:\/\/yoast.com\/product\/yoast-seo-wordpress\/ -->\n<title>DogFest treni\u0146gardumi no t\u012btaru ga\u013cas ar linu s\u0113kl\u0101m 90 g - MiuMjau<\/title>\n<meta name=\"description\" content=\"Dogfest prek\u0117s \u017eenklas si\u016blo plat\u0173 gard\u017ei\u0173 u\u017ekand\u017ei\u0173 asortiment\u0105 tiek kat\u0117ms, tiek \u0161unims. I\u0161bandykite skirtingus ir raskite savo m\u0117gstamiausi\u0105!\" \/>\n<meta name=\"robots\" content=\"index, follow, max-snippet:-1, max-image-preview:large, max-video-preview:-1\" \/>\n<link rel=\"canonical\" href=\"https:\/\/miumjau.ee\/lt\/produktas\/dogfest-treningardumi-no-titaru-galas-ar-linu-seklam-90-g\/\" \/>\n<meta property=\"og:locale\" content=\"lt_LT\" \/>\n<meta property=\"og:type\" content=\"article\" \/>\n<meta property=\"og:title\" content=\"DogFest treni\u0146gardumi no t\u012btaru ga\u013cas ar linu s\u0113kl\u0101m 90 g - MiuMjau\" \/>\n<meta property=\"og:description\" content=\"Dogfest prek\u0117s \u017eenklas si\u016blo plat\u0173 gard\u017ei\u0173 u\u017ekand\u017ei\u0173 asortiment\u0105 tiek kat\u0117ms, tiek \u0161unims. I\u0161bandykite skirtingus ir raskite savo m\u0117gstamiausi\u0105!\" \/>\n<meta property=\"og:url\" content=\"https:\/\/miumjau.ee\/lt\/produktas\/dogfest-treningardumi-no-titaru-galas-ar-linu-seklam-90-g\/\" \/>\n<meta property=\"og:site_name\" content=\"MiuMjau\" \/>\n<meta property=\"article:publisher\" content=\"https:\/\/www.facebook.com\/miumjaupood\/\" \/>\n<meta property=\"article:modified_time\" content=\"2026-01-07T18:42:26+00:00\" \/>\n<meta property=\"og:image\" content=\"https:\/\/miumjau.ee\/wp-content\/uploads\/2025\/04\/dofest-maiused-koertele48.webp\" \/>\n\t<meta property=\"og:image:width\" content=\"600\" \/>\n\t<meta property=\"og:image:height\" content=\"800\" \/>\n\t<meta property=\"og:image:type\" content=\"image\/webp\" \/>\n<meta name=\"twitter:card\" content=\"summary_large_image\" \/>\n<script type=\"application\/ld+json\" class=\"yoast-schema-graph\">{\"@context\":\"https:\/\/schema.org\",\"@graph\":[{\"@type\":\"WebPage\",\"@id\":\"https:\/\/miumjau.ee\/lt\/produktas\/dogfest-treningardumi-no-titaru-galas-ar-linu-seklam-90-g\/\",\"url\":\"https:\/\/miumjau.ee\/lt\/produktas\/dogfest-treningardumi-no-titaru-galas-ar-linu-seklam-90-g\/\",\"name\":\"DogFest treni\u0146gardumi no t\u012btaru ga\u013cas ar linu s\u0113kl\u0101m 90 g - MiuMjau\",\"isPartOf\":{\"@id\":\"https:\/\/miumjau.ee\/#website\"},\"primaryImageOfPage\":{\"@id\":\"https:\/\/miumjau.ee\/lt\/produktas\/dogfest-treningardumi-no-titaru-galas-ar-linu-seklam-90-g\/#primaryimage\"},\"image\":{\"@id\":\"https:\/\/miumjau.ee\/lt\/produktas\/dogfest-treningardumi-no-titaru-galas-ar-linu-seklam-90-g\/#primaryimage\"},\"thumbnailUrl\":\"https:\/\/miumjau.ee\/wp-content\/uploads\/2025\/04\/dofest-maiused-koertele48.webp\",\"datePublished\":\"2025-04-22T10:35:16+00:00\",\"dateModified\":\"2026-01-07T18:42:26+00:00\",\"description\":\"Dogfest prek\u0117s \u017eenklas si\u016blo plat\u0173 gard\u017ei\u0173 u\u017ekand\u017ei\u0173 asortiment\u0105 tiek kat\u0117ms, tiek \u0161unims. I\u0161bandykite skirtingus ir raskite savo m\u0117gstamiausi\u0105!\",\"breadcrumb\":{\"@id\":\"https:\/\/miumjau.ee\/lt\/produktas\/dogfest-treningardumi-no-titaru-galas-ar-linu-seklam-90-g\/#breadcrumb\"},\"inLanguage\":\"lt-LT\",\"potentialAction\":[{\"@type\":\"ReadAction\",\"target\":[\"https:\/\/miumjau.ee\/lt\/produktas\/dogfest-treningardumi-no-titaru-galas-ar-linu-seklam-90-g\/\"]}]},{\"@type\":\"ImageObject\",\"inLanguage\":\"lt-LT\",\"@id\":\"https:\/\/miumjau.ee\/lt\/produktas\/dogfest-treningardumi-no-titaru-galas-ar-linu-seklam-90-g\/#primaryimage\",\"url\":\"https:\/\/miumjau.ee\/wp-content\/uploads\/2025\/04\/dofest-maiused-koertele48.webp\",\"contentUrl\":\"https:\/\/miumjau.ee\/wp-content\/uploads\/2025\/04\/dofest-maiused-koertele48.webp\",\"width\":600,\"height\":800},{\"@type\":\"BreadcrumbList\",\"@id\":\"https:\/\/miumjau.ee\/lt\/produktas\/dogfest-treningardumi-no-titaru-galas-ar-linu-seklam-90-g\/#breadcrumb\",\"itemListElement\":[{\"@type\":\"ListItem\",\"position\":1,\"name\":\"Home\",\"item\":\"https:\/\/miumjau.ee\/lt\/\"},{\"@type\":\"ListItem\",\"position\":2,\"name\":\"Parduotuv\u0117\",\"item\":\"https:\/\/miumjau.ee\/lt\/parduotuve\/\"},{\"@type\":\"ListItem\",\"position\":3,\"name\":\"DogFest treni\u0146gardumi no t\u012btaru ga\u013cas ar linu s\u0113kl\u0101m 90 g\"}]},{\"@type\":\"WebSite\",\"@id\":\"https:\/\/miumjau.ee\/#website\",\"url\":\"https:\/\/miumjau.ee\/\",\"name\":\"MiuMjau\",\"description\":\"Kraapimispuud kassidele\",\"publisher\":{\"@id\":\"https:\/\/miumjau.ee\/#organization\"},\"potentialAction\":[{\"@type\":\"SearchAction\",\"target\":{\"@type\":\"EntryPoint\",\"urlTemplate\":\"https:\/\/miumjau.ee\/?s={search_term_string}\"},\"query-input\":{\"@type\":\"PropertyValueSpecification\",\"valueRequired\":true,\"valueName\":\"search_term_string\"}}],\"inLanguage\":\"lt-LT\"},{\"@type\":\"Organization\",\"@id\":\"https:\/\/miumjau.ee\/#organization\",\"name\":\"MiuMjau O\u00dc\",\"url\":\"https:\/\/miumjau.ee\/\",\"logo\":{\"@type\":\"ImageObject\",\"inLanguage\":\"lt-LT\",\"@id\":\"https:\/\/miumjau.ee\/#\/schema\/logo\/image\/\",\"url\":\"https:\/\/miumjau.ee\/wp-content\/uploads\/2022\/04\/MiuMjau-logo-kollane.png\",\"contentUrl\":\"https:\/\/miumjau.ee\/wp-content\/uploads\/2022\/04\/MiuMjau-logo-kollane.png\",\"width\":219,\"height\":100,\"caption\":\"MiuMjau O\u00dc\"},\"image\":{\"@id\":\"https:\/\/miumjau.ee\/#\/schema\/logo\/image\/\"},\"sameAs\":[\"https:\/\/www.facebook.com\/miumjaupood\/\"]}]}<\/script>\n<!-- \/ Yoast SEO plugin. -->","yoast_head_json":{"title":"DogFest treni\u0146gardumi no t\u012btaru ga\u013cas ar linu s\u0113kl\u0101m 90 g - MiuMjau","description":"Dogfest prek\u0117s \u017eenklas si\u016blo plat\u0173 gard\u017ei\u0173 u\u017ekand\u017ei\u0173 asortiment\u0105 tiek kat\u0117ms, tiek \u0161unims. I\u0161bandykite skirtingus ir raskite savo m\u0117gstamiausi\u0105!","robots":{"index":"index","follow":"follow","max-snippet":"max-snippet:-1","max-image-preview":"max-image-preview:large","max-video-preview":"max-video-preview:-1"},"canonical":"https:\/\/miumjau.ee\/lt\/produktas\/dogfest-treningardumi-no-titaru-galas-ar-linu-seklam-90-g\/","og_locale":"lt_LT","og_type":"article","og_title":"DogFest treni\u0146gardumi no t\u012btaru ga\u013cas ar linu s\u0113kl\u0101m 90 g - MiuMjau","og_description":"Dogfest prek\u0117s \u017eenklas si\u016blo plat\u0173 gard\u017ei\u0173 u\u017ekand\u017ei\u0173 asortiment\u0105 tiek kat\u0117ms, tiek \u0161unims. I\u0161bandykite skirtingus ir raskite savo m\u0117gstamiausi\u0105!","og_url":"https:\/\/miumjau.ee\/lt\/produktas\/dogfest-treningardumi-no-titaru-galas-ar-linu-seklam-90-g\/","og_site_name":"MiuMjau","article_publisher":"https:\/\/www.facebook.com\/miumjaupood\/","article_modified_time":"2026-01-07T18:42:26+00:00","og_image":[{"width":600,"height":800,"url":"https:\/\/miumjau.ee\/wp-content\/uploads\/2025\/04\/dofest-maiused-koertele48.webp","type":"image\/webp"}],"twitter_card":"summary_large_image","schema":{"@context":"https:\/\/schema.org","@graph":[{"@type":"WebPage","@id":"https:\/\/miumjau.ee\/lt\/produktas\/dogfest-treningardumi-no-titaru-galas-ar-linu-seklam-90-g\/","url":"https:\/\/miumjau.ee\/lt\/produktas\/dogfest-treningardumi-no-titaru-galas-ar-linu-seklam-90-g\/","name":"DogFest treni\u0146gardumi no t\u012btaru ga\u013cas ar linu s\u0113kl\u0101m 90 g - MiuMjau","isPartOf":{"@id":"https:\/\/miumjau.ee\/#website"},"primaryImageOfPage":{"@id":"https:\/\/miumjau.ee\/lt\/produktas\/dogfest-treningardumi-no-titaru-galas-ar-linu-seklam-90-g\/#primaryimage"},"image":{"@id":"https:\/\/miumjau.ee\/lt\/produktas\/dogfest-treningardumi-no-titaru-galas-ar-linu-seklam-90-g\/#primaryimage"},"thumbnailUrl":"https:\/\/miumjau.ee\/wp-content\/uploads\/2025\/04\/dofest-maiused-koertele48.webp","datePublished":"2025-04-22T10:35:16+00:00","dateModified":"2026-01-07T18:42:26+00:00","description":"Dogfest prek\u0117s \u017eenklas si\u016blo plat\u0173 gard\u017ei\u0173 u\u017ekand\u017ei\u0173 asortiment\u0105 tiek kat\u0117ms, tiek \u0161unims. I\u0161bandykite skirtingus ir raskite savo m\u0117gstamiausi\u0105!","breadcrumb":{"@id":"https:\/\/miumjau.ee\/lt\/produktas\/dogfest-treningardumi-no-titaru-galas-ar-linu-seklam-90-g\/#breadcrumb"},"inLanguage":"lt-LT","potentialAction":[{"@type":"ReadAction","target":["https:\/\/miumjau.ee\/lt\/produktas\/dogfest-treningardumi-no-titaru-galas-ar-linu-seklam-90-g\/"]}]},{"@type":"ImageObject","inLanguage":"lt-LT","@id":"https:\/\/miumjau.ee\/lt\/produktas\/dogfest-treningardumi-no-titaru-galas-ar-linu-seklam-90-g\/#primaryimage","url":"https:\/\/miumjau.ee\/wp-content\/uploads\/2025\/04\/dofest-maiused-koertele48.webp","contentUrl":"https:\/\/miumjau.ee\/wp-content\/uploads\/2025\/04\/dofest-maiused-koertele48.webp","width":600,"height":800},{"@type":"BreadcrumbList","@id":"https:\/\/miumjau.ee\/lt\/produktas\/dogfest-treningardumi-no-titaru-galas-ar-linu-seklam-90-g\/#breadcrumb","itemListElement":[{"@type":"ListItem","position":1,"name":"Home","item":"https:\/\/miumjau.ee\/lt\/"},{"@type":"ListItem","position":2,"name":"Parduotuv\u0117","item":"https:\/\/miumjau.ee\/lt\/parduotuve\/"},{"@type":"ListItem","position":3,"name":"DogFest treni\u0146gardumi no t\u012btaru ga\u013cas ar linu s\u0113kl\u0101m 90 g"}]},{"@type":"WebSite","@id":"https:\/\/miumjau.ee\/#website","url":"https:\/\/miumjau.ee\/","name":"MiuMjau","description":"Kraapimispuud kassidele","publisher":{"@id":"https:\/\/miumjau.ee\/#organization"},"potentialAction":[{"@type":"SearchAction","target":{"@type":"EntryPoint","urlTemplate":"https:\/\/miumjau.ee\/?s={search_term_string}"},"query-input":{"@type":"PropertyValueSpecification","valueRequired":true,"valueName":"search_term_string"}}],"inLanguage":"lt-LT"},{"@type":"Organization","@id":"https:\/\/miumjau.ee\/#organization","name":"MiuMjau O\u00dc","url":"https:\/\/miumjau.ee\/","logo":{"@type":"ImageObject","inLanguage":"lt-LT","@id":"https:\/\/miumjau.ee\/#\/schema\/logo\/image\/","url":"https:\/\/miumjau.ee\/wp-content\/uploads\/2022\/04\/MiuMjau-logo-kollane.png","contentUrl":"https:\/\/miumjau.ee\/wp-content\/uploads\/2022\/04\/MiuMjau-logo-kollane.png","width":219,"height":100,"caption":"MiuMjau O\u00dc"},"image":{"@id":"https:\/\/miumjau.ee\/#\/schema\/logo\/image\/"},"sameAs":["https:\/\/www.facebook.com\/miumjaupood\/"]}]}},"_links":{"self":[{"href":"https:\/\/miumjau.ee\/lt\/wp-json\/wp\/v2\/product\/50162","targetHints":{"allow":["GET"]}}],"collection":[{"href":"https:\/\/miumjau.ee\/lt\/wp-json\/wp\/v2\/product"}],"about":[{"href":"https:\/\/miumjau.ee\/lt\/wp-json\/wp\/v2\/types\/product"}],"wp:featuredmedia":[{"embeddable":true,"href":"https:\/\/miumjau.ee\/lt\/wp-json\/wp\/v2\/media\/50163"}],"wp:attachment":[{"href":"https:\/\/miumjau.ee\/lt\/wp-json\/wp\/v2\/media?parent=50162"}],"wp:term":[{"taxonomy":"product_brand","embeddable":true,"href":"https:\/\/miumjau.ee\/lt\/wp-json\/wp\/v2\/product_brand?post=50162"},{"taxonomy":"product_cat","embeddable":true,"href":"https:\/\/miumjau.ee\/lt\/wp-json\/wp\/v2\/product_cat?post=50162"},{"taxonomy":"product_tag","embeddable":true,"href":"https:\/\/miumjau.ee\/lt\/wp-json\/wp\/v2\/product_tag?post=50162"}],"curies":[{"name":"wp","href":"https:\/\/api.w.org\/{rel}","templated":true}]}}