{"id":50154,"date":"2025-04-22T13:35:16","date_gmt":"2025-04-22T10:35:16","guid":{"rendered":"https:\/\/miumjau.ee\/toode\/dogfest-maigas-titara-galas-desinas-ar-pienenu-pienu-kuceniem-45-g\/"},"modified":"2026-01-07T20:42:33","modified_gmt":"2026-01-07T18:42:33","slug":"dogfest-maigas-titara-galas-desinas-ar-pienenu-pienu-kuceniem-45-g","status":"publish","type":"product","link":"https:\/\/miumjau.ee\/lt\/produktas\/dogfest-maigas-titara-galas-desinas-ar-pienenu-pienu-kuceniem-45-g\/","title":{"rendered":"DogFest maig\u0101s t\u012btara ga\u013cas desi\u0146as ar piene\u0146u pienu kuc\u0113niem 45 g"},"content":{"rendered":"","protected":false},"excerpt":{"rendered":"<p>M\u0113s pievienojam pienenes pienu visiem kuc\u0113nu na\u0161\u0137iem, ko ra\u017eojam. Pienenes piens ir paz\u012bstams ar sav\u0101m vesel\u012bbai labv\u0113l\u012bgaj\u0101m \u012bpa\u0161\u012bb\u0101m un satur bag\u0101t\u012bgu vitam\u012bnu daudzumu, kas nepiecie\u0161ams kuc\u0113na stiprai im\u016bnsist\u0113mai un norm\u0101lai att\u012bst\u012bbai.<\/p>\n<p><strong>Sast\u0101vs:<\/strong> vistas ga\u013ca 73,8%, t\u012btaru ga\u013ca 10%, liellopa pienenes piens 2%, augu blakusprodukti, miner\u0101lvielas.<\/p>\n<p><strong>Anal\u012btisk\u0101s sast\u0101vda\u013cas:<\/strong> kopprote\u012bns 40%, koptauki 4%, kop\u0161\u0137iedra 3%, koppe\u013c\u0146i 8%, mitrums 23%.<\/p>\n<p><strong>Lieto\u0161anas nor\u0101d\u012bjumi:<\/strong> Pasniedziet k\u0101 na\u0161\u0137i dienas laik\u0101. Maksim\u0101l\u0101 diennakts deva: 1\u20132 gabali\u0146i. Daudzumu var piel\u0101got atbilsto\u0161i su\u0146a vajadz\u012bb\u0101m un st\u0101voklim. Vienm\u0113r nodro\u0161iniet svaigu dzeramo \u016bdeni. Neatst\u0101jiet suni bez uzraudz\u012bbas, kam\u0113r tas ko\u0161\u013c\u0101 na\u0161\u0137i, vai vienatn\u0113 ar na\u0161\u0137a iepakojumu. Iepakojum\u0101 eso\u0161ais sk\u0101bek\u013ca absorbents nav \u0113dams. Glab\u0101t saus\u0101 un v\u0113s\u0101 viet\u0101, p\u0113c atv\u0113r\u0161anas uzglab\u0101t ledusskap\u012b.<\/p>\n","protected":false},"featured_media":50155,"template":"","meta":[],"product_brand":[],"product_cat":[540],"product_tag":[],"class_list":{"0":"post-50154","1":"product","2":"type-product","3":"status-publish","4":"has-post-thumbnail","6":"product_cat-skanestai-sunims","8":"first","9":"outofstock","10":"taxable","11":"shipping-taxable","12":"purchasable","13":"product-type-simple"},"yoast_head":"<!-- This site is optimized with the Yoast SEO plugin v27.2 - https:\/\/yoast.com\/product\/yoast-seo-wordpress\/ -->\n<title>DogFest maig\u0101s t\u012btara ga\u013cas desi\u0146as ar piene\u0146u pienu kuc\u0113niem 45 g - MiuMjau<\/title>\n<meta name=\"description\" content=\"Dogfest prek\u0117s \u017eenklas si\u016blo plat\u0173 gard\u017ei\u0173 u\u017ekand\u017ei\u0173 asortiment\u0105 tiek kat\u0117ms, tiek \u0161unims. I\u0161bandykite skirtingus ir raskite savo m\u0117gstamiausi\u0105!\" \/>\n<meta name=\"robots\" content=\"index, follow, max-snippet:-1, max-image-preview:large, max-video-preview:-1\" \/>\n<link rel=\"canonical\" href=\"https:\/\/miumjau.ee\/lt\/produktas\/dogfest-maigas-titara-galas-desinas-ar-pienenu-pienu-kuceniem-45-g\/\" \/>\n<meta property=\"og:locale\" content=\"lt_LT\" \/>\n<meta property=\"og:type\" content=\"article\" \/>\n<meta property=\"og:title\" content=\"DogFest maig\u0101s t\u012btara ga\u013cas desi\u0146as ar piene\u0146u pienu kuc\u0113niem 45 g - MiuMjau\" \/>\n<meta property=\"og:description\" content=\"Dogfest prek\u0117s \u017eenklas si\u016blo plat\u0173 gard\u017ei\u0173 u\u017ekand\u017ei\u0173 asortiment\u0105 tiek kat\u0117ms, tiek \u0161unims. I\u0161bandykite skirtingus ir raskite savo m\u0117gstamiausi\u0105!\" \/>\n<meta property=\"og:url\" content=\"https:\/\/miumjau.ee\/lt\/produktas\/dogfest-maigas-titara-galas-desinas-ar-pienenu-pienu-kuceniem-45-g\/\" \/>\n<meta property=\"og:site_name\" content=\"MiuMjau\" \/>\n<meta property=\"article:publisher\" content=\"https:\/\/www.facebook.com\/miumjaupood\/\" \/>\n<meta property=\"article:modified_time\" content=\"2026-01-07T18:42:33+00:00\" \/>\n<meta property=\"og:image\" content=\"https:\/\/miumjau.ee\/wp-content\/uploads\/2025\/04\/dofest-maiused-koertele45.webp\" \/>\n\t<meta property=\"og:image:width\" content=\"600\" \/>\n\t<meta property=\"og:image:height\" content=\"800\" \/>\n\t<meta property=\"og:image:type\" content=\"image\/webp\" \/>\n<meta name=\"twitter:card\" content=\"summary_large_image\" \/>\n<script type=\"application\/ld+json\" class=\"yoast-schema-graph\">{\"@context\":\"https:\/\/schema.org\",\"@graph\":[{\"@type\":\"WebPage\",\"@id\":\"https:\/\/miumjau.ee\/lt\/produktas\/dogfest-maigas-titara-galas-desinas-ar-pienenu-pienu-kuceniem-45-g\/\",\"url\":\"https:\/\/miumjau.ee\/lt\/produktas\/dogfest-maigas-titara-galas-desinas-ar-pienenu-pienu-kuceniem-45-g\/\",\"name\":\"DogFest maig\u0101s t\u012btara ga\u013cas desi\u0146as ar piene\u0146u pienu kuc\u0113niem 45 g - MiuMjau\",\"isPartOf\":{\"@id\":\"https:\/\/miumjau.ee\/#website\"},\"primaryImageOfPage\":{\"@id\":\"https:\/\/miumjau.ee\/lt\/produktas\/dogfest-maigas-titara-galas-desinas-ar-pienenu-pienu-kuceniem-45-g\/#primaryimage\"},\"image\":{\"@id\":\"https:\/\/miumjau.ee\/lt\/produktas\/dogfest-maigas-titara-galas-desinas-ar-pienenu-pienu-kuceniem-45-g\/#primaryimage\"},\"thumbnailUrl\":\"https:\/\/miumjau.ee\/wp-content\/uploads\/2025\/04\/dofest-maiused-koertele45.webp\",\"datePublished\":\"2025-04-22T10:35:16+00:00\",\"dateModified\":\"2026-01-07T18:42:33+00:00\",\"description\":\"Dogfest prek\u0117s \u017eenklas si\u016blo plat\u0173 gard\u017ei\u0173 u\u017ekand\u017ei\u0173 asortiment\u0105 tiek kat\u0117ms, tiek \u0161unims. I\u0161bandykite skirtingus ir raskite savo m\u0117gstamiausi\u0105!\",\"breadcrumb\":{\"@id\":\"https:\/\/miumjau.ee\/lt\/produktas\/dogfest-maigas-titara-galas-desinas-ar-pienenu-pienu-kuceniem-45-g\/#breadcrumb\"},\"inLanguage\":\"lt-LT\",\"potentialAction\":[{\"@type\":\"ReadAction\",\"target\":[\"https:\/\/miumjau.ee\/lt\/produktas\/dogfest-maigas-titara-galas-desinas-ar-pienenu-pienu-kuceniem-45-g\/\"]}]},{\"@type\":\"ImageObject\",\"inLanguage\":\"lt-LT\",\"@id\":\"https:\/\/miumjau.ee\/lt\/produktas\/dogfest-maigas-titara-galas-desinas-ar-pienenu-pienu-kuceniem-45-g\/#primaryimage\",\"url\":\"https:\/\/miumjau.ee\/wp-content\/uploads\/2025\/04\/dofest-maiused-koertele45.webp\",\"contentUrl\":\"https:\/\/miumjau.ee\/wp-content\/uploads\/2025\/04\/dofest-maiused-koertele45.webp\",\"width\":600,\"height\":800},{\"@type\":\"BreadcrumbList\",\"@id\":\"https:\/\/miumjau.ee\/lt\/produktas\/dogfest-maigas-titara-galas-desinas-ar-pienenu-pienu-kuceniem-45-g\/#breadcrumb\",\"itemListElement\":[{\"@type\":\"ListItem\",\"position\":1,\"name\":\"Home\",\"item\":\"https:\/\/miumjau.ee\/lt\/\"},{\"@type\":\"ListItem\",\"position\":2,\"name\":\"Parduotuv\u0117\",\"item\":\"https:\/\/miumjau.ee\/lt\/parduotuve\/\"},{\"@type\":\"ListItem\",\"position\":3,\"name\":\"DogFest maig\u0101s t\u012btara ga\u013cas desi\u0146as ar piene\u0146u pienu kuc\u0113niem 45 g\"}]},{\"@type\":\"WebSite\",\"@id\":\"https:\/\/miumjau.ee\/#website\",\"url\":\"https:\/\/miumjau.ee\/\",\"name\":\"MiuMjau\",\"description\":\"Kraapimispuud kassidele\",\"publisher\":{\"@id\":\"https:\/\/miumjau.ee\/#organization\"},\"potentialAction\":[{\"@type\":\"SearchAction\",\"target\":{\"@type\":\"EntryPoint\",\"urlTemplate\":\"https:\/\/miumjau.ee\/?s={search_term_string}\"},\"query-input\":{\"@type\":\"PropertyValueSpecification\",\"valueRequired\":true,\"valueName\":\"search_term_string\"}}],\"inLanguage\":\"lt-LT\"},{\"@type\":\"Organization\",\"@id\":\"https:\/\/miumjau.ee\/#organization\",\"name\":\"MiuMjau O\u00dc\",\"url\":\"https:\/\/miumjau.ee\/\",\"logo\":{\"@type\":\"ImageObject\",\"inLanguage\":\"lt-LT\",\"@id\":\"https:\/\/miumjau.ee\/#\/schema\/logo\/image\/\",\"url\":\"https:\/\/miumjau.ee\/wp-content\/uploads\/2022\/04\/MiuMjau-logo-kollane.png\",\"contentUrl\":\"https:\/\/miumjau.ee\/wp-content\/uploads\/2022\/04\/MiuMjau-logo-kollane.png\",\"width\":219,\"height\":100,\"caption\":\"MiuMjau O\u00dc\"},\"image\":{\"@id\":\"https:\/\/miumjau.ee\/#\/schema\/logo\/image\/\"},\"sameAs\":[\"https:\/\/www.facebook.com\/miumjaupood\/\"]}]}<\/script>\n<!-- \/ Yoast SEO plugin. -->","yoast_head_json":{"title":"DogFest maig\u0101s t\u012btara ga\u013cas desi\u0146as ar piene\u0146u pienu kuc\u0113niem 45 g - MiuMjau","description":"Dogfest prek\u0117s \u017eenklas si\u016blo plat\u0173 gard\u017ei\u0173 u\u017ekand\u017ei\u0173 asortiment\u0105 tiek kat\u0117ms, tiek \u0161unims. I\u0161bandykite skirtingus ir raskite savo m\u0117gstamiausi\u0105!","robots":{"index":"index","follow":"follow","max-snippet":"max-snippet:-1","max-image-preview":"max-image-preview:large","max-video-preview":"max-video-preview:-1"},"canonical":"https:\/\/miumjau.ee\/lt\/produktas\/dogfest-maigas-titara-galas-desinas-ar-pienenu-pienu-kuceniem-45-g\/","og_locale":"lt_LT","og_type":"article","og_title":"DogFest maig\u0101s t\u012btara ga\u013cas desi\u0146as ar piene\u0146u pienu kuc\u0113niem 45 g - MiuMjau","og_description":"Dogfest prek\u0117s \u017eenklas si\u016blo plat\u0173 gard\u017ei\u0173 u\u017ekand\u017ei\u0173 asortiment\u0105 tiek kat\u0117ms, tiek \u0161unims. I\u0161bandykite skirtingus ir raskite savo m\u0117gstamiausi\u0105!","og_url":"https:\/\/miumjau.ee\/lt\/produktas\/dogfest-maigas-titara-galas-desinas-ar-pienenu-pienu-kuceniem-45-g\/","og_site_name":"MiuMjau","article_publisher":"https:\/\/www.facebook.com\/miumjaupood\/","article_modified_time":"2026-01-07T18:42:33+00:00","og_image":[{"width":600,"height":800,"url":"https:\/\/miumjau.ee\/wp-content\/uploads\/2025\/04\/dofest-maiused-koertele45.webp","type":"image\/webp"}],"twitter_card":"summary_large_image","schema":{"@context":"https:\/\/schema.org","@graph":[{"@type":"WebPage","@id":"https:\/\/miumjau.ee\/lt\/produktas\/dogfest-maigas-titara-galas-desinas-ar-pienenu-pienu-kuceniem-45-g\/","url":"https:\/\/miumjau.ee\/lt\/produktas\/dogfest-maigas-titara-galas-desinas-ar-pienenu-pienu-kuceniem-45-g\/","name":"DogFest maig\u0101s t\u012btara ga\u013cas desi\u0146as ar piene\u0146u pienu kuc\u0113niem 45 g - MiuMjau","isPartOf":{"@id":"https:\/\/miumjau.ee\/#website"},"primaryImageOfPage":{"@id":"https:\/\/miumjau.ee\/lt\/produktas\/dogfest-maigas-titara-galas-desinas-ar-pienenu-pienu-kuceniem-45-g\/#primaryimage"},"image":{"@id":"https:\/\/miumjau.ee\/lt\/produktas\/dogfest-maigas-titara-galas-desinas-ar-pienenu-pienu-kuceniem-45-g\/#primaryimage"},"thumbnailUrl":"https:\/\/miumjau.ee\/wp-content\/uploads\/2025\/04\/dofest-maiused-koertele45.webp","datePublished":"2025-04-22T10:35:16+00:00","dateModified":"2026-01-07T18:42:33+00:00","description":"Dogfest prek\u0117s \u017eenklas si\u016blo plat\u0173 gard\u017ei\u0173 u\u017ekand\u017ei\u0173 asortiment\u0105 tiek kat\u0117ms, tiek \u0161unims. I\u0161bandykite skirtingus ir raskite savo m\u0117gstamiausi\u0105!","breadcrumb":{"@id":"https:\/\/miumjau.ee\/lt\/produktas\/dogfest-maigas-titara-galas-desinas-ar-pienenu-pienu-kuceniem-45-g\/#breadcrumb"},"inLanguage":"lt-LT","potentialAction":[{"@type":"ReadAction","target":["https:\/\/miumjau.ee\/lt\/produktas\/dogfest-maigas-titara-galas-desinas-ar-pienenu-pienu-kuceniem-45-g\/"]}]},{"@type":"ImageObject","inLanguage":"lt-LT","@id":"https:\/\/miumjau.ee\/lt\/produktas\/dogfest-maigas-titara-galas-desinas-ar-pienenu-pienu-kuceniem-45-g\/#primaryimage","url":"https:\/\/miumjau.ee\/wp-content\/uploads\/2025\/04\/dofest-maiused-koertele45.webp","contentUrl":"https:\/\/miumjau.ee\/wp-content\/uploads\/2025\/04\/dofest-maiused-koertele45.webp","width":600,"height":800},{"@type":"BreadcrumbList","@id":"https:\/\/miumjau.ee\/lt\/produktas\/dogfest-maigas-titara-galas-desinas-ar-pienenu-pienu-kuceniem-45-g\/#breadcrumb","itemListElement":[{"@type":"ListItem","position":1,"name":"Home","item":"https:\/\/miumjau.ee\/lt\/"},{"@type":"ListItem","position":2,"name":"Parduotuv\u0117","item":"https:\/\/miumjau.ee\/lt\/parduotuve\/"},{"@type":"ListItem","position":3,"name":"DogFest maig\u0101s t\u012btara ga\u013cas desi\u0146as ar piene\u0146u pienu kuc\u0113niem 45 g"}]},{"@type":"WebSite","@id":"https:\/\/miumjau.ee\/#website","url":"https:\/\/miumjau.ee\/","name":"MiuMjau","description":"Kraapimispuud kassidele","publisher":{"@id":"https:\/\/miumjau.ee\/#organization"},"potentialAction":[{"@type":"SearchAction","target":{"@type":"EntryPoint","urlTemplate":"https:\/\/miumjau.ee\/?s={search_term_string}"},"query-input":{"@type":"PropertyValueSpecification","valueRequired":true,"valueName":"search_term_string"}}],"inLanguage":"lt-LT"},{"@type":"Organization","@id":"https:\/\/miumjau.ee\/#organization","name":"MiuMjau O\u00dc","url":"https:\/\/miumjau.ee\/","logo":{"@type":"ImageObject","inLanguage":"lt-LT","@id":"https:\/\/miumjau.ee\/#\/schema\/logo\/image\/","url":"https:\/\/miumjau.ee\/wp-content\/uploads\/2022\/04\/MiuMjau-logo-kollane.png","contentUrl":"https:\/\/miumjau.ee\/wp-content\/uploads\/2022\/04\/MiuMjau-logo-kollane.png","width":219,"height":100,"caption":"MiuMjau O\u00dc"},"image":{"@id":"https:\/\/miumjau.ee\/#\/schema\/logo\/image\/"},"sameAs":["https:\/\/www.facebook.com\/miumjaupood\/"]}]}},"_links":{"self":[{"href":"https:\/\/miumjau.ee\/lt\/wp-json\/wp\/v2\/product\/50154","targetHints":{"allow":["GET"]}}],"collection":[{"href":"https:\/\/miumjau.ee\/lt\/wp-json\/wp\/v2\/product"}],"about":[{"href":"https:\/\/miumjau.ee\/lt\/wp-json\/wp\/v2\/types\/product"}],"wp:featuredmedia":[{"embeddable":true,"href":"https:\/\/miumjau.ee\/lt\/wp-json\/wp\/v2\/media\/50155"}],"wp:attachment":[{"href":"https:\/\/miumjau.ee\/lt\/wp-json\/wp\/v2\/media?parent=50154"}],"wp:term":[{"taxonomy":"product_brand","embeddable":true,"href":"https:\/\/miumjau.ee\/lt\/wp-json\/wp\/v2\/product_brand?post=50154"},{"taxonomy":"product_cat","embeddable":true,"href":"https:\/\/miumjau.ee\/lt\/wp-json\/wp\/v2\/product_cat?post=50154"},{"taxonomy":"product_tag","embeddable":true,"href":"https:\/\/miumjau.ee\/lt\/wp-json\/wp\/v2\/product_tag?post=50154"}],"curies":[{"name":"wp","href":"https:\/\/api.w.org\/{rel}","templated":true}]}}