{"id":49844,"date":"2025-04-22T14:55:37","date_gmt":"2025-04-22T11:55:37","guid":{"rendered":"https:\/\/miumjau.ee\/toode\/catfest-antienos-putesiai-dregnas-edalas-kaciukams-70-g\/"},"modified":"2026-01-07T20:42:41","modified_gmt":"2026-01-07T18:42:41","slug":"catfest-antienos-putesiai-dregnas-edalas-kaciukams-70-g","status":"publish","type":"product","link":"https:\/\/miumjau.ee\/lt\/produktas\/catfest-antienos-putesiai-dregnas-edalas-kaciukams-70-g\/","title":{"rendered":"CatFest antienos put\u0117siai, dr\u0117gnas \u0117dalas ka\u010diukams, 70 g"},"content":{"rendered":"","protected":false},"excerpt":{"rendered":"<p>\u0160is specialiai ka\u010diukams sukurtas maistas turi nauding\u0173 ingredient\u0173, toki\u0173 kaip antiena, prebiotikai ir an\u010diuvio aliejus, kurie padeda j\u016bs\u0173 augintiniui augti sveikam ir energingam. Nat\u016bral\u016bs ingredientai ir \u0161velni tekst\u016bra u\u017etikrina subalansuot\u0105 mityb\u0105 ir palaiko tinkam\u0105 ka\u010diuko vystym\u0105si. Pateikiama kaip papildomas nat\u016bralus maistas.<\/p>\n<p><strong>Sud\u0117tis:<\/strong> antienos m\u0117sa 58%, antienos sultinys 40%, an\u010diuvio aliejus, E vitaminas, FOS prebiotikai, taurinas, tapioka, cikorijos ekstraktas, fruktoz\u0117, mineralai.<\/p>\n<p><strong>Analitiniai komponentai:<\/strong> \u017eali baltymai 11%, \u017eali riebalai 2%, \u017eali pluo\u0161tai 1%, \u017eali pelenai 1,5%, dr\u0117gm\u0117 89%, energin\u0117 vert\u0117 41 kcal.<\/p>\n<p><strong>Privalumai:<\/strong> \u0160is maistas yra turtingas baltymais i\u0161 antienos, kurie skatina raumen\u0173 vystym\u0105si ir palaiko ka\u010diuko auk\u0161t\u0105 aktyvum\u0105. Prebiotikai (FOS) palaiko sveik\u0105 \u017earnyno mikroflor\u0105, o an\u010diuvio aliejus, turtingas Omega-3 riebal\u0173 r\u016bg\u0161timis, stiprina imunitet\u0105 ir palaiko odos bei kailio sveikat\u0105. E vitaminas ir taurinas atlieka svarb\u0173 vaidmen\u012f ka\u010diuko \u0161irdies ir reg\u0117jimo sveikatos palaikymui.<\/p>\n<p><strong>Naudojimas:<\/strong> Rekomenduojama kaip papildomas nat\u016bralus maistas ka\u010diukams. Patiekti kambario temperat\u016broje. Laikyti v\u0117sioje ir sausoje vietoje. Maitinti ka\u010diuk\u0105 iki 3 pakeli\u0173 per dien\u0105, priklausomai nuo jo svorio ir aktyvumo. U\u017etikrinkite nuolatin\u0119 prieig\u0105 prie \u0161vie\u017eio vandens.<\/p>\n","protected":false},"featured_media":49845,"template":"","meta":[],"product_brand":[],"product_cat":[526],"product_tag":[],"class_list":{"0":"post-49844","1":"product","2":"type-product","3":"status-publish","4":"has-post-thumbnail","6":"product_cat-slapias-maistas","8":"first","9":"instock","10":"taxable","11":"shipping-taxable","12":"purchasable","13":"product-type-simple"},"yoast_head":"<!-- This site is optimized with the Yoast SEO plugin v27.2 - https:\/\/yoast.com\/product\/yoast-seo-wordpress\/ -->\n<title>CatFest antienos put\u0117siai, dr\u0117gnas \u0117dalas ka\u010diukams, 70 g - MiuMjau<\/title>\n<meta name=\"description\" content=\"CatFest put\u0117siai yra ypa\u010d \u0161veln\u016bs ir skan\u016bs, specialiai sukurti ka\u010diukams. Tikras gurmani\u0161kas maistas ir malonumas j\u016bs\u0173 ma\u017eyliui.\" \/>\n<meta name=\"robots\" content=\"index, follow, max-snippet:-1, max-image-preview:large, max-video-preview:-1\" \/>\n<link rel=\"canonical\" href=\"https:\/\/miumjau.ee\/lt\/produktas\/catfest-antienos-putesiai-dregnas-edalas-kaciukams-70-g\/\" \/>\n<meta property=\"og:locale\" content=\"lt_LT\" \/>\n<meta property=\"og:type\" content=\"article\" \/>\n<meta property=\"og:title\" content=\"CatFest antienos put\u0117siai, dr\u0117gnas \u0117dalas ka\u010diukams, 70 g - MiuMjau\" \/>\n<meta property=\"og:description\" content=\"CatFest put\u0117siai yra ypa\u010d \u0161veln\u016bs ir skan\u016bs, specialiai sukurti ka\u010diukams. Tikras gurmani\u0161kas maistas ir malonumas j\u016bs\u0173 ma\u017eyliui.\" \/>\n<meta property=\"og:url\" content=\"https:\/\/miumjau.ee\/lt\/produktas\/catfest-antienos-putesiai-dregnas-edalas-kaciukams-70-g\/\" \/>\n<meta property=\"og:site_name\" content=\"MiuMjau\" \/>\n<meta property=\"article:publisher\" content=\"https:\/\/www.facebook.com\/miumjaupood\/\" \/>\n<meta property=\"article:modified_time\" content=\"2026-01-07T18:42:41+00:00\" \/>\n<meta property=\"og:image\" content=\"https:\/\/miumjau.ee\/wp-content\/uploads\/2025\/04\/catfest-margtoit-kassidele19.webp\" \/>\n\t<meta property=\"og:image:width\" content=\"600\" \/>\n\t<meta property=\"og:image:height\" content=\"800\" \/>\n\t<meta property=\"og:image:type\" content=\"image\/webp\" \/>\n<meta name=\"twitter:card\" content=\"summary_large_image\" \/>\n<script type=\"application\/ld+json\" class=\"yoast-schema-graph\">{\"@context\":\"https:\/\/schema.org\",\"@graph\":[{\"@type\":\"WebPage\",\"@id\":\"https:\/\/miumjau.ee\/lt\/produktas\/catfest-antienos-putesiai-dregnas-edalas-kaciukams-70-g\/\",\"url\":\"https:\/\/miumjau.ee\/lt\/produktas\/catfest-antienos-putesiai-dregnas-edalas-kaciukams-70-g\/\",\"name\":\"CatFest antienos put\u0117siai, dr\u0117gnas \u0117dalas ka\u010diukams, 70 g - MiuMjau\",\"isPartOf\":{\"@id\":\"https:\/\/miumjau.ee\/#website\"},\"primaryImageOfPage\":{\"@id\":\"https:\/\/miumjau.ee\/lt\/produktas\/catfest-antienos-putesiai-dregnas-edalas-kaciukams-70-g\/#primaryimage\"},\"image\":{\"@id\":\"https:\/\/miumjau.ee\/lt\/produktas\/catfest-antienos-putesiai-dregnas-edalas-kaciukams-70-g\/#primaryimage\"},\"thumbnailUrl\":\"https:\/\/miumjau.ee\/wp-content\/uploads\/2025\/04\/catfest-margtoit-kassidele19.webp\",\"datePublished\":\"2025-04-22T11:55:37+00:00\",\"dateModified\":\"2026-01-07T18:42:41+00:00\",\"description\":\"CatFest put\u0117siai yra ypa\u010d \u0161veln\u016bs ir skan\u016bs, specialiai sukurti ka\u010diukams. Tikras gurmani\u0161kas maistas ir malonumas j\u016bs\u0173 ma\u017eyliui.\",\"breadcrumb\":{\"@id\":\"https:\/\/miumjau.ee\/lt\/produktas\/catfest-antienos-putesiai-dregnas-edalas-kaciukams-70-g\/#breadcrumb\"},\"inLanguage\":\"lt-LT\",\"potentialAction\":[{\"@type\":\"ReadAction\",\"target\":[\"https:\/\/miumjau.ee\/lt\/produktas\/catfest-antienos-putesiai-dregnas-edalas-kaciukams-70-g\/\"]}]},{\"@type\":\"ImageObject\",\"inLanguage\":\"lt-LT\",\"@id\":\"https:\/\/miumjau.ee\/lt\/produktas\/catfest-antienos-putesiai-dregnas-edalas-kaciukams-70-g\/#primaryimage\",\"url\":\"https:\/\/miumjau.ee\/wp-content\/uploads\/2025\/04\/catfest-margtoit-kassidele19.webp\",\"contentUrl\":\"https:\/\/miumjau.ee\/wp-content\/uploads\/2025\/04\/catfest-margtoit-kassidele19.webp\",\"width\":600,\"height\":800},{\"@type\":\"BreadcrumbList\",\"@id\":\"https:\/\/miumjau.ee\/lt\/produktas\/catfest-antienos-putesiai-dregnas-edalas-kaciukams-70-g\/#breadcrumb\",\"itemListElement\":[{\"@type\":\"ListItem\",\"position\":1,\"name\":\"Home\",\"item\":\"https:\/\/miumjau.ee\/lt\/\"},{\"@type\":\"ListItem\",\"position\":2,\"name\":\"Parduotuv\u0117\",\"item\":\"https:\/\/miumjau.ee\/lt\/parduotuve\/\"},{\"@type\":\"ListItem\",\"position\":3,\"name\":\"CatFest antienos put\u0117siai, dr\u0117gnas \u0117dalas ka\u010diukams, 70 g\"}]},{\"@type\":\"WebSite\",\"@id\":\"https:\/\/miumjau.ee\/#website\",\"url\":\"https:\/\/miumjau.ee\/\",\"name\":\"MiuMjau\",\"description\":\"Kraapimispuud kassidele\",\"publisher\":{\"@id\":\"https:\/\/miumjau.ee\/#organization\"},\"potentialAction\":[{\"@type\":\"SearchAction\",\"target\":{\"@type\":\"EntryPoint\",\"urlTemplate\":\"https:\/\/miumjau.ee\/?s={search_term_string}\"},\"query-input\":{\"@type\":\"PropertyValueSpecification\",\"valueRequired\":true,\"valueName\":\"search_term_string\"}}],\"inLanguage\":\"lt-LT\"},{\"@type\":\"Organization\",\"@id\":\"https:\/\/miumjau.ee\/#organization\",\"name\":\"MiuMjau O\u00dc\",\"url\":\"https:\/\/miumjau.ee\/\",\"logo\":{\"@type\":\"ImageObject\",\"inLanguage\":\"lt-LT\",\"@id\":\"https:\/\/miumjau.ee\/#\/schema\/logo\/image\/\",\"url\":\"https:\/\/miumjau.ee\/wp-content\/uploads\/2022\/04\/MiuMjau-logo-kollane.png\",\"contentUrl\":\"https:\/\/miumjau.ee\/wp-content\/uploads\/2022\/04\/MiuMjau-logo-kollane.png\",\"width\":219,\"height\":100,\"caption\":\"MiuMjau O\u00dc\"},\"image\":{\"@id\":\"https:\/\/miumjau.ee\/#\/schema\/logo\/image\/\"},\"sameAs\":[\"https:\/\/www.facebook.com\/miumjaupood\/\"]}]}<\/script>\n<!-- \/ Yoast SEO plugin. -->","yoast_head_json":{"title":"CatFest antienos put\u0117siai, dr\u0117gnas \u0117dalas ka\u010diukams, 70 g - MiuMjau","description":"CatFest put\u0117siai yra ypa\u010d \u0161veln\u016bs ir skan\u016bs, specialiai sukurti ka\u010diukams. Tikras gurmani\u0161kas maistas ir malonumas j\u016bs\u0173 ma\u017eyliui.","robots":{"index":"index","follow":"follow","max-snippet":"max-snippet:-1","max-image-preview":"max-image-preview:large","max-video-preview":"max-video-preview:-1"},"canonical":"https:\/\/miumjau.ee\/lt\/produktas\/catfest-antienos-putesiai-dregnas-edalas-kaciukams-70-g\/","og_locale":"lt_LT","og_type":"article","og_title":"CatFest antienos put\u0117siai, dr\u0117gnas \u0117dalas ka\u010diukams, 70 g - MiuMjau","og_description":"CatFest put\u0117siai yra ypa\u010d \u0161veln\u016bs ir skan\u016bs, specialiai sukurti ka\u010diukams. Tikras gurmani\u0161kas maistas ir malonumas j\u016bs\u0173 ma\u017eyliui.","og_url":"https:\/\/miumjau.ee\/lt\/produktas\/catfest-antienos-putesiai-dregnas-edalas-kaciukams-70-g\/","og_site_name":"MiuMjau","article_publisher":"https:\/\/www.facebook.com\/miumjaupood\/","article_modified_time":"2026-01-07T18:42:41+00:00","og_image":[{"width":600,"height":800,"url":"https:\/\/miumjau.ee\/wp-content\/uploads\/2025\/04\/catfest-margtoit-kassidele19.webp","type":"image\/webp"}],"twitter_card":"summary_large_image","schema":{"@context":"https:\/\/schema.org","@graph":[{"@type":"WebPage","@id":"https:\/\/miumjau.ee\/lt\/produktas\/catfest-antienos-putesiai-dregnas-edalas-kaciukams-70-g\/","url":"https:\/\/miumjau.ee\/lt\/produktas\/catfest-antienos-putesiai-dregnas-edalas-kaciukams-70-g\/","name":"CatFest antienos put\u0117siai, dr\u0117gnas \u0117dalas ka\u010diukams, 70 g - MiuMjau","isPartOf":{"@id":"https:\/\/miumjau.ee\/#website"},"primaryImageOfPage":{"@id":"https:\/\/miumjau.ee\/lt\/produktas\/catfest-antienos-putesiai-dregnas-edalas-kaciukams-70-g\/#primaryimage"},"image":{"@id":"https:\/\/miumjau.ee\/lt\/produktas\/catfest-antienos-putesiai-dregnas-edalas-kaciukams-70-g\/#primaryimage"},"thumbnailUrl":"https:\/\/miumjau.ee\/wp-content\/uploads\/2025\/04\/catfest-margtoit-kassidele19.webp","datePublished":"2025-04-22T11:55:37+00:00","dateModified":"2026-01-07T18:42:41+00:00","description":"CatFest put\u0117siai yra ypa\u010d \u0161veln\u016bs ir skan\u016bs, specialiai sukurti ka\u010diukams. Tikras gurmani\u0161kas maistas ir malonumas j\u016bs\u0173 ma\u017eyliui.","breadcrumb":{"@id":"https:\/\/miumjau.ee\/lt\/produktas\/catfest-antienos-putesiai-dregnas-edalas-kaciukams-70-g\/#breadcrumb"},"inLanguage":"lt-LT","potentialAction":[{"@type":"ReadAction","target":["https:\/\/miumjau.ee\/lt\/produktas\/catfest-antienos-putesiai-dregnas-edalas-kaciukams-70-g\/"]}]},{"@type":"ImageObject","inLanguage":"lt-LT","@id":"https:\/\/miumjau.ee\/lt\/produktas\/catfest-antienos-putesiai-dregnas-edalas-kaciukams-70-g\/#primaryimage","url":"https:\/\/miumjau.ee\/wp-content\/uploads\/2025\/04\/catfest-margtoit-kassidele19.webp","contentUrl":"https:\/\/miumjau.ee\/wp-content\/uploads\/2025\/04\/catfest-margtoit-kassidele19.webp","width":600,"height":800},{"@type":"BreadcrumbList","@id":"https:\/\/miumjau.ee\/lt\/produktas\/catfest-antienos-putesiai-dregnas-edalas-kaciukams-70-g\/#breadcrumb","itemListElement":[{"@type":"ListItem","position":1,"name":"Home","item":"https:\/\/miumjau.ee\/lt\/"},{"@type":"ListItem","position":2,"name":"Parduotuv\u0117","item":"https:\/\/miumjau.ee\/lt\/parduotuve\/"},{"@type":"ListItem","position":3,"name":"CatFest antienos put\u0117siai, dr\u0117gnas \u0117dalas ka\u010diukams, 70 g"}]},{"@type":"WebSite","@id":"https:\/\/miumjau.ee\/#website","url":"https:\/\/miumjau.ee\/","name":"MiuMjau","description":"Kraapimispuud kassidele","publisher":{"@id":"https:\/\/miumjau.ee\/#organization"},"potentialAction":[{"@type":"SearchAction","target":{"@type":"EntryPoint","urlTemplate":"https:\/\/miumjau.ee\/?s={search_term_string}"},"query-input":{"@type":"PropertyValueSpecification","valueRequired":true,"valueName":"search_term_string"}}],"inLanguage":"lt-LT"},{"@type":"Organization","@id":"https:\/\/miumjau.ee\/#organization","name":"MiuMjau O\u00dc","url":"https:\/\/miumjau.ee\/","logo":{"@type":"ImageObject","inLanguage":"lt-LT","@id":"https:\/\/miumjau.ee\/#\/schema\/logo\/image\/","url":"https:\/\/miumjau.ee\/wp-content\/uploads\/2022\/04\/MiuMjau-logo-kollane.png","contentUrl":"https:\/\/miumjau.ee\/wp-content\/uploads\/2022\/04\/MiuMjau-logo-kollane.png","width":219,"height":100,"caption":"MiuMjau O\u00dc"},"image":{"@id":"https:\/\/miumjau.ee\/#\/schema\/logo\/image\/"},"sameAs":["https:\/\/www.facebook.com\/miumjaupood\/"]}]}},"_links":{"self":[{"href":"https:\/\/miumjau.ee\/lt\/wp-json\/wp\/v2\/product\/49844","targetHints":{"allow":["GET"]}}],"collection":[{"href":"https:\/\/miumjau.ee\/lt\/wp-json\/wp\/v2\/product"}],"about":[{"href":"https:\/\/miumjau.ee\/lt\/wp-json\/wp\/v2\/types\/product"}],"wp:featuredmedia":[{"embeddable":true,"href":"https:\/\/miumjau.ee\/lt\/wp-json\/wp\/v2\/media\/49845"}],"wp:attachment":[{"href":"https:\/\/miumjau.ee\/lt\/wp-json\/wp\/v2\/media?parent=49844"}],"wp:term":[{"taxonomy":"product_brand","embeddable":true,"href":"https:\/\/miumjau.ee\/lt\/wp-json\/wp\/v2\/product_brand?post=49844"},{"taxonomy":"product_cat","embeddable":true,"href":"https:\/\/miumjau.ee\/lt\/wp-json\/wp\/v2\/product_cat?post=49844"},{"taxonomy":"product_tag","embeddable":true,"href":"https:\/\/miumjau.ee\/lt\/wp-json\/wp\/v2\/product_tag?post=49844"}],"curies":[{"name":"wp","href":"https:\/\/api.w.org\/{rel}","templated":true}]}}