{"id":49842,"date":"2025-04-22T14:55:39","date_gmt":"2025-04-22T11:55:39","guid":{"rendered":"https:\/\/miumjau.ee\/toode\/catfest-vistienos-putesiai-dregnas-edalas-kaciukams-70-g\/"},"modified":"2026-01-07T20:42:48","modified_gmt":"2026-01-07T18:42:48","slug":"catfest-vistienos-putesiai-dregnas-edalas-kaciukams-70-g","status":"publish","type":"product","link":"https:\/\/miumjau.ee\/lt\/produktas\/catfest-vistienos-putesiai-dregnas-edalas-kaciukams-70-g\/","title":{"rendered":"CatFest vi\u0161tienos put\u0117siai, dr\u0117gnas \u0117dalas ka\u010diukams, 70 g"},"content":{"rendered":"","protected":false},"excerpt":{"rendered":"<p>\u0160is specialiai ka\u010diukams sukurtas maistas pagamintas pagal unikal\u0173 recept\u0105, o jo \u0161velni tekst\u016bra puikiai tinka ma\u017eiems augintiniams. Nat\u016bral\u016bs ingredientai su naudingais priedais palaiko j\u016bs\u0173 ka\u010diuko aktyv\u0173 augim\u0105, suteikdami energijos ir stiprindami sveikat\u0105. Pateikiama kaip papildomas nat\u016bralus maistas.<\/p>\n<p><strong>Sud\u0117tis:<\/strong> vi\u0161tienos fil\u0117 58%, vi\u0161tienos sultinys 40%, an\u010diuvio aliejus, FOS prebiotikai, E vitaminas, taurinas, tapioka, cikorijos ekstraktas, fruktoz\u0117, mineralai.<\/p>\n<p><strong>Analitiniai komponentai:<\/strong> \u017eali baltymai 9,5%, \u017eali riebalai 1,5%, \u017eali pluo\u0161tai 1%, \u017eali pelenai 1%, dr\u0117gm\u0117 89%, energin\u0117 vert\u0117 36,92 kcal.<\/p>\n<p><strong>Privalumai:<\/strong> Maistas sukurtas atsi\u017evelgiant \u012f visas ka\u010diuko mitybos reikmes. Omega-3 ir Omega-6 riebal\u0173 r\u016bg\u0161tys palaiko odos ir kailio sveikat\u0105, taurinas skatina \u0161irdies ir reg\u0117jimo vystym\u0105si, o E vitaminas stiprina imunin\u0119 sistem\u0105. Cikorijos ekstraktas gerina vir\u0161kinim\u0105, o trikalcifosfatas padeda formuotis stipriems kaulams.<\/p>\n<p><strong>Naudojimas:<\/strong> Idealiai tinka kaip kasdienis papildomas nat\u016bralus maistas ka\u010diukams vis\u0173 veisli\u0173. Patiekti kambario temperat\u016broje. Laikyti v\u0117sioje ir sausoje vietoje. Rekomenduojama duoti 2\u20133 pakelius per dien\u0105, priklausomai nuo ka\u010diuko am\u017eiaus ir aktyvumo. U\u017etikrinkite, kad ka\u010diukas visada tur\u0117t\u0173 prieig\u0105 prie \u0161vie\u017eio vandens.<\/p>\n","protected":false},"featured_media":49843,"template":"","meta":[],"product_brand":[],"product_cat":[526],"product_tag":[],"class_list":{"0":"post-49842","1":"product","2":"type-product","3":"status-publish","4":"has-post-thumbnail","6":"product_cat-slapias-maistas","8":"first","9":"instock","10":"sale","11":"taxable","12":"shipping-taxable","13":"purchasable","14":"product-type-simple"},"yoast_head":"<!-- This site is optimized with the Yoast SEO plugin v27.2 - https:\/\/yoast.com\/product\/yoast-seo-wordpress\/ -->\n<title>CatFest vi\u0161tienos put\u0117siai, dr\u0117gnas \u0117dalas ka\u010diukams, 70 g - MiuMjau<\/title>\n<meta name=\"description\" content=\"CatFest put\u0117siai yra ypa\u010d \u0161veln\u016bs ir skan\u016bs, specialiai sukurti ka\u010diukams. Tikras gurmani\u0161kas maistas ir malonumas j\u016bs\u0173 ma\u017eyliui.\" \/>\n<meta name=\"robots\" content=\"index, follow, max-snippet:-1, max-image-preview:large, max-video-preview:-1\" \/>\n<link rel=\"canonical\" href=\"https:\/\/miumjau.ee\/lt\/produktas\/catfest-vistienos-putesiai-dregnas-edalas-kaciukams-70-g\/\" \/>\n<meta property=\"og:locale\" content=\"lt_LT\" \/>\n<meta property=\"og:type\" content=\"article\" \/>\n<meta property=\"og:title\" content=\"CatFest vi\u0161tienos put\u0117siai, dr\u0117gnas \u0117dalas ka\u010diukams, 70 g - MiuMjau\" \/>\n<meta property=\"og:description\" content=\"CatFest put\u0117siai yra ypa\u010d \u0161veln\u016bs ir skan\u016bs, specialiai sukurti ka\u010diukams. Tikras gurmani\u0161kas maistas ir malonumas j\u016bs\u0173 ma\u017eyliui.\" \/>\n<meta property=\"og:url\" content=\"https:\/\/miumjau.ee\/lt\/produktas\/catfest-vistienos-putesiai-dregnas-edalas-kaciukams-70-g\/\" \/>\n<meta property=\"og:site_name\" content=\"MiuMjau\" \/>\n<meta property=\"article:publisher\" content=\"https:\/\/www.facebook.com\/miumjaupood\/\" \/>\n<meta property=\"article:modified_time\" content=\"2026-01-07T18:42:48+00:00\" \/>\n<meta property=\"og:image\" content=\"https:\/\/miumjau.ee\/wp-content\/uploads\/2025\/04\/catfest-margtoit-kassidele17.webp\" \/>\n\t<meta property=\"og:image:width\" content=\"600\" \/>\n\t<meta property=\"og:image:height\" content=\"800\" \/>\n\t<meta property=\"og:image:type\" content=\"image\/webp\" \/>\n<meta name=\"twitter:card\" content=\"summary_large_image\" \/>\n<script type=\"application\/ld+json\" class=\"yoast-schema-graph\">{\"@context\":\"https:\/\/schema.org\",\"@graph\":[{\"@type\":\"WebPage\",\"@id\":\"https:\/\/miumjau.ee\/lt\/produktas\/catfest-vistienos-putesiai-dregnas-edalas-kaciukams-70-g\/\",\"url\":\"https:\/\/miumjau.ee\/lt\/produktas\/catfest-vistienos-putesiai-dregnas-edalas-kaciukams-70-g\/\",\"name\":\"CatFest vi\u0161tienos put\u0117siai, dr\u0117gnas \u0117dalas ka\u010diukams, 70 g - MiuMjau\",\"isPartOf\":{\"@id\":\"https:\/\/miumjau.ee\/#website\"},\"primaryImageOfPage\":{\"@id\":\"https:\/\/miumjau.ee\/lt\/produktas\/catfest-vistienos-putesiai-dregnas-edalas-kaciukams-70-g\/#primaryimage\"},\"image\":{\"@id\":\"https:\/\/miumjau.ee\/lt\/produktas\/catfest-vistienos-putesiai-dregnas-edalas-kaciukams-70-g\/#primaryimage\"},\"thumbnailUrl\":\"https:\/\/miumjau.ee\/wp-content\/uploads\/2025\/04\/catfest-margtoit-kassidele17.webp\",\"datePublished\":\"2025-04-22T11:55:39+00:00\",\"dateModified\":\"2026-01-07T18:42:48+00:00\",\"description\":\"CatFest put\u0117siai yra ypa\u010d \u0161veln\u016bs ir skan\u016bs, specialiai sukurti ka\u010diukams. Tikras gurmani\u0161kas maistas ir malonumas j\u016bs\u0173 ma\u017eyliui.\",\"breadcrumb\":{\"@id\":\"https:\/\/miumjau.ee\/lt\/produktas\/catfest-vistienos-putesiai-dregnas-edalas-kaciukams-70-g\/#breadcrumb\"},\"inLanguage\":\"lt-LT\",\"potentialAction\":[{\"@type\":\"ReadAction\",\"target\":[\"https:\/\/miumjau.ee\/lt\/produktas\/catfest-vistienos-putesiai-dregnas-edalas-kaciukams-70-g\/\"]}]},{\"@type\":\"ImageObject\",\"inLanguage\":\"lt-LT\",\"@id\":\"https:\/\/miumjau.ee\/lt\/produktas\/catfest-vistienos-putesiai-dregnas-edalas-kaciukams-70-g\/#primaryimage\",\"url\":\"https:\/\/miumjau.ee\/wp-content\/uploads\/2025\/04\/catfest-margtoit-kassidele17.webp\",\"contentUrl\":\"https:\/\/miumjau.ee\/wp-content\/uploads\/2025\/04\/catfest-margtoit-kassidele17.webp\",\"width\":600,\"height\":800},{\"@type\":\"BreadcrumbList\",\"@id\":\"https:\/\/miumjau.ee\/lt\/produktas\/catfest-vistienos-putesiai-dregnas-edalas-kaciukams-70-g\/#breadcrumb\",\"itemListElement\":[{\"@type\":\"ListItem\",\"position\":1,\"name\":\"Home\",\"item\":\"https:\/\/miumjau.ee\/lt\/\"},{\"@type\":\"ListItem\",\"position\":2,\"name\":\"Parduotuv\u0117\",\"item\":\"https:\/\/miumjau.ee\/lt\/parduotuve\/\"},{\"@type\":\"ListItem\",\"position\":3,\"name\":\"CatFest vi\u0161tienos put\u0117siai, dr\u0117gnas \u0117dalas ka\u010diukams, 70 g\"}]},{\"@type\":\"WebSite\",\"@id\":\"https:\/\/miumjau.ee\/#website\",\"url\":\"https:\/\/miumjau.ee\/\",\"name\":\"MiuMjau\",\"description\":\"Kraapimispuud kassidele\",\"publisher\":{\"@id\":\"https:\/\/miumjau.ee\/#organization\"},\"potentialAction\":[{\"@type\":\"SearchAction\",\"target\":{\"@type\":\"EntryPoint\",\"urlTemplate\":\"https:\/\/miumjau.ee\/?s={search_term_string}\"},\"query-input\":{\"@type\":\"PropertyValueSpecification\",\"valueRequired\":true,\"valueName\":\"search_term_string\"}}],\"inLanguage\":\"lt-LT\"},{\"@type\":\"Organization\",\"@id\":\"https:\/\/miumjau.ee\/#organization\",\"name\":\"MiuMjau O\u00dc\",\"url\":\"https:\/\/miumjau.ee\/\",\"logo\":{\"@type\":\"ImageObject\",\"inLanguage\":\"lt-LT\",\"@id\":\"https:\/\/miumjau.ee\/#\/schema\/logo\/image\/\",\"url\":\"https:\/\/miumjau.ee\/wp-content\/uploads\/2022\/04\/MiuMjau-logo-kollane.png\",\"contentUrl\":\"https:\/\/miumjau.ee\/wp-content\/uploads\/2022\/04\/MiuMjau-logo-kollane.png\",\"width\":219,\"height\":100,\"caption\":\"MiuMjau O\u00dc\"},\"image\":{\"@id\":\"https:\/\/miumjau.ee\/#\/schema\/logo\/image\/\"},\"sameAs\":[\"https:\/\/www.facebook.com\/miumjaupood\/\"]}]}<\/script>\n<!-- \/ Yoast SEO plugin. -->","yoast_head_json":{"title":"CatFest vi\u0161tienos put\u0117siai, dr\u0117gnas \u0117dalas ka\u010diukams, 70 g - MiuMjau","description":"CatFest put\u0117siai yra ypa\u010d \u0161veln\u016bs ir skan\u016bs, specialiai sukurti ka\u010diukams. Tikras gurmani\u0161kas maistas ir malonumas j\u016bs\u0173 ma\u017eyliui.","robots":{"index":"index","follow":"follow","max-snippet":"max-snippet:-1","max-image-preview":"max-image-preview:large","max-video-preview":"max-video-preview:-1"},"canonical":"https:\/\/miumjau.ee\/lt\/produktas\/catfest-vistienos-putesiai-dregnas-edalas-kaciukams-70-g\/","og_locale":"lt_LT","og_type":"article","og_title":"CatFest vi\u0161tienos put\u0117siai, dr\u0117gnas \u0117dalas ka\u010diukams, 70 g - MiuMjau","og_description":"CatFest put\u0117siai yra ypa\u010d \u0161veln\u016bs ir skan\u016bs, specialiai sukurti ka\u010diukams. Tikras gurmani\u0161kas maistas ir malonumas j\u016bs\u0173 ma\u017eyliui.","og_url":"https:\/\/miumjau.ee\/lt\/produktas\/catfest-vistienos-putesiai-dregnas-edalas-kaciukams-70-g\/","og_site_name":"MiuMjau","article_publisher":"https:\/\/www.facebook.com\/miumjaupood\/","article_modified_time":"2026-01-07T18:42:48+00:00","og_image":[{"width":600,"height":800,"url":"https:\/\/miumjau.ee\/wp-content\/uploads\/2025\/04\/catfest-margtoit-kassidele17.webp","type":"image\/webp"}],"twitter_card":"summary_large_image","schema":{"@context":"https:\/\/schema.org","@graph":[{"@type":"WebPage","@id":"https:\/\/miumjau.ee\/lt\/produktas\/catfest-vistienos-putesiai-dregnas-edalas-kaciukams-70-g\/","url":"https:\/\/miumjau.ee\/lt\/produktas\/catfest-vistienos-putesiai-dregnas-edalas-kaciukams-70-g\/","name":"CatFest vi\u0161tienos put\u0117siai, dr\u0117gnas \u0117dalas ka\u010diukams, 70 g - MiuMjau","isPartOf":{"@id":"https:\/\/miumjau.ee\/#website"},"primaryImageOfPage":{"@id":"https:\/\/miumjau.ee\/lt\/produktas\/catfest-vistienos-putesiai-dregnas-edalas-kaciukams-70-g\/#primaryimage"},"image":{"@id":"https:\/\/miumjau.ee\/lt\/produktas\/catfest-vistienos-putesiai-dregnas-edalas-kaciukams-70-g\/#primaryimage"},"thumbnailUrl":"https:\/\/miumjau.ee\/wp-content\/uploads\/2025\/04\/catfest-margtoit-kassidele17.webp","datePublished":"2025-04-22T11:55:39+00:00","dateModified":"2026-01-07T18:42:48+00:00","description":"CatFest put\u0117siai yra ypa\u010d \u0161veln\u016bs ir skan\u016bs, specialiai sukurti ka\u010diukams. Tikras gurmani\u0161kas maistas ir malonumas j\u016bs\u0173 ma\u017eyliui.","breadcrumb":{"@id":"https:\/\/miumjau.ee\/lt\/produktas\/catfest-vistienos-putesiai-dregnas-edalas-kaciukams-70-g\/#breadcrumb"},"inLanguage":"lt-LT","potentialAction":[{"@type":"ReadAction","target":["https:\/\/miumjau.ee\/lt\/produktas\/catfest-vistienos-putesiai-dregnas-edalas-kaciukams-70-g\/"]}]},{"@type":"ImageObject","inLanguage":"lt-LT","@id":"https:\/\/miumjau.ee\/lt\/produktas\/catfest-vistienos-putesiai-dregnas-edalas-kaciukams-70-g\/#primaryimage","url":"https:\/\/miumjau.ee\/wp-content\/uploads\/2025\/04\/catfest-margtoit-kassidele17.webp","contentUrl":"https:\/\/miumjau.ee\/wp-content\/uploads\/2025\/04\/catfest-margtoit-kassidele17.webp","width":600,"height":800},{"@type":"BreadcrumbList","@id":"https:\/\/miumjau.ee\/lt\/produktas\/catfest-vistienos-putesiai-dregnas-edalas-kaciukams-70-g\/#breadcrumb","itemListElement":[{"@type":"ListItem","position":1,"name":"Home","item":"https:\/\/miumjau.ee\/lt\/"},{"@type":"ListItem","position":2,"name":"Parduotuv\u0117","item":"https:\/\/miumjau.ee\/lt\/parduotuve\/"},{"@type":"ListItem","position":3,"name":"CatFest vi\u0161tienos put\u0117siai, dr\u0117gnas \u0117dalas ka\u010diukams, 70 g"}]},{"@type":"WebSite","@id":"https:\/\/miumjau.ee\/#website","url":"https:\/\/miumjau.ee\/","name":"MiuMjau","description":"Kraapimispuud kassidele","publisher":{"@id":"https:\/\/miumjau.ee\/#organization"},"potentialAction":[{"@type":"SearchAction","target":{"@type":"EntryPoint","urlTemplate":"https:\/\/miumjau.ee\/?s={search_term_string}"},"query-input":{"@type":"PropertyValueSpecification","valueRequired":true,"valueName":"search_term_string"}}],"inLanguage":"lt-LT"},{"@type":"Organization","@id":"https:\/\/miumjau.ee\/#organization","name":"MiuMjau O\u00dc","url":"https:\/\/miumjau.ee\/","logo":{"@type":"ImageObject","inLanguage":"lt-LT","@id":"https:\/\/miumjau.ee\/#\/schema\/logo\/image\/","url":"https:\/\/miumjau.ee\/wp-content\/uploads\/2022\/04\/MiuMjau-logo-kollane.png","contentUrl":"https:\/\/miumjau.ee\/wp-content\/uploads\/2022\/04\/MiuMjau-logo-kollane.png","width":219,"height":100,"caption":"MiuMjau O\u00dc"},"image":{"@id":"https:\/\/miumjau.ee\/#\/schema\/logo\/image\/"},"sameAs":["https:\/\/www.facebook.com\/miumjaupood\/"]}]}},"_links":{"self":[{"href":"https:\/\/miumjau.ee\/lt\/wp-json\/wp\/v2\/product\/49842","targetHints":{"allow":["GET"]}}],"collection":[{"href":"https:\/\/miumjau.ee\/lt\/wp-json\/wp\/v2\/product"}],"about":[{"href":"https:\/\/miumjau.ee\/lt\/wp-json\/wp\/v2\/types\/product"}],"wp:featuredmedia":[{"embeddable":true,"href":"https:\/\/miumjau.ee\/lt\/wp-json\/wp\/v2\/media\/49843"}],"wp:attachment":[{"href":"https:\/\/miumjau.ee\/lt\/wp-json\/wp\/v2\/media?parent=49842"}],"wp:term":[{"taxonomy":"product_brand","embeddable":true,"href":"https:\/\/miumjau.ee\/lt\/wp-json\/wp\/v2\/product_brand?post=49842"},{"taxonomy":"product_cat","embeddable":true,"href":"https:\/\/miumjau.ee\/lt\/wp-json\/wp\/v2\/product_cat?post=49842"},{"taxonomy":"product_tag","embeddable":true,"href":"https:\/\/miumjau.ee\/lt\/wp-json\/wp\/v2\/product_tag?post=49842"}],"curies":[{"name":"wp","href":"https:\/\/api.w.org\/{rel}","templated":true}]}}